 {"id":101,"date":"2025-06-30T08:41:50","date_gmt":"2025-06-30T08:41:50","guid":{"rendered":"https:\/\/novezabeauty.com\/?page_id=101"},"modified":"2025-11-14T07:54:23","modified_gmt":"2025-11-14T07:54:23","slug":"faqs","status":"publish","type":"page","link":"https:\/\/novezabeauty.com\/de\/resources\/faqs\/","title":{"rendered":"FAQs"},"content":{"rendered":"<div data-elementor-type=\"wp-page\" data-elementor-id=\"101\" class=\"elementor elementor-101\" data-elementor-post-type=\"page\">\n\t\t\t\t<div class=\"elementor-element elementor-element-92d6e44 e-flex e-con-boxed e-con e-parent\" data-id=\"92d6e44\" data-element_type=\"container\" data-e-type=\"container\">\n\t\t\t\t\t<div class=\"e-con-inner\">\n\t\t\t\t<div class=\"elementor-element elementor-element-9f2b16a elementor-widget elementor-widget-spacer\" data-id=\"9f2b16a\" data-element_type=\"widget\" data-e-type=\"widget\" data-settings=\"{&quot;ekit_we_effect_on&quot;:&quot;none&quot;}\" data-widget_type=\"spacer.default\">\n\t\t\t\t<div class=\"elementor-widget-container\">\n\t\t\t\t\t\t\t<div class=\"elementor-spacer\">\n\t\t\t<div class=\"elementor-spacer-inner\"><\/div>\n\t\t<\/div>\n\t\t\t\t\t\t<\/div>\n\t\t\t\t<\/div>\n\t\t\t\t<div class=\"elementor-element elementor-element-85cdca6 elementor-widget elementor-widget-heading\" data-id=\"85cdca6\" data-element_type=\"widget\" data-e-type=\"widget\" data-settings=\"{&quot;ekit_we_effect_on&quot;:&quot;none&quot;}\" data-widget_type=\"heading.default\">\n\t\t\t\t<div class=\"elementor-widget-container\">\n\t\t\t\t\t<h1 class=\"elementor-heading-title elementor-size-default\">FAQs<\/h1>\t\t\t\t<\/div>\n\t\t\t\t<\/div>\n\t\t\t\t<div class=\"elementor-element elementor-element-1fc9936 elementor-widget elementor-widget-elementskit-accordion\" data-id=\"1fc9936\" data-element_type=\"widget\" data-e-type=\"widget\" data-settings=\"{&quot;ekit_we_effect_on&quot;:&quot;none&quot;}\" data-widget_type=\"elementskit-accordion.default\">\n\t\t\t\t<div class=\"elementor-widget-container\">\n\t\t\t\t\t<div class=\"ekit-wid-con\" >\n        <div class=\"elementskit-accordion accoedion-primary\" id=\"accordion-69f7ac3f33732\">\n\n            \n                <div class=\"elementskit-card active\">\n                    <div class=\"elementskit-card-header\" id=\"primaryHeading-0-1fc9936\">\n                        <a href=\"#collapse-7f7559769f7ac3f33732\" class=\"ekit-accordion--toggler elementskit-btn-link collapsed\" data-ekit-toggle=\"collapse\" data-target=\"#Collapse-7f7559769f7ac3f33732\" aria-expanded=\"true\" aria-controls=\"Collapse-7f7559769f7ac3f33732\">\n                            \n                            <span class=\"ekit-accordion-title\">F1: Sind die Noveza-Sch\u00f6nheitsger\u00e4te sicher in der Anwendung?<\/span>\n\n                            \n                                <div class=\"ekit_accordion_icon_group\">\n                                    <div class=\"ekit_accordion_normal_icon\">\n                                        <!-- Normal Icon -->\n\t\t\t\t\t\t\t\t\t\t<svg class=\"ekit-svg-icon icon-down-arrow1\" viewbox=\"0 0 32 32\" xmlns=\"http:\/\/www.w3.org\/2000\/svg\"><path d=\"M31.582 8.495c-0.578-0.613-1.544-0.635-2.153-0.059l-13.43 12.723-13.428-12.723c-0.61-0.578-1.574-0.553-2.153 0.059-0.579 0.611-0.553 1.576 0.058 2.155l14.477 13.715c0.293 0.277 0.67 0.418 1.047 0.418s0.756-0.14 1.048-0.418l14.477-13.715c0.611-0.579 0.637-1.544 0.058-2.155z\"><\/path><\/svg>                                    <\/div>\n\n                                    <div class=\"ekit_accordion_active_icon\">\n                                        <!-- Active Icon -->\n\t\t\t\t\t\t\t\t\t\t<svg class=\"ekit-svg-icon icon-up-arrow\" viewbox=\"0 0 32 32\" xmlns=\"http:\/\/www.w3.org\/2000\/svg\"><path d=\"M26.915 10.844c0.451 0.451 0.451 1.162 0 1.613-0.436 0.436-1.162 0.436-1.597 0l-8.18-8.18v26.995c0 0.629-0.5 1.129-1.129 1.129s-1.146-0.5-1.146-1.129v-26.996l-8.164 8.18c-0.451 0.436-1.178 0.436-1.613 0-0.451-0.451-0.451-1.162 0-1.613l10.117-10.117c0.436-0.436 1.162-0.436 1.597 0l10.116 10.118z\"><\/path><\/svg>                                    <\/div>\n                                <\/div>\n\n                            \n                                                    <\/a>\n                    <\/div>\n\n                    <div id=\"Collapse-7f7559769f7ac3f33732\" class=\"show collapse\" aria-labelledby=\"primaryHeading-0-1fc9936\" data-parent=\"#accordion-69f7ac3f33732\">\n\n                        <div class=\"elementskit-card-body ekit-accordion--content\">\n                            <p>Unsere Ger\u00e4te sind f\u00fcr den professionellen Einsatz durch geschultes Personal in Kliniken, Spas oder Salons konzipiert. Jedes Modell wird vor der Auslieferung Funktions- und Alterungstests unterzogen. Wenn sie gem\u00e4\u00df der Gebrauchsanweisung und den Behandlungsrichtlinien verwendet werden, sind sie sicher und stabil. Wir empfehlen stets eine angemessene Schulung und Untersuchung der Kunden vor jeder Behandlung.<\/p>                        <\/div>\n\n                    <\/div>\n\n                <\/div><!-- .elementskit-card END -->\n\n                                        <\/div>\n    <\/div>\t\t\t\t<\/div>\n\t\t\t\t<\/div>\n\t\t\t\t\t<\/div>\n\t\t\t\t<\/div>\n\t\t<div class=\"elementor-element elementor-element-087f23b e-flex e-con-boxed e-con e-parent\" data-id=\"087f23b\" data-element_type=\"container\" data-e-type=\"container\">\n\t\t\t\t\t<div class=\"e-con-inner\">\n\t\t\t\t<div class=\"elementor-element elementor-element-943b0b1 elementor-widget elementor-widget-elementskit-accordion\" data-id=\"943b0b1\" data-element_type=\"widget\" data-e-type=\"widget\" data-settings=\"{&quot;ekit_we_effect_on&quot;:&quot;none&quot;}\" data-widget_type=\"elementskit-accordion.default\">\n\t\t\t\t<div class=\"elementor-widget-container\">\n\t\t\t\t\t<div class=\"ekit-wid-con\" >\n        <div class=\"elementskit-accordion accoedion-primary\" id=\"accordion-69f7ac3f36123\">\n\n            \n                <div class=\"elementskit-card active\">\n                    <div class=\"elementskit-card-header\" id=\"primaryHeading-0-943b0b1\">\n                        <a href=\"#collapse-7f7559769f7ac3f36123\" class=\"ekit-accordion--toggler elementskit-btn-link collapsed\" data-ekit-toggle=\"collapse\" data-target=\"#Collapse-7f7559769f7ac3f36123\" aria-expanded=\"true\" aria-controls=\"Collapse-7f7559769f7ac3f36123\">\n                            \n                            <span class=\"ekit-accordion-title\">F2: Welche Arten von Behandlungen k\u00f6nnen Ihre Ger\u00e4te anbieten?<\/span>\n\n                            \n                                <div class=\"ekit_accordion_icon_group\">\n                                    <div class=\"ekit_accordion_normal_icon\">\n                                        <!-- Normal Icon -->\n\t\t\t\t\t\t\t\t\t\t<svg class=\"ekit-svg-icon icon-down-arrow1\" viewbox=\"0 0 32 32\" xmlns=\"http:\/\/www.w3.org\/2000\/svg\"><path d=\"M31.582 8.495c-0.578-0.613-1.544-0.635-2.153-0.059l-13.43 12.723-13.428-12.723c-0.61-0.578-1.574-0.553-2.153 0.059-0.579 0.611-0.553 1.576 0.058 2.155l14.477 13.715c0.293 0.277 0.67 0.418 1.047 0.418s0.756-0.14 1.048-0.418l14.477-13.715c0.611-0.579 0.637-1.544 0.058-2.155z\"><\/path><\/svg>                                    <\/div>\n\n                                    <div class=\"ekit_accordion_active_icon\">\n                                        <!-- Active Icon -->\n\t\t\t\t\t\t\t\t\t\t<svg class=\"ekit-svg-icon icon-up-arrow\" viewbox=\"0 0 32 32\" xmlns=\"http:\/\/www.w3.org\/2000\/svg\"><path d=\"M26.915 10.844c0.451 0.451 0.451 1.162 0 1.613-0.436 0.436-1.162 0.436-1.597 0l-8.18-8.18v26.995c0 0.629-0.5 1.129-1.129 1.129s-1.146-0.5-1.146-1.129v-26.996l-8.164 8.18c-0.451 0.436-1.178 0.436-1.613 0-0.451-0.451-0.451-1.162 0-1.613l10.117-10.117c0.436-0.436 1.162-0.436 1.597 0l10.116 10.118z\"><\/path><\/svg>                                    <\/div>\n                                <\/div>\n\n                            \n                                                    <\/a>\n                    <\/div>\n\n                    <div id=\"Collapse-7f7559769f7ac3f36123\" class=\"show collapse\" aria-labelledby=\"primaryHeading-0-943b0b1\" data-parent=\"#accordion-69f7ac3f36123\">\n\n                        <div class=\"elementskit-card-body ekit-accordion--content\">\n                            <p>Unser Angebot umfasst eine breite Palette von Gesichts- und K\u00f6rperbehandlungen, einschlie\u00dflich Gesichtslifting und -straffung, Hautverj\u00fcngung, Porenreinigung, Akne- und Texturverbesserung, K\u00f6rperkonturierung und -verschlankung, Cellulite-Reduzierung und langfristige Haarentfernung, je nach spezifischem Ger\u00e4t und Technologie (z. B. Plasma, EMS, Hydra Facial, HIFU, Endosphere-Therapie, Diodenlaser, Kavitations- und Lipo-Laser, EMS + Endosphere-Kombination und Mikronadel-RF).<\/p>                        <\/div>\n\n                    <\/div>\n\n                <\/div><!-- .elementskit-card END -->\n\n                                        <\/div>\n    <\/div>\t\t\t\t<\/div>\n\t\t\t\t<\/div>\n\t\t\t\t\t<\/div>\n\t\t\t\t<\/div>\n\t\t<div class=\"elementor-element elementor-element-a3d47aa e-flex e-con-boxed e-con e-parent\" data-id=\"a3d47aa\" data-element_type=\"container\" data-e-type=\"container\">\n\t\t\t\t\t<div class=\"e-con-inner\">\n\t\t\t\t<div class=\"elementor-element elementor-element-b0f864c elementor-widget elementor-widget-elementskit-accordion\" data-id=\"b0f864c\" data-element_type=\"widget\" data-e-type=\"widget\" data-settings=\"{&quot;ekit_we_effect_on&quot;:&quot;none&quot;}\" data-widget_type=\"elementskit-accordion.default\">\n\t\t\t\t<div class=\"elementor-widget-container\">\n\t\t\t\t\t<div class=\"ekit-wid-con\" >\n        <div class=\"elementskit-accordion accoedion-primary\" id=\"accordion-69f7ac3f38700\">\n\n            \n                <div class=\"elementskit-card active\">\n                    <div class=\"elementskit-card-header\" id=\"primaryHeading-0-b0f864c\">\n                        <a href=\"#collapse-7f7559769f7ac3f38700\" class=\"ekit-accordion--toggler elementskit-btn-link collapsed\" data-ekit-toggle=\"collapse\" data-target=\"#Collapse-7f7559769f7ac3f38700\" aria-expanded=\"true\" aria-controls=\"Collapse-7f7559769f7ac3f38700\">\n                            \n                            <span class=\"ekit-accordion-title\">F3: Sind Ihre Ger\u00e4te f\u00fcr alle Hauttypen geeignet?<\/span>\n\n                            \n                                <div class=\"ekit_accordion_icon_group\">\n                                    <div class=\"ekit_accordion_normal_icon\">\n                                        <!-- Normal Icon -->\n\t\t\t\t\t\t\t\t\t\t<svg class=\"ekit-svg-icon icon-down-arrow1\" viewbox=\"0 0 32 32\" xmlns=\"http:\/\/www.w3.org\/2000\/svg\"><path d=\"M31.582 8.495c-0.578-0.613-1.544-0.635-2.153-0.059l-13.43 12.723-13.428-12.723c-0.61-0.578-1.574-0.553-2.153 0.059-0.579 0.611-0.553 1.576 0.058 2.155l14.477 13.715c0.293 0.277 0.67 0.418 1.047 0.418s0.756-0.14 1.048-0.418l14.477-13.715c0.611-0.579 0.637-1.544 0.058-2.155z\"><\/path><\/svg>                                    <\/div>\n\n                                    <div class=\"ekit_accordion_active_icon\">\n                                        <!-- Active Icon -->\n\t\t\t\t\t\t\t\t\t\t<svg class=\"ekit-svg-icon icon-up-arrow\" viewbox=\"0 0 32 32\" xmlns=\"http:\/\/www.w3.org\/2000\/svg\"><path d=\"M26.915 10.844c0.451 0.451 0.451 1.162 0 1.613-0.436 0.436-1.162 0.436-1.597 0l-8.18-8.18v26.995c0 0.629-0.5 1.129-1.129 1.129s-1.146-0.5-1.146-1.129v-26.996l-8.164 8.18c-0.451 0.436-1.178 0.436-1.613 0-0.451-0.451-0.451-1.162 0-1.613l10.117-10.117c0.436-0.436 1.162-0.436 1.597 0l10.116 10.118z\"><\/path><\/svg>                                    <\/div>\n                                <\/div>\n\n                            \n                                                    <\/a>\n                    <\/div>\n\n                    <div id=\"Collapse-7f7559769f7ac3f38700\" class=\"show collapse\" aria-labelledby=\"primaryHeading-0-b0f864c\" data-parent=\"#accordion-69f7ac3f38700\">\n\n                        <div class=\"elementskit-card-body ekit-accordion--content\">\n                            <p>Viele unserer Ger\u00e4te k\u00f6nnen bei verschiedenen Hauttypen eingesetzt werden, die genaue Indikation und der Sicherheitsbereich h\u00e4ngen jedoch von der jeweiligen Technologie und dem Modell ab. Der Anwender sollte stets die Gebrauchsanweisung, die Behandlungsprotokolle und die \u00f6rtlichen Vorschriften beachten und die Parameter entsprechend dem Hauttyp, dem Zustand und der Krankengeschichte des Kunden anpassen.<\/p>                        <\/div>\n\n                    <\/div>\n\n                <\/div><!-- .elementskit-card END -->\n\n                                        <\/div>\n    <\/div>\t\t\t\t<\/div>\n\t\t\t\t<\/div>\n\t\t\t\t\t<\/div>\n\t\t\t\t<\/div>\n\t\t<div class=\"elementor-element elementor-element-3b5e32a e-flex e-con-boxed e-con e-parent\" data-id=\"3b5e32a\" data-element_type=\"container\" data-e-type=\"container\">\n\t\t\t\t\t<div class=\"e-con-inner\">\n\t\t\t\t<div class=\"elementor-element elementor-element-2fcb8da elementor-widget elementor-widget-elementskit-accordion\" data-id=\"2fcb8da\" data-element_type=\"widget\" data-e-type=\"widget\" data-settings=\"{&quot;ekit_we_effect_on&quot;:&quot;none&quot;}\" data-widget_type=\"elementskit-accordion.default\">\n\t\t\t\t<div class=\"elementor-widget-container\">\n\t\t\t\t\t<div class=\"ekit-wid-con\" >\n        <div class=\"elementskit-accordion accoedion-primary\" id=\"accordion-69f7ac3f3ac7d\">\n\n            \n                <div class=\"elementskit-card active\">\n                    <div class=\"elementskit-card-header\" id=\"primaryHeading-0-2fcb8da\">\n                        <a href=\"#collapse-7f7559769f7ac3f3ac7d\" class=\"ekit-accordion--toggler elementskit-btn-link collapsed\" data-ekit-toggle=\"collapse\" data-target=\"#Collapse-7f7559769f7ac3f3ac7d\" aria-expanded=\"true\" aria-controls=\"Collapse-7f7559769f7ac3f3ac7d\">\n                            \n                            <span class=\"ekit-accordion-title\">F4: Was kann auf Ihren Ger\u00e4ten angepasst werden?<\/span>\n\n                            \n                                <div class=\"ekit_accordion_icon_group\">\n                                    <div class=\"ekit_accordion_normal_icon\">\n                                        <!-- Normal Icon -->\n\t\t\t\t\t\t\t\t\t\t<svg class=\"ekit-svg-icon icon-down-arrow1\" viewbox=\"0 0 32 32\" xmlns=\"http:\/\/www.w3.org\/2000\/svg\"><path d=\"M31.582 8.495c-0.578-0.613-1.544-0.635-2.153-0.059l-13.43 12.723-13.428-12.723c-0.61-0.578-1.574-0.553-2.153 0.059-0.579 0.611-0.553 1.576 0.058 2.155l14.477 13.715c0.293 0.277 0.67 0.418 1.047 0.418s0.756-0.14 1.048-0.418l14.477-13.715c0.611-0.579 0.637-1.544 0.058-2.155z\"><\/path><\/svg>                                    <\/div>\n\n                                    <div class=\"ekit_accordion_active_icon\">\n                                        <!-- Active Icon -->\n\t\t\t\t\t\t\t\t\t\t<svg class=\"ekit-svg-icon icon-up-arrow\" viewbox=\"0 0 32 32\" xmlns=\"http:\/\/www.w3.org\/2000\/svg\"><path d=\"M26.915 10.844c0.451 0.451 0.451 1.162 0 1.613-0.436 0.436-1.162 0.436-1.597 0l-8.18-8.18v26.995c0 0.629-0.5 1.129-1.129 1.129s-1.146-0.5-1.146-1.129v-26.996l-8.164 8.18c-0.451 0.436-1.178 0.436-1.613 0-0.451-0.451-0.451-1.162 0-1.613l10.117-10.117c0.436-0.436 1.162-0.436 1.597 0l10.116 10.118z\"><\/path><\/svg>                                    <\/div>\n                                <\/div>\n\n                            \n                                                    <\/a>\n                    <\/div>\n\n                    <div id=\"Collapse-7f7559769f7ac3f3ac7d\" class=\"show collapse\" aria-labelledby=\"primaryHeading-0-2fcb8da\" data-parent=\"#accordion-69f7ac3f3ac7d\">\n\n                        <div class=\"elementskit-card-body ekit-accordion--content\">\n                            <p>Die Anpassung kann Logo und Branding, Geh\u00e4usefarbe und -design, Schnittstellensprache und UI-Stil, Verpackung und Handb\u00fccher und bei ODM-Projekten sogar die Hardwarekonfiguration, Handst\u00fcckkombinationen, Softwarefunktionen und Protokolle umfassen. Die tats\u00e4chlichen Optionen h\u00e4ngen vom Ger\u00e4tetyp und dem Projektumfang ab.<\/p>                        <\/div>\n\n                    <\/div>\n\n                <\/div><!-- .elementskit-card END -->\n\n                                        <\/div>\n    <\/div>\t\t\t\t<\/div>\n\t\t\t\t<\/div>\n\t\t\t\t\t<\/div>\n\t\t\t\t<\/div>\n\t\t<div class=\"elementor-element elementor-element-709a826 e-flex e-con-boxed e-con e-parent\" data-id=\"709a826\" data-element_type=\"container\" data-e-type=\"container\">\n\t\t\t\t\t<div class=\"e-con-inner\">\n\t\t\t\t<div class=\"elementor-element elementor-element-441b76b elementor-widget elementor-widget-elementskit-accordion\" data-id=\"441b76b\" data-element_type=\"widget\" data-e-type=\"widget\" data-settings=\"{&quot;ekit_we_effect_on&quot;:&quot;none&quot;}\" data-widget_type=\"elementskit-accordion.default\">\n\t\t\t\t<div class=\"elementor-widget-container\">\n\t\t\t\t\t<div class=\"ekit-wid-con\" >\n        <div class=\"elementskit-accordion accoedion-primary\" id=\"accordion-69f7ac3f3d1c6\">\n\n            \n                <div class=\"elementskit-card active\">\n                    <div class=\"elementskit-card-header\" id=\"primaryHeading-0-441b76b\">\n                        <a href=\"#collapse-7f7559769f7ac3f3d1c6\" class=\"ekit-accordion--toggler elementskit-btn-link collapsed\" data-ekit-toggle=\"collapse\" data-target=\"#Collapse-7f7559769f7ac3f3d1c6\" aria-expanded=\"true\" aria-controls=\"Collapse-7f7559769f7ac3f3d1c6\">\n                            \n                            <span class=\"ekit-accordion-title\">F5: Wie kann ich eine Bestellung aufgeben?<\/span>\n\n                            \n                                <div class=\"ekit_accordion_icon_group\">\n                                    <div class=\"ekit_accordion_normal_icon\">\n                                        <!-- Normal Icon -->\n\t\t\t\t\t\t\t\t\t\t<svg class=\"ekit-svg-icon icon-down-arrow1\" viewbox=\"0 0 32 32\" xmlns=\"http:\/\/www.w3.org\/2000\/svg\"><path d=\"M31.582 8.495c-0.578-0.613-1.544-0.635-2.153-0.059l-13.43 12.723-13.428-12.723c-0.61-0.578-1.574-0.553-2.153 0.059-0.579 0.611-0.553 1.576 0.058 2.155l14.477 13.715c0.293 0.277 0.67 0.418 1.047 0.418s0.756-0.14 1.048-0.418l14.477-13.715c0.611-0.579 0.637-1.544 0.058-2.155z\"><\/path><\/svg>                                    <\/div>\n\n                                    <div class=\"ekit_accordion_active_icon\">\n                                        <!-- Active Icon -->\n\t\t\t\t\t\t\t\t\t\t<svg class=\"ekit-svg-icon icon-up-arrow\" viewbox=\"0 0 32 32\" xmlns=\"http:\/\/www.w3.org\/2000\/svg\"><path d=\"M26.915 10.844c0.451 0.451 0.451 1.162 0 1.613-0.436 0.436-1.162 0.436-1.597 0l-8.18-8.18v26.995c0 0.629-0.5 1.129-1.129 1.129s-1.146-0.5-1.146-1.129v-26.996l-8.164 8.18c-0.451 0.436-1.178 0.436-1.613 0-0.451-0.451-0.451-1.162 0-1.613l10.117-10.117c0.436-0.436 1.162-0.436 1.597 0l10.116 10.118z\"><\/path><\/svg>                                    <\/div>\n                                <\/div>\n\n                            \n                                                    <\/a>\n                    <\/div>\n\n                    <div id=\"Collapse-7f7559769f7ac3f3d1c6\" class=\"show collapse\" aria-labelledby=\"primaryHeading-0-441b76b\" data-parent=\"#accordion-69f7ac3f3d1c6\">\n\n                        <div class=\"elementskit-card-body ekit-accordion--content\">\n                            <p>Sie k\u00f6nnen uns \u00fcber die Website, E-Mail oder Messaging-Apps kontaktieren. Unser Vertriebsteam bespricht mit Ihnen Ihren Bedarf, empfiehlt geeignete Modelle, best\u00e4tigt Spezifikationen und Mengenangaben und erstellt dann ein Angebot und eine Proformarechnung (PI). Sobald wir Ihre Zahlung wie vereinbart erhalten haben, veranlassen wir die Produktion und den Versand.<\/p>                        <\/div>\n\n                    <\/div>\n\n                <\/div><!-- .elementskit-card END -->\n\n                                        <\/div>\n    <\/div>\t\t\t\t<\/div>\n\t\t\t\t<\/div>\n\t\t\t\t\t<\/div>\n\t\t\t\t<\/div>\n\t\t\t\t<\/div>","protected":false},"excerpt":{"rendered":"<p>FAQs Q1: Are Noveza beauty devices safe to use? Our devices are designed for professional use by trained operators in clinics, spas or salons. Each model goes through functional testing and aging tests before shipment. When used according to the user manual and treatment guidelines, they are safe and stable. We always recommend proper training&#8230;<\/p>","protected":false},"author":1,"featured_media":0,"parent":83,"menu_order":5,"comment_status":"closed","ping_status":"closed","template":"","meta":{"_kad_post_transparent":"","_kad_post_title":"hide","_kad_post_layout":"fullwidth","_kad_post_sidebar_id":"","_kad_post_content_style":"unboxed","_kad_post_vertical_padding":"hide","_kad_post_feature":"hide","_kad_post_feature_position":"","_kad_post_header":false,"_kad_post_footer":false,"_kad_post_classname":"","footnotes":""},"class_list":["post-101","page","type-page","status-publish","hentry"],"_links":{"self":[{"href":"https:\/\/novezabeauty.com\/de\/wp-json\/wp\/v2\/pages\/101","targetHints":{"allow":["GET"]}}],"collection":[{"href":"https:\/\/novezabeauty.com\/de\/wp-json\/wp\/v2\/pages"}],"about":[{"href":"https:\/\/novezabeauty.com\/de\/wp-json\/wp\/v2\/types\/page"}],"author":[{"embeddable":true,"href":"https:\/\/novezabeauty.com\/de\/wp-json\/wp\/v2\/users\/1"}],"replies":[{"embeddable":true,"href":"https:\/\/novezabeauty.com\/de\/wp-json\/wp\/v2\/comments?post=101"}],"version-history":[{"count":4,"href":"https:\/\/novezabeauty.com\/de\/wp-json\/wp\/v2\/pages\/101\/revisions"}],"predecessor-version":[{"id":1094,"href":"https:\/\/novezabeauty.com\/de\/wp-json\/wp\/v2\/pages\/101\/revisions\/1094"}],"up":[{"embeddable":true,"href":"https:\/\/novezabeauty.com\/de\/wp-json\/wp\/v2\/pages\/83"}],"wp:attachment":[{"href":"https:\/\/novezabeauty.com\/de\/wp-json\/wp\/v2\/media?parent=101"}],"curies":[{"name":"wp","href":"https:\/\/api.w.org\/{rel}","templated":true}]}}