 {"id":85,"date":"2025-06-30T08:32:59","date_gmt":"2025-06-30T08:32:59","guid":{"rendered":"https:\/\/novezabeauty.com\/?page_id=85"},"modified":"2025-11-14T03:22:29","modified_gmt":"2025-11-14T03:22:29","slug":"oem-odm","status":"publish","type":"page","link":"https:\/\/novezabeauty.com\/de\/resources\/oem-odm\/","title":{"rendered":"OEM &amp; ODM"},"content":{"rendered":"<div data-elementor-type=\"wp-page\" data-elementor-id=\"85\" class=\"elementor elementor-85\" data-elementor-post-type=\"page\">\n\t\t\t\t<div class=\"elementor-element elementor-element-108a93b e-flex e-con-boxed e-con e-parent\" data-id=\"108a93b\" data-element_type=\"container\" data-e-type=\"container\">\n\t\t\t\t\t<div class=\"e-con-inner\">\n\t\t\t\t<div class=\"elementor-element elementor-element-dab5566 elementor-widget elementor-widget-heading\" data-id=\"dab5566\" data-element_type=\"widget\" data-e-type=\"widget\" data-settings=\"{&quot;ekit_we_effect_on&quot;:&quot;none&quot;}\" data-widget_type=\"heading.default\">\n\t\t\t\t<div class=\"elementor-widget-container\">\n\t\t\t\t\t<h1 class=\"elementor-heading-title elementor-size-default\">OEM &amp; ODM<\/h1>\t\t\t\t<\/div>\n\t\t\t\t<\/div>\n\t\t\t\t<div class=\"elementor-element elementor-element-3e9a37c elementor-widget elementor-widget-text-editor\" data-id=\"3e9a37c\" data-element_type=\"widget\" data-e-type=\"widget\" data-settings=\"{&quot;ekit_we_effect_on&quot;:&quot;none&quot;}\" data-widget_type=\"text-editor.default\">\n\t\t\t\t<div class=\"elementor-widget-container\">\n\t\t\t\t\t\t\t\t\t<p>Wir bei Noveza verkaufen nicht einfach nur Sch\u00f6nheitsger\u00e4te - wir sind ein Partner auf Werksebene, der Ihnen hilft, Ihre eigenen Markenger\u00e4te von innen heraus aufzubauen.<br data-start=\"258\" data-end=\"261\" \/>Unser OEM- und ODM-Service richtet sich an H\u00e4ndler, Kliniken, Spa-Ketten und Markeninhaber, die stabile Qualit\u00e4t, flexible Anpassungen und eine langfristige Zusammenarbeit mit einem zuverl\u00e4ssigen Hersteller w\u00fcnschen.\u00a0 \u00a0 \u00a0<\/p><p>\u00a0<\/p>\t\t\t\t\t\t\t\t<\/div>\n\t\t\t\t<\/div>\n\t\t\t\t\t<\/div>\n\t\t\t\t<\/div>\n\t\t<div class=\"elementor-element elementor-element-fd6835d e-flex e-con-boxed e-con e-parent\" data-id=\"fd6835d\" data-element_type=\"container\" data-e-type=\"container\">\n\t\t\t\t\t<div class=\"e-con-inner\">\n\t\t\t\t<div class=\"elementor-element elementor-element-90e9da5 elementor-widget elementor-widget-heading\" data-id=\"90e9da5\" data-element_type=\"widget\" data-e-type=\"widget\" data-settings=\"{&quot;ekit_we_effect_on&quot;:&quot;none&quot;}\" data-widget_type=\"heading.default\">\n\t\t\t\t<div class=\"elementor-widget-container\">\n\t\t\t\t\t<h3 class=\"elementor-heading-title elementor-size-default\">Abschnitt 1 - Was unser OEM- und ODM-Service abdeckt<\/h3>\t\t\t\t<\/div>\n\t\t\t\t<\/div>\n\t\t\t\t<div class=\"elementor-element elementor-element-c853b94 elementor-widget elementor-widget-text-editor\" data-id=\"c853b94\" data-element_type=\"widget\" data-e-type=\"widget\" data-settings=\"{&quot;ekit_we_effect_on&quot;:&quot;none&quot;}\" data-widget_type=\"text-editor.default\">\n\t\t\t\t<div class=\"elementor-widget-container\">\n\t\t\t\t\t\t\t\t\t<p data-start=\"510\" data-end=\"623\">\u00a0Wir bieten einen umfassenden kundenspezifischen Service, von der Idee und dem Design bis hin zu den fertigen Maschinen und dem After-Sales-Support.<\/p><p data-start=\"625\" data-end=\"667\"><strong data-start=\"625\" data-end=\"667\">Sie k\u00f6nnen mit uns vor allem auf zwei Arten zusammenarbeiten:<\/strong><\/p><ul data-start=\"669\" data-end=\"1070\"><li data-start=\"669\" data-end=\"847\"><p data-start=\"671\" data-end=\"847\"><strong data-start=\"671\" data-end=\"716\">OEM (Eigenmarke und leichte Anpassung)<\/strong><br data-start=\"716\" data-end=\"719\" \/>\u00dcbertragen Sie Ihr Logo, Ihre Farben und Ihre Markenidentit\u00e4t auf unsere ausgereiften Modelle. Ideal, wenn Sie schnell mit bew\u00e4hrten Technologien starten wollen.<\/p><\/li><li data-start=\"849\" data-end=\"1070\"><p data-start=\"851\" data-end=\"1070\"><strong data-start=\"851\" data-end=\"897\">ODM (Tiefe Anpassung und Neuentwicklung)<\/strong><br data-start=\"897\" data-end=\"900\" \/>Entwickeln Sie ein neues Ger\u00e4t mit oder passen Sie es vollst\u00e4ndig an - einschlie\u00dflich Funktionen, Aussehen, Software und Benutzeroberfl\u00e4che - entsprechend Ihrer Marktpositionierung und Ihren Behandlungskonzepten.\u00a0 \u00a0 \u00a0\u00a0<\/p><\/li><\/ul><div>\u00a0<\/div><div>\u00a0<\/div>\t\t\t\t\t\t\t\t<\/div>\n\t\t\t\t<\/div>\n\t\t\t\t\t<\/div>\n\t\t\t\t<\/div>\n\t\t<div class=\"elementor-element elementor-element-e848e23 e-flex e-con-boxed e-con e-parent\" data-id=\"e848e23\" data-element_type=\"container\" data-e-type=\"container\">\n\t\t\t\t\t<div class=\"e-con-inner\">\n\t\t\t\t<div class=\"elementor-element elementor-element-889aaeb elementor-widget elementor-widget-heading\" data-id=\"889aaeb\" data-element_type=\"widget\" data-e-type=\"widget\" data-settings=\"{&quot;ekit_we_effect_on&quot;:&quot;none&quot;}\" data-widget_type=\"heading.default\">\n\t\t\t\t<div class=\"elementor-widget-container\">\n\t\t\t\t\t<h3 class=\"elementor-heading-title elementor-size-default\">Abschnitt 2 - Was Sie anpassen k\u00f6nnen<\/h3>\t\t\t\t<\/div>\n\t\t\t\t<\/div>\n\t\t\t\t<div class=\"elementor-element elementor-element-58c11c7 elementor-widget elementor-widget-text-editor\" data-id=\"58c11c7\" data-element_type=\"widget\" data-e-type=\"widget\" data-settings=\"{&quot;ekit_we_effect_on&quot;:&quot;none&quot;}\" data-widget_type=\"text-editor.default\">\n\t\t\t\t<div class=\"elementor-widget-container\">\n\t\t\t\t\t\t\t\t\t<p data-start=\"1116\" data-end=\"1218\">Wir wissen, dass jeder Markt und jede Marke anders ist, daher ist unser OEM- und ODM-Angebot flexibel und modular.<\/p><p data-start=\"1220\" data-end=\"1244\"><strong data-start=\"1220\" data-end=\"1244\">Hardware und Funktionen<\/strong><\/p><ul data-start=\"1246\" data-end=\"1610\"><li data-start=\"1246\" data-end=\"1350\"><p data-start=\"1248\" data-end=\"1350\">Ger\u00e4tetyp und Behandlungsfunktionen (Facelifting, Hautverj\u00fcngung, Abnehmen, Haarentfernung usw.)<\/p><\/li><li data-start=\"1351\" data-end=\"1425\"><p data-start=\"1353\" data-end=\"1425\">Handst\u00fccke und Behandlungsk\u00f6pfe (Anzahl, Kombinationen, Spezifikationen)<\/p><\/li><li data-start=\"1426\" data-end=\"1527\"><p data-start=\"1428\" data-end=\"1527\">Energieausgangsbereiche und Arbeitsmodi (RF, HIFU, EMS, Laser, Kavitation, Kryolipolyse und mehr)<\/p><\/li><li data-start=\"1528\" data-end=\"1610\"><p data-start=\"1530\" data-end=\"1610\">Bildschirmgr\u00f6\u00dfe, Layout und Bedienung (Touchscreen, Tasten, Schnittstellenlogik)<\/p><\/li><\/ul><p data-start=\"1612\" data-end=\"1641\"><strong data-start=\"1612\" data-end=\"1641\">Software &amp; Benutzeroberfl\u00e4che<\/strong><\/p><ul data-start=\"1643\" data-end=\"1868\"><li data-start=\"1643\" data-end=\"1695\"><p data-start=\"1645\" data-end=\"1695\">Sprache(n) der Benutzeroberfl\u00e4che und mehrsprachige Optionen<\/p><\/li><li data-start=\"1696\" data-end=\"1749\"><p data-start=\"1698\" data-end=\"1749\">Behandlungsvorgaben, Protokolle und Parameterbereiche<\/p><\/li><li data-start=\"1750\" data-end=\"1804\"><p data-start=\"1752\" data-end=\"1804\">Markenvisualisierung in der Benutzeroberfl\u00e4che (Logo, Farbthema, Icons)<\/p><\/li><li data-start=\"1805\" data-end=\"1868\"><p data-start=\"1807\" data-end=\"1868\">Passwortschutz, Benutzerebenen und andere praktische Funktionen<\/p><\/li><\/ul><p data-start=\"1870\" data-end=\"1905\"><strong data-start=\"1870\" data-end=\"1905\">Branding, Verpackung und Dokumente<\/strong><\/p><ul data-start=\"1907\" data-end=\"2164\"><li data-start=\"1907\" data-end=\"1977\"><p data-start=\"1909\" data-end=\"1977\">Logodruck (Maschinengeh\u00e4use, Handst\u00fccke, Etiketten, Startbildschirm)<\/p><\/li><li data-start=\"1978\" data-end=\"2030\"><p data-start=\"1980\" data-end=\"2030\">Maschinenfarbe, Paneeldesign und \u00e4u\u00dferes Styling<\/p><\/li><li data-start=\"2031\" data-end=\"2091\"><p data-start=\"2033\" data-end=\"2091\">Verpackungsdesign (Farbschachtel, Karton, Innenschale, Etiketten)<\/p><\/li><li data-start=\"2092\" data-end=\"2164\"><p data-start=\"2094\" data-end=\"2164\">Benutzerhandb\u00fccher, Behandlungsleitf\u00e4den und Marketingmaterialien mit Ihrer Marke<\/p><\/li><\/ul><p data-start=\"2166\" data-end=\"2204\"><strong data-start=\"2166\" data-end=\"2204\">Passende Verbrauchsmaterialien &amp; Zubeh\u00f6r<\/strong><\/p><ul data-start=\"2206\" data-end=\"2378\"><li data-start=\"2206\" data-end=\"2262\"><p data-start=\"2208\" data-end=\"2262\">Gele, Seren und Masken, die f\u00fcr bestimmte Ger\u00e4te entwickelt wurden<\/p><\/li><li data-start=\"2263\" data-end=\"2316\"><p data-start=\"2265\" data-end=\"2316\">Schutzbrillen, Griffe, Spitzen und andere Verschlei\u00dfteile<\/p><\/li><li data-start=\"2317\" data-end=\"2378\"><p data-start=\"2319\" data-end=\"2378\">Marketing-Sets und Display-Kits f\u00fcr Kliniken und Ausstellungsr\u00e4ume\u00a0 \u00a0\u00a0<\/p><\/li><\/ul><div>\u00a0<\/div><div>\u00a0 \u00a0 \u00a0 \u00a0 \u00a0 \u00a0 \u00a0 \u00a0 \u00a0 \u00a0 \u00a0 \u00a0 \u00a0 \u00a0<\/div>\t\t\t\t\t\t\t\t<\/div>\n\t\t\t\t<\/div>\n\t\t\t\t\t<\/div>\n\t\t\t\t<\/div>\n\t\t<div class=\"elementor-element elementor-element-0334141 e-flex e-con-boxed e-con e-parent\" data-id=\"0334141\" data-element_type=\"container\" data-e-type=\"container\">\n\t\t\t\t\t<div class=\"e-con-inner\">\n\t\t\t\t<div class=\"elementor-element elementor-element-744c0e4 elementor-widget elementor-widget-heading\" data-id=\"744c0e4\" data-element_type=\"widget\" data-e-type=\"widget\" data-settings=\"{&quot;ekit_we_effect_on&quot;:&quot;none&quot;}\" data-widget_type=\"heading.default\">\n\t\t\t\t<div class=\"elementor-widget-container\">\n\t\t\t\t\t<h3 class=\"elementor-heading-title elementor-size-default\">Abschnitt 3 - Unser OEM- und ODM-Arbeitsablauf<\/h3>\t\t\t\t<\/div>\n\t\t\t\t<\/div>\n\t\t\t\t<div class=\"elementor-element elementor-element-876161e elementor-widget elementor-widget-text-editor\" data-id=\"876161e\" data-element_type=\"widget\" data-e-type=\"widget\" data-settings=\"{&quot;ekit_we_effect_on&quot;:&quot;none&quot;}\" data-widget_type=\"text-editor.default\">\n\t\t\t\t<div class=\"elementor-widget-container\">\n\t\t\t\t\t\t\t\t\t<p>\u00a0 \u00a0 \u00a0 \u00a0 \u00a0 Um Projekte \u00fcbersichtlich und effizient zu gestalten, folgen wir einem strukturierten und dennoch flexiblen Prozess:<\/p><ol><li data-start=\"2508\" data-end=\"2716\"><p data-start=\"2511\" data-end=\"2716\"><strong data-start=\"2511\" data-end=\"2542\">Konsultation &amp; Anforderungen<\/strong><br data-start=\"2542\" data-end=\"2545\" \/>Sie teilen uns Ihre Ideen, Ihren Zielmarkt, Ihr Budget und Ihre Behandlungsw\u00fcnsche mit.<br data-start=\"2615\" data-end=\"2618\" \/>Wir h\u00f6ren zu, stellen wichtige Fragen und helfen Ihnen, das Konzept in klare technische Anforderungen zu verwandeln.<\/p><\/li><li data-start=\"2718\" data-end=\"2933\"><p data-start=\"2721\" data-end=\"2933\"><strong data-start=\"2721\" data-end=\"2756\">Technische Bewertung &amp; Vorschlag<\/strong><br data-start=\"2756\" data-end=\"2759\" \/>Unsere Ingenieure bewerten die Machbarkeit, empfehlen geeignete Technologien bzw. bestehende Plattformen und erstellen ein Angebot mit Vorschl\u00e4gen f\u00fcr Konfigurationen, Zeitplan und Kostenrahmen.<\/p><\/li><li data-start=\"2935\" data-end=\"3209\"><p data-start=\"2938\" data-end=\"3209\"><strong data-start=\"2938\" data-end=\"2962\">Design und Technik<\/strong><br data-start=\"2962\" data-end=\"2965\" \/>Bei OEM-Projekten legen wir Logo, Farben, UI-Sprache und Verpackung fest.<br data-start=\"3038\" data-end=\"3041\" \/>Bei ODM-Projekten arbeiten wir an Industriedesign, PCB und Struktur, Software-Logik und Schnittstellen-Layout, w\u00e4hrend wir Sie mit visuellen Entw\u00fcrfen und Vorschl\u00e4gen auf dem Laufenden halten.<\/p><\/li><li data-start=\"3211\" data-end=\"3427\"><p data-start=\"3214\" data-end=\"3427\"><strong data-start=\"3214\" data-end=\"3237\">Prototyp &amp; Pr\u00fcfung<\/strong><br data-start=\"3237\" data-end=\"3240\" \/>Wir bauen Musterger\u00e4te f\u00fcr interne Tests und Ihre Bewertung.<br data-start=\"3306\" data-end=\"3309\" \/>Leistung, Sicherheit, Stabilit\u00e4t und Benutzerfreundlichkeit werden durch wiederholte Tests und notwendige Optimierungen \u00fcberpr\u00fcft.<\/p><\/li><li data-start=\"3429\" data-end=\"3687\"><p data-start=\"3432\" data-end=\"3687\"><strong data-start=\"3432\" data-end=\"3470\">Unterst\u00fctzung bei Zertifizierung und Compliance<\/strong><br data-start=\"3470\" data-end=\"3473\" \/>Je nach Zielmarkt unterst\u00fctzen wir Sie bei den entsprechenden Tests und Berichten (z. B. CE-, RoHS- und andere Konformit\u00e4tsdokumente) und stellen bei Bedarf technische Daten f\u00fcr Ihre lokalen Zulassungen zur Verf\u00fcgung.<\/p><\/li><li data-start=\"3689\" data-end=\"3935\"><p data-start=\"3692\" data-end=\"3935\"><strong data-start=\"3692\" data-end=\"3729\">Massenproduktion und Qualit\u00e4tskontrolle<\/strong><br data-start=\"3729\" data-end=\"3732\" \/>Nachdem die Muster best\u00e4tigt wurden, beginnen wir mit der Serienproduktion unter strengem Qualit\u00e4tsmanagement. Jedes Ger\u00e4t durchl\u00e4uft vor dem Versand eine Wareneingangskontrolle, prozessbegleitende Pr\u00fcfungen und abschlie\u00dfende Alterungstests.<\/p><\/li><\/ol><p data-start=\"3940\" data-end=\"4165\"><strong data-start=\"3940\" data-end=\"3970\">Lieferung und laufende Unterst\u00fctzung<\/strong><br data-start=\"3970\" data-end=\"3973\" \/>Wir arrangieren geeignete Versandl\u00f6sungen je nach Region und Auftragsgr\u00f6\u00dfe und bieten weiterhin technische Unterst\u00fctzung, Schulungsmaterial und Ersatzteile f\u00fcr einen stabilen Langzeitbetrieb.\u00a0\u00a0<\/p><p data-start=\"3940\" data-end=\"4165\">\u00a0<\/p><p data-start=\"3940\" data-end=\"4165\"><span style=\"background-color: rgba(0, 0, 0, 0);\">\u00a0 \u00a0 \u00a0 \u00a0 \u00a0 \u00a0 \u00a0 \u00a0 \u00a0 \u00a0<\/span><span style=\"background-color: rgba(0, 0, 0, 0);\">\u00a0 \u00a0\u00a0<\/span><span style=\"background-color: rgba(0, 0, 0, 0);\">\u00a0 \u00a0 \u00a0 \u00a0 \u00a0 \u00a0 \u00a0 \u00a0 \u00a0 \u00a0 \u00a0 \u00a0 \u00a0 \u00a0 \u00a0 \u00a0<\/span><\/p>\t\t\t\t\t\t\t\t<\/div>\n\t\t\t\t<\/div>\n\t\t\t\t\t<\/div>\n\t\t\t\t<\/div>\n\t\t<div class=\"elementor-element elementor-element-22d0123 e-flex e-con-boxed e-con e-parent\" data-id=\"22d0123\" data-element_type=\"container\" data-e-type=\"container\">\n\t\t\t\t\t<div class=\"e-con-inner\">\n\t\t\t\t<div class=\"elementor-element elementor-element-61f761f elementor-widget elementor-widget-heading\" data-id=\"61f761f\" data-element_type=\"widget\" data-e-type=\"widget\" data-settings=\"{&quot;ekit_we_effect_on&quot;:&quot;none&quot;}\" data-widget_type=\"heading.default\">\n\t\t\t\t<div class=\"elementor-widget-container\">\n\t\t\t\t\t<h3 class=\"elementor-heading-title elementor-size-default\">Abschnitt 4 - MOQ, Vorlaufzeit und Flexibilit\u00e4t<\/h3>\t\t\t\t<\/div>\n\t\t\t\t<\/div>\n\t\t\t\t<div class=\"elementor-element elementor-element-d2623d2 elementor-widget elementor-widget-text-editor\" data-id=\"d2623d2\" data-element_type=\"widget\" data-e-type=\"widget\" data-settings=\"{&quot;ekit_we_effect_on&quot;:&quot;none&quot;}\" data-widget_type=\"text-editor.default\">\n\t\t\t\t<div class=\"elementor-widget-container\">\n\t\t\t\t\t\t\t\t\t<p>Da verschiedene M\u00e4rkte und Projekttypen unterschiedliche Bed\u00fcrfnisse haben, versuchen wir, unsere Zusammenarbeit flexibel zu gestalten:<\/p><ul><li data-start=\"4325\" data-end=\"4592\"><p data-start=\"4327\" data-end=\"4336\"><strong data-start=\"4327\" data-end=\"4334\">MOQ<\/strong><\/p><ul data-start=\"4339\" data-end=\"4592\"><li data-start=\"4339\" data-end=\"4469\"><p data-start=\"4341\" data-end=\"4469\">F\u00fcr OEM (Logo + Farbe + UI-Sprache), die auf unseren Standardmodellen basieren, unterst\u00fctzen wir relativ niedrige MOQs, damit Sie den Markt testen k\u00f6nnen.<\/p><\/li><li data-start=\"4472\" data-end=\"4592\"><p data-start=\"4474\" data-end=\"4592\">Bei umfangreicheren ODM-Projekten sind die MOQs h\u00f6her und richten sich nach der Komplexit\u00e4t des Designs und der beteiligten Einzelteile.<\/p><\/li><\/ul><\/li><li data-start=\"4594\" data-end=\"4851\"><p data-start=\"4596\" data-end=\"4611\"><strong data-start=\"4596\" data-end=\"4609\">Vorlaufzeit<\/strong><\/p><ul data-start=\"4614\" data-end=\"4851\"><li data-start=\"4614\" data-end=\"4707\"><p data-start=\"4616\" data-end=\"4707\">Standard-OEM-Projekte haben in der Regel k\u00fcrzere Vorlaufzeiten, nachdem die Konstruktionsdetails best\u00e4tigt wurden.<\/p><\/li><li data-start=\"4710\" data-end=\"4851\"><p data-start=\"4712\" data-end=\"4851\">Die Entwicklung eines neuen ODM-Produkts erfordert Zeit f\u00fcr Design, Prototyping, Tests und eventuelle Zertifizierungen, weshalb wir den Zeitplan mit Ihnen im Voraus planen.<\/p><\/li><\/ul><\/li><li data-start=\"4853\" data-end=\"5011\"><p data-start=\"4855\" data-end=\"5011\"><strong data-start=\"4855\" data-end=\"4872\">Muster-Bestellungen<\/strong><br data-start=\"4872\" data-end=\"4875\" \/>Wir k\u00f6nnen Ihnen Musterger\u00e4te f\u00fcr Tests und Schulungen zur Verf\u00fcgung stellen, insbesondere wenn Sie ein neues Projekt starten oder einen neuen Markt erschlie\u00dfen wollen.\u00a0 \u00a0 \u00a0 \u00a0\u00a0<\/p><\/li><\/ul><div>\u00a0<\/div><div>\u00a0<\/div>\t\t\t\t\t\t\t\t<\/div>\n\t\t\t\t<\/div>\n\t\t\t\t\t<\/div>\n\t\t\t\t<\/div>\n\t\t<div class=\"elementor-element elementor-element-f51aa64 e-flex e-con-boxed e-con e-parent\" data-id=\"f51aa64\" data-element_type=\"container\" data-e-type=\"container\">\n\t\t\t\t\t<div class=\"e-con-inner\">\n\t\t\t\t<div class=\"elementor-element elementor-element-70e6e30 elementor-widget elementor-widget-heading\" data-id=\"70e6e30\" data-element_type=\"widget\" data-e-type=\"widget\" data-settings=\"{&quot;ekit_we_effect_on&quot;:&quot;none&quot;}\" data-widget_type=\"heading.default\">\n\t\t\t\t<div class=\"elementor-widget-container\">\n\t\t\t\t\t<h3 class=\"elementor-heading-title elementor-size-default\">Abschnitt 5 - Warum Noveza als Ihre OEM- und ODM-Fabrik w\u00e4hlen?<\/h3>\t\t\t\t<\/div>\n\t\t\t\t<\/div>\n\t\t\t\t<div class=\"elementor-element elementor-element-5456bfa elementor-widget elementor-widget-text-editor\" data-id=\"5456bfa\" data-element_type=\"widget\" data-e-type=\"widget\" data-settings=\"{&quot;ekit_we_effect_on&quot;:&quot;none&quot;}\" data-widget_type=\"text-editor.default\">\n\t\t\t\t<div class=\"elementor-widget-container\">\n\t\t\t\t\t\t\t\t\t<p data-start=\"5152\" data-end=\"5263\">Die direkte Zusammenarbeit mit einer Fabrik f\u00fcr Sch\u00f6nheitsmittel bietet Ihnen mehr Kontrolle und Stabilit\u00e4t als reine Handelslieferanten.<\/p><p data-start=\"5265\" data-end=\"5286\">Mit Noveza erhalten Sie:<\/p><ul data-start=\"5288\" data-end=\"5713\"><li data-start=\"5288\" data-end=\"5362\"><p data-start=\"5290\" data-end=\"5362\"><strong data-start=\"5290\" data-end=\"5319\">Fabrikdirekte Produktion<\/strong> mit klarer Qualit\u00e4tskontrolle bei jedem Schritt<\/p><\/li><li data-start=\"5363\" data-end=\"5452\"><p data-start=\"5365\" data-end=\"5452\"><strong data-start=\"5365\" data-end=\"5397\">Erfahrenes Ingenieurteam<\/strong> vertraut mit professionellen und h\u00e4uslichen Sch\u00f6nheitsger\u00e4ten<\/p><\/li><li data-start=\"5453\" data-end=\"5534\"><p data-start=\"5455\" data-end=\"5534\"><strong data-start=\"5455\" data-end=\"5481\">Flexible Anpassung<\/strong> vom einfachen Logo-OEM bis zum vollwertigen ODM-Projekt<\/p><\/li><li data-start=\"5535\" data-end=\"5613\"><p data-start=\"5537\" data-end=\"5613\"><strong data-start=\"5537\" data-end=\"5577\">Gleichbleibende Qualit\u00e4t und stabile Versorgung<\/strong>Unterst\u00fctzung der langfristigen Zusammenarbeit<\/p><\/li><li data-start=\"5614\" data-end=\"5713\"><p data-start=\"5616\" data-end=\"5713\"><strong data-start=\"5616\" data-end=\"5646\">Unterst\u00fctzung f\u00fcr globale M\u00e4rkte<\/strong>einschlie\u00dflich technischer Daten und Konformit\u00e4tsunterlagen, falls erforderlich<\/p><\/li><\/ul><p data-start=\"5715\" data-end=\"5841\">Unser Ziel ist es nicht nur, Ihnen Maschinen zu verkaufen, sondern Ihnen zu helfen, ein nachhaltiges, rentables Sch\u00f6nheitsgesch\u00e4ft in Ihrem eigenen Markt aufzubauen.\u00a0\u00a0<\/p><p data-start=\"5715\" data-end=\"5841\">\u00a0<\/p><p data-start=\"5715\" data-end=\"5841\">\u00a0<\/p>\t\t\t\t\t\t\t\t<\/div>\n\t\t\t\t<\/div>\n\t\t\t\t\t<\/div>\n\t\t\t\t<\/div>\n\t\t<div class=\"elementor-element elementor-element-1d498e3 e-flex e-con-boxed e-con e-parent\" data-id=\"1d498e3\" data-element_type=\"container\" data-e-type=\"container\">\n\t\t\t\t\t<div class=\"e-con-inner\">\n\t\t\t\t<div class=\"elementor-element elementor-element-4869ee0 elementor-widget elementor-widget-heading\" data-id=\"4869ee0\" data-element_type=\"widget\" data-e-type=\"widget\" data-settings=\"{&quot;ekit_we_effect_on&quot;:&quot;none&quot;}\" data-widget_type=\"heading.default\">\n\t\t\t\t<div class=\"elementor-widget-container\">\n\t\t\t\t\t<h3 class=\"elementor-heading-title elementor-size-default\">Abschnitt 6 - Starten Sie Ihr OEM- und ODM-Projekt<\/h3>\t\t\t\t<\/div>\n\t\t\t\t<\/div>\n\t\t\t\t<div class=\"elementor-element elementor-element-3efdecd elementor-widget elementor-widget-text-editor\" data-id=\"3efdecd\" data-element_type=\"widget\" data-e-type=\"widget\" data-settings=\"{&quot;ekit_we_effect_on&quot;:&quot;none&quot;}\" data-widget_type=\"text-editor.default\">\n\t\t\t\t<div class=\"elementor-widget-container\">\n\t\t\t\t\t\t\t\t\t<p data-start=\"5893\" data-end=\"5948\">Sind Sie bereit, Ihre eigene Sch\u00f6nheitsger\u00e4telinie zu erstellen oder zu erweitern?<\/p><p data-start=\"5950\" data-end=\"5997\">Wenn Sie sich mit uns in Verbindung setzen, ist es hilfreich, wenn Sie uns etwas mitteilen k\u00f6nnen:<\/p><ul data-start=\"5999\" data-end=\"6223\"><li data-start=\"5999\" data-end=\"6069\"><p data-start=\"6001\" data-end=\"6069\">Zielbehandlungen und Kundentyp (Klinik, Spa, Salon, Hausgebrauch)<\/p><\/li><li data-start=\"6070\" data-end=\"6114\"><p data-start=\"6072\" data-end=\"6114\">L\u00e4nder oder Regionen, in denen Sie zu verkaufen beabsichtigen<\/p><\/li><li data-start=\"6115\" data-end=\"6189\"><p data-start=\"6117\" data-end=\"6189\">Ob Sie OEM (auf der Grundlage unserer Modelle) oder eine tiefere ODM-Entwicklung bevorzugen<\/p><\/li><li data-start=\"6190\" data-end=\"6223\"><p data-start=\"6192\" data-end=\"6223\">Gesch\u00e4tzte Menge und Zeitplan<\/p><\/li><\/ul><p data-start=\"6225\" data-end=\"6432\">Teilen Sie unseren Ingenieuren Ihre Ideen und W\u00fcnsche mit, und wir werden ein ma\u00dfgeschneidertes OEM- und ODM-Angebot f\u00fcr Sie ausarbeiten, einschlie\u00dflich vorgeschlagener Maschinen, Anpassungsoptionen, gesch\u00e4tzter Vorlaufzeit und Kooperationsvorschl\u00e4gen.<\/p><p data-start=\"6225\" data-end=\"6432\">\u00a0<\/p>\t\t\t\t\t\t\t\t<\/div>\n\t\t\t\t<\/div>\n\t\t\t\t\t<\/div>\n\t\t\t\t<\/div>\n\t\t\t\t<\/div>","protected":false},"excerpt":{"rendered":"<p>OEM &amp; ODM At Noveza, we are not just selling beauty devices \u2013 we are a factory-level partner that helps you build your own branded equipment from the inside out.Our OEM &amp; ODM service is designed for distributors, clinics, spa chains and brand owners who want stable quality, flexible customization and long-term cooperation with a&#8230;<\/p>","protected":false},"author":1,"featured_media":0,"parent":83,"menu_order":1,"comment_status":"closed","ping_status":"closed","template":"","meta":{"_kad_post_transparent":"","_kad_post_title":"hide","_kad_post_layout":"fullwidth","_kad_post_sidebar_id":"","_kad_post_content_style":"unboxed","_kad_post_vertical_padding":"hide","_kad_post_feature":"hide","_kad_post_feature_position":"","_kad_post_header":false,"_kad_post_footer":false,"_kad_post_classname":"","footnotes":""},"class_list":["post-85","page","type-page","status-publish","hentry"],"_links":{"self":[{"href":"https:\/\/novezabeauty.com\/de\/wp-json\/wp\/v2\/pages\/85","targetHints":{"allow":["GET"]}}],"collection":[{"href":"https:\/\/novezabeauty.com\/de\/wp-json\/wp\/v2\/pages"}],"about":[{"href":"https:\/\/novezabeauty.com\/de\/wp-json\/wp\/v2\/types\/page"}],"author":[{"embeddable":true,"href":"https:\/\/novezabeauty.com\/de\/wp-json\/wp\/v2\/users\/1"}],"replies":[{"embeddable":true,"href":"https:\/\/novezabeauty.com\/de\/wp-json\/wp\/v2\/comments?post=85"}],"version-history":[{"count":9,"href":"https:\/\/novezabeauty.com\/de\/wp-json\/wp\/v2\/pages\/85\/revisions"}],"predecessor-version":[{"id":1077,"href":"https:\/\/novezabeauty.com\/de\/wp-json\/wp\/v2\/pages\/85\/revisions\/1077"}],"up":[{"embeddable":true,"href":"https:\/\/novezabeauty.com\/de\/wp-json\/wp\/v2\/pages\/83"}],"wp:attachment":[{"href":"https:\/\/novezabeauty.com\/de\/wp-json\/wp\/v2\/media?parent=85"}],"curies":[{"name":"wp","href":"https:\/\/api.w.org\/{rel}","templated":true}]}}