 {"id":87,"date":"2025-06-30T08:33:54","date_gmt":"2025-06-30T08:33:54","guid":{"rendered":"https:\/\/novezabeauty.com\/?page_id=87"},"modified":"2025-11-14T06:22:28","modified_gmt":"2025-11-14T06:22:28","slug":"be-a-partner","status":"publish","type":"page","link":"https:\/\/novezabeauty.com\/de\/resources\/be-a-partner\/","title":{"rendered":"Partner sein"},"content":{"rendered":"<div data-elementor-type=\"wp-page\" data-elementor-id=\"87\" class=\"elementor elementor-87\" data-elementor-post-type=\"page\">\n\t\t\t\t<div class=\"elementor-element elementor-element-937422b e-flex e-con-boxed e-con e-parent\" data-id=\"937422b\" data-element_type=\"container\" data-e-type=\"container\">\n\t\t\t\t\t<div class=\"e-con-inner\">\n\t\t\t\t<div class=\"elementor-element elementor-element-5a1cb32 elementor-widget elementor-widget-heading\" data-id=\"5a1cb32\" data-element_type=\"widget\" data-e-type=\"widget\" data-settings=\"{&quot;ekit_we_effect_on&quot;:&quot;none&quot;}\" data-widget_type=\"heading.default\">\n\t\t\t\t<div class=\"elementor-widget-container\">\n\t\t\t\t\t<h1 class=\"elementor-heading-title elementor-size-default\">Partner sein<\/h1>\t\t\t\t<\/div>\n\t\t\t\t<\/div>\n\t\t\t\t<div class=\"elementor-element elementor-element-8c30b30 elementor-widget elementor-widget-text-editor\" data-id=\"8c30b30\" data-element_type=\"widget\" data-e-type=\"widget\" data-settings=\"{&quot;ekit_we_effect_on&quot;:&quot;none&quot;}\" data-widget_type=\"text-editor.default\">\n\t\t\t\t<div class=\"elementor-widget-container\">\n\t\t\t\t\t\t\t\t\t<p>Erweitern Sie Ihr Sch\u00f6nheitsgesch\u00e4ft mit einem von der Fabrik unterst\u00fctzten Partner, der sich mit Ger\u00e4ten, Behandlungen und globalen M\u00e4rkten auskennt.<br data-start=\"254\" data-end=\"257\" \/>Noveza arbeitet mit H\u00e4ndlern, Kliniken, Spa-Gruppen und Markeninhabern zusammen, die zuverl\u00e4ssige Sch\u00f6nheitsger\u00e4te, eine flexible Zusammenarbeit und langfristige Unterst\u00fctzung w\u00fcnschen - und nicht nur einen einmaligen Ger\u00e4teverkauf.<\/p><p>\u00a0<\/p>\t\t\t\t\t\t\t\t<\/div>\n\t\t\t\t<\/div>\n\t\t\t\t\t<\/div>\n\t\t\t\t<\/div>\n\t\t<div class=\"elementor-element elementor-element-73530e7 e-flex e-con-boxed e-con e-parent\" data-id=\"73530e7\" data-element_type=\"container\" data-e-type=\"container\">\n\t\t\t\t\t<div class=\"e-con-inner\">\n\t\t\t\t<div class=\"elementor-element elementor-element-2dfed1a elementor-widget elementor-widget-heading\" data-id=\"2dfed1a\" data-element_type=\"widget\" data-e-type=\"widget\" data-settings=\"{&quot;ekit_we_effect_on&quot;:&quot;none&quot;}\" data-widget_type=\"heading.default\">\n\t\t\t\t<div class=\"elementor-widget-container\">\n\t\t\t\t\t<h4 class=\"elementor-heading-title elementor-size-default\">Mit wem wir arbeiten<\/h4>\t\t\t\t<\/div>\n\t\t\t\t<\/div>\n\t\t\t\t<div class=\"elementor-element elementor-element-e7f6057 elementor-widget elementor-widget-text-editor\" data-id=\"e7f6057\" data-element_type=\"widget\" data-e-type=\"widget\" data-settings=\"{&quot;ekit_we_effect_on&quot;:&quot;none&quot;}\" data-widget_type=\"text-editor.default\">\n\t\t\t\t<div class=\"elementor-widget-container\">\n\t\t\t\t\t\t\t\t\t<p data-start=\"465\" data-end=\"554\">Wir begr\u00fc\u00dfen Partner aus verschiedenen Bereichen der Sch\u00f6nheits- und \u00c4sthetikindustrie, darunter:<\/p><ul data-start=\"556\" data-end=\"1050\"><li data-start=\"556\" data-end=\"688\"><p data-start=\"558\" data-end=\"688\"><strong data-start=\"558\" data-end=\"603\">Regionale Vertriebsgesellschaften und Handelsunternehmen<\/strong><br data-start=\"603\" data-end=\"606\" \/>Aufbau von Portfolios professioneller Sch\u00f6nheitsger\u00e4te f\u00fcr Kliniken, Salons und Spas.<\/p><\/li><li data-start=\"690\" data-end=\"826\"><p data-start=\"692\" data-end=\"826\"><strong data-start=\"692\" data-end=\"743\">Kliniken, medizinisch-\u00e4sthetische Zentren und Spa-Ketten<\/strong><br data-start=\"743\" data-end=\"746\" \/>Sie suchen nach stabilen, einfach zu bedienenden Ger\u00e4ten, hinter denen ein zuverl\u00e4ssiger Hersteller steht.<\/p><\/li><li data-start=\"828\" data-end=\"944\"><p data-start=\"830\" data-end=\"944\"><strong data-start=\"830\" data-end=\"872\">Markeninhaber und Handelsmarkenunternehmen<\/strong><br data-start=\"872\" data-end=\"875\" \/>Sie planen die Einf\u00fchrung oder Erweiterung ihrer eigenen Markenprodukte f\u00fcr die Sch\u00f6nheitspflege.<\/p><\/li><li data-start=\"946\" data-end=\"1050\"><p data-start=\"948\" data-end=\"1050\"><strong data-start=\"948\" data-end=\"987\">Ausbildungsakademien und Kosmetikschulen<\/strong><br data-start=\"987\" data-end=\"990\" \/>Ben\u00f6tigt werden zuverl\u00e4ssige Ger\u00e4te f\u00fcr Unterricht und Demonstration.<\/p><\/li><\/ul><p data-start=\"1052\" data-end=\"1189\">Ganz gleich, ob Sie gerade erst mit der Herstellung von Sch\u00f6nheitsger\u00e4ten beginnen oder bereits \u00fcber ein starkes lokales Netzwerk verf\u00fcgen, wir k\u00f6nnen unsere Zusammenarbeit an Ihre Situation anpassen.<\/p><p data-start=\"1052\" data-end=\"1189\">\u00a0<\/p><p data-start=\"1052\" data-end=\"1189\">\u00a0<\/p>\t\t\t\t\t\t\t\t<\/div>\n\t\t\t\t<\/div>\n\t\t\t\t\t<\/div>\n\t\t\t\t<\/div>\n\t\t<div class=\"elementor-element elementor-element-ae0d821 e-flex e-con-boxed e-con e-parent\" data-id=\"ae0d821\" data-element_type=\"container\" data-e-type=\"container\">\n\t\t\t\t\t<div class=\"e-con-inner\">\n\t\t\t\t<div class=\"elementor-element elementor-element-5cb38f7 elementor-widget elementor-widget-heading\" data-id=\"5cb38f7\" data-element_type=\"widget\" data-e-type=\"widget\" data-settings=\"{&quot;ekit_we_effect_on&quot;:&quot;none&quot;}\" data-widget_type=\"heading.default\">\n\t\t\t\t<div class=\"elementor-widget-container\">\n\t\t\t\t\t<h4 class=\"elementor-heading-title elementor-size-default\">Warum eine Partnerschaft mit Noveza?<\/h4>\t\t\t\t<\/div>\n\t\t\t\t<\/div>\n\t\t\t\t<div class=\"elementor-element elementor-element-c70d466 elementor-widget elementor-widget-text-editor\" data-id=\"c70d466\" data-element_type=\"widget\" data-e-type=\"widget\" data-settings=\"{&quot;ekit_we_effect_on&quot;:&quot;none&quot;}\" data-widget_type=\"text-editor.default\">\n\t\t\t\t<div class=\"elementor-widget-container\">\n\t\t\t\t\t\t\t\t\t<p data-start=\"1225\" data-end=\"1345\">Die Wahl des richtigen Produktionspartners ist entscheidend f\u00fcr Ihren Ruf und Ihr langfristiges Gesch\u00e4ft.<br data-start=\"1321\" data-end=\"1324\" \/>Mit Noveza erhalten Sie:<\/p><ul data-start=\"1347\" data-end=\"2324\"><li data-start=\"1347\" data-end=\"1502\"><p data-start=\"1349\" data-end=\"1502\"><strong data-start=\"1349\" data-end=\"1379\">Unmittelbare Zusammenarbeit zwischen Unternehmen<\/strong><br data-start=\"1379\" data-end=\"1382\" \/>Wir sind eine professionelle Fabrik f\u00fcr Sch\u00f6nheitsger\u00e4te, kein reines Handelsunternehmen. Sie arbeiten direkt mit der Produktionsquelle.<\/p><\/li><li data-start=\"1504\" data-end=\"1812\"><p data-start=\"1506\" data-end=\"1812\"><strong data-start=\"1506\" data-end=\"1540\">Breite Palette an Technologien<\/strong><br data-start=\"1540\" data-end=\"1543\" \/>Dazu geh\u00f6ren Plasma-Sch\u00f6nheitsger\u00e4te, EMS-Ger\u00e4te, Hydra-Facial-Ger\u00e4te, HIFU-Ger\u00e4te, Endosphere-Therapieger\u00e4te, Diodenlaser-Haarentfernungsger\u00e4te, Kavitations- und Lipo-Laserger\u00e4te, EMS + Endosphere-Kombiger\u00e4te, Mikronadel-RF-Ger\u00e4te und passende Hautpflegeprodukte.<\/p><\/li><li data-start=\"1814\" data-end=\"1965\"><p data-start=\"1816\" data-end=\"1965\"><strong data-start=\"1816\" data-end=\"1840\">OEM &amp; ODM F\u00e4higkeit<\/strong><br data-start=\"1840\" data-end=\"1843\" \/>Von OEM-Projekten mit Logo und Farbe bis hin zu ODM-Projekten mit allen Funktionen k\u00f6nnen Sie eine differenzierte Produktlinie unter Ihrer eigenen Marke aufbauen.<\/p><\/li><li data-start=\"1967\" data-end=\"2131\"><p data-start=\"1969\" data-end=\"2131\"><strong data-start=\"1969\" data-end=\"2007\">Stabile Qualit\u00e4t und gleichbleibende Versorgung<\/strong><br data-start=\"2007\" data-end=\"2010\" \/>Standardisierte Produktions-, Pr\u00fcf- und Alterungsverfahren tragen dazu bei, Probleme nach dem Verkauf zu verringern und eine langfristige Zusammenarbeit zu unterst\u00fctzen.<\/p><\/li><li data-start=\"2133\" data-end=\"2324\"><p data-start=\"2135\" data-end=\"2324\"><strong data-start=\"2135\" data-end=\"2165\">Unterst\u00fctzung f\u00fcr globale M\u00e4rkte<\/strong><br data-start=\"2165\" data-end=\"2168\" \/>Erfahrung in der Zusammenarbeit mit Partnern aus verschiedenen L\u00e4ndern und Regionen sowie die F\u00e4higkeit, bei Bedarf technische Daten und entsprechende Pr\u00fcfberichte zu erstellen.<\/p><\/li><\/ul><p data-start=\"2326\" data-end=\"2440\">Unser Ziel ist es, Ihnen zu helfen, ein starkes lokales Unternehmen mit praktischen, rentablen und nachhaltigen Ger\u00e4ten aufzubauen.<\/p><p data-start=\"2326\" data-end=\"2440\">\u00a0<\/p>\t\t\t\t\t\t\t\t<\/div>\n\t\t\t\t<\/div>\n\t\t\t\t\t<\/div>\n\t\t\t\t<\/div>\n\t\t<div class=\"elementor-element elementor-element-8e07b81 e-flex e-con-boxed e-con e-parent\" data-id=\"8e07b81\" data-element_type=\"container\" data-e-type=\"container\">\n\t\t\t\t\t<div class=\"e-con-inner\">\n\t\t\t\t<div class=\"elementor-element elementor-element-b8cf848 elementor-widget elementor-widget-heading\" data-id=\"b8cf848\" data-element_type=\"widget\" data-e-type=\"widget\" data-settings=\"{&quot;ekit_we_effect_on&quot;:&quot;none&quot;}\" data-widget_type=\"heading.default\">\n\t\t\t\t<div class=\"elementor-widget-container\">\n\t\t\t\t\t<h4 class=\"elementor-heading-title elementor-size-default\">Modelle der Partnerschaft<\/h4>\t\t\t\t<\/div>\n\t\t\t\t<\/div>\n\t\t\t\t<div class=\"elementor-element elementor-element-e9baa7b elementor-widget elementor-widget-text-editor\" data-id=\"e9baa7b\" data-element_type=\"widget\" data-e-type=\"widget\" data-settings=\"{&quot;ekit_we_effect_on&quot;:&quot;none&quot;}\" data-widget_type=\"text-editor.default\">\n\t\t\t\t<div class=\"elementor-widget-container\">\n\t\t\t\t\t\t\t\t\t<p data-start=\"2470\" data-end=\"2552\">Wir bieten flexible Kooperationsmodelle je nach Markt, Gr\u00f6\u00dfe und Strategie:<\/p><h3 data-start=\"2554\" data-end=\"2585\">1. Vertriebsh\u00e4ndler und Wiederverk\u00e4ufer<\/h3><ul data-start=\"2587\" data-end=\"2771\"><li data-start=\"2587\" data-end=\"2638\"><p data-start=\"2589\" data-end=\"2638\">Kauf von Maschinen der Marke Noveza oder mit OEM-Label<\/p><\/li><li data-start=\"2639\" data-end=\"2697\"><p data-start=\"2641\" data-end=\"2697\">Verkauf an lokale Kliniken, Salons, Spas und Sch\u00f6nheitszentren<\/p><\/li><li data-start=\"2698\" data-end=\"2771\"><p data-start=\"2700\" data-end=\"2771\">Zugang zu Partnerpreisen, Schulungsmaterialien und technischem Support<\/p><\/li><\/ul><h3 data-start=\"2773\" data-end=\"2808\">2. OEM-\/Privatmarken-Partner<\/h3><ul data-start=\"2810\" data-end=\"2986\"><li data-start=\"2810\" data-end=\"2848\"><p data-start=\"2812\" data-end=\"2848\">Nutzen Sie unsere ausgereiften Modelle als Basis<\/p><\/li><li data-start=\"2849\" data-end=\"2909\"><p data-start=\"2851\" data-end=\"2909\">Anpassen von Logo, Farben, Sprache der Benutzeroberfl\u00e4che und Verpackung<\/p><\/li><li data-start=\"2910\" data-end=\"2986\"><p data-start=\"2912\" data-end=\"2986\">Aufbau Ihrer eigenen Ger\u00e4temarke mit k\u00fcrzerer Markteinf\u00fchrungszeit und geringerem F&amp;E-Risiko<\/p><\/li><\/ul><h3 data-start=\"2988\" data-end=\"3023\">3. ODM &amp; Projektbasierte Partner<\/h3><ul data-start=\"3025\" data-end=\"3236\"><li data-start=\"3025\" data-end=\"3102\"><p data-start=\"3027\" data-end=\"3102\">Co-Entwicklung von Ger\u00e4ten f\u00fcr Ihre spezifischen Behandlungskonzepte oder Zielkunden<\/p><\/li><li data-start=\"3103\" data-end=\"3164\"><p data-start=\"3105\" data-end=\"3164\">Funktionen, Aussehen, Software und Benutzeroberfl\u00e4che detailliert anpassen<\/p><\/li><li data-start=\"3165\" data-end=\"3236\"><p data-start=\"3167\" data-end=\"3236\">Geeignet f\u00fcr etablierte Marken und Ketten mit klaren langfristigen Pl\u00e4nen<\/p><\/li><\/ul><h3 data-start=\"3238\" data-end=\"3290\">4. Gro\u00dfkunden: Kliniken, Kurgruppen und Akademien<\/h3><ul data-start=\"3292\" data-end=\"3490\"><li data-start=\"3292\" data-end=\"3361\"><p data-start=\"3294\" data-end=\"3361\">Ma\u00dfgeschneiderte Ger\u00e4teportfolios f\u00fcr Ihre Filialen und Schulungszentren<\/p><\/li><li data-start=\"3362\" data-end=\"3418\"><p data-start=\"3364\" data-end=\"3418\">Einheitliche Spezifikationen und einheitliches Branding an allen Standorten<\/p><\/li><li data-start=\"3419\" data-end=\"3490\"><p data-start=\"3421\" data-end=\"3490\">Fortlaufende Schulungen und Unterst\u00fctzung, damit Ihre Teams sicher und auf dem neuesten Stand bleiben<\/p><\/li><\/ul><p>\u00a0<\/p>\t\t\t\t\t\t\t\t<\/div>\n\t\t\t\t<\/div>\n\t\t\t\t\t<\/div>\n\t\t\t\t<\/div>\n\t\t<div class=\"elementor-element elementor-element-dd20871 e-flex e-con-boxed e-con e-parent\" data-id=\"dd20871\" data-element_type=\"container\" data-e-type=\"container\">\n\t\t\t\t\t<div class=\"e-con-inner\">\n\t\t\t\t<div class=\"elementor-element elementor-element-e1d767b elementor-widget elementor-widget-heading\" data-id=\"e1d767b\" data-element_type=\"widget\" data-e-type=\"widget\" data-settings=\"{&quot;ekit_we_effect_on&quot;:&quot;none&quot;}\" data-widget_type=\"heading.default\">\n\t\t\t\t<div class=\"elementor-widget-container\">\n\t\t\t\t\t<h4 class=\"elementor-heading-title elementor-size-default\">Bereit f\u00fcr ein Gespr\u00e4ch \u00fcber Partnerschaft?<\/h4>\t\t\t\t<\/div>\n\t\t\t\t<\/div>\n\t\t\t\t<div class=\"elementor-element elementor-element-5a1d24c elementor-widget elementor-widget-text-editor\" data-id=\"5a1d24c\" data-element_type=\"widget\" data-e-type=\"widget\" data-settings=\"{&quot;ekit_we_effect_on&quot;:&quot;none&quot;}\" data-widget_type=\"text-editor.default\">\n\t\t\t\t<div class=\"elementor-widget-container\">\n\t\t\t\t\t\t\t\t\t<p data-start=\"5982\" data-end=\"6047\">Wenn Sie daran interessiert sind, Partner von Noveza zu werden, teilen Sie dies bitte mit:<\/p><ul data-start=\"6049\" data-end=\"6317\"><li data-start=\"6049\" data-end=\"6089\"><p data-start=\"6051\" data-end=\"6089\">Ihr Firmenname und Land\/Region<\/p><\/li><li data-start=\"6090\" data-end=\"6172\"><p data-start=\"6092\" data-end=\"6172\">Ihre Hauptgesch\u00e4ftsart (H\u00e4ndler, Klinik, Spa, Markeninhaber, Akademie usw.)<\/p><\/li><li data-start=\"6173\" data-end=\"6234\"><p data-start=\"6175\" data-end=\"6234\">Die Behandlungen oder Ger\u00e4tetypen, an denen Sie am meisten interessiert sind<\/p><\/li><li data-start=\"6235\" data-end=\"6317\"><p data-start=\"6237\" data-end=\"6317\">Ihr voraussichtlicher Kaufplan (z. B. Erstbestellung und Ausblick auf 6-12 Monate)<\/p><\/li><\/ul><p data-start=\"6319\" data-end=\"6404\">Teilen Sie unserem Team Ihre Ideen und W\u00fcnsche mit, und wir werden Ihnen einen klaren Vorschlag unterbreiten:<\/p><ul data-start=\"6406\" data-end=\"6531\"><li data-start=\"6406\" data-end=\"6451\"><p data-start=\"6408\" data-end=\"6451\">Empfohlene Ger\u00e4te und Kooperationsmodell<\/p><\/li><li data-start=\"6452\" data-end=\"6502\"><p data-start=\"6454\" data-end=\"6502\">Grundlegende Hinweise zur Preisgestaltung und Mustervorschl\u00e4ge<\/p><\/li><li data-start=\"6503\" data-end=\"6531\"><p data-start=\"6505\" data-end=\"6531\">N\u00e4chste Schritte zum Weiterkommen<\/p><\/li><\/ul><p data-start=\"6533\" data-end=\"6580\"><strong data-start=\"6533\" data-end=\"6580\">[Bewerben Sie sich als Partner] [Kontaktieren Sie unser Team]<\/strong><\/p>\t\t\t\t\t\t\t\t<\/div>\n\t\t\t\t<\/div>\n\t\t\t\t\t<\/div>\n\t\t\t\t<\/div>\n\t\t\t\t<\/div>","protected":false},"excerpt":{"rendered":"<p>Be A Partner Grow your beauty business with a factory-backed partner who understands devices, treatments and global markets.Noveza works with distributors, clinics, spa groups and brand owners who want reliable beauty equipment, flexible cooperation and long-term support\u2014not just one-time machine sales. \u00a0 Who We Work With We welcome partners from different parts of the beauty&#8230;<\/p>","protected":false},"author":1,"featured_media":0,"parent":83,"menu_order":2,"comment_status":"closed","ping_status":"closed","template":"","meta":{"_kad_post_transparent":"","_kad_post_title":"hide","_kad_post_layout":"fullwidth","_kad_post_sidebar_id":"","_kad_post_content_style":"unboxed","_kad_post_vertical_padding":"hide","_kad_post_feature":"hide","_kad_post_feature_position":"","_kad_post_header":false,"_kad_post_footer":false,"_kad_post_classname":"","footnotes":""},"class_list":["post-87","page","type-page","status-publish","hentry"],"_links":{"self":[{"href":"https:\/\/novezabeauty.com\/de\/wp-json\/wp\/v2\/pages\/87","targetHints":{"allow":["GET"]}}],"collection":[{"href":"https:\/\/novezabeauty.com\/de\/wp-json\/wp\/v2\/pages"}],"about":[{"href":"https:\/\/novezabeauty.com\/de\/wp-json\/wp\/v2\/types\/page"}],"author":[{"embeddable":true,"href":"https:\/\/novezabeauty.com\/de\/wp-json\/wp\/v2\/users\/1"}],"replies":[{"embeddable":true,"href":"https:\/\/novezabeauty.com\/de\/wp-json\/wp\/v2\/comments?post=87"}],"version-history":[{"count":5,"href":"https:\/\/novezabeauty.com\/de\/wp-json\/wp\/v2\/pages\/87\/revisions"}],"predecessor-version":[{"id":1086,"href":"https:\/\/novezabeauty.com\/de\/wp-json\/wp\/v2\/pages\/87\/revisions\/1086"}],"up":[{"embeddable":true,"href":"https:\/\/novezabeauty.com\/de\/wp-json\/wp\/v2\/pages\/83"}],"wp:attachment":[{"href":"https:\/\/novezabeauty.com\/de\/wp-json\/wp\/v2\/media?parent=87"}],"curies":[{"name":"wp","href":"https:\/\/api.w.org\/{rel}","templated":true}]}}