 {"id":89,"date":"2025-06-30T08:35:54","date_gmt":"2025-06-30T08:35:54","guid":{"rendered":"https:\/\/novezabeauty.com\/?page_id=89"},"modified":"2025-11-14T07:06:47","modified_gmt":"2025-11-14T07:06:47","slug":"supports","status":"publish","type":"page","link":"https:\/\/novezabeauty.com\/de\/resources\/supports\/","title":{"rendered":"Unterst\u00fctzt"},"content":{"rendered":"<div data-elementor-type=\"wp-page\" data-elementor-id=\"89\" class=\"elementor elementor-89\" data-elementor-post-type=\"page\">\n\t\t\t\t<div class=\"elementor-element elementor-element-2e65b5f e-flex e-con-boxed e-con e-parent\" data-id=\"2e65b5f\" data-element_type=\"container\" data-e-type=\"container\">\n\t\t\t\t\t<div class=\"e-con-inner\">\n\t\t\t\t<div class=\"elementor-element elementor-element-7e1080c elementor-widget elementor-widget-heading\" data-id=\"7e1080c\" data-element_type=\"widget\" data-e-type=\"widget\" data-settings=\"{&quot;ekit_we_effect_on&quot;:&quot;none&quot;}\" data-widget_type=\"heading.default\">\n\t\t\t\t<div class=\"elementor-widget-container\">\n\t\t\t\t\t<h1 class=\"elementor-heading-title elementor-size-default\">Unterst\u00fctzt<\/h1>\t\t\t\t<\/div>\n\t\t\t\t<\/div>\n\t\t\t\t<div class=\"elementor-element elementor-element-fcaf23f elementor-widget elementor-widget-text-editor\" data-id=\"fcaf23f\" data-element_type=\"widget\" data-e-type=\"widget\" data-settings=\"{&quot;ekit_we_effect_on&quot;:&quot;none&quot;}\" data-widget_type=\"text-editor.default\">\n\t\t\t\t<div class=\"elementor-widget-container\">\n\t\t\t\t\t\t\t\t\t<p data-start=\"110\" data-end=\"371\">Wenn Sie sich f\u00fcr Noveza-Ger\u00e4te entscheiden, kaufen Sie nicht nur eine Maschine, sondern arbeiten auch mit der Fabrik, die dahinter steht.<br data-start=\"219\" data-end=\"222\" \/>Unser Support soll Kliniken, Spas, H\u00e4ndlern und Markeninhabern helfen, unsere Ger\u00e4te sicher, vertrauensvoll und effizient in der t\u00e4glichen Praxis einzusetzen.<\/p><p data-start=\"373\" data-end=\"489\">Auf dieser Seite finden Sie einen \u00dcberblick \u00fcber die technische Hilfe, die Schulungen, die Materialien und den Kundendienst, die wir anbieten.<\/p><p data-start=\"373\" data-end=\"489\">\u00a0<\/p>\t\t\t\t\t\t\t\t<\/div>\n\t\t\t\t<\/div>\n\t\t\t\t\t<\/div>\n\t\t\t\t<\/div>\n\t\t<div class=\"elementor-element elementor-element-a4f7ca7 e-flex e-con-boxed e-con e-parent\" data-id=\"a4f7ca7\" data-element_type=\"container\" data-e-type=\"container\">\n\t\t\t\t\t<div class=\"e-con-inner\">\n\t\t\t\t<div class=\"elementor-element elementor-element-7908e0a elementor-widget elementor-widget-heading\" data-id=\"7908e0a\" data-element_type=\"widget\" data-e-type=\"widget\" data-settings=\"{&quot;ekit_we_effect_on&quot;:&quot;none&quot;}\" data-widget_type=\"heading.default\">\n\t\t\t\t<div class=\"elementor-widget-container\">\n\t\t\t\t\t<h4 class=\"elementor-heading-title elementor-size-default\">\u00dcberblick \u00fcber die Unterst\u00fctzung<\/h4>\t\t\t\t<\/div>\n\t\t\t\t<\/div>\n\t\t\t\t<div class=\"elementor-element elementor-element-33f439d elementor-widget elementor-widget-text-editor\" data-id=\"33f439d\" data-element_type=\"widget\" data-e-type=\"widget\" data-settings=\"{&quot;ekit_we_effect_on&quot;:&quot;none&quot;}\" data-widget_type=\"text-editor.default\">\n\t\t\t\t<div class=\"elementor-widget-container\">\n\t\t\t\t\t\t\t\t\t<p data-start=\"529\" data-end=\"579\">Wir bieten umfassende Unterst\u00fctzung in vier Schl\u00fcsselbereichen:<\/p><ul data-start=\"581\" data-end=\"875\"><li data-start=\"581\" data-end=\"656\"><p data-start=\"583\" data-end=\"656\"><strong data-start=\"583\" data-end=\"604\">Technische Unterst\u00fctzung<\/strong> - f\u00fcr Installation, Betrieb und Fehlersuche<\/p><\/li><li data-start=\"657\" data-end=\"734\"><p data-start=\"659\" data-end=\"734\"><strong data-start=\"659\" data-end=\"679\">Unterst\u00fctzung bei der Ausbildung<\/strong> - f\u00fcr die Anwendung der Behandlung, die Einstellung der Parameter und die Protokolle<\/p><\/li><li data-start=\"735\" data-end=\"806\"><p data-start=\"737\" data-end=\"806\"><strong data-start=\"737\" data-end=\"763\">Garantie &amp; Ersatzteile<\/strong> - um Ihre Ger\u00e4te langfristig am Laufen zu halten<\/p><\/li><li data-start=\"807\" data-end=\"875\"><p data-start=\"809\" data-end=\"875\"><strong data-start=\"809\" data-end=\"834\">Ressourcen und Downloads<\/strong> - Handb\u00fccher, Videos und Marketinggrundlagen<\/p><\/li><\/ul><p data-start=\"877\" data-end=\"1016\">Ob Sie Ihr erstes Ger\u00e4t einrichten oder mehrere Standorte verwalten, unser Ziel ist es, ein zuverl\u00e4ssiger Backend-Partner f\u00fcr Ihr Unternehmen zu sein.<\/p><p data-start=\"877\" data-end=\"1016\">\u00a0<\/p>\t\t\t\t\t\t\t\t<\/div>\n\t\t\t\t<\/div>\n\t\t\t\t\t<\/div>\n\t\t\t\t<\/div>\n\t\t<div class=\"elementor-element elementor-element-1920362 e-flex e-con-boxed e-con e-parent\" data-id=\"1920362\" data-element_type=\"container\" data-e-type=\"container\">\n\t\t\t\t\t<div class=\"e-con-inner\">\n\t\t\t\t<div class=\"elementor-element elementor-element-e0ec945 elementor-widget elementor-widget-heading\" data-id=\"e0ec945\" data-element_type=\"widget\" data-e-type=\"widget\" data-settings=\"{&quot;ekit_we_effect_on&quot;:&quot;none&quot;}\" data-widget_type=\"heading.default\">\n\t\t\t\t<div class=\"elementor-widget-container\">\n\t\t\t\t\t<h4 class=\"elementor-heading-title elementor-size-default\">Wie man Unterst\u00fctzung erh\u00e4lt<\/h4>\t\t\t\t<\/div>\n\t\t\t\t<\/div>\n\t\t\t\t<div class=\"elementor-element elementor-element-118857d elementor-widget elementor-widget-text-editor\" data-id=\"118857d\" data-element_type=\"widget\" data-e-type=\"widget\" data-settings=\"{&quot;ekit_we_effect_on&quot;:&quot;none&quot;}\" data-widget_type=\"text-editor.default\">\n\t\t\t\t<div class=\"elementor-widget-container\">\n\t\t\t\t\t\t\t\t\t<p data-start=\"4683\" data-end=\"4743\">Wenn Sie Hilfe ben\u00f6tigen, empfehlen wir Ihnen, diese einfachen Schritte zu befolgen:<\/p><p data-start=\"4901\" data-end=\"4945\">Fotos oder Videos, wenn es sich um ein technisches Problem handelt<\/p><ol data-start=\"4745\" data-end=\"5298\"><li data-start=\"4947\" data-end=\"5096\"><p data-start=\"4950\" data-end=\"4983\"><strong data-start=\"4950\" data-end=\"4981\">W\u00e4hlen Sie Ihren Kontaktkanal<\/strong><\/p><ul data-start=\"4987\" data-end=\"5096\"><li data-start=\"4987\" data-end=\"5030\"><p data-start=\"4989\" data-end=\"5030\">Wenden Sie sich direkt an Ihren Verkaufsleiter, oder<\/p><\/li><li data-start=\"5034\" data-end=\"5096\"><p data-start=\"5036\" data-end=\"5096\">Verwenden Sie das offizielle Support-E-Mail\/Kontaktformular auf unserer Website<\/p><\/li><\/ul><\/li><li data-start=\"5098\" data-end=\"5298\"><p data-start=\"5101\" data-end=\"5134\"><strong data-start=\"5101\" data-end=\"5132\">Antwort und L\u00f6sung erhalten<\/strong><\/p><ul data-start=\"5138\" data-end=\"5298\"><li data-start=\"5138\" data-end=\"5199\"><p data-start=\"5140\" data-end=\"5199\">F\u00fcr g\u00e4ngige Probleme k\u00f6nnen wir oft schnell L\u00f6sungen anbieten<\/p><\/li><li data-start=\"5203\" data-end=\"5298\"><p data-start=\"5205\" data-end=\"5298\">Bei komplexeren F\u00e4llen kann unser technisches Team zus\u00e4tzliche Details anfordern oder einen Videoanruf vereinbaren.<\/p><\/li><\/ul><\/li><\/ol><p>\u00a0<\/p>\t\t\t\t\t\t\t\t<\/div>\n\t\t\t\t<\/div>\n\t\t\t\t\t<\/div>\n\t\t\t\t<\/div>\n\t\t<div class=\"elementor-element elementor-element-444cc40 e-flex e-con-boxed e-con e-parent\" data-id=\"444cc40\" data-element_type=\"container\" data-e-type=\"container\">\n\t\t\t\t\t<div class=\"e-con-inner\">\n\t\t\t\t<div class=\"elementor-element elementor-element-7953e1c elementor-widget elementor-widget-heading\" data-id=\"7953e1c\" data-element_type=\"widget\" data-e-type=\"widget\" data-settings=\"{&quot;ekit_we_effect_on&quot;:&quot;none&quot;}\" data-widget_type=\"heading.default\">\n\t\t\t\t<div class=\"elementor-widget-container\">\n\t\t\t\t\t<h4 class=\"elementor-heading-title elementor-size-default\">Final CTA - Brauchen Sie jetzt Unterst\u00fctzung?<\/h4>\t\t\t\t<\/div>\n\t\t\t\t<\/div>\n\t\t\t\t<div class=\"elementor-element elementor-element-2be49a2 elementor-widget elementor-widget-text-editor\" data-id=\"2be49a2\" data-element_type=\"widget\" data-e-type=\"widget\" data-settings=\"{&quot;ekit_we_effect_on&quot;:&quot;none&quot;}\" data-widget_type=\"text-editor.default\">\n\t\t\t\t<div class=\"elementor-widget-container\">\n\t\t\t\t\t\t\t\t\t<p data-start=\"5339\" data-end=\"5466\">Wenn Sie mit einem dringenden Problem konfrontiert sind, ein neues Behandlungsprogramm planen oder ein neues Team ausbilden m\u00f6chten, steht Ihnen unser Support-Team zur Verf\u00fcgung.<\/p><p data-start=\"5468\" data-end=\"5476\">Sagen Sie es uns:<\/p><ul data-start=\"5478\" data-end=\"5655\"><li data-start=\"5478\" data-end=\"5508\"><p data-start=\"5480\" data-end=\"5508\">Welches Ger\u00e4t Sie verwenden<\/p><\/li><li data-start=\"5509\" data-end=\"5585\"><p data-start=\"5511\" data-end=\"5585\">Was Sie l\u00f6sen wollen (Installation, Betrieb, Behandlung, Kundendienst)<\/p><\/li><li data-start=\"5586\" data-end=\"5655\"><p data-start=\"5588\" data-end=\"5655\">Ihre bevorzugte Art, Support zu erhalten (Nachricht, E-Mail, Anruf, Video)<\/p><\/li><\/ul><p>\u00a0<\/p>\t\t\t\t\t\t\t\t<\/div>\n\t\t\t\t<\/div>\n\t\t\t\t\t<\/div>\n\t\t\t\t<\/div>\n\t\t\t\t<\/div>","protected":false},"excerpt":{"rendered":"<p>Supports When you choose Noveza devices, you are not only buying a machine\u2014you are working with the factory behind it.Our support is designed to help clinics, spas, distributors and brand owners use our equipment safely, confidently and efficiently in daily practice. On this page, you\u2019ll find an overview of the technical help, training, materials and&#8230;<\/p>","protected":false},"author":1,"featured_media":0,"parent":83,"menu_order":4,"comment_status":"closed","ping_status":"closed","template":"","meta":{"_kad_post_transparent":"","_kad_post_title":"hide","_kad_post_layout":"fullwidth","_kad_post_sidebar_id":"","_kad_post_content_style":"unboxed","_kad_post_vertical_padding":"hide","_kad_post_feature":"hide","_kad_post_feature_position":"","_kad_post_header":false,"_kad_post_footer":false,"_kad_post_classname":"","footnotes":""},"class_list":["post-89","page","type-page","status-publish","hentry"],"_links":{"self":[{"href":"https:\/\/novezabeauty.com\/de\/wp-json\/wp\/v2\/pages\/89","targetHints":{"allow":["GET"]}}],"collection":[{"href":"https:\/\/novezabeauty.com\/de\/wp-json\/wp\/v2\/pages"}],"about":[{"href":"https:\/\/novezabeauty.com\/de\/wp-json\/wp\/v2\/types\/page"}],"author":[{"embeddable":true,"href":"https:\/\/novezabeauty.com\/de\/wp-json\/wp\/v2\/users\/1"}],"replies":[{"embeddable":true,"href":"https:\/\/novezabeauty.com\/de\/wp-json\/wp\/v2\/comments?post=89"}],"version-history":[{"count":5,"href":"https:\/\/novezabeauty.com\/de\/wp-json\/wp\/v2\/pages\/89\/revisions"}],"predecessor-version":[{"id":1090,"href":"https:\/\/novezabeauty.com\/de\/wp-json\/wp\/v2\/pages\/89\/revisions\/1090"}],"up":[{"embeddable":true,"href":"https:\/\/novezabeauty.com\/de\/wp-json\/wp\/v2\/pages\/83"}],"wp:attachment":[{"href":"https:\/\/novezabeauty.com\/de\/wp-json\/wp\/v2\/media?parent=89"}],"curies":[{"name":"wp","href":"https:\/\/api.w.org\/{rel}","templated":true}]}}