 {"id":721,"date":"2025-07-07T10:51:32","date_gmt":"2025-07-07T10:51:32","guid":{"rendered":"https:\/\/novezabeauty.com\/?post_type=product&#038;p=721"},"modified":"2025-11-23T08:53:16","modified_gmt":"2025-11-23T08:53:16","slug":"2-in-1-skin-face-care-acne-removal-eyelid-tightening-cool-jet-plasma-machine","status":"publish","type":"product","link":"https:\/\/novezabeauty.com\/de\/2-in-1-skin-face-care-acne-removal-eyelid-tightening-cool-jet-plasma-machine\/","title":{"rendered":"2 in 1 Haut Gesicht Pflege Akne Entfernung Augenlid Straffung Cool Jet Plasma Maschine"},"content":{"rendered":"<p><strong>2-in-1 Plasma-Sch\u00f6nheitsger\u00e4t<\/strong><\/p>\n<p>Das Noveza 2-in-1-Plasma-Sch\u00f6nheitsger\u00e4t integriert Flash-Plasma und Ozon-Plasma in einer klinikf\u00e4higen Plattform. Flash Plasma nutzt DC-Funken-Mikroarcs f\u00fcr eine punktgenaue Behandlung zur Straffung und Festigung der Gesichtskonturen und zur Behandlung von Pickeln und Falten, w\u00e4hrend Ozon Plasma antibakterielle\/entz\u00fcndungshemmende Pflege bietet, um Irritationen zu lindern, \u00d6l zu regulieren, die Poren tief zu reinigen und die Aufnahme der Hautpflege zu verbessern. Das System unterst\u00fctzt die Modi Automatisch\/Manuell und umfasst 7 austauschbare Sonden f\u00fcr die professionelle Anwendung bei empfindlicher, zu Akne neigender und reaktiver Haut.<\/p>\n<p>&nbsp;<\/p>\n<p>&nbsp;<\/p>\n<p><strong>Beschreibung<\/strong><\/p>\n<p>Zwei Technologien. Flash Plasma bildet eine leitende Verbindung zwischen der Spitze und der Haut bei ~4 mm, ionisiert Luft in Plasma und erzeugt hochgradig lokalisierte Gleichstromfunken (\u22480,1 mm\u00b2 Grundfl\u00e4che), die die W\u00e4rme auf den gew\u00fcnschten Punkt konzentrieren und die Auswirkungen auf das umliegende Gewebe minimieren. Typische Referenzen: Hebung 1-3, Flecken 3-5, Falten 1-2; nicht l\u00e4nger als 2 Sekunden auf einem Punkt verweilen.<\/p>\n<p>Ozon-Pflege. Durch Hochfrequenzspannung wird Sauerstoff elektrolysiert und Ozon gebildet, das sterilisierend und beruhigend wirkt. Zu den Vorteilen geh\u00f6ren eine verbesserte Hydrophilie der Epidermis f\u00fcr ein besseres Eindringen der Inhaltsstoffe, Unterst\u00fctzung der Elastizit\u00e4t\/Anti-Aging, Reduzierung von Akne verursachenden Bakterien und Hemmung von \u00fcbersch\u00fcssigem Talg.<\/p>\n<p>Modi und Sonden. W\u00e4hlen Sie zwischen Automatik (Bildschirm\/Griff synchronisiert) und Manuell (mit Pedal), um den Arbeitsablauf anzupassen. Die Sonden Nr. 4 und Nr. 6 werden f\u00fcr die ber\u00fchrungslose Speckle-Messung empfohlen; alle Sonden sind schnell austauschbar, um die Effizienz zu erh\u00f6hen.<\/p>\n<p>&nbsp;<\/p>\n<p>&nbsp;<\/p>\n<p><strong>Anwendungen \/ Funktionen<\/strong><\/p>\n<ul>\n<li>Lifting &amp; Straffung; Flecken- &amp; Faltenpflege<\/li>\n<li>Sterilisation, entz\u00fcndungshemmend, lindernd\/juckreizstillend<\/li>\n<li>\u00d6lkontrolle und Tiefenreinigung; aufhellend und texturverfeinernd<\/li>\n<li>Verbessert die Absorption; minimiert die Poren<\/li>\n<\/ul>\n<p>&nbsp;<\/p>\n<p>&nbsp;<\/p>\n<p><strong>Wesentliche Merkmale<\/strong><\/p>\n<ul>\n<li>Dual-Mode-Plattform: Blitzlicht + Ozonplasma in einem Ger\u00e4t f\u00fcr Lifting- und Reinigungs-\/Soothe-Workflows<\/li>\n<li>Pr\u00e4zise Lieferung: DC-Funken mit ~0,1 mm\u00b2 Grundfl\u00e4che f\u00fcr lokalisierte Effekte<\/li>\n<li>7 Schnellwechsel-Sonden: decken verschiedene Gesichtsbereiche ab; Nr. 4\/Nr. 6 f\u00fcr ber\u00fchrungslose Flecken<\/li>\n<li>Zwei Betriebsarten: Automatik\/Manuell (Pedal) f\u00fcr Klinikeffizienz<\/li>\n<li>Pflege und Hygiene: Die Reinigung der Sonde vor\/nach jedem Gebrauch tr\u00e4gt zur Erhaltung der Ozonleistung und Langlebigkeit bei<\/li>\n<\/ul>\n<p>&nbsp;<\/p>\n<p><strong>Spezifikationen<\/strong><\/p>\n<ul>\n<li>Eingangsspannung: AC 110-220 V (weltweit kompatibel)<\/li>\n<li>Ausgangsfrequenz: 15-150 Hz (Flash Plasma Referenz)<\/li>\n<li>Ausgangsleistung: 10-60 W (typischer Bereich)<\/li>\n<li>Abmessungen der Verpackung: 41 \u00d7 38 \u00d7 51 cm (Exportkarton)<\/li>\n<li>Gesamtgewicht: Ca. 11 kg (einschlie\u00dflich Verpackung)<\/li>\n<li>Betriebsart: Automatisch\/Manuell (unterst\u00fctzt Fu\u00dfbedienung)<\/li>\n<li>Sonden: 7 (Schnellwechsler)<\/li>\n<\/ul>\n<p>&nbsp;<\/p>\n<p>&nbsp;<\/p>\n<p>Verpackung &amp; MOQ<br \/>\nStandard-Exportkarton mit sto\u00dffester Einlage; OEM\/ODM f\u00fcr Geh\u00e4use, Sprache der Benutzeroberfl\u00e4che, Typenschild und Verpackung. MOQ: Muster und Kleinserien verf\u00fcgbar (Kontakt mit dem Vertrieb).<\/p>\n<p>Vorlaufzeit &amp; Unterst\u00fctzung<br \/>\nIn der Regel 7-30 Tage, je nach Konfiguration\/Anpassung. Wir bieten Installationsschulungen, Ferndiagnose, Ersatzteile und Garantie sowie weltweiten Versand\/Kundensupport.<\/p>\n<p>Qualit\u00e4t und Zertifizierungen<br \/>\nHergestellt unter ISO 9001 \/ ISO 13485 Qualit\u00e4tssystemen mit eigenen Montagelinien, PCB F&amp;E\/Pr\u00fcfung und Zuverl\u00e4ssigkeitslabors.<\/p>\n<p>Sicherheitshinweise<br \/>\nEinzelpunktverweildauer \u22642 s; bei gr\u00f6\u00dferen oder tieferen Pigmentierungen k\u00f6nnen 2-3 Sitzungen erforderlich sein; starke Lichtexposition w\u00e4hrend der Erholungsphase vermeiden. Kontraindikationen: Herzschrittmacher\/schwerwiegende Herzerkrankung, implantierbare Metallger\u00e4te, Schwangerschaft\/Stillzeit.<\/p>","protected":false},"excerpt":{"rendered":"<p>2-in-1-Plasma-Sch\u00f6nheitsger\u00e4t mit zwei Modi: Blitz-Plasmamodus f\u00fcr gezieltes Lifting und Straffung der Augenlider; Ozon\/K\u00fchl-Plasmamodus f\u00fcr effektive Aknebehandlung, Hautberuhigung und \u00d6lkontrolle. Enth\u00e4lt 7 Sonden, unterst\u00fctzt automatische\/manuelle Modi und bietet umfassenden OEM\/ODM-Support. Fordern Sie jetzt ein Angebot oder eine OEM\/ODM-L\u00f6sung an.<\/p>","protected":false},"featured_media":822,"template":"","meta":{"_kad_post_transparent":"default","_kad_post_title":"","_kad_post_layout":"default","_kad_post_sidebar_id":"","_kad_post_content_style":"default","_kad_post_vertical_padding":"default","_kad_post_feature":"","_kad_post_feature_position":"","_kad_post_header":false,"_kad_post_footer":false,"_kad_post_classname":""},"product_brand":[],"product_cat":[15],"product_tag":[81,97,132,82,130,84,106,83,129,80,133,115,131,114],"class_list":{"0":"post-721","1":"product","2":"type-product","3":"status-publish","4":"has-post-thumbnail","6":"product_cat-plasma","7":"product_tag-2-in-1-plasma-beauty-machine","8":"product_tag-anti-aging-device","9":"product_tag-collagen-booster","10":"product_tag-dual-mode-plasma-device","11":"product_tag-facial-care-machine","12":"product_tag-flash-plasma","13":"product_tag-non-invasive-beauty-treatment","14":"product_tag-ozone-plasma-cool-jet-plasma","15":"product_tag-plasma-beauty-device","16":"product_tag-plasma-beauty-devices","17":"product_tag-plasma-therapy","18":"product_tag-skin-rejuvenation","19":"product_tag-skin-tightening","20":"product_tag-wrinkle-reduction","22":"first","23":"instock","24":"shipping-taxable","25":"product-type-simple","26":"entry","27":"content-bg","28":"loop-entry"},"_links":{"self":[{"href":"https:\/\/novezabeauty.com\/de\/wp-json\/wp\/v2\/product\/721","targetHints":{"allow":["GET"]}}],"collection":[{"href":"https:\/\/novezabeauty.com\/de\/wp-json\/wp\/v2\/product"}],"about":[{"href":"https:\/\/novezabeauty.com\/de\/wp-json\/wp\/v2\/types\/product"}],"version-history":[{"count":2,"href":"https:\/\/novezabeauty.com\/de\/wp-json\/wp\/v2\/product\/721\/revisions"}],"predecessor-version":[{"id":1259,"href":"https:\/\/novezabeauty.com\/de\/wp-json\/wp\/v2\/product\/721\/revisions\/1259"}],"wp:featuredmedia":[{"embeddable":true,"href":"https:\/\/novezabeauty.com\/de\/wp-json\/wp\/v2\/media\/822"}],"wp:attachment":[{"href":"https:\/\/novezabeauty.com\/de\/wp-json\/wp\/v2\/media?parent=721"}],"wp:term":[{"taxonomy":"product_brand","embeddable":true,"href":"https:\/\/novezabeauty.com\/de\/wp-json\/wp\/v2\/product_brand?post=721"},{"taxonomy":"product_cat","embeddable":true,"href":"https:\/\/novezabeauty.com\/de\/wp-json\/wp\/v2\/product_cat?post=721"},{"taxonomy":"product_tag","embeddable":true,"href":"https:\/\/novezabeauty.com\/de\/wp-json\/wp\/v2\/product_tag?post=721"}],"curies":[{"name":"wp","href":"https:\/\/api.w.org\/{rel}","templated":true}]}}