 {"id":728,"date":"2025-07-07T13:05:52","date_gmt":"2025-07-07T13:05:52","guid":{"rendered":"https:\/\/novezabeauty.com\/?post_type=product&#038;p=728"},"modified":"2025-11-23T08:30:50","modified_gmt":"2025-11-23T08:30:50","slug":"high-quality-22d-anti-aging-face-tightening-firming-body-fat-removal-machine-for-wrinkle-remove","status":"publish","type":"product","link":"https:\/\/novezabeauty.com\/de\/high-quality-22d-anti-aging-face-tightening-firming-body-fat-removal-machine-for-wrinkle-remove\/","title":{"rendered":"22D Anti-Aging Gesicht Straffung Straffung K\u00f6rper Fettabbau Maschine f\u00fcr Falten entfernen"},"content":{"rendered":"<p>Die <strong data-start=\"147\" data-end=\"214\">22D Anti-Aging Gesicht Straffung Straffung K\u00f6rper Fettabbau Maschine<\/strong> ist f\u00fcr eine effektive Faltenentfernung, Hautstraffung und K\u00f6rperkonturierung konzipiert. Ausgestattet mit fortschrittlicher Technologie, nutzt es die Pr\u00e4zisionssteuerung f\u00fcr gezielte Fettentfernung und Straffung. Das schlanke Design verf\u00fcgt \u00fcber ein intuitives digitales Display, das eine einfache Anpassung von Leistung und Einstellungen f\u00fcr individuelle Behandlungen erm\u00f6glicht. Das Ger\u00e4t ist vielseitig einsetzbar und verf\u00fcgt \u00fcber austauschbare K\u00f6pfe f\u00fcr verschiedene Bereiche, wodurch es sich sowohl f\u00fcr Gesichts- als auch f\u00fcr K\u00f6rperanwendungen eignet. Erzielen Sie eine glatte, jugendliche Haut mit diesem leistungsstarken Ger\u00e4t in Profiqualit\u00e4t.<\/p>\n<p data-start=\"576\" data-end=\"597\"><strong data-start=\"576\" data-end=\"597\">Produktmerkmale:<\/strong><\/p>\n<ol data-start=\"599\" data-end=\"2140\">\n<li data-start=\"599\" data-end=\"888\">\n<p data-start=\"602\" data-end=\"888\"><strong data-start=\"602\" data-end=\"641\">RF-Technologie und Plasmabehandlung:<\/strong><br \/>\nDieses Ger\u00e4t kombiniert RF-Energie und Plasmatechnologie und stimuliert die Haut tiefgreifend, um die Kollagenproduktion zu f\u00f6rdern, schlaffe Haut zu straffen und die Blutzirkulation zu verbessern. Es hilft auch, Oberfl\u00e4chenfett zu reduzieren und die Hautstruktur und -elastizit\u00e4t zu verbessern.<\/p>\n<\/li>\n<li data-start=\"890\" data-end=\"1161\">\n<p data-start=\"893\" data-end=\"1161\"><strong data-start=\"893\" data-end=\"924\">Multi-funktionale Behandlung:<\/strong><br \/>\nGeeignet f\u00fcr verschiedene Bereiche des Gesichts und des K\u00f6rpers, einschlie\u00dflich Gesicht, Kinn, Bauch, Oberschenkel und Ges\u00e4\u00df. Dank der anpassbaren Einstellungen k\u00f6nnen die Benutzer je nach Hauttyp und individuellen Bed\u00fcrfnissen den am besten geeigneten Behandlungsmodus ausw\u00e4hlen.<\/p>\n<\/li>\n<li data-start=\"1163\" data-end=\"1438\">\n<p data-start=\"1166\" data-end=\"1438\"><strong data-start=\"1166\" data-end=\"1192\">Intelligente Digitalanzeige:<\/strong><br \/>\nAusgestattet mit einem 13,3-Zoll-High-Definition-Smart-Touchscreen, k\u00f6nnen Benutzer intuitiv die Behandlungsintensit\u00e4t, Leistung, Energiefrequenz und Behandlungszeit einstellen. Die einfache Benutzeroberfl\u00e4che gew\u00e4hrleistet eine einfache Bedienung mit Echtzeit-Feedback f\u00fcr optimale Ergebnisse.<\/p>\n<\/li>\n<li data-start=\"1440\" data-end=\"1673\">\n<p data-start=\"1443\" data-end=\"1673\"><strong data-start=\"1443\" data-end=\"1472\">Mehrere Behandlungsk\u00f6pfe:<\/strong><br \/>\nDas Ger\u00e4t umfasst mehrere austauschbare Behandlungsk\u00f6pfe, die jeweils f\u00fcr bestimmte Bereiche konzipiert sind. Diese K\u00f6pfe sind f\u00fcr effiziente und komfortable Behandlungen konzipiert und gew\u00e4hrleisten effektive Ergebnisse.<\/p>\n<\/li>\n<li data-start=\"1675\" data-end=\"1894\">\n<p data-start=\"1678\" data-end=\"1894\"><strong data-start=\"1678\" data-end=\"1704\">Nicht-invasiv und sicher:<\/strong><br \/>\nDie Behandlung ist nicht invasiv und erfordert keine Operation oder Injektionen. Sie nutzt sanfte RF- und Plasma-Energie, um Fett zu straffen und zu reduzieren, und gew\u00e4hrleistet w\u00e4hrend des gesamten Prozesses Komfort und Sicherheit.<\/p>\n<\/li>\n<li data-start=\"1896\" data-end=\"2140\">\n<p data-start=\"1899\" data-end=\"2140\"><strong data-start=\"1899\" data-end=\"1944\">Hohe Effizienz und lang anhaltende Wirkung:<\/strong><br \/>\nJede Behandlung f\u00fchrt in kurzer Zeit zu sp\u00fcrbaren Ergebnissen, und bei fortgesetzter Anwendung verbessern sich Straffheit, Textur und Ausstrahlung der Haut. Kontinuierliche Behandlungen helfen, ein jugendliches, gesundes Aussehen wiederherzustellen.<\/p>\n<\/li>\n<\/ol>\n<p data-start=\"2142\" data-end=\"2159\"><strong data-start=\"2142\" data-end=\"2159\">Anwendungen:<\/strong><\/p>\n<ul data-start=\"2160\" data-end=\"2354\">\n<li data-start=\"2160\" data-end=\"2194\">\n<p data-start=\"2162\" data-end=\"2194\">Straffung und Konturierung des Gesichts<\/p>\n<\/li>\n<li data-start=\"2195\" data-end=\"2227\">\n<p data-start=\"2197\" data-end=\"2227\">Faltenentfernung und Anti-Aging<\/p>\n<\/li>\n<li data-start=\"2228\" data-end=\"2260\">\n<p data-start=\"2230\" data-end=\"2260\">K\u00f6rperfettreduktion und -formung<\/p>\n<\/li>\n<li data-start=\"2261\" data-end=\"2311\">\n<p data-start=\"2263\" data-end=\"2311\">Hautstraffung an Oberschenkeln, Bauch und Ges\u00e4\u00df<\/p>\n<\/li>\n<li data-start=\"2312\" data-end=\"2354\">\n<p data-start=\"2314\" data-end=\"2354\">Verbesserung der Elastizit\u00e4t und Gl\u00e4tte der Haut<\/p>\n<\/li>\n<\/ul>\n<p data-start=\"2356\" data-end=\"2555\"><strong data-start=\"2356\" data-end=\"2373\">Geeignet f\u00fcr:<\/strong><br \/>\nDieses Ger\u00e4t ist perfekt f\u00fcr Sch\u00f6nheitssalons, Spas und den Heimgebrauch. Es bietet professionelle Hautpflege f\u00fcr Gesicht und K\u00f6rper und ist f\u00fcr verschiedene Hauttypen und Behandlungsbed\u00fcrfnisse geeignet.<\/p>\n<p data-start=\"2557\" data-end=\"2848\">Die <strong data-start=\"2577\" data-end=\"2640\">22D Anti-Aging-Maschine zur Gesichtsstraffung und K\u00f6rperfettentfernung<\/strong> bietet eine effektive L\u00f6sung f\u00fcr eine straffere, glattere Haut und ein verj\u00fcngtes Aussehen. Mit seiner innovativen Technologie und seinem multifunktionalen Design ist es die ideale Wahl f\u00fcr die heutige Sch\u00f6nheitsindustrie.<\/p>","protected":false},"excerpt":{"rendered":"<p>Die <strong data-start=\"48\" data-end=\"115\" data-is-only-node=\"\">22D Anti-Aging Gesicht Straffung Straffung K\u00f6rper Fettabbau Maschine<\/strong> bek\u00e4mpft Falten, strafft die Haut und entfernt K\u00f6rperfett. Mit seinem schlanken Design und den anpassbaren Einstellungen nutzt er fortschrittliche Technologie f\u00fcr effektive Gesichts- und K\u00f6rperbehandlungen, die die Haut glatter, straffer und verj\u00fcngt machen.<\/p>","protected":false},"featured_media":887,"template":"","meta":{"_kad_post_transparent":"default","_kad_post_title":"","_kad_post_layout":"default","_kad_post_sidebar_id":"","_kad_post_content_style":"default","_kad_post_vertical_padding":"default","_kad_post_feature":"","_kad_post_feature_position":"","_kad_post_header":false,"_kad_post_footer":false,"_kad_post_classname":""},"product_brand":[],"product_cat":[24],"product_tag":[94,102,97,110,98,95,108,105,101,106,107,100,109,99,103,104,96],"class_list":{"0":"post-728","1":"product","2":"type-product","3":"status-publish","4":"has-post-thumbnail","6":"product_cat-hifu","7":"product_tag-anti-aging","8":"product_tag-anti-aging-beauty-device","9":"product_tag-anti-aging-device","10":"product_tag-beauty-machine-for-face-and-body","11":"product_tag-body-contouring","12":"product_tag-body-fat-removal","13":"product_tag-collagen-boosting-machine","14":"product_tag-facial-rejuvenation","15":"product_tag-microcurrent-facial-machine","16":"product_tag-non-invasive-beauty-treatment","17":"product_tag-plasma-microcurrent-device","18":"product_tag-plasma-skin-therapy","19":"product_tag-skin-firming","20":"product_tag-skin-firming-machine","21":"product_tag-skin-tightening-machine","22":"product_tag-wrinkle-removal","23":"product_tag-wrinkle-treatment","25":"first","26":"instock","27":"shipping-taxable","28":"product-type-simple","29":"entry","30":"content-bg","31":"loop-entry"},"_links":{"self":[{"href":"https:\/\/novezabeauty.com\/de\/wp-json\/wp\/v2\/product\/728","targetHints":{"allow":["GET"]}}],"collection":[{"href":"https:\/\/novezabeauty.com\/de\/wp-json\/wp\/v2\/product"}],"about":[{"href":"https:\/\/novezabeauty.com\/de\/wp-json\/wp\/v2\/types\/product"}],"version-history":[{"count":3,"href":"https:\/\/novezabeauty.com\/de\/wp-json\/wp\/v2\/product\/728\/revisions"}],"predecessor-version":[{"id":1256,"href":"https:\/\/novezabeauty.com\/de\/wp-json\/wp\/v2\/product\/728\/revisions\/1256"}],"wp:featuredmedia":[{"embeddable":true,"href":"https:\/\/novezabeauty.com\/de\/wp-json\/wp\/v2\/media\/887"}],"wp:attachment":[{"href":"https:\/\/novezabeauty.com\/de\/wp-json\/wp\/v2\/media?parent=728"}],"wp:term":[{"taxonomy":"product_brand","embeddable":true,"href":"https:\/\/novezabeauty.com\/de\/wp-json\/wp\/v2\/product_brand?post=728"},{"taxonomy":"product_cat","embeddable":true,"href":"https:\/\/novezabeauty.com\/de\/wp-json\/wp\/v2\/product_cat?post=728"},{"taxonomy":"product_tag","embeddable":true,"href":"https:\/\/novezabeauty.com\/de\/wp-json\/wp\/v2\/product_tag?post=728"}],"curies":[{"name":"wp","href":"https:\/\/api.w.org\/{rel}","templated":true}]}}