 {"id":733,"date":"2025-07-07T13:20:48","date_gmt":"2025-07-07T13:20:48","guid":{"rendered":"https:\/\/novezabeauty.com\/?post_type=product&#038;p=733"},"modified":"2025-11-23T08:47:23","modified_gmt":"2025-11-23T08:47:23","slug":"hydrodermabrasion-hydro-aqua-facial-machine-for-clean-skin-rejuvenation-spa-equipment","status":"publish","type":"product","link":"https:\/\/novezabeauty.com\/de\/hydrodermabrasion-hydro-aqua-facial-machine-for-clean-skin-rejuvenation-spa-equipment\/","title":{"rendered":"Hydrodermabrasion &amp; Hydro Aqua Facial Maschine f\u00fcr saubere Haut Verj\u00fcngung Spa Ausr\u00fcstung"},"content":{"rendered":"<p data-start=\"221\" data-end=\"772\">Die <strong data-start=\"244\" data-end=\"293\">Multifunktionale HydraFacial Hautpflegemaschine<\/strong> ist ein fortschrittliches, nicht-invasives Hautpflegesystem, das f\u00fcr professionelle Gesichtsbehandlungen zu Hause oder in einem Spa entwickelt wurde. Dieses vielseitige Ger\u00e4t kombiniert die Vorteile von Hydradermabrasion, Sauerstofftherapie, Ultraschall, Mikrostrom und LED-Lichttherapie und hilft, die Haut zu reinigen, zu peelen, zu hydratisieren und zu verj\u00fcngen. Es ist die perfekte L\u00f6sung f\u00fcr eine Reihe von Hautproblemen, einschlie\u00dflich feiner Linien, Falten, Akne, Mitessern, ungleichm\u00e4\u00dfigem Hautton und vergr\u00f6\u00dferten Poren.<\/p>\n<h4 data-start=\"774\" data-end=\"796\"><strong data-start=\"779\" data-end=\"795\">Wesentliche Merkmale<\/strong>:<\/h4>\n<ul data-start=\"797\" data-end=\"2787\">\n<li data-start=\"797\" data-end=\"1028\">\n<p data-start=\"799\" data-end=\"1028\"><strong data-start=\"799\" data-end=\"831\">Hydradermabrasions-Technologie<\/strong>: Entfernt durch ein sanftes Peeling auf Wasserbasis abgestorbene Hautzellen und Unreinheiten und spendet der Haut Feuchtigkeit. Es reinigt gr\u00fcndlich ohne scharfe Schleifmittel und ist daher auch f\u00fcr empfindliche Haut geeignet.<\/p>\n<\/li>\n<li data-start=\"1032\" data-end=\"1264\">\n<p data-start=\"1034\" data-end=\"1264\"><strong data-start=\"1034\" data-end=\"1058\">Diamant-Dermabrasion<\/strong>: Diese Funktion verwendet Diamantspitzen, um abgestorbene Hautzellen, Mitesser und Unreinheiten zu entfernen, so dass Ihre Haut glatt und verj\u00fcngt wird. Au\u00dferdem wird die Kollagenproduktion angeregt, um die Elastizit\u00e4t der Haut langfristig zu verbessern.<\/p>\n<\/li>\n<li data-start=\"1268\" data-end=\"1447\">\n<p data-start=\"1270\" data-end=\"1447\"><strong data-start=\"1270\" data-end=\"1288\">Vakuumansaugung<\/strong>: Hilft, Mitesser, \u00fcbersch\u00fcssiges Fett und Unreinheiten aus den Poren zu entfernen und f\u00f6rdert gleichzeitig die Blutzirkulation, was die Haut insgesamt ges\u00fcnder und straffer macht.<\/p>\n<\/li>\n<li data-start=\"1449\" data-end=\"1669\">\n<p data-start=\"1451\" data-end=\"1669\"><strong data-start=\"1451\" data-end=\"1467\">Sauerstoff-Spray<\/strong>: L\u00e4sst Sauerstoff und n\u00e4hrende Seren tief in die Hautschichten eindringen, um die Hautelastizit\u00e4t zu verbessern, Falten zu reduzieren und den Feuchtigkeitsgehalt zu erh\u00f6hen. Dieser Schritt hilft der Haut, sich zu erholen und ein jugendliches Aussehen zu erhalten.<\/p>\n<\/li>\n<li data-start=\"1671\" data-end=\"1858\">\n<p data-start=\"1673\" data-end=\"1858\"><strong data-start=\"1673\" data-end=\"1687\">Ultraschall<\/strong>: Verwendet Hochfrequenz-Schallwellen, um die Aufnahme von Seren und N\u00e4hrstoffen zu f\u00f6rdern, den Hautstoffwechsel anzukurbeln und Falten, feine Linien und Hauterschlaffung zu reduzieren.<\/p>\n<\/li>\n<li data-start=\"1860\" data-end=\"2091\">\n<p data-start=\"1862\" data-end=\"2091\"><strong data-start=\"1862\" data-end=\"1886\">Mikrostrom-Therapie<\/strong>: Stimuliert die Gesichtsmuskeln mit schwachen elektrischen Str\u00f6men, wodurch die Muskeln gest\u00e4rkt und die Haut gestrafft wird. Diese Funktion reduziert das Erscheinungsbild der Erschlaffung und f\u00f6rdert eine festere, glattere Hautstruktur.<\/p>\n<\/li>\n<li data-start=\"2093\" data-end=\"2433\">\n<p data-start=\"2095\" data-end=\"2207\"><strong data-start=\"2095\" data-end=\"2116\">LED-Lichttherapie<\/strong>: Bietet drei verschiedene Lichtmodi (rot, blau und gr\u00fcn) zur Behandlung verschiedener Hautprobleme:<\/p>\n<ul data-start=\"2210\" data-end=\"2433\">\n<li data-start=\"2210\" data-end=\"2290\">\n<p data-start=\"2212\" data-end=\"2290\"><strong data-start=\"2212\" data-end=\"2225\">Rotes Licht<\/strong>: Reduziert feine Linien und F\u00e4ltchen und f\u00f6rdert die Kollagenproduktion.<\/p>\n<\/li>\n<li data-start=\"2293\" data-end=\"2366\">\n<p data-start=\"2295\" data-end=\"2366\"><strong data-start=\"2295\" data-end=\"2309\">Blaues Licht<\/strong>: Bek\u00e4mpft Akne verursachende Bakterien und reduziert Entz\u00fcndungen.<\/p>\n<\/li>\n<li data-start=\"2369\" data-end=\"2433\">\n<p data-start=\"2371\" data-end=\"2433\"><strong data-start=\"2371\" data-end=\"2386\">Gr\u00fcnes Licht<\/strong>: Gleicht den Hautton aus und reduziert die Pigmentierung.<\/p>\n<\/li>\n<\/ul>\n<\/li>\n<li data-start=\"2435\" data-end=\"2622\">\n<p data-start=\"2437\" data-end=\"2622\"><strong data-start=\"2437\" data-end=\"2463\">Touchscreen-Schnittstelle<\/strong>: Die benutzerfreundliche, anpassbare Touchscreen-Benutzeroberfl\u00e4che erm\u00f6glicht es Ihnen, die Einstellungen f\u00fcr jede Funktion anzupassen und so eine auf Ihre individuellen Bed\u00fcrfnisse zugeschnittene Behandlung zu gew\u00e4hrleisten.<\/p>\n<\/li>\n<li data-start=\"2624\" data-end=\"2787\">\n<p data-start=\"2626\" data-end=\"2787\"><strong data-start=\"2626\" data-end=\"2656\">Kompaktes und elegantes Design<\/strong>: Das schlanke Design sorgt daf\u00fcr, dass das Ger\u00e4t perfekt in jeden Raum f\u00fcr Sch\u00f6nheitsbehandlungen passt, egal ob es sich um einen Salon, ein Spa oder den Gebrauch zu Hause handelt.<\/p>\n<\/li>\n<\/ul>\n<h4 data-start=\"2789\" data-end=\"2807\"><strong data-start=\"2794\" data-end=\"2806\">Vorteile<\/strong>:<\/h4>\n<ul data-start=\"2808\" data-end=\"3433\">\n<li data-start=\"2808\" data-end=\"2950\">\n<p data-start=\"2810\" data-end=\"2950\"><strong data-start=\"2810\" data-end=\"2839\">Umfassende Gesichtspflege<\/strong>: Das Ger\u00e4t bietet eine komplette Gesichtsbehandlung, die die Haut reinigt, peelt, mit Feuchtigkeit versorgt und verj\u00fcngt.<\/p>\n<\/li>\n<li data-start=\"2951\" data-end=\"3064\">\n<p data-start=\"2953\" data-end=\"3064\"><strong data-start=\"2953\" data-end=\"2979\">Nicht-invasive Behandlung<\/strong>: Sie bietet einen schmerzfreien, nicht-chirurgischen Ansatz zur Gesichtsverj\u00fcngung und Hautpflege.<\/p>\n<\/li>\n<li data-start=\"3065\" data-end=\"3162\">\n<p data-start=\"3067\" data-end=\"3162\"><strong data-start=\"3067\" data-end=\"3086\">Sichtbare Ergebnisse<\/strong>: Reduziert feine Linien, Akne, Mitesser und f\u00f6rdert eine strahlende, jugendliche Haut.<\/p>\n<\/li>\n<li data-start=\"3163\" data-end=\"3319\">\n<p data-start=\"3165\" data-end=\"3319\"><strong data-start=\"3165\" data-end=\"3196\">Geeignet f\u00fcr alle Hauttypen<\/strong>: Egal, ob Sie fettige, trockene, Mischhaut oder empfindliche Haut haben, dieses Ger\u00e4t bietet sanfte, aber effektive Pflege f\u00fcr alle.<\/p>\n<\/li>\n<li data-start=\"3320\" data-end=\"3433\">\n<p data-start=\"3322\" data-end=\"3433\"><strong data-start=\"3322\" data-end=\"3356\">Verbessert Hauttextur und Hautton<\/strong>: Die Kombination von Behandlungen f\u00f6rdert einen glatten, klaren und gleichm\u00e4\u00dfigen Hautton.<\/p>\n<\/li>\n<\/ul>\n<h4 data-start=\"3435\" data-end=\"3457\"><strong data-start=\"3440\" data-end=\"3456\">Anwendungen<\/strong>:<\/h4>\n<ul data-start=\"3458\" data-end=\"4063\">\n<li data-start=\"3458\" data-end=\"3603\">\n<p data-start=\"3460\" data-end=\"3603\"><strong data-start=\"3460\" data-end=\"3483\">Gesichtsverj\u00fcngung<\/strong>: Stimuliert die Kollagen- und Elastinproduktion und hilft so, die Zeichen der Hautalterung zu reduzieren und die Haut straffer und glatter zu machen.<\/p>\n<\/li>\n<li data-start=\"3604\" data-end=\"3737\">\n<p data-start=\"3606\" data-end=\"3737\"><strong data-start=\"3606\" data-end=\"3636\">Behandlung von Akne und Mitessern<\/strong>: Die Vakuumabsaugung, der Mikrostrom und das Sauerstoffspray helfen, die Poren zu reinigen und Akne und Mitesser zu reduzieren.<\/p>\n<\/li>\n<li data-start=\"3738\" data-end=\"3840\">\n<p data-start=\"3740\" data-end=\"3840\"><strong data-start=\"3740\" data-end=\"3754\">Anti-Aging<\/strong>: Bei regelm\u00e4\u00dfiger Anwendung reduziert das Ger\u00e4t sichtbar Falten, feine Linien und schlaffe Haut.<\/p>\n<\/li>\n<li data-start=\"3841\" data-end=\"3934\">\n<p data-start=\"3843\" data-end=\"3934\"><strong data-start=\"3843\" data-end=\"3861\">Hydratation der Haut<\/strong>: Versorgt die Haut mit Feuchtigkeit und macht sie weich, glatt und strahlend.<\/p>\n<\/li>\n<li data-start=\"3935\" data-end=\"4063\">\n<p data-start=\"3937\" data-end=\"4063\"><strong data-start=\"3937\" data-end=\"3960\">Pflege f\u00fcr empfindliche Haut<\/strong>: Die sanfte, nicht-abrasive Hydradermabrasionstechnologie ist selbst f\u00fcr die empfindlichsten Hauttypen sicher.<\/p>\n<\/li>\n<\/ul>","protected":false},"excerpt":{"rendered":"<p>Die <strong>HydraFacial Hautpflegeger\u00e4t<\/strong> bietet Gesichtsbehandlungen in Profiqualit\u00e4t f\u00fcr zu Hause. Mit Hydradermabrasion, Mikrostromtherapie, Ultraschall und LED-Licht reinigt, peelt, hydratisiert und verj\u00fcngt es die Haut, reduziert Falten und Akne und f\u00f6rdert einen jugendlichen, strahlenden Teint.<\/p>","protected":false},"featured_media":880,"template":"","meta":{"_kad_post_transparent":"default","_kad_post_title":"","_kad_post_layout":"default","_kad_post_sidebar_id":"","_kad_post_content_style":"default","_kad_post_vertical_padding":"default","_kad_post_feature":"","_kad_post_feature_position":"","_kad_post_header":false,"_kad_post_footer":false,"_kad_post_classname":""},"product_brand":[],"product_cat":[20],"product_tag":[124,123,125,111,120,127,121,128,122,126],"class_list":{"0":"post-733","1":"product","2":"type-product","3":"status-publish","4":"has-post-thumbnail","6":"product_cat-hydra-facial","7":"product_tag-acne-treatment-machine","8":"product_tag-anti-aging-skincare","9":"product_tag-facial-hydration-device","10":"product_tag-home-beauty-device","11":"product_tag-hydrafacial","12":"product_tag-led-light-therapy","13":"product_tag-microcurrent-skin-therapy","14":"product_tag-pore-cleansing-device","15":"product_tag-skin-rejuvenation-machine","16":"product_tag-spa-treatment-equipment","18":"first","19":"instock","20":"shipping-taxable","21":"product-type-simple","22":"entry","23":"content-bg","24":"loop-entry"},"_links":{"self":[{"href":"https:\/\/novezabeauty.com\/de\/wp-json\/wp\/v2\/product\/733","targetHints":{"allow":["GET"]}}],"collection":[{"href":"https:\/\/novezabeauty.com\/de\/wp-json\/wp\/v2\/product"}],"about":[{"href":"https:\/\/novezabeauty.com\/de\/wp-json\/wp\/v2\/types\/product"}],"version-history":[{"count":2,"href":"https:\/\/novezabeauty.com\/de\/wp-json\/wp\/v2\/product\/733\/revisions"}],"predecessor-version":[{"id":1258,"href":"https:\/\/novezabeauty.com\/de\/wp-json\/wp\/v2\/product\/733\/revisions\/1258"}],"wp:featuredmedia":[{"embeddable":true,"href":"https:\/\/novezabeauty.com\/de\/wp-json\/wp\/v2\/media\/880"}],"wp:attachment":[{"href":"https:\/\/novezabeauty.com\/de\/wp-json\/wp\/v2\/media?parent=733"}],"wp:term":[{"taxonomy":"product_brand","embeddable":true,"href":"https:\/\/novezabeauty.com\/de\/wp-json\/wp\/v2\/product_brand?post=733"},{"taxonomy":"product_cat","embeddable":true,"href":"https:\/\/novezabeauty.com\/de\/wp-json\/wp\/v2\/product_cat?post=733"},{"taxonomy":"product_tag","embeddable":true,"href":"https:\/\/novezabeauty.com\/de\/wp-json\/wp\/v2\/product_tag?post=733"}],"curies":[{"name":"wp","href":"https:\/\/api.w.org\/{rel}","templated":true}]}}