 {"id":739,"date":"2025-07-08T03:47:34","date_gmt":"2025-07-08T03:47:34","guid":{"rendered":"https:\/\/novezabeauty.com\/?post_type=product&#038;p=739"},"modified":"2025-11-23T08:40:00","modified_gmt":"2025-11-23T08:40:00","slug":"gold-radio-frequency-microcrystalline-skin-rejuvenation-device","status":"publish","type":"product","link":"https:\/\/novezabeauty.com\/de\/gold-radio-frequency-microcrystalline-skin-rejuvenation-device\/","title":{"rendered":"Gold Radiofrequenz Mikrokristalline Hautverj\u00fcngung Ger\u00e4t"},"content":{"rendered":"<p data-start=\"114\" data-end=\"251\"><strong data-start=\"114\" data-end=\"251\">Gold Radio Frequency Microcrystalline Skin Rejuvenation Device - Faltenentfernung, Hautstraffung, Akne Narben &amp; Stretch Mark Behandlung<\/strong><\/p>\n<p data-start=\"274\" data-end=\"613\"><strong data-start=\"274\" data-end=\"613\">Erzielen Sie glattere, straffere Haut mit dem Gold Radio Frequency Microcrystalline Skin Rejuvenation Device. Dieses Ger\u00e4t kombiniert mikrokristalline Technologie mit RF-Energie und bek\u00e4mpft effektiv Falten, Aknenarben, Dehnungsstreifen und ungleichm\u00e4\u00dfigen Hautton. Es eignet sich perfekt zur Gesichtsverj\u00fcngung, Hautstraffung und allgemeinen Verbesserung der Hautbeschaffenheit.<\/strong><\/p>\n<p data-start=\"640\" data-end=\"1033\">Unser Gold Radio Frequency Microcrystalline Skin Rejuvenation Device ist eine innovative Sch\u00f6nheitsl\u00f6sung, die fortschrittliche mikrokristalline Technologie mit Radiofrequenz (RF) Energie kombiniert. Es wurde entwickelt, um eine Tiefenstimulation der Haut zu erm\u00f6glichen, die Kollagenproduktion zu f\u00f6rdern und die Hautfestigkeit zu verbessern und gleichzeitig verschiedene Hautprobleme effektiv zu behandeln. Hier sind die wichtigsten Merkmale und Vorteile dieses Ger\u00e4ts:<\/p>\n<h4 data-start=\"1035\" data-end=\"1071\">1. <strong data-start=\"1043\" data-end=\"1071\">Pr\u00e4zise Tiefenreparatur der Haut<\/strong><\/h4>\n<p data-start=\"1072\" data-end=\"1353\">Die mikrokristallinen Spitzen durchdringen die Hautbarriere und stimulieren die Kollagen- und Elastinproduktion in den tieferen Hautschichten. Mit dem Ger\u00e4t k\u00f6nnen Sie die Eindringtiefe und die Intensit\u00e4t der HF-Energie einstellen und so pr\u00e4zise Behandlungen gew\u00e4hrleisten, die Ihren individuellen Bed\u00fcrfnissen entsprechen.<\/p>\n<h4 data-start=\"1355\" data-end=\"1403\">2. <strong data-start=\"1363\" data-end=\"1403\">Wirksam bei verschiedenen Hautproblemen<\/strong><\/h4>\n<p data-start=\"1404\" data-end=\"1690\">Ob Sie mit Falten, Kr\u00e4henf\u00fc\u00dfen, schlaffer Haut, Aknenarben, Dehnungsstreifen oder vergr\u00f6\u00dferten Poren zu k\u00e4mpfen haben, dieses Ger\u00e4t kann Ihnen helfen. Durch die Kombination der Vorteile von RF-Energie und mikrokristalliner Technologie wird die Haut gestrafft, das Erscheinungsbild von Falten reduziert und die Hautstruktur verbessert.<\/p>\n<h4 data-start=\"1692\" data-end=\"1725\">3. <strong data-start=\"1700\" data-end=\"1725\">Sicher und nicht-invasiv<\/strong><\/h4>\n<p data-start=\"1726\" data-end=\"2082\">Im Gegensatz zu herk\u00f6mmlichen Behandlungen verwendet das Gold RF Microcrystalline-Ger\u00e4t einen speziell entwickelten isolierten Mikrokristallkopf, der eine Besch\u00e4digung der Epidermis verhindert. Die RF-Energie wird in der richtigen Behandlungstiefe abgegeben, ohne die Hautoberfl\u00e4che thermisch zu sch\u00e4digen. Dadurch wird sichergestellt, dass nach der Behandlung keine Schorfbildung oder Verf\u00e4rbung auftritt, und die Erholungszeit ist minimal.<\/p>\n<h4 data-start=\"2084\" data-end=\"2116\">4. <strong data-start=\"2092\" data-end=\"2116\">Langanhaltende Ergebnisse<\/strong><\/h4>\n<p data-start=\"2117\" data-end=\"2353\">Sichtbare Ergebnisse sind bereits nach einer Sitzung zu sehen, und bei fortgesetzter Anwendung halten die Vorteile 3 bis 6 Jahre an. Die Hautstruktur verbessert sich mit der Zeit, tiefe Falten und Erschlaffung werden nach mehreren Behandlungen deutlich reduziert.<\/p>\n<h4 data-start=\"2355\" data-end=\"2393\">5. <strong data-start=\"2363\" data-end=\"2393\">Anpassbar und vielseitig<\/strong><\/h4>\n<p data-start=\"2394\" data-end=\"2735\">Dieses Ger\u00e4t bietet eine Vielzahl von Modi f\u00fcr verschiedene Behandlungsbereiche, einschlie\u00dflich Gesicht, Hals und Bauch. Ganz gleich, ob Sie Anti-Aging, Aknenarben oder Dehnungsstreifen behandeln m\u00f6chten, Sie k\u00f6nnen die Behandlungstiefe und die HF-Intensit\u00e4t an Ihre speziellen Bed\u00fcrfnisse anpassen. Dank der intuitiven Benutzeroberfl\u00e4che ist das Ger\u00e4t auch zu Hause leicht zu bedienen.<\/p>\n<h4 data-start=\"2737\" data-end=\"2771\">6. <strong data-start=\"2745\" data-end=\"2771\">Ger\u00e4te-Spezifikationen:<\/strong><\/h4>\n<ul data-start=\"2772\" data-end=\"3128\">\n<li data-start=\"2772\" data-end=\"2803\">\n<p data-start=\"2774\" data-end=\"2803\"><strong data-start=\"2774\" data-end=\"2794\">Ausgangsfrequenz<\/strong>: 2-4 MHz<\/p>\n<\/li>\n<li data-start=\"2804\" data-end=\"2831\">\n<p data-start=\"2806\" data-end=\"2831\"><strong data-start=\"2806\" data-end=\"2822\">Ausgangsleistung<\/strong>: 10-200W<\/p>\n<\/li>\n<li data-start=\"2832\" data-end=\"2913\">\n<p data-start=\"2834\" data-end=\"2913\"><strong data-start=\"2834\" data-end=\"2861\">Therapeutische Sondenarten<\/strong>: 10-Pin, 25-Pin, 64-Pin, Nano-Pin (austauschbar)<\/p>\n<\/li>\n<li data-start=\"2914\" data-end=\"2957\">\n<p data-start=\"2916\" data-end=\"2957\"><strong data-start=\"2916\" data-end=\"2933\">Eingangsspannung<\/strong>: AC 110V~220V~50Hz\/60Hz<\/p>\n<\/li>\n<li data-start=\"2958\" data-end=\"3019\">\n<p data-start=\"2960\" data-end=\"3019\"><strong data-start=\"2960\" data-end=\"2988\">Geeignete Behandlungsbereiche<\/strong>: Gesicht, Hals, Unterleib und mehr<\/p>\n<\/li>\n<li data-start=\"3020\" data-end=\"3128\">\n<p data-start=\"3022\" data-end=\"3128\"><strong data-start=\"3022\" data-end=\"3040\">Anwendbar f\u00fcr<\/strong>: Benutzer mit schlaffer Haut, Falten, Aknenarben, Dehnungsstreifen und anderen Hautproblemen.<\/p>\n<\/li>\n<\/ul>\n<h4 data-start=\"3130\" data-end=\"3165\">7. <strong data-start=\"3138\" data-end=\"3165\">Anwendbare Hautprobleme:<\/strong><\/h4>\n<ul data-start=\"3166\" data-end=\"3639\">\n<li data-start=\"3166\" data-end=\"3285\">\n<p data-start=\"3168\" data-end=\"3285\"><strong data-start=\"3168\" data-end=\"3196\">Falten und Kr\u00e4henf\u00fc\u00dfe<\/strong>: Reduziert wirksam Falten im Gesicht und am Hals und sorgt f\u00fcr ein glattes und straffes Hautbild.<\/p>\n<\/li>\n<li data-start=\"3286\" data-end=\"3395\">\n<p data-start=\"3288\" data-end=\"3395\"><strong data-start=\"3288\" data-end=\"3305\">Dehnungsstreifen<\/strong>: Verringert bei regelm\u00e4\u00dfiger Anwendung das Erscheinungsbild von Dehnungsstreifen, insbesondere am Bauch.<\/p>\n<\/li>\n<li data-start=\"3396\" data-end=\"3517\">\n<p data-start=\"3398\" data-end=\"3517\"><strong data-start=\"3398\" data-end=\"3425\">Aknenarben und Narbenbildung<\/strong>: Verbessert das Erscheinungsbild von Aknenarben und anderen Arten von Narben und f\u00f6rdert die Heilung der Haut.<\/p>\n<\/li>\n<li data-start=\"3518\" data-end=\"3639\">\n<p data-start=\"3520\" data-end=\"3639\"><strong data-start=\"3520\" data-end=\"3552\">Vergr\u00f6\u00dferte Poren und stumpfe Haut<\/strong>: Verkleinert die Poren, gleicht den Hautton aus und verbessert die allgemeine Helligkeit und Klarheit der Haut.<\/p>\n<\/li>\n<\/ul>\n<h4 data-start=\"3641\" data-end=\"3681\">8. <strong data-start=\"3649\" data-end=\"3681\">Arbeitsprinzip und Auswirkungen:<\/strong><\/h4>\n<ul data-start=\"3682\" data-end=\"4186\">\n<li data-start=\"3682\" data-end=\"3851\">\n<p data-start=\"3684\" data-end=\"3851\"><strong data-start=\"3684\" data-end=\"3725\">Mikrokristalline physikalische Exfoliation<\/strong>: Die mikrokristallinen Spitzen durchbrechen die Hautbarriere, reinigen die Poren und erm\u00f6glichen der Haut, die Behandlungen besser aufzunehmen.<\/p>\n<\/li>\n<li data-start=\"3852\" data-end=\"4046\">\n<p data-start=\"3854\" data-end=\"4046\"><strong data-start=\"3854\" data-end=\"3872\">Hochenergetische RF<\/strong>: Die RF-Energie dringt tief in die Dermis ein und stimuliert die Produktion von Kollagen, Elastin und Hyalurons\u00e4ure, was zu einer volleren, hydratisierten und faltenfreien Haut f\u00fchrt.<\/p>\n<\/li>\n<li data-start=\"4047\" data-end=\"4186\">\n<p data-start=\"4049\" data-end=\"4186\"><strong data-start=\"4049\" data-end=\"4073\">Transdermale Verabreichung<\/strong>: Die mikrokristallinen Kan\u00e4le verbessern die Absorption der personalisierten Behandlungen, wodurch die Ergebnisse insgesamt verbessert werden.<\/p>\n<\/li>\n<\/ul>\n<h4 data-start=\"4188\" data-end=\"4220\">9. <strong data-start=\"4196\" data-end=\"4220\">Pflege nach der Behandlung:<\/strong><\/h4>\n<ul data-start=\"4221\" data-end=\"4663\">\n<li data-start=\"4221\" data-end=\"4381\">\n<p data-start=\"4223\" data-end=\"4381\"><strong data-start=\"4223\" data-end=\"4244\">Kontraindikationen<\/strong>: Nicht empfohlen f\u00fcr Anwender mit Hautinfektionen, Hautkrankheiten (au\u00dfer Akne), Blutungsst\u00f6rungen, Schwangerschaft, Herzschrittmachern oder Hautkrebs.<\/p>\n<\/li>\n<li data-start=\"4382\" data-end=\"4663\">\n<p data-start=\"4384\" data-end=\"4663\"><strong data-start=\"4384\" data-end=\"4397\">Nachsorge<\/strong>: Vermeiden Sie den Kontakt mit Wasser f\u00fcr 24 Stunden nach der Behandlung. Tragen Sie Reparaturprodukte auf, um die Heilung der Haut zu f\u00f6rdern, vermeiden Sie Sonneneinstrahlung und verzichten Sie f\u00fcr kurze Zeit auf anstrengende Aktivit\u00e4ten. Alkoholkonsum sollte vermieden werden, da er den Heilungsprozess beeintr\u00e4chtigen kann.<\/p>\n<\/li>\n<\/ul>\n<p data-start=\"4665\" data-end=\"5013\">Das Gold Radio Frequency Microcrystalline Skin Rejuvenation Device bietet eine innovative und sichere L\u00f6sung f\u00fcr die nicht-invasive Hautverj\u00fcngung. Ganz gleich, ob Sie die Zeichen der Hautalterung bek\u00e4mpfen, Narben reduzieren oder einfach nur die Hautstruktur verbessern m\u00f6chten, dieses Ger\u00e4t liefert lang anhaltende und sp\u00fcrbare Ergebnisse. Ideal f\u00fcr die Anwendung zu Hause oder in professionellen Sch\u00f6nheitskliniken.<\/p>","protected":false},"excerpt":{"rendered":"<p>Erzielen Sie eine straffere, jugendlichere Haut mit dem <strong data-start=\"1071\" data-end=\"1120\">Heimgebrauch Beauty Equipment SPA Desktop Maschine<\/strong>. Dieses Ger\u00e4t ist ideal f\u00fcr die Gesichtsstraffung, Faltenreduzierung und Hautverj\u00fcngung und bietet professionelle Ergebnisse zu Hause.<\/p>\n<p>&nbsp;<\/p>","protected":false},"featured_media":875,"template":"","meta":{"_kad_post_transparent":"default","_kad_post_title":"","_kad_post_layout":"default","_kad_post_sidebar_id":"","_kad_post_content_style":"default","_kad_post_vertical_padding":"default","_kad_post_feature":"","_kad_post_feature_position":"","_kad_post_header":false,"_kad_post_footer":false,"_kad_post_classname":""},"product_brand":[],"product_cat":[23],"product_tag":[113,118,112,119,111,117,116,115,103,114],"class_list":{"0":"post-739","1":"product","2":"type-product","3":"status-publish","4":"has-post-thumbnail","6":"product_cat-micro-needle","7":"product_tag-anti-aging-equipment","8":"product_tag-beauty-machine-for-face","9":"product_tag-facial-firming-machine","10":"product_tag-facial-treatment-device","11":"product_tag-home-beauty-device","12":"product_tag-home-spa-equipment","13":"product_tag-microcurrent-therapy","14":"product_tag-skin-rejuvenation","15":"product_tag-skin-tightening-machine","16":"product_tag-wrinkle-reduction","18":"first","19":"instock","20":"shipping-taxable","21":"product-type-simple","22":"entry","23":"content-bg","24":"loop-entry"},"_links":{"self":[{"href":"https:\/\/novezabeauty.com\/de\/wp-json\/wp\/v2\/product\/739","targetHints":{"allow":["GET"]}}],"collection":[{"href":"https:\/\/novezabeauty.com\/de\/wp-json\/wp\/v2\/product"}],"about":[{"href":"https:\/\/novezabeauty.com\/de\/wp-json\/wp\/v2\/types\/product"}],"version-history":[{"count":2,"href":"https:\/\/novezabeauty.com\/de\/wp-json\/wp\/v2\/product\/739\/revisions"}],"predecessor-version":[{"id":1257,"href":"https:\/\/novezabeauty.com\/de\/wp-json\/wp\/v2\/product\/739\/revisions\/1257"}],"wp:featuredmedia":[{"embeddable":true,"href":"https:\/\/novezabeauty.com\/de\/wp-json\/wp\/v2\/media\/875"}],"wp:attachment":[{"href":"https:\/\/novezabeauty.com\/de\/wp-json\/wp\/v2\/media?parent=739"}],"wp:term":[{"taxonomy":"product_brand","embeddable":true,"href":"https:\/\/novezabeauty.com\/de\/wp-json\/wp\/v2\/product_brand?post=739"},{"taxonomy":"product_cat","embeddable":true,"href":"https:\/\/novezabeauty.com\/de\/wp-json\/wp\/v2\/product_cat?post=739"},{"taxonomy":"product_tag","embeddable":true,"href":"https:\/\/novezabeauty.com\/de\/wp-json\/wp\/v2\/product_tag?post=739"}],"curies":[{"name":"wp","href":"https:\/\/api.w.org\/{rel}","templated":true}]}}