 {"id":85,"date":"2025-06-30T08:32:59","date_gmt":"2025-06-30T08:32:59","guid":{"rendered":"https:\/\/novezabeauty.com\/?page_id=85"},"modified":"2025-11-14T03:22:29","modified_gmt":"2025-11-14T03:22:29","slug":"oem-odm","status":"publish","type":"page","link":"https:\/\/novezabeauty.com\/es\/resources\/oem-odm\/","title":{"rendered":"OEM Y ODM"},"content":{"rendered":"<div data-elementor-type=\"wp-page\" data-elementor-id=\"85\" class=\"elementor elementor-85\" data-elementor-post-type=\"page\">\n\t\t\t\t<div class=\"elementor-element elementor-element-108a93b e-flex e-con-boxed e-con e-parent\" data-id=\"108a93b\" data-element_type=\"container\" data-e-type=\"container\">\n\t\t\t\t\t<div class=\"e-con-inner\">\n\t\t\t\t<div class=\"elementor-element elementor-element-dab5566 elementor-widget elementor-widget-heading\" data-id=\"dab5566\" data-element_type=\"widget\" data-e-type=\"widget\" data-settings=\"{&quot;ekit_we_effect_on&quot;:&quot;none&quot;}\" data-widget_type=\"heading.default\">\n\t\t\t\t<div class=\"elementor-widget-container\">\n\t\t\t\t\t<h1 class=\"elementor-heading-title elementor-size-default\">OEM Y ODM<\/h1>\t\t\t\t<\/div>\n\t\t\t\t<\/div>\n\t\t\t\t<div class=\"elementor-element elementor-element-3e9a37c elementor-widget elementor-widget-text-editor\" data-id=\"3e9a37c\" data-element_type=\"widget\" data-e-type=\"widget\" data-settings=\"{&quot;ekit_we_effect_on&quot;:&quot;none&quot;}\" data-widget_type=\"text-editor.default\">\n\t\t\t\t<div class=\"elementor-widget-container\">\n\t\t\t\t\t\t\t\t\t<p>En Noveza, no nos limitamos a vender aparatos de belleza: somos un socio a nivel de f\u00e1brica que le ayuda a construir su propio equipo de marca desde el interior.<br data-start=\"258\" data-end=\"261\" \/>Nuestro servicio OEM &amp; ODM est\u00e1 dise\u00f1ado para distribuidores, cl\u00ednicas, cadenas de spas y propietarios de marcas que desean una calidad estable, una personalizaci\u00f3n flexible y una cooperaci\u00f3n a largo plazo con un fabricante de confianza.\u00a0 \u00a0 \u00a0<\/p><p>\u00a0<\/p>\t\t\t\t\t\t\t\t<\/div>\n\t\t\t\t<\/div>\n\t\t\t\t\t<\/div>\n\t\t\t\t<\/div>\n\t\t<div class=\"elementor-element elementor-element-fd6835d e-flex e-con-boxed e-con e-parent\" data-id=\"fd6835d\" data-element_type=\"container\" data-e-type=\"container\">\n\t\t\t\t\t<div class=\"e-con-inner\">\n\t\t\t\t<div class=\"elementor-element elementor-element-90e9da5 elementor-widget elementor-widget-heading\" data-id=\"90e9da5\" data-element_type=\"widget\" data-e-type=\"widget\" data-settings=\"{&quot;ekit_we_effect_on&quot;:&quot;none&quot;}\" data-widget_type=\"heading.default\">\n\t\t\t\t<div class=\"elementor-widget-container\">\n\t\t\t\t\t<h3 class=\"elementor-heading-title elementor-size-default\">Secci\u00f3n 1 - Qu\u00e9 cubre nuestro servicio OEM y ODM<\/h3>\t\t\t\t<\/div>\n\t\t\t\t<\/div>\n\t\t\t\t<div class=\"elementor-element elementor-element-c853b94 elementor-widget elementor-widget-text-editor\" data-id=\"c853b94\" data-element_type=\"widget\" data-e-type=\"widget\" data-settings=\"{&quot;ekit_we_effect_on&quot;:&quot;none&quot;}\" data-widget_type=\"text-editor.default\">\n\t\t\t\t<div class=\"elementor-widget-container\">\n\t\t\t\t\t\t\t\t\t<p data-start=\"510\" data-end=\"623\">\u00a0Ofrecemos un servicio de personalizaci\u00f3n de toda la cadena, desde la idea y el dise\u00f1o hasta las m\u00e1quinas acabadas y la asistencia posventa.<\/p><p data-start=\"625\" data-end=\"667\"><strong data-start=\"625\" data-end=\"667\">Puede trabajar con nosotros de dos formas principales:<\/strong><\/p><ul data-start=\"669\" data-end=\"1070\"><li data-start=\"669\" data-end=\"847\"><p data-start=\"671\" data-end=\"847\"><strong data-start=\"671\" data-end=\"716\">OEM (etiqueta privada y personalizaci\u00f3n ligera)<\/strong><br data-start=\"716\" data-end=\"719\" \/>Aplique su logotipo, colores e identidad de marca a nuestros modelos maduros. Ideal si quiere lanzarse r\u00e1pidamente con tecnolog\u00edas probadas.<\/p><\/li><li data-start=\"849\" data-end=\"1070\"><p data-start=\"851\" data-end=\"1070\"><strong data-start=\"851\" data-end=\"897\">ODM (personalizaci\u00f3n profunda y nuevo desarrollo)<\/strong><br data-start=\"897\" data-end=\"900\" \/>Co-desarrolle o personalice completamente un nuevo dispositivo -incluyendo funciones, apariencia, software e interfaz de usuario- de acuerdo con su posicionamiento en el mercado y sus conceptos de tratamiento.\u00a0 \u00a0 \u00a0\u00a0<\/p><\/li><\/ul><div>\u00a0<\/div><div>\u00a0<\/div>\t\t\t\t\t\t\t\t<\/div>\n\t\t\t\t<\/div>\n\t\t\t\t\t<\/div>\n\t\t\t\t<\/div>\n\t\t<div class=\"elementor-element elementor-element-e848e23 e-flex e-con-boxed e-con e-parent\" data-id=\"e848e23\" data-element_type=\"container\" data-e-type=\"container\">\n\t\t\t\t\t<div class=\"e-con-inner\">\n\t\t\t\t<div class=\"elementor-element elementor-element-889aaeb elementor-widget elementor-widget-heading\" data-id=\"889aaeb\" data-element_type=\"widget\" data-e-type=\"widget\" data-settings=\"{&quot;ekit_we_effect_on&quot;:&quot;none&quot;}\" data-widget_type=\"heading.default\">\n\t\t\t\t<div class=\"elementor-widget-container\">\n\t\t\t\t\t<h3 class=\"elementor-heading-title elementor-size-default\">Secci\u00f3n 2 - Qu\u00e9 puede personalizar<\/h3>\t\t\t\t<\/div>\n\t\t\t\t<\/div>\n\t\t\t\t<div class=\"elementor-element elementor-element-58c11c7 elementor-widget elementor-widget-text-editor\" data-id=\"58c11c7\" data-element_type=\"widget\" data-e-type=\"widget\" data-settings=\"{&quot;ekit_we_effect_on&quot;:&quot;none&quot;}\" data-widget_type=\"text-editor.default\">\n\t\t\t\t<div class=\"elementor-widget-container\">\n\t\t\t\t\t\t\t\t\t<p data-start=\"1116\" data-end=\"1218\">Entendemos que cada mercado y cada marca son diferentes, por lo que nuestro men\u00fa OEM &amp; ODM es flexible y modular.<\/p><p data-start=\"1220\" data-end=\"1244\"><strong data-start=\"1220\" data-end=\"1244\">Hardware y funciones<\/strong><\/p><ul data-start=\"1246\" data-end=\"1610\"><li data-start=\"1246\" data-end=\"1350\"><p data-start=\"1248\" data-end=\"1350\">Tipo de m\u00e1quina y funciones de tratamiento (lifting facial, rejuvenecimiento cut\u00e1neo, adelgazamiento, depilaci\u00f3n, etc.)<\/p><\/li><li data-start=\"1351\" data-end=\"1425\"><p data-start=\"1353\" data-end=\"1425\">Piezas de mano y cabezales de tratamiento (n\u00fameros, combinaciones, especificaciones)<\/p><\/li><li data-start=\"1426\" data-end=\"1527\"><p data-start=\"1428\" data-end=\"1527\">Rangos de salida de energ\u00eda y modos de trabajo (RF, HIFU, EMS, l\u00e1ser, cavitaci\u00f3n, criolip\u00f3lisis y m\u00e1s)<\/p><\/li><li data-start=\"1528\" data-end=\"1610\"><p data-start=\"1530\" data-end=\"1610\">Tama\u00f1o de la pantalla, disposici\u00f3n y estilo de funcionamiento (pantalla t\u00e1ctil, botones, l\u00f3gica de interfaz)<\/p><\/li><\/ul><p data-start=\"1612\" data-end=\"1641\"><strong data-start=\"1612\" data-end=\"1641\">Software e interfaz de usuario<\/strong><\/p><ul data-start=\"1643\" data-end=\"1868\"><li data-start=\"1643\" data-end=\"1695\"><p data-start=\"1645\" data-end=\"1695\">Idioma(s) de la interfaz y opciones multiling\u00fces<\/p><\/li><li data-start=\"1696\" data-end=\"1749\"><p data-start=\"1698\" data-end=\"1749\">Preajustes de tratamiento, protocolos y rangos de par\u00e1metros<\/p><\/li><li data-start=\"1750\" data-end=\"1804\"><p data-start=\"1752\" data-end=\"1804\">Visuales de marca en la interfaz de usuario (logotipo, tema de color, iconos)<\/p><\/li><li data-start=\"1805\" data-end=\"1868\"><p data-start=\"1807\" data-end=\"1868\">Protecci\u00f3n por contrase\u00f1a, niveles de usuario y otras funciones pr\u00e1cticas<\/p><\/li><\/ul><p data-start=\"1870\" data-end=\"1905\"><strong data-start=\"1870\" data-end=\"1905\">Marca, embalaje y documentos<\/strong><\/p><ul data-start=\"1907\" data-end=\"2164\"><li data-start=\"1907\" data-end=\"1977\"><p data-start=\"1909\" data-end=\"1977\">Impresi\u00f3n de logotipos (carcasa de la m\u00e1quina, piezas de mano, etiquetas, pantalla de inicio)<\/p><\/li><li data-start=\"1978\" data-end=\"2030\"><p data-start=\"1980\" data-end=\"2030\">Color de la m\u00e1quina, dise\u00f1o del panel y estilo exterior<\/p><\/li><li data-start=\"2031\" data-end=\"2091\"><p data-start=\"2033\" data-end=\"2091\">Dise\u00f1o del embalaje (caja de color, cart\u00f3n, bandeja interior, etiquetas)<\/p><\/li><li data-start=\"2092\" data-end=\"2164\"><p data-start=\"2094\" data-end=\"2164\">Manuales de usuario, gu\u00edas de tratamiento y material de marketing con su marca<\/p><\/li><\/ul><p data-start=\"2166\" data-end=\"2204\"><strong data-start=\"2166\" data-end=\"2204\">Consumibles y accesorios a juego<\/strong><\/p><ul data-start=\"2206\" data-end=\"2378\"><li data-start=\"2206\" data-end=\"2262\"><p data-start=\"2208\" data-end=\"2262\">Geles, sueros y mascarillas dise\u00f1ados para aparatos espec\u00edficos<\/p><\/li><li data-start=\"2263\" data-end=\"2316\"><p data-start=\"2265\" data-end=\"2316\">Gafas, mangos, puntas y otras piezas consumibles<\/p><\/li><li data-start=\"2317\" data-end=\"2378\"><p data-start=\"2319\" data-end=\"2378\">Sets de marketing y kits de exposici\u00f3n para cl\u00ednicas y salas de exposici\u00f3n\u00a0 \u00a0\u00a0<\/p><\/li><\/ul><div>\u00a0<\/div><div>\u00a0 \u00a0 \u00a0 \u00a0 \u00a0 \u00a0 \u00a0 \u00a0 \u00a0 \u00a0 \u00a0 \u00a0 \u00a0 \u00a0<\/div>\t\t\t\t\t\t\t\t<\/div>\n\t\t\t\t<\/div>\n\t\t\t\t\t<\/div>\n\t\t\t\t<\/div>\n\t\t<div class=\"elementor-element elementor-element-0334141 e-flex e-con-boxed e-con e-parent\" data-id=\"0334141\" data-element_type=\"container\" data-e-type=\"container\">\n\t\t\t\t\t<div class=\"e-con-inner\">\n\t\t\t\t<div class=\"elementor-element elementor-element-744c0e4 elementor-widget elementor-widget-heading\" data-id=\"744c0e4\" data-element_type=\"widget\" data-e-type=\"widget\" data-settings=\"{&quot;ekit_we_effect_on&quot;:&quot;none&quot;}\" data-widget_type=\"heading.default\">\n\t\t\t\t<div class=\"elementor-widget-container\">\n\t\t\t\t\t<h3 class=\"elementor-heading-title elementor-size-default\">Secci\u00f3n 3 - Nuestro flujo de trabajo OEM y ODM<\/h3>\t\t\t\t<\/div>\n\t\t\t\t<\/div>\n\t\t\t\t<div class=\"elementor-element elementor-element-876161e elementor-widget elementor-widget-text-editor\" data-id=\"876161e\" data-element_type=\"widget\" data-e-type=\"widget\" data-settings=\"{&quot;ekit_we_effect_on&quot;:&quot;none&quot;}\" data-widget_type=\"text-editor.default\">\n\t\t\t\t<div class=\"elementor-widget-container\">\n\t\t\t\t\t\t\t\t\t<p>\u00a0 \u00a0 \u00a0 \u00a0 \u00a0 Para que los proyectos sean claros y eficaces, seguimos un proceso estructurado pero flexible:<\/p><ol><li data-start=\"2508\" data-end=\"2716\"><p data-start=\"2511\" data-end=\"2716\"><strong data-start=\"2511\" data-end=\"2542\">Consultas y requisitos<\/strong><br data-start=\"2542\" data-end=\"2545\" \/>Usted comparte sus ideas, mercado objetivo, presupuesto y tratamientos deseados.<br data-start=\"2615\" data-end=\"2618\" \/>Le escuchamos, le hacemos preguntas clave y le ayudamos a concretar el concepto en requisitos t\u00e9cnicos claros.<\/p><\/li><li data-start=\"2718\" data-end=\"2933\"><p data-start=\"2721\" data-end=\"2933\"><strong data-start=\"2721\" data-end=\"2756\">Evaluaci\u00f3n t\u00e9cnica y propuesta<\/strong><br data-start=\"2756\" data-end=\"2759\" \/>Nuestros ingenieros eval\u00faan la viabilidad, recomiendan tecnolog\u00edas adecuadas \/ plataformas existentes y preparan una propuesta con las configuraciones sugeridas, el calendario y el marco de costes.<\/p><\/li><li data-start=\"2935\" data-end=\"3209\"><p data-start=\"2938\" data-end=\"3209\"><strong data-start=\"2938\" data-end=\"2962\">Dise\u00f1o e ingenier\u00eda<\/strong><br data-start=\"2962\" data-end=\"2965\" \/>Para los proyectos OEM, finalizamos el logotipo, los colores, el lenguaje de interfaz de usuario y el embalaje.<br data-start=\"3038\" data-end=\"3041\" \/>Para los proyectos ODM, trabajamos en el dise\u00f1o industrial, la placa de circuito impreso y la estructura, la l\u00f3gica del software y el dise\u00f1o de la interfaz, al tiempo que le mantenemos informado con borradores visuales y sugerencias.<\/p><\/li><li data-start=\"3211\" data-end=\"3427\"><p data-start=\"3214\" data-end=\"3427\"><strong data-start=\"3214\" data-end=\"3237\">Prototipos y pruebas<\/strong><br data-start=\"3237\" data-end=\"3240\" \/>Construimos unidades de muestra para pruebas internas y su evaluaci\u00f3n.<br data-start=\"3306\" data-end=\"3309\" \/>El rendimiento, la seguridad, la estabilidad y la experiencia del usuario se verifican mediante pruebas repetidas y las optimizaciones necesarias.<\/p><\/li><li data-start=\"3429\" data-end=\"3687\"><p data-start=\"3432\" data-end=\"3687\"><strong data-start=\"3432\" data-end=\"3470\">Apoyo a la certificaci\u00f3n y el cumplimiento<\/strong><br data-start=\"3470\" data-end=\"3473\" \/>En funci\u00f3n de los mercados a los que se dirija, podemos realizar pruebas e informes relacionados (como la documentaci\u00f3n de conformidad CE, RoHS y de otro tipo, si procede), y proporcionar datos t\u00e9cnicos para sus registros locales si es necesario.<\/p><\/li><li data-start=\"3689\" data-end=\"3935\"><p data-start=\"3692\" data-end=\"3935\"><strong data-start=\"3692\" data-end=\"3729\">Producci\u00f3n en serie y control de calidad<\/strong><br data-start=\"3729\" data-end=\"3732\" \/>Una vez confirmadas las muestras, iniciamos la producci\u00f3n por lotes bajo una estricta gesti\u00f3n de calidad. Cada dispositivo pasa por una inspecci\u00f3n de materiales entrantes, pruebas durante el proceso y pruebas finales de envejecimiento antes de su env\u00edo.<\/p><\/li><\/ol><p data-start=\"3940\" data-end=\"4165\"><strong data-start=\"3940\" data-end=\"3970\">Entrega y asistencia continua<\/strong><br data-start=\"3970\" data-end=\"3973\" \/>Organizamos soluciones de env\u00edo adecuadas seg\u00fan su regi\u00f3n y el tama\u00f1o del pedido, y seguimos proporcionando asistencia t\u00e9cnica, materiales de formaci\u00f3n y piezas de repuesto para un funcionamiento estable a largo plazo.\u00a0\u00a0<\/p><p data-start=\"3940\" data-end=\"4165\">\u00a0<\/p><p data-start=\"3940\" data-end=\"4165\"><span style=\"background-color: rgba(0, 0, 0, 0);\">\u00a0 \u00a0 \u00a0 \u00a0 \u00a0 \u00a0 \u00a0 \u00a0 \u00a0 \u00a0<\/span><span style=\"background-color: rgba(0, 0, 0, 0);\">\u00a0 \u00a0\u00a0<\/span><span style=\"background-color: rgba(0, 0, 0, 0);\">\u00a0 \u00a0 \u00a0 \u00a0 \u00a0 \u00a0 \u00a0 \u00a0 \u00a0 \u00a0 \u00a0 \u00a0 \u00a0 \u00a0 \u00a0 \u00a0<\/span><\/p>\t\t\t\t\t\t\t\t<\/div>\n\t\t\t\t<\/div>\n\t\t\t\t\t<\/div>\n\t\t\t\t<\/div>\n\t\t<div class=\"elementor-element elementor-element-22d0123 e-flex e-con-boxed e-con e-parent\" data-id=\"22d0123\" data-element_type=\"container\" data-e-type=\"container\">\n\t\t\t\t\t<div class=\"e-con-inner\">\n\t\t\t\t<div class=\"elementor-element elementor-element-61f761f elementor-widget elementor-widget-heading\" data-id=\"61f761f\" data-element_type=\"widget\" data-e-type=\"widget\" data-settings=\"{&quot;ekit_we_effect_on&quot;:&quot;none&quot;}\" data-widget_type=\"heading.default\">\n\t\t\t\t<div class=\"elementor-widget-container\">\n\t\t\t\t\t<h3 class=\"elementor-heading-title elementor-size-default\">Secci\u00f3n 4 - MOQ, plazo de entrega y flexibilidad<\/h3>\t\t\t\t<\/div>\n\t\t\t\t<\/div>\n\t\t\t\t<div class=\"elementor-element elementor-element-d2623d2 elementor-widget elementor-widget-text-editor\" data-id=\"d2623d2\" data-element_type=\"widget\" data-e-type=\"widget\" data-settings=\"{&quot;ekit_we_effect_on&quot;:&quot;none&quot;}\" data-widget_type=\"text-editor.default\">\n\t\t\t\t<div class=\"elementor-widget-container\">\n\t\t\t\t\t\t\t\t\t<p>Dado que los distintos mercados y tipos de proyectos tienen necesidades diferentes, intentamos que nuestra cooperaci\u00f3n sea flexible:<\/p><ul><li data-start=\"4325\" data-end=\"4592\"><p data-start=\"4327\" data-end=\"4336\"><strong data-start=\"4327\" data-end=\"4334\">MOQ<\/strong><\/p><ul data-start=\"4339\" data-end=\"4592\"><li data-start=\"4339\" data-end=\"4469\"><p data-start=\"4341\" data-end=\"4469\">Para OEM (logotipo + color + idioma de interfaz de usuario) basado en nuestros modelos est\u00e1ndar, admitimos MOQ relativamente bajos para ayudarle a probar el mercado.<\/p><\/li><li data-start=\"4472\" data-end=\"4592\"><p data-start=\"4474\" data-end=\"4592\">Para proyectos ODM de mayor envergadura, los MOQ ser\u00e1n m\u00e1s elevados y se decidir\u00e1n en funci\u00f3n de la complejidad del dise\u00f1o y de las piezas personalizadas implicadas.<\/p><\/li><\/ul><\/li><li data-start=\"4594\" data-end=\"4851\"><p data-start=\"4596\" data-end=\"4611\"><strong data-start=\"4596\" data-end=\"4609\">Plazos de entrega<\/strong><\/p><ul data-start=\"4614\" data-end=\"4851\"><li data-start=\"4614\" data-end=\"4707\"><p data-start=\"4616\" data-end=\"4707\">Los proyectos OEM est\u00e1ndar suelen tener plazos de entrega m\u00e1s cortos una vez confirmados los detalles del dise\u00f1o.<\/p><\/li><li data-start=\"4710\" data-end=\"4851\"><p data-start=\"4712\" data-end=\"4851\">El desarrollo de nuevos ODM incluye tiempo para el dise\u00f1o, la creaci\u00f3n de prototipos, las pruebas y la posible certificaci\u00f3n, por lo que planificamos el calendario con usted por adelantado.<\/p><\/li><\/ul><\/li><li data-start=\"4853\" data-end=\"5011\"><p data-start=\"4855\" data-end=\"5011\"><strong data-start=\"4855\" data-end=\"4872\">Ejemplos de pedidos<\/strong><br data-start=\"4872\" data-end=\"4875\" \/>Podemos proporcionarle unidades de muestra para pruebas y formaci\u00f3n, especialmente cuando se prepara para lanzar un nuevo proyecto o entrar en un nuevo mercado.\u00a0 \u00a0 \u00a0 \u00a0\u00a0<\/p><\/li><\/ul><div>\u00a0<\/div><div>\u00a0<\/div>\t\t\t\t\t\t\t\t<\/div>\n\t\t\t\t<\/div>\n\t\t\t\t\t<\/div>\n\t\t\t\t<\/div>\n\t\t<div class=\"elementor-element elementor-element-f51aa64 e-flex e-con-boxed e-con e-parent\" data-id=\"f51aa64\" data-element_type=\"container\" data-e-type=\"container\">\n\t\t\t\t\t<div class=\"e-con-inner\">\n\t\t\t\t<div class=\"elementor-element elementor-element-70e6e30 elementor-widget elementor-widget-heading\" data-id=\"70e6e30\" data-element_type=\"widget\" data-e-type=\"widget\" data-settings=\"{&quot;ekit_we_effect_on&quot;:&quot;none&quot;}\" data-widget_type=\"heading.default\">\n\t\t\t\t<div class=\"elementor-widget-container\">\n\t\t\t\t\t<h3 class=\"elementor-heading-title elementor-size-default\">Secci\u00f3n 5 - Por qu\u00e9 elegir Noveza como su f\u00e1brica OEM y ODM<\/h3>\t\t\t\t<\/div>\n\t\t\t\t<\/div>\n\t\t\t\t<div class=\"elementor-element elementor-element-5456bfa elementor-widget elementor-widget-text-editor\" data-id=\"5456bfa\" data-element_type=\"widget\" data-e-type=\"widget\" data-settings=\"{&quot;ekit_we_effect_on&quot;:&quot;none&quot;}\" data-widget_type=\"text-editor.default\">\n\t\t\t\t<div class=\"elementor-widget-container\">\n\t\t\t\t\t\t\t\t\t<p data-start=\"5152\" data-end=\"5263\">Trabajar directamente con una f\u00e1brica de productos de belleza le ofrece m\u00e1s control y estabilidad que los proveedores que s\u00f3lo comercian con ellos.<\/p><p data-start=\"5265\" data-end=\"5286\">Con Noveza, obtendr\u00e1:<\/p><ul data-start=\"5288\" data-end=\"5713\"><li data-start=\"5288\" data-end=\"5362\"><p data-start=\"5290\" data-end=\"5362\"><strong data-start=\"5290\" data-end=\"5319\">Producci\u00f3n directa de f\u00e1brica<\/strong> con un claro control de calidad en cada paso<\/p><\/li><li data-start=\"5363\" data-end=\"5452\"><p data-start=\"5365\" data-end=\"5452\"><strong data-start=\"5365\" data-end=\"5397\">Equipo de ingenieros con experiencia<\/strong> familiarizado con los aparatos de belleza profesionales y de uso dom\u00e9stico<\/p><\/li><li data-start=\"5453\" data-end=\"5534\"><p data-start=\"5455\" data-end=\"5534\"><strong data-start=\"5455\" data-end=\"5481\">Personalizaci\u00f3n flexible<\/strong> desde el simple logotipo OEM hasta proyectos ODM completos<\/p><\/li><li data-start=\"5535\" data-end=\"5613\"><p data-start=\"5537\" data-end=\"5613\"><strong data-start=\"5537\" data-end=\"5577\">Calidad constante y suministro estable<\/strong>Apoyar la cooperaci\u00f3n a largo plazo<\/p><\/li><li data-start=\"5614\" data-end=\"5713\"><p data-start=\"5616\" data-end=\"5713\"><strong data-start=\"5616\" data-end=\"5646\">Apoyo a los mercados mundiales<\/strong>, incluidos los datos t\u00e9cnicos y los documentos de conformidad cuando sea necesario<\/p><\/li><\/ul><p data-start=\"5715\" data-end=\"5841\">Nuestro objetivo no es s\u00f3lo venderle m\u00e1quinas, sino ayudarle a crear un negocio de belleza sostenible y rentable en su propio mercado.\u00a0\u00a0<\/p><p data-start=\"5715\" data-end=\"5841\">\u00a0<\/p><p data-start=\"5715\" data-end=\"5841\">\u00a0<\/p>\t\t\t\t\t\t\t\t<\/div>\n\t\t\t\t<\/div>\n\t\t\t\t\t<\/div>\n\t\t\t\t<\/div>\n\t\t<div class=\"elementor-element elementor-element-1d498e3 e-flex e-con-boxed e-con e-parent\" data-id=\"1d498e3\" data-element_type=\"container\" data-e-type=\"container\">\n\t\t\t\t\t<div class=\"e-con-inner\">\n\t\t\t\t<div class=\"elementor-element elementor-element-4869ee0 elementor-widget elementor-widget-heading\" data-id=\"4869ee0\" data-element_type=\"widget\" data-e-type=\"widget\" data-settings=\"{&quot;ekit_we_effect_on&quot;:&quot;none&quot;}\" data-widget_type=\"heading.default\">\n\t\t\t\t<div class=\"elementor-widget-container\">\n\t\t\t\t\t<h3 class=\"elementor-heading-title elementor-size-default\">Secci\u00f3n 6 - Inicie su proyecto OEM y ODM<\/h3>\t\t\t\t<\/div>\n\t\t\t\t<\/div>\n\t\t\t\t<div class=\"elementor-element elementor-element-3efdecd elementor-widget elementor-widget-text-editor\" data-id=\"3efdecd\" data-element_type=\"widget\" data-e-type=\"widget\" data-settings=\"{&quot;ekit_we_effect_on&quot;:&quot;none&quot;}\" data-widget_type=\"text-editor.default\">\n\t\t\t\t<div class=\"elementor-widget-container\">\n\t\t\t\t\t\t\t\t\t<p data-start=\"5893\" data-end=\"5948\">\u00bfListo para crear o actualizar su propia l\u00ednea de dispositivos de belleza?<\/p><p data-start=\"5950\" data-end=\"5997\">Cuando se ponga en contacto con nosotros, ser\u00e1 de gran ayuda que lo comparta:<\/p><ul data-start=\"5999\" data-end=\"6223\"><li data-start=\"5999\" data-end=\"6069\"><p data-start=\"6001\" data-end=\"6069\">Tratamientos objetivo y tipo de cliente (cl\u00ednica, spa, sal\u00f3n de belleza, uso dom\u00e9stico)<\/p><\/li><li data-start=\"6070\" data-end=\"6114\"><p data-start=\"6072\" data-end=\"6114\">Pa\u00edses o regiones en los que tiene previsto vender<\/p><\/li><li data-start=\"6115\" data-end=\"6189\"><p data-start=\"6117\" data-end=\"6189\">Tanto si prefiere el OEM (basado en nuestros modelos) como un desarrollo ODM m\u00e1s profundo<\/p><\/li><li data-start=\"6190\" data-end=\"6223\"><p data-start=\"6192\" data-end=\"6223\">Cantidad estimada y calendario<\/p><\/li><\/ul><p data-start=\"6225\" data-end=\"6432\">Comunique sus ideas y peticiones a nuestros ingenieros, y le prepararemos una propuesta OEM &amp; ODM a medida, incluyendo m\u00e1quinas sugeridas, opciones de personalizaci\u00f3n, plazo de entrega estimado y sugerencias de cooperaci\u00f3n.<\/p><p data-start=\"6225\" data-end=\"6432\">\u00a0<\/p>\t\t\t\t\t\t\t\t<\/div>\n\t\t\t\t<\/div>\n\t\t\t\t\t<\/div>\n\t\t\t\t<\/div>\n\t\t\t\t<\/div>","protected":false},"excerpt":{"rendered":"<p>OEM &amp; ODM At Noveza, we are not just selling beauty devices \u2013 we are a factory-level partner that helps you build your own branded equipment from the inside out.Our OEM &amp; ODM service is designed for distributors, clinics, spa chains and brand owners who want stable quality, flexible customization and long-term cooperation with a&#8230;<\/p>","protected":false},"author":1,"featured_media":0,"parent":83,"menu_order":1,"comment_status":"closed","ping_status":"closed","template":"","meta":{"_kad_post_transparent":"","_kad_post_title":"hide","_kad_post_layout":"fullwidth","_kad_post_sidebar_id":"","_kad_post_content_style":"unboxed","_kad_post_vertical_padding":"hide","_kad_post_feature":"hide","_kad_post_feature_position":"","_kad_post_header":false,"_kad_post_footer":false,"_kad_post_classname":"","footnotes":""},"class_list":["post-85","page","type-page","status-publish","hentry"],"_links":{"self":[{"href":"https:\/\/novezabeauty.com\/es\/wp-json\/wp\/v2\/pages\/85","targetHints":{"allow":["GET"]}}],"collection":[{"href":"https:\/\/novezabeauty.com\/es\/wp-json\/wp\/v2\/pages"}],"about":[{"href":"https:\/\/novezabeauty.com\/es\/wp-json\/wp\/v2\/types\/page"}],"author":[{"embeddable":true,"href":"https:\/\/novezabeauty.com\/es\/wp-json\/wp\/v2\/users\/1"}],"replies":[{"embeddable":true,"href":"https:\/\/novezabeauty.com\/es\/wp-json\/wp\/v2\/comments?post=85"}],"version-history":[{"count":9,"href":"https:\/\/novezabeauty.com\/es\/wp-json\/wp\/v2\/pages\/85\/revisions"}],"predecessor-version":[{"id":1077,"href":"https:\/\/novezabeauty.com\/es\/wp-json\/wp\/v2\/pages\/85\/revisions\/1077"}],"up":[{"embeddable":true,"href":"https:\/\/novezabeauty.com\/es\/wp-json\/wp\/v2\/pages\/83"}],"wp:attachment":[{"href":"https:\/\/novezabeauty.com\/es\/wp-json\/wp\/v2\/media?parent=85"}],"curies":[{"name":"wp","href":"https:\/\/api.w.org\/{rel}","templated":true}]}}