 {"id":87,"date":"2025-06-30T08:33:54","date_gmt":"2025-06-30T08:33:54","guid":{"rendered":"https:\/\/novezabeauty.com\/?page_id=87"},"modified":"2025-11-14T06:22:28","modified_gmt":"2025-11-14T06:22:28","slug":"be-a-partner","status":"publish","type":"page","link":"https:\/\/novezabeauty.com\/es\/resources\/be-a-partner\/","title":{"rendered":"Sea un socio"},"content":{"rendered":"<div data-elementor-type=\"wp-page\" data-elementor-id=\"87\" class=\"elementor elementor-87\" data-elementor-post-type=\"page\">\n\t\t\t\t<div class=\"elementor-element elementor-element-937422b e-flex e-con-boxed e-con e-parent\" data-id=\"937422b\" data-element_type=\"container\" data-e-type=\"container\">\n\t\t\t\t\t<div class=\"e-con-inner\">\n\t\t\t\t<div class=\"elementor-element elementor-element-5a1cb32 elementor-widget elementor-widget-heading\" data-id=\"5a1cb32\" data-element_type=\"widget\" data-e-type=\"widget\" data-settings=\"{&quot;ekit_we_effect_on&quot;:&quot;none&quot;}\" data-widget_type=\"heading.default\">\n\t\t\t\t<div class=\"elementor-widget-container\">\n\t\t\t\t\t<h1 class=\"elementor-heading-title elementor-size-default\">Sea un socio<\/h1>\t\t\t\t<\/div>\n\t\t\t\t<\/div>\n\t\t\t\t<div class=\"elementor-element elementor-element-8c30b30 elementor-widget elementor-widget-text-editor\" data-id=\"8c30b30\" data-element_type=\"widget\" data-e-type=\"widget\" data-settings=\"{&quot;ekit_we_effect_on&quot;:&quot;none&quot;}\" data-widget_type=\"text-editor.default\">\n\t\t\t\t<div class=\"elementor-widget-container\">\n\t\t\t\t\t\t\t\t\t<p>Haga crecer su negocio de belleza con un socio respaldado por la f\u00e1brica que entiende de dispositivos, tratamientos y mercados globales.<br data-start=\"254\" data-end=\"257\" \/>Noveza trabaja con distribuidores, cl\u00ednicas, grupos de balnearios y propietarios de marcas que desean equipos de belleza fiables, una cooperaci\u00f3n flexible y apoyo a largo plazo, no s\u00f3lo ventas de m\u00e1quinas puntuales.<\/p><p>\u00a0<\/p>\t\t\t\t\t\t\t\t<\/div>\n\t\t\t\t<\/div>\n\t\t\t\t\t<\/div>\n\t\t\t\t<\/div>\n\t\t<div class=\"elementor-element elementor-element-73530e7 e-flex e-con-boxed e-con e-parent\" data-id=\"73530e7\" data-element_type=\"container\" data-e-type=\"container\">\n\t\t\t\t\t<div class=\"e-con-inner\">\n\t\t\t\t<div class=\"elementor-element elementor-element-2dfed1a elementor-widget elementor-widget-heading\" data-id=\"2dfed1a\" data-element_type=\"widget\" data-e-type=\"widget\" data-settings=\"{&quot;ekit_we_effect_on&quot;:&quot;none&quot;}\" data-widget_type=\"heading.default\">\n\t\t\t\t<div class=\"elementor-widget-container\">\n\t\t\t\t\t<h4 class=\"elementor-heading-title elementor-size-default\">Con qui\u00e9n trabajamos<\/h4>\t\t\t\t<\/div>\n\t\t\t\t<\/div>\n\t\t\t\t<div class=\"elementor-element elementor-element-e7f6057 elementor-widget elementor-widget-text-editor\" data-id=\"e7f6057\" data-element_type=\"widget\" data-e-type=\"widget\" data-settings=\"{&quot;ekit_we_effect_on&quot;:&quot;none&quot;}\" data-widget_type=\"text-editor.default\">\n\t\t\t\t<div class=\"elementor-widget-container\">\n\t\t\t\t\t\t\t\t\t<p data-start=\"465\" data-end=\"554\">Damos la bienvenida a socios de diferentes sectores de la industria de la belleza y la est\u00e9tica, entre ellos:<\/p><ul data-start=\"556\" data-end=\"1050\"><li data-start=\"556\" data-end=\"688\"><p data-start=\"558\" data-end=\"688\"><strong data-start=\"558\" data-end=\"603\">Distribuidores regionales y empresas comerciales<\/strong><br data-start=\"603\" data-end=\"606\" \/>Creaci\u00f3n de carteras de productos de belleza profesionales para cl\u00ednicas, salones y spas.<\/p><\/li><li data-start=\"690\" data-end=\"826\"><p data-start=\"692\" data-end=\"826\"><strong data-start=\"692\" data-end=\"743\">Cl\u00ednicas, centros de medicina est\u00e9tica y cadenas de spas<\/strong><br data-start=\"743\" data-end=\"746\" \/>Busca dispositivos estables, f\u00e1ciles de manejar y una f\u00e1brica de confianza que los respalde.<\/p><\/li><li data-start=\"828\" data-end=\"944\"><p data-start=\"830\" data-end=\"944\"><strong data-start=\"830\" data-end=\"872\">Propietarios de marcas y empresas de marcas blancas<\/strong><br data-start=\"872\" data-end=\"875\" \/>Planean lanzar o ampliar sus propias l\u00edneas de dispositivos de belleza de marca.<\/p><\/li><li data-start=\"946\" data-end=\"1050\"><p data-start=\"948\" data-end=\"1050\"><strong data-start=\"948\" data-end=\"987\">Academias de formaci\u00f3n y escuelas de belleza<\/strong><br data-start=\"987\" data-end=\"990\" \/>Necesidad de equipos fiables para la ense\u00f1anza y la demostraci\u00f3n.<\/p><\/li><\/ul><p data-start=\"1052\" data-end=\"1189\">Tanto si est\u00e1 empezando en el sector de los equipos de belleza como si ya dispone de una s\u00f3lida red local, podemos adaptar nuestra colaboraci\u00f3n a su situaci\u00f3n.<\/p><p data-start=\"1052\" data-end=\"1189\">\u00a0<\/p><p data-start=\"1052\" data-end=\"1189\">\u00a0<\/p>\t\t\t\t\t\t\t\t<\/div>\n\t\t\t\t<\/div>\n\t\t\t\t\t<\/div>\n\t\t\t\t<\/div>\n\t\t<div class=\"elementor-element elementor-element-ae0d821 e-flex e-con-boxed e-con e-parent\" data-id=\"ae0d821\" data-element_type=\"container\" data-e-type=\"container\">\n\t\t\t\t\t<div class=\"e-con-inner\">\n\t\t\t\t<div class=\"elementor-element elementor-element-5cb38f7 elementor-widget elementor-widget-heading\" data-id=\"5cb38f7\" data-element_type=\"widget\" data-e-type=\"widget\" data-settings=\"{&quot;ekit_we_effect_on&quot;:&quot;none&quot;}\" data-widget_type=\"heading.default\">\n\t\t\t\t<div class=\"elementor-widget-container\">\n\t\t\t\t\t<h4 class=\"elementor-heading-title elementor-size-default\">\u00bfPor qu\u00e9 asociarse con Noveza?<\/h4>\t\t\t\t<\/div>\n\t\t\t\t<\/div>\n\t\t\t\t<div class=\"elementor-element elementor-element-c70d466 elementor-widget elementor-widget-text-editor\" data-id=\"c70d466\" data-element_type=\"widget\" data-e-type=\"widget\" data-settings=\"{&quot;ekit_we_effect_on&quot;:&quot;none&quot;}\" data-widget_type=\"text-editor.default\">\n\t\t\t\t<div class=\"elementor-widget-container\">\n\t\t\t\t\t\t\t\t\t<p data-start=\"1225\" data-end=\"1345\">Elegir al socio fabricante adecuado es fundamental para su reputaci\u00f3n y su negocio a largo plazo.<br data-start=\"1321\" data-end=\"1324\" \/>Con Noveza, obtendr\u00e1:<\/p><ul data-start=\"1347\" data-end=\"2324\"><li data-start=\"1347\" data-end=\"1502\"><p data-start=\"1349\" data-end=\"1502\"><strong data-start=\"1349\" data-end=\"1379\">Cooperaci\u00f3n directa entre f\u00e1bricas<\/strong><br data-start=\"1379\" data-end=\"1382\" \/>Somos una f\u00e1brica profesional de dispositivos de belleza, no una empresa exclusivamente comercial. Usted trabaja directamente con la fuente de producci\u00f3n.<\/p><\/li><li data-start=\"1504\" data-end=\"1812\"><p data-start=\"1506\" data-end=\"1812\"><strong data-start=\"1506\" data-end=\"1540\">Amplia cartera de tecnolog\u00edas<\/strong><br data-start=\"1540\" data-end=\"1543\" \/>Incluye aparatos de belleza de plasma, aparatos EMS, m\u00e1quinas de hidromasaje facial, aparatos HIFU, aparatos de terapia Endosphere, depiladoras l\u00e1ser de diodo, aparatos l\u00e1ser de cavitaci\u00f3n y lipol\u00e1ser, aparatos combinados EMS + Endosphere, aparatos RF de microagujas y productos para el cuidado de la piel a juego.<\/p><\/li><li data-start=\"1814\" data-end=\"1965\"><p data-start=\"1816\" data-end=\"1965\"><strong data-start=\"1816\" data-end=\"1840\">Capacidad OEM y ODM<\/strong><br data-start=\"1840\" data-end=\"1843\" \/>Desde logotipos y colores OEM hasta proyectos ODM con todas las funciones, puede crear una l\u00ednea de productos diferenciada con su propia marca.<\/p><\/li><li data-start=\"1967\" data-end=\"2131\"><p data-start=\"1969\" data-end=\"2131\"><strong data-start=\"1969\" data-end=\"2007\">Calidad estable y suministro constante<\/strong><br data-start=\"2007\" data-end=\"2010\" \/>Los procedimientos normalizados de producci\u00f3n, pruebas y envejecimiento ayudan a reducir los problemas posventa y favorecen la cooperaci\u00f3n a largo plazo.<\/p><\/li><li data-start=\"2133\" data-end=\"2324\"><p data-start=\"2135\" data-end=\"2324\"><strong data-start=\"2135\" data-end=\"2165\">Apoyo a los mercados mundiales<\/strong><br data-start=\"2165\" data-end=\"2168\" \/>Experiencia en trabajar con socios de distintos pa\u00edses y regiones, y capacidad para preparar datos t\u00e9cnicos e informes de pruebas relacionados cuando sea necesario.<\/p><\/li><\/ul><p data-start=\"2326\" data-end=\"2440\">Nuestro objetivo es ayudarle a crear un negocio local s\u00f3lido con dispositivos pr\u00e1cticos, rentables y sostenibles.<\/p><p data-start=\"2326\" data-end=\"2440\">\u00a0<\/p>\t\t\t\t\t\t\t\t<\/div>\n\t\t\t\t<\/div>\n\t\t\t\t\t<\/div>\n\t\t\t\t<\/div>\n\t\t<div class=\"elementor-element elementor-element-8e07b81 e-flex e-con-boxed e-con e-parent\" data-id=\"8e07b81\" data-element_type=\"container\" data-e-type=\"container\">\n\t\t\t\t\t<div class=\"e-con-inner\">\n\t\t\t\t<div class=\"elementor-element elementor-element-b8cf848 elementor-widget elementor-widget-heading\" data-id=\"b8cf848\" data-element_type=\"widget\" data-e-type=\"widget\" data-settings=\"{&quot;ekit_we_effect_on&quot;:&quot;none&quot;}\" data-widget_type=\"heading.default\">\n\t\t\t\t<div class=\"elementor-widget-container\">\n\t\t\t\t\t<h4 class=\"elementor-heading-title elementor-size-default\">Modelos de asociaci\u00f3n<\/h4>\t\t\t\t<\/div>\n\t\t\t\t<\/div>\n\t\t\t\t<div class=\"elementor-element elementor-element-e9baa7b elementor-widget elementor-widget-text-editor\" data-id=\"e9baa7b\" data-element_type=\"widget\" data-e-type=\"widget\" data-settings=\"{&quot;ekit_we_effect_on&quot;:&quot;none&quot;}\" data-widget_type=\"text-editor.default\">\n\t\t\t\t<div class=\"elementor-widget-container\">\n\t\t\t\t\t\t\t\t\t<p data-start=\"2470\" data-end=\"2552\">Ofrecemos modelos de cooperaci\u00f3n flexibles en funci\u00f3n de su mercado, escala y estrategia:<\/p><h3 data-start=\"2554\" data-end=\"2585\">1. Distribuidores y revendedores<\/h3><ul data-start=\"2587\" data-end=\"2771\"><li data-start=\"2587\" data-end=\"2638\"><p data-start=\"2589\" data-end=\"2638\">Comprar m\u00e1quinas con la marca Noveza o con la etiqueta OEM<\/p><\/li><li data-start=\"2639\" data-end=\"2697\"><p data-start=\"2641\" data-end=\"2697\">Vender a cl\u00ednicas, salones, spas y centros de belleza locales<\/p><\/li><li data-start=\"2698\" data-end=\"2771\"><p data-start=\"2700\" data-end=\"2771\">Acceda a precios, material de formaci\u00f3n y asistencia t\u00e9cnica para socios<\/p><\/li><\/ul><h3 data-start=\"2773\" data-end=\"2808\">2. OEM \/ Socios de marca blanca<\/h3><ul data-start=\"2810\" data-end=\"2986\"><li data-start=\"2810\" data-end=\"2848\"><p data-start=\"2812\" data-end=\"2848\">Utilice nuestros modelos maduros como base<\/p><\/li><li data-start=\"2849\" data-end=\"2909\"><p data-start=\"2851\" data-end=\"2909\">Personalice el logotipo, los colores, el idioma de la interfaz y el embalaje<\/p><\/li><li data-start=\"2910\" data-end=\"2986\"><p data-start=\"2912\" data-end=\"2986\">Cree su propia marca de dispositivos con un plazo de comercializaci\u00f3n m\u00e1s corto y un menor riesgo de I+D<\/p><\/li><\/ul><h3 data-start=\"2988\" data-end=\"3023\">3. ODM y socios basados en proyectos<\/h3><ul data-start=\"3025\" data-end=\"3236\"><li data-start=\"3025\" data-end=\"3102\"><p data-start=\"3027\" data-end=\"3102\">Co-desarrollar dispositivos para sus conceptos de tratamiento espec\u00edficos o clientes objetivo<\/p><\/li><li data-start=\"3103\" data-end=\"3164\"><p data-start=\"3105\" data-end=\"3164\">Personalice a fondo las funciones, el aspecto, el software y la interfaz de usuario<\/p><\/li><li data-start=\"3165\" data-end=\"3236\"><p data-start=\"3167\" data-end=\"3236\">Adecuado para marcas establecidas y cadenas con planes claros a largo plazo<\/p><\/li><\/ul><h3 data-start=\"3238\" data-end=\"3290\">4. Cuentas clave: Cl\u00ednicas, grupos de balnearios y academias<\/h3><ul data-start=\"3292\" data-end=\"3490\"><li data-start=\"3292\" data-end=\"3361\"><p data-start=\"3294\" data-end=\"3361\">Carteras de dispositivos a medida para sus sucursales y centros de formaci\u00f3n<\/p><\/li><li data-start=\"3362\" data-end=\"3418\"><p data-start=\"3364\" data-end=\"3418\">Especificaciones y marca unificadas en todas las sedes<\/p><\/li><li data-start=\"3419\" data-end=\"3490\"><p data-start=\"3421\" data-end=\"3490\">Formaci\u00f3n y apoyo continuos para mantener a sus equipos seguros y actualizados<\/p><\/li><\/ul><p>\u00a0<\/p>\t\t\t\t\t\t\t\t<\/div>\n\t\t\t\t<\/div>\n\t\t\t\t\t<\/div>\n\t\t\t\t<\/div>\n\t\t<div class=\"elementor-element elementor-element-dd20871 e-flex e-con-boxed e-con e-parent\" data-id=\"dd20871\" data-element_type=\"container\" data-e-type=\"container\">\n\t\t\t\t\t<div class=\"e-con-inner\">\n\t\t\t\t<div class=\"elementor-element elementor-element-e1d767b elementor-widget elementor-widget-heading\" data-id=\"e1d767b\" data-element_type=\"widget\" data-e-type=\"widget\" data-settings=\"{&quot;ekit_we_effect_on&quot;:&quot;none&quot;}\" data-widget_type=\"heading.default\">\n\t\t\t\t<div class=\"elementor-widget-container\">\n\t\t\t\t\t<h4 class=\"elementor-heading-title elementor-size-default\">\u00bfListo para hablar de asociaci\u00f3n?<\/h4>\t\t\t\t<\/div>\n\t\t\t\t<\/div>\n\t\t\t\t<div class=\"elementor-element elementor-element-5a1d24c elementor-widget elementor-widget-text-editor\" data-id=\"5a1d24c\" data-element_type=\"widget\" data-e-type=\"widget\" data-settings=\"{&quot;ekit_we_effect_on&quot;:&quot;none&quot;}\" data-widget_type=\"text-editor.default\">\n\t\t\t\t<div class=\"elementor-widget-container\">\n\t\t\t\t\t\t\t\t\t<p data-start=\"5982\" data-end=\"6047\">Si est\u00e1 interesado en asociarse a Noveza, comp\u00e1rtalo:<\/p><ul data-start=\"6049\" data-end=\"6317\"><li data-start=\"6049\" data-end=\"6089\"><p data-start=\"6051\" data-end=\"6089\">Nombre de su empresa y pa\u00eds\/regi\u00f3n<\/p><\/li><li data-start=\"6090\" data-end=\"6172\"><p data-start=\"6092\" data-end=\"6172\">Su principal tipo de negocio (distribuidor, cl\u00ednica, spa, propietario de marca, academia, etc.)<\/p><\/li><li data-start=\"6173\" data-end=\"6234\"><p data-start=\"6175\" data-end=\"6234\">Los tratamientos o tipos de dispositivos que m\u00e1s le interesan<\/p><\/li><li data-start=\"6235\" data-end=\"6317\"><p data-start=\"6237\" data-end=\"6317\">Su plan de compra estimado (por ejemplo, pedido inicial y perspectiva de 6 a 12 meses)<\/p><\/li><\/ul><p data-start=\"6319\" data-end=\"6404\">Cuente sus ideas y peticiones a nuestro equipo, y le responderemos con una propuesta clara al respecto:<\/p><ul data-start=\"6406\" data-end=\"6531\"><li data-start=\"6406\" data-end=\"6451\"><p data-start=\"6408\" data-end=\"6451\">Dispositivos recomendados y modelo de cooperaci\u00f3n<\/p><\/li><li data-start=\"6452\" data-end=\"6502\"><p data-start=\"6454\" data-end=\"6502\">Orientaci\u00f3n b\u00e1sica sobre precios y sugerencias de ejemplos<\/p><\/li><li data-start=\"6503\" data-end=\"6531\"><p data-start=\"6505\" data-end=\"6531\">Pr\u00f3ximos pasos para avanzar<\/p><\/li><\/ul><p data-start=\"6533\" data-end=\"6580\"><strong data-start=\"6533\" data-end=\"6580\">[Solicite ser socio] [P\u00f3ngase en contacto con nuestro equipo].<\/strong><\/p>\t\t\t\t\t\t\t\t<\/div>\n\t\t\t\t<\/div>\n\t\t\t\t\t<\/div>\n\t\t\t\t<\/div>\n\t\t\t\t<\/div>","protected":false},"excerpt":{"rendered":"<p>Be A Partner Grow your beauty business with a factory-backed partner who understands devices, treatments and global markets.Noveza works with distributors, clinics, spa groups and brand owners who want reliable beauty equipment, flexible cooperation and long-term support\u2014not just one-time machine sales. \u00a0 Who We Work With We welcome partners from different parts of the beauty&#8230;<\/p>","protected":false},"author":1,"featured_media":0,"parent":83,"menu_order":2,"comment_status":"closed","ping_status":"closed","template":"","meta":{"_kad_post_transparent":"","_kad_post_title":"hide","_kad_post_layout":"fullwidth","_kad_post_sidebar_id":"","_kad_post_content_style":"unboxed","_kad_post_vertical_padding":"hide","_kad_post_feature":"hide","_kad_post_feature_position":"","_kad_post_header":false,"_kad_post_footer":false,"_kad_post_classname":"","footnotes":""},"class_list":["post-87","page","type-page","status-publish","hentry"],"_links":{"self":[{"href":"https:\/\/novezabeauty.com\/es\/wp-json\/wp\/v2\/pages\/87","targetHints":{"allow":["GET"]}}],"collection":[{"href":"https:\/\/novezabeauty.com\/es\/wp-json\/wp\/v2\/pages"}],"about":[{"href":"https:\/\/novezabeauty.com\/es\/wp-json\/wp\/v2\/types\/page"}],"author":[{"embeddable":true,"href":"https:\/\/novezabeauty.com\/es\/wp-json\/wp\/v2\/users\/1"}],"replies":[{"embeddable":true,"href":"https:\/\/novezabeauty.com\/es\/wp-json\/wp\/v2\/comments?post=87"}],"version-history":[{"count":5,"href":"https:\/\/novezabeauty.com\/es\/wp-json\/wp\/v2\/pages\/87\/revisions"}],"predecessor-version":[{"id":1086,"href":"https:\/\/novezabeauty.com\/es\/wp-json\/wp\/v2\/pages\/87\/revisions\/1086"}],"up":[{"embeddable":true,"href":"https:\/\/novezabeauty.com\/es\/wp-json\/wp\/v2\/pages\/83"}],"wp:attachment":[{"href":"https:\/\/novezabeauty.com\/es\/wp-json\/wp\/v2\/media?parent=87"}],"curies":[{"name":"wp","href":"https:\/\/api.w.org\/{rel}","templated":true}]}}