 {"id":89,"date":"2025-06-30T08:35:54","date_gmt":"2025-06-30T08:35:54","guid":{"rendered":"https:\/\/novezabeauty.com\/?page_id=89"},"modified":"2025-11-14T07:06:47","modified_gmt":"2025-11-14T07:06:47","slug":"supports","status":"publish","type":"page","link":"https:\/\/novezabeauty.com\/es\/resources\/supports\/","title":{"rendered":"Admite"},"content":{"rendered":"<div data-elementor-type=\"wp-page\" data-elementor-id=\"89\" class=\"elementor elementor-89\" data-elementor-post-type=\"page\">\n\t\t\t\t<div class=\"elementor-element elementor-element-2e65b5f e-flex e-con-boxed e-con e-parent\" data-id=\"2e65b5f\" data-element_type=\"container\" data-e-type=\"container\">\n\t\t\t\t\t<div class=\"e-con-inner\">\n\t\t\t\t<div class=\"elementor-element elementor-element-7e1080c elementor-widget elementor-widget-heading\" data-id=\"7e1080c\" data-element_type=\"widget\" data-e-type=\"widget\" data-settings=\"{&quot;ekit_we_effect_on&quot;:&quot;none&quot;}\" data-widget_type=\"heading.default\">\n\t\t\t\t<div class=\"elementor-widget-container\">\n\t\t\t\t\t<h1 class=\"elementor-heading-title elementor-size-default\">Admite<\/h1>\t\t\t\t<\/div>\n\t\t\t\t<\/div>\n\t\t\t\t<div class=\"elementor-element elementor-element-fcaf23f elementor-widget elementor-widget-text-editor\" data-id=\"fcaf23f\" data-element_type=\"widget\" data-e-type=\"widget\" data-settings=\"{&quot;ekit_we_effect_on&quot;:&quot;none&quot;}\" data-widget_type=\"text-editor.default\">\n\t\t\t\t<div class=\"elementor-widget-container\">\n\t\t\t\t\t\t\t\t\t<p data-start=\"110\" data-end=\"371\">Cuando elige los dispositivos Noveza, no s\u00f3lo est\u00e1 comprando una m\u00e1quina, sino que est\u00e1 trabajando con la f\u00e1brica que hay detr\u00e1s.<br data-start=\"219\" data-end=\"222\" \/>Nuestro soporte est\u00e1 dise\u00f1ado para ayudar a cl\u00ednicas, spas, distribuidores y propietarios de marcas a utilizar nuestros equipos con seguridad, confianza y eficacia en la pr\u00e1ctica diaria.<\/p><p data-start=\"373\" data-end=\"489\">En esta p\u00e1gina encontrar\u00e1 un resumen de la ayuda t\u00e9cnica, la formaci\u00f3n, los materiales y el servicio posventa que ofrecemos.<\/p><p data-start=\"373\" data-end=\"489\">\u00a0<\/p>\t\t\t\t\t\t\t\t<\/div>\n\t\t\t\t<\/div>\n\t\t\t\t\t<\/div>\n\t\t\t\t<\/div>\n\t\t<div class=\"elementor-element elementor-element-a4f7ca7 e-flex e-con-boxed e-con e-parent\" data-id=\"a4f7ca7\" data-element_type=\"container\" data-e-type=\"container\">\n\t\t\t\t\t<div class=\"e-con-inner\">\n\t\t\t\t<div class=\"elementor-element elementor-element-7908e0a elementor-widget elementor-widget-heading\" data-id=\"7908e0a\" data-element_type=\"widget\" data-e-type=\"widget\" data-settings=\"{&quot;ekit_we_effect_on&quot;:&quot;none&quot;}\" data-widget_type=\"heading.default\">\n\t\t\t\t<div class=\"elementor-widget-container\">\n\t\t\t\t\t<h4 class=\"elementor-heading-title elementor-size-default\">Asistencia general<\/h4>\t\t\t\t<\/div>\n\t\t\t\t<\/div>\n\t\t\t\t<div class=\"elementor-element elementor-element-33f439d elementor-widget elementor-widget-text-editor\" data-id=\"33f439d\" data-element_type=\"widget\" data-e-type=\"widget\" data-settings=\"{&quot;ekit_we_effect_on&quot;:&quot;none&quot;}\" data-widget_type=\"text-editor.default\">\n\t\t\t\t<div class=\"elementor-widget-container\">\n\t\t\t\t\t\t\t\t\t<p data-start=\"529\" data-end=\"579\">Ofrecemos asistencia integral en cuatro \u00e1reas clave:<\/p><ul data-start=\"581\" data-end=\"875\"><li data-start=\"581\" data-end=\"656\"><p data-start=\"583\" data-end=\"656\"><strong data-start=\"583\" data-end=\"604\">Asistencia t\u00e9cnica<\/strong> - para la instalaci\u00f3n, el funcionamiento y la resoluci\u00f3n de problemas<\/p><\/li><li data-start=\"657\" data-end=\"734\"><p data-start=\"659\" data-end=\"734\"><strong data-start=\"659\" data-end=\"679\">Apoyo a la formaci\u00f3n<\/strong> - para el uso del tratamiento, la parametrizaci\u00f3n y los protocolos<\/p><\/li><li data-start=\"735\" data-end=\"806\"><p data-start=\"737\" data-end=\"806\"><strong data-start=\"737\" data-end=\"763\">Garant\u00eda y piezas de repuesto<\/strong> - para que sus dispositivos funcionen a largo plazo<\/p><\/li><li data-start=\"807\" data-end=\"875\"><p data-start=\"809\" data-end=\"875\"><strong data-start=\"809\" data-end=\"834\">Recursos y descargas<\/strong> - manuales, v\u00eddeos y conceptos b\u00e1sicos de marketing<\/p><\/li><\/ul><p data-start=\"877\" data-end=\"1016\">Tanto si est\u00e1 configurando su primer dispositivo como si est\u00e1 gestionando m\u00faltiples ubicaciones, nuestro objetivo es ser un socio de backend fiable para su negocio.<\/p><p data-start=\"877\" data-end=\"1016\">\u00a0<\/p>\t\t\t\t\t\t\t\t<\/div>\n\t\t\t\t<\/div>\n\t\t\t\t\t<\/div>\n\t\t\t\t<\/div>\n\t\t<div class=\"elementor-element elementor-element-1920362 e-flex e-con-boxed e-con e-parent\" data-id=\"1920362\" data-element_type=\"container\" data-e-type=\"container\">\n\t\t\t\t\t<div class=\"e-con-inner\">\n\t\t\t\t<div class=\"elementor-element elementor-element-e0ec945 elementor-widget elementor-widget-heading\" data-id=\"e0ec945\" data-element_type=\"widget\" data-e-type=\"widget\" data-settings=\"{&quot;ekit_we_effect_on&quot;:&quot;none&quot;}\" data-widget_type=\"heading.default\">\n\t\t\t\t<div class=\"elementor-widget-container\">\n\t\t\t\t\t<h4 class=\"elementor-heading-title elementor-size-default\">C\u00f3mo obtener ayuda<\/h4>\t\t\t\t<\/div>\n\t\t\t\t<\/div>\n\t\t\t\t<div class=\"elementor-element elementor-element-118857d elementor-widget elementor-widget-text-editor\" data-id=\"118857d\" data-element_type=\"widget\" data-e-type=\"widget\" data-settings=\"{&quot;ekit_we_effect_on&quot;:&quot;none&quot;}\" data-widget_type=\"text-editor.default\">\n\t\t\t\t<div class=\"elementor-widget-container\">\n\t\t\t\t\t\t\t\t\t<p data-start=\"4683\" data-end=\"4743\">i necesitas ayuda, te recomendamos que sigas estos sencillos pasos:<\/p><p data-start=\"4901\" data-end=\"4945\">Fotos o v\u00eddeos si se trata de un problema t\u00e9cnico<\/p><ol data-start=\"4745\" data-end=\"5298\"><li data-start=\"4947\" data-end=\"5096\"><p data-start=\"4950\" data-end=\"4983\"><strong data-start=\"4950\" data-end=\"4981\">Elija su canal de contacto<\/strong><\/p><ul data-start=\"4987\" data-end=\"5096\"><li data-start=\"4987\" data-end=\"5030\"><p data-start=\"4989\" data-end=\"5030\">P\u00f3ngase en contacto directamente con su jefe de ventas o<\/p><\/li><li data-start=\"5034\" data-end=\"5096\"><p data-start=\"5036\" data-end=\"5096\">Utilice el correo electr\u00f3nico oficial de asistencia \/ el formulario de contacto de nuestro sitio web<\/p><\/li><\/ul><\/li><li data-start=\"5098\" data-end=\"5298\"><p data-start=\"5101\" data-end=\"5134\"><strong data-start=\"5101\" data-end=\"5132\">Recibir respuesta y soluci\u00f3n<\/strong><\/p><ul data-start=\"5138\" data-end=\"5298\"><li data-start=\"5138\" data-end=\"5199\"><p data-start=\"5140\" data-end=\"5199\">Para los problemas comunes, a menudo podemos aportar soluciones r\u00e1pidamente<\/p><\/li><li data-start=\"5203\" data-end=\"5298\"><p data-start=\"5205\" data-end=\"5298\">Para los casos m\u00e1s complejos, nuestro equipo t\u00e9cnico puede solicitar m\u00e1s detalles o programar una videollamada.<\/p><\/li><\/ul><\/li><\/ol><p>\u00a0<\/p>\t\t\t\t\t\t\t\t<\/div>\n\t\t\t\t<\/div>\n\t\t\t\t\t<\/div>\n\t\t\t\t<\/div>\n\t\t<div class=\"elementor-element elementor-element-444cc40 e-flex e-con-boxed e-con e-parent\" data-id=\"444cc40\" data-element_type=\"container\" data-e-type=\"container\">\n\t\t\t\t\t<div class=\"e-con-inner\">\n\t\t\t\t<div class=\"elementor-element elementor-element-7953e1c elementor-widget elementor-widget-heading\" data-id=\"7953e1c\" data-element_type=\"widget\" data-e-type=\"widget\" data-settings=\"{&quot;ekit_we_effect_on&quot;:&quot;none&quot;}\" data-widget_type=\"heading.default\">\n\t\t\t\t<div class=\"elementor-widget-container\">\n\t\t\t\t\t<h4 class=\"elementor-heading-title elementor-size-default\">CTA final - \u00bfNecesita ayuda ya?<\/h4>\t\t\t\t<\/div>\n\t\t\t\t<\/div>\n\t\t\t\t<div class=\"elementor-element elementor-element-2be49a2 elementor-widget elementor-widget-text-editor\" data-id=\"2be49a2\" data-element_type=\"widget\" data-e-type=\"widget\" data-settings=\"{&quot;ekit_we_effect_on&quot;:&quot;none&quot;}\" data-widget_type=\"text-editor.default\">\n\t\t\t\t<div class=\"elementor-widget-container\">\n\t\t\t\t\t\t\t\t\t<p data-start=\"5339\" data-end=\"5466\">Si se enfrenta a un problema urgente, est\u00e1 planificando un nuevo programa de tratamiento o formando a un nuevo equipo, nuestro equipo de asistencia est\u00e1 preparado para ayudarle.<\/p><p data-start=\"5468\" data-end=\"5476\">Cu\u00e9ntanoslo:<\/p><ul data-start=\"5478\" data-end=\"5655\"><li data-start=\"5478\" data-end=\"5508\"><p data-start=\"5480\" data-end=\"5508\">Qu\u00e9 dispositivo est\u00e1 utilizando<\/p><\/li><li data-start=\"5509\" data-end=\"5585\"><p data-start=\"5511\" data-end=\"5585\">Qu\u00e9 quiere solucionar (instalaci\u00f3n, funcionamiento, tratamiento, posventa)<\/p><\/li><li data-start=\"5586\" data-end=\"5655\"><p data-start=\"5588\" data-end=\"5655\">Su forma preferida de recibir asistencia (mensaje, correo electr\u00f3nico, llamada, v\u00eddeo)<\/p><\/li><\/ul><p>\u00a0<\/p>\t\t\t\t\t\t\t\t<\/div>\n\t\t\t\t<\/div>\n\t\t\t\t\t<\/div>\n\t\t\t\t<\/div>\n\t\t\t\t<\/div>","protected":false},"excerpt":{"rendered":"<p>Supports When you choose Noveza devices, you are not only buying a machine\u2014you are working with the factory behind it.Our support is designed to help clinics, spas, distributors and brand owners use our equipment safely, confidently and efficiently in daily practice. On this page, you\u2019ll find an overview of the technical help, training, materials and&#8230;<\/p>","protected":false},"author":1,"featured_media":0,"parent":83,"menu_order":4,"comment_status":"closed","ping_status":"closed","template":"","meta":{"_kad_post_transparent":"","_kad_post_title":"hide","_kad_post_layout":"fullwidth","_kad_post_sidebar_id":"","_kad_post_content_style":"unboxed","_kad_post_vertical_padding":"hide","_kad_post_feature":"hide","_kad_post_feature_position":"","_kad_post_header":false,"_kad_post_footer":false,"_kad_post_classname":"","footnotes":""},"class_list":["post-89","page","type-page","status-publish","hentry"],"_links":{"self":[{"href":"https:\/\/novezabeauty.com\/es\/wp-json\/wp\/v2\/pages\/89","targetHints":{"allow":["GET"]}}],"collection":[{"href":"https:\/\/novezabeauty.com\/es\/wp-json\/wp\/v2\/pages"}],"about":[{"href":"https:\/\/novezabeauty.com\/es\/wp-json\/wp\/v2\/types\/page"}],"author":[{"embeddable":true,"href":"https:\/\/novezabeauty.com\/es\/wp-json\/wp\/v2\/users\/1"}],"replies":[{"embeddable":true,"href":"https:\/\/novezabeauty.com\/es\/wp-json\/wp\/v2\/comments?post=89"}],"version-history":[{"count":5,"href":"https:\/\/novezabeauty.com\/es\/wp-json\/wp\/v2\/pages\/89\/revisions"}],"predecessor-version":[{"id":1090,"href":"https:\/\/novezabeauty.com\/es\/wp-json\/wp\/v2\/pages\/89\/revisions\/1090"}],"up":[{"embeddable":true,"href":"https:\/\/novezabeauty.com\/es\/wp-json\/wp\/v2\/pages\/83"}],"wp:attachment":[{"href":"https:\/\/novezabeauty.com\/es\/wp-json\/wp\/v2\/media?parent=89"}],"curies":[{"name":"wp","href":"https:\/\/api.w.org\/{rel}","templated":true}]}}