 {"id":439,"date":"2025-07-01T13:01:12","date_gmt":"2025-07-01T13:01:12","guid":{"rendered":"https:\/\/novezabeauty.com\/?post_type=product&#038;p=439"},"modified":"2025-11-23T09:08:18","modified_gmt":"2025-11-23T09:08:18","slug":"4-handles-butt-lifting-increase-muscle-fat-reduction-slimming-ball-rolling-slimming-beauty-machine","status":"publish","type":"product","link":"https:\/\/novezabeauty.com\/es\/4-handles-butt-lifting-increase-muscle-fat-reduction-slimming-ball-rolling-slimming-beauty-machine\/","title":{"rendered":"4 Asas Levantamiento de gl\u00fateos Aumentar el m\u00fasculo Reducci\u00f3n de grasa adelgazante bola de rodamiento de adelgazamiento M\u00e1quina de belleza"},"content":{"rendered":"<p data-start=\"25\" data-end=\"75\">Instrumento muscular de belleza HIFM+RF<\/p>\n<p data-start=\"25\" data-end=\"75\">En <strong data-start=\"106\" data-end=\"142\">Instrumento muscular de belleza HIFM+RF<\/strong> es un dispositivo avanzado y no invasivo dise\u00f1ado para moldear y tonificar su cuerpo mediante la construcci\u00f3n de m\u00fasculo y la quema de grasa. Combinando la tecnolog\u00eda de vibraci\u00f3n magn\u00e9tica focalizada de alta intensidad (HIFM) con la energ\u00eda de radiofrecuencia focalizada, esta potente m\u00e1quina act\u00faa sobre las capas musculares y adiposas para mejorar el contorno corporal, aumentar la densidad muscular y acelerar el metabolismo de las grasas.<\/p>\n<p data-start=\"480\" data-end=\"889\">El aparato utiliza impulsos electromagn\u00e9ticos para inducir contracciones musculares, simulando entrenamientos intensos que normalmente durar\u00edan horas. En s\u00f3lo 30 minutos, puede estimular hasta 30.000 contracciones musculares, ayudando a los usuarios a conseguir un f\u00edsico tonificado y esbelto. El aparato es perfecto para quienes desean aumentar la masa muscular, reducir la grasa y mejorar la elasticidad de la piel sin necesidad de cirug\u00eda, inyecciones ni ejercicios extenuantes.<\/p>\n<p data-start=\"891\" data-end=\"908\"><strong data-start=\"891\" data-end=\"907\">Caracter\u00edsticas principales<\/strong>:<\/p>\n<ul data-start=\"909\" data-end=\"1886\">\n<li data-start=\"909\" data-end=\"1180\">\n<p data-start=\"911\" data-end=\"1180\"><strong data-start=\"911\" data-end=\"936\">Asas de doble funci\u00f3n<\/strong>: El aparato dispone de dos mangos, lo que permite un funcionamiento sincronizado o independiente en distintas partes del cuerpo simult\u00e1neamente. Esto proporciona flexibilidad para tratar varias zonas a la vez, como el abdomen, los muslos, los brazos y las nalgas.<\/p>\n<\/li>\n<li data-start=\"1181\" data-end=\"1337\">\n<p data-start=\"1183\" data-end=\"1337\"><strong data-start=\"1183\" data-end=\"1210\">Tecnolog\u00eda no invasiva<\/strong>: Sin agujas, sin cirug\u00eda y sin tiempo de inactividad. Es completamente seguro, indoloro y eficaz para la construcci\u00f3n de m\u00fasculo y reducci\u00f3n de grasa.<\/p>\n<\/li>\n<li data-start=\"1338\" data-end=\"1553\">\n<p data-start=\"1340\" data-end=\"1553\"><strong data-start=\"1340\" data-end=\"1387\">Tecnolog\u00eda avanzada de RF y vibraci\u00f3n magn\u00e9tica<\/strong>: Se dirige a capas musculares de hasta 8 cm de profundidad, proporcionando calor focalizado para estimular el crecimiento muscular y la p\u00e9rdida de grasa. La tecnolog\u00eda RF tambi\u00e9n ayuda a tensar la piel al tiempo que reduce la grasa.<\/p>\n<\/li>\n<li data-start=\"1554\" data-end=\"1730\">\n<p data-start=\"1556\" data-end=\"1730\"><strong data-start=\"1556\" data-end=\"1588\">Modos de tratamiento personalizables<\/strong>: Ofrece una gran variedad de ajustes, incluidos diferentes niveles de intensidad y frecuencias de tratamiento, para satisfacer tanto a principiantes como a usuarios avanzados.<\/p>\n<\/li>\n<li data-start=\"1731\" data-end=\"1886\">\n<p data-start=\"1733\" data-end=\"1886\"><strong data-start=\"1733\" data-end=\"1763\">Resultados r\u00e1pidos y eficaces<\/strong>: Los estudios cl\u00ednicos han demostrado una reducci\u00f3n significativa de la grasa (hasta 30%) y el crecimiento muscular (hasta 25%) en s\u00f3lo unos pocos tratamientos.<\/p>\n<\/li>\n<\/ul>\n<p data-start=\"1888\" data-end=\"1901\"><strong data-start=\"1888\" data-end=\"1900\">Beneficios<\/strong>:<\/p>\n<ul data-start=\"1902\" data-end=\"2142\">\n<li data-start=\"1902\" data-end=\"1930\">\n<p data-start=\"1904\" data-end=\"1930\">Tensa y tonifica los m\u00fasculos<\/p>\n<\/li>\n<li data-start=\"1931\" data-end=\"1975\">\n<p data-start=\"1933\" data-end=\"1975\">Reduce la grasa y mejora la definici\u00f3n muscular<\/p>\n<\/li>\n<li data-start=\"1976\" data-end=\"2028\">\n<p data-start=\"1978\" data-end=\"2028\">Mejora el metabolismo y la circulaci\u00f3n sangu\u00ednea<\/p>\n<\/li>\n<li data-start=\"2029\" data-end=\"2056\">\n<p data-start=\"2031\" data-end=\"2056\">No requiere tiempo de recuperaci\u00f3n<\/p>\n<\/li>\n<li data-start=\"2057\" data-end=\"2090\">\n<p data-start=\"2059\" data-end=\"2090\">Adecuado tanto para hombres como para mujeres<\/p>\n<\/li>\n<li data-start=\"2091\" data-end=\"2142\">\n<p data-start=\"2093\" data-end=\"2142\">Seguridad y eficacia certificadas por la FDA y la CE<\/p>\n<\/li>\n<\/ul>\n<p data-start=\"2144\" data-end=\"2317\">Tanto si busca conseguir un cuerpo esculpido, un tono muscular definido o reducir la grasa rebelde, el <strong data-start=\"2246\" data-end=\"2282\">Instrumento muscular de belleza HIFM+RF<\/strong> ofrece una soluci\u00f3n revolucionaria.<\/p>","protected":false},"excerpt":{"rendered":"<p>Un potente aparato de 4 asas que combina el rodamiento de bolas y la estimulaci\u00f3n muscular para levantar los gl\u00fateos, reducir la grasa y adelgazar el cuerpo.<\/p>","protected":false},"featured_media":831,"template":"","meta":{"_kad_post_transparent":"default","_kad_post_title":"","_kad_post_layout":"default","_kad_post_sidebar_id":"","_kad_post_content_style":"default","_kad_post_vertical_padding":"default","_kad_post_feature":"","_kad_post_feature_position":"","_kad_post_header":false,"_kad_post_footer":false,"_kad_post_classname":""},"product_brand":[],"product_cat":[17],"product_tag":[168,148,172,165,170,174,167,173,166,169,171,141,145],"class_list":{"0":"post-439","1":"product","2":"type-product","3":"status-publish","4":"has-post-thumbnail","6":"product_cat-ems","7":"product_tag-ball-rolling-beauty-device","8":"product_tag-body-contouring-machine","9":"product_tag-body-sculpting-device","10":"product_tag-butt-lifting-machine","11":"product_tag-buttocks-slimming","12":"product_tag-fat-burning-machine","13":"product_tag-fat-reduction-slimming","14":"product_tag-multi-handle-slimming-machine","15":"product_tag-muscle-building-device","16":"product_tag-muscle-toning-machine","17":"product_tag-non-invasive-fat-removal","18":"product_tag-professional-beauty-equipment","19":"product_tag-spa-equipment","21":"first","22":"instock","23":"shipping-taxable","24":"product-type-simple","25":"entry","26":"content-bg","27":"loop-entry"},"_links":{"self":[{"href":"https:\/\/novezabeauty.com\/es\/wp-json\/wp\/v2\/product\/439","targetHints":{"allow":["GET"]}}],"collection":[{"href":"https:\/\/novezabeauty.com\/es\/wp-json\/wp\/v2\/product"}],"about":[{"href":"https:\/\/novezabeauty.com\/es\/wp-json\/wp\/v2\/types\/product"}],"version-history":[{"count":2,"href":"https:\/\/novezabeauty.com\/es\/wp-json\/wp\/v2\/product\/439\/revisions"}],"predecessor-version":[{"id":1264,"href":"https:\/\/novezabeauty.com\/es\/wp-json\/wp\/v2\/product\/439\/revisions\/1264"}],"wp:featuredmedia":[{"embeddable":true,"href":"https:\/\/novezabeauty.com\/es\/wp-json\/wp\/v2\/media\/831"}],"wp:attachment":[{"href":"https:\/\/novezabeauty.com\/es\/wp-json\/wp\/v2\/media?parent=439"}],"wp:term":[{"taxonomy":"product_brand","embeddable":true,"href":"https:\/\/novezabeauty.com\/es\/wp-json\/wp\/v2\/product_brand?post=439"},{"taxonomy":"product_cat","embeddable":true,"href":"https:\/\/novezabeauty.com\/es\/wp-json\/wp\/v2\/product_cat?post=439"},{"taxonomy":"product_tag","embeddable":true,"href":"https:\/\/novezabeauty.com\/es\/wp-json\/wp\/v2\/product_tag?post=439"}],"curies":[{"name":"wp","href":"https:\/\/api.w.org\/{rel}","templated":true}]}}