 {"id":486,"date":"2025-07-03T06:59:27","date_gmt":"2025-07-03T06:59:27","guid":{"rendered":"https:\/\/novezabeauty.com\/?post_type=product&#038;p=486"},"modified":"2025-11-23T09:02:42","modified_gmt":"2025-11-23T09:02:42","slug":"professional-inner-ball-roller-fat-reduction-slimming-machine-muscle-pain-relief-face-body-massage-device","status":"publish","type":"product","link":"https:\/\/novezabeauty.com\/es\/professional-inner-ball-roller-fat-reduction-slimming-machine-muscle-pain-relief-face-body-massage-device\/","title":{"rendered":"Rodillo de bola interior profesional Reducci\u00f3n de grasa M\u00e1quina de adelgazamiento Alivio del dolor muscular Cara Cuerpo Aparato de masaje"},"content":{"rendered":"<p data-start=\"155\" data-end=\"243\">M\u00e1quina de rodillos de bolas interiores para moldear el cuerpo y la cara, terapia de compresi\u00f3n por microvibraci\u00f3n<\/p>\n<p data-start=\"260\" data-end=\"339\">M\u00e1quina de Rodillos de Bolas Internas | Terapia de Compresi\u00f3n por Micro-Vibraci\u00f3n para Cuerpo y Cara<\/p>\n<p data-start=\"362\" data-end=\"739\">Descubra la Inner Ball Roller Machine, una soluci\u00f3n avanzada para moldear el cuerpo, reducir la celulitis y relajar los m\u00fasculos. Mediante una innovadora terapia de microvibraci\u00f3n por compresi\u00f3n, mejora el drenaje linf\u00e1tico, la circulaci\u00f3n sangu\u00ednea y rejuvenece la piel. Seguro, no invasivo y eficaz para tratamientos corporales y faciales. Obtenga resultados visibles en pocas sesiones.<\/p>\n<p data-start=\"766\" data-end=\"1114\">En <strong data-start=\"770\" data-end=\"799\">M\u00e1quina de rodillos de bolas interiores<\/strong> es un innovador aparato de tratamiento corporal y facial que utiliza la m\u00e1s avanzada tecnolog\u00eda de microvibraci\u00f3n por compresi\u00f3n. Dise\u00f1ada tanto para uso profesional como personal, esta m\u00e1quina ofrece una forma no invasiva y altamente eficaz de mejorar el drenaje linf\u00e1tico, reducir la celulitis, tonificar los m\u00fasculos y promover el rejuvenecimiento de la piel.<\/p>\n<p data-start=\"1116\" data-end=\"1133\"><strong data-start=\"1116\" data-end=\"1133\">Caracter\u00edsticas principales:<\/strong><\/p>\n<ul data-start=\"1134\" data-end=\"2191\">\n<li data-start=\"1134\" data-end=\"1353\">\n<p data-start=\"1136\" data-end=\"1353\"><strong data-start=\"1136\" data-end=\"1172\">Terapia avanzada de microvibraci\u00f3n<\/strong>: Las bolas de silicona giratorias de 360\u00b0 de la m\u00e1quina generan una suave compresi\u00f3n y microvibraci\u00f3n, estimulando profundamente los tejidos y estimulando la circulaci\u00f3n sin causar molestias ni da\u00f1os.<\/p>\n<\/li>\n<li data-start=\"1354\" data-end=\"1562\">\n<p data-start=\"1356\" data-end=\"1562\"><strong data-start=\"1356\" data-end=\"1385\">\u00c1reas de tratamiento vers\u00e1tiles<\/strong>: Ideal para su uso en varias partes del cuerpo, incluyendo muslos, nalgas, brazos y cara. Remodela el contorno corporal, reduce los signos del envejecimiento y favorece un aspecto m\u00e1s terso y firme.<\/p>\n<\/li>\n<li data-start=\"1563\" data-end=\"1847\">\n<p data-start=\"1565\" data-end=\"1847\"><strong data-start=\"1565\" data-end=\"1590\">Ajustes personalizables<\/strong>: Con 10 niveles de velocidad ajustables y tres modos de luz de color (rojo, azul y verde), el dispositivo se puede adaptar para satisfacer sus necesidades espec\u00edficas. Tambi\u00e9n incluye una pantalla t\u00e1ctil de 5,6 pulgadas para facilitar el control y la posibilidad de guardar hasta 5 conjuntos de par\u00e1metros de tratamiento.<\/p>\n<\/li>\n<li data-start=\"1848\" data-end=\"1986\">\n<p data-start=\"1850\" data-end=\"1986\"><strong data-start=\"1850\" data-end=\"1866\">Asas dobles<\/strong>: El mango grande es perfecto para tratamientos corporales, mientras que el mango peque\u00f1o es ideal para zonas delicadas del rostro y el cuello.<\/p>\n<\/li>\n<li data-start=\"1987\" data-end=\"2191\">\n<p data-start=\"1989\" data-end=\"2191\"><strong data-start=\"1989\" data-end=\"2019\">Bolas de silicona reemplazables<\/strong>: Las bolas de silicona est\u00e1n dise\u00f1adas espec\u00edficamente para proporcionar una compresi\u00f3n y vibraci\u00f3n \u00f3ptimas. Pueden sustituirse f\u00e1cilmente, lo que garantiza la eficacia y la higiene de la m\u00e1quina.<\/p>\n<\/li>\n<\/ul>\n<p data-start=\"2193\" data-end=\"2641\"><strong data-start=\"2193\" data-end=\"2210\">C\u00f3mo funciona:<\/strong><br \/>\nMediante bolas giratorias de silicona, el aparato aplica presi\u00f3n y vibraci\u00f3n sobre la piel, ayudando a descomponer los dep\u00f3sitos de grasa, eliminar toxinas y alisar las arrugas. Estimula el flujo sangu\u00edneo, mejora el suministro de ox\u00edgeno y fomenta la producci\u00f3n de col\u00e1geno, proporcionando beneficios tanto est\u00e9ticos como terap\u00e9uticos. Es adecuado para la relajaci\u00f3n muscular, la desintoxicaci\u00f3n y el contorno corporal, logrando resultados notables tras unas pocas sesiones.<\/p>\n<p data-start=\"2643\" data-end=\"2656\"><strong data-start=\"2643\" data-end=\"2656\">Ventajas:<\/strong><\/p>\n<ul data-start=\"2657\" data-end=\"3015\">\n<li data-start=\"2657\" data-end=\"2730\">\n<p data-start=\"2659\" data-end=\"2730\"><strong data-start=\"2659\" data-end=\"2675\">Moldeado corporal<\/strong>: Reduce la grasa, tensa la piel y mejora el tono muscular.<\/p>\n<\/li>\n<li data-start=\"2731\" data-end=\"2830\">\n<p data-start=\"2733\" data-end=\"2830\"><strong data-start=\"2733\" data-end=\"2756\">Reducci\u00f3n de la celulitis<\/strong>: Ayuda a descomponer los dep\u00f3sitos de grasa y a reducir la apariencia de la celulitis.<\/p>\n<\/li>\n<li data-start=\"2831\" data-end=\"2924\">\n<p data-start=\"2833\" data-end=\"2924\"><strong data-start=\"2833\" data-end=\"2856\">Rejuvenecimiento facial<\/strong>: Tensa la piel, alisa las arrugas y mejora la salud general de la piel.<\/p>\n<\/li>\n<li data-start=\"2925\" data-end=\"3015\">\n<p data-start=\"2927\" data-end=\"3015\"><strong data-start=\"2927\" data-end=\"2946\">Recuperaci\u00f3n muscular<\/strong>: Alivia la rigidez y las agujetas musculares al tiempo que acelera la recuperaci\u00f3n.<\/p>\n<\/li>\n<\/ul>\n<p data-start=\"3017\" data-end=\"3210\"><strong data-start=\"3017\" data-end=\"3042\">Seguro y no invasivo<\/strong>:<br \/>\nLa Inner Ball Roller Machine es una terapia indolora, no invasiva y sin efectos secundarios conocidos. Puede volver inmediatamente a sus actividades diarias despu\u00e9s de cada sesi\u00f3n.<\/p>\n<p data-start=\"3212\" data-end=\"3239\"><strong data-start=\"3212\" data-end=\"3239\">Especificaciones del producto:<\/strong><\/p>\n<ul data-start=\"3240\" data-end=\"3490\">\n<li data-start=\"3240\" data-end=\"3280\">\n<p data-start=\"3242\" data-end=\"3280\"><strong data-start=\"3242\" data-end=\"3252\">Pantalla<\/strong>: Pantalla t\u00e1ctil LCD de 10,1 pulgadas<\/p>\n<\/li>\n<li data-start=\"3281\" data-end=\"3340\">\n<p data-start=\"3283\" data-end=\"3340\"><strong data-start=\"3283\" data-end=\"3292\">Velocidad<\/strong>: Mango grande - 1450rpm, Mango peque\u00f1o - 1450rpm<\/p>\n<\/li>\n<li data-start=\"3341\" data-end=\"3373\">\n<p data-start=\"3343\" data-end=\"3373\"><strong data-start=\"3343\" data-end=\"3363\">Frecuencia de salida<\/strong>: 40-254Hz<\/p>\n<\/li>\n<li data-start=\"3374\" data-end=\"3407\">\n<p data-start=\"3376\" data-end=\"3407\"><strong data-start=\"3376\" data-end=\"3393\">Tensi\u00f3n de entrada<\/strong>: CA 110V\/220V<\/p>\n<\/li>\n<li data-start=\"3408\" data-end=\"3437\">\n<p data-start=\"3410\" data-end=\"3437\"><strong data-start=\"3410\" data-end=\"3426\">Potencia de salida<\/strong>: 100-1000W<\/p>\n<\/li>\n<li data-start=\"3438\" data-end=\"3452\">\n<p data-start=\"3440\" data-end=\"3452\"><strong data-start=\"3440\" data-end=\"3448\">Fusible<\/strong>: 5A<\/p>\n<\/li>\n<li data-start=\"3453\" data-end=\"3490\">\n<p data-start=\"3455\" data-end=\"3490\"><strong data-start=\"3455\" data-end=\"3480\">Temperatura de funcionamiento<\/strong>: 5\u00b0C~40\u00b0C<\/p>\n<\/li>\n<\/ul>\n<p data-start=\"3492\" data-end=\"3688\">Transforme su rutina de cuidado de la piel con el <strong data-start=\"3533\" data-end=\"3562\">M\u00e1quina de rodillos de bolas interiores<\/strong>una soluci\u00f3n todo en uno para el contorno corporal, el rejuvenecimiento de la piel y la relajaci\u00f3n muscular. Disfrute de una piel m\u00e1s sana y radiante.<\/p>","protected":false},"excerpt":{"rendered":"<p>En <strong data-start=\"1016\" data-end=\"1067\">M\u00e1quina profesional de adelgazamiento con rodillos de bolas interiores<\/strong> combina la tecnolog\u00eda de rodillos magn\u00e9ticos con el masaje de tejidos profundos para reducir la grasa, eliminar la celulitis, aliviar el dolor muscular y reafirmar la piel.<\/p>","protected":false},"featured_media":848,"template":"","meta":{"_kad_post_transparent":"default","_kad_post_title":"","_kad_post_layout":"default","_kad_post_sidebar_id":"","_kad_post_content_style":"default","_kad_post_vertical_padding":"default","_kad_post_feature":"","_kad_post_feature_position":"","_kad_post_header":false,"_kad_post_footer":false,"_kad_post_classname":""},"product_brand":[],"product_cat":[18],"product_tag":[98,160,164,140,157,161,159,162,163,131,158],"class_list":{"0":"post-486","1":"product","2":"type-product","3":"status-publish","4":"has-post-thumbnail","6":"product_cat-endosphere","7":"product_tag-body-contouring","8":"product_tag-cellulite-elimination","9":"product_tag-face-and-body-slimming","10":"product_tag-fat-reduction-machine","11":"product_tag-inner-ball-roller","12":"product_tag-massage-therapy-device","13":"product_tag-muscle-pain-relief","14":"product_tag-non-invasive-beauty-equipment","15":"product_tag-professional-massage-machine","16":"product_tag-skin-tightening","17":"product_tag-slimming-device","19":"first","20":"instock","21":"shipping-taxable","22":"product-type-simple","23":"entry","24":"content-bg","25":"loop-entry"},"_links":{"self":[{"href":"https:\/\/novezabeauty.com\/es\/wp-json\/wp\/v2\/product\/486","targetHints":{"allow":["GET"]}}],"collection":[{"href":"https:\/\/novezabeauty.com\/es\/wp-json\/wp\/v2\/product"}],"about":[{"href":"https:\/\/novezabeauty.com\/es\/wp-json\/wp\/v2\/types\/product"}],"version-history":[{"count":2,"href":"https:\/\/novezabeauty.com\/es\/wp-json\/wp\/v2\/product\/486\/revisions"}],"predecessor-version":[{"id":1262,"href":"https:\/\/novezabeauty.com\/es\/wp-json\/wp\/v2\/product\/486\/revisions\/1262"}],"wp:featuredmedia":[{"embeddable":true,"href":"https:\/\/novezabeauty.com\/es\/wp-json\/wp\/v2\/media\/848"}],"wp:attachment":[{"href":"https:\/\/novezabeauty.com\/es\/wp-json\/wp\/v2\/media?parent=486"}],"wp:term":[{"taxonomy":"product_brand","embeddable":true,"href":"https:\/\/novezabeauty.com\/es\/wp-json\/wp\/v2\/product_brand?post=486"},{"taxonomy":"product_cat","embeddable":true,"href":"https:\/\/novezabeauty.com\/es\/wp-json\/wp\/v2\/product_cat?post=486"},{"taxonomy":"product_tag","embeddable":true,"href":"https:\/\/novezabeauty.com\/es\/wp-json\/wp\/v2\/product_tag?post=486"}],"curies":[{"name":"wp","href":"https:\/\/api.w.org\/{rel}","templated":true}]}}