 {"id":497,"date":"2025-07-03T09:28:13","date_gmt":"2025-07-03T09:28:13","guid":{"rendered":"https:\/\/novezabeauty.com\/?post_type=product&#038;p=497"},"modified":"2025-11-23T09:17:47","modified_gmt":"2025-11-23T09:17:47","slug":"latest-skincare-and-beauty-devices-fat-reduction-and-body-shaping-machines-skin-tightening-devices","status":"publish","type":"product","link":"https:\/\/novezabeauty.com\/es\/latest-skincare-and-beauty-devices-fat-reduction-and-body-shaping-machines-skin-tightening-devices\/","title":{"rendered":"Aparatos de belleza y cuidado de la piel de \u00faltima generaci\u00f3n: m\u00e1quinas reductoras de grasa y moldeadoras del cuerpo, aparatos tensores de la piel"},"content":{"rendered":"<p data-start=\"541\" data-end=\"1002\">Revolucione sus tratamientos de belleza con este dispositivo de \u00faltima generaci\u00f3n para la reducci\u00f3n de grasa y el moldeado corporal. Dise\u00f1ado para uso profesional, este equipo de vanguardia ofrece una soluci\u00f3n no invasiva para el contorno corporal, el estiramiento de la piel y la reducci\u00f3n de grasa, por lo que es ideal para spas, cl\u00ednicas y centros de bienestar. Equipado con tecnolog\u00eda avanzada y funciones f\u00e1ciles de usar, proporciona resultados eficaces y duraderos para todo tipo de piel.<\/p>\n<p data-start=\"1004\" data-end=\"1023\"><strong data-start=\"1004\" data-end=\"1021\">Caracter\u00edsticas principales:<\/strong><\/p>\n<ul data-start=\"1024\" data-end=\"1733\">\n<li data-start=\"1024\" data-end=\"1184\">\n<p data-start=\"1026\" data-end=\"1184\"><strong data-start=\"1026\" data-end=\"1050\">Tecnolog\u00eda avanzada:<\/strong> Utiliza [inserte la tecnolog\u00eda, por ejemplo, criolip\u00f3lisis, radiofrecuencia, terapia l\u00e1ser, etc.] para reducir eficazmente la grasa y moldear el cuerpo.<\/p>\n<\/li>\n<li data-start=\"1185\" data-end=\"1298\">\n<p data-start=\"1187\" data-end=\"1298\"><strong data-start=\"1187\" data-end=\"1214\">Tratamiento no invasivo:<\/strong> Consiga una piel m\u00e1s tersa y firme y reduzca la grasa rebelde sin cirug\u00eda ni tiempo de inactividad.<\/p>\n<\/li>\n<li data-start=\"1299\" data-end=\"1419\">\n<p data-start=\"1301\" data-end=\"1419\"><strong data-start=\"1301\" data-end=\"1329\">Interfaz f\u00e1cil de usar:<\/strong> La elegante pantalla t\u00e1ctil permite ajustar f\u00e1cilmente la configuraci\u00f3n para tratamientos personalizados.<\/p>\n<\/li>\n<li data-start=\"1420\" data-end=\"1517\">\n<p data-start=\"1422\" data-end=\"1517\"><strong data-start=\"1422\" data-end=\"1437\">Durabilidad:<\/strong> Construida con materiales de alta calidad y dise\u00f1ada para un uso profesional continuo.<\/p>\n<\/li>\n<li data-start=\"1518\" data-end=\"1623\">\n<p data-start=\"1520\" data-end=\"1623\"><strong data-start=\"1520\" data-end=\"1540\">Dise\u00f1o port\u00e1til:<\/strong> Ligero y montado sobre ruedas, lo que facilita su traslado entre salas de tratamiento.<\/p>\n<\/li>\n<li data-start=\"1624\" data-end=\"1733\">\n<p data-start=\"1626\" data-end=\"1733\"><strong data-start=\"1626\" data-end=\"1646\">Caracter\u00edsticas de seguridad:<\/strong> Incluye refrigeraci\u00f3n integrada y control de temperatura para tratamientos seguros y c\u00f3modos.<\/p>\n<\/li>\n<\/ul>\n<p data-start=\"1977\" data-end=\"1992\"><strong data-start=\"1977\" data-end=\"1990\">Ventajas:<\/strong><\/p>\n<ul data-start=\"1993\" data-end=\"2330\">\n<li data-start=\"1993\" data-end=\"2073\">\n<p data-start=\"1995\" data-end=\"2073\"><strong data-start=\"1995\" data-end=\"2013\">Reducci\u00f3n de la grasa:<\/strong> Ataca y elimina eficazmente los dep\u00f3sitos de grasa rebelde.<\/p>\n<\/li>\n<li data-start=\"2074\" data-end=\"2156\">\n<p data-start=\"2076\" data-end=\"2156\"><strong data-start=\"2076\" data-end=\"2093\">Moldeado del cuerpo:<\/strong> Contornea el cuerpo, proporcionando un aspecto m\u00e1s tonificado y esculpido.<\/p>\n<\/li>\n<li data-start=\"2157\" data-end=\"2245\">\n<p data-start=\"2159\" data-end=\"2245\"><strong data-start=\"2159\" data-end=\"2179\">Estiramiento de la piel:<\/strong> Reafirma y rejuvenece la piel para un aspecto m\u00e1s terso y joven.<\/p>\n<\/li>\n<li data-start=\"2246\" data-end=\"2330\">\n<p data-start=\"2248\" data-end=\"2330\"><strong data-start=\"2248\" data-end=\"2264\">Sin tiempo de inactividad:<\/strong> Los clientes pueden reanudar sus actividades normales inmediatamente despu\u00e9s del tratamiento.<\/p>\n<\/li>\n<\/ul>","protected":false},"excerpt":{"rendered":"<p>Este avanzado dispositivo de reducci\u00f3n de grasa y remodelaci\u00f3n corporal utiliza tecnolog\u00eda de vanguardia, dise\u00f1ada para uso profesional en salones de belleza, spas y centros de bienestar. Al ofrecer tratamientos no invasivos, reduce eficazmente la grasa, moldea el cuerpo y tensa la piel. Con una funcionalidad f\u00e1cil de usar y resultados duraderos, es la soluci\u00f3n ideal para mejorar la experiencia del cliente y la eficacia del tratamiento.<\/p>","protected":false},"featured_media":853,"template":"","meta":{"_kad_post_transparent":"default","_kad_post_title":"","_kad_post_layout":"default","_kad_post_sidebar_id":"","_kad_post_content_style":"default","_kad_post_vertical_padding":"default","_kad_post_feature":"","_kad_post_feature_position":"","_kad_post_header":false,"_kad_post_footer":false,"_kad_post_classname":""},"product_brand":[],"product_cat":[22],"product_tag":[185,179,180,190,181,175,177,186,187,182,176,189,141,188,178,183,115,142,145,184],"class_list":{"0":"post-497","1":"product","2":"type-product","3":"status-publish","4":"has-post-thumbnail","6":"product_cat-diode-laser","7":"product_tag-advanced-beauty-devices","8":"product_tag-anti-aging-technology","9":"product_tag-beauty-clinic-equipment","10":"product_tag-beauty-tech-for-spas","11":"product_tag-body-contouring-treatment","12":"product_tag-body-shaping-machine","13":"product_tag-cryolipolysis-machine","14":"product_tag-fat-freezing-technology","15":"product_tag-laser-body-shaping-machine","16":"product_tag-laser-fat-reduction","17":"product_tag-non-invasive-fat-loss","18":"product_tag-non-surgical-fat-reduction","19":"product_tag-professional-beauty-equipment","20":"product_tag-professional-skin-care-devices","21":"product_tag-radio-frequency-treatment","22":"product_tag-skin-lifting","23":"product_tag-skin-rejuvenation","24":"product_tag-skin-tightening-device","25":"product_tag-spa-equipment","26":"product_tag-wellness-equipment","28":"first","29":"instock","30":"shipping-taxable","31":"product-type-simple","32":"entry","33":"content-bg","34":"loop-entry"},"_links":{"self":[{"href":"https:\/\/novezabeauty.com\/es\/wp-json\/wp\/v2\/product\/497","targetHints":{"allow":["GET"]}}],"collection":[{"href":"https:\/\/novezabeauty.com\/es\/wp-json\/wp\/v2\/product"}],"about":[{"href":"https:\/\/novezabeauty.com\/es\/wp-json\/wp\/v2\/types\/product"}],"version-history":[{"count":2,"href":"https:\/\/novezabeauty.com\/es\/wp-json\/wp\/v2\/product\/497\/revisions"}],"predecessor-version":[{"id":1265,"href":"https:\/\/novezabeauty.com\/es\/wp-json\/wp\/v2\/product\/497\/revisions\/1265"}],"wp:featuredmedia":[{"embeddable":true,"href":"https:\/\/novezabeauty.com\/es\/wp-json\/wp\/v2\/media\/853"}],"wp:attachment":[{"href":"https:\/\/novezabeauty.com\/es\/wp-json\/wp\/v2\/media?parent=497"}],"wp:term":[{"taxonomy":"product_brand","embeddable":true,"href":"https:\/\/novezabeauty.com\/es\/wp-json\/wp\/v2\/product_brand?post=497"},{"taxonomy":"product_cat","embeddable":true,"href":"https:\/\/novezabeauty.com\/es\/wp-json\/wp\/v2\/product_cat?post=497"},{"taxonomy":"product_tag","embeddable":true,"href":"https:\/\/novezabeauty.com\/es\/wp-json\/wp\/v2\/product_tag?post=497"}],"curies":[{"name":"wp","href":"https:\/\/api.w.org\/{rel}","templated":true}]}}