 {"id":503,"date":"2025-07-03T12:34:33","date_gmt":"2025-07-03T12:34:33","guid":{"rendered":"https:\/\/novezabeauty.com\/?post_type=product&#038;p=503"},"modified":"2025-11-23T09:00:08","modified_gmt":"2025-11-23T09:00:08","slug":"vertical-magnetic-inner-ball-roller-slimming-and-beauty-device","status":"publish","type":"product","link":"https:\/\/novezabeauty.com\/es\/vertical-magnetic-inner-ball-roller-slimming-and-beauty-device\/","title":{"rendered":"Rodillo magn\u00e9tico vertical de bolas interiores para adelgazamiento y belleza"},"content":{"rendered":"<p data-start=\"255\" data-end=\"353\"><strong data-start=\"255\" data-end=\"308\">Instrumento de belleza muscular HIFEM con tecnolog\u00eda de radiofrecuencia<\/strong> - <strong data-start=\"311\" data-end=\"353\">Construir m\u00fasculo y quemar grasa en una sola sesi\u00f3n<\/strong><\/p>\n<p data-start=\"355\" data-end=\"751\">Libera el poder de <strong data-start=\"376\" data-end=\"432\">HIFEM (campo electromagn\u00e9tico focalizado de alta intensidad)<\/strong> y <strong data-start=\"437\" data-end=\"461\">RF (radiofrecuencia)<\/strong> tecnolog\u00edas con nuestros <strong data-start=\"484\" data-end=\"518\">Instrumento de belleza muscular HIFEM<\/strong>. Dise\u00f1ado para quienes desean <strong data-start=\"575\" data-end=\"591\">desarrollar m\u00fasculo<\/strong>, <strong data-start=\"593\" data-end=\"605\">quemar grasa<\/strong>y <strong data-start=\"611\" data-end=\"622\">remodelar<\/strong> este dispositivo no invasivo y de \u00faltima generaci\u00f3n aporta <strong data-start=\"687\" data-end=\"715\">tecnolog\u00eda m\u00e9dica<\/strong> directamente a su cl\u00ednica o spa de belleza.<\/p>\n<p data-start=\"753\" data-end=\"866\">Este potente sistema combina <strong data-start=\"783\" data-end=\"802\">entrenamiento muscular<\/strong> y <strong data-start=\"807\" data-end=\"824\">reducci\u00f3n de grasa<\/strong> a trav\u00e9s de dos tecnolog\u00edas complementarias:<\/p>\n<ul data-start=\"867\" data-end=\"1441\">\n<li data-start=\"867\" data-end=\"1149\">\n<p data-start=\"869\" data-end=\"1149\"><strong data-start=\"869\" data-end=\"889\">Tecnolog\u00eda HIFEM<\/strong> estimula las neuronas motoras de los m\u00fasculos para inducir <strong data-start=\"945\" data-end=\"983\">30.000 contracciones musculares extremas<\/strong> en s\u00f3lo 30 minutos. Este nivel de intensidad supera lo que puede conseguirse con el ejercicio normal, estimulando <strong data-start=\"1094\" data-end=\"1111\">crecimiento muscular<\/strong> y <strong data-start=\"1116\" data-end=\"1133\">descomposici\u00f3n de la grasa<\/strong> simult\u00e1neamente.<\/p>\n<\/li>\n<li data-start=\"1150\" data-end=\"1441\">\n<p data-start=\"1152\" data-end=\"1441\"><strong data-start=\"1152\" data-end=\"1187\">Tecnolog\u00eda de radiofrecuencia (RF)<\/strong> penetra en la piel hasta una profundidad de <strong data-start=\"1222\" data-end=\"1233\">43-45\u00b0C<\/strong>causando que las c\u00e9lulas grasas <strong data-start=\"1260\" data-end=\"1272\">disolver<\/strong> y las fibras musculares a <strong data-start=\"1298\" data-end=\"1310\">contrato<\/strong>. Esta doble acci\u00f3n conduce a <strong data-start=\"1338\" data-end=\"1363\">aumento de la masa muscular<\/strong> y <strong data-start=\"1368\" data-end=\"1385\">reducci\u00f3n de grasa<\/strong>La piel se tensa y mejora el tono muscular general.<\/p>\n<\/li>\n<\/ul>\n<p data-start=\"1443\" data-end=\"1648\">Gracias a su capacidad para trabajar varios grupos musculares a la vez, esta m\u00e1quina es ideal para moldear, tensar y tonificar el cuerpo en zonas como los muslos y las caderas. <strong data-start=\"1586\" data-end=\"1597\">abdomen<\/strong>, <strong data-start=\"1599\" data-end=\"1609\">muslos<\/strong>, <strong data-start=\"1611\" data-end=\"1623\">nalgas<\/strong>, <strong data-start=\"1625\" data-end=\"1633\">brazos<\/strong>y <strong data-start=\"1639\" data-end=\"1647\">piernas<\/strong>.<\/p>\n<h4 data-start=\"1650\" data-end=\"1672\"><strong data-start=\"1655\" data-end=\"1672\">Caracter\u00edsticas principales:<\/strong><\/h4>\n<ul data-start=\"1673\" data-end=\"2633\">\n<li data-start=\"1673\" data-end=\"1784\">\n<p data-start=\"1675\" data-end=\"1784\"><strong data-start=\"1675\" data-end=\"1695\">Tecnolog\u00eda dual:<\/strong> Combina <strong data-start=\"1705\" data-end=\"1719\">HIFEM + RF<\/strong> para un enfoque integral de la musculaci\u00f3n y la quema de grasa.<\/p>\n<\/li>\n<li data-start=\"1785\" data-end=\"1905\">\n<p data-start=\"1787\" data-end=\"1905\"><strong data-start=\"1787\" data-end=\"1832\">30.000 contracciones musculares en 30 minutos:<\/strong> Equivale a hacer <strong data-start=\"1853\" data-end=\"1871\">30.000 abdominales<\/strong> o <strong data-start=\"1875\" data-end=\"1885\">sentadillas<\/strong> sin esfuerzo.<\/p>\n<\/li>\n<li data-start=\"1906\" data-end=\"2025\">\n<p data-start=\"1908\" data-end=\"2025\"><strong data-start=\"1908\" data-end=\"1929\">Penetraci\u00f3n profunda:<\/strong> La energ\u00eda HIFEM alcanza <strong data-start=\"1951\" data-end=\"1963\">8 cm de profundidad<\/strong>El objetivo es mejorar la fuerza y el volumen de los m\u00fasculos.<\/p>\n<\/li>\n<li data-start=\"2026\" data-end=\"2144\">\n<p data-start=\"2028\" data-end=\"2144\"><strong data-start=\"2028\" data-end=\"2064\">Reducci\u00f3n de grasa y estiramiento de la piel:<\/strong> La RF calienta las c\u00e9lulas grasas, acelerando su descomposici\u00f3n y mejorando la elasticidad de la piel.<\/p>\n<\/li>\n<li data-start=\"2145\" data-end=\"2217\">\n<p data-start=\"2147\" data-end=\"2217\"><strong data-start=\"2147\" data-end=\"2170\">Certificado por la FDA y la CE:<\/strong> Seguridad y eficacia demostradas en estudios cl\u00ednicos.<\/p>\n<\/li>\n<li data-start=\"2218\" data-end=\"2371\">\n<p data-start=\"2220\" data-end=\"2371\"><strong data-start=\"2220\" data-end=\"2251\">M\u00faltiples asas de tratamiento:<\/strong> Operar <strong data-start=\"2260\" data-end=\"2282\">hasta cuatro asas<\/strong> simult\u00e1neamente, tratando varias zonas a la vez, lo que resulta ideal para salones de belleza o cl\u00ednicas con mucho trabajo.<\/p>\n<\/li>\n<li data-start=\"2372\" data-end=\"2510\">\n<p data-start=\"2374\" data-end=\"2510\"><strong data-start=\"2374\" data-end=\"2390\">Sin tiempo de inactividad:<\/strong> Tratamiento no invasivo y sin dolor con <strong data-start=\"2430\" data-end=\"2452\">sin periodo de recuperaci\u00f3n<\/strong>-los clientes pueden reincorporarse inmediatamente a sus actividades cotidianas.<\/p>\n<\/li>\n<li data-start=\"2511\" data-end=\"2633\">\n<p data-start=\"2513\" data-end=\"2633\"><strong data-start=\"2513\" data-end=\"2539\">Ajustes personalizables:<\/strong> Ajustable <strong data-start=\"2551\" data-end=\"2592\">Intensidades de vibraci\u00f3n magn\u00e9tica y de RF<\/strong> para adaptarse al nivel de comodidad de cada cliente.<\/p>\n<\/li>\n<\/ul>\n<h4 data-start=\"2635\" data-end=\"2660\"><strong data-start=\"2640\" data-end=\"2660\">\u00c1reas de tratamiento:<\/strong><\/h4>\n<ul data-start=\"2661\" data-end=\"3187\">\n<li data-start=\"2661\" data-end=\"2782\">\n<p data-start=\"2663\" data-end=\"2782\"><strong data-start=\"2663\" data-end=\"2687\">Abdomen y cintura:<\/strong> Consiga un aspecto tonificado y esculpido combatiendo la grasa abdominal rebelde y fortaleciendo los m\u00fasculos centrales.<\/p>\n<\/li>\n<li data-start=\"2783\" data-end=\"2885\">\n<p data-start=\"2785\" data-end=\"2885\"><strong data-start=\"2785\" data-end=\"2798\">Nalgas:<\/strong> Eleva y reafirma los gl\u00fateos, reduce la flacidez y favorece un aspecto joven y tonificado.<\/p>\n<\/li>\n<li data-start=\"2886\" data-end=\"3007\">\n<p data-start=\"2888\" data-end=\"3007\"><strong data-start=\"2888\" data-end=\"2904\">Brazos y piernas:<\/strong> Tensa la piel y tonifica los m\u00fasculos de la parte superior de brazos, muslos y piernas, combatiendo la celulitis y la piel fl\u00e1cida.<\/p>\n<\/li>\n<li data-start=\"3008\" data-end=\"3187\">\n<p data-start=\"3010\" data-end=\"3187\"><strong data-start=\"3010\" data-end=\"3040\">Escultura corporal posparto:<\/strong> Especialmente beneficioso para las madres que han experimentado una separaci\u00f3n del recto abdominal (barriga posparto) para ayudar a reafirmar y tonificar los m\u00fasculos abdominales.<\/p>\n<\/li>\n<\/ul>\n<h4 data-start=\"3189\" data-end=\"3207\"><strong data-start=\"3194\" data-end=\"3207\">Ventajas:<\/strong><\/h4>\n<ul data-start=\"3208\" data-end=\"3751\">\n<li data-start=\"3208\" data-end=\"3305\">\n<p data-start=\"3210\" data-end=\"3305\"><strong data-start=\"3210\" data-end=\"3228\">Crecimiento muscular:<\/strong> Aumenta la densidad y el volumen muscular hasta <strong data-start=\"3273\" data-end=\"3280\">16%<\/strong> despu\u00e9s de varias sesiones.<\/p>\n<\/li>\n<li data-start=\"3306\" data-end=\"3384\">\n<p data-start=\"3308\" data-end=\"3384\"><strong data-start=\"3308\" data-end=\"3326\">Reducci\u00f3n de la grasa:<\/strong> Reduce la grasa hasta <strong data-start=\"3347\" data-end=\"3354\">19%<\/strong> tras un ciclo de tratamientos.<\/p>\n<\/li>\n<li data-start=\"3385\" data-end=\"3500\">\n<p data-start=\"3387\" data-end=\"3500\"><strong data-start=\"3387\" data-end=\"3411\">Mejora del metabolismo:<\/strong> El aumento de la masa muscular ayuda a <strong data-start=\"3443\" data-end=\"3463\">acelerar el metabolismo<\/strong>quemando m\u00e1s calor\u00edas incluso en reposo.<\/p>\n<\/li>\n<li data-start=\"3501\" data-end=\"3630\">\n<p data-start=\"3503\" data-end=\"3630\"><strong data-start=\"3503\" data-end=\"3531\">No invasivo e indoloro:<\/strong> Sin necesidad de cirug\u00eda, inyecciones o ejercicio intenso, s\u00f3lo <strong data-start=\"3590\" data-end=\"3602\">tumbarse<\/strong> y relajarse durante el tratamiento.<\/p>\n<\/li>\n<li data-start=\"3631\" data-end=\"3751\">\n<p data-start=\"3633\" data-end=\"3751\"><strong data-start=\"3633\" data-end=\"3654\">R\u00e1pido y eficaz:<\/strong> Una sesi\u00f3n completa s\u00f3lo dura <strong data-start=\"3681\" data-end=\"3695\">30 minutos<\/strong>con resultados visibles en tan s\u00f3lo <strong data-start=\"3734\" data-end=\"3750\">4 tratamientos<\/strong>.<\/p>\n<\/li>\n<\/ul>\n<p data-start=\"3753\" data-end=\"4010\">Tanto si es usted un profesional del sector de la belleza como un consumidor que busca una remodelaci\u00f3n corporal eficaz, esta tecnolog\u00eda le ofrece una soluci\u00f3n r\u00e1pida y fiable para conseguir un f\u00edsico en forma y tonificado sin necesidad de ejercicios extenuantes ni tratamientos invasivos.<\/p>","protected":false},"excerpt":{"rendered":"<p>Un dispositivo de rodillo vertical de calidad spa que utiliza tecnolog\u00eda de bola interior magn\u00e9tica y microvibraci\u00f3n para adelgazar, alisar y reafirmar el contorno facial y corporal.<\/p>","protected":false},"featured_media":867,"template":"","meta":{"_kad_post_transparent":"default","_kad_post_title":"","_kad_post_layout":"default","_kad_post_sidebar_id":"","_kad_post_content_style":"default","_kad_post_vertical_padding":"default","_kad_post_feature":"","_kad_post_feature_position":"","_kad_post_header":false,"_kad_post_footer":false,"_kad_post_classname":""},"product_brand":[],"product_cat":[19],"product_tag":[151,148,149,150,156,152,147,155,153,141,142,154],"class_list":{"0":"post-503","1":"product","2":"type-product","3":"status-publish","4":"has-post-thumbnail","6":"product_cat-ems-endosphere","7":"product_tag-beauty-roller-machine","8":"product_tag-body-contouring-machine","9":"product_tag-cellulite-reduction-device","10":"product_tag-face-and-body-firming","11":"product_tag-facial-and-body-sculpting","12":"product_tag-lymphatic-drainage-machine","13":"product_tag-magnetic-roller-slimming-device","14":"product_tag-magnetic-therapy-beauty-device","15":"product_tag-non-invasive-slimming","16":"product_tag-professional-beauty-equipment","17":"product_tag-skin-tightening-device","18":"product_tag-spa-contouring-device","20":"first","21":"instock","22":"shipping-taxable","23":"product-type-simple","24":"entry","25":"content-bg","26":"loop-entry"},"_links":{"self":[{"href":"https:\/\/novezabeauty.com\/es\/wp-json\/wp\/v2\/product\/503","targetHints":{"allow":["GET"]}}],"collection":[{"href":"https:\/\/novezabeauty.com\/es\/wp-json\/wp\/v2\/product"}],"about":[{"href":"https:\/\/novezabeauty.com\/es\/wp-json\/wp\/v2\/types\/product"}],"version-history":[{"count":2,"href":"https:\/\/novezabeauty.com\/es\/wp-json\/wp\/v2\/product\/503\/revisions"}],"predecessor-version":[{"id":1261,"href":"https:\/\/novezabeauty.com\/es\/wp-json\/wp\/v2\/product\/503\/revisions\/1261"}],"wp:featuredmedia":[{"embeddable":true,"href":"https:\/\/novezabeauty.com\/es\/wp-json\/wp\/v2\/media\/867"}],"wp:attachment":[{"href":"https:\/\/novezabeauty.com\/es\/wp-json\/wp\/v2\/media?parent=503"}],"wp:term":[{"taxonomy":"product_brand","embeddable":true,"href":"https:\/\/novezabeauty.com\/es\/wp-json\/wp\/v2\/product_brand?post=503"},{"taxonomy":"product_cat","embeddable":true,"href":"https:\/\/novezabeauty.com\/es\/wp-json\/wp\/v2\/product_cat?post=503"},{"taxonomy":"product_tag","embeddable":true,"href":"https:\/\/novezabeauty.com\/es\/wp-json\/wp\/v2\/product_tag?post=503"}],"curies":[{"name":"wp","href":"https:\/\/api.w.org\/{rel}","templated":true}]}}