 {"id":710,"date":"2025-07-07T09:30:09","date_gmt":"2025-07-07T09:30:09","guid":{"rendered":"https:\/\/novezabeauty.com\/?post_type=product&#038;p=710"},"modified":"2025-11-23T08:56:41","modified_gmt":"2025-11-23T08:56:41","slug":"9-in-1-cavitation-slimming-machine-multifunctional-rf-laser-lipolysis-ems-face-body-contouring-device","status":"publish","type":"product","link":"https:\/\/novezabeauty.com\/es\/9-in-1-cavitation-slimming-machine-multifunctional-rf-laser-lipolysis-ems-face-body-contouring-device\/","title":{"rendered":"M\u00e1quina de cavitaci\u00f3n 9 en 1 para adelgazar - RF multifuncional, lip\u00f3lisis l\u00e1ser, EMS, contorno facial y corporal"},"content":{"rendered":"<p data-start=\"185\" data-end=\"293\">M\u00e1quina de cavitaci\u00f3n 9 en 1 para adelgazar - RF multifuncional, lip\u00f3lisis l\u00e1ser, EMS, contorno facial y corporal<\/p>\n<p data-start=\"320\" data-end=\"806\">La \u00faltima m\u00e1quina de adelgazamiento por cavitaci\u00f3n 9 en 1 dise\u00f1ada para el contorno corporal, el estiramiento de la piel y la reducci\u00f3n de grasa. Con tecnolog\u00edas avanzadas como RF (radiofrecuencia), lip\u00f3lisis l\u00e1ser, EMS y terapia fotoel\u00e9ctrica en color, esta m\u00e1quina se dirige tanto a tratamientos faciales como corporales. Segura, no invasiva y eficaz, ayuda a reducir la celulitis, reducir los poros y rejuvenecer la piel. Perfecta para salones de belleza y cl\u00ednicas que deseen ofrecer servicios integrales de cuidado corporal y facial.<\/p>\n<hr data-start=\"808\" data-end=\"811\" \/>\n<h3 data-start=\"813\" data-end=\"841\"><strong data-start=\"817\" data-end=\"841\">Descripci\u00f3n del producto:<\/strong><\/h3>\n<p data-start=\"842\" data-end=\"1219\">Transforme su cuerpo y su piel con nuestro <strong data-start=\"880\" data-end=\"918\">M\u00e1quina de adelgazamiento por cavitaci\u00f3n 9 en 1<\/strong>un dispositivo de \u00faltima generaci\u00f3n dise\u00f1ado para abordar la reducci\u00f3n de grasa, el estiramiento de la piel y el rejuvenecimiento facial en un solo tratamiento. Ideal para profesionales de la belleza, esta m\u00e1quina multifuncional combina lo \u00faltimo en tecnolog\u00edas no invasivas para ofrecer a los clientes resultados visibles en una fracci\u00f3n del tiempo.<\/p>\n<p data-start=\"1221\" data-end=\"1238\"><strong data-start=\"1221\" data-end=\"1238\">Caracter\u00edsticas principales:<\/strong><\/p>\n<ul data-start=\"1239\" data-end=\"2081\">\n<li data-start=\"1239\" data-end=\"1363\">\n<p data-start=\"1241\" data-end=\"1363\"><strong data-start=\"1241\" data-end=\"1263\">Cavitaci\u00f3n (40KHz)<\/strong>: Utiliza potentes ondas sonoras para descomponer las c\u00e9lulas adiposas, favoreciendo una reducci\u00f3n eficaz de la grasa y el contorno.<\/p>\n<\/li>\n<li data-start=\"1364\" data-end=\"1495\">\n<p data-start=\"1366\" data-end=\"1495\"><strong data-start=\"1366\" data-end=\"1390\">RF (radiofrecuencia)<\/strong>: Mejora la elasticidad de la piel y favorece la producci\u00f3n de col\u00e1geno, perfecto para el estiramiento de la piel facial y corporal.<\/p>\n<\/li>\n<li data-start=\"1496\" data-end=\"1624\">\n<p data-start=\"1498\" data-end=\"1624\"><strong data-start=\"1498\" data-end=\"1517\">Lip\u00f3lisis l\u00e1ser<\/strong>: Terapia l\u00e1ser de baja intensidad para estimular las c\u00e9lulas grasas, descomponiendo los triglic\u00e9ridos y mejorando el metabolismo de las grasas.<\/p>\n<\/li>\n<li data-start=\"1625\" data-end=\"1744\">\n<p data-start=\"1627\" data-end=\"1744\"><strong data-start=\"1627\" data-end=\"1666\">EMS (Estimulaci\u00f3n El\u00e9ctrica Muscular)<\/strong>: Estimula los m\u00fasculos para reafirmarlos y tonificarlos, creando un aspecto terso y tonificado.<\/p>\n<\/li>\n<li data-start=\"1745\" data-end=\"1854\">\n<p data-start=\"1747\" data-end=\"1854\"><strong data-start=\"1747\" data-end=\"1771\">Presi\u00f3n negativa RF<\/strong>: Proporciona una reducci\u00f3n espec\u00edfica de la grasa y un drenaje linf\u00e1tico para conseguir una piel m\u00e1s tersa y firme.<\/p>\n<\/li>\n<li data-start=\"1855\" data-end=\"1977\">\n<p data-start=\"1857\" data-end=\"1977\"><strong data-start=\"1857\" data-end=\"1892\">Perforaci\u00f3n fotoel\u00e9ctrica en color<\/strong>: Promueve el rejuvenecimiento de la piel, ayudando a reducir las l\u00edneas de expresi\u00f3n y a restaurar la vitalidad de la piel.<\/p>\n<\/li>\n<li data-start=\"1978\" data-end=\"2081\">\n<p data-start=\"1980\" data-end=\"2081\"><strong data-start=\"1980\" data-end=\"1997\">Reduce los poros<\/strong>: Mejora la textura de la piel cerrando los poros y reduciendo la aparici\u00f3n de arrugas.<\/p>\n<\/li>\n<\/ul>\n<p data-start=\"2083\" data-end=\"2096\"><strong data-start=\"2083\" data-end=\"2096\">Ventajas:<\/strong><\/p>\n<ul data-start=\"2097\" data-end=\"2656\">\n<li data-start=\"2097\" data-end=\"2238\">\n<p data-start=\"2099\" data-end=\"2238\"><strong data-start=\"2099\" data-end=\"2122\">Tratamiento corporal completo<\/strong>: Desde el lifting facial hasta el adelgazamiento corporal, trate diversas zonas como los brazos, las piernas, la cintura, el vientre y los gl\u00fateos.<\/p>\n<\/li>\n<li data-start=\"2239\" data-end=\"2356\">\n<p data-start=\"2241\" data-end=\"2356\"><strong data-start=\"2241\" data-end=\"2271\">Sin cirug\u00eda y sin dolor<\/strong>: Proporciona una experiencia no invasiva y c\u00f3moda sin necesidad de tiempo de recuperaci\u00f3n.<\/p>\n<\/li>\n<li data-start=\"2357\" data-end=\"2493\">\n<p data-start=\"2359\" data-end=\"2493\"><strong data-start=\"2359\" data-end=\"2374\">F\u00e1cil de usar<\/strong>: Con una interfaz f\u00e1cil de usar y par\u00e1metros ajustables, es sencillo personalizar cada tratamiento para adaptarlo a las necesidades del cliente.<\/p>\n<\/li>\n<li data-start=\"2494\" data-end=\"2656\">\n<p data-start=\"2496\" data-end=\"2656\"><strong data-start=\"2496\" data-end=\"2526\">Resultados r\u00e1pidos y eficaces<\/strong>: Los clientes experimentar\u00e1n resultados visibles despu\u00e9s de unas pocas sesiones, con reducci\u00f3n de grasa, piel m\u00e1s tensa y un f\u00edsico m\u00e1s esculpido.<\/p>\n<\/li>\n<\/ul>\n<p data-start=\"2658\" data-end=\"2960\">Esta m\u00e1quina 9 en 1 es la soluci\u00f3n perfecta para salones de belleza y cl\u00ednicas que buscan ofrecer tratamientos completos y vanguardistas para el cuidado de la piel. Sus capacidades multifuncionales garantizan que pueda ofrecer a sus clientes un servicio todo en uno que combina adelgazamiento, rejuvenecimiento de la piel y tonificaci\u00f3n muscular.<\/p>","protected":false},"excerpt":{"rendered":"<p>Un sistema profesional de adelgazamiento y contorneado 9 en 1 que combina cavitaci\u00f3n, RF, lip\u00f3lisis l\u00e1ser y EMS para esculpir el cuerpo y reafirmar el rostro en un solo aparato.<\/p>","protected":false},"featured_media":860,"template":"","meta":{"_kad_post_transparent":"default","_kad_post_title":"","_kad_post_layout":"default","_kad_post_sidebar_id":"","_kad_post_content_style":"default","_kad_post_vertical_padding":"default","_kad_post_feature":"","_kad_post_feature_position":"","_kad_post_header":false,"_kad_post_footer":false,"_kad_post_classname":""},"product_brand":[],"product_cat":[21],"product_tag":[98,134,138,135,146,140,137,144,143,141,136,142,145,139],"class_list":{"0":"post-710","1":"product","2":"type-product","3":"status-publish","4":"has-post-thumbnail","6":"product_cat-cavitation-lipo-laser","7":"product_tag-body-contouring","8":"product_tag-cavitation-slimming-machine","9":"product_tag-ems-muscle-toning","10":"product_tag-face-contouring","11":"product_tag-facial-firming-device","12":"product_tag-fat-reduction-machine","13":"product_tag-laser-lipolysis","14":"product_tag-multi-functional-beauty-machine","15":"product_tag-non-invasive-slimming-device","16":"product_tag-professional-beauty-equipment","17":"product_tag-rf-body-sculpting","18":"product_tag-skin-tightening-device","19":"product_tag-spa-equipment","20":"product_tag-ultrasonic-cavitation","22":"first","23":"instock","24":"shipping-taxable","25":"product-type-simple","26":"entry","27":"content-bg","28":"loop-entry"},"_links":{"self":[{"href":"https:\/\/novezabeauty.com\/es\/wp-json\/wp\/v2\/product\/710","targetHints":{"allow":["GET"]}}],"collection":[{"href":"https:\/\/novezabeauty.com\/es\/wp-json\/wp\/v2\/product"}],"about":[{"href":"https:\/\/novezabeauty.com\/es\/wp-json\/wp\/v2\/types\/product"}],"version-history":[{"count":2,"href":"https:\/\/novezabeauty.com\/es\/wp-json\/wp\/v2\/product\/710\/revisions"}],"predecessor-version":[{"id":1260,"href":"https:\/\/novezabeauty.com\/es\/wp-json\/wp\/v2\/product\/710\/revisions\/1260"}],"wp:featuredmedia":[{"embeddable":true,"href":"https:\/\/novezabeauty.com\/es\/wp-json\/wp\/v2\/media\/860"}],"wp:attachment":[{"href":"https:\/\/novezabeauty.com\/es\/wp-json\/wp\/v2\/media?parent=710"}],"wp:term":[{"taxonomy":"product_brand","embeddable":true,"href":"https:\/\/novezabeauty.com\/es\/wp-json\/wp\/v2\/product_brand?post=710"},{"taxonomy":"product_cat","embeddable":true,"href":"https:\/\/novezabeauty.com\/es\/wp-json\/wp\/v2\/product_cat?post=710"},{"taxonomy":"product_tag","embeddable":true,"href":"https:\/\/novezabeauty.com\/es\/wp-json\/wp\/v2\/product_tag?post=710"}],"curies":[{"name":"wp","href":"https:\/\/api.w.org\/{rel}","templated":true}]}}