 {"id":728,"date":"2025-07-07T13:05:52","date_gmt":"2025-07-07T13:05:52","guid":{"rendered":"https:\/\/novezabeauty.com\/?post_type=product&#038;p=728"},"modified":"2025-11-23T08:30:50","modified_gmt":"2025-11-23T08:30:50","slug":"high-quality-22d-anti-aging-face-tightening-firming-body-fat-removal-machine-for-wrinkle-remove","status":"publish","type":"product","link":"https:\/\/novezabeauty.com\/es\/high-quality-22d-anti-aging-face-tightening-firming-body-fat-removal-machine-for-wrinkle-remove\/","title":{"rendered":"22D Anti-aging Face Tightening Firming Body Fat Removal Machine for Wrinkle Remove"},"content":{"rendered":"<p>En <strong data-start=\"147\" data-end=\"214\">M\u00e1quina reductora de grasa corporal reafirmante y reafirmante facial antienvejecimiento 22D<\/strong> est\u00e1 dise\u00f1ado para la eliminaci\u00f3n eficaz de las arrugas, el estiramiento de la piel y el contorno corporal. Equipado con tecnolog\u00eda avanzada, utiliza un control de precisi\u00f3n para la eliminaci\u00f3n selectiva de grasa y reafirmaci\u00f3n. Su elegante dise\u00f1o cuenta con una pantalla digital intuitiva que permite ajustar f\u00e1cilmente la potencia y la configuraci\u00f3n para tratamientos personalizados. Esta m\u00e1quina ofrece una funcionalidad vers\u00e1til con cabezales intercambiables para varias zonas, lo que la hace ideal para aplicaciones faciales y corporales. Consiga una piel suave y joven con este dispositivo profesional de alto rendimiento.<\/p>\n<p data-start=\"576\" data-end=\"597\"><strong data-start=\"576\" data-end=\"597\">Caracter\u00edsticas del producto:<\/strong><\/p>\n<ol data-start=\"599\" data-end=\"2140\">\n<li data-start=\"599\" data-end=\"888\">\n<p data-start=\"602\" data-end=\"888\"><strong data-start=\"602\" data-end=\"641\">Tecnolog\u00eda de radiofrecuencia y tratamiento con plasma:<\/strong><br \/>\nEsta m\u00e1quina combina la energ\u00eda de radiofrecuencia y la tecnolog\u00eda de plasma, estimulando profundamente la piel para fomentar la producci\u00f3n de col\u00e1geno, tensar la piel fl\u00e1cida y mejorar la circulaci\u00f3n sangu\u00ednea. Tambi\u00e9n ayuda a reducir la grasa superficial, mejorando la textura y elasticidad de la piel.<\/p>\n<\/li>\n<li data-start=\"890\" data-end=\"1161\">\n<p data-start=\"893\" data-end=\"1161\"><strong data-start=\"893\" data-end=\"924\">Tratamiento multifuncional:<\/strong><br \/>\nAdecuado para diferentes zonas de la cara y el cuerpo, incluidos el rostro, la barbilla, el abdomen, los muslos y las nalgas. Con ajustes regulables, los usuarios pueden seleccionar el modo de tratamiento m\u00e1s adecuado en funci\u00f3n de su tipo de piel y sus necesidades individuales.<\/p>\n<\/li>\n<li data-start=\"1163\" data-end=\"1438\">\n<p data-start=\"1166\" data-end=\"1438\"><strong data-start=\"1166\" data-end=\"1192\">Pantalla digital inteligente:<\/strong><br \/>\nEquipada con una pantalla t\u00e1ctil inteligente de alta definici\u00f3n de 13,3 pulgadas, los usuarios pueden ajustar intuitivamente la intensidad del tratamiento, la potencia, la frecuencia de la energ\u00eda y el tiempo de tratamiento. La sencilla interfaz garantiza la facilidad de uso, con informaci\u00f3n en tiempo real para obtener resultados \u00f3ptimos.<\/p>\n<\/li>\n<li data-start=\"1440\" data-end=\"1673\">\n<p data-start=\"1443\" data-end=\"1673\"><strong data-start=\"1443\" data-end=\"1472\">M\u00faltiples cabezales de tratamiento:<\/strong><br \/>\nEl aparato incluye varios cabezales de tratamiento intercambiables, cada uno dise\u00f1ado para tratar zonas espec\u00edficas. Estos cabezales est\u00e1n dise\u00f1ados para ofrecer tratamientos eficaces y c\u00f3modos, garantizando resultados efectivos.<\/p>\n<\/li>\n<li data-start=\"1675\" data-end=\"1894\">\n<p data-start=\"1678\" data-end=\"1894\"><strong data-start=\"1678\" data-end=\"1704\">No invasivo y seguro:<\/strong><br \/>\nEl tratamiento no es invasivo y no requiere cirug\u00eda ni inyecciones. Utiliza una suave energ\u00eda de RF y plasma para ayudar a tensar y reducir la grasa, garantizando el confort y la seguridad durante todo el proceso.<\/p>\n<\/li>\n<li data-start=\"1896\" data-end=\"2140\">\n<p data-start=\"1899\" data-end=\"2140\"><strong data-start=\"1899\" data-end=\"1944\">Alta eficacia y efectos duraderos:<\/strong><br \/>\nCada tratamiento proporciona resultados notables en poco tiempo, y su uso continuado mejora la firmeza, la textura y la luminosidad de la piel. Los tratamientos continuos ayudan a recuperar un aspecto joven y saludable.<\/p>\n<\/li>\n<\/ol>\n<p data-start=\"2142\" data-end=\"2159\"><strong data-start=\"2142\" data-end=\"2159\">Aplicaciones:<\/strong><\/p>\n<ul data-start=\"2160\" data-end=\"2354\">\n<li data-start=\"2160\" data-end=\"2194\">\n<p data-start=\"2162\" data-end=\"2194\">Estiramiento y contorno facial<\/p>\n<\/li>\n<li data-start=\"2195\" data-end=\"2227\">\n<p data-start=\"2197\" data-end=\"2227\">Eliminaci\u00f3n de arrugas y antienvejecimiento<\/p>\n<\/li>\n<li data-start=\"2228\" data-end=\"2260\">\n<p data-start=\"2230\" data-end=\"2260\">Reducci\u00f3n y remodelaci\u00f3n de la grasa corporal<\/p>\n<\/li>\n<li data-start=\"2261\" data-end=\"2311\">\n<p data-start=\"2263\" data-end=\"2311\">Tensado de la piel de muslos, abdomen y nalgas<\/p>\n<\/li>\n<li data-start=\"2312\" data-end=\"2354\">\n<p data-start=\"2314\" data-end=\"2354\">Mejora la elasticidad y suavidad de la piel<\/p>\n<\/li>\n<\/ul>\n<p data-start=\"2356\" data-end=\"2555\"><strong data-start=\"2356\" data-end=\"2373\">Adecuado para:<\/strong><br \/>\nEste aparato es perfecto para salones de belleza, spas y uso dom\u00e9stico. Ofrece un cuidado de la piel de calidad profesional tanto para el rostro como para el cuerpo, adecuado para distintos tipos de piel y necesidades de tratamiento.<\/p>\n<p data-start=\"2557\" data-end=\"2848\">En <strong data-start=\"2577\" data-end=\"2640\">M\u00e1quina 22D de estiramiento facial y eliminaci\u00f3n de grasa corporal antienvejecimiento<\/strong> ofrece una soluci\u00f3n eficaz para conseguir una piel m\u00e1s firme y tersa y un aspecto rejuvenecido. Gracias a su innovadora tecnolog\u00eda y a su dise\u00f1o multifuncional, es la opci\u00f3n ideal para el sector de la belleza actual.<\/p>","protected":false},"excerpt":{"rendered":"<p>En <strong data-start=\"48\" data-end=\"115\" data-is-only-node=\"\">M\u00e1quina reductora de grasa corporal reafirmante y reafirmante facial antienvejecimiento 22D<\/strong> combate las arrugas, reafirma la piel y elimina la grasa corporal. Con un dise\u00f1o elegante y ajustes personalizables, utiliza tecnolog\u00eda avanzada para tratamientos faciales y corporales eficaces, dejando la piel m\u00e1s suave, firme y rejuvenecida.<\/p>","protected":false},"featured_media":887,"template":"","meta":{"_kad_post_transparent":"default","_kad_post_title":"","_kad_post_layout":"default","_kad_post_sidebar_id":"","_kad_post_content_style":"default","_kad_post_vertical_padding":"default","_kad_post_feature":"","_kad_post_feature_position":"","_kad_post_header":false,"_kad_post_footer":false,"_kad_post_classname":""},"product_brand":[],"product_cat":[24],"product_tag":[94,102,97,110,98,95,108,105,101,106,107,100,109,99,103,104,96],"class_list":{"0":"post-728","1":"product","2":"type-product","3":"status-publish","4":"has-post-thumbnail","6":"product_cat-hifu","7":"product_tag-anti-aging","8":"product_tag-anti-aging-beauty-device","9":"product_tag-anti-aging-device","10":"product_tag-beauty-machine-for-face-and-body","11":"product_tag-body-contouring","12":"product_tag-body-fat-removal","13":"product_tag-collagen-boosting-machine","14":"product_tag-facial-rejuvenation","15":"product_tag-microcurrent-facial-machine","16":"product_tag-non-invasive-beauty-treatment","17":"product_tag-plasma-microcurrent-device","18":"product_tag-plasma-skin-therapy","19":"product_tag-skin-firming","20":"product_tag-skin-firming-machine","21":"product_tag-skin-tightening-machine","22":"product_tag-wrinkle-removal","23":"product_tag-wrinkle-treatment","25":"first","26":"instock","27":"shipping-taxable","28":"product-type-simple","29":"entry","30":"content-bg","31":"loop-entry"},"_links":{"self":[{"href":"https:\/\/novezabeauty.com\/es\/wp-json\/wp\/v2\/product\/728","targetHints":{"allow":["GET"]}}],"collection":[{"href":"https:\/\/novezabeauty.com\/es\/wp-json\/wp\/v2\/product"}],"about":[{"href":"https:\/\/novezabeauty.com\/es\/wp-json\/wp\/v2\/types\/product"}],"version-history":[{"count":3,"href":"https:\/\/novezabeauty.com\/es\/wp-json\/wp\/v2\/product\/728\/revisions"}],"predecessor-version":[{"id":1256,"href":"https:\/\/novezabeauty.com\/es\/wp-json\/wp\/v2\/product\/728\/revisions\/1256"}],"wp:featuredmedia":[{"embeddable":true,"href":"https:\/\/novezabeauty.com\/es\/wp-json\/wp\/v2\/media\/887"}],"wp:attachment":[{"href":"https:\/\/novezabeauty.com\/es\/wp-json\/wp\/v2\/media?parent=728"}],"wp:term":[{"taxonomy":"product_brand","embeddable":true,"href":"https:\/\/novezabeauty.com\/es\/wp-json\/wp\/v2\/product_brand?post=728"},{"taxonomy":"product_cat","embeddable":true,"href":"https:\/\/novezabeauty.com\/es\/wp-json\/wp\/v2\/product_cat?post=728"},{"taxonomy":"product_tag","embeddable":true,"href":"https:\/\/novezabeauty.com\/es\/wp-json\/wp\/v2\/product_tag?post=728"}],"curies":[{"name":"wp","href":"https:\/\/api.w.org\/{rel}","templated":true}]}}