 {"id":733,"date":"2025-07-07T13:20:48","date_gmt":"2025-07-07T13:20:48","guid":{"rendered":"https:\/\/novezabeauty.com\/?post_type=product&#038;p=733"},"modified":"2025-11-23T08:47:23","modified_gmt":"2025-11-23T08:47:23","slug":"hydrodermabrasion-hydro-aqua-facial-machine-for-clean-skin-rejuvenation-spa-equipment","status":"publish","type":"product","link":"https:\/\/novezabeauty.com\/es\/hydrodermabrasion-hydro-aqua-facial-machine-for-clean-skin-rejuvenation-spa-equipment\/","title":{"rendered":"Hidrodermoabrasi\u00f3n y Hidro Aqua M\u00e1quina facial para rejuvenecimiento de la piel limpia Equipo de spa"},"content":{"rendered":"<p data-start=\"221\" data-end=\"772\">En <strong data-start=\"244\" data-end=\"293\">M\u00e1quina multifunci\u00f3n para el cuidado de la piel HydraFacial<\/strong> es un avanzado sistema de cuidado de la piel no invasivo dise\u00f1ado para ofrecer tratamientos faciales de nivel profesional en casa o en un spa. Combinando los beneficios de la hidradermabrasi\u00f3n, la oxigenoterapia, los ultrasonidos, la microcorriente y la fototerapia LED, esta vers\u00e1til m\u00e1quina de belleza ayuda a limpiar, exfoliar, hidratar y rejuvenecer la piel. Es la soluci\u00f3n perfecta para tratar una serie de problemas de la piel, como las l\u00edneas de expresi\u00f3n, las arrugas, el acn\u00e9, los puntos negros, el tono desigual de la piel y los poros dilatados.<\/p>\n<h4 data-start=\"774\" data-end=\"796\"><strong data-start=\"779\" data-end=\"795\">Caracter\u00edsticas principales<\/strong>:<\/h4>\n<ul data-start=\"797\" data-end=\"2787\">\n<li data-start=\"797\" data-end=\"1028\">\n<p data-start=\"799\" data-end=\"1028\"><strong data-start=\"799\" data-end=\"831\">Tecnolog\u00eda de hidradermabrasi\u00f3n<\/strong>: Utiliza un suave proceso de exfoliaci\u00f3n a base de agua para eliminar las c\u00e9lulas muertas y las impurezas, al tiempo que hidrata la piel. Limpia en profundidad sin abrasivos fuertes, por lo que es adecuado para pieles sensibles.<\/p>\n<\/li>\n<li data-start=\"1032\" data-end=\"1264\">\n<p data-start=\"1034\" data-end=\"1264\"><strong data-start=\"1034\" data-end=\"1058\">Dermoabrasi\u00f3n con diamante<\/strong>: Esta funci\u00f3n utiliza puntas de diamante para eliminar las c\u00e9lulas muertas de la piel, los puntos negros y las impurezas, dejando la piel suave y rejuvenecida. Tambi\u00e9n estimula la producci\u00f3n de col\u00e1geno para mejorar la elasticidad de la piel con el tiempo.<\/p>\n<\/li>\n<li data-start=\"1268\" data-end=\"1447\">\n<p data-start=\"1270\" data-end=\"1447\"><strong data-start=\"1270\" data-end=\"1288\">Succi\u00f3n de vac\u00edo<\/strong>: Ayuda a eliminar los puntos negros, el exceso de grasa y las impurezas de los poros a la vez que favorece una mejor circulaci\u00f3n sangu\u00ednea, lo que mejora la salud y el tono general de la piel.<\/p>\n<\/li>\n<li data-start=\"1449\" data-end=\"1669\">\n<p data-start=\"1451\" data-end=\"1669\"><strong data-start=\"1451\" data-end=\"1467\">Aerosol de ox\u00edgeno<\/strong>: Infunde ox\u00edgeno y sueros nutritivos en las capas profundas de la piel para mejorar su elasticidad, reducir las arrugas y mejorar la hidrataci\u00f3n. Este paso ayuda a la piel a recuperarse y brillar con un aspecto juvenil.<\/p>\n<\/li>\n<li data-start=\"1671\" data-end=\"1858\">\n<p data-start=\"1673\" data-end=\"1858\"><strong data-start=\"1673\" data-end=\"1687\">Ecograf\u00eda<\/strong>: Utiliza ondas sonoras de alta frecuencia para favorecer la absorci\u00f3n de sueros y nutrientes, estimulando el metabolismo cut\u00e1neo y ayudando a reducir las arrugas, las l\u00edneas de expresi\u00f3n y la flacidez de la piel.<\/p>\n<\/li>\n<li data-start=\"1860\" data-end=\"2091\">\n<p data-start=\"1862\" data-end=\"2091\"><strong data-start=\"1862\" data-end=\"1886\">Terapia microcorriente<\/strong>: Estimula los m\u00fasculos faciales con bajas corrientes el\u00e9ctricas, favoreciendo la tonificaci\u00f3n muscular y tensando la piel. Esta funci\u00f3n reduce la apariencia de flacidez y favorece una textura de la piel m\u00e1s firme y tersa.<\/p>\n<\/li>\n<li data-start=\"2093\" data-end=\"2433\">\n<p data-start=\"2095\" data-end=\"2207\"><strong data-start=\"2095\" data-end=\"2116\">Terapia de luz LED<\/strong>: Ofrece tres modos de luz diferentes (roja, azul y verde) para tratar diversos problemas de la piel:<\/p>\n<ul data-start=\"2210\" data-end=\"2433\">\n<li data-start=\"2210\" data-end=\"2290\">\n<p data-start=\"2212\" data-end=\"2290\"><strong data-start=\"2212\" data-end=\"2225\">Luz roja<\/strong>: Reduce las l\u00edneas de expresi\u00f3n, las arrugas y favorece la producci\u00f3n de col\u00e1geno.<\/p>\n<\/li>\n<li data-start=\"2293\" data-end=\"2366\">\n<p data-start=\"2295\" data-end=\"2366\"><strong data-start=\"2295\" data-end=\"2309\">Luz azul<\/strong>: Combate las bacterias causantes del acn\u00e9 y reduce la inflamaci\u00f3n.<\/p>\n<\/li>\n<li data-start=\"2369\" data-end=\"2433\">\n<p data-start=\"2371\" data-end=\"2433\"><strong data-start=\"2371\" data-end=\"2386\">Luz verde<\/strong>: Unifica el tono de la piel y reduce la pigmentaci\u00f3n.<\/p>\n<\/li>\n<\/ul>\n<\/li>\n<li data-start=\"2435\" data-end=\"2622\">\n<p data-start=\"2437\" data-end=\"2622\"><strong data-start=\"2437\" data-end=\"2463\">Interfaz de pantalla t\u00e1ctil<\/strong>: La interfaz de pantalla t\u00e1ctil, f\u00e1cil de usar y personalizable, le permite ajustar la configuraci\u00f3n de cada funci\u00f3n, lo que garantiza un tratamiento adaptado a sus necesidades individuales.<\/p>\n<\/li>\n<li data-start=\"2624\" data-end=\"2787\">\n<p data-start=\"2626\" data-end=\"2787\"><strong data-start=\"2626\" data-end=\"2656\">Dise\u00f1o compacto y elegante<\/strong>: El elegante dise\u00f1o garantiza que el dispositivo encaje perfectamente en cualquier espacio de tratamiento de belleza, ya sea un sal\u00f3n de belleza, un spa o para uso dom\u00e9stico.<\/p>\n<\/li>\n<\/ul>\n<h4 data-start=\"2789\" data-end=\"2807\"><strong data-start=\"2794\" data-end=\"2806\">Beneficios<\/strong>:<\/h4>\n<ul data-start=\"2808\" data-end=\"3433\">\n<li data-start=\"2808\" data-end=\"2950\">\n<p data-start=\"2810\" data-end=\"2950\"><strong data-start=\"2810\" data-end=\"2839\">Cuidado facial integral<\/strong>: La m\u00e1quina ofrece un tratamiento facial completo que limpia, exfolia, hidrata y rejuvenece la piel.<\/p>\n<\/li>\n<li data-start=\"2951\" data-end=\"3064\">\n<p data-start=\"2953\" data-end=\"3064\"><strong data-start=\"2953\" data-end=\"2979\">Tratamiento no invasivo<\/strong>: Proporciona un enfoque indoloro y no quir\u00fargico para el rejuvenecimiento facial y el cuidado de la piel.<\/p>\n<\/li>\n<li data-start=\"3065\" data-end=\"3162\">\n<p data-start=\"3067\" data-end=\"3162\"><strong data-start=\"3067\" data-end=\"3086\">Resultados visibles<\/strong>: Reduce las l\u00edneas de expresi\u00f3n, el acn\u00e9, los puntos negros y favorece una piel radiante y joven.<\/p>\n<\/li>\n<li data-start=\"3163\" data-end=\"3319\">\n<p data-start=\"3165\" data-end=\"3319\"><strong data-start=\"3165\" data-end=\"3196\">Adecuado para todo tipo de pieles<\/strong>: Tanto si tienes la piel grasa, seca, mixta o sensible, esta m\u00e1quina proporciona un cuidado suave pero eficaz para todos.<\/p>\n<\/li>\n<li data-start=\"3320\" data-end=\"3433\">\n<p data-start=\"3322\" data-end=\"3433\"><strong data-start=\"3322\" data-end=\"3356\">Mejora la textura y el tono de la piel<\/strong>: La combinaci\u00f3n de tratamientos favorece un tono de piel suave, claro y uniforme.<\/p>\n<\/li>\n<\/ul>\n<h4 data-start=\"3435\" data-end=\"3457\"><strong data-start=\"3440\" data-end=\"3456\">Aplicaciones<\/strong>:<\/h4>\n<ul data-start=\"3458\" data-end=\"4063\">\n<li data-start=\"3458\" data-end=\"3603\">\n<p data-start=\"3460\" data-end=\"3603\"><strong data-start=\"3460\" data-end=\"3483\">Rejuvenecimiento facial<\/strong>: Estimula la producci\u00f3n de col\u00e1geno y elastina, ayudando a reducir los signos del envejecimiento y dejando la piel m\u00e1s firme y tersa.<\/p>\n<\/li>\n<li data-start=\"3604\" data-end=\"3737\">\n<p data-start=\"3606\" data-end=\"3737\"><strong data-start=\"3606\" data-end=\"3636\">Tratamiento del acn\u00e9 y los puntos negros<\/strong>: La succi\u00f3n por vac\u00edo, la microcorriente y el spray de ox\u00edgeno ayudan a limpiar los poros y a reducir el acn\u00e9 y los puntos negros.<\/p>\n<\/li>\n<li data-start=\"3738\" data-end=\"3840\">\n<p data-start=\"3740\" data-end=\"3840\"><strong data-start=\"3740\" data-end=\"3754\">Antienvejecimiento<\/strong>: Con un uso regular, el aparato reduce visiblemente las arrugas, las l\u00edneas de expresi\u00f3n y la flacidez de la piel.<\/p>\n<\/li>\n<li data-start=\"3841\" data-end=\"3934\">\n<p data-start=\"3843\" data-end=\"3934\"><strong data-start=\"3843\" data-end=\"3861\">Hidrataci\u00f3n de la piel<\/strong>: Rellena e hidrata la piel, dej\u00e1ndola suave, tersa y radiante.<\/p>\n<\/li>\n<li data-start=\"3935\" data-end=\"4063\">\n<p data-start=\"3937\" data-end=\"4063\"><strong data-start=\"3937\" data-end=\"3960\">Cuidado de la piel sensible<\/strong>: La tecnolog\u00eda de hidradermabrasi\u00f3n suave y no abrasiva es segura incluso para los tipos de piel m\u00e1s sensibles.<\/p>\n<\/li>\n<\/ul>","protected":false},"excerpt":{"rendered":"<p>En <strong>M\u00e1quina para el cuidado de la piel HydraFacial<\/strong> ofrece tratamientos faciales de calidad profesional en casa. Con hidradermabrasi\u00f3n, terapia de microcorrientes, ultrasonidos y luz LED, limpia, exfolia, hidrata y rejuvenece la piel, reduciendo las arrugas, el acn\u00e9 y promoviendo un cutis joven y luminoso.<\/p>","protected":false},"featured_media":880,"template":"","meta":{"_kad_post_transparent":"default","_kad_post_title":"","_kad_post_layout":"default","_kad_post_sidebar_id":"","_kad_post_content_style":"default","_kad_post_vertical_padding":"default","_kad_post_feature":"","_kad_post_feature_position":"","_kad_post_header":false,"_kad_post_footer":false,"_kad_post_classname":""},"product_brand":[],"product_cat":[20],"product_tag":[124,123,125,111,120,127,121,128,122,126],"class_list":{"0":"post-733","1":"product","2":"type-product","3":"status-publish","4":"has-post-thumbnail","6":"product_cat-hydra-facial","7":"product_tag-acne-treatment-machine","8":"product_tag-anti-aging-skincare","9":"product_tag-facial-hydration-device","10":"product_tag-home-beauty-device","11":"product_tag-hydrafacial","12":"product_tag-led-light-therapy","13":"product_tag-microcurrent-skin-therapy","14":"product_tag-pore-cleansing-device","15":"product_tag-skin-rejuvenation-machine","16":"product_tag-spa-treatment-equipment","18":"first","19":"instock","20":"shipping-taxable","21":"product-type-simple","22":"entry","23":"content-bg","24":"loop-entry"},"_links":{"self":[{"href":"https:\/\/novezabeauty.com\/es\/wp-json\/wp\/v2\/product\/733","targetHints":{"allow":["GET"]}}],"collection":[{"href":"https:\/\/novezabeauty.com\/es\/wp-json\/wp\/v2\/product"}],"about":[{"href":"https:\/\/novezabeauty.com\/es\/wp-json\/wp\/v2\/types\/product"}],"version-history":[{"count":2,"href":"https:\/\/novezabeauty.com\/es\/wp-json\/wp\/v2\/product\/733\/revisions"}],"predecessor-version":[{"id":1258,"href":"https:\/\/novezabeauty.com\/es\/wp-json\/wp\/v2\/product\/733\/revisions\/1258"}],"wp:featuredmedia":[{"embeddable":true,"href":"https:\/\/novezabeauty.com\/es\/wp-json\/wp\/v2\/media\/880"}],"wp:attachment":[{"href":"https:\/\/novezabeauty.com\/es\/wp-json\/wp\/v2\/media?parent=733"}],"wp:term":[{"taxonomy":"product_brand","embeddable":true,"href":"https:\/\/novezabeauty.com\/es\/wp-json\/wp\/v2\/product_brand?post=733"},{"taxonomy":"product_cat","embeddable":true,"href":"https:\/\/novezabeauty.com\/es\/wp-json\/wp\/v2\/product_cat?post=733"},{"taxonomy":"product_tag","embeddable":true,"href":"https:\/\/novezabeauty.com\/es\/wp-json\/wp\/v2\/product_tag?post=733"}],"curies":[{"name":"wp","href":"https:\/\/api.w.org\/{rel}","templated":true}]}}