 {"id":739,"date":"2025-07-08T03:47:34","date_gmt":"2025-07-08T03:47:34","guid":{"rendered":"https:\/\/novezabeauty.com\/?post_type=product&#038;p=739"},"modified":"2025-11-23T08:40:00","modified_gmt":"2025-11-23T08:40:00","slug":"gold-radio-frequency-microcrystalline-skin-rejuvenation-device","status":"publish","type":"product","link":"https:\/\/novezabeauty.com\/es\/gold-radio-frequency-microcrystalline-skin-rejuvenation-device\/","title":{"rendered":"Aparato de rejuvenecimiento cut\u00e1neo con radiofrecuencia microcristalina de oro"},"content":{"rendered":"<p data-start=\"114\" data-end=\"251\"><strong data-start=\"114\" data-end=\"251\">Aparato de rejuvenecimiento de la piel con radiofrecuencia microcristalina de oro - Eliminaci\u00f3n de arrugas, estiramiento de la piel, tratamiento de cicatrices de acn\u00e9 y estr\u00edas<\/strong><\/p>\n<p data-start=\"274\" data-end=\"613\"><strong data-start=\"274\" data-end=\"613\">Consiga una piel m\u00e1s tersa y firme con el dispositivo de rejuvenecimiento cut\u00e1neo microcristalino de radiofrecuencia Gold. Combinando la tecnolog\u00eda microcristalina con la energ\u00eda de radiofrecuencia, este dispositivo combate eficazmente las arrugas, las cicatrices del acn\u00e9, las estr\u00edas y el tono desigual de la piel. Perfecto para el rejuvenecimiento facial, el estiramiento de la piel y la mejora general de la textura de la piel.<\/strong><\/p>\n<p data-start=\"640\" data-end=\"1033\">Nuestro dispositivo de rejuvenecimiento cut\u00e1neo con radiofrecuencia microcristalina Gold es una innovadora soluci\u00f3n de belleza que combina la avanzada tecnolog\u00eda microcristalina con la energ\u00eda de radiofrecuencia (RF). Dise\u00f1ado para proporcionar una estimulaci\u00f3n profunda de la piel, promueve la producci\u00f3n de col\u00e1geno y mejora la firmeza de la piel al tiempo que aborda eficazmente diversos problemas de la piel. Estas son las principales caracter\u00edsticas y ventajas de este dispositivo:<\/p>\n<h4 data-start=\"1035\" data-end=\"1071\">1. <strong data-start=\"1043\" data-end=\"1071\">Reparaci\u00f3n precisa y profunda de la piel<\/strong><\/h4>\n<p data-start=\"1072\" data-end=\"1353\">Las puntas microcristalinas penetran en la barrera cut\u00e1nea, estimulando la producci\u00f3n de col\u00e1geno y elastina en las capas m\u00e1s profundas de la piel. El dispositivo permite ajustar la profundidad de penetraci\u00f3n y la intensidad de la energ\u00eda de RF, garantizando tratamientos precisos que satisfagan sus necesidades individuales.<\/p>\n<h4 data-start=\"1355\" data-end=\"1403\">2. <strong data-start=\"1363\" data-end=\"1403\">Eficaz para m\u00faltiples problemas cut\u00e1neos<\/strong><\/h4>\n<p data-start=\"1404\" data-end=\"1690\">Si tiene arrugas, patas de gallo, piel fl\u00e1cida, cicatrices de acn\u00e9, estr\u00edas o poros dilatados, este aparato puede ayudarle. Al combinar los beneficios de la energ\u00eda de radiofrecuencia y la tecnolog\u00eda microcristalina, reafirma la piel, reduce la aparici\u00f3n de arrugas y mejora la textura de la piel.<\/p>\n<h4 data-start=\"1692\" data-end=\"1725\">3. <strong data-start=\"1700\" data-end=\"1725\">Seguro y no invasivo<\/strong><\/h4>\n<p data-start=\"1726\" data-end=\"2082\">A diferencia de los tratamientos tradicionales, el dispositivo Microcristalino Gold RF utiliza un cabezal de microcristal aislado especialmente dise\u00f1ado que evita da\u00f1ar la epidermis. La energ\u00eda de RF se administra a la profundidad de tratamiento correcta sin causar da\u00f1os t\u00e9rmicos en la superficie de la piel. Esto garantiza que no se produzcan costras ni decoloraci\u00f3n tras el tratamiento, y que el tiempo de recuperaci\u00f3n sea m\u00ednimo.<\/p>\n<h4 data-start=\"2084\" data-end=\"2116\">4. <strong data-start=\"2092\" data-end=\"2116\">Resultados duraderos<\/strong><\/h4>\n<p data-start=\"2117\" data-end=\"2353\">Los resultados visibles pueden apreciarse tras una sola sesi\u00f3n y, con el uso continuado, los beneficios duran entre 3 y 6 a\u00f1os. La textura de la piel mejora con el tiempo, y las arrugas profundas y la flacidez se reducen significativamente tras varios tratamientos.<\/p>\n<h4 data-start=\"2355\" data-end=\"2393\">5. <strong data-start=\"2363\" data-end=\"2393\">Personalizable y vers\u00e1til<\/strong><\/h4>\n<p data-start=\"2394\" data-end=\"2735\">Este dispositivo ofrece diversos modos que se adaptan a distintas zonas de tratamiento, como el rostro, el cuello y el abdomen. Ya se trate de tratamientos antienvejecimiento, cicatrices de acn\u00e9 o estr\u00edas, puede personalizar la profundidad del tratamiento y la intensidad de la RF seg\u00fan sus necesidades espec\u00edficas. La interfaz intuitiva facilita el manejo, incluso en casa.<\/p>\n<h4 data-start=\"2737\" data-end=\"2771\">6. <strong data-start=\"2745\" data-end=\"2771\">Especificaciones del dispositivo:<\/strong><\/h4>\n<ul data-start=\"2772\" data-end=\"3128\">\n<li data-start=\"2772\" data-end=\"2803\">\n<p data-start=\"2774\" data-end=\"2803\"><strong data-start=\"2774\" data-end=\"2794\">Frecuencia de salida<\/strong>2-4 MHz<\/p>\n<\/li>\n<li data-start=\"2804\" data-end=\"2831\">\n<p data-start=\"2806\" data-end=\"2831\"><strong data-start=\"2806\" data-end=\"2822\">Potencia de salida<\/strong>: 10-200W<\/p>\n<\/li>\n<li data-start=\"2832\" data-end=\"2913\">\n<p data-start=\"2834\" data-end=\"2913\"><strong data-start=\"2834\" data-end=\"2861\">Tipos de sondas terap\u00e9uticas<\/strong>: 10 patillas, 25 patillas, 64 patillas, Nano patillas (intercambiables)<\/p>\n<\/li>\n<li data-start=\"2914\" data-end=\"2957\">\n<p data-start=\"2916\" data-end=\"2957\"><strong data-start=\"2916\" data-end=\"2933\">Tensi\u00f3n de entrada<\/strong>: CA 110V~220V~50Hz\/60Hz<\/p>\n<\/li>\n<li data-start=\"2958\" data-end=\"3019\">\n<p data-start=\"2960\" data-end=\"3019\"><strong data-start=\"2960\" data-end=\"2988\">Zonas de tratamiento adecuadas<\/strong>: Cara, cuello, abdomen y m\u00e1s<\/p>\n<\/li>\n<li data-start=\"3020\" data-end=\"3128\">\n<p data-start=\"3022\" data-end=\"3128\"><strong data-start=\"3022\" data-end=\"3040\">Aplicable a<\/strong>: Usuarios con flacidez cut\u00e1nea, arrugas, cicatrices de acn\u00e9, estr\u00edas y otros problemas de la piel.<\/p>\n<\/li>\n<\/ul>\n<h4 data-start=\"3130\" data-end=\"3165\">7. <strong data-start=\"3138\" data-end=\"3165\">Problemas cut\u00e1neos aplicables:<\/strong><\/h4>\n<ul data-start=\"3166\" data-end=\"3639\">\n<li data-start=\"3166\" data-end=\"3285\">\n<p data-start=\"3168\" data-end=\"3285\"><strong data-start=\"3168\" data-end=\"3196\">Arrugas y patas de gallo<\/strong>: Reduce eficazmente las arrugas faciales y del cuello, devolviendo a la piel su textura lisa y firme.<\/p>\n<\/li>\n<li data-start=\"3286\" data-end=\"3395\">\n<p data-start=\"3288\" data-end=\"3395\"><strong data-start=\"3288\" data-end=\"3305\">Estr\u00edas<\/strong>: Reduce la aparici\u00f3n de estr\u00edas, especialmente en el abdomen, con un uso constante.<\/p>\n<\/li>\n<li data-start=\"3396\" data-end=\"3517\">\n<p data-start=\"3398\" data-end=\"3517\"><strong data-start=\"3398\" data-end=\"3425\">Cicatrices de acn\u00e9 y cicatrices<\/strong>: Mejora el aspecto de las cicatrices del acn\u00e9 y otros tipos de cicatrices, favoreciendo la cicatrizaci\u00f3n de la piel.<\/p>\n<\/li>\n<li data-start=\"3518\" data-end=\"3639\">\n<p data-start=\"3520\" data-end=\"3639\"><strong data-start=\"3520\" data-end=\"3552\">Poros dilatados y piel apagada<\/strong>: Reduce los poros, unifica el tono de la piel y mejora su luminosidad y claridad general.<\/p>\n<\/li>\n<\/ul>\n<h4 data-start=\"3641\" data-end=\"3681\">8. <strong data-start=\"3649\" data-end=\"3681\">Principio de funcionamiento y efectos:<\/strong><\/h4>\n<ul data-start=\"3682\" data-end=\"4186\">\n<li data-start=\"3682\" data-end=\"3851\">\n<p data-start=\"3684\" data-end=\"3851\"><strong data-start=\"3684\" data-end=\"3725\">Exfoliaci\u00f3n f\u00edsica microcristalina<\/strong>: Las puntas microcristalinas rompen la barrera cut\u00e1nea, limpian los poros y permiten que la piel absorba mejor los tratamientos.<\/p>\n<\/li>\n<li data-start=\"3852\" data-end=\"4046\">\n<p data-start=\"3854\" data-end=\"4046\"><strong data-start=\"3854\" data-end=\"3872\">RF de alta energ\u00eda<\/strong>: La energ\u00eda de radiofrecuencia penetra profundamente en la dermis, estimulando la producci\u00f3n de col\u00e1geno, elastina y \u00e1cido hialur\u00f3nico, lo que se traduce en una piel m\u00e1s rellena, hidratada y sin arrugas.<\/p>\n<\/li>\n<li data-start=\"4047\" data-end=\"4186\">\n<p data-start=\"4049\" data-end=\"4186\"><strong data-start=\"4049\" data-end=\"4073\">Administraci\u00f3n transd\u00e9rmica<\/strong>: Los canales microcristalinos potencian la absorci\u00f3n de los tratamientos personalizados, mejorando los resultados globales.<\/p>\n<\/li>\n<\/ul>\n<h4 data-start=\"4188\" data-end=\"4220\">9. <strong data-start=\"4196\" data-end=\"4220\">Cuidados postratamiento:<\/strong><\/h4>\n<ul data-start=\"4221\" data-end=\"4663\">\n<li data-start=\"4221\" data-end=\"4381\">\n<p data-start=\"4223\" data-end=\"4381\"><strong data-start=\"4223\" data-end=\"4244\">Contraindicaciones<\/strong>: No recomendado para usuarios con infecciones cut\u00e1neas, enfermedades de la piel (excepto acn\u00e9), trastornos hemorr\u00e1gicos, embarazo, marcapasos o c\u00e1ncer de piel.<\/p>\n<\/li>\n<li data-start=\"4382\" data-end=\"4663\">\n<p data-start=\"4384\" data-end=\"4663\"><strong data-start=\"4384\" data-end=\"4397\">Cuidado posterior<\/strong>: Evite el contacto con el agua durante las 24 horas posteriores al tratamiento. Aplique productos reparadores para favorecer la recuperaci\u00f3n de la piel, evite la exposici\u00f3n al sol y abst\u00e9ngase de realizar actividades extenuantes durante un breve periodo. Debe evitarse el consumo de alcohol, ya que puede interferir en el proceso de cicatrizaci\u00f3n.<\/p>\n<\/li>\n<\/ul>\n<p data-start=\"4665\" data-end=\"5013\">El dispositivo de rejuvenecimiento cut\u00e1neo microcristalino por radiofrecuencia Gold ofrece una soluci\u00f3n innovadora y segura para el rejuvenecimiento cut\u00e1neo no invasivo. Tanto si desea combatir los signos del envejecimiento, reducir cicatrices o simplemente mejorar la textura de la piel, este dispositivo proporciona resultados duraderos y perceptibles. Ideal para uso dom\u00e9stico o en cl\u00ednicas de belleza profesionales.<\/p>","protected":false},"excerpt":{"rendered":"<p>Consiga una piel m\u00e1s firme y joven con el <strong data-start=\"1071\" data-end=\"1120\">Equipo de belleza personal de uso dom\u00e9stico SPA de sobremesa<\/strong>. Ideal para reafirmar el rostro, reducir las arrugas y rejuvenecer la piel, esta m\u00e1quina ofrece resultados profesionales en casa.<\/p>\n<p>&nbsp;<\/p>","protected":false},"featured_media":875,"template":"","meta":{"_kad_post_transparent":"default","_kad_post_title":"","_kad_post_layout":"default","_kad_post_sidebar_id":"","_kad_post_content_style":"default","_kad_post_vertical_padding":"default","_kad_post_feature":"","_kad_post_feature_position":"","_kad_post_header":false,"_kad_post_footer":false,"_kad_post_classname":""},"product_brand":[],"product_cat":[23],"product_tag":[113,118,112,119,111,117,116,115,103,114],"class_list":{"0":"post-739","1":"product","2":"type-product","3":"status-publish","4":"has-post-thumbnail","6":"product_cat-micro-needle","7":"product_tag-anti-aging-equipment","8":"product_tag-beauty-machine-for-face","9":"product_tag-facial-firming-machine","10":"product_tag-facial-treatment-device","11":"product_tag-home-beauty-device","12":"product_tag-home-spa-equipment","13":"product_tag-microcurrent-therapy","14":"product_tag-skin-rejuvenation","15":"product_tag-skin-tightening-machine","16":"product_tag-wrinkle-reduction","18":"first","19":"instock","20":"shipping-taxable","21":"product-type-simple","22":"entry","23":"content-bg","24":"loop-entry"},"_links":{"self":[{"href":"https:\/\/novezabeauty.com\/es\/wp-json\/wp\/v2\/product\/739","targetHints":{"allow":["GET"]}}],"collection":[{"href":"https:\/\/novezabeauty.com\/es\/wp-json\/wp\/v2\/product"}],"about":[{"href":"https:\/\/novezabeauty.com\/es\/wp-json\/wp\/v2\/types\/product"}],"version-history":[{"count":2,"href":"https:\/\/novezabeauty.com\/es\/wp-json\/wp\/v2\/product\/739\/revisions"}],"predecessor-version":[{"id":1257,"href":"https:\/\/novezabeauty.com\/es\/wp-json\/wp\/v2\/product\/739\/revisions\/1257"}],"wp:featuredmedia":[{"embeddable":true,"href":"https:\/\/novezabeauty.com\/es\/wp-json\/wp\/v2\/media\/875"}],"wp:attachment":[{"href":"https:\/\/novezabeauty.com\/es\/wp-json\/wp\/v2\/media?parent=739"}],"wp:term":[{"taxonomy":"product_brand","embeddable":true,"href":"https:\/\/novezabeauty.com\/es\/wp-json\/wp\/v2\/product_brand?post=739"},{"taxonomy":"product_cat","embeddable":true,"href":"https:\/\/novezabeauty.com\/es\/wp-json\/wp\/v2\/product_cat?post=739"},{"taxonomy":"product_tag","embeddable":true,"href":"https:\/\/novezabeauty.com\/es\/wp-json\/wp\/v2\/product_tag?post=739"}],"curies":[{"name":"wp","href":"https:\/\/api.w.org\/{rel}","templated":true}]}}