 {"id":101,"date":"2025-06-30T08:41:50","date_gmt":"2025-06-30T08:41:50","guid":{"rendered":"https:\/\/novezabeauty.com\/?page_id=101"},"modified":"2025-11-14T07:54:23","modified_gmt":"2025-11-14T07:54:23","slug":"faqs","status":"publish","type":"page","link":"https:\/\/novezabeauty.com\/fr\/resources\/faqs\/","title":{"rendered":"FAQ"},"content":{"rendered":"<div data-elementor-type=\"wp-page\" data-elementor-id=\"101\" class=\"elementor elementor-101\" data-elementor-post-type=\"page\">\n\t\t\t\t<div class=\"elementor-element elementor-element-92d6e44 e-flex e-con-boxed e-con e-parent\" data-id=\"92d6e44\" data-element_type=\"container\" data-e-type=\"container\">\n\t\t\t\t\t<div class=\"e-con-inner\">\n\t\t\t\t<div class=\"elementor-element elementor-element-9f2b16a elementor-widget elementor-widget-spacer\" data-id=\"9f2b16a\" data-element_type=\"widget\" data-e-type=\"widget\" data-settings=\"{&quot;ekit_we_effect_on&quot;:&quot;none&quot;}\" data-widget_type=\"spacer.default\">\n\t\t\t\t<div class=\"elementor-widget-container\">\n\t\t\t\t\t\t\t<div class=\"elementor-spacer\">\n\t\t\t<div class=\"elementor-spacer-inner\"><\/div>\n\t\t<\/div>\n\t\t\t\t\t\t<\/div>\n\t\t\t\t<\/div>\n\t\t\t\t<div class=\"elementor-element elementor-element-85cdca6 elementor-widget elementor-widget-heading\" data-id=\"85cdca6\" data-element_type=\"widget\" data-e-type=\"widget\" data-settings=\"{&quot;ekit_we_effect_on&quot;:&quot;none&quot;}\" data-widget_type=\"heading.default\">\n\t\t\t\t<div class=\"elementor-widget-container\">\n\t\t\t\t\t<h1 class=\"elementor-heading-title elementor-size-default\">FAQ<\/h1>\t\t\t\t<\/div>\n\t\t\t\t<\/div>\n\t\t\t\t<div class=\"elementor-element elementor-element-1fc9936 elementor-widget elementor-widget-elementskit-accordion\" data-id=\"1fc9936\" data-element_type=\"widget\" data-e-type=\"widget\" data-settings=\"{&quot;ekit_we_effect_on&quot;:&quot;none&quot;}\" data-widget_type=\"elementskit-accordion.default\">\n\t\t\t\t<div class=\"elementor-widget-container\">\n\t\t\t\t\t<div class=\"ekit-wid-con\" >\n        <div class=\"elementskit-accordion accoedion-primary\" id=\"accordion-69f7ac3f33732\">\n\n            \n                <div class=\"elementskit-card active\">\n                    <div class=\"elementskit-card-header\" id=\"primaryHeading-0-1fc9936\">\n                        <a href=\"#collapse-7f7559769f7ac3f33732\" class=\"ekit-accordion--toggler elementskit-btn-link collapsed\" data-ekit-toggle=\"collapse\" data-target=\"#Collapse-7f7559769f7ac3f33732\" aria-expanded=\"true\" aria-controls=\"Collapse-7f7559769f7ac3f33732\">\n                            \n                            <span class=\"ekit-accordion-title\">Q1 : Les appareils de beaut\u00e9 Noveza sont-ils s\u00fbrs ?<\/span>\n\n                            \n                                <div class=\"ekit_accordion_icon_group\">\n                                    <div class=\"ekit_accordion_normal_icon\">\n                                        <!-- Normal Icon -->\n\t\t\t\t\t\t\t\t\t\t<svg class=\"ekit-svg-icon icon-down-arrow1\" viewbox=\"0 0 32 32\" xmlns=\"http:\/\/www.w3.org\/2000\/svg\"><path d=\"M31.582 8.495c-0.578-0.613-1.544-0.635-2.153-0.059l-13.43 12.723-13.428-12.723c-0.61-0.578-1.574-0.553-2.153 0.059-0.579 0.611-0.553 1.576 0.058 2.155l14.477 13.715c0.293 0.277 0.67 0.418 1.047 0.418s0.756-0.14 1.048-0.418l14.477-13.715c0.611-0.579 0.637-1.544 0.058-2.155z\"><\/path><\/svg>                                    <\/div>\n\n                                    <div class=\"ekit_accordion_active_icon\">\n                                        <!-- Active Icon -->\n\t\t\t\t\t\t\t\t\t\t<svg class=\"ekit-svg-icon icon-up-arrow\" viewbox=\"0 0 32 32\" xmlns=\"http:\/\/www.w3.org\/2000\/svg\"><path d=\"M26.915 10.844c0.451 0.451 0.451 1.162 0 1.613-0.436 0.436-1.162 0.436-1.597 0l-8.18-8.18v26.995c0 0.629-0.5 1.129-1.129 1.129s-1.146-0.5-1.146-1.129v-26.996l-8.164 8.18c-0.451 0.436-1.178 0.436-1.613 0-0.451-0.451-0.451-1.162 0-1.613l10.117-10.117c0.436-0.436 1.162-0.436 1.597 0l10.116 10.118z\"><\/path><\/svg>                                    <\/div>\n                                <\/div>\n\n                            \n                                                    <\/a>\n                    <\/div>\n\n                    <div id=\"Collapse-7f7559769f7ac3f33732\" class=\"show collapse\" aria-labelledby=\"primaryHeading-0-1fc9936\" data-parent=\"#accordion-69f7ac3f33732\">\n\n                        <div class=\"elementskit-card-body ekit-accordion--content\">\n                            <p>Nos appareils sont con\u00e7us pour une utilisation professionnelle par des op\u00e9rateurs form\u00e9s dans des cliniques, des spas ou des salons. Chaque mod\u00e8le est soumis \u00e0 des tests fonctionnels et \u00e0 des tests de vieillissement avant d'\u00eatre exp\u00e9di\u00e9. Lorsqu'ils sont utilis\u00e9s conform\u00e9ment au manuel de l'utilisateur et aux directives de traitement, ils sont s\u00fbrs et stables. Nous recommandons toujours une formation ad\u00e9quate et une s\u00e9lection des clients avant tout traitement.<\/p>                        <\/div>\n\n                    <\/div>\n\n                <\/div><!-- .elementskit-card END -->\n\n                                        <\/div>\n    <\/div>\t\t\t\t<\/div>\n\t\t\t\t<\/div>\n\t\t\t\t\t<\/div>\n\t\t\t\t<\/div>\n\t\t<div class=\"elementor-element elementor-element-087f23b e-flex e-con-boxed e-con e-parent\" data-id=\"087f23b\" data-element_type=\"container\" data-e-type=\"container\">\n\t\t\t\t\t<div class=\"e-con-inner\">\n\t\t\t\t<div class=\"elementor-element elementor-element-943b0b1 elementor-widget elementor-widget-elementskit-accordion\" data-id=\"943b0b1\" data-element_type=\"widget\" data-e-type=\"widget\" data-settings=\"{&quot;ekit_we_effect_on&quot;:&quot;none&quot;}\" data-widget_type=\"elementskit-accordion.default\">\n\t\t\t\t<div class=\"elementor-widget-container\">\n\t\t\t\t\t<div class=\"ekit-wid-con\" >\n        <div class=\"elementskit-accordion accoedion-primary\" id=\"accordion-69f7ac3f36123\">\n\n            \n                <div class=\"elementskit-card active\">\n                    <div class=\"elementskit-card-header\" id=\"primaryHeading-0-943b0b1\">\n                        <a href=\"#collapse-7f7559769f7ac3f36123\" class=\"ekit-accordion--toggler elementskit-btn-link collapsed\" data-ekit-toggle=\"collapse\" data-target=\"#Collapse-7f7559769f7ac3f36123\" aria-expanded=\"true\" aria-controls=\"Collapse-7f7559769f7ac3f36123\">\n                            \n                            <span class=\"ekit-accordion-title\">Q2 : Quels types de traitements vos appareils peuvent-ils fournir ?<\/span>\n\n                            \n                                <div class=\"ekit_accordion_icon_group\">\n                                    <div class=\"ekit_accordion_normal_icon\">\n                                        <!-- Normal Icon -->\n\t\t\t\t\t\t\t\t\t\t<svg class=\"ekit-svg-icon icon-down-arrow1\" viewbox=\"0 0 32 32\" xmlns=\"http:\/\/www.w3.org\/2000\/svg\"><path d=\"M31.582 8.495c-0.578-0.613-1.544-0.635-2.153-0.059l-13.43 12.723-13.428-12.723c-0.61-0.578-1.574-0.553-2.153 0.059-0.579 0.611-0.553 1.576 0.058 2.155l14.477 13.715c0.293 0.277 0.67 0.418 1.047 0.418s0.756-0.14 1.048-0.418l14.477-13.715c0.611-0.579 0.637-1.544 0.058-2.155z\"><\/path><\/svg>                                    <\/div>\n\n                                    <div class=\"ekit_accordion_active_icon\">\n                                        <!-- Active Icon -->\n\t\t\t\t\t\t\t\t\t\t<svg class=\"ekit-svg-icon icon-up-arrow\" viewbox=\"0 0 32 32\" xmlns=\"http:\/\/www.w3.org\/2000\/svg\"><path d=\"M26.915 10.844c0.451 0.451 0.451 1.162 0 1.613-0.436 0.436-1.162 0.436-1.597 0l-8.18-8.18v26.995c0 0.629-0.5 1.129-1.129 1.129s-1.146-0.5-1.146-1.129v-26.996l-8.164 8.18c-0.451 0.436-1.178 0.436-1.613 0-0.451-0.451-0.451-1.162 0-1.613l10.117-10.117c0.436-0.436 1.162-0.436 1.597 0l10.116 10.118z\"><\/path><\/svg>                                    <\/div>\n                                <\/div>\n\n                            \n                                                    <\/a>\n                    <\/div>\n\n                    <div id=\"Collapse-7f7559769f7ac3f36123\" class=\"show collapse\" aria-labelledby=\"primaryHeading-0-943b0b1\" data-parent=\"#accordion-69f7ac3f36123\">\n\n                        <div class=\"elementskit-card-body ekit-accordion--content\">\n                            <p>Notre portefeuille couvre une large gamme de traitements pour le visage et le corps, notamment le lifting et le resserrement du visage, le rajeunissement de la peau, le nettoyage des pores, l'am\u00e9lioration de l'acn\u00e9 et de la texture, le remodelage du corps et l'amincissement, la r\u00e9duction de la cellulite et l'\u00e9pilation \u00e0 long terme, en fonction de l'appareil et de la technologie sp\u00e9cifiques (tels que plasma, EMS, hydra facial, HIFU, th\u00e9rapie Endosphere, laser \u00e0 diode, cavitation et laser lipo, combo EMS + Endosphere et microneedle RF).<\/p>                        <\/div>\n\n                    <\/div>\n\n                <\/div><!-- .elementskit-card END -->\n\n                                        <\/div>\n    <\/div>\t\t\t\t<\/div>\n\t\t\t\t<\/div>\n\t\t\t\t\t<\/div>\n\t\t\t\t<\/div>\n\t\t<div class=\"elementor-element elementor-element-a3d47aa e-flex e-con-boxed e-con e-parent\" data-id=\"a3d47aa\" data-element_type=\"container\" data-e-type=\"container\">\n\t\t\t\t\t<div class=\"e-con-inner\">\n\t\t\t\t<div class=\"elementor-element elementor-element-b0f864c elementor-widget elementor-widget-elementskit-accordion\" data-id=\"b0f864c\" data-element_type=\"widget\" data-e-type=\"widget\" data-settings=\"{&quot;ekit_we_effect_on&quot;:&quot;none&quot;}\" data-widget_type=\"elementskit-accordion.default\">\n\t\t\t\t<div class=\"elementor-widget-container\">\n\t\t\t\t\t<div class=\"ekit-wid-con\" >\n        <div class=\"elementskit-accordion accoedion-primary\" id=\"accordion-69f7ac3f38700\">\n\n            \n                <div class=\"elementskit-card active\">\n                    <div class=\"elementskit-card-header\" id=\"primaryHeading-0-b0f864c\">\n                        <a href=\"#collapse-7f7559769f7ac3f38700\" class=\"ekit-accordion--toggler elementskit-btn-link collapsed\" data-ekit-toggle=\"collapse\" data-target=\"#Collapse-7f7559769f7ac3f38700\" aria-expanded=\"true\" aria-controls=\"Collapse-7f7559769f7ac3f38700\">\n                            \n                            <span class=\"ekit-accordion-title\">Q3 : Vos appareils conviennent-ils \u00e0 tous les types de peau ?<\/span>\n\n                            \n                                <div class=\"ekit_accordion_icon_group\">\n                                    <div class=\"ekit_accordion_normal_icon\">\n                                        <!-- Normal Icon -->\n\t\t\t\t\t\t\t\t\t\t<svg class=\"ekit-svg-icon icon-down-arrow1\" viewbox=\"0 0 32 32\" xmlns=\"http:\/\/www.w3.org\/2000\/svg\"><path d=\"M31.582 8.495c-0.578-0.613-1.544-0.635-2.153-0.059l-13.43 12.723-13.428-12.723c-0.61-0.578-1.574-0.553-2.153 0.059-0.579 0.611-0.553 1.576 0.058 2.155l14.477 13.715c0.293 0.277 0.67 0.418 1.047 0.418s0.756-0.14 1.048-0.418l14.477-13.715c0.611-0.579 0.637-1.544 0.058-2.155z\"><\/path><\/svg>                                    <\/div>\n\n                                    <div class=\"ekit_accordion_active_icon\">\n                                        <!-- Active Icon -->\n\t\t\t\t\t\t\t\t\t\t<svg class=\"ekit-svg-icon icon-up-arrow\" viewbox=\"0 0 32 32\" xmlns=\"http:\/\/www.w3.org\/2000\/svg\"><path d=\"M26.915 10.844c0.451 0.451 0.451 1.162 0 1.613-0.436 0.436-1.162 0.436-1.597 0l-8.18-8.18v26.995c0 0.629-0.5 1.129-1.129 1.129s-1.146-0.5-1.146-1.129v-26.996l-8.164 8.18c-0.451 0.436-1.178 0.436-1.613 0-0.451-0.451-0.451-1.162 0-1.613l10.117-10.117c0.436-0.436 1.162-0.436 1.597 0l10.116 10.118z\"><\/path><\/svg>                                    <\/div>\n                                <\/div>\n\n                            \n                                                    <\/a>\n                    <\/div>\n\n                    <div id=\"Collapse-7f7559769f7ac3f38700\" class=\"show collapse\" aria-labelledby=\"primaryHeading-0-b0f864c\" data-parent=\"#accordion-69f7ac3f38700\">\n\n                        <div class=\"elementskit-card-body ekit-accordion--content\">\n                            <p>Nombre de nos appareils peuvent \u00eatre utilis\u00e9s sur diff\u00e9rents types de peau, mais l'indication exacte et la plage de s\u00e9curit\u00e9 d\u00e9pendent de la technologie et du mod\u00e8le sp\u00e9cifiques. L'op\u00e9rateur doit toujours suivre le manuel de l'utilisateur, les protocoles de traitement et les r\u00e9glementations locales, et ajuster les param\u00e8tres en fonction du type de peau, de l'\u00e9tat et des ant\u00e9c\u00e9dents m\u00e9dicaux du client.<\/p>                        <\/div>\n\n                    <\/div>\n\n                <\/div><!-- .elementskit-card END -->\n\n                                        <\/div>\n    <\/div>\t\t\t\t<\/div>\n\t\t\t\t<\/div>\n\t\t\t\t\t<\/div>\n\t\t\t\t<\/div>\n\t\t<div class=\"elementor-element elementor-element-3b5e32a e-flex e-con-boxed e-con e-parent\" data-id=\"3b5e32a\" data-element_type=\"container\" data-e-type=\"container\">\n\t\t\t\t\t<div class=\"e-con-inner\">\n\t\t\t\t<div class=\"elementor-element elementor-element-2fcb8da elementor-widget elementor-widget-elementskit-accordion\" data-id=\"2fcb8da\" data-element_type=\"widget\" data-e-type=\"widget\" data-settings=\"{&quot;ekit_we_effect_on&quot;:&quot;none&quot;}\" data-widget_type=\"elementskit-accordion.default\">\n\t\t\t\t<div class=\"elementor-widget-container\">\n\t\t\t\t\t<div class=\"ekit-wid-con\" >\n        <div class=\"elementskit-accordion accoedion-primary\" id=\"accordion-69f7ac3f3ac7d\">\n\n            \n                <div class=\"elementskit-card active\">\n                    <div class=\"elementskit-card-header\" id=\"primaryHeading-0-2fcb8da\">\n                        <a href=\"#collapse-7f7559769f7ac3f3ac7d\" class=\"ekit-accordion--toggler elementskit-btn-link collapsed\" data-ekit-toggle=\"collapse\" data-target=\"#Collapse-7f7559769f7ac3f3ac7d\" aria-expanded=\"true\" aria-controls=\"Collapse-7f7559769f7ac3f3ac7d\">\n                            \n                            <span class=\"ekit-accordion-title\">Q4 : Qu'est-ce qui peut \u00eatre personnalis\u00e9 sur vos appareils ?<\/span>\n\n                            \n                                <div class=\"ekit_accordion_icon_group\">\n                                    <div class=\"ekit_accordion_normal_icon\">\n                                        <!-- Normal Icon -->\n\t\t\t\t\t\t\t\t\t\t<svg class=\"ekit-svg-icon icon-down-arrow1\" viewbox=\"0 0 32 32\" xmlns=\"http:\/\/www.w3.org\/2000\/svg\"><path d=\"M31.582 8.495c-0.578-0.613-1.544-0.635-2.153-0.059l-13.43 12.723-13.428-12.723c-0.61-0.578-1.574-0.553-2.153 0.059-0.579 0.611-0.553 1.576 0.058 2.155l14.477 13.715c0.293 0.277 0.67 0.418 1.047 0.418s0.756-0.14 1.048-0.418l14.477-13.715c0.611-0.579 0.637-1.544 0.058-2.155z\"><\/path><\/svg>                                    <\/div>\n\n                                    <div class=\"ekit_accordion_active_icon\">\n                                        <!-- Active Icon -->\n\t\t\t\t\t\t\t\t\t\t<svg class=\"ekit-svg-icon icon-up-arrow\" viewbox=\"0 0 32 32\" xmlns=\"http:\/\/www.w3.org\/2000\/svg\"><path d=\"M26.915 10.844c0.451 0.451 0.451 1.162 0 1.613-0.436 0.436-1.162 0.436-1.597 0l-8.18-8.18v26.995c0 0.629-0.5 1.129-1.129 1.129s-1.146-0.5-1.146-1.129v-26.996l-8.164 8.18c-0.451 0.436-1.178 0.436-1.613 0-0.451-0.451-0.451-1.162 0-1.613l10.117-10.117c0.436-0.436 1.162-0.436 1.597 0l10.116 10.118z\"><\/path><\/svg>                                    <\/div>\n                                <\/div>\n\n                            \n                                                    <\/a>\n                    <\/div>\n\n                    <div id=\"Collapse-7f7559769f7ac3f3ac7d\" class=\"show collapse\" aria-labelledby=\"primaryHeading-0-2fcb8da\" data-parent=\"#accordion-69f7ac3f3ac7d\">\n\n                        <div class=\"elementskit-card-body ekit-accordion--content\">\n                            <p>La personnalisation peut porter sur le logo et la marque, la couleur et le design de la coque, la langue et le style de l'interface utilisateur, l'emballage et les manuels et, dans les projets ODM, m\u00eame sur la configuration du mat\u00e9riel, les combinaisons de pi\u00e8ces \u00e0 main, les fonctions logicielles et les protocoles. Les options r\u00e9elles d\u00e9pendent du type d'appareil et de l'\u00e9chelle du projet.<\/p>                        <\/div>\n\n                    <\/div>\n\n                <\/div><!-- .elementskit-card END -->\n\n                                        <\/div>\n    <\/div>\t\t\t\t<\/div>\n\t\t\t\t<\/div>\n\t\t\t\t\t<\/div>\n\t\t\t\t<\/div>\n\t\t<div class=\"elementor-element elementor-element-709a826 e-flex e-con-boxed e-con e-parent\" data-id=\"709a826\" data-element_type=\"container\" data-e-type=\"container\">\n\t\t\t\t\t<div class=\"e-con-inner\">\n\t\t\t\t<div class=\"elementor-element elementor-element-441b76b elementor-widget elementor-widget-elementskit-accordion\" data-id=\"441b76b\" data-element_type=\"widget\" data-e-type=\"widget\" data-settings=\"{&quot;ekit_we_effect_on&quot;:&quot;none&quot;}\" data-widget_type=\"elementskit-accordion.default\">\n\t\t\t\t<div class=\"elementor-widget-container\">\n\t\t\t\t\t<div class=\"ekit-wid-con\" >\n        <div class=\"elementskit-accordion accoedion-primary\" id=\"accordion-69f7ac3f3d1c6\">\n\n            \n                <div class=\"elementskit-card active\">\n                    <div class=\"elementskit-card-header\" id=\"primaryHeading-0-441b76b\">\n                        <a href=\"#collapse-7f7559769f7ac3f3d1c6\" class=\"ekit-accordion--toggler elementskit-btn-link collapsed\" data-ekit-toggle=\"collapse\" data-target=\"#Collapse-7f7559769f7ac3f3d1c6\" aria-expanded=\"true\" aria-controls=\"Collapse-7f7559769f7ac3f3d1c6\">\n                            \n                            <span class=\"ekit-accordion-title\">Q5 : Comment puis-je passer une commande ?<\/span>\n\n                            \n                                <div class=\"ekit_accordion_icon_group\">\n                                    <div class=\"ekit_accordion_normal_icon\">\n                                        <!-- Normal Icon -->\n\t\t\t\t\t\t\t\t\t\t<svg class=\"ekit-svg-icon icon-down-arrow1\" viewbox=\"0 0 32 32\" xmlns=\"http:\/\/www.w3.org\/2000\/svg\"><path d=\"M31.582 8.495c-0.578-0.613-1.544-0.635-2.153-0.059l-13.43 12.723-13.428-12.723c-0.61-0.578-1.574-0.553-2.153 0.059-0.579 0.611-0.553 1.576 0.058 2.155l14.477 13.715c0.293 0.277 0.67 0.418 1.047 0.418s0.756-0.14 1.048-0.418l14.477-13.715c0.611-0.579 0.637-1.544 0.058-2.155z\"><\/path><\/svg>                                    <\/div>\n\n                                    <div class=\"ekit_accordion_active_icon\">\n                                        <!-- Active Icon -->\n\t\t\t\t\t\t\t\t\t\t<svg class=\"ekit-svg-icon icon-up-arrow\" viewbox=\"0 0 32 32\" xmlns=\"http:\/\/www.w3.org\/2000\/svg\"><path d=\"M26.915 10.844c0.451 0.451 0.451 1.162 0 1.613-0.436 0.436-1.162 0.436-1.597 0l-8.18-8.18v26.995c0 0.629-0.5 1.129-1.129 1.129s-1.146-0.5-1.146-1.129v-26.996l-8.164 8.18c-0.451 0.436-1.178 0.436-1.613 0-0.451-0.451-0.451-1.162 0-1.613l10.117-10.117c0.436-0.436 1.162-0.436 1.597 0l10.116 10.118z\"><\/path><\/svg>                                    <\/div>\n                                <\/div>\n\n                            \n                                                    <\/a>\n                    <\/div>\n\n                    <div id=\"Collapse-7f7559769f7ac3f3d1c6\" class=\"show collapse\" aria-labelledby=\"primaryHeading-0-441b76b\" data-parent=\"#accordion-69f7ac3f3d1c6\">\n\n                        <div class=\"elementskit-card-body ekit-accordion--content\">\n                            <p>Vous pouvez nous contacter par le biais du site web, du courrier \u00e9lectronique ou des applications de messagerie. Notre \u00e9quipe commerciale discutera de vos besoins, vous recommandera des mod\u00e8les adapt\u00e9s, confirmera les sp\u00e9cifications et les quantit\u00e9s, puis \u00e9tablira un devis et une facture proforma (PI). Une fois que nous avons re\u00e7u le paiement convenu, nous organisons la production et l'exp\u00e9dition.<\/p>                        <\/div>\n\n                    <\/div>\n\n                <\/div><!-- .elementskit-card END -->\n\n                                        <\/div>\n    <\/div>\t\t\t\t<\/div>\n\t\t\t\t<\/div>\n\t\t\t\t\t<\/div>\n\t\t\t\t<\/div>\n\t\t\t\t<\/div>","protected":false},"excerpt":{"rendered":"<p>FAQs Q1: Are Noveza beauty devices safe to use? Our devices are designed for professional use by trained operators in clinics, spas or salons. Each model goes through functional testing and aging tests before shipment. When used according to the user manual and treatment guidelines, they are safe and stable. We always recommend proper training&#8230;<\/p>","protected":false},"author":1,"featured_media":0,"parent":83,"menu_order":5,"comment_status":"closed","ping_status":"closed","template":"","meta":{"_kad_post_transparent":"","_kad_post_title":"hide","_kad_post_layout":"fullwidth","_kad_post_sidebar_id":"","_kad_post_content_style":"unboxed","_kad_post_vertical_padding":"hide","_kad_post_feature":"hide","_kad_post_feature_position":"","_kad_post_header":false,"_kad_post_footer":false,"_kad_post_classname":"","footnotes":""},"class_list":["post-101","page","type-page","status-publish","hentry"],"_links":{"self":[{"href":"https:\/\/novezabeauty.com\/fr\/wp-json\/wp\/v2\/pages\/101","targetHints":{"allow":["GET"]}}],"collection":[{"href":"https:\/\/novezabeauty.com\/fr\/wp-json\/wp\/v2\/pages"}],"about":[{"href":"https:\/\/novezabeauty.com\/fr\/wp-json\/wp\/v2\/types\/page"}],"author":[{"embeddable":true,"href":"https:\/\/novezabeauty.com\/fr\/wp-json\/wp\/v2\/users\/1"}],"replies":[{"embeddable":true,"href":"https:\/\/novezabeauty.com\/fr\/wp-json\/wp\/v2\/comments?post=101"}],"version-history":[{"count":4,"href":"https:\/\/novezabeauty.com\/fr\/wp-json\/wp\/v2\/pages\/101\/revisions"}],"predecessor-version":[{"id":1094,"href":"https:\/\/novezabeauty.com\/fr\/wp-json\/wp\/v2\/pages\/101\/revisions\/1094"}],"up":[{"embeddable":true,"href":"https:\/\/novezabeauty.com\/fr\/wp-json\/wp\/v2\/pages\/83"}],"wp:attachment":[{"href":"https:\/\/novezabeauty.com\/fr\/wp-json\/wp\/v2\/media?parent=101"}],"curies":[{"name":"wp","href":"https:\/\/api.w.org\/{rel}","templated":true}]}}