 {"id":85,"date":"2025-06-30T08:32:59","date_gmt":"2025-06-30T08:32:59","guid":{"rendered":"https:\/\/novezabeauty.com\/?page_id=85"},"modified":"2025-11-14T03:22:29","modified_gmt":"2025-11-14T03:22:29","slug":"oem-odm","status":"publish","type":"page","link":"https:\/\/novezabeauty.com\/fr\/resources\/oem-odm\/","title":{"rendered":"OEM ET ODM"},"content":{"rendered":"<div data-elementor-type=\"wp-page\" data-elementor-id=\"85\" class=\"elementor elementor-85\" data-elementor-post-type=\"page\">\n\t\t\t\t<div class=\"elementor-element elementor-element-108a93b e-flex e-con-boxed e-con e-parent\" data-id=\"108a93b\" data-element_type=\"container\" data-e-type=\"container\">\n\t\t\t\t\t<div class=\"e-con-inner\">\n\t\t\t\t<div class=\"elementor-element elementor-element-dab5566 elementor-widget elementor-widget-heading\" data-id=\"dab5566\" data-element_type=\"widget\" data-e-type=\"widget\" data-settings=\"{&quot;ekit_we_effect_on&quot;:&quot;none&quot;}\" data-widget_type=\"heading.default\">\n\t\t\t\t<div class=\"elementor-widget-container\">\n\t\t\t\t\t<h1 class=\"elementor-heading-title elementor-size-default\">OEM ET ODM<\/h1>\t\t\t\t<\/div>\n\t\t\t\t<\/div>\n\t\t\t\t<div class=\"elementor-element elementor-element-3e9a37c elementor-widget elementor-widget-text-editor\" data-id=\"3e9a37c\" data-element_type=\"widget\" data-e-type=\"widget\" data-settings=\"{&quot;ekit_we_effect_on&quot;:&quot;none&quot;}\" data-widget_type=\"text-editor.default\">\n\t\t\t\t<div class=\"elementor-widget-container\">\n\t\t\t\t\t\t\t\t\t<p>Chez Noveza, nous ne nous contentons pas de vendre des appareils de beaut\u00e9, nous sommes un partenaire de niveau industriel qui vous aide \u00e0 cr\u00e9er votre propre \u00e9quipement de marque, de A \u00e0 Z.<br data-start=\"258\" data-end=\"261\" \/>Notre service OEM et ODM est con\u00e7u pour les distributeurs, les cliniques, les cha\u00eenes de spa et les propri\u00e9taires de marques qui souhaitent une qualit\u00e9 stable, une personnalisation flexible et une coop\u00e9ration \u00e0 long terme avec un fabricant fiable.\u00a0 \u00a0 \u00a0<\/p><p>\u00a0<\/p>\t\t\t\t\t\t\t\t<\/div>\n\t\t\t\t<\/div>\n\t\t\t\t\t<\/div>\n\t\t\t\t<\/div>\n\t\t<div class=\"elementor-element elementor-element-fd6835d e-flex e-con-boxed e-con e-parent\" data-id=\"fd6835d\" data-element_type=\"container\" data-e-type=\"container\">\n\t\t\t\t\t<div class=\"e-con-inner\">\n\t\t\t\t<div class=\"elementor-element elementor-element-90e9da5 elementor-widget elementor-widget-heading\" data-id=\"90e9da5\" data-element_type=\"widget\" data-e-type=\"widget\" data-settings=\"{&quot;ekit_we_effect_on&quot;:&quot;none&quot;}\" data-widget_type=\"heading.default\">\n\t\t\t\t<div class=\"elementor-widget-container\">\n\t\t\t\t\t<h3 class=\"elementor-heading-title elementor-size-default\">Section 1 - Ce que couvre notre service OEM et ODM<\/h3>\t\t\t\t<\/div>\n\t\t\t\t<\/div>\n\t\t\t\t<div class=\"elementor-element elementor-element-c853b94 elementor-widget elementor-widget-text-editor\" data-id=\"c853b94\" data-element_type=\"widget\" data-e-type=\"widget\" data-settings=\"{&quot;ekit_we_effect_on&quot;:&quot;none&quot;}\" data-widget_type=\"text-editor.default\">\n\t\t\t\t<div class=\"elementor-widget-container\">\n\t\t\t\t\t\t\t\t\t<p data-start=\"510\" data-end=\"623\">\u00a0Nous fournissons un service de personnalisation complet, depuis l'id\u00e9e et la conception jusqu'aux machines finies et \u00e0 l'assistance apr\u00e8s-vente.<\/p><p data-start=\"625\" data-end=\"667\"><strong data-start=\"625\" data-end=\"667\">Vous pouvez travailler avec nous de deux mani\u00e8res principales :<\/strong><\/p><ul data-start=\"669\" data-end=\"1070\"><li data-start=\"669\" data-end=\"847\"><p data-start=\"671\" data-end=\"847\"><strong data-start=\"671\" data-end=\"716\">OEM (Label priv\u00e9 et personnalisation l\u00e9g\u00e8re)<\/strong><br data-start=\"716\" data-end=\"719\" \/>Appliquez votre logo, vos couleurs et votre identit\u00e9 de marque \u00e0 nos mod\u00e8les matures. Id\u00e9al si vous souhaitez vous lancer rapidement avec des technologies \u00e9prouv\u00e9es.<\/p><\/li><li data-start=\"849\" data-end=\"1070\"><p data-start=\"851\" data-end=\"1070\"><strong data-start=\"851\" data-end=\"897\">ODM (personnalisation approfondie et nouveau d\u00e9veloppement)<\/strong><br data-start=\"897\" data-end=\"900\" \/>Co-d\u00e9veloppement ou personnalisation compl\u00e8te d'un nouveau dispositif - y compris les fonctions, l'apparence, le logiciel et l'interface utilisateur - en fonction de votre positionnement sur le march\u00e9 et de vos concepts de traitement.\u00a0 \u00a0 \u00a0\u00a0<\/p><\/li><\/ul><div>\u00a0<\/div><div>\u00a0<\/div>\t\t\t\t\t\t\t\t<\/div>\n\t\t\t\t<\/div>\n\t\t\t\t\t<\/div>\n\t\t\t\t<\/div>\n\t\t<div class=\"elementor-element elementor-element-e848e23 e-flex e-con-boxed e-con e-parent\" data-id=\"e848e23\" data-element_type=\"container\" data-e-type=\"container\">\n\t\t\t\t\t<div class=\"e-con-inner\">\n\t\t\t\t<div class=\"elementor-element elementor-element-889aaeb elementor-widget elementor-widget-heading\" data-id=\"889aaeb\" data-element_type=\"widget\" data-e-type=\"widget\" data-settings=\"{&quot;ekit_we_effect_on&quot;:&quot;none&quot;}\" data-widget_type=\"heading.default\">\n\t\t\t\t<div class=\"elementor-widget-container\">\n\t\t\t\t\t<h3 class=\"elementor-heading-title elementor-size-default\">Section 2 - Ce que vous pouvez personnaliser<\/h3>\t\t\t\t<\/div>\n\t\t\t\t<\/div>\n\t\t\t\t<div class=\"elementor-element elementor-element-58c11c7 elementor-widget elementor-widget-text-editor\" data-id=\"58c11c7\" data-element_type=\"widget\" data-e-type=\"widget\" data-settings=\"{&quot;ekit_we_effect_on&quot;:&quot;none&quot;}\" data-widget_type=\"text-editor.default\">\n\t\t\t\t<div class=\"elementor-widget-container\">\n\t\t\t\t\t\t\t\t\t<p data-start=\"1116\" data-end=\"1218\">Nous savons que chaque march\u00e9 et chaque marque sont diff\u00e9rents, c'est pourquoi notre menu OEM et ODM est flexible et modulaire.<\/p><p data-start=\"1220\" data-end=\"1244\"><strong data-start=\"1220\" data-end=\"1244\">Mat\u00e9riel et fonctions<\/strong><\/p><ul data-start=\"1246\" data-end=\"1610\"><li data-start=\"1246\" data-end=\"1350\"><p data-start=\"1248\" data-end=\"1350\">Type de machine et fonctions de traitement (lifting du visage, rajeunissement de la peau, amincissement, \u00e9pilation, etc.)<\/p><\/li><li data-start=\"1351\" data-end=\"1425\"><p data-start=\"1353\" data-end=\"1425\">Pi\u00e8ces \u00e0 main et t\u00eates de traitement (nombre, combinaisons, sp\u00e9cifications)<\/p><\/li><li data-start=\"1426\" data-end=\"1527\"><p data-start=\"1428\" data-end=\"1527\">Gammes d'\u00e9nergie et modes de travail (RF, HIFU, EMS, laser, cavitation, cryolipolyse et autres)<\/p><\/li><li data-start=\"1528\" data-end=\"1610\"><p data-start=\"1530\" data-end=\"1610\">Taille de l'\u00e9cran, disposition et mode d'utilisation (\u00e9cran tactile, boutons, logique de l'interface)<\/p><\/li><\/ul><p data-start=\"1612\" data-end=\"1641\"><strong data-start=\"1612\" data-end=\"1641\">Logiciel et interface utilisateur<\/strong><\/p><ul data-start=\"1643\" data-end=\"1868\"><li data-start=\"1643\" data-end=\"1695\"><p data-start=\"1645\" data-end=\"1695\">Langue(s) de l'interface et options multilingues<\/p><\/li><li data-start=\"1696\" data-end=\"1749\"><p data-start=\"1698\" data-end=\"1749\">Pr\u00e9r\u00e9glages de traitement, protocoles et plages de param\u00e8tres<\/p><\/li><li data-start=\"1750\" data-end=\"1804\"><p data-start=\"1752\" data-end=\"1804\">Visuels de la marque dans l'interface utilisateur (logo, th\u00e8me de couleur, ic\u00f4nes)<\/p><\/li><li data-start=\"1805\" data-end=\"1868\"><p data-start=\"1807\" data-end=\"1868\">Protection par mot de passe, niveaux d'utilisateur et autres fonctions pratiques<\/p><\/li><\/ul><p data-start=\"1870\" data-end=\"1905\"><strong data-start=\"1870\" data-end=\"1905\">Image de marque, emballage et documents<\/strong><\/p><ul data-start=\"1907\" data-end=\"2164\"><li data-start=\"1907\" data-end=\"1977\"><p data-start=\"1909\" data-end=\"1977\">Impression de logos (coque de machine, pi\u00e8ces \u00e0 main, \u00e9tiquettes, \u00e9cran de d\u00e9marrage)<\/p><\/li><li data-start=\"1978\" data-end=\"2030\"><p data-start=\"1980\" data-end=\"2030\">Couleur de la machine, conception des panneaux et style ext\u00e9rieur<\/p><\/li><li data-start=\"2031\" data-end=\"2091\"><p data-start=\"2033\" data-end=\"2091\">Conception de l'emballage (bo\u00eete de couleur, carton, plateau int\u00e9rieur, \u00e9tiquettes)<\/p><\/li><li data-start=\"2092\" data-end=\"2164\"><p data-start=\"2094\" data-end=\"2164\">Manuels d'utilisation, guides de traitement et mat\u00e9riel de marketing portant votre marque<\/p><\/li><\/ul><p data-start=\"2166\" data-end=\"2204\"><strong data-start=\"2166\" data-end=\"2204\">Consommables et accessoires assortis<\/strong><\/p><ul data-start=\"2206\" data-end=\"2378\"><li data-start=\"2206\" data-end=\"2262\"><p data-start=\"2208\" data-end=\"2262\">Gels, s\u00e9rums et masques con\u00e7us pour des appareils sp\u00e9cifiques<\/p><\/li><li data-start=\"2263\" data-end=\"2316\"><p data-start=\"2265\" data-end=\"2316\">Lunettes, poign\u00e9es, embouts et autres pi\u00e8ces consommables<\/p><\/li><li data-start=\"2317\" data-end=\"2378\"><p data-start=\"2319\" data-end=\"2378\">Kits marketing et kits de pr\u00e9sentation pour les cliniques et les salles d'exposition\u00a0 \u00a0\u00a0<\/p><\/li><\/ul><div>\u00a0<\/div><div>\u00a0 \u00a0 \u00a0 \u00a0 \u00a0 \u00a0 \u00a0 \u00a0 \u00a0 \u00a0 \u00a0 \u00a0 \u00a0 \u00a0<\/div>\t\t\t\t\t\t\t\t<\/div>\n\t\t\t\t<\/div>\n\t\t\t\t\t<\/div>\n\t\t\t\t<\/div>\n\t\t<div class=\"elementor-element elementor-element-0334141 e-flex e-con-boxed e-con e-parent\" data-id=\"0334141\" data-element_type=\"container\" data-e-type=\"container\">\n\t\t\t\t\t<div class=\"e-con-inner\">\n\t\t\t\t<div class=\"elementor-element elementor-element-744c0e4 elementor-widget elementor-widget-heading\" data-id=\"744c0e4\" data-element_type=\"widget\" data-e-type=\"widget\" data-settings=\"{&quot;ekit_we_effect_on&quot;:&quot;none&quot;}\" data-widget_type=\"heading.default\">\n\t\t\t\t<div class=\"elementor-widget-container\">\n\t\t\t\t\t<h3 class=\"elementor-heading-title elementor-size-default\">Section 3 - Notre flux de travail OEM et ODM<\/h3>\t\t\t\t<\/div>\n\t\t\t\t<\/div>\n\t\t\t\t<div class=\"elementor-element elementor-element-876161e elementor-widget elementor-widget-text-editor\" data-id=\"876161e\" data-element_type=\"widget\" data-e-type=\"widget\" data-settings=\"{&quot;ekit_we_effect_on&quot;:&quot;none&quot;}\" data-widget_type=\"text-editor.default\">\n\t\t\t\t<div class=\"elementor-widget-container\">\n\t\t\t\t\t\t\t\t\t<p>\u00a0 \u00a0 \u00a0 \u00a0 \u00a0 Pour que les projets soient clairs et efficaces, nous suivons un processus structur\u00e9 mais flexible :<\/p><ol><li data-start=\"2508\" data-end=\"2716\"><p data-start=\"2511\" data-end=\"2716\"><strong data-start=\"2511\" data-end=\"2542\">Consultation et exigences<\/strong><br data-start=\"2542\" data-end=\"2545\" \/>Vous partagez vos id\u00e9es, votre march\u00e9 cible, votre budget et les traitements souhait\u00e9s.<br data-start=\"2615\" data-end=\"2618\" \/>Nous \u00e9coutons, posons des questions cl\u00e9s et vous aidons \u00e0 affiner le concept en exigences techniques claires.<\/p><\/li><li data-start=\"2718\" data-end=\"2933\"><p data-start=\"2721\" data-end=\"2933\"><strong data-start=\"2721\" data-end=\"2756\">\u00c9valuation technique et proposition<\/strong><br data-start=\"2756\" data-end=\"2759\" \/>Nos ing\u00e9nieurs \u00e9valuent la faisabilit\u00e9, recommandent des technologies adapt\u00e9es ou des plates-formes existantes et pr\u00e9parent une proposition avec des configurations sugg\u00e9r\u00e9es, un calendrier et un cadre de co\u00fbts.<\/p><\/li><li data-start=\"2935\" data-end=\"3209\"><p data-start=\"2938\" data-end=\"3209\"><strong data-start=\"2938\" data-end=\"2962\">Conception et ing\u00e9nierie<\/strong><br data-start=\"2962\" data-end=\"2965\" \/>Pour les projets OEM, nous finalisons le logo, les couleurs, le langage de l'interface utilisateur et l'emballage.<br data-start=\"3038\" data-end=\"3041\" \/>Pour les projets ODM, nous travaillons sur la conception industrielle, le circuit imprim\u00e9 et la structure, la logique du logiciel et la disposition de l'interface, tout en vous tenant au courant par des \u00e9bauches visuelles et des suggestions.<\/p><\/li><li data-start=\"3211\" data-end=\"3427\"><p data-start=\"3214\" data-end=\"3427\"><strong data-start=\"3214\" data-end=\"3237\">Prototype et essais<\/strong><br data-start=\"3237\" data-end=\"3240\" \/>Nous construisons des unit\u00e9s d'\u00e9chantillonnage pour des tests internes et pour votre \u00e9valuation.<br data-start=\"3306\" data-end=\"3309\" \/>Les performances, la s\u00e9curit\u00e9, la stabilit\u00e9 et l'exp\u00e9rience de l'utilisateur sont v\u00e9rifi\u00e9es par des tests r\u00e9p\u00e9t\u00e9s et les optimisations n\u00e9cessaires.<\/p><\/li><li data-start=\"3429\" data-end=\"3687\"><p data-start=\"3432\" data-end=\"3687\"><strong data-start=\"3432\" data-end=\"3470\">Soutien \u00e0 la certification et \u00e0 la conformit\u00e9<\/strong><br data-start=\"3470\" data-end=\"3473\" \/>En fonction de vos march\u00e9s cibles, nous pouvons prendre en charge les essais et les rapports connexes (tels que les documents de conformit\u00e9 CE, RoHS et autres, le cas \u00e9ch\u00e9ant) et fournir des donn\u00e9es techniques pour vos enregistrements locaux, si n\u00e9cessaire.<\/p><\/li><li data-start=\"3689\" data-end=\"3935\"><p data-start=\"3692\" data-end=\"3935\"><strong data-start=\"3692\" data-end=\"3729\">Production de masse et contr\u00f4le de la qualit\u00e9<\/strong><br data-start=\"3729\" data-end=\"3732\" \/>Une fois les \u00e9chantillons confirm\u00e9s, nous lan\u00e7ons la production par lots dans le cadre d'une gestion stricte de la qualit\u00e9. Chaque appareil fait l'objet d'un contr\u00f4le \u00e0 la r\u00e9ception, d'un test en cours de fabrication et d'un test de vieillissement final avant d'\u00eatre exp\u00e9di\u00e9.<\/p><\/li><\/ol><p data-start=\"3940\" data-end=\"4165\"><strong data-start=\"3940\" data-end=\"3970\">Livraison et soutien continu<\/strong><br data-start=\"3970\" data-end=\"3973\" \/>Nous mettons en place des solutions d'exp\u00e9dition adapt\u00e9es en fonction de votre r\u00e9gion et du volume de votre commande, et nous continuons \u00e0 fournir une assistance technique, du mat\u00e9riel de formation et des pi\u00e8ces de rechange pour assurer un fonctionnement stable \u00e0 long terme.\u00a0\u00a0<\/p><p data-start=\"3940\" data-end=\"4165\">\u00a0<\/p><p data-start=\"3940\" data-end=\"4165\"><span style=\"background-color: rgba(0, 0, 0, 0);\">\u00a0 \u00a0 \u00a0 \u00a0 \u00a0 \u00a0 \u00a0 \u00a0 \u00a0 \u00a0<\/span><span style=\"background-color: rgba(0, 0, 0, 0);\">\u00a0 \u00a0\u00a0<\/span><span style=\"background-color: rgba(0, 0, 0, 0);\">\u00a0 \u00a0 \u00a0 \u00a0 \u00a0 \u00a0 \u00a0 \u00a0 \u00a0 \u00a0 \u00a0 \u00a0 \u00a0 \u00a0 \u00a0 \u00a0<\/span><\/p>\t\t\t\t\t\t\t\t<\/div>\n\t\t\t\t<\/div>\n\t\t\t\t\t<\/div>\n\t\t\t\t<\/div>\n\t\t<div class=\"elementor-element elementor-element-22d0123 e-flex e-con-boxed e-con e-parent\" data-id=\"22d0123\" data-element_type=\"container\" data-e-type=\"container\">\n\t\t\t\t\t<div class=\"e-con-inner\">\n\t\t\t\t<div class=\"elementor-element elementor-element-61f761f elementor-widget elementor-widget-heading\" data-id=\"61f761f\" data-element_type=\"widget\" data-e-type=\"widget\" data-settings=\"{&quot;ekit_we_effect_on&quot;:&quot;none&quot;}\" data-widget_type=\"heading.default\">\n\t\t\t\t<div class=\"elementor-widget-container\">\n\t\t\t\t\t<h3 class=\"elementor-heading-title elementor-size-default\">Section 4 - MOQ, d\u00e9lai d'ex\u00e9cution et flexibilit\u00e9<\/h3>\t\t\t\t<\/div>\n\t\t\t\t<\/div>\n\t\t\t\t<div class=\"elementor-element elementor-element-d2623d2 elementor-widget elementor-widget-text-editor\" data-id=\"d2623d2\" data-element_type=\"widget\" data-e-type=\"widget\" data-settings=\"{&quot;ekit_we_effect_on&quot;:&quot;none&quot;}\" data-widget_type=\"text-editor.default\">\n\t\t\t\t<div class=\"elementor-widget-container\">\n\t\t\t\t\t\t\t\t\t<p>Parce que les besoins varient selon les march\u00e9s et les types de projets, nous nous effor\u00e7ons de maintenir une coop\u00e9ration flexible :<\/p><ul><li data-start=\"4325\" data-end=\"4592\"><p data-start=\"4327\" data-end=\"4336\"><strong data-start=\"4327\" data-end=\"4334\">MOQ<\/strong><\/p><ul data-start=\"4339\" data-end=\"4592\"><li data-start=\"4339\" data-end=\"4469\"><p data-start=\"4341\" data-end=\"4469\">Pour les OEM (logo + couleur + langue de l'interface utilisateur) bas\u00e9s sur nos mod\u00e8les standard, nous proposons des MOQ relativement bas pour vous aider \u00e0 tester le march\u00e9.<\/p><\/li><li data-start=\"4472\" data-end=\"4592\"><p data-start=\"4474\" data-end=\"4592\">Pour les projets ODM plus importants, les MOQ seront plus \u00e9lev\u00e9s et d\u00e9termin\u00e9s en fonction de la complexit\u00e9 de la conception et des pi\u00e8ces personnalis\u00e9es impliqu\u00e9es.<\/p><\/li><\/ul><\/li><li data-start=\"4594\" data-end=\"4851\"><p data-start=\"4596\" data-end=\"4611\"><strong data-start=\"4596\" data-end=\"4609\">D\u00e9lai d'ex\u00e9cution<\/strong><\/p><ul data-start=\"4614\" data-end=\"4851\"><li data-start=\"4614\" data-end=\"4707\"><p data-start=\"4616\" data-end=\"4707\">Les d\u00e9lais de r\u00e9alisation des projets OEM standard sont g\u00e9n\u00e9ralement plus courts une fois que les d\u00e9tails de la conception ont \u00e9t\u00e9 confirm\u00e9s.<\/p><\/li><li data-start=\"4710\" data-end=\"4851\"><p data-start=\"4712\" data-end=\"4851\">Le d\u00e9veloppement de nouveaux produits ODM comprend le temps n\u00e9cessaire \u00e0 la conception, au prototypage, aux essais et \u00e0 la certification \u00e9ventuelle, c'est pourquoi nous planifions le calendrier avec vous \u00e0 l'avance.<\/p><\/li><\/ul><\/li><li data-start=\"4853\" data-end=\"5011\"><p data-start=\"4855\" data-end=\"5011\"><strong data-start=\"4855\" data-end=\"4872\">Exemples de commandes<\/strong><br data-start=\"4872\" data-end=\"4875\" \/>Nous pouvons fournir des unit\u00e9s d'\u00e9chantillonnage pour les essais et la formation, en particulier lorsque vous vous appr\u00eatez \u00e0 lancer un nouveau projet ou \u00e0 p\u00e9n\u00e9trer un nouveau march\u00e9.\u00a0 \u00a0 \u00a0 \u00a0\u00a0<\/p><\/li><\/ul><div>\u00a0<\/div><div>\u00a0<\/div>\t\t\t\t\t\t\t\t<\/div>\n\t\t\t\t<\/div>\n\t\t\t\t\t<\/div>\n\t\t\t\t<\/div>\n\t\t<div class=\"elementor-element elementor-element-f51aa64 e-flex e-con-boxed e-con e-parent\" data-id=\"f51aa64\" data-element_type=\"container\" data-e-type=\"container\">\n\t\t\t\t\t<div class=\"e-con-inner\">\n\t\t\t\t<div class=\"elementor-element elementor-element-70e6e30 elementor-widget elementor-widget-heading\" data-id=\"70e6e30\" data-element_type=\"widget\" data-e-type=\"widget\" data-settings=\"{&quot;ekit_we_effect_on&quot;:&quot;none&quot;}\" data-widget_type=\"heading.default\">\n\t\t\t\t<div class=\"elementor-widget-container\">\n\t\t\t\t\t<h3 class=\"elementor-heading-title elementor-size-default\">Section 5 - Pourquoi choisir Noveza comme usine OEM et ODM ?<\/h3>\t\t\t\t<\/div>\n\t\t\t\t<\/div>\n\t\t\t\t<div class=\"elementor-element elementor-element-5456bfa elementor-widget elementor-widget-text-editor\" data-id=\"5456bfa\" data-element_type=\"widget\" data-e-type=\"widget\" data-settings=\"{&quot;ekit_we_effect_on&quot;:&quot;none&quot;}\" data-widget_type=\"text-editor.default\">\n\t\t\t\t<div class=\"elementor-widget-container\">\n\t\t\t\t\t\t\t\t\t<p data-start=\"5152\" data-end=\"5263\">Le fait de travailler directement avec une usine d'appareils de beaut\u00e9 vous donne plus de contr\u00f4le et de stabilit\u00e9 que les fournisseurs qui se contentent de faire du commerce.<\/p><p data-start=\"5265\" data-end=\"5286\">Avec Noveza, vous obtenez :<\/p><ul data-start=\"5288\" data-end=\"5713\"><li data-start=\"5288\" data-end=\"5362\"><p data-start=\"5290\" data-end=\"5362\"><strong data-start=\"5290\" data-end=\"5319\">Production dirig\u00e9e par l'usine<\/strong> avec un contr\u00f4le de qualit\u00e9 clair \u00e0 chaque \u00e9tape<\/p><\/li><li data-start=\"5363\" data-end=\"5452\"><p data-start=\"5365\" data-end=\"5452\"><strong data-start=\"5365\" data-end=\"5397\">Une \u00e9quipe d'ing\u00e9nieurs exp\u00e9riment\u00e9s<\/strong> familiarisation avec les appareils de beaut\u00e9 professionnels et \u00e0 usage domestique<\/p><\/li><li data-start=\"5453\" data-end=\"5534\"><p data-start=\"5455\" data-end=\"5534\"><strong data-start=\"5455\" data-end=\"5481\">Personnalisation flexible<\/strong> du simple logo OEM aux projets ODM complets<\/p><\/li><li data-start=\"5535\" data-end=\"5613\"><p data-start=\"5537\" data-end=\"5613\"><strong data-start=\"5537\" data-end=\"5577\">Qualit\u00e9 constante et approvisionnement stable<\/strong>Le soutien \u00e0 la coop\u00e9ration \u00e0 long terme<\/p><\/li><li data-start=\"5614\" data-end=\"5713\"><p data-start=\"5616\" data-end=\"5713\"><strong data-start=\"5616\" data-end=\"5646\">Soutien aux march\u00e9s mondiaux<\/strong>y compris les donn\u00e9es techniques et les documents de conformit\u00e9, le cas \u00e9ch\u00e9ant<\/p><\/li><\/ul><p data-start=\"5715\" data-end=\"5841\">Notre objectif n'est pas seulement de vous vendre des machines, mais de vous aider \u00e0 cr\u00e9er une entreprise de beaut\u00e9 durable et rentable sur votre propre march\u00e9.\u00a0\u00a0<\/p><p data-start=\"5715\" data-end=\"5841\">\u00a0<\/p><p data-start=\"5715\" data-end=\"5841\">\u00a0<\/p>\t\t\t\t\t\t\t\t<\/div>\n\t\t\t\t<\/div>\n\t\t\t\t\t<\/div>\n\t\t\t\t<\/div>\n\t\t<div class=\"elementor-element elementor-element-1d498e3 e-flex e-con-boxed e-con e-parent\" data-id=\"1d498e3\" data-element_type=\"container\" data-e-type=\"container\">\n\t\t\t\t\t<div class=\"e-con-inner\">\n\t\t\t\t<div class=\"elementor-element elementor-element-4869ee0 elementor-widget elementor-widget-heading\" data-id=\"4869ee0\" data-element_type=\"widget\" data-e-type=\"widget\" data-settings=\"{&quot;ekit_we_effect_on&quot;:&quot;none&quot;}\" data-widget_type=\"heading.default\">\n\t\t\t\t<div class=\"elementor-widget-container\">\n\t\t\t\t\t<h3 class=\"elementor-heading-title elementor-size-default\">Section 6 - D\u00e9marrer votre projet OEM &amp; ODM<\/h3>\t\t\t\t<\/div>\n\t\t\t\t<\/div>\n\t\t\t\t<div class=\"elementor-element elementor-element-3efdecd elementor-widget elementor-widget-text-editor\" data-id=\"3efdecd\" data-element_type=\"widget\" data-e-type=\"widget\" data-settings=\"{&quot;ekit_we_effect_on&quot;:&quot;none&quot;}\" data-widget_type=\"text-editor.default\">\n\t\t\t\t<div class=\"elementor-widget-container\">\n\t\t\t\t\t\t\t\t\t<p data-start=\"5893\" data-end=\"5948\">Pr\u00eat \u00e0 cr\u00e9er ou \u00e0 am\u00e9liorer votre propre gamme d'appareils de beaut\u00e9 ?<\/p><p data-start=\"5950\" data-end=\"5997\">Lorsque vous nous contactez, il est utile que vous nous fassiez part de votre exp\u00e9rience :<\/p><ul data-start=\"5999\" data-end=\"6223\"><li data-start=\"5999\" data-end=\"6069\"><p data-start=\"6001\" data-end=\"6069\">Traitements cibl\u00e9s et type de client\u00e8le (clinique, spa, salon, utilisation \u00e0 domicile)<\/p><\/li><li data-start=\"6070\" data-end=\"6114\"><p data-start=\"6072\" data-end=\"6114\">Pays ou r\u00e9gions dans lesquels vous envisagez de vendre<\/p><\/li><li data-start=\"6115\" data-end=\"6189\"><p data-start=\"6117\" data-end=\"6189\">Que vous pr\u00e9f\u00e9riez l'OEM (sur la base de nos mod\u00e8les) ou le d\u00e9veloppement approfondi de l'ODM<\/p><\/li><li data-start=\"6190\" data-end=\"6223\"><p data-start=\"6192\" data-end=\"6223\">Quantit\u00e9 estim\u00e9e et calendrier<\/p><\/li><\/ul><p data-start=\"6225\" data-end=\"6432\">Faites part de vos id\u00e9es et de vos demandes \u00e0 nos ing\u00e9nieurs, et nous pr\u00e9parerons pour vous une proposition OEM et ODM sur mesure, comprenant les machines sugg\u00e9r\u00e9es, les options de personnalisation, le d\u00e9lai d'ex\u00e9cution estim\u00e9 et les suggestions de coop\u00e9ration.<\/p><p data-start=\"6225\" data-end=\"6432\">\u00a0<\/p>\t\t\t\t\t\t\t\t<\/div>\n\t\t\t\t<\/div>\n\t\t\t\t\t<\/div>\n\t\t\t\t<\/div>\n\t\t\t\t<\/div>","protected":false},"excerpt":{"rendered":"<p>OEM &amp; ODM At Noveza, we are not just selling beauty devices \u2013 we are a factory-level partner that helps you build your own branded equipment from the inside out.Our OEM &amp; ODM service is designed for distributors, clinics, spa chains and brand owners who want stable quality, flexible customization and long-term cooperation with a&#8230;<\/p>","protected":false},"author":1,"featured_media":0,"parent":83,"menu_order":1,"comment_status":"closed","ping_status":"closed","template":"","meta":{"_kad_post_transparent":"","_kad_post_title":"hide","_kad_post_layout":"fullwidth","_kad_post_sidebar_id":"","_kad_post_content_style":"unboxed","_kad_post_vertical_padding":"hide","_kad_post_feature":"hide","_kad_post_feature_position":"","_kad_post_header":false,"_kad_post_footer":false,"_kad_post_classname":"","footnotes":""},"class_list":["post-85","page","type-page","status-publish","hentry"],"_links":{"self":[{"href":"https:\/\/novezabeauty.com\/fr\/wp-json\/wp\/v2\/pages\/85","targetHints":{"allow":["GET"]}}],"collection":[{"href":"https:\/\/novezabeauty.com\/fr\/wp-json\/wp\/v2\/pages"}],"about":[{"href":"https:\/\/novezabeauty.com\/fr\/wp-json\/wp\/v2\/types\/page"}],"author":[{"embeddable":true,"href":"https:\/\/novezabeauty.com\/fr\/wp-json\/wp\/v2\/users\/1"}],"replies":[{"embeddable":true,"href":"https:\/\/novezabeauty.com\/fr\/wp-json\/wp\/v2\/comments?post=85"}],"version-history":[{"count":9,"href":"https:\/\/novezabeauty.com\/fr\/wp-json\/wp\/v2\/pages\/85\/revisions"}],"predecessor-version":[{"id":1077,"href":"https:\/\/novezabeauty.com\/fr\/wp-json\/wp\/v2\/pages\/85\/revisions\/1077"}],"up":[{"embeddable":true,"href":"https:\/\/novezabeauty.com\/fr\/wp-json\/wp\/v2\/pages\/83"}],"wp:attachment":[{"href":"https:\/\/novezabeauty.com\/fr\/wp-json\/wp\/v2\/media?parent=85"}],"curies":[{"name":"wp","href":"https:\/\/api.w.org\/{rel}","templated":true}]}}