 {"id":87,"date":"2025-06-30T08:33:54","date_gmt":"2025-06-30T08:33:54","guid":{"rendered":"https:\/\/novezabeauty.com\/?page_id=87"},"modified":"2025-11-14T06:22:28","modified_gmt":"2025-11-14T06:22:28","slug":"be-a-partner","status":"publish","type":"page","link":"https:\/\/novezabeauty.com\/fr\/resources\/be-a-partner\/","title":{"rendered":"\u00catre un partenaire"},"content":{"rendered":"<div data-elementor-type=\"wp-page\" data-elementor-id=\"87\" class=\"elementor elementor-87\" data-elementor-post-type=\"page\">\n\t\t\t\t<div class=\"elementor-element elementor-element-937422b e-flex e-con-boxed e-con e-parent\" data-id=\"937422b\" data-element_type=\"container\" data-e-type=\"container\">\n\t\t\t\t\t<div class=\"e-con-inner\">\n\t\t\t\t<div class=\"elementor-element elementor-element-5a1cb32 elementor-widget elementor-widget-heading\" data-id=\"5a1cb32\" data-element_type=\"widget\" data-e-type=\"widget\" data-settings=\"{&quot;ekit_we_effect_on&quot;:&quot;none&quot;}\" data-widget_type=\"heading.default\">\n\t\t\t\t<div class=\"elementor-widget-container\">\n\t\t\t\t\t<h1 class=\"elementor-heading-title elementor-size-default\">\u00catre un partenaire<\/h1>\t\t\t\t<\/div>\n\t\t\t\t<\/div>\n\t\t\t\t<div class=\"elementor-element elementor-element-8c30b30 elementor-widget elementor-widget-text-editor\" data-id=\"8c30b30\" data-element_type=\"widget\" data-e-type=\"widget\" data-settings=\"{&quot;ekit_we_effect_on&quot;:&quot;none&quot;}\" data-widget_type=\"text-editor.default\">\n\t\t\t\t<div class=\"elementor-widget-container\">\n\t\t\t\t\t\t\t\t\t<p>D\u00e9veloppez votre activit\u00e9 dans le domaine de la beaut\u00e9 avec un partenaire soutenu par l'usine qui comprend les appareils, les traitements et les march\u00e9s mondiaux.<br data-start=\"254\" data-end=\"257\" \/>Noveza travaille avec des distributeurs, des cliniques, des groupes de spa et des propri\u00e9taires de marques qui veulent des \u00e9quipements de beaut\u00e9 fiables, une coop\u00e9ration flexible et un soutien \u00e0 long terme - et pas seulement des ventes ponctuelles de machines.<\/p><p>\u00a0<\/p>\t\t\t\t\t\t\t\t<\/div>\n\t\t\t\t<\/div>\n\t\t\t\t\t<\/div>\n\t\t\t\t<\/div>\n\t\t<div class=\"elementor-element elementor-element-73530e7 e-flex e-con-boxed e-con e-parent\" data-id=\"73530e7\" data-element_type=\"container\" data-e-type=\"container\">\n\t\t\t\t\t<div class=\"e-con-inner\">\n\t\t\t\t<div class=\"elementor-element elementor-element-2dfed1a elementor-widget elementor-widget-heading\" data-id=\"2dfed1a\" data-element_type=\"widget\" data-e-type=\"widget\" data-settings=\"{&quot;ekit_we_effect_on&quot;:&quot;none&quot;}\" data-widget_type=\"heading.default\">\n\t\t\t\t<div class=\"elementor-widget-container\">\n\t\t\t\t\t<h4 class=\"elementor-heading-title elementor-size-default\">Avec qui nous travaillons<\/h4>\t\t\t\t<\/div>\n\t\t\t\t<\/div>\n\t\t\t\t<div class=\"elementor-element elementor-element-e7f6057 elementor-widget elementor-widget-text-editor\" data-id=\"e7f6057\" data-element_type=\"widget\" data-e-type=\"widget\" data-settings=\"{&quot;ekit_we_effect_on&quot;:&quot;none&quot;}\" data-widget_type=\"text-editor.default\">\n\t\t\t\t<div class=\"elementor-widget-container\">\n\t\t\t\t\t\t\t\t\t<p data-start=\"465\" data-end=\"554\">Nous accueillons des partenaires issus de diff\u00e9rents secteurs de l'industrie de la beaut\u00e9 et de l'esth\u00e9tique :<\/p><ul data-start=\"556\" data-end=\"1050\"><li data-start=\"556\" data-end=\"688\"><p data-start=\"558\" data-end=\"688\"><strong data-start=\"558\" data-end=\"603\">Distributeurs r\u00e9gionaux et soci\u00e9t\u00e9s commerciales<\/strong><br data-start=\"603\" data-end=\"606\" \/>Cr\u00e9ation de portefeuilles d'appareils de beaut\u00e9 professionnels pour les cliniques, les salons et les spas.<\/p><\/li><li data-start=\"690\" data-end=\"826\"><p data-start=\"692\" data-end=\"826\"><strong data-start=\"692\" data-end=\"743\">Cliniques, centres d'esth\u00e9tique m\u00e9dicale et cha\u00eenes de spa<\/strong><br data-start=\"743\" data-end=\"746\" \/>Ils recherchent des appareils stables, faciles \u00e0 utiliser et une usine de confiance.<\/p><\/li><li data-start=\"828\" data-end=\"944\"><p data-start=\"830\" data-end=\"944\"><strong data-start=\"830\" data-end=\"872\">Propri\u00e9taires de marques et entreprises de marques priv\u00e9es<\/strong><br data-start=\"872\" data-end=\"875\" \/>Ils pr\u00e9voient de lancer ou d'\u00e9tendre leurs propres gammes d'appareils de beaut\u00e9.<\/p><\/li><li data-start=\"946\" data-end=\"1050\"><p data-start=\"948\" data-end=\"1050\"><strong data-start=\"948\" data-end=\"987\">Acad\u00e9mies de formation et \u00e9coles de beaut\u00e9<\/strong><br data-start=\"987\" data-end=\"990\" \/>Besoin d'un \u00e9quipement fiable pour l'enseignement et la d\u00e9monstration.<\/p><\/li><\/ul><p data-start=\"1052\" data-end=\"1189\">Que vous d\u00e9butiez dans le secteur des \u00e9quipements de beaut\u00e9 ou que vous disposiez d\u00e9j\u00e0 d'un solide r\u00e9seau local, nous pouvons adapter notre coop\u00e9ration \u00e0 votre situation.<\/p><p data-start=\"1052\" data-end=\"1189\">\u00a0<\/p><p data-start=\"1052\" data-end=\"1189\">\u00a0<\/p>\t\t\t\t\t\t\t\t<\/div>\n\t\t\t\t<\/div>\n\t\t\t\t\t<\/div>\n\t\t\t\t<\/div>\n\t\t<div class=\"elementor-element elementor-element-ae0d821 e-flex e-con-boxed e-con e-parent\" data-id=\"ae0d821\" data-element_type=\"container\" data-e-type=\"container\">\n\t\t\t\t\t<div class=\"e-con-inner\">\n\t\t\t\t<div class=\"elementor-element elementor-element-5cb38f7 elementor-widget elementor-widget-heading\" data-id=\"5cb38f7\" data-element_type=\"widget\" data-e-type=\"widget\" data-settings=\"{&quot;ekit_we_effect_on&quot;:&quot;none&quot;}\" data-widget_type=\"heading.default\">\n\t\t\t\t<div class=\"elementor-widget-container\">\n\t\t\t\t\t<h4 class=\"elementor-heading-title elementor-size-default\">Pourquoi s'associer \u00e0 Noveza ?<\/h4>\t\t\t\t<\/div>\n\t\t\t\t<\/div>\n\t\t\t\t<div class=\"elementor-element elementor-element-c70d466 elementor-widget elementor-widget-text-editor\" data-id=\"c70d466\" data-element_type=\"widget\" data-e-type=\"widget\" data-settings=\"{&quot;ekit_we_effect_on&quot;:&quot;none&quot;}\" data-widget_type=\"text-editor.default\">\n\t\t\t\t<div class=\"elementor-widget-container\">\n\t\t\t\t\t\t\t\t\t<p data-start=\"1225\" data-end=\"1345\">Le choix du bon partenaire de fabrication est essentiel pour votre r\u00e9putation et votre activit\u00e9 \u00e0 long terme.<br data-start=\"1321\" data-end=\"1324\" \/>Avec Noveza, vous obtenez :<\/p><ul data-start=\"1347\" data-end=\"2324\"><li data-start=\"1347\" data-end=\"1502\"><p data-start=\"1349\" data-end=\"1502\"><strong data-start=\"1349\" data-end=\"1379\">Coop\u00e9ration directe entre usines<\/strong><br data-start=\"1379\" data-end=\"1382\" \/>Nous sommes une usine professionnelle d'appareils de beaut\u00e9, et non une soci\u00e9t\u00e9 commerciale. Vous travaillez directement avec la source de production.<\/p><\/li><li data-start=\"1504\" data-end=\"1812\"><p data-start=\"1506\" data-end=\"1812\"><strong data-start=\"1506\" data-end=\"1540\">Large portefeuille de technologies<\/strong><br data-start=\"1540\" data-end=\"1543\" \/>Y compris les appareils de beaut\u00e9 au plasma, les appareils EMS, les appareils hydra-faciaux, les appareils HIFU, les appareils de th\u00e9rapie Endosphere, les appareils d'\u00e9pilation au laser \u00e0 diode, les appareils laser \u00e0 cavitation et \u00e0 lipo, les appareils combin\u00e9s EMS + Endosphere, les appareils RF \u00e0 micro-aiguilles et les produits de soins de la peau correspondants.<\/p><\/li><li data-start=\"1814\" data-end=\"1965\"><p data-start=\"1816\" data-end=\"1965\"><strong data-start=\"1816\" data-end=\"1840\">Capacit\u00e9 OEM et ODM<\/strong><br data-start=\"1840\" data-end=\"1843\" \/>Du logo et de la couleur OEM aux projets ODM complets, vous pouvez cr\u00e9er une gamme de produits diff\u00e9renci\u00e9s sous votre propre marque.<\/p><\/li><li data-start=\"1967\" data-end=\"2131\"><p data-start=\"1969\" data-end=\"2131\"><strong data-start=\"1969\" data-end=\"2007\">Qualit\u00e9 stable et approvisionnement r\u00e9gulier<\/strong><br data-start=\"2007\" data-end=\"2010\" \/>Les proc\u00e9dures normalis\u00e9es de production, d'essai et de vieillissement permettent de r\u00e9duire les probl\u00e8mes apr\u00e8s-vente et de favoriser une coop\u00e9ration \u00e0 long terme.<\/p><\/li><li data-start=\"2133\" data-end=\"2324\"><p data-start=\"2135\" data-end=\"2324\"><strong data-start=\"2135\" data-end=\"2165\">Soutien aux march\u00e9s mondiaux<\/strong><br data-start=\"2165\" data-end=\"2168\" \/>Exp\u00e9rience de la collaboration avec des partenaires de diff\u00e9rents pays et r\u00e9gions, et capacit\u00e9 \u00e0 pr\u00e9parer des donn\u00e9es techniques et des rapports d'essai connexes, le cas \u00e9ch\u00e9ant.<\/p><\/li><\/ul><p data-start=\"2326\" data-end=\"2440\">Notre objectif est de vous aider \u00e0 cr\u00e9er une entreprise locale solide gr\u00e2ce \u00e0 des dispositifs pratiques, rentables et durables.<\/p><p data-start=\"2326\" data-end=\"2440\">\u00a0<\/p>\t\t\t\t\t\t\t\t<\/div>\n\t\t\t\t<\/div>\n\t\t\t\t\t<\/div>\n\t\t\t\t<\/div>\n\t\t<div class=\"elementor-element elementor-element-8e07b81 e-flex e-con-boxed e-con e-parent\" data-id=\"8e07b81\" data-element_type=\"container\" data-e-type=\"container\">\n\t\t\t\t\t<div class=\"e-con-inner\">\n\t\t\t\t<div class=\"elementor-element elementor-element-b8cf848 elementor-widget elementor-widget-heading\" data-id=\"b8cf848\" data-element_type=\"widget\" data-e-type=\"widget\" data-settings=\"{&quot;ekit_we_effect_on&quot;:&quot;none&quot;}\" data-widget_type=\"heading.default\">\n\t\t\t\t<div class=\"elementor-widget-container\">\n\t\t\t\t\t<h4 class=\"elementor-heading-title elementor-size-default\">Mod\u00e8les de partenariat<\/h4>\t\t\t\t<\/div>\n\t\t\t\t<\/div>\n\t\t\t\t<div class=\"elementor-element elementor-element-e9baa7b elementor-widget elementor-widget-text-editor\" data-id=\"e9baa7b\" data-element_type=\"widget\" data-e-type=\"widget\" data-settings=\"{&quot;ekit_we_effect_on&quot;:&quot;none&quot;}\" data-widget_type=\"text-editor.default\">\n\t\t\t\t<div class=\"elementor-widget-container\">\n\t\t\t\t\t\t\t\t\t<p data-start=\"2470\" data-end=\"2552\">Nous proposons des mod\u00e8les de coop\u00e9ration flexibles en fonction de votre march\u00e9, de votre \u00e9chelle et de votre strat\u00e9gie :<\/p><h3 data-start=\"2554\" data-end=\"2585\">1. Distributeurs et revendeurs<\/h3><ul data-start=\"2587\" data-end=\"2771\"><li data-start=\"2587\" data-end=\"2638\"><p data-start=\"2589\" data-end=\"2638\">Acheter des machines de marque Noveza ou OEM<\/p><\/li><li data-start=\"2639\" data-end=\"2697\"><p data-start=\"2641\" data-end=\"2697\">Vendre aux cliniques, salons, spas et centres de beaut\u00e9 locaux<\/p><\/li><li data-start=\"2698\" data-end=\"2771\"><p data-start=\"2700\" data-end=\"2771\">Acc\u00e8s aux tarifs des partenaires, au mat\u00e9riel de formation et \u00e0 l'assistance technique<\/p><\/li><\/ul><h3 data-start=\"2773\" data-end=\"2808\">2. Partenaires OEM \/ Private Label<\/h3><ul data-start=\"2810\" data-end=\"2986\"><li data-start=\"2810\" data-end=\"2848\"><p data-start=\"2812\" data-end=\"2848\">Utilisez nos mod\u00e8les matures comme base<\/p><\/li><li data-start=\"2849\" data-end=\"2909\"><p data-start=\"2851\" data-end=\"2909\">Personnalisation du logo, des couleurs, de la langue de l'interface et de l'emballage<\/p><\/li><li data-start=\"2910\" data-end=\"2986\"><p data-start=\"2912\" data-end=\"2986\">Cr\u00e9ez votre propre marque de dispositifs avec des d\u00e9lais de mise sur le march\u00e9 plus courts et des risques de R&amp;D moindres<\/p><\/li><\/ul><h3 data-start=\"2988\" data-end=\"3023\">3. ODM et partenaires bas\u00e9s sur des projets<\/h3><ul data-start=\"3025\" data-end=\"3236\"><li data-start=\"3025\" data-end=\"3102\"><p data-start=\"3027\" data-end=\"3102\">Co-d\u00e9veloppement de dispositifs pour vos concepts de traitement sp\u00e9cifiques ou vos clients cibles<\/p><\/li><li data-start=\"3103\" data-end=\"3164\"><p data-start=\"3105\" data-end=\"3164\">Personnaliser en profondeur les fonctions, l'apparence, le logiciel et l'interface utilisateur<\/p><\/li><li data-start=\"3165\" data-end=\"3236\"><p data-start=\"3167\" data-end=\"3236\">Convient aux marques et aux cha\u00eenes \u00e9tablies qui ont des plans \u00e0 long terme clairs<\/p><\/li><\/ul><h3 data-start=\"3238\" data-end=\"3290\">4. Grands comptes : Cliniques, groupes thermaux et acad\u00e9mies<\/h3><ul data-start=\"3292\" data-end=\"3490\"><li data-start=\"3292\" data-end=\"3361\"><p data-start=\"3294\" data-end=\"3361\">Des portefeuilles d'appareils sur mesure pour vos succursales et centres de formation<\/p><\/li><li data-start=\"3362\" data-end=\"3418\"><p data-start=\"3364\" data-end=\"3418\">Uniformisation des sp\u00e9cifications et de l'image de marque dans tous les sites<\/p><\/li><li data-start=\"3419\" data-end=\"3490\"><p data-start=\"3421\" data-end=\"3490\">Une formation et un soutien continus pour que vos \u00e9quipes restent confiantes et \u00e0 jour<\/p><\/li><\/ul><p>\u00a0<\/p>\t\t\t\t\t\t\t\t<\/div>\n\t\t\t\t<\/div>\n\t\t\t\t\t<\/div>\n\t\t\t\t<\/div>\n\t\t<div class=\"elementor-element elementor-element-dd20871 e-flex e-con-boxed e-con e-parent\" data-id=\"dd20871\" data-element_type=\"container\" data-e-type=\"container\">\n\t\t\t\t\t<div class=\"e-con-inner\">\n\t\t\t\t<div class=\"elementor-element elementor-element-e1d767b elementor-widget elementor-widget-heading\" data-id=\"e1d767b\" data-element_type=\"widget\" data-e-type=\"widget\" data-settings=\"{&quot;ekit_we_effect_on&quot;:&quot;none&quot;}\" data-widget_type=\"heading.default\">\n\t\t\t\t<div class=\"elementor-widget-container\">\n\t\t\t\t\t<h4 class=\"elementor-heading-title elementor-size-default\">Pr\u00eat \u00e0 parler de partenariat ?<\/h4>\t\t\t\t<\/div>\n\t\t\t\t<\/div>\n\t\t\t\t<div class=\"elementor-element elementor-element-5a1d24c elementor-widget elementor-widget-text-editor\" data-id=\"5a1d24c\" data-element_type=\"widget\" data-e-type=\"widget\" data-settings=\"{&quot;ekit_we_effect_on&quot;:&quot;none&quot;}\" data-widget_type=\"text-editor.default\">\n\t\t\t\t<div class=\"elementor-widget-container\">\n\t\t\t\t\t\t\t\t\t<p data-start=\"5982\" data-end=\"6047\">Si vous souhaitez devenir un partenaire de Noveza, n'h\u00e9sitez pas \u00e0 nous en faire part :<\/p><ul data-start=\"6049\" data-end=\"6317\"><li data-start=\"6049\" data-end=\"6089\"><p data-start=\"6051\" data-end=\"6089\">Nom de votre entreprise et pays\/r\u00e9gion<\/p><\/li><li data-start=\"6090\" data-end=\"6172\"><p data-start=\"6092\" data-end=\"6172\">Votre type d'activit\u00e9 principale (distributeur, clinique, spa, propri\u00e9taire de marque, acad\u00e9mie, etc.)<\/p><\/li><li data-start=\"6173\" data-end=\"6234\"><p data-start=\"6175\" data-end=\"6234\">Les traitements ou les types de dispositifs qui vous int\u00e9ressent le plus<\/p><\/li><li data-start=\"6235\" data-end=\"6317\"><p data-start=\"6237\" data-end=\"6317\">Votre plan d'achat pr\u00e9visionnel (par exemple, commande initiale et perspectives \u00e0 6-12 mois)<\/p><\/li><\/ul><p data-start=\"6319\" data-end=\"6404\">Faites part de vos id\u00e9es et de vos demandes \u00e0 notre \u00e9quipe, et nous vous r\u00e9pondrons par une proposition claire :<\/p><ul data-start=\"6406\" data-end=\"6531\"><li data-start=\"6406\" data-end=\"6451\"><p data-start=\"6408\" data-end=\"6451\">Dispositifs recommand\u00e9s et mod\u00e8le de coop\u00e9ration<\/p><\/li><li data-start=\"6452\" data-end=\"6502\"><p data-start=\"6454\" data-end=\"6502\">Orientations de base en mati\u00e8re de tarification et suggestions d'\u00e9chantillons<\/p><\/li><li data-start=\"6503\" data-end=\"6531\"><p data-start=\"6505\" data-end=\"6531\">Prochaines \u00e9tapes pour aller de l'avant<\/p><\/li><\/ul><p data-start=\"6533\" data-end=\"6580\"><strong data-start=\"6533\" data-end=\"6580\">[Postuler pour devenir partenaire] [Contacter l'\u00e9quipe] [Contacter l'\u00e9quipe]<\/strong><\/p>\t\t\t\t\t\t\t\t<\/div>\n\t\t\t\t<\/div>\n\t\t\t\t\t<\/div>\n\t\t\t\t<\/div>\n\t\t\t\t<\/div>","protected":false},"excerpt":{"rendered":"<p>Be A Partner Grow your beauty business with a factory-backed partner who understands devices, treatments and global markets.Noveza works with distributors, clinics, spa groups and brand owners who want reliable beauty equipment, flexible cooperation and long-term support\u2014not just one-time machine sales. \u00a0 Who We Work With We welcome partners from different parts of the beauty&#8230;<\/p>","protected":false},"author":1,"featured_media":0,"parent":83,"menu_order":2,"comment_status":"closed","ping_status":"closed","template":"","meta":{"_kad_post_transparent":"","_kad_post_title":"hide","_kad_post_layout":"fullwidth","_kad_post_sidebar_id":"","_kad_post_content_style":"unboxed","_kad_post_vertical_padding":"hide","_kad_post_feature":"hide","_kad_post_feature_position":"","_kad_post_header":false,"_kad_post_footer":false,"_kad_post_classname":"","footnotes":""},"class_list":["post-87","page","type-page","status-publish","hentry"],"_links":{"self":[{"href":"https:\/\/novezabeauty.com\/fr\/wp-json\/wp\/v2\/pages\/87","targetHints":{"allow":["GET"]}}],"collection":[{"href":"https:\/\/novezabeauty.com\/fr\/wp-json\/wp\/v2\/pages"}],"about":[{"href":"https:\/\/novezabeauty.com\/fr\/wp-json\/wp\/v2\/types\/page"}],"author":[{"embeddable":true,"href":"https:\/\/novezabeauty.com\/fr\/wp-json\/wp\/v2\/users\/1"}],"replies":[{"embeddable":true,"href":"https:\/\/novezabeauty.com\/fr\/wp-json\/wp\/v2\/comments?post=87"}],"version-history":[{"count":5,"href":"https:\/\/novezabeauty.com\/fr\/wp-json\/wp\/v2\/pages\/87\/revisions"}],"predecessor-version":[{"id":1086,"href":"https:\/\/novezabeauty.com\/fr\/wp-json\/wp\/v2\/pages\/87\/revisions\/1086"}],"up":[{"embeddable":true,"href":"https:\/\/novezabeauty.com\/fr\/wp-json\/wp\/v2\/pages\/83"}],"wp:attachment":[{"href":"https:\/\/novezabeauty.com\/fr\/wp-json\/wp\/v2\/media?parent=87"}],"curies":[{"name":"wp","href":"https:\/\/api.w.org\/{rel}","templated":true}]}}