 {"id":89,"date":"2025-06-30T08:35:54","date_gmt":"2025-06-30T08:35:54","guid":{"rendered":"https:\/\/novezabeauty.com\/?page_id=89"},"modified":"2025-11-14T07:06:47","modified_gmt":"2025-11-14T07:06:47","slug":"supports","status":"publish","type":"page","link":"https:\/\/novezabeauty.com\/fr\/resources\/supports\/","title":{"rendered":"Soutien"},"content":{"rendered":"<div data-elementor-type=\"wp-page\" data-elementor-id=\"89\" class=\"elementor elementor-89\" data-elementor-post-type=\"page\">\n\t\t\t\t<div class=\"elementor-element elementor-element-2e65b5f e-flex e-con-boxed e-con e-parent\" data-id=\"2e65b5f\" data-element_type=\"container\" data-e-type=\"container\">\n\t\t\t\t\t<div class=\"e-con-inner\">\n\t\t\t\t<div class=\"elementor-element elementor-element-7e1080c elementor-widget elementor-widget-heading\" data-id=\"7e1080c\" data-element_type=\"widget\" data-e-type=\"widget\" data-settings=\"{&quot;ekit_we_effect_on&quot;:&quot;none&quot;}\" data-widget_type=\"heading.default\">\n\t\t\t\t<div class=\"elementor-widget-container\">\n\t\t\t\t\t<h1 class=\"elementor-heading-title elementor-size-default\">Soutien<\/h1>\t\t\t\t<\/div>\n\t\t\t\t<\/div>\n\t\t\t\t<div class=\"elementor-element elementor-element-fcaf23f elementor-widget elementor-widget-text-editor\" data-id=\"fcaf23f\" data-element_type=\"widget\" data-e-type=\"widget\" data-settings=\"{&quot;ekit_we_effect_on&quot;:&quot;none&quot;}\" data-widget_type=\"text-editor.default\">\n\t\t\t\t<div class=\"elementor-widget-container\">\n\t\t\t\t\t\t\t\t\t<p data-start=\"110\" data-end=\"371\">Lorsque vous choisissez les appareils Noveza, vous n'achetez pas seulement une machine, vous travaillez avec l'usine qui se trouve derri\u00e8re.<br data-start=\"219\" data-end=\"222\" \/>Notre assistance est con\u00e7ue pour aider les cliniques, les spas, les distributeurs et les propri\u00e9taires de marques \u00e0 utiliser notre \u00e9quipement en toute s\u00e9curit\u00e9, en toute confiance et avec efficacit\u00e9 dans la pratique quotidienne.<\/p><p data-start=\"373\" data-end=\"489\">Sur cette page, vous trouverez un aper\u00e7u de l'aide technique, de la formation, du mat\u00e9riel et du service apr\u00e8s-vente que nous fournissons.<\/p><p data-start=\"373\" data-end=\"489\">\u00a0<\/p>\t\t\t\t\t\t\t\t<\/div>\n\t\t\t\t<\/div>\n\t\t\t\t\t<\/div>\n\t\t\t\t<\/div>\n\t\t<div class=\"elementor-element elementor-element-a4f7ca7 e-flex e-con-boxed e-con e-parent\" data-id=\"a4f7ca7\" data-element_type=\"container\" data-e-type=\"container\">\n\t\t\t\t\t<div class=\"e-con-inner\">\n\t\t\t\t<div class=\"elementor-element elementor-element-7908e0a elementor-widget elementor-widget-heading\" data-id=\"7908e0a\" data-element_type=\"widget\" data-e-type=\"widget\" data-settings=\"{&quot;ekit_we_effect_on&quot;:&quot;none&quot;}\" data-widget_type=\"heading.default\">\n\t\t\t\t<div class=\"elementor-widget-container\">\n\t\t\t\t\t<h4 class=\"elementor-heading-title elementor-size-default\">Vue d'ensemble du soutien<\/h4>\t\t\t\t<\/div>\n\t\t\t\t<\/div>\n\t\t\t\t<div class=\"elementor-element elementor-element-33f439d elementor-widget elementor-widget-text-editor\" data-id=\"33f439d\" data-element_type=\"widget\" data-e-type=\"widget\" data-settings=\"{&quot;ekit_we_effect_on&quot;:&quot;none&quot;}\" data-widget_type=\"text-editor.default\">\n\t\t\t\t<div class=\"elementor-widget-container\">\n\t\t\t\t\t\t\t\t\t<p data-start=\"529\" data-end=\"579\">Nous offrons un soutien de bout en bout dans quatre domaines cl\u00e9s :<\/p><ul data-start=\"581\" data-end=\"875\"><li data-start=\"581\" data-end=\"656\"><p data-start=\"583\" data-end=\"656\"><strong data-start=\"583\" data-end=\"604\">Support technique<\/strong> - pour l'installation, le fonctionnement et le d\u00e9pannage<\/p><\/li><li data-start=\"657\" data-end=\"734\"><p data-start=\"659\" data-end=\"734\"><strong data-start=\"659\" data-end=\"679\">Soutien \u00e0 la formation<\/strong> - pour l'utilisation du traitement, le param\u00e9trage et les protocoles<\/p><\/li><li data-start=\"735\" data-end=\"806\"><p data-start=\"737\" data-end=\"806\"><strong data-start=\"737\" data-end=\"763\">Garantie et pi\u00e8ces de rechange<\/strong> - pour assurer le fonctionnement \u00e0 long terme de vos appareils<\/p><\/li><li data-start=\"807\" data-end=\"875\"><p data-start=\"809\" data-end=\"875\"><strong data-start=\"809\" data-end=\"834\">Ressources et t\u00e9l\u00e9chargements<\/strong> - manuels, vid\u00e9os et bases du marketing<\/p><\/li><\/ul><p data-start=\"877\" data-end=\"1016\">Que vous installiez votre premier appareil ou que vous g\u00e9riez plusieurs sites, notre objectif est d'\u00eatre un partenaire fiable pour votre entreprise.<\/p><p data-start=\"877\" data-end=\"1016\">\u00a0<\/p>\t\t\t\t\t\t\t\t<\/div>\n\t\t\t\t<\/div>\n\t\t\t\t\t<\/div>\n\t\t\t\t<\/div>\n\t\t<div class=\"elementor-element elementor-element-1920362 e-flex e-con-boxed e-con e-parent\" data-id=\"1920362\" data-element_type=\"container\" data-e-type=\"container\">\n\t\t\t\t\t<div class=\"e-con-inner\">\n\t\t\t\t<div class=\"elementor-element elementor-element-e0ec945 elementor-widget elementor-widget-heading\" data-id=\"e0ec945\" data-element_type=\"widget\" data-e-type=\"widget\" data-settings=\"{&quot;ekit_we_effect_on&quot;:&quot;none&quot;}\" data-widget_type=\"heading.default\">\n\t\t\t\t<div class=\"elementor-widget-container\">\n\t\t\t\t\t<h4 class=\"elementor-heading-title elementor-size-default\">Comment obtenir de l'aide<\/h4>\t\t\t\t<\/div>\n\t\t\t\t<\/div>\n\t\t\t\t<div class=\"elementor-element elementor-element-118857d elementor-widget elementor-widget-text-editor\" data-id=\"118857d\" data-element_type=\"widget\" data-e-type=\"widget\" data-settings=\"{&quot;ekit_we_effect_on&quot;:&quot;none&quot;}\" data-widget_type=\"text-editor.default\">\n\t\t\t\t<div class=\"elementor-widget-container\">\n\t\t\t\t\t\t\t\t\t<p data-start=\"4683\" data-end=\"4743\">i vous avez besoin d'aide, nous vous recommandons de suivre ces \u00e9tapes simples :<\/p><p data-start=\"4901\" data-end=\"4945\">Photos ou vid\u00e9os s'il s'agit d'un probl\u00e8me technique<\/p><ol data-start=\"4745\" data-end=\"5298\"><li data-start=\"4947\" data-end=\"5096\"><p data-start=\"4950\" data-end=\"4983\"><strong data-start=\"4950\" data-end=\"4981\">Choisissez votre canal de contact<\/strong><\/p><ul data-start=\"4987\" data-end=\"5096\"><li data-start=\"4987\" data-end=\"5030\"><p data-start=\"4989\" data-end=\"5030\">Contactez directement votre responsable des ventes, ou<\/p><\/li><li data-start=\"5034\" data-end=\"5096\"><p data-start=\"5036\" data-end=\"5096\">Utiliser le formulaire officiel de contact \/ courriel d'assistance sur notre site web<\/p><\/li><\/ul><\/li><li data-start=\"5098\" data-end=\"5298\"><p data-start=\"5101\" data-end=\"5134\"><strong data-start=\"5101\" data-end=\"5132\">Recevoir une r\u00e9ponse et une solution<\/strong><\/p><ul data-start=\"5138\" data-end=\"5298\"><li data-start=\"5138\" data-end=\"5199\"><p data-start=\"5140\" data-end=\"5199\">Pour les probl\u00e8mes courants, nous pouvons souvent apporter des solutions rapidement<\/p><\/li><li data-start=\"5203\" data-end=\"5298\"><p data-start=\"5205\" data-end=\"5298\">Pour les cas plus complexes, notre \u00e9quipe technique peut demander des d\u00e9tails suppl\u00e9mentaires ou programmer un appel vid\u00e9o.<\/p><\/li><\/ul><\/li><\/ol><p>\u00a0<\/p>\t\t\t\t\t\t\t\t<\/div>\n\t\t\t\t<\/div>\n\t\t\t\t\t<\/div>\n\t\t\t\t<\/div>\n\t\t<div class=\"elementor-element elementor-element-444cc40 e-flex e-con-boxed e-con e-parent\" data-id=\"444cc40\" data-element_type=\"container\" data-e-type=\"container\">\n\t\t\t\t\t<div class=\"e-con-inner\">\n\t\t\t\t<div class=\"elementor-element elementor-element-7953e1c elementor-widget elementor-widget-heading\" data-id=\"7953e1c\" data-element_type=\"widget\" data-e-type=\"widget\" data-settings=\"{&quot;ekit_we_effect_on&quot;:&quot;none&quot;}\" data-widget_type=\"heading.default\">\n\t\t\t\t<div class=\"elementor-widget-container\">\n\t\t\t\t\t<h4 class=\"elementor-heading-title elementor-size-default\">CTA final - Besoin d'aide maintenant ?<\/h4>\t\t\t\t<\/div>\n\t\t\t\t<\/div>\n\t\t\t\t<div class=\"elementor-element elementor-element-2be49a2 elementor-widget elementor-widget-text-editor\" data-id=\"2be49a2\" data-element_type=\"widget\" data-e-type=\"widget\" data-settings=\"{&quot;ekit_we_effect_on&quot;:&quot;none&quot;}\" data-widget_type=\"text-editor.default\">\n\t\t\t\t<div class=\"elementor-widget-container\">\n\t\t\t\t\t\t\t\t\t<p data-start=\"5339\" data-end=\"5466\">Que vous soyez confront\u00e9 \u00e0 un probl\u00e8me urgent, que vous planifiez un nouveau programme de traitement ou que vous formiez une nouvelle \u00e9quipe, notre \u00e9quipe d'assistance est pr\u00eate \u00e0 vous aider.<\/p><p data-start=\"5468\" data-end=\"5476\">Dites-nous ce que vous en pensez :<\/p><ul data-start=\"5478\" data-end=\"5655\"><li data-start=\"5478\" data-end=\"5508\"><p data-start=\"5480\" data-end=\"5508\">L'appareil que vous utilisez<\/p><\/li><li data-start=\"5509\" data-end=\"5585\"><p data-start=\"5511\" data-end=\"5585\">Ce que vous voulez r\u00e9soudre (installation, fonctionnement, traitement, service apr\u00e8s-vente)<\/p><\/li><li data-start=\"5586\" data-end=\"5655\"><p data-start=\"5588\" data-end=\"5655\">Votre moyen pr\u00e9f\u00e9r\u00e9 de recevoir de l'aide (message, courriel, appel, vid\u00e9o)<\/p><\/li><\/ul><p>\u00a0<\/p>\t\t\t\t\t\t\t\t<\/div>\n\t\t\t\t<\/div>\n\t\t\t\t\t<\/div>\n\t\t\t\t<\/div>\n\t\t\t\t<\/div>","protected":false},"excerpt":{"rendered":"<p>Supports When you choose Noveza devices, you are not only buying a machine\u2014you are working with the factory behind it.Our support is designed to help clinics, spas, distributors and brand owners use our equipment safely, confidently and efficiently in daily practice. On this page, you\u2019ll find an overview of the technical help, training, materials and&#8230;<\/p>","protected":false},"author":1,"featured_media":0,"parent":83,"menu_order":4,"comment_status":"closed","ping_status":"closed","template":"","meta":{"_kad_post_transparent":"","_kad_post_title":"hide","_kad_post_layout":"fullwidth","_kad_post_sidebar_id":"","_kad_post_content_style":"unboxed","_kad_post_vertical_padding":"hide","_kad_post_feature":"hide","_kad_post_feature_position":"","_kad_post_header":false,"_kad_post_footer":false,"_kad_post_classname":"","footnotes":""},"class_list":["post-89","page","type-page","status-publish","hentry"],"_links":{"self":[{"href":"https:\/\/novezabeauty.com\/fr\/wp-json\/wp\/v2\/pages\/89","targetHints":{"allow":["GET"]}}],"collection":[{"href":"https:\/\/novezabeauty.com\/fr\/wp-json\/wp\/v2\/pages"}],"about":[{"href":"https:\/\/novezabeauty.com\/fr\/wp-json\/wp\/v2\/types\/page"}],"author":[{"embeddable":true,"href":"https:\/\/novezabeauty.com\/fr\/wp-json\/wp\/v2\/users\/1"}],"replies":[{"embeddable":true,"href":"https:\/\/novezabeauty.com\/fr\/wp-json\/wp\/v2\/comments?post=89"}],"version-history":[{"count":5,"href":"https:\/\/novezabeauty.com\/fr\/wp-json\/wp\/v2\/pages\/89\/revisions"}],"predecessor-version":[{"id":1090,"href":"https:\/\/novezabeauty.com\/fr\/wp-json\/wp\/v2\/pages\/89\/revisions\/1090"}],"up":[{"embeddable":true,"href":"https:\/\/novezabeauty.com\/fr\/wp-json\/wp\/v2\/pages\/83"}],"wp:attachment":[{"href":"https:\/\/novezabeauty.com\/fr\/wp-json\/wp\/v2\/media?parent=89"}],"curies":[{"name":"wp","href":"https:\/\/api.w.org\/{rel}","templated":true}]}}