 {"id":439,"date":"2025-07-01T13:01:12","date_gmt":"2025-07-01T13:01:12","guid":{"rendered":"https:\/\/novezabeauty.com\/?post_type=product&#038;p=439"},"modified":"2025-11-23T09:08:18","modified_gmt":"2025-11-23T09:08:18","slug":"4-handles-butt-lifting-increase-muscle-fat-reduction-slimming-ball-rolling-slimming-beauty-machine","status":"publish","type":"product","link":"https:\/\/novezabeauty.com\/fr\/4-handles-butt-lifting-increase-muscle-fat-reduction-slimming-ball-rolling-slimming-beauty-machine\/","title":{"rendered":"4 Poign\u00e9es Butt Lifting Augmentation des Muscles R\u00e9duction de la Graisse Boule Roulante Machine de Beaut\u00e9 Minceur"},"content":{"rendered":"<p data-start=\"25\" data-end=\"75\">Instrument musculaire de beaut\u00e9 HIFM+RF<\/p>\n<p data-start=\"25\" data-end=\"75\">Le <strong data-start=\"106\" data-end=\"142\">Instrument musculaire de beaut\u00e9 HIFM+RF<\/strong> est un appareil avanc\u00e9 et non invasif con\u00e7u pour modeler et tonifier votre corps en d\u00e9veloppant les muscles et en br\u00fblant les graisses. Combinant la technologie des vibrations magn\u00e9tiques focalis\u00e9es de haute intensit\u00e9 (HIFM) et l'\u00e9nergie RF focalis\u00e9e, ce puissant appareil cible les couches de muscle et de graisse pour am\u00e9liorer les contours du corps, renforcer la densit\u00e9 musculaire et acc\u00e9l\u00e9rer le m\u00e9tabolisme des graisses.<\/p>\n<p data-start=\"480\" data-end=\"889\">L'appareil utilise des impulsions \u00e9lectromagn\u00e9tiques pour induire des contractions musculaires, simulant ainsi des s\u00e9ances d'entra\u00eenement intenses qui prendraient normalement des heures. En seulement 30 minutes, il peut stimuler jusqu'\u00e0 30 000 contractions musculaires, aidant ainsi les utilisateurs \u00e0 obtenir un physique tonique et svelte. L'appareil est parfait pour les personnes qui souhaitent d\u00e9velopper leurs muscles, r\u00e9duire leur masse graisseuse et am\u00e9liorer l'\u00e9lasticit\u00e9 de leur peau sans avoir recours \u00e0 la chirurgie, aux injections ou \u00e0 des exercices physiques intensifs.<\/p>\n<p data-start=\"891\" data-end=\"908\"><strong data-start=\"891\" data-end=\"907\">Caract\u00e9ristiques principales<\/strong>:<\/p>\n<ul data-start=\"909\" data-end=\"1886\">\n<li data-start=\"909\" data-end=\"1180\">\n<p data-start=\"911\" data-end=\"1180\"><strong data-start=\"911\" data-end=\"936\">Poign\u00e9es \u00e0 double fonction<\/strong>: L'appareil est dot\u00e9 de deux poign\u00e9es, ce qui permet une utilisation synchronis\u00e9e ou ind\u00e9pendante sur diff\u00e9rentes parties du corps simultan\u00e9ment. Cela permet de traiter plusieurs zones \u00e0 la fois, comme l'abdomen, les cuisses, les bras et les fesses.<\/p>\n<\/li>\n<li data-start=\"1181\" data-end=\"1337\">\n<p data-start=\"1183\" data-end=\"1337\"><strong data-start=\"1183\" data-end=\"1210\">Technologie non invasive<\/strong>: Pas d'aiguilles, pas de chirurgie et pas de temps d'arr\u00eat. C'est une m\u00e9thode totalement s\u00fbre, indolore et efficace pour le renforcement musculaire et la r\u00e9duction des graisses.<\/p>\n<\/li>\n<li data-start=\"1338\" data-end=\"1553\">\n<p data-start=\"1340\" data-end=\"1553\"><strong data-start=\"1340\" data-end=\"1387\">Technologie avanc\u00e9e de vibration RF et magn\u00e9tique<\/strong>: Cible les couches musculaires jusqu'\u00e0 8 cm de profondeur, d\u00e9livrant une chaleur cibl\u00e9e pour stimuler la croissance musculaire et la perte de graisse. La technologie RF permet \u00e9galement de raffermir la peau tout en r\u00e9duisant la graisse.<\/p>\n<\/li>\n<li data-start=\"1554\" data-end=\"1730\">\n<p data-start=\"1556\" data-end=\"1730\"><strong data-start=\"1556\" data-end=\"1588\">Modes de traitement personnalisables<\/strong>: Offre une vari\u00e9t\u00e9 de r\u00e9glages, y compris diff\u00e9rents niveaux d'intensit\u00e9 et de fr\u00e9quences de traitement, pour r\u00e9pondre aux besoins des utilisateurs d\u00e9butants et avanc\u00e9s.<\/p>\n<\/li>\n<li data-start=\"1731\" data-end=\"1886\">\n<p data-start=\"1733\" data-end=\"1886\"><strong data-start=\"1733\" data-end=\"1763\">Des r\u00e9sultats rapides et efficaces<\/strong>: Des \u00e9tudes cliniques ont montr\u00e9 une r\u00e9duction significative de la graisse (jusqu'\u00e0 30%) et une croissance musculaire (jusqu'\u00e0 25%) en seulement quelques traitements.<\/p>\n<\/li>\n<\/ul>\n<p data-start=\"1888\" data-end=\"1901\"><strong data-start=\"1888\" data-end=\"1900\">Avantages<\/strong>:<\/p>\n<ul data-start=\"1902\" data-end=\"2142\">\n<li data-start=\"1902\" data-end=\"1930\">\n<p data-start=\"1904\" data-end=\"1930\">Raffermit et tonifie les muscles<\/p>\n<\/li>\n<li data-start=\"1931\" data-end=\"1975\">\n<p data-start=\"1933\" data-end=\"1975\">R\u00e9duit la graisse et am\u00e9liore la d\u00e9finition musculaire<\/p>\n<\/li>\n<li data-start=\"1976\" data-end=\"2028\">\n<p data-start=\"1978\" data-end=\"2028\">Am\u00e9liore le m\u00e9tabolisme et la circulation sanguine<\/p>\n<\/li>\n<li data-start=\"2029\" data-end=\"2056\">\n<p data-start=\"2031\" data-end=\"2056\">Pas de temps de r\u00e9cup\u00e9ration n\u00e9cessaire<\/p>\n<\/li>\n<li data-start=\"2057\" data-end=\"2090\">\n<p data-start=\"2059\" data-end=\"2090\">Convient aux hommes et aux femmes<\/p>\n<\/li>\n<li data-start=\"2091\" data-end=\"2142\">\n<p data-start=\"2093\" data-end=\"2142\">Certifi\u00e9 FDA et CE pour la s\u00e9curit\u00e9 et l'efficacit\u00e9<\/p>\n<\/li>\n<\/ul>\n<p data-start=\"2144\" data-end=\"2317\">Que vous cherchiez \u00e0 sculpter votre corps, \u00e0 d\u00e9finir votre tonus musculaire ou \u00e0 r\u00e9duire les graisses r\u00e9calcitrantes, le <strong data-start=\"2246\" data-end=\"2282\">Instrument musculaire de beaut\u00e9 HIFM+RF<\/strong> offre une solution r\u00e9volutionnaire.<\/p>","protected":false},"excerpt":{"rendered":"<p>Un appareil puissant \u00e0 4 poign\u00e9es qui combine le roulement des billes et la stimulation musculaire pour soulever les fesses, r\u00e9duire la graisse et amincir le corps.<\/p>","protected":false},"featured_media":831,"template":"","meta":{"_kad_post_transparent":"default","_kad_post_title":"","_kad_post_layout":"default","_kad_post_sidebar_id":"","_kad_post_content_style":"default","_kad_post_vertical_padding":"default","_kad_post_feature":"","_kad_post_feature_position":"","_kad_post_header":false,"_kad_post_footer":false,"_kad_post_classname":""},"product_brand":[],"product_cat":[17],"product_tag":[168,148,172,165,170,174,167,173,166,169,171,141,145],"class_list":{"0":"post-439","1":"product","2":"type-product","3":"status-publish","4":"has-post-thumbnail","6":"product_cat-ems","7":"product_tag-ball-rolling-beauty-device","8":"product_tag-body-contouring-machine","9":"product_tag-body-sculpting-device","10":"product_tag-butt-lifting-machine","11":"product_tag-buttocks-slimming","12":"product_tag-fat-burning-machine","13":"product_tag-fat-reduction-slimming","14":"product_tag-multi-handle-slimming-machine","15":"product_tag-muscle-building-device","16":"product_tag-muscle-toning-machine","17":"product_tag-non-invasive-fat-removal","18":"product_tag-professional-beauty-equipment","19":"product_tag-spa-equipment","21":"first","22":"instock","23":"shipping-taxable","24":"product-type-simple","25":"entry","26":"content-bg","27":"loop-entry"},"_links":{"self":[{"href":"https:\/\/novezabeauty.com\/fr\/wp-json\/wp\/v2\/product\/439","targetHints":{"allow":["GET"]}}],"collection":[{"href":"https:\/\/novezabeauty.com\/fr\/wp-json\/wp\/v2\/product"}],"about":[{"href":"https:\/\/novezabeauty.com\/fr\/wp-json\/wp\/v2\/types\/product"}],"version-history":[{"count":2,"href":"https:\/\/novezabeauty.com\/fr\/wp-json\/wp\/v2\/product\/439\/revisions"}],"predecessor-version":[{"id":1264,"href":"https:\/\/novezabeauty.com\/fr\/wp-json\/wp\/v2\/product\/439\/revisions\/1264"}],"wp:featuredmedia":[{"embeddable":true,"href":"https:\/\/novezabeauty.com\/fr\/wp-json\/wp\/v2\/media\/831"}],"wp:attachment":[{"href":"https:\/\/novezabeauty.com\/fr\/wp-json\/wp\/v2\/media?parent=439"}],"wp:term":[{"taxonomy":"product_brand","embeddable":true,"href":"https:\/\/novezabeauty.com\/fr\/wp-json\/wp\/v2\/product_brand?post=439"},{"taxonomy":"product_cat","embeddable":true,"href":"https:\/\/novezabeauty.com\/fr\/wp-json\/wp\/v2\/product_cat?post=439"},{"taxonomy":"product_tag","embeddable":true,"href":"https:\/\/novezabeauty.com\/fr\/wp-json\/wp\/v2\/product_tag?post=439"}],"curies":[{"name":"wp","href":"https:\/\/api.w.org\/{rel}","templated":true}]}}