 {"id":486,"date":"2025-07-03T06:59:27","date_gmt":"2025-07-03T06:59:27","guid":{"rendered":"https:\/\/novezabeauty.com\/?post_type=product&#038;p=486"},"modified":"2025-11-23T09:02:42","modified_gmt":"2025-11-23T09:02:42","slug":"professional-inner-ball-roller-fat-reduction-slimming-machine-muscle-pain-relief-face-body-massage-device","status":"publish","type":"product","link":"https:\/\/novezabeauty.com\/fr\/professional-inner-ball-roller-fat-reduction-slimming-machine-muscle-pain-relief-face-body-massage-device\/","title":{"rendered":"Rouleau \u00e0 billes int\u00e9rieur professionnel Machine \u00e0 r\u00e9duire la graisse Appareil de massage du visage et du corps pour soulager les douleurs musculaires"},"content":{"rendered":"<p data-start=\"155\" data-end=\"243\">Machine \u00e0 rouleaux \u00e0 billes pour le modelage du corps et du visage, th\u00e9rapie de compression par micro-vibration<\/p>\n<p data-start=\"260\" data-end=\"339\">Machine \u00e0 rouler \u00e0 billes | Th\u00e9rapie de compression par micro-vibration pour le corps et le visage<\/p>\n<p data-start=\"362\" data-end=\"739\">D\u00e9couvrez l'appareil \u00e0 rouleaux Inner Ball, une solution avanc\u00e9e pour remodeler le corps, r\u00e9duire la cellulite et d\u00e9tendre les muscles. Gr\u00e2ce \u00e0 une th\u00e9rapie innovante de micro-vibration par compression, il am\u00e9liore le drainage lymphatique, la circulation sanguine et le rajeunissement de la peau. S\u00fbr, non invasif et efficace pour les traitements du corps et du visage. Obtenez des r\u00e9sultats visibles en quelques s\u00e9ances seulement !<\/p>\n<p data-start=\"766\" data-end=\"1114\">Le <strong data-start=\"770\" data-end=\"799\">Machine \u00e0 rouler les billes int\u00e9rieures<\/strong> est un appareil innovant de traitement du corps et du visage qui utilise la technologie de pointe de la micro-vibration par compression. Con\u00e7u pour un usage professionnel et personnel, cet appareil offre un moyen non invasif et tr\u00e8s efficace d'am\u00e9liorer le drainage lymphatique, de r\u00e9duire la cellulite, de tonifier les muscles et de favoriser le rajeunissement de la peau.<\/p>\n<p data-start=\"1116\" data-end=\"1133\"><strong data-start=\"1116\" data-end=\"1133\">Caract\u00e9ristiques principales :<\/strong><\/p>\n<ul data-start=\"1134\" data-end=\"2191\">\n<li data-start=\"1134\" data-end=\"1353\">\n<p data-start=\"1136\" data-end=\"1353\"><strong data-start=\"1136\" data-end=\"1172\">Th\u00e9rapie par micro-vibration avanc\u00e9e<\/strong>: Les billes en silicone de l'appareil, qui tournent \u00e0 360\u00b0, g\u00e9n\u00e8rent une compression douce et des micro-vibrations, stimulant en profondeur les tissus et relan\u00e7ant la circulation sans causer d'inconfort ou de dommages.<\/p>\n<\/li>\n<li data-start=\"1354\" data-end=\"1562\">\n<p data-start=\"1356\" data-end=\"1562\"><strong data-start=\"1356\" data-end=\"1385\">Zones de traitement polyvalentes<\/strong>: Id\u00e9al pour une utilisation sur diff\u00e9rentes parties du corps, notamment les cuisses, les fesses, les bras et le visage. Il redessine les contours du corps, r\u00e9duit les signes de vieillissement et favorise une apparence plus lisse et plus ferme.<\/p>\n<\/li>\n<li data-start=\"1563\" data-end=\"1847\">\n<p data-start=\"1565\" data-end=\"1847\"><strong data-start=\"1565\" data-end=\"1590\">Param\u00e8tres personnalisables<\/strong>: Avec 10 niveaux de vitesse r\u00e9glables et trois modes de lumi\u00e8re color\u00e9e (rouge, bleu et vert), l'appareil peut \u00eatre adapt\u00e9 \u00e0 vos besoins sp\u00e9cifiques. Il est \u00e9galement dot\u00e9 d'un \u00e9cran tactile de 5,6 pouces pour un contr\u00f4le facile et la possibilit\u00e9 d'enregistrer jusqu'\u00e0 5 ensembles de param\u00e8tres de traitement.<\/p>\n<\/li>\n<li data-start=\"1848\" data-end=\"1986\">\n<p data-start=\"1850\" data-end=\"1986\"><strong data-start=\"1850\" data-end=\"1866\">Poign\u00e9es doubles<\/strong>: Le grand manche est parfait pour les soins du corps, tandis que le petit manche est id\u00e9al pour les zones d\u00e9licates du visage et du cou.<\/p>\n<\/li>\n<li data-start=\"1987\" data-end=\"2191\">\n<p data-start=\"1989\" data-end=\"2191\"><strong data-start=\"1989\" data-end=\"2019\">Boules de silicone rempla\u00e7ables<\/strong>: Les billes en silicone sont sp\u00e9cialement con\u00e7ues pour offrir une compression et une vibration optimales. Elles peuvent \u00eatre facilement remplac\u00e9es, ce qui garantit l'efficacit\u00e9 et l'hygi\u00e8ne de l'appareil.<\/p>\n<\/li>\n<\/ul>\n<p data-start=\"2193\" data-end=\"2641\"><strong data-start=\"2193\" data-end=\"2210\">Comment cela fonctionne-t-il ?<\/strong><br \/>\n\u00c0 l'aide de billes de silicone rotatives, l'appareil exerce une pression et des vibrations sur la peau, ce qui contribue \u00e0 r\u00e9duire les d\u00e9p\u00f4ts de graisse, \u00e0 \u00e9liminer les toxines et \u00e0 att\u00e9nuer les rides. Il stimule la circulation sanguine, am\u00e9liore l'apport en oxyg\u00e8ne et encourage la production de collag\u00e8ne, offrant ainsi des avantages \u00e0 la fois esth\u00e9tiques et th\u00e9rapeutiques. Il convient \u00e0 la relaxation musculaire, \u00e0 la d\u00e9sintoxication et au remodelage du corps, et permet d'obtenir des r\u00e9sultats notables apr\u00e8s quelques s\u00e9ances seulement.<\/p>\n<p data-start=\"2643\" data-end=\"2656\"><strong data-start=\"2643\" data-end=\"2656\">Avantages :<\/strong><\/p>\n<ul data-start=\"2657\" data-end=\"3015\">\n<li data-start=\"2657\" data-end=\"2730\">\n<p data-start=\"2659\" data-end=\"2730\"><strong data-start=\"2659\" data-end=\"2675\">Mise en forme du corps<\/strong>: R\u00e9duit la graisse, raffermit la peau et am\u00e9liore le tonus musculaire.<\/p>\n<\/li>\n<li data-start=\"2731\" data-end=\"2830\">\n<p data-start=\"2733\" data-end=\"2830\"><strong data-start=\"2733\" data-end=\"2756\">R\u00e9duction de la cellulite<\/strong>: Aide \u00e0 \u00e9liminer les d\u00e9p\u00f4ts de graisse et \u00e0 r\u00e9duire l'apparence de la cellulite.<\/p>\n<\/li>\n<li data-start=\"2831\" data-end=\"2924\">\n<p data-start=\"2833\" data-end=\"2924\"><strong data-start=\"2833\" data-end=\"2856\">Rajeunissement du visage<\/strong>: Raffermit la peau, att\u00e9nue les rides et am\u00e9liore la sant\u00e9 g\u00e9n\u00e9rale de la peau.<\/p>\n<\/li>\n<li data-start=\"2925\" data-end=\"3015\">\n<p data-start=\"2927\" data-end=\"3015\"><strong data-start=\"2927\" data-end=\"2946\">R\u00e9cup\u00e9ration musculaire<\/strong>: Soulage les raideurs et les douleurs musculaires tout en acc\u00e9l\u00e9rant la r\u00e9cup\u00e9ration.<\/p>\n<\/li>\n<\/ul>\n<p data-start=\"3017\" data-end=\"3210\"><strong data-start=\"3017\" data-end=\"3042\">S\u00fbr et non invasif<\/strong>:<br \/>\nLa machine \u00e0 rouleaux \u00e0 billes internes est une th\u00e9rapie non douloureuse, non invasive et sans effets secondaires connus. Vous pouvez reprendre imm\u00e9diatement vos activit\u00e9s quotidiennes apr\u00e8s chaque s\u00e9ance.<\/p>\n<p data-start=\"3212\" data-end=\"3239\"><strong data-start=\"3212\" data-end=\"3239\">Sp\u00e9cifications du produit :<\/strong><\/p>\n<ul data-start=\"3240\" data-end=\"3490\">\n<li data-start=\"3240\" data-end=\"3280\">\n<p data-start=\"3242\" data-end=\"3280\"><strong data-start=\"3242\" data-end=\"3252\">\u00c9cran<\/strong>: \u00c9cran tactile LCD de 10,1 pouces<\/p>\n<\/li>\n<li data-start=\"3281\" data-end=\"3340\">\n<p data-start=\"3283\" data-end=\"3340\"><strong data-start=\"3283\" data-end=\"3292\">Vitesse<\/strong>: Grande poign\u00e9e - 1450 tr\/min, Petite poign\u00e9e - 1450 tr\/min<\/p>\n<\/li>\n<li data-start=\"3341\" data-end=\"3373\">\n<p data-start=\"3343\" data-end=\"3373\"><strong data-start=\"3343\" data-end=\"3363\">Fr\u00e9quence de sortie<\/strong>: 40-254Hz<\/p>\n<\/li>\n<li data-start=\"3374\" data-end=\"3407\">\n<p data-start=\"3376\" data-end=\"3407\"><strong data-start=\"3376\" data-end=\"3393\">Tension d'entr\u00e9e<\/strong>: AC 110V\/220V<\/p>\n<\/li>\n<li data-start=\"3408\" data-end=\"3437\">\n<p data-start=\"3410\" data-end=\"3437\"><strong data-start=\"3410\" data-end=\"3426\">Puissance de sortie<\/strong>: 100-1000W<\/p>\n<\/li>\n<li data-start=\"3438\" data-end=\"3452\">\n<p data-start=\"3440\" data-end=\"3452\"><strong data-start=\"3440\" data-end=\"3448\">Fusible<\/strong>: 5A<\/p>\n<\/li>\n<li data-start=\"3453\" data-end=\"3490\">\n<p data-start=\"3455\" data-end=\"3490\"><strong data-start=\"3455\" data-end=\"3480\">Temp\u00e9rature de fonctionnement<\/strong>: 5\u00b0C~40\u00b0C<\/p>\n<\/li>\n<\/ul>\n<p data-start=\"3492\" data-end=\"3688\">Transformez votre routine de soins de la peau avec le <strong data-start=\"3533\" data-end=\"3562\">Machine \u00e0 rouler les billes int\u00e9rieures<\/strong>L'appareil est une solution tout-en-un pour le remodelage du corps, le rajeunissement de la peau et la relaxation musculaire. Adoptez un corps plus sain et plus radieux.<\/p>","protected":false},"excerpt":{"rendered":"<p>Le <strong data-start=\"1016\" data-end=\"1067\">Machine professionnelle d'amincissement \u00e0 billes int\u00e9rieures<\/strong> associe la technologie des rouleaux magn\u00e9tiques \u00e0 un massage en profondeur des tissus pour r\u00e9duire les graisses, \u00e9liminer la cellulite, soulager les douleurs musculaires et raffermir la peau.<\/p>","protected":false},"featured_media":848,"template":"","meta":{"_kad_post_transparent":"default","_kad_post_title":"","_kad_post_layout":"default","_kad_post_sidebar_id":"","_kad_post_content_style":"default","_kad_post_vertical_padding":"default","_kad_post_feature":"","_kad_post_feature_position":"","_kad_post_header":false,"_kad_post_footer":false,"_kad_post_classname":""},"product_brand":[],"product_cat":[18],"product_tag":[98,160,164,140,157,161,159,162,163,131,158],"class_list":{"0":"post-486","1":"product","2":"type-product","3":"status-publish","4":"has-post-thumbnail","6":"product_cat-endosphere","7":"product_tag-body-contouring","8":"product_tag-cellulite-elimination","9":"product_tag-face-and-body-slimming","10":"product_tag-fat-reduction-machine","11":"product_tag-inner-ball-roller","12":"product_tag-massage-therapy-device","13":"product_tag-muscle-pain-relief","14":"product_tag-non-invasive-beauty-equipment","15":"product_tag-professional-massage-machine","16":"product_tag-skin-tightening","17":"product_tag-slimming-device","19":"first","20":"instock","21":"shipping-taxable","22":"product-type-simple","23":"entry","24":"content-bg","25":"loop-entry"},"_links":{"self":[{"href":"https:\/\/novezabeauty.com\/fr\/wp-json\/wp\/v2\/product\/486","targetHints":{"allow":["GET"]}}],"collection":[{"href":"https:\/\/novezabeauty.com\/fr\/wp-json\/wp\/v2\/product"}],"about":[{"href":"https:\/\/novezabeauty.com\/fr\/wp-json\/wp\/v2\/types\/product"}],"version-history":[{"count":2,"href":"https:\/\/novezabeauty.com\/fr\/wp-json\/wp\/v2\/product\/486\/revisions"}],"predecessor-version":[{"id":1262,"href":"https:\/\/novezabeauty.com\/fr\/wp-json\/wp\/v2\/product\/486\/revisions\/1262"}],"wp:featuredmedia":[{"embeddable":true,"href":"https:\/\/novezabeauty.com\/fr\/wp-json\/wp\/v2\/media\/848"}],"wp:attachment":[{"href":"https:\/\/novezabeauty.com\/fr\/wp-json\/wp\/v2\/media?parent=486"}],"wp:term":[{"taxonomy":"product_brand","embeddable":true,"href":"https:\/\/novezabeauty.com\/fr\/wp-json\/wp\/v2\/product_brand?post=486"},{"taxonomy":"product_cat","embeddable":true,"href":"https:\/\/novezabeauty.com\/fr\/wp-json\/wp\/v2\/product_cat?post=486"},{"taxonomy":"product_tag","embeddable":true,"href":"https:\/\/novezabeauty.com\/fr\/wp-json\/wp\/v2\/product_tag?post=486"}],"curies":[{"name":"wp","href":"https:\/\/api.w.org\/{rel}","templated":true}]}}