 {"id":497,"date":"2025-07-03T09:28:13","date_gmt":"2025-07-03T09:28:13","guid":{"rendered":"https:\/\/novezabeauty.com\/?post_type=product&#038;p=497"},"modified":"2025-11-23T09:17:47","modified_gmt":"2025-11-23T09:17:47","slug":"latest-skincare-and-beauty-devices-fat-reduction-and-body-shaping-machines-skin-tightening-devices","status":"publish","type":"product","link":"https:\/\/novezabeauty.com\/fr\/latest-skincare-and-beauty-devices-fat-reduction-and-body-shaping-machines-skin-tightening-devices\/","title":{"rendered":"Derniers appareils de soins de la peau et de beaut\u00e9 : machines de r\u00e9duction des graisses et de remodelage du corps, appareils de resserrement de la peau"},"content":{"rendered":"<p data-start=\"541\" data-end=\"1002\">R\u00e9volutionnez vos traitements de beaut\u00e9 avec cet appareil de r\u00e9duction des graisses et de remodelage du corps \u00e0 la pointe de la technologie. Con\u00e7u pour un usage professionnel, cet \u00e9quipement de pointe offre une solution non invasive pour le remodelage du corps, le raffermissement de la peau et la r\u00e9duction des graisses, ce qui le rend id\u00e9al pour les spas, les cliniques et les centres de bien-\u00eatre. Dot\u00e9 d'une technologie avanc\u00e9e et de fonctions faciles \u00e0 utiliser, il offre des r\u00e9sultats efficaces et durables pour tous les types de peau.<\/p>\n<p data-start=\"1004\" data-end=\"1023\"><strong data-start=\"1004\" data-end=\"1021\">Caract\u00e9ristiques principales :<\/strong><\/p>\n<ul data-start=\"1024\" data-end=\"1733\">\n<li data-start=\"1024\" data-end=\"1184\">\n<p data-start=\"1026\" data-end=\"1184\"><strong data-start=\"1026\" data-end=\"1050\">Technologie avanc\u00e9e :<\/strong> Utilise [ins\u00e9rer la technologie, par exemple la cryolipolyse, la radiofr\u00e9quence, la th\u00e9rapie au laser, etc.] pour une r\u00e9duction efficace de la graisse et un remodelage du corps.<\/p>\n<\/li>\n<li data-start=\"1185\" data-end=\"1298\">\n<p data-start=\"1187\" data-end=\"1298\"><strong data-start=\"1187\" data-end=\"1214\">Traitement non invasif :<\/strong> Obtenez une peau plus lisse et plus ferme et r\u00e9duisez les graisses tenaces sans chirurgie ni temps d'arr\u00eat.<\/p>\n<\/li>\n<li data-start=\"1299\" data-end=\"1419\">\n<p data-start=\"1301\" data-end=\"1419\"><strong data-start=\"1301\" data-end=\"1329\">Interface conviviale :<\/strong> L'\u00e9cran tactile \u00e9l\u00e9gant permet de r\u00e9gler facilement les param\u00e8tres pour des traitements personnalis\u00e9s.<\/p>\n<\/li>\n<li data-start=\"1420\" data-end=\"1517\">\n<p data-start=\"1422\" data-end=\"1517\"><strong data-start=\"1422\" data-end=\"1437\">Durabilit\u00e9 :<\/strong> Construit avec des mat\u00e9riaux de haute qualit\u00e9 et con\u00e7u pour une utilisation professionnelle continue.<\/p>\n<\/li>\n<li data-start=\"1518\" data-end=\"1623\">\n<p data-start=\"1520\" data-end=\"1623\"><strong data-start=\"1520\" data-end=\"1540\">Conception portative :<\/strong> L\u00e9ger et mont\u00e9 sur roulettes, il est facile \u00e0 d\u00e9placer entre les salles de traitement.<\/p>\n<\/li>\n<li data-start=\"1624\" data-end=\"1733\">\n<p data-start=\"1626\" data-end=\"1733\"><strong data-start=\"1626\" data-end=\"1646\">Caract\u00e9ristiques de s\u00e9curit\u00e9 :<\/strong> Comprend un syst\u00e8me de refroidissement et de contr\u00f4le de la temp\u00e9rature int\u00e9gr\u00e9 pour des traitements s\u00fbrs et confortables.<\/p>\n<\/li>\n<\/ul>\n<p data-start=\"1977\" data-end=\"1992\"><strong data-start=\"1977\" data-end=\"1990\">Avantages :<\/strong><\/p>\n<ul data-start=\"1993\" data-end=\"2330\">\n<li data-start=\"1993\" data-end=\"2073\">\n<p data-start=\"1995\" data-end=\"2073\"><strong data-start=\"1995\" data-end=\"2013\">R\u00e9duction de la graisse :<\/strong> Cible et \u00e9limine efficacement les d\u00e9p\u00f4ts de graisse tenaces.<\/p>\n<\/li>\n<li data-start=\"2074\" data-end=\"2156\">\n<p data-start=\"2076\" data-end=\"2156\"><strong data-start=\"2076\" data-end=\"2093\">Mise en forme du corps :<\/strong> Contourne le corps, donnant une apparence plus tonique et plus sculpt\u00e9e.<\/p>\n<\/li>\n<li data-start=\"2157\" data-end=\"2245\">\n<p data-start=\"2159\" data-end=\"2245\"><strong data-start=\"2159\" data-end=\"2179\">Raffermissement de la peau :<\/strong> Raffermit et rajeunit la peau pour une apparence plus lisse et plus jeune.<\/p>\n<\/li>\n<li data-start=\"2246\" data-end=\"2330\">\n<p data-start=\"2248\" data-end=\"2330\"><strong data-start=\"2248\" data-end=\"2264\">Pas de temps d'arr\u00eat :<\/strong> Les clients peuvent reprendre leurs activit\u00e9s normales imm\u00e9diatement apr\u00e8s le traitement.<\/p>\n<\/li>\n<\/ul>","protected":false},"excerpt":{"rendered":"<p>Cet appareil de r\u00e9duction des graisses et de remodelage du corps utilise une technologie de pointe, con\u00e7ue pour une utilisation professionnelle dans les instituts de beaut\u00e9, les spas et les centres de bien-\u00eatre. Proposant des traitements non invasifs, il r\u00e9duit efficacement la graisse, remod\u00e8le le corps et raffermit la peau. Gr\u00e2ce \u00e0 sa facilit\u00e9 d'utilisation et \u00e0 ses r\u00e9sultats durables, c'est la solution id\u00e9ale pour am\u00e9liorer l'exp\u00e9rience des clients et l'efficacit\u00e9 des traitements.<\/p>","protected":false},"featured_media":853,"template":"","meta":{"_kad_post_transparent":"default","_kad_post_title":"","_kad_post_layout":"default","_kad_post_sidebar_id":"","_kad_post_content_style":"default","_kad_post_vertical_padding":"default","_kad_post_feature":"","_kad_post_feature_position":"","_kad_post_header":false,"_kad_post_footer":false,"_kad_post_classname":""},"product_brand":[],"product_cat":[22],"product_tag":[185,179,180,190,181,175,177,186,187,182,176,189,141,188,178,183,115,142,145,184],"class_list":{"0":"post-497","1":"product","2":"type-product","3":"status-publish","4":"has-post-thumbnail","6":"product_cat-diode-laser","7":"product_tag-advanced-beauty-devices","8":"product_tag-anti-aging-technology","9":"product_tag-beauty-clinic-equipment","10":"product_tag-beauty-tech-for-spas","11":"product_tag-body-contouring-treatment","12":"product_tag-body-shaping-machine","13":"product_tag-cryolipolysis-machine","14":"product_tag-fat-freezing-technology","15":"product_tag-laser-body-shaping-machine","16":"product_tag-laser-fat-reduction","17":"product_tag-non-invasive-fat-loss","18":"product_tag-non-surgical-fat-reduction","19":"product_tag-professional-beauty-equipment","20":"product_tag-professional-skin-care-devices","21":"product_tag-radio-frequency-treatment","22":"product_tag-skin-lifting","23":"product_tag-skin-rejuvenation","24":"product_tag-skin-tightening-device","25":"product_tag-spa-equipment","26":"product_tag-wellness-equipment","28":"first","29":"instock","30":"shipping-taxable","31":"product-type-simple","32":"entry","33":"content-bg","34":"loop-entry"},"_links":{"self":[{"href":"https:\/\/novezabeauty.com\/fr\/wp-json\/wp\/v2\/product\/497","targetHints":{"allow":["GET"]}}],"collection":[{"href":"https:\/\/novezabeauty.com\/fr\/wp-json\/wp\/v2\/product"}],"about":[{"href":"https:\/\/novezabeauty.com\/fr\/wp-json\/wp\/v2\/types\/product"}],"version-history":[{"count":2,"href":"https:\/\/novezabeauty.com\/fr\/wp-json\/wp\/v2\/product\/497\/revisions"}],"predecessor-version":[{"id":1265,"href":"https:\/\/novezabeauty.com\/fr\/wp-json\/wp\/v2\/product\/497\/revisions\/1265"}],"wp:featuredmedia":[{"embeddable":true,"href":"https:\/\/novezabeauty.com\/fr\/wp-json\/wp\/v2\/media\/853"}],"wp:attachment":[{"href":"https:\/\/novezabeauty.com\/fr\/wp-json\/wp\/v2\/media?parent=497"}],"wp:term":[{"taxonomy":"product_brand","embeddable":true,"href":"https:\/\/novezabeauty.com\/fr\/wp-json\/wp\/v2\/product_brand?post=497"},{"taxonomy":"product_cat","embeddable":true,"href":"https:\/\/novezabeauty.com\/fr\/wp-json\/wp\/v2\/product_cat?post=497"},{"taxonomy":"product_tag","embeddable":true,"href":"https:\/\/novezabeauty.com\/fr\/wp-json\/wp\/v2\/product_tag?post=497"}],"curies":[{"name":"wp","href":"https:\/\/api.w.org\/{rel}","templated":true}]}}