 {"id":503,"date":"2025-07-03T12:34:33","date_gmt":"2025-07-03T12:34:33","guid":{"rendered":"https:\/\/novezabeauty.com\/?post_type=product&#038;p=503"},"modified":"2025-11-23T09:00:08","modified_gmt":"2025-11-23T09:00:08","slug":"vertical-magnetic-inner-ball-roller-slimming-and-beauty-device","status":"publish","type":"product","link":"https:\/\/novezabeauty.com\/fr\/vertical-magnetic-inner-ball-roller-slimming-and-beauty-device\/","title":{"rendered":"Rouleau magn\u00e9tique vertical \u00e0 billes int\u00e9rieures Dispositif d'amincissement et de beaut\u00e9"},"content":{"rendered":"<p data-start=\"255\" data-end=\"353\"><strong data-start=\"255\" data-end=\"308\">Instrument musculaire de beaut\u00e9 HIFEM avec technologie RF<\/strong> - <strong data-start=\"311\" data-end=\"353\">Construire des muscles et br\u00fbler des graisses en une seule s\u00e9ance<\/strong><\/p>\n<p data-start=\"355\" data-end=\"751\">Lib\u00e9rez la puissance de <strong data-start=\"376\" data-end=\"432\">HIFEM (champ \u00e9lectromagn\u00e9tique focalis\u00e9 de haute intensit\u00e9)<\/strong> et <strong data-start=\"437\" data-end=\"461\">RF (Radio Fr\u00e9quence)<\/strong> technologies avec notre <strong data-start=\"484\" data-end=\"518\">Instrument musculaire de beaut\u00e9 HIFEM<\/strong>. Con\u00e7u pour ceux qui veulent rapidement et efficacement <strong data-start=\"575\" data-end=\"591\">d\u00e9velopper la musculature<\/strong>, <strong data-start=\"593\" data-end=\"605\">br\u00fbler les graisses<\/strong>et <strong data-start=\"611\" data-end=\"622\">remodeler<\/strong> Ce dispositif non invasif, \u00e0 la pointe de la technologie, permet d'am\u00e9liorer la qualit\u00e9 de vie des personnes atteintes de cancer du sein. <strong data-start=\"687\" data-end=\"715\">technologie de qualit\u00e9 m\u00e9dicale<\/strong> directement dans votre clinique ou votre centre de beaut\u00e9.<\/p>\n<p data-start=\"753\" data-end=\"866\">Ce syst\u00e8me puissant combine <strong data-start=\"783\" data-end=\"802\">entra\u00eenement musculaire<\/strong> et <strong data-start=\"807\" data-end=\"824\">r\u00e9duction de la graisse<\/strong> gr\u00e2ce \u00e0 deux technologies compl\u00e9mentaires :<\/p>\n<ul data-start=\"867\" data-end=\"1441\">\n<li data-start=\"867\" data-end=\"1149\">\n<p data-start=\"869\" data-end=\"1149\"><strong data-start=\"869\" data-end=\"889\">Technologie HIFEM<\/strong> stimule les neurones moteurs de vos muscles afin d'induire des <strong data-start=\"945\" data-end=\"983\">30 000 contractions musculaires extr\u00eames<\/strong> en seulement 30 minutes. Ce niveau d'intensit\u00e9 d\u00e9passe ce que l'on peut atteindre par un exercice normal, stimulant <strong data-start=\"1094\" data-end=\"1111\">croissance musculaire<\/strong> et <strong data-start=\"1116\" data-end=\"1133\">r\u00e9partition des graisses<\/strong> simultan\u00e9ment.<\/p>\n<\/li>\n<li data-start=\"1150\" data-end=\"1441\">\n<p data-start=\"1152\" data-end=\"1441\"><strong data-start=\"1152\" data-end=\"1187\">Technologie des radiofr\u00e9quences (RF)<\/strong> p\u00e9n\u00e8tre la peau \u00e0 une profondeur de <strong data-start=\"1222\" data-end=\"1233\">43-45\u00b0C<\/strong>Les cellules adipeuses sont alors <strong data-start=\"1260\" data-end=\"1272\">dissoudre<\/strong> et les fibres musculaires \u00e0 <strong data-start=\"1298\" data-end=\"1310\">contrat<\/strong>. Cette double action conduit \u00e0 <strong data-start=\"1338\" data-end=\"1363\">augmentation de la masse musculaire<\/strong> et <strong data-start=\"1368\" data-end=\"1385\">r\u00e9duction de la graisse<\/strong>L'utilisation d'un appareil de musculation permet de raffermir la peau et d'am\u00e9liorer le tonus musculaire g\u00e9n\u00e9ral.<\/p>\n<\/li>\n<\/ul>\n<p data-start=\"1443\" data-end=\"1648\">Pouvant cibler plusieurs groupes de muscles \u00e0 la fois, cet appareil est id\u00e9al pour remodeler, raffermir et tonifier des zones telles que les \u00e9paules, le dos et le dos. <strong data-start=\"1586\" data-end=\"1597\">abdomen<\/strong>, <strong data-start=\"1599\" data-end=\"1609\">cuisses<\/strong>, <strong data-start=\"1611\" data-end=\"1623\">fesses<\/strong>, <strong data-start=\"1625\" data-end=\"1633\">bras<\/strong>et <strong data-start=\"1639\" data-end=\"1647\">jambes<\/strong>.<\/p>\n<h4 data-start=\"1650\" data-end=\"1672\"><strong data-start=\"1655\" data-end=\"1672\">Caract\u00e9ristiques principales :<\/strong><\/h4>\n<ul data-start=\"1673\" data-end=\"2633\">\n<li data-start=\"1673\" data-end=\"1784\">\n<p data-start=\"1675\" data-end=\"1784\"><strong data-start=\"1675\" data-end=\"1695\">Double technologie :<\/strong> Combinaisons <strong data-start=\"1705\" data-end=\"1719\">HIFEM + RF<\/strong> pour une approche compl\u00e8te de la construction musculaire et de la combustion des graisses.<\/p>\n<\/li>\n<li data-start=\"1785\" data-end=\"1905\">\n<p data-start=\"1787\" data-end=\"1905\"><strong data-start=\"1787\" data-end=\"1832\">30 000 contractions musculaires en 30 minutes :<\/strong> Ce qui \u00e9quivaut \u00e0 faire <strong data-start=\"1853\" data-end=\"1871\">30 000 redressements assis<\/strong> ou <strong data-start=\"1875\" data-end=\"1885\">squats<\/strong> sans effort.<\/p>\n<\/li>\n<li data-start=\"1906\" data-end=\"2025\">\n<p data-start=\"1908\" data-end=\"2025\"><strong data-start=\"1908\" data-end=\"1929\">P\u00e9n\u00e9tration profonde :<\/strong> L'\u00e9nergie HIFEM atteint <strong data-start=\"1951\" data-end=\"1963\">8cm de profondeur<\/strong>Les muscles sont directement cibl\u00e9s pour une force et un volume accrus.<\/p>\n<\/li>\n<li data-start=\"2026\" data-end=\"2144\">\n<p data-start=\"2028\" data-end=\"2144\"><strong data-start=\"2028\" data-end=\"2064\">R\u00e9duction de la graisse et raffermissement de la peau :<\/strong> La RF chauffe les cellules graisseuses, acc\u00e9l\u00e9rant leur d\u00e9gradation et am\u00e9liorant l'\u00e9lasticit\u00e9 de la peau.<\/p>\n<\/li>\n<li data-start=\"2145\" data-end=\"2217\">\n<p data-start=\"2147\" data-end=\"2217\"><strong data-start=\"2147\" data-end=\"2170\">Certifi\u00e9 FDA et CE :<\/strong> Une s\u00e9curit\u00e9 et une efficacit\u00e9 prouv\u00e9es par des \u00e9tudes cliniques.<\/p>\n<\/li>\n<li data-start=\"2218\" data-end=\"2371\">\n<p data-start=\"2220\" data-end=\"2371\"><strong data-start=\"2220\" data-end=\"2251\">Poign\u00e9es de traitement multiples :<\/strong> Fonctionner <strong data-start=\"2260\" data-end=\"2282\">jusqu'\u00e0 quatre poign\u00e9es<\/strong> simultan\u00e9ment, traitant ainsi plusieurs zones \u00e0 la fois, ce qui est id\u00e9al pour les salons de beaut\u00e9 ou les cliniques tr\u00e8s fr\u00e9quent\u00e9s.<\/p>\n<\/li>\n<li data-start=\"2372\" data-end=\"2510\">\n<p data-start=\"2374\" data-end=\"2510\"><strong data-start=\"2374\" data-end=\"2390\">Pas de temps d'arr\u00eat :<\/strong> Traitement non invasif et sans douleur avec <strong data-start=\"2430\" data-end=\"2452\">pas de p\u00e9riode de r\u00e9cup\u00e9ration<\/strong>-Les clients peuvent imm\u00e9diatement reprendre leurs activit\u00e9s quotidiennes.<\/p>\n<\/li>\n<li data-start=\"2511\" data-end=\"2633\">\n<p data-start=\"2513\" data-end=\"2633\"><strong data-start=\"2513\" data-end=\"2539\">Param\u00e8tres personnalisables :<\/strong> R\u00e9glable <strong data-start=\"2551\" data-end=\"2592\">Intensit\u00e9 des vibrations RF et magn\u00e9tiques<\/strong> pour s'adapter au niveau de confort de chaque client.<\/p>\n<\/li>\n<\/ul>\n<h4 data-start=\"2635\" data-end=\"2660\"><strong data-start=\"2640\" data-end=\"2660\">Zones de traitement :<\/strong><\/h4>\n<ul data-start=\"2661\" data-end=\"3187\">\n<li data-start=\"2661\" data-end=\"2782\">\n<p data-start=\"2663\" data-end=\"2782\"><strong data-start=\"2663\" data-end=\"2687\">Abdomen et taille :<\/strong> Obtenez une apparence tonique et sculpt\u00e9e en ciblant la graisse abdominale tenace et en renfor\u00e7ant les muscles du tronc.<\/p>\n<\/li>\n<li data-start=\"2783\" data-end=\"2885\">\n<p data-start=\"2785\" data-end=\"2885\"><strong data-start=\"2785\" data-end=\"2798\">Fesses :<\/strong> Lifte et raffermit les fessiers, r\u00e9duisant l'affaissement et favorisant une apparence jeune et tonique.<\/p>\n<\/li>\n<li data-start=\"2886\" data-end=\"3007\">\n<p data-start=\"2888\" data-end=\"3007\"><strong data-start=\"2888\" data-end=\"2904\">Bras et jambes :<\/strong> Raffermir la peau et tonifier les muscles du haut des bras, des cuisses et des jambes, afin de lutter contre la cellulite et la peau flasque.<\/p>\n<\/li>\n<li data-start=\"3008\" data-end=\"3187\">\n<p data-start=\"3010\" data-end=\"3187\"><strong data-start=\"3010\" data-end=\"3040\">Sculpture corporelle post-partum :<\/strong> Particuli\u00e8rement b\u00e9n\u00e9fique pour les m\u00e8res ayant subi une s\u00e9paration du grand droit de l'abdomen (ventre post-partum) pour aider \u00e0 raffermir et \u00e0 tonifier les muscles abdominaux.<\/p>\n<\/li>\n<\/ul>\n<h4 data-start=\"3189\" data-end=\"3207\"><strong data-start=\"3194\" data-end=\"3207\">Avantages :<\/strong><\/h4>\n<ul data-start=\"3208\" data-end=\"3751\">\n<li data-start=\"3208\" data-end=\"3305\">\n<p data-start=\"3210\" data-end=\"3305\"><strong data-start=\"3210\" data-end=\"3228\">Croissance musculaire :<\/strong> Augmenter la densit\u00e9 et le volume musculaire jusqu'\u00e0 <strong data-start=\"3273\" data-end=\"3280\">16%<\/strong> apr\u00e8s plusieurs sessions.<\/p>\n<\/li>\n<li data-start=\"3306\" data-end=\"3384\">\n<p data-start=\"3308\" data-end=\"3384\"><strong data-start=\"3308\" data-end=\"3326\">R\u00e9duction de la graisse :<\/strong> R\u00e9duire la graisse jusqu'\u00e0 <strong data-start=\"3347\" data-end=\"3354\">19%<\/strong> apr\u00e8s une s\u00e9rie de traitements.<\/p>\n<\/li>\n<li data-start=\"3385\" data-end=\"3500\">\n<p data-start=\"3387\" data-end=\"3500\"><strong data-start=\"3387\" data-end=\"3411\">Am\u00e9lioration du m\u00e9tabolisme :<\/strong> L'augmentation de la masse musculaire contribue \u00e0 <strong data-start=\"3443\" data-end=\"3463\">stimuler le m\u00e9tabolisme<\/strong>La combustion de calories est donc plus importante, m\u00eame au repos.<\/p>\n<\/li>\n<li data-start=\"3501\" data-end=\"3630\">\n<p data-start=\"3503\" data-end=\"3630\"><strong data-start=\"3503\" data-end=\"3531\">Non invasif et indolore :<\/strong> Pas besoin d'intervention chirurgicale, d'injections ou d'exercices intenses, il suffit d'avoir une bonne hygi\u00e8ne de vie. <strong data-start=\"3590\" data-end=\"3602\">s'allonger<\/strong> et se d\u00e9tendre pendant le traitement.<\/p>\n<\/li>\n<li data-start=\"3631\" data-end=\"3751\">\n<p data-start=\"3633\" data-end=\"3751\"><strong data-start=\"3633\" data-end=\"3654\">Rapide et efficace :<\/strong> Une session compl\u00e8te ne dure que <strong data-start=\"3681\" data-end=\"3695\">30 minutes<\/strong>avec des r\u00e9sultats visibles en seulement <strong data-start=\"3734\" data-end=\"3750\">4 traitements<\/strong>.<\/p>\n<\/li>\n<\/ul>\n<p data-start=\"3753\" data-end=\"4010\">Que vous soyez un professionnel de la beaut\u00e9 ou un consommateur \u00e0 la recherche d'un remodelage corporel efficace, cette technologie offre une solution rapide et fiable pour obtenir un physique en forme et tonique sans avoir recours \u00e0 des exercices physiques contraignants ou \u00e0 des traitements invasifs.<\/p>","protected":false},"excerpt":{"rendered":"<p>Un appareil \u00e0 rouleaux verticaux de qualit\u00e9 spa utilisant la technologie des billes int\u00e9rieures magn\u00e9tiques et des micro-vibrations pour affiner, lisser et raffermir les contours du visage et du corps.<\/p>","protected":false},"featured_media":867,"template":"","meta":{"_kad_post_transparent":"default","_kad_post_title":"","_kad_post_layout":"default","_kad_post_sidebar_id":"","_kad_post_content_style":"default","_kad_post_vertical_padding":"default","_kad_post_feature":"","_kad_post_feature_position":"","_kad_post_header":false,"_kad_post_footer":false,"_kad_post_classname":""},"product_brand":[],"product_cat":[19],"product_tag":[151,148,149,150,156,152,147,155,153,141,142,154],"class_list":{"0":"post-503","1":"product","2":"type-product","3":"status-publish","4":"has-post-thumbnail","6":"product_cat-ems-endosphere","7":"product_tag-beauty-roller-machine","8":"product_tag-body-contouring-machine","9":"product_tag-cellulite-reduction-device","10":"product_tag-face-and-body-firming","11":"product_tag-facial-and-body-sculpting","12":"product_tag-lymphatic-drainage-machine","13":"product_tag-magnetic-roller-slimming-device","14":"product_tag-magnetic-therapy-beauty-device","15":"product_tag-non-invasive-slimming","16":"product_tag-professional-beauty-equipment","17":"product_tag-skin-tightening-device","18":"product_tag-spa-contouring-device","20":"first","21":"instock","22":"shipping-taxable","23":"product-type-simple","24":"entry","25":"content-bg","26":"loop-entry"},"_links":{"self":[{"href":"https:\/\/novezabeauty.com\/fr\/wp-json\/wp\/v2\/product\/503","targetHints":{"allow":["GET"]}}],"collection":[{"href":"https:\/\/novezabeauty.com\/fr\/wp-json\/wp\/v2\/product"}],"about":[{"href":"https:\/\/novezabeauty.com\/fr\/wp-json\/wp\/v2\/types\/product"}],"version-history":[{"count":2,"href":"https:\/\/novezabeauty.com\/fr\/wp-json\/wp\/v2\/product\/503\/revisions"}],"predecessor-version":[{"id":1261,"href":"https:\/\/novezabeauty.com\/fr\/wp-json\/wp\/v2\/product\/503\/revisions\/1261"}],"wp:featuredmedia":[{"embeddable":true,"href":"https:\/\/novezabeauty.com\/fr\/wp-json\/wp\/v2\/media\/867"}],"wp:attachment":[{"href":"https:\/\/novezabeauty.com\/fr\/wp-json\/wp\/v2\/media?parent=503"}],"wp:term":[{"taxonomy":"product_brand","embeddable":true,"href":"https:\/\/novezabeauty.com\/fr\/wp-json\/wp\/v2\/product_brand?post=503"},{"taxonomy":"product_cat","embeddable":true,"href":"https:\/\/novezabeauty.com\/fr\/wp-json\/wp\/v2\/product_cat?post=503"},{"taxonomy":"product_tag","embeddable":true,"href":"https:\/\/novezabeauty.com\/fr\/wp-json\/wp\/v2\/product_tag?post=503"}],"curies":[{"name":"wp","href":"https:\/\/api.w.org\/{rel}","templated":true}]}}