 {"id":710,"date":"2025-07-07T09:30:09","date_gmt":"2025-07-07T09:30:09","guid":{"rendered":"https:\/\/novezabeauty.com\/?post_type=product&#038;p=710"},"modified":"2025-11-23T08:56:41","modified_gmt":"2025-11-23T08:56:41","slug":"9-in-1-cavitation-slimming-machine-multifunctional-rf-laser-lipolysis-ems-face-body-contouring-device","status":"publish","type":"product","link":"https:\/\/novezabeauty.com\/fr\/9-in-1-cavitation-slimming-machine-multifunctional-rf-laser-lipolysis-ems-face-body-contouring-device\/","title":{"rendered":"Appareil d'amincissement par cavitation 9 en 1 - Appareil multifonctionnel \u00e0 radiofr\u00e9quence, laser, lipolyse, EMS, pour le visage et les contours du corps"},"content":{"rendered":"<p data-start=\"185\" data-end=\"293\">Appareil d'amincissement par cavitation 9 en 1 - Appareil multifonctionnel \u00e0 radiofr\u00e9quence, laser, lipolyse, EMS, pour le visage et les contours du corps<\/p>\n<p data-start=\"320\" data-end=\"806\">L'ultime appareil d'amincissement par cavitation 9 en 1 con\u00e7u pour le remodelage du corps, le raffermissement de la peau et la r\u00e9duction de la graisse. Dot\u00e9 de technologies avanc\u00e9es telles que la RF (radiofr\u00e9quence), la lipolyse laser, l'EMS et la th\u00e9rapie photo\u00e9lectrique couleur, cet appareil permet de traiter \u00e0 la fois le visage et le corps. S\u00fbr, non invasif et efficace, il permet de r\u00e9duire la cellulite, de r\u00e9tr\u00e9cir les pores et de rajeunir la peau. Il est id\u00e9al pour les instituts de beaut\u00e9 et les cliniques qui souhaitent offrir des services complets de soins du corps et du visage.<\/p>\n<hr data-start=\"808\" data-end=\"811\" \/>\n<h3 data-start=\"813\" data-end=\"841\"><strong data-start=\"817\" data-end=\"841\">Description du produit :<\/strong><\/h3>\n<p data-start=\"842\" data-end=\"1219\">Transformez votre corps et votre peau avec notre <strong data-start=\"880\" data-end=\"918\">Appareil d'amincissement par cavitation 9 en 1<\/strong>Cet appareil de pointe est con\u00e7u pour r\u00e9duire les graisses, raffermir la peau et rajeunir le visage en un seul traitement. Id\u00e9al pour les professionnels de la beaut\u00e9, cet appareil multifonctionnel combine les derni\u00e8res technologies non invasives pour offrir aux clients des r\u00e9sultats visibles en une fraction du temps.<\/p>\n<p data-start=\"1221\" data-end=\"1238\"><strong data-start=\"1221\" data-end=\"1238\">Caract\u00e9ristiques principales :<\/strong><\/p>\n<ul data-start=\"1239\" data-end=\"2081\">\n<li data-start=\"1239\" data-end=\"1363\">\n<p data-start=\"1241\" data-end=\"1363\"><strong data-start=\"1241\" data-end=\"1263\">Cavitation (40KHz)<\/strong>: Utilise des ondes sonores puissantes pour briser les cellules graisseuses, favorisant ainsi une r\u00e9duction efficace de la graisse et un remodelage des contours.<\/p>\n<\/li>\n<li data-start=\"1364\" data-end=\"1495\">\n<p data-start=\"1366\" data-end=\"1495\"><strong data-start=\"1366\" data-end=\"1390\">RF (Radio Fr\u00e9quence)<\/strong>: Am\u00e9liore l'\u00e9lasticit\u00e9 de la peau et favorise la production de collag\u00e8ne, parfait pour le raffermissement de la peau du visage et du corps.<\/p>\n<\/li>\n<li data-start=\"1496\" data-end=\"1624\">\n<p data-start=\"1498\" data-end=\"1624\"><strong data-start=\"1498\" data-end=\"1517\">Lipolyse au laser<\/strong>: Th\u00e9rapie laser de faible niveau pour stimuler les cellules graisseuses, d\u00e9composer les triglyc\u00e9rides et am\u00e9liorer le m\u00e9tabolisme des graisses.<\/p>\n<\/li>\n<li data-start=\"1625\" data-end=\"1744\">\n<p data-start=\"1627\" data-end=\"1744\"><strong data-start=\"1627\" data-end=\"1666\">EMS (stimulation musculaire \u00e9lectrique)<\/strong>: Stimule les muscles pour les raffermir et les tonifier, cr\u00e9ant ainsi une apparence lisse et tonique.<\/p>\n<\/li>\n<li data-start=\"1745\" data-end=\"1854\">\n<p data-start=\"1747\" data-end=\"1854\"><strong data-start=\"1747\" data-end=\"1771\">Pression n\u00e9gative RF<\/strong>: Permet une r\u00e9duction cibl\u00e9e des graisses et un drainage lymphatique pour une peau plus lisse et plus ferme.<\/p>\n<\/li>\n<li data-start=\"1855\" data-end=\"1977\">\n<p data-start=\"1857\" data-end=\"1977\"><strong data-start=\"1857\" data-end=\"1892\">Perforation photo\u00e9lectrique couleur<\/strong>: Favorise le rajeunissement de la peau, en aidant \u00e0 r\u00e9duire les ridules et \u00e0 restaurer la vitalit\u00e9 de la peau.<\/p>\n<\/li>\n<li data-start=\"1978\" data-end=\"2081\">\n<p data-start=\"1980\" data-end=\"2081\"><strong data-start=\"1980\" data-end=\"1997\">R\u00e9duit les pores<\/strong>: Am\u00e9liore la texture de la peau en resserrant les pores et en r\u00e9duisant l'apparence des rides.<\/p>\n<\/li>\n<\/ul>\n<p data-start=\"2083\" data-end=\"2096\"><strong data-start=\"2083\" data-end=\"2096\">Avantages :<\/strong><\/p>\n<ul data-start=\"2097\" data-end=\"2656\">\n<li data-start=\"2097\" data-end=\"2238\">\n<p data-start=\"2099\" data-end=\"2238\"><strong data-start=\"2099\" data-end=\"2122\">Traitement complet du corps<\/strong>: Du lifting du visage \u00e0 l'amincissement du corps, nous traitons une vari\u00e9t\u00e9 de zones, y compris les bras, les jambes, la taille, le ventre et les fesses.<\/p>\n<\/li>\n<li data-start=\"2239\" data-end=\"2356\">\n<p data-start=\"2241\" data-end=\"2356\"><strong data-start=\"2241\" data-end=\"2271\">Non chirurgical et sans douleur<\/strong>: Il s'agit d'une exp\u00e9rience non invasive et confortable qui ne n\u00e9cessite pas de p\u00e9riode de r\u00e9cup\u00e9ration.<\/p>\n<\/li>\n<li data-start=\"2357\" data-end=\"2493\">\n<p data-start=\"2359\" data-end=\"2493\"><strong data-start=\"2359\" data-end=\"2374\">Facile \u00e0 utiliser<\/strong>: Gr\u00e2ce \u00e0 une interface conviviale et \u00e0 des param\u00e8tres r\u00e9glables, il est facile de personnaliser chaque traitement en fonction des besoins du client.<\/p>\n<\/li>\n<li data-start=\"2494\" data-end=\"2656\">\n<p data-start=\"2496\" data-end=\"2656\"><strong data-start=\"2496\" data-end=\"2526\">Des r\u00e9sultats efficaces et rapides<\/strong>: Les clients obtiendront des r\u00e9sultats visibles apr\u00e8s seulement quelques s\u00e9ances, avec une r\u00e9duction de la graisse, une peau plus ferme et un physique plus sculpt\u00e9.<\/p>\n<\/li>\n<\/ul>\n<p data-start=\"2658\" data-end=\"2960\">Cet appareil 9 en 1 est la solution id\u00e9ale pour les instituts de beaut\u00e9 et les cliniques qui souhaitent proposer des soins complets et de pointe. Ses capacit\u00e9s multifonctionnelles vous permettent d'offrir \u00e0 vos clients un service tout-en-un qui combine amincissement, rajeunissement de la peau et tonification musculaire.<\/p>","protected":false},"excerpt":{"rendered":"<p>Un syst\u00e8me professionnel d'amincissement et de remodelage 9 en 1 combinant la cavitation, la RF, la lipolyse laser et l'EMS pour sculpter le corps et raffermir le visage en un seul appareil.<\/p>","protected":false},"featured_media":860,"template":"","meta":{"_kad_post_transparent":"default","_kad_post_title":"","_kad_post_layout":"default","_kad_post_sidebar_id":"","_kad_post_content_style":"default","_kad_post_vertical_padding":"default","_kad_post_feature":"","_kad_post_feature_position":"","_kad_post_header":false,"_kad_post_footer":false,"_kad_post_classname":""},"product_brand":[],"product_cat":[21],"product_tag":[98,134,138,135,146,140,137,144,143,141,136,142,145,139],"class_list":{"0":"post-710","1":"product","2":"type-product","3":"status-publish","4":"has-post-thumbnail","6":"product_cat-cavitation-lipo-laser","7":"product_tag-body-contouring","8":"product_tag-cavitation-slimming-machine","9":"product_tag-ems-muscle-toning","10":"product_tag-face-contouring","11":"product_tag-facial-firming-device","12":"product_tag-fat-reduction-machine","13":"product_tag-laser-lipolysis","14":"product_tag-multi-functional-beauty-machine","15":"product_tag-non-invasive-slimming-device","16":"product_tag-professional-beauty-equipment","17":"product_tag-rf-body-sculpting","18":"product_tag-skin-tightening-device","19":"product_tag-spa-equipment","20":"product_tag-ultrasonic-cavitation","22":"first","23":"instock","24":"shipping-taxable","25":"product-type-simple","26":"entry","27":"content-bg","28":"loop-entry"},"_links":{"self":[{"href":"https:\/\/novezabeauty.com\/fr\/wp-json\/wp\/v2\/product\/710","targetHints":{"allow":["GET"]}}],"collection":[{"href":"https:\/\/novezabeauty.com\/fr\/wp-json\/wp\/v2\/product"}],"about":[{"href":"https:\/\/novezabeauty.com\/fr\/wp-json\/wp\/v2\/types\/product"}],"version-history":[{"count":2,"href":"https:\/\/novezabeauty.com\/fr\/wp-json\/wp\/v2\/product\/710\/revisions"}],"predecessor-version":[{"id":1260,"href":"https:\/\/novezabeauty.com\/fr\/wp-json\/wp\/v2\/product\/710\/revisions\/1260"}],"wp:featuredmedia":[{"embeddable":true,"href":"https:\/\/novezabeauty.com\/fr\/wp-json\/wp\/v2\/media\/860"}],"wp:attachment":[{"href":"https:\/\/novezabeauty.com\/fr\/wp-json\/wp\/v2\/media?parent=710"}],"wp:term":[{"taxonomy":"product_brand","embeddable":true,"href":"https:\/\/novezabeauty.com\/fr\/wp-json\/wp\/v2\/product_brand?post=710"},{"taxonomy":"product_cat","embeddable":true,"href":"https:\/\/novezabeauty.com\/fr\/wp-json\/wp\/v2\/product_cat?post=710"},{"taxonomy":"product_tag","embeddable":true,"href":"https:\/\/novezabeauty.com\/fr\/wp-json\/wp\/v2\/product_tag?post=710"}],"curies":[{"name":"wp","href":"https:\/\/api.w.org\/{rel}","templated":true}]}}