 {"id":721,"date":"2025-07-07T10:51:32","date_gmt":"2025-07-07T10:51:32","guid":{"rendered":"https:\/\/novezabeauty.com\/?post_type=product&#038;p=721"},"modified":"2025-11-23T08:53:16","modified_gmt":"2025-11-23T08:53:16","slug":"2-in-1-skin-face-care-acne-removal-eyelid-tightening-cool-jet-plasma-machine","status":"publish","type":"product","link":"https:\/\/novezabeauty.com\/fr\/2-in-1-skin-face-care-acne-removal-eyelid-tightening-cool-jet-plasma-machine\/","title":{"rendered":"2 in 1 Skin Face Care Acne Removal Eyelid Tightening Cool Jet Plasma Machine"},"content":{"rendered":"<p><strong>Appareil de beaut\u00e9 \u00e0 plasma 2 en 1<\/strong><\/p>\n<p>L'appareil de beaut\u00e9 au plasma 2-en-1 Noveza int\u00e8gre le plasma flash et le plasma ozone dans une plateforme pr\u00eate \u00e0 l'emploi. Le plasma flash utilise des micro-arcs \u00e0 \u00e9tincelles \u00e0 courant continu pour un traitement ponctuel pr\u00e9cis afin de lifter et de raffermir les contours du visage et de traiter les taches et les rides, tandis que le plasma d'ozone fournit des soins antibact\u00e9riens\/anti-inflammatoires pour apaiser les irritations, r\u00e9guler le s\u00e9bum, nettoyer les pores en profondeur et am\u00e9liorer l'absorption des produits de soin de la peau. Le syst\u00e8me prend en charge les modes automatique et manuel et comprend 7 sondes interchangeables pour une utilisation professionnelle sur les peaux sensibles, acn\u00e9iques et r\u00e9actives.<\/p>\n<p>&nbsp;<\/p>\n<p>&nbsp;<\/p>\n<p><strong>Description<\/strong><\/p>\n<p>Deux technologies. Le Flash Plasma forme un lien conducteur entre l'embout et la peau \u00e0 ~4 mm, ionisant l'air en plasma et cr\u00e9ant des \u00e9tincelles DC tr\u00e8s localis\u00e9es (\u22480,1 mm\u00b2 d'empreinte) qui concentrent la chaleur l\u00e0 o\u00f9 c'est n\u00e9cessaire et minimisent l'impact sur les tissus environnants. R\u00e9f\u00e9rences typiques : lifting 1-3, mouchetures 3-5, rides 1-2 ; ne pas s'attarder sur un point pendant plus de 2 secondes.<\/p>\n<p>Soins \u00e0 l'ozone. Une tension \u00e0 haute fr\u00e9quence \u00e9lectrolyse l'oxyg\u00e8ne pour former de l'ozone, ce qui a pour effet de st\u00e9riliser et d'apaiser la peau. Les avantages comprennent une hydrophilie \u00e9pidermique am\u00e9lior\u00e9e pour une meilleure p\u00e9n\u00e9tration des ingr\u00e9dients, un soutien de l'\u00e9lasticit\u00e9\/anti-\u00e2ge, une r\u00e9duction des bact\u00e9ries provoquant l'acn\u00e9 et une inhibition de l'exc\u00e8s de s\u00e9bum.<\/p>\n<p>Modes et sondes. Choisissez le mode automatique (synchronisation \u00e9cran\/poign\u00e9e) ou le mode manuel (avec p\u00e9dale) en fonction du flux de travail. Les sondes n\u00b0 4 et n\u00b0 6 sont recommand\u00e9es pour les travaux de speckle sans contact ; toutes les sondes sont \u00e0 changement rapide pour plus d'efficacit\u00e9.<\/p>\n<p>&nbsp;<\/p>\n<p>&nbsp;<\/p>\n<p><strong>Applications \/ Fonctions<\/strong><\/p>\n<ul>\n<li>Lifting et raffermissement ; soin des taches et des rides<\/li>\n<li>St\u00e9rilisation, anti-inflammatoire, apaisant\/anti-d\u00e9mangeaison<\/li>\n<li>Contr\u00f4le du s\u00e9bum et nettoyage en profondeur ; \u00e9claircissement et affinement de la texture<\/li>\n<li>Am\u00e9liore l'absorption ; r\u00e9duit les pores<\/li>\n<\/ul>\n<p>&nbsp;<\/p>\n<p>&nbsp;<\/p>\n<p><strong>Caract\u00e9ristiques principales<\/strong><\/p>\n<ul>\n<li>Plate-forme bimode : Flash + plasma d'ozone dans un seul appareil pour les flux de travail de nettoyage et d'apaisement.<\/li>\n<li>Livraison de pr\u00e9cision : \u00c9tincelles DC avec une empreinte de ~0,1 mm\u00b2 pour des effets localis\u00e9s<\/li>\n<li>7 sondes \u00e0 changement rapide : couvrent diff\u00e9rentes zones du visage ; No.4\/No.6 pour les taches sans contact<\/li>\n<li>Deux modes de fonctionnement : Automatique\/Manuel (p\u00e9dale) pour l'efficacit\u00e9 de la clinique<\/li>\n<li>Entretien et hygi\u00e8ne : Le nettoyage de la sonde avant\/apr\u00e8s chaque utilisation permet de maintenir la production d'ozone et sa long\u00e9vit\u00e9.<\/li>\n<\/ul>\n<p>&nbsp;<\/p>\n<p><strong>Sp\u00e9cifications<\/strong><\/p>\n<ul>\n<li>Tension d'entr\u00e9e : AC 110-220 V (compatible avec le monde entier)<\/li>\n<li>Fr\u00e9quence de sortie : 15-150 Hz (r\u00e9f\u00e9rence plasma flash)<\/li>\n<li>Puissance de sortie : 10-60 W (plage typique)<\/li>\n<li>Dimensions de l'emballage : 41 \u00d7 38 \u00d7 51 cm (carton d'exportation)<\/li>\n<li>Poids total : Environ 11 kg (emballage compris)<\/li>\n<li>Mode de fonctionnement : Automatique\/Manuel (prise en charge de la commande au pied)<\/li>\n<li>Sondes : 7 (changement rapide)<\/li>\n<\/ul>\n<p>&nbsp;<\/p>\n<p>&nbsp;<\/p>\n<p>Emballage &amp; MOQ<br \/>\nCarton standard pour l'exportation avec protection contre les chocs ; OEM\/ODM pour le bo\u00eetier, la langue de l'interface utilisateur, la plaque signal\u00e9tique et l'emballage. MOQ : \u00e9chantillons et petites s\u00e9ries disponibles (contacter le service commercial).<\/p>\n<p>D\u00e9lais et assistance<br \/>\nTypiquement 7 \u00e0 30 jours en fonction de la configuration\/personnalisation. Nous proposons une formation \u00e0 l'installation, des diagnostics \u00e0 distance, des pi\u00e8ces de rechange et une garantie, ainsi qu'un service d'exp\u00e9dition et d'assistance douani\u00e8re \u00e0 l'\u00e9chelle mondiale.<\/p>\n<p>Qualit\u00e9 et certifications<br \/>\nFabriqu\u00e9s selon les syst\u00e8mes de qualit\u00e9 ISO 9001 \/ ISO 13485 avec des lignes d'assemblage internes, des PCB R&amp;D\/test et des laboratoires de fiabilit\u00e9.<\/p>\n<p>Notes de s\u00e9curit\u00e9<br \/>\nArr\u00eat sur un seul point \u22642 s ; une pigmentation plus importante ou plus profonde peut n\u00e9cessiter 2 \u00e0 3 s\u00e9ances ; \u00e9viter une forte exposition \u00e0 la lumi\u00e8re pendant la convalescence. Contre-indications : stimulateur cardiaque\/maladie cardiaque grave, dispositifs m\u00e9talliques implantables, grossesse\/allaitement.<\/p>","protected":false},"excerpt":{"rendered":"<p>Appareil de beaut\u00e9 \u00e0 plasma 2 en 1 \u00e0 double mode : Mode plasma flash pour un lifting et un raffermissement cibl\u00e9s des paupi\u00e8res ; mode plasma ozone\/refroidissement pour un traitement efficace de l'acn\u00e9, un apaisement de la peau et un contr\u00f4le du s\u00e9bum. Comprend 7 sondes, prend en charge les modes automatique\/manuel et offre une assistance OEM\/ODM compl\u00e8te. Demandez un devis ou une solution OEM\/ODM d\u00e8s maintenant.<\/p>","protected":false},"featured_media":822,"template":"","meta":{"_kad_post_transparent":"default","_kad_post_title":"","_kad_post_layout":"default","_kad_post_sidebar_id":"","_kad_post_content_style":"default","_kad_post_vertical_padding":"default","_kad_post_feature":"","_kad_post_feature_position":"","_kad_post_header":false,"_kad_post_footer":false,"_kad_post_classname":""},"product_brand":[],"product_cat":[15],"product_tag":[81,97,132,82,130,84,106,83,129,80,133,115,131,114],"class_list":{"0":"post-721","1":"product","2":"type-product","3":"status-publish","4":"has-post-thumbnail","6":"product_cat-plasma","7":"product_tag-2-in-1-plasma-beauty-machine","8":"product_tag-anti-aging-device","9":"product_tag-collagen-booster","10":"product_tag-dual-mode-plasma-device","11":"product_tag-facial-care-machine","12":"product_tag-flash-plasma","13":"product_tag-non-invasive-beauty-treatment","14":"product_tag-ozone-plasma-cool-jet-plasma","15":"product_tag-plasma-beauty-device","16":"product_tag-plasma-beauty-devices","17":"product_tag-plasma-therapy","18":"product_tag-skin-rejuvenation","19":"product_tag-skin-tightening","20":"product_tag-wrinkle-reduction","22":"first","23":"instock","24":"shipping-taxable","25":"product-type-simple","26":"entry","27":"content-bg","28":"loop-entry"},"_links":{"self":[{"href":"https:\/\/novezabeauty.com\/fr\/wp-json\/wp\/v2\/product\/721","targetHints":{"allow":["GET"]}}],"collection":[{"href":"https:\/\/novezabeauty.com\/fr\/wp-json\/wp\/v2\/product"}],"about":[{"href":"https:\/\/novezabeauty.com\/fr\/wp-json\/wp\/v2\/types\/product"}],"version-history":[{"count":2,"href":"https:\/\/novezabeauty.com\/fr\/wp-json\/wp\/v2\/product\/721\/revisions"}],"predecessor-version":[{"id":1259,"href":"https:\/\/novezabeauty.com\/fr\/wp-json\/wp\/v2\/product\/721\/revisions\/1259"}],"wp:featuredmedia":[{"embeddable":true,"href":"https:\/\/novezabeauty.com\/fr\/wp-json\/wp\/v2\/media\/822"}],"wp:attachment":[{"href":"https:\/\/novezabeauty.com\/fr\/wp-json\/wp\/v2\/media?parent=721"}],"wp:term":[{"taxonomy":"product_brand","embeddable":true,"href":"https:\/\/novezabeauty.com\/fr\/wp-json\/wp\/v2\/product_brand?post=721"},{"taxonomy":"product_cat","embeddable":true,"href":"https:\/\/novezabeauty.com\/fr\/wp-json\/wp\/v2\/product_cat?post=721"},{"taxonomy":"product_tag","embeddable":true,"href":"https:\/\/novezabeauty.com\/fr\/wp-json\/wp\/v2\/product_tag?post=721"}],"curies":[{"name":"wp","href":"https:\/\/api.w.org\/{rel}","templated":true}]}}