 {"id":728,"date":"2025-07-07T13:05:52","date_gmt":"2025-07-07T13:05:52","guid":{"rendered":"https:\/\/novezabeauty.com\/?post_type=product&#038;p=728"},"modified":"2025-11-23T08:30:50","modified_gmt":"2025-11-23T08:30:50","slug":"high-quality-22d-anti-aging-face-tightening-firming-body-fat-removal-machine-for-wrinkle-remove","status":"publish","type":"product","link":"https:\/\/novezabeauty.com\/fr\/high-quality-22d-anti-aging-face-tightening-firming-body-fat-removal-machine-for-wrinkle-remove\/","title":{"rendered":"22D Anti-aging Face Tightening Firming Body Fat Removal Machine for Wrinkle Remove"},"content":{"rendered":"<p>Le <strong data-start=\"147\" data-end=\"214\">22D Anti-aging Face Tightening Firming Body Fat Removal Machine<\/strong> est con\u00e7u pour une \u00e9limination efficace des rides, un resserrement de la peau et un remodelage du corps. Dot\u00e9 d'une technologie avanc\u00e9e, il utilise un contr\u00f4le de pr\u00e9cision pour une \u00e9limination cibl\u00e9e des graisses et un raffermissement. Son design \u00e9l\u00e9gant est dot\u00e9 d'un \u00e9cran num\u00e9rique intuitif qui permet de r\u00e9gler facilement la puissance et les param\u00e8tres pour des traitements personnalis\u00e9s. Cet appareil offre une fonctionnalit\u00e9 polyvalente avec des t\u00eates interchangeables pour diff\u00e9rentes zones, ce qui le rend id\u00e9al pour les applications faciales et corporelles. Obtenez une peau lisse et jeune gr\u00e2ce \u00e0 cet appareil de qualit\u00e9 professionnelle et de haute performance.<\/p>\n<p data-start=\"576\" data-end=\"597\"><strong data-start=\"576\" data-end=\"597\">Caract\u00e9ristiques du produit :<\/strong><\/p>\n<ol data-start=\"599\" data-end=\"2140\">\n<li data-start=\"599\" data-end=\"888\">\n<p data-start=\"602\" data-end=\"888\"><strong data-start=\"602\" data-end=\"641\">Technologie RF et traitement au plasma :<\/strong><br \/>\nCet appareil combine l'\u00e9nergie RF et la technologie du plasma, stimulant profond\u00e9ment la peau pour favoriser la production de collag\u00e8ne, resserrer la peau l\u00e2che et am\u00e9liorer la circulation sanguine. Il contribue \u00e9galement \u00e0 r\u00e9duire la graisse superficielle et \u00e0 am\u00e9liorer la texture et l'\u00e9lasticit\u00e9 de la peau.<\/p>\n<\/li>\n<li data-start=\"890\" data-end=\"1161\">\n<p data-start=\"893\" data-end=\"1161\"><strong data-start=\"893\" data-end=\"924\">Traitement multifonctionnel :<\/strong><br \/>\nConvient \u00e0 diff\u00e9rentes zones du visage et du corps, notamment le visage, le menton, l'abdomen, les cuisses et les fesses. Gr\u00e2ce aux param\u00e8tres r\u00e9glables, les utilisateurs peuvent s\u00e9lectionner le mode de traitement le plus appropri\u00e9 en fonction de leur type de peau et de leurs besoins individuels.<\/p>\n<\/li>\n<li data-start=\"1163\" data-end=\"1438\">\n<p data-start=\"1166\" data-end=\"1438\"><strong data-start=\"1166\" data-end=\"1192\">Affichage num\u00e9rique intelligent :<\/strong><br \/>\n\u00c9quip\u00e9 d'un \u00e9cran tactile intelligent haute d\u00e9finition de 13,3 pouces, l'utilisateur peut r\u00e9gler intuitivement l'intensit\u00e9 du traitement, la puissance, la fr\u00e9quence de l'\u00e9nergie et la dur\u00e9e du traitement. L'interface simple garantit la facilit\u00e9 d'utilisation, avec un retour d'information en temps r\u00e9el pour des r\u00e9sultats optimaux.<\/p>\n<\/li>\n<li data-start=\"1440\" data-end=\"1673\">\n<p data-start=\"1443\" data-end=\"1673\"><strong data-start=\"1443\" data-end=\"1472\">T\u00eates de traitement multiples :<\/strong><br \/>\nL'appareil comprend plusieurs t\u00eates de traitement interchangeables, chacune con\u00e7ue pour cibler des zones sp\u00e9cifiques. Ces t\u00eates sont con\u00e7ues pour des traitements efficaces et confortables, garantissant des r\u00e9sultats efficaces.<\/p>\n<\/li>\n<li data-start=\"1675\" data-end=\"1894\">\n<p data-start=\"1678\" data-end=\"1894\"><strong data-start=\"1678\" data-end=\"1704\">Non invasif et s\u00fbr :<\/strong><br \/>\nIl s'agit d'un traitement non invasif, qui ne n\u00e9cessite ni chirurgie ni injections. Il utilise l'\u00e9nergie douce de la radiofr\u00e9quence et du plasma pour aider \u00e0 resserrer et \u00e0 r\u00e9duire la graisse, tout en garantissant le confort et la s\u00e9curit\u00e9 tout au long du processus.<\/p>\n<\/li>\n<li data-start=\"1896\" data-end=\"2140\">\n<p data-start=\"1899\" data-end=\"2140\"><strong data-start=\"1899\" data-end=\"1944\">Efficacit\u00e9 \u00e9lev\u00e9e et effets durables :<\/strong><br \/>\nChaque traitement donne des r\u00e9sultats visibles en peu de temps, et l'utilisation continue am\u00e9liore l'\u00e9tanch\u00e9it\u00e9, la texture et l'\u00e9clat de la peau. Des traitements continus permettent de retrouver une apparence jeune et saine.<\/p>\n<\/li>\n<\/ol>\n<p data-start=\"2142\" data-end=\"2159\"><strong data-start=\"2142\" data-end=\"2159\">Applications :<\/strong><\/p>\n<ul data-start=\"2160\" data-end=\"2354\">\n<li data-start=\"2160\" data-end=\"2194\">\n<p data-start=\"2162\" data-end=\"2194\">Raffermissement et modelage du visage<\/p>\n<\/li>\n<li data-start=\"2195\" data-end=\"2227\">\n<p data-start=\"2197\" data-end=\"2227\">\u00c9limination des rides et anti-\u00e2ge<\/p>\n<\/li>\n<li data-start=\"2228\" data-end=\"2260\">\n<p data-start=\"2230\" data-end=\"2260\">R\u00e9duction de la graisse corporelle et modelage<\/p>\n<\/li>\n<li data-start=\"2261\" data-end=\"2311\">\n<p data-start=\"2263\" data-end=\"2311\">Raffermissement de la peau des cuisses, de l'abdomen et des fesses<\/p>\n<\/li>\n<li data-start=\"2312\" data-end=\"2354\">\n<p data-start=\"2314\" data-end=\"2354\">Am\u00e9lioration de l'\u00e9lasticit\u00e9 et de la douceur de la peau<\/p>\n<\/li>\n<\/ul>\n<p data-start=\"2356\" data-end=\"2555\"><strong data-start=\"2356\" data-end=\"2373\">Convient pour :<\/strong><br \/>\nCet appareil est parfait pour les salons de beaut\u00e9, les spas et l'utilisation \u00e0 domicile. Il offre des soins de qualit\u00e9 professionnelle pour le visage et le corps, adapt\u00e9s aux diff\u00e9rents types de peau et aux besoins de traitement.<\/p>\n<p data-start=\"2557\" data-end=\"2848\">Le <strong data-start=\"2577\" data-end=\"2640\">22D Machine anti-\u00e2ge pour le raffermissement du visage et l'\u00e9limination de la graisse corporelle<\/strong> offre une solution efficace pour obtenir une peau plus ferme et plus lisse et une apparence rajeunie. Gr\u00e2ce \u00e0 sa technologie innovante et \u00e0 sa conception multifonctionnelle, il est le choix id\u00e9al pour l'industrie de la beaut\u00e9 d'aujourd'hui.<\/p>","protected":false},"excerpt":{"rendered":"<p>Le <strong data-start=\"48\" data-end=\"115\" data-is-only-node=\"\">22D Anti-aging Face Tightening Firming Body Fat Removal Machine<\/strong> cible les rides, raffermit la peau et \u00e9limine la graisse corporelle. Dot\u00e9 d'un design \u00e9l\u00e9gant et de r\u00e9glages personnalisables, il utilise une technologie avanc\u00e9e pour des traitements efficaces du visage et du corps, laissant la peau plus lisse, plus ferme et rajeunie.<\/p>","protected":false},"featured_media":887,"template":"","meta":{"_kad_post_transparent":"default","_kad_post_title":"","_kad_post_layout":"default","_kad_post_sidebar_id":"","_kad_post_content_style":"default","_kad_post_vertical_padding":"default","_kad_post_feature":"","_kad_post_feature_position":"","_kad_post_header":false,"_kad_post_footer":false,"_kad_post_classname":""},"product_brand":[],"product_cat":[24],"product_tag":[94,102,97,110,98,95,108,105,101,106,107,100,109,99,103,104,96],"class_list":{"0":"post-728","1":"product","2":"type-product","3":"status-publish","4":"has-post-thumbnail","6":"product_cat-hifu","7":"product_tag-anti-aging","8":"product_tag-anti-aging-beauty-device","9":"product_tag-anti-aging-device","10":"product_tag-beauty-machine-for-face-and-body","11":"product_tag-body-contouring","12":"product_tag-body-fat-removal","13":"product_tag-collagen-boosting-machine","14":"product_tag-facial-rejuvenation","15":"product_tag-microcurrent-facial-machine","16":"product_tag-non-invasive-beauty-treatment","17":"product_tag-plasma-microcurrent-device","18":"product_tag-plasma-skin-therapy","19":"product_tag-skin-firming","20":"product_tag-skin-firming-machine","21":"product_tag-skin-tightening-machine","22":"product_tag-wrinkle-removal","23":"product_tag-wrinkle-treatment","25":"first","26":"instock","27":"shipping-taxable","28":"product-type-simple","29":"entry","30":"content-bg","31":"loop-entry"},"_links":{"self":[{"href":"https:\/\/novezabeauty.com\/fr\/wp-json\/wp\/v2\/product\/728","targetHints":{"allow":["GET"]}}],"collection":[{"href":"https:\/\/novezabeauty.com\/fr\/wp-json\/wp\/v2\/product"}],"about":[{"href":"https:\/\/novezabeauty.com\/fr\/wp-json\/wp\/v2\/types\/product"}],"version-history":[{"count":3,"href":"https:\/\/novezabeauty.com\/fr\/wp-json\/wp\/v2\/product\/728\/revisions"}],"predecessor-version":[{"id":1256,"href":"https:\/\/novezabeauty.com\/fr\/wp-json\/wp\/v2\/product\/728\/revisions\/1256"}],"wp:featuredmedia":[{"embeddable":true,"href":"https:\/\/novezabeauty.com\/fr\/wp-json\/wp\/v2\/media\/887"}],"wp:attachment":[{"href":"https:\/\/novezabeauty.com\/fr\/wp-json\/wp\/v2\/media?parent=728"}],"wp:term":[{"taxonomy":"product_brand","embeddable":true,"href":"https:\/\/novezabeauty.com\/fr\/wp-json\/wp\/v2\/product_brand?post=728"},{"taxonomy":"product_cat","embeddable":true,"href":"https:\/\/novezabeauty.com\/fr\/wp-json\/wp\/v2\/product_cat?post=728"},{"taxonomy":"product_tag","embeddable":true,"href":"https:\/\/novezabeauty.com\/fr\/wp-json\/wp\/v2\/product_tag?post=728"}],"curies":[{"name":"wp","href":"https:\/\/api.w.org\/{rel}","templated":true}]}}