 {"id":733,"date":"2025-07-07T13:20:48","date_gmt":"2025-07-07T13:20:48","guid":{"rendered":"https:\/\/novezabeauty.com\/?post_type=product&#038;p=733"},"modified":"2025-11-23T08:47:23","modified_gmt":"2025-11-23T08:47:23","slug":"hydrodermabrasion-hydro-aqua-facial-machine-for-clean-skin-rejuvenation-spa-equipment","status":"publish","type":"product","link":"https:\/\/novezabeauty.com\/fr\/hydrodermabrasion-hydro-aqua-facial-machine-for-clean-skin-rejuvenation-spa-equipment\/","title":{"rendered":"Hydrodermabrasion &amp; Hydro Aqua Facial Machine pour le rajeunissement de la peau Equipement de spa"},"content":{"rendered":"<p data-start=\"221\" data-end=\"772\">Le <strong data-start=\"244\" data-end=\"293\">Appareil multifonctionnel de soins de la peau HydraFacial<\/strong> est un syst\u00e8me de soins de la peau avanc\u00e9 et non invasif, con\u00e7u pour offrir des traitements faciaux de qualit\u00e9 professionnelle \u00e0 domicile ou dans un spa. Combinant les avantages de l'hydradermabrasion, de l'oxyg\u00e9noth\u00e9rapie, des ultrasons, du microcourant et de la luminoth\u00e9rapie LED, cet appareil de beaut\u00e9 polyvalent permet de nettoyer, d'exfolier, d'hydrater et de rajeunir la peau. C'est la solution id\u00e9ale pour traiter toute une s\u00e9rie de probl\u00e8mes de peau, notamment les rides et ridules, l'acn\u00e9, les points noirs, le teint in\u00e9gal et les pores dilat\u00e9s.<\/p>\n<h4 data-start=\"774\" data-end=\"796\"><strong data-start=\"779\" data-end=\"795\">Caract\u00e9ristiques principales<\/strong>:<\/h4>\n<ul data-start=\"797\" data-end=\"2787\">\n<li data-start=\"797\" data-end=\"1028\">\n<p data-start=\"799\" data-end=\"1028\"><strong data-start=\"799\" data-end=\"831\">Technologie d'hydradermabrasion<\/strong>: Ce produit utilise un processus d'exfoliation doux \u00e0 base d'eau pour \u00e9liminer les cellules mortes et les impuret\u00e9s tout en hydratant la peau. Il nettoie en profondeur sans abrasifs agressifs, ce qui le rend adapt\u00e9 aux peaux sensibles.<\/p>\n<\/li>\n<li data-start=\"1032\" data-end=\"1264\">\n<p data-start=\"1034\" data-end=\"1264\"><strong data-start=\"1034\" data-end=\"1058\">Dermabrasion au diamant<\/strong>: Cette fonction utilise des pointes de diamant pour \u00e9liminer les cellules mortes, les points noirs et les impuret\u00e9s, laissant votre peau lisse et rajeunie. Il stimule \u00e9galement la production de collag\u00e8ne pour am\u00e9liorer l'\u00e9lasticit\u00e9 de la peau au fil du temps.<\/p>\n<\/li>\n<li data-start=\"1268\" data-end=\"1447\">\n<p data-start=\"1270\" data-end=\"1447\"><strong data-start=\"1270\" data-end=\"1288\">Aspiration par le vide<\/strong>: Aide \u00e0 \u00e9liminer les points noirs, l'exc\u00e8s de s\u00e9bum et les impuret\u00e9s des pores tout en favorisant une meilleure circulation sanguine, ce qui am\u00e9liore la sant\u00e9 et le teint de la peau en g\u00e9n\u00e9ral.<\/p>\n<\/li>\n<li data-start=\"1449\" data-end=\"1669\">\n<p data-start=\"1451\" data-end=\"1669\"><strong data-start=\"1451\" data-end=\"1467\">Vaporisateur d'oxyg\u00e8ne<\/strong>: Infuse de l'oxyg\u00e8ne et des s\u00e9rums nourrissants en profondeur dans les couches de la peau pour am\u00e9liorer l'\u00e9lasticit\u00e9 de la peau, r\u00e9duire les rides et am\u00e9liorer l'hydratation. Cette \u00e9tape aide la peau \u00e0 se r\u00e9tablir et \u00e0 retrouver une apparence plus jeune.<\/p>\n<\/li>\n<li data-start=\"1671\" data-end=\"1858\">\n<p data-start=\"1673\" data-end=\"1858\"><strong data-start=\"1673\" data-end=\"1687\">\u00c9chographie<\/strong>: Les ondes sonores \u00e0 haute fr\u00e9quence favorisent l'absorption des s\u00e9rums et des nutriments, stimulent le m\u00e9tabolisme de la peau et contribuent \u00e0 r\u00e9duire les rides, les ridules et le rel\u00e2chement cutan\u00e9.<\/p>\n<\/li>\n<li data-start=\"1860\" data-end=\"2091\">\n<p data-start=\"1862\" data-end=\"2091\"><strong data-start=\"1862\" data-end=\"1886\">Th\u00e9rapie par microcourant<\/strong>: Stimule les muscles du visage par de faibles courants \u00e9lectriques, favorisant la tonification des muscles et le resserrement de la peau. Cette fonction r\u00e9duit l'apparence du rel\u00e2chement et favorise une texture de peau plus ferme et plus lisse.<\/p>\n<\/li>\n<li data-start=\"2093\" data-end=\"2433\">\n<p data-start=\"2095\" data-end=\"2207\"><strong data-start=\"2095\" data-end=\"2116\">Luminoth\u00e9rapie par LED<\/strong>: Offre trois modes de lumi\u00e8re diff\u00e9rents (rouge, bleu et vert) pour traiter les diff\u00e9rents probl\u00e8mes de peau :<\/p>\n<ul data-start=\"2210\" data-end=\"2433\">\n<li data-start=\"2210\" data-end=\"2290\">\n<p data-start=\"2212\" data-end=\"2290\"><strong data-start=\"2212\" data-end=\"2225\">Lumi\u00e8re rouge<\/strong>: R\u00e9duit les rides et ridules et favorise la production de collag\u00e8ne.<\/p>\n<\/li>\n<li data-start=\"2293\" data-end=\"2366\">\n<p data-start=\"2295\" data-end=\"2366\"><strong data-start=\"2295\" data-end=\"2309\">Lumi\u00e8re bleue<\/strong>: Cible les bact\u00e9ries responsables de l'acn\u00e9 et r\u00e9duit l'inflammation.<\/p>\n<\/li>\n<li data-start=\"2369\" data-end=\"2433\">\n<p data-start=\"2371\" data-end=\"2433\"><strong data-start=\"2371\" data-end=\"2386\">Feu vert<\/strong>: Unifie le teint de la peau et r\u00e9duit la pigmentation.<\/p>\n<\/li>\n<\/ul>\n<\/li>\n<li data-start=\"2435\" data-end=\"2622\">\n<p data-start=\"2437\" data-end=\"2622\"><strong data-start=\"2437\" data-end=\"2463\">Interface \u00e0 \u00e9cran tactile<\/strong>: L'interface tactile personnalisable et facile \u00e0 utiliser vous permet d'ajuster les param\u00e8tres de chaque fonction, garantissant ainsi un traitement adapt\u00e9 \u00e0 vos besoins individuels.<\/p>\n<\/li>\n<li data-start=\"2624\" data-end=\"2787\">\n<p data-start=\"2626\" data-end=\"2787\"><strong data-start=\"2626\" data-end=\"2656\">Design compact et \u00e9l\u00e9gant<\/strong>: Le design \u00e9l\u00e9gant de l'appareil lui permet de s'int\u00e9grer parfaitement dans tout espace de soins de beaut\u00e9, qu'il s'agisse d'un salon, d'un spa ou d'une utilisation \u00e0 domicile.<\/p>\n<\/li>\n<\/ul>\n<h4 data-start=\"2789\" data-end=\"2807\"><strong data-start=\"2794\" data-end=\"2806\">Avantages<\/strong>:<\/h4>\n<ul data-start=\"2808\" data-end=\"3433\">\n<li data-start=\"2808\" data-end=\"2950\">\n<p data-start=\"2810\" data-end=\"2950\"><strong data-start=\"2810\" data-end=\"2839\">Soins du visage complets<\/strong>: L'appareil offre un traitement complet du visage qui nettoie, exfolie, hydrate et rajeunit la peau.<\/p>\n<\/li>\n<li data-start=\"2951\" data-end=\"3064\">\n<p data-start=\"2953\" data-end=\"3064\"><strong data-start=\"2953\" data-end=\"2979\">Traitement non invasif<\/strong>: Il s'agit d'une approche indolore et non chirurgicale du rajeunissement du visage et des soins de la peau.<\/p>\n<\/li>\n<li data-start=\"3065\" data-end=\"3162\">\n<p data-start=\"3067\" data-end=\"3162\"><strong data-start=\"3067\" data-end=\"3086\">Des r\u00e9sultats visibles<\/strong>: R\u00e9duit les ridules, l'acn\u00e9, les points noirs et favorise l'\u00e9clat et la jeunesse de la peau.<\/p>\n<\/li>\n<li data-start=\"3163\" data-end=\"3319\">\n<p data-start=\"3165\" data-end=\"3319\"><strong data-start=\"3165\" data-end=\"3196\">Convient \u00e0 tous les types de peau<\/strong>: Que vous ayez la peau grasse, s\u00e8che, mixte ou sensible, cet appareil offre des soins doux et efficaces pour tous.<\/p>\n<\/li>\n<li data-start=\"3320\" data-end=\"3433\">\n<p data-start=\"3322\" data-end=\"3433\"><strong data-start=\"3322\" data-end=\"3356\">Am\u00e9liore la texture et le teint de la peau<\/strong>: La combinaison des traitements permet d'obtenir une peau lisse, claire et uniforme.<\/p>\n<\/li>\n<\/ul>\n<h4 data-start=\"3435\" data-end=\"3457\"><strong data-start=\"3440\" data-end=\"3456\">Applications<\/strong>:<\/h4>\n<ul data-start=\"3458\" data-end=\"4063\">\n<li data-start=\"3458\" data-end=\"3603\">\n<p data-start=\"3460\" data-end=\"3603\"><strong data-start=\"3460\" data-end=\"3483\">Rajeunissement du visage<\/strong>: Stimule la production de collag\u00e8ne et d'\u00e9lastine, contribuant \u00e0 r\u00e9duire les signes de vieillissement et \u00e0 rendre la peau plus ferme et plus lisse.<\/p>\n<\/li>\n<li data-start=\"3604\" data-end=\"3737\">\n<p data-start=\"3606\" data-end=\"3737\"><strong data-start=\"3606\" data-end=\"3636\">Traitement de l'acn\u00e9 et des points noirs<\/strong>: L'aspiration par le vide, le microcourant et le spray d'oxyg\u00e8ne aident \u00e0 d\u00e9gager les pores et \u00e0 r\u00e9duire l'acn\u00e9 et les points noirs.<\/p>\n<\/li>\n<li data-start=\"3738\" data-end=\"3840\">\n<p data-start=\"3740\" data-end=\"3840\"><strong data-start=\"3740\" data-end=\"3754\">Anti-\u00e2ge<\/strong>: Avec une utilisation r\u00e9guli\u00e8re, l'appareil r\u00e9duit visiblement les rides, les ridules et le rel\u00e2chement de la peau.<\/p>\n<\/li>\n<li data-start=\"3841\" data-end=\"3934\">\n<p data-start=\"3843\" data-end=\"3934\"><strong data-start=\"3843\" data-end=\"3861\">Hydratation de la peau<\/strong>: La peau est r\u00e9g\u00e9n\u00e9r\u00e9e et hydrat\u00e9e, ce qui la rend douce, lisse et \u00e9clatante.<\/p>\n<\/li>\n<li data-start=\"3935\" data-end=\"4063\">\n<p data-start=\"3937\" data-end=\"4063\"><strong data-start=\"3937\" data-end=\"3960\">Soins pour peaux sensibles<\/strong>: La technologie d'hydradermabrasion douce et non abrasive est sans danger pour les types de peau les plus sensibles.<\/p>\n<\/li>\n<\/ul>","protected":false},"excerpt":{"rendered":"<p>Le <strong>Appareil de soins de la peau HydraFacial<\/strong> offre des traitements faciaux de qualit\u00e9 professionnelle \u00e0 domicile. Gr\u00e2ce \u00e0 l'hydradermabrasion, \u00e0 la th\u00e9rapie par microcourant, aux ultrasons et \u00e0 la lumi\u00e8re LED, il nettoie, exfolie, hydrate et rajeunit la peau, r\u00e9duisant les rides et l'acn\u00e9 et favorisant un teint jeune et \u00e9clatant.<\/p>","protected":false},"featured_media":880,"template":"","meta":{"_kad_post_transparent":"default","_kad_post_title":"","_kad_post_layout":"default","_kad_post_sidebar_id":"","_kad_post_content_style":"default","_kad_post_vertical_padding":"default","_kad_post_feature":"","_kad_post_feature_position":"","_kad_post_header":false,"_kad_post_footer":false,"_kad_post_classname":""},"product_brand":[],"product_cat":[20],"product_tag":[124,123,125,111,120,127,121,128,122,126],"class_list":{"0":"post-733","1":"product","2":"type-product","3":"status-publish","4":"has-post-thumbnail","6":"product_cat-hydra-facial","7":"product_tag-acne-treatment-machine","8":"product_tag-anti-aging-skincare","9":"product_tag-facial-hydration-device","10":"product_tag-home-beauty-device","11":"product_tag-hydrafacial","12":"product_tag-led-light-therapy","13":"product_tag-microcurrent-skin-therapy","14":"product_tag-pore-cleansing-device","15":"product_tag-skin-rejuvenation-machine","16":"product_tag-spa-treatment-equipment","18":"first","19":"instock","20":"shipping-taxable","21":"product-type-simple","22":"entry","23":"content-bg","24":"loop-entry"},"_links":{"self":[{"href":"https:\/\/novezabeauty.com\/fr\/wp-json\/wp\/v2\/product\/733","targetHints":{"allow":["GET"]}}],"collection":[{"href":"https:\/\/novezabeauty.com\/fr\/wp-json\/wp\/v2\/product"}],"about":[{"href":"https:\/\/novezabeauty.com\/fr\/wp-json\/wp\/v2\/types\/product"}],"version-history":[{"count":2,"href":"https:\/\/novezabeauty.com\/fr\/wp-json\/wp\/v2\/product\/733\/revisions"}],"predecessor-version":[{"id":1258,"href":"https:\/\/novezabeauty.com\/fr\/wp-json\/wp\/v2\/product\/733\/revisions\/1258"}],"wp:featuredmedia":[{"embeddable":true,"href":"https:\/\/novezabeauty.com\/fr\/wp-json\/wp\/v2\/media\/880"}],"wp:attachment":[{"href":"https:\/\/novezabeauty.com\/fr\/wp-json\/wp\/v2\/media?parent=733"}],"wp:term":[{"taxonomy":"product_brand","embeddable":true,"href":"https:\/\/novezabeauty.com\/fr\/wp-json\/wp\/v2\/product_brand?post=733"},{"taxonomy":"product_cat","embeddable":true,"href":"https:\/\/novezabeauty.com\/fr\/wp-json\/wp\/v2\/product_cat?post=733"},{"taxonomy":"product_tag","embeddable":true,"href":"https:\/\/novezabeauty.com\/fr\/wp-json\/wp\/v2\/product_tag?post=733"}],"curies":[{"name":"wp","href":"https:\/\/api.w.org\/{rel}","templated":true}]}}