 {"id":739,"date":"2025-07-08T03:47:34","date_gmt":"2025-07-08T03:47:34","guid":{"rendered":"https:\/\/novezabeauty.com\/?post_type=product&#038;p=739"},"modified":"2025-11-23T08:40:00","modified_gmt":"2025-11-23T08:40:00","slug":"gold-radio-frequency-microcrystalline-skin-rejuvenation-device","status":"publish","type":"product","link":"https:\/\/novezabeauty.com\/fr\/gold-radio-frequency-microcrystalline-skin-rejuvenation-device\/","title":{"rendered":"Dispositif de rajeunissement de la peau par radiofr\u00e9quence en or et en microcristaux"},"content":{"rendered":"<p data-start=\"114\" data-end=\"251\"><strong data-start=\"114\" data-end=\"251\">Appareil de rajeunissement de la peau par radiofr\u00e9quence en or - \u00e9limination des rides, resserrement de la peau, traitement des cicatrices d'acn\u00e9 et des vergetures<\/strong><\/p>\n<p data-start=\"274\" data-end=\"613\"><strong data-start=\"274\" data-end=\"613\">Obtenez une peau plus lisse et plus ferme gr\u00e2ce \u00e0 l'appareil de rajeunissement cutan\u00e9 Gold Radio Frequency Microcrystalline. Associant la technologie microcristalline \u00e0 l'\u00e9nergie RF, cet appareil cible efficacement les rides, les cicatrices d'acn\u00e9, les vergetures et les irr\u00e9gularit\u00e9s du teint. Il est parfait pour le rajeunissement du visage, le resserrement de la peau et l'am\u00e9lioration g\u00e9n\u00e9rale de la texture de la peau.<\/strong><\/p>\n<p data-start=\"640\" data-end=\"1033\">Notre appareil de rajeunissement cutan\u00e9 Gold Radio Frequency Microcrystalline est une solution de beaut\u00e9 innovante qui associe une technologie microcristalline avanc\u00e9e \u00e0 l'\u00e9nergie de la radiofr\u00e9quence (RF). Con\u00e7u pour stimuler la peau en profondeur, il favorise la production de collag\u00e8ne et am\u00e9liore la fermet\u00e9 de la peau tout en r\u00e9pondant efficacement \u00e0 divers probl\u00e8mes cutan\u00e9s. Voici les principales caract\u00e9ristiques et avantages de cet appareil :<\/p>\n<h4 data-start=\"1035\" data-end=\"1071\">1. <strong data-start=\"1043\" data-end=\"1071\">R\u00e9paration pr\u00e9cise de la peau en profondeur<\/strong><\/h4>\n<p data-start=\"1072\" data-end=\"1353\">Les pointes microcristallines p\u00e9n\u00e8trent la barri\u00e8re cutan\u00e9e et stimulent la production de collag\u00e8ne et d'\u00e9lastine dans les couches profondes de la peau. L'appareil permet de r\u00e9gler la profondeur de p\u00e9n\u00e9tration et l'intensit\u00e9 de l'\u00e9nergie RF, ce qui garantit des traitements pr\u00e9cis r\u00e9pondant \u00e0 vos besoins individuels.<\/p>\n<h4 data-start=\"1355\" data-end=\"1403\">2. <strong data-start=\"1363\" data-end=\"1403\">Efficace pour de multiples probl\u00e8mes de peau<\/strong><\/h4>\n<p data-start=\"1404\" data-end=\"1690\">Que vous ayez des rides, des pattes d'oie, un rel\u00e2chement cutan\u00e9, des cicatrices d'acn\u00e9, des vergetures ou des pores dilat\u00e9s, cet appareil peut vous aider. En combinant les avantages de l'\u00e9nergie RF et de la technologie microcristalline, il raffermit la peau, r\u00e9duit l'apparence des rides et am\u00e9liore la texture de la peau.<\/p>\n<h4 data-start=\"1692\" data-end=\"1725\">3. <strong data-start=\"1700\" data-end=\"1725\">S\u00fbr et non invasif<\/strong><\/h4>\n<p data-start=\"1726\" data-end=\"2082\">Contrairement aux traitements traditionnels, le dispositif Gold RF Microcrystalline utilise une t\u00eate de microcristal isol\u00e9e sp\u00e9cialement con\u00e7ue pour \u00e9viter d'endommager l'\u00e9piderme. L'\u00e9nergie RF est d\u00e9livr\u00e9e \u00e0 la bonne profondeur de traitement sans causer de dommages thermiques \u00e0 la surface de la peau. Il n'y a donc pas de cro\u00fbte ni de d\u00e9coloration apr\u00e8s le traitement, et le temps de r\u00e9cup\u00e9ration est minime.<\/p>\n<h4 data-start=\"2084\" data-end=\"2116\">4. <strong data-start=\"2092\" data-end=\"2116\">Des r\u00e9sultats durables<\/strong><\/h4>\n<p data-start=\"2117\" data-end=\"2353\">Des r\u00e9sultats visibles peuvent \u00eatre observ\u00e9s apr\u00e8s une seule s\u00e9ance et, avec une utilisation continue, les avantages durent entre 3 et 6 ans. La texture de la peau s'am\u00e9liore avec le temps, les rides profondes et le rel\u00e2chement s'att\u00e9nuant de mani\u00e8re significative apr\u00e8s plusieurs traitements.<\/p>\n<h4 data-start=\"2355\" data-end=\"2393\">5. <strong data-start=\"2363\" data-end=\"2393\">Personnalisable et polyvalent<\/strong><\/h4>\n<p data-start=\"2394\" data-end=\"2735\">Cet appareil offre une vari\u00e9t\u00e9 de modes adapt\u00e9s aux diff\u00e9rentes zones de traitement, notamment le visage, le cou et l'abdomen. Qu'il s'agisse d'un traitement anti-\u00e2ge, de cicatrices d'acn\u00e9 ou de vergetures, vous pouvez personnaliser la profondeur du traitement et l'intensit\u00e9 de la radiofr\u00e9quence en fonction de vos besoins sp\u00e9cifiques. L'interface intuitive facilite l'utilisation de l'appareil, m\u00eame \u00e0 domicile.<\/p>\n<h4 data-start=\"2737\" data-end=\"2771\">6. <strong data-start=\"2745\" data-end=\"2771\">Sp\u00e9cifications de l'appareil :<\/strong><\/h4>\n<ul data-start=\"2772\" data-end=\"3128\">\n<li data-start=\"2772\" data-end=\"2803\">\n<p data-start=\"2774\" data-end=\"2803\"><strong data-start=\"2774\" data-end=\"2794\">Fr\u00e9quence de sortie<\/strong>: 2-4 MHz<\/p>\n<\/li>\n<li data-start=\"2804\" data-end=\"2831\">\n<p data-start=\"2806\" data-end=\"2831\"><strong data-start=\"2806\" data-end=\"2822\">Puissance de sortie<\/strong>: 10-200W<\/p>\n<\/li>\n<li data-start=\"2832\" data-end=\"2913\">\n<p data-start=\"2834\" data-end=\"2913\"><strong data-start=\"2834\" data-end=\"2861\">Types de sondes th\u00e9rapeutiques<\/strong>: 10 broches, 25 broches, 64 broches, Nano broches (interchangeables)<\/p>\n<\/li>\n<li data-start=\"2914\" data-end=\"2957\">\n<p data-start=\"2916\" data-end=\"2957\"><strong data-start=\"2916\" data-end=\"2933\">Tension d'entr\u00e9e<\/strong>: AC 110V~220V~50Hz\/60Hz<\/p>\n<\/li>\n<li data-start=\"2958\" data-end=\"3019\">\n<p data-start=\"2960\" data-end=\"3019\"><strong data-start=\"2960\" data-end=\"2988\">Zones de traitement appropri\u00e9es<\/strong>: Visage, cou, abdomen et autres<\/p>\n<\/li>\n<li data-start=\"3020\" data-end=\"3128\">\n<p data-start=\"3022\" data-end=\"3128\"><strong data-start=\"3022\" data-end=\"3040\">Applicable pour<\/strong>: Utilisateurs souffrant de rel\u00e2chement cutan\u00e9, de rides, de cicatrices d'acn\u00e9, de vergetures et d'autres probl\u00e8mes de peau.<\/p>\n<\/li>\n<\/ul>\n<h4 data-start=\"3130\" data-end=\"3165\">7. <strong data-start=\"3138\" data-end=\"3165\">Probl\u00e8mes de peau applicables :<\/strong><\/h4>\n<ul data-start=\"3166\" data-end=\"3639\">\n<li data-start=\"3166\" data-end=\"3285\">\n<p data-start=\"3168\" data-end=\"3285\"><strong data-start=\"3168\" data-end=\"3196\">Rides et pattes d'oie<\/strong>: R\u00e9duit efficacement les rides du visage et du cou et redonne \u00e0 la peau une texture lisse et ferme.<\/p>\n<\/li>\n<li data-start=\"3286\" data-end=\"3395\">\n<p data-start=\"3288\" data-end=\"3395\"><strong data-start=\"3288\" data-end=\"3305\">Vergetures<\/strong>: R\u00e9duit l'apparence des vergetures, en particulier sur l'abdomen, avec une utilisation r\u00e9guli\u00e8re.<\/p>\n<\/li>\n<li data-start=\"3396\" data-end=\"3517\">\n<p data-start=\"3398\" data-end=\"3517\"><strong data-start=\"3398\" data-end=\"3425\">Cicatrices d'acn\u00e9 et cicatrices<\/strong>: Am\u00e9liore l'apparence des cicatrices d'acn\u00e9 et d'autres types de cicatrices, en favorisant la cicatrisation de la peau.<\/p>\n<\/li>\n<li data-start=\"3518\" data-end=\"3639\">\n<p data-start=\"3520\" data-end=\"3639\"><strong data-start=\"3520\" data-end=\"3552\">Pores dilat\u00e9s et peau terne<\/strong>: R\u00e9duit les pores, unifie le teint et am\u00e9liore l'\u00e9clat et la clart\u00e9 de la peau.<\/p>\n<\/li>\n<\/ul>\n<h4 data-start=\"3641\" data-end=\"3681\">8. <strong data-start=\"3649\" data-end=\"3681\">Principe de fonctionnement et effets :<\/strong><\/h4>\n<ul data-start=\"3682\" data-end=\"4186\">\n<li data-start=\"3682\" data-end=\"3851\">\n<p data-start=\"3684\" data-end=\"3851\"><strong data-start=\"3684\" data-end=\"3725\">Exfoliation physique microcristalline<\/strong>: Les pointes microcristallines traversent la barri\u00e8re cutan\u00e9e, nettoient les pores et permettent \u00e0 la peau de mieux absorber les traitements.<\/p>\n<\/li>\n<li data-start=\"3852\" data-end=\"4046\">\n<p data-start=\"3854\" data-end=\"4046\"><strong data-start=\"3854\" data-end=\"3872\">RF \u00e0 haute \u00e9nergie<\/strong>: L'\u00e9nergie RF p\u00e9n\u00e8tre profond\u00e9ment dans le derme, stimulant la production de collag\u00e8ne, d'\u00e9lastine et d'acide hyaluronique, ce qui permet d'obtenir une peau plus pleine, hydrat\u00e9e et sans rides.<\/p>\n<\/li>\n<li data-start=\"4047\" data-end=\"4186\">\n<p data-start=\"4049\" data-end=\"4186\"><strong data-start=\"4049\" data-end=\"4073\">Administration transdermique<\/strong>: Les canaux microcristallins favorisent l'absorption des traitements personnalis\u00e9s, am\u00e9liorant ainsi les r\u00e9sultats globaux.<\/p>\n<\/li>\n<\/ul>\n<h4 data-start=\"4188\" data-end=\"4220\">9. <strong data-start=\"4196\" data-end=\"4220\">Soins post-traitement :<\/strong><\/h4>\n<ul data-start=\"4221\" data-end=\"4663\">\n<li data-start=\"4221\" data-end=\"4381\">\n<p data-start=\"4223\" data-end=\"4381\"><strong data-start=\"4223\" data-end=\"4244\">Contre-indications<\/strong>: D\u00e9conseill\u00e9 aux utilisateurs souffrant d'infections cutan\u00e9es, de maladies de la peau (\u00e0 l'exception de l'acn\u00e9), de troubles de la coagulation, de grossesse, de stimulateurs cardiaques ou de cancer de la peau.<\/p>\n<\/li>\n<li data-start=\"4382\" data-end=\"4663\">\n<p data-start=\"4384\" data-end=\"4663\"><strong data-start=\"4384\" data-end=\"4397\">Postcure<\/strong>: \u00c9viter tout contact avec l'eau pendant les 24 heures suivant le traitement. Appliquez des produits r\u00e9parateurs pour favoriser la gu\u00e9rison de la peau, \u00e9vitez l'exposition au soleil et abstenez-vous de toute activit\u00e9 intense pendant une courte p\u00e9riode. La consommation d'alcool doit \u00eatre \u00e9vit\u00e9e car elle peut interf\u00e9rer avec le processus de gu\u00e9rison.<\/p>\n<\/li>\n<\/ul>\n<p data-start=\"4665\" data-end=\"5013\">Le dispositif de rajeunissement cutan\u00e9 Gold Radio Frequency Microcrystalline offre une solution innovante et s\u00fbre pour le rajeunissement cutan\u00e9 non invasif. Que vous cherchiez \u00e0 lutter contre les signes de l'\u00e2ge, \u00e0 r\u00e9duire les cicatrices ou simplement \u00e0 am\u00e9liorer la texture de la peau, cet appareil offre des r\u00e9sultats durables et perceptibles. Id\u00e9al pour une utilisation \u00e0 domicile ou dans les cliniques de beaut\u00e9 professionnelles.<\/p>","protected":false},"excerpt":{"rendered":"<p>Obtenez une peau plus ferme et plus jeune avec le <strong data-start=\"1071\" data-end=\"1120\">Equipement de beaut\u00e9 \u00e0 domicile Machine de bureau SPA<\/strong>. Id\u00e9al pour le raffermissement du visage, la r\u00e9duction des rides et le rajeunissement de la peau, cet appareil offre des r\u00e9sultats professionnels \u00e0 domicile.<\/p>\n<p>&nbsp;<\/p>","protected":false},"featured_media":875,"template":"","meta":{"_kad_post_transparent":"default","_kad_post_title":"","_kad_post_layout":"default","_kad_post_sidebar_id":"","_kad_post_content_style":"default","_kad_post_vertical_padding":"default","_kad_post_feature":"","_kad_post_feature_position":"","_kad_post_header":false,"_kad_post_footer":false,"_kad_post_classname":""},"product_brand":[],"product_cat":[23],"product_tag":[113,118,112,119,111,117,116,115,103,114],"class_list":{"0":"post-739","1":"product","2":"type-product","3":"status-publish","4":"has-post-thumbnail","6":"product_cat-micro-needle","7":"product_tag-anti-aging-equipment","8":"product_tag-beauty-machine-for-face","9":"product_tag-facial-firming-machine","10":"product_tag-facial-treatment-device","11":"product_tag-home-beauty-device","12":"product_tag-home-spa-equipment","13":"product_tag-microcurrent-therapy","14":"product_tag-skin-rejuvenation","15":"product_tag-skin-tightening-machine","16":"product_tag-wrinkle-reduction","18":"first","19":"instock","20":"shipping-taxable","21":"product-type-simple","22":"entry","23":"content-bg","24":"loop-entry"},"_links":{"self":[{"href":"https:\/\/novezabeauty.com\/fr\/wp-json\/wp\/v2\/product\/739","targetHints":{"allow":["GET"]}}],"collection":[{"href":"https:\/\/novezabeauty.com\/fr\/wp-json\/wp\/v2\/product"}],"about":[{"href":"https:\/\/novezabeauty.com\/fr\/wp-json\/wp\/v2\/types\/product"}],"version-history":[{"count":2,"href":"https:\/\/novezabeauty.com\/fr\/wp-json\/wp\/v2\/product\/739\/revisions"}],"predecessor-version":[{"id":1257,"href":"https:\/\/novezabeauty.com\/fr\/wp-json\/wp\/v2\/product\/739\/revisions\/1257"}],"wp:featuredmedia":[{"embeddable":true,"href":"https:\/\/novezabeauty.com\/fr\/wp-json\/wp\/v2\/media\/875"}],"wp:attachment":[{"href":"https:\/\/novezabeauty.com\/fr\/wp-json\/wp\/v2\/media?parent=739"}],"wp:term":[{"taxonomy":"product_brand","embeddable":true,"href":"https:\/\/novezabeauty.com\/fr\/wp-json\/wp\/v2\/product_brand?post=739"},{"taxonomy":"product_cat","embeddable":true,"href":"https:\/\/novezabeauty.com\/fr\/wp-json\/wp\/v2\/product_cat?post=739"},{"taxonomy":"product_tag","embeddable":true,"href":"https:\/\/novezabeauty.com\/fr\/wp-json\/wp\/v2\/product_tag?post=739"}],"curies":[{"name":"wp","href":"https:\/\/api.w.org\/{rel}","templated":true}]}}