 {"id":85,"date":"2025-06-30T08:32:59","date_gmt":"2025-06-30T08:32:59","guid":{"rendered":"https:\/\/novezabeauty.com\/?page_id=85"},"modified":"2025-11-14T03:22:29","modified_gmt":"2025-11-14T03:22:29","slug":"oem-odm","status":"publish","type":"page","link":"https:\/\/novezabeauty.com\/it\/resources\/oem-odm\/","title":{"rendered":"OEM E ODM"},"content":{"rendered":"<div data-elementor-type=\"wp-page\" data-elementor-id=\"85\" class=\"elementor elementor-85\" data-elementor-post-type=\"page\">\n\t\t\t\t<div class=\"elementor-element elementor-element-108a93b e-flex e-con-boxed e-con e-parent\" data-id=\"108a93b\" data-element_type=\"container\" data-e-type=\"container\">\n\t\t\t\t\t<div class=\"e-con-inner\">\n\t\t\t\t<div class=\"elementor-element elementor-element-dab5566 elementor-widget elementor-widget-heading\" data-id=\"dab5566\" data-element_type=\"widget\" data-e-type=\"widget\" data-settings=\"{&quot;ekit_we_effect_on&quot;:&quot;none&quot;}\" data-widget_type=\"heading.default\">\n\t\t\t\t<div class=\"elementor-widget-container\">\n\t\t\t\t\t<h1 class=\"elementor-heading-title elementor-size-default\">OEM E ODM<\/h1>\t\t\t\t<\/div>\n\t\t\t\t<\/div>\n\t\t\t\t<div class=\"elementor-element elementor-element-3e9a37c elementor-widget elementor-widget-text-editor\" data-id=\"3e9a37c\" data-element_type=\"widget\" data-e-type=\"widget\" data-settings=\"{&quot;ekit_we_effect_on&quot;:&quot;none&quot;}\" data-widget_type=\"text-editor.default\">\n\t\t\t\t<div class=\"elementor-widget-container\">\n\t\t\t\t\t\t\t\t\t<p>Noi di Noveza non ci limitiamo a vendere dispositivi di bellezza, ma siamo un partner di livello industriale che vi aiuta a costruire la vostra apparecchiatura di marca dall'interno.<br data-start=\"258\" data-end=\"261\" \/>Il nostro servizio OEM e ODM \u00e8 pensato per distributori, cliniche, catene di centri benessere e proprietari di marchi che desiderano una qualit\u00e0 stabile, una personalizzazione flessibile e una collaborazione a lungo termine con un produttore affidabile.\u00a0 \u00a0 \u00a0<\/p><p>\u00a0<\/p>\t\t\t\t\t\t\t\t<\/div>\n\t\t\t\t<\/div>\n\t\t\t\t\t<\/div>\n\t\t\t\t<\/div>\n\t\t<div class=\"elementor-element elementor-element-fd6835d e-flex e-con-boxed e-con e-parent\" data-id=\"fd6835d\" data-element_type=\"container\" data-e-type=\"container\">\n\t\t\t\t\t<div class=\"e-con-inner\">\n\t\t\t\t<div class=\"elementor-element elementor-element-90e9da5 elementor-widget elementor-widget-heading\" data-id=\"90e9da5\" data-element_type=\"widget\" data-e-type=\"widget\" data-settings=\"{&quot;ekit_we_effect_on&quot;:&quot;none&quot;}\" data-widget_type=\"heading.default\">\n\t\t\t\t<div class=\"elementor-widget-container\">\n\t\t\t\t\t<h3 class=\"elementor-heading-title elementor-size-default\">Sezione 1 - Cosa copre il nostro servizio OEM e ODM<\/h3>\t\t\t\t<\/div>\n\t\t\t\t<\/div>\n\t\t\t\t<div class=\"elementor-element elementor-element-c853b94 elementor-widget elementor-widget-text-editor\" data-id=\"c853b94\" data-element_type=\"widget\" data-e-type=\"widget\" data-settings=\"{&quot;ekit_we_effect_on&quot;:&quot;none&quot;}\" data-widget_type=\"text-editor.default\">\n\t\t\t\t<div class=\"elementor-widget-container\">\n\t\t\t\t\t\t\t\t\t<p data-start=\"510\" data-end=\"623\">\u00a0Forniamo un servizio di personalizzazione a catena completa, dall'idea e dalla progettazione alle macchine finite e all'assistenza post-vendita.<\/p><p data-start=\"625\" data-end=\"667\"><strong data-start=\"625\" data-end=\"667\">Potete lavorare con noi in due modi principali:<\/strong><\/p><ul data-start=\"669\" data-end=\"1070\"><li data-start=\"669\" data-end=\"847\"><p data-start=\"671\" data-end=\"847\"><strong data-start=\"671\" data-end=\"716\">OEM (etichetta privata e personalizzazione leggera)<\/strong><br data-start=\"716\" data-end=\"719\" \/>Applicate il vostro logo, i colori e l'identit\u00e0 del vostro marchio ai nostri modelli maturi. Ideale se volete lanciarvi rapidamente con tecnologie collaudate.<\/p><\/li><li data-start=\"849\" data-end=\"1070\"><p data-start=\"851\" data-end=\"1070\"><strong data-start=\"851\" data-end=\"897\">ODM (personalizzazione profonda e nuovo sviluppo)<\/strong><br data-start=\"897\" data-end=\"900\" \/>Co-sviluppo o personalizzazione completa di un nuovo dispositivo - comprese le funzioni, l'aspetto, il software e l'interfaccia utente - in base al vostro posizionamento sul mercato e ai vostri concetti di trattamento.\u00a0 \u00a0 \u00a0\u00a0<\/p><\/li><\/ul><div>\u00a0<\/div><div>\u00a0<\/div>\t\t\t\t\t\t\t\t<\/div>\n\t\t\t\t<\/div>\n\t\t\t\t\t<\/div>\n\t\t\t\t<\/div>\n\t\t<div class=\"elementor-element elementor-element-e848e23 e-flex e-con-boxed e-con e-parent\" data-id=\"e848e23\" data-element_type=\"container\" data-e-type=\"container\">\n\t\t\t\t\t<div class=\"e-con-inner\">\n\t\t\t\t<div class=\"elementor-element elementor-element-889aaeb elementor-widget elementor-widget-heading\" data-id=\"889aaeb\" data-element_type=\"widget\" data-e-type=\"widget\" data-settings=\"{&quot;ekit_we_effect_on&quot;:&quot;none&quot;}\" data-widget_type=\"heading.default\">\n\t\t\t\t<div class=\"elementor-widget-container\">\n\t\t\t\t\t<h3 class=\"elementor-heading-title elementor-size-default\">Sezione 2 - Cosa si pu\u00f2 personalizzare<\/h3>\t\t\t\t<\/div>\n\t\t\t\t<\/div>\n\t\t\t\t<div class=\"elementor-element elementor-element-58c11c7 elementor-widget elementor-widget-text-editor\" data-id=\"58c11c7\" data-element_type=\"widget\" data-e-type=\"widget\" data-settings=\"{&quot;ekit_we_effect_on&quot;:&quot;none&quot;}\" data-widget_type=\"text-editor.default\">\n\t\t\t\t<div class=\"elementor-widget-container\">\n\t\t\t\t\t\t\t\t\t<p data-start=\"1116\" data-end=\"1218\">Siamo consapevoli che ogni mercato e marchio \u00e8 diverso, quindi il nostro menu OEM e ODM \u00e8 flessibile e modulare.<\/p><p data-start=\"1220\" data-end=\"1244\"><strong data-start=\"1220\" data-end=\"1244\">Hardware e funzioni<\/strong><\/p><ul data-start=\"1246\" data-end=\"1610\"><li data-start=\"1246\" data-end=\"1350\"><p data-start=\"1248\" data-end=\"1350\">Tipo di macchina e funzioni di trattamento (lifting del viso, ringiovanimento della pelle, dimagrimento, depilazione, ecc.)<\/p><\/li><li data-start=\"1351\" data-end=\"1425\"><p data-start=\"1353\" data-end=\"1425\">Manipoli e teste di trattamento (numeri, combinazioni, specifiche)<\/p><\/li><li data-start=\"1426\" data-end=\"1527\"><p data-start=\"1428\" data-end=\"1527\">Gamme di potenza energetica e modalit\u00e0 di lavoro (RF, HIFU, EMS, laser, cavitazione, criolipolisi e altro)<\/p><\/li><li data-start=\"1528\" data-end=\"1610\"><p data-start=\"1530\" data-end=\"1610\">Dimensioni dello schermo, layout e stile operativo (touch screen, pulsanti, logica dell'interfaccia)<\/p><\/li><\/ul><p data-start=\"1612\" data-end=\"1641\"><strong data-start=\"1612\" data-end=\"1641\">Software e interfaccia utente<\/strong><\/p><ul data-start=\"1643\" data-end=\"1868\"><li data-start=\"1643\" data-end=\"1695\"><p data-start=\"1645\" data-end=\"1695\">Lingua\/e dell'interfaccia e opzioni multilingue<\/p><\/li><li data-start=\"1696\" data-end=\"1749\"><p data-start=\"1698\" data-end=\"1749\">Preimpostazioni di trattamento, protocolli e intervalli di parametri<\/p><\/li><li data-start=\"1750\" data-end=\"1804\"><p data-start=\"1752\" data-end=\"1804\">I visual del marchio nell'interfaccia utente (logo, tema di colore, icone)<\/p><\/li><li data-start=\"1805\" data-end=\"1868\"><p data-start=\"1807\" data-end=\"1868\">Protezione con password, livelli utente e altre pratiche funzioni<\/p><\/li><\/ul><p data-start=\"1870\" data-end=\"1905\"><strong data-start=\"1870\" data-end=\"1905\">Marchi, imballaggi e documenti<\/strong><\/p><ul data-start=\"1907\" data-end=\"2164\"><li data-start=\"1907\" data-end=\"1977\"><p data-start=\"1909\" data-end=\"1977\">Stampa del logo (guscio della macchina, manipoli, etichette, schermo di avvio)<\/p><\/li><li data-start=\"1978\" data-end=\"2030\"><p data-start=\"1980\" data-end=\"2030\">Colore della macchina, design del pannello e stile esterno<\/p><\/li><li data-start=\"2031\" data-end=\"2091\"><p data-start=\"2033\" data-end=\"2091\">Progettazione dell'imballaggio (scatola a colori, cartone, vassoio interno, etichette)<\/p><\/li><li data-start=\"2092\" data-end=\"2164\"><p data-start=\"2094\" data-end=\"2164\">Manuali d'uso, guide al trattamento e materiali di marketing con il vostro marchio<\/p><\/li><\/ul><p data-start=\"2166\" data-end=\"2204\"><strong data-start=\"2166\" data-end=\"2204\">Materiali di consumo e accessori abbinati<\/strong><\/p><ul data-start=\"2206\" data-end=\"2378\"><li data-start=\"2206\" data-end=\"2262\"><p data-start=\"2208\" data-end=\"2262\">Gel, sieri e maschere studiati per dispositivi specifici<\/p><\/li><li data-start=\"2263\" data-end=\"2316\"><p data-start=\"2265\" data-end=\"2316\">Occhiali, impugnature, punte e altre parti consumabili<\/p><\/li><li data-start=\"2317\" data-end=\"2378\"><p data-start=\"2319\" data-end=\"2378\">Set di marketing e kit espositivi per cliniche e showroom\u00a0 \u00a0\u00a0<\/p><\/li><\/ul><div>\u00a0<\/div><div>\u00a0 \u00a0 \u00a0 \u00a0 \u00a0 \u00a0 \u00a0 \u00a0 \u00a0 \u00a0 \u00a0 \u00a0 \u00a0 \u00a0<\/div>\t\t\t\t\t\t\t\t<\/div>\n\t\t\t\t<\/div>\n\t\t\t\t\t<\/div>\n\t\t\t\t<\/div>\n\t\t<div class=\"elementor-element elementor-element-0334141 e-flex e-con-boxed e-con e-parent\" data-id=\"0334141\" data-element_type=\"container\" data-e-type=\"container\">\n\t\t\t\t\t<div class=\"e-con-inner\">\n\t\t\t\t<div class=\"elementor-element elementor-element-744c0e4 elementor-widget elementor-widget-heading\" data-id=\"744c0e4\" data-element_type=\"widget\" data-e-type=\"widget\" data-settings=\"{&quot;ekit_we_effect_on&quot;:&quot;none&quot;}\" data-widget_type=\"heading.default\">\n\t\t\t\t<div class=\"elementor-widget-container\">\n\t\t\t\t\t<h3 class=\"elementor-heading-title elementor-size-default\">Sezione 3 - Il nostro flusso di lavoro OEM e ODM<\/h3>\t\t\t\t<\/div>\n\t\t\t\t<\/div>\n\t\t\t\t<div class=\"elementor-element elementor-element-876161e elementor-widget elementor-widget-text-editor\" data-id=\"876161e\" data-element_type=\"widget\" data-e-type=\"widget\" data-settings=\"{&quot;ekit_we_effect_on&quot;:&quot;none&quot;}\" data-widget_type=\"text-editor.default\">\n\t\t\t\t<div class=\"elementor-widget-container\">\n\t\t\t\t\t\t\t\t\t<p>\u00a0 \u00a0 \u00a0 \u00a0 \u00a0 Per rendere i progetti chiari ed efficienti, seguiamo un processo strutturato ma flessibile:<\/p><ol><li data-start=\"2508\" data-end=\"2716\"><p data-start=\"2511\" data-end=\"2716\"><strong data-start=\"2511\" data-end=\"2542\">Consultazione e requisiti<\/strong><br data-start=\"2542\" data-end=\"2545\" \/>Condividete le vostre idee, il mercato di riferimento, il budget e i trattamenti desiderati.<br data-start=\"2615\" data-end=\"2618\" \/>Ascoltiamo, poniamo domande chiave e vi aiutiamo a perfezionare il concetto in requisiti tecnici chiari.<\/p><\/li><li data-start=\"2718\" data-end=\"2933\"><p data-start=\"2721\" data-end=\"2933\"><strong data-start=\"2721\" data-end=\"2756\">Valutazione tecnica e proposta<\/strong><br data-start=\"2756\" data-end=\"2759\" \/>I nostri ingegneri valutano la fattibilit\u00e0, raccomandano tecnologie adeguate\/piattaforme esistenti e preparano una proposta con le configurazioni suggerite, la tempistica e il quadro dei costi.<\/p><\/li><li data-start=\"2935\" data-end=\"3209\"><p data-start=\"2938\" data-end=\"3209\"><strong data-start=\"2938\" data-end=\"2962\">Design e ingegneria<\/strong><br data-start=\"2962\" data-end=\"2965\" \/>Per i progetti OEM, finalizziamo logo, colori, linguaggio dell'interfaccia utente e confezione.<br data-start=\"3038\" data-end=\"3041\" \/>Per i progetti ODM, ci occupiamo di design industriale, PCB e struttura, logica del software e layout dell'interfaccia, tenendovi aggiornati con bozze visive e suggerimenti.<\/p><\/li><li data-start=\"3211\" data-end=\"3427\"><p data-start=\"3214\" data-end=\"3427\"><strong data-start=\"3214\" data-end=\"3237\">Prototipo e test<\/strong><br data-start=\"3237\" data-end=\"3240\" \/>Costruiamo unit\u00e0 campione per i test interni e per la vostra valutazione.<br data-start=\"3306\" data-end=\"3309\" \/>Le prestazioni, la sicurezza, la stabilit\u00e0 e l'esperienza dell'utente sono verificate attraverso test ripetuti e le necessarie ottimizzazioni.<\/p><\/li><li data-start=\"3429\" data-end=\"3687\"><p data-start=\"3432\" data-end=\"3687\"><strong data-start=\"3432\" data-end=\"3470\">Supporto per la certificazione e la conformit\u00e0<\/strong><br data-start=\"3470\" data-end=\"3473\" \/>In base ai vostri mercati di destinazione, possiamo supportare i test e i rapporti relativi (come la documentazione di conformit\u00e0 CE, RoHS e altri documenti, se applicabile) e fornire dati tecnici per le vostre registrazioni locali, se necessario.<\/p><\/li><li data-start=\"3689\" data-end=\"3935\"><p data-start=\"3692\" data-end=\"3935\"><strong data-start=\"3692\" data-end=\"3729\">Produzione di massa e controllo qualit\u00e0<\/strong><br data-start=\"3729\" data-end=\"3732\" \/>Dopo la conferma dei campioni, iniziamo la produzione in lotti sotto una rigorosa gestione della qualit\u00e0. Prima della spedizione, ogni dispositivo viene sottoposto a un'ispezione del materiale in entrata, a test in corso d'opera e a test di invecchiamento finale.<\/p><\/li><\/ol><p data-start=\"3940\" data-end=\"4165\"><strong data-start=\"3940\" data-end=\"3970\">Consegna e assistenza continua<\/strong><br data-start=\"3970\" data-end=\"3973\" \/>Organizziamo soluzioni di spedizione adeguate in base alla regione e alle dimensioni dell'ordine e continuiamo a fornire assistenza tecnica, materiale di formazione e pezzi di ricambio per un funzionamento stabile a lungo termine.\u00a0\u00a0<\/p><p data-start=\"3940\" data-end=\"4165\">\u00a0<\/p><p data-start=\"3940\" data-end=\"4165\"><span style=\"background-color: rgba(0, 0, 0, 0);\">\u00a0 \u00a0 \u00a0 \u00a0 \u00a0 \u00a0 \u00a0 \u00a0 \u00a0 \u00a0<\/span><span style=\"background-color: rgba(0, 0, 0, 0);\">\u00a0 \u00a0\u00a0<\/span><span style=\"background-color: rgba(0, 0, 0, 0);\">\u00a0 \u00a0 \u00a0 \u00a0 \u00a0 \u00a0 \u00a0 \u00a0 \u00a0 \u00a0 \u00a0 \u00a0 \u00a0 \u00a0 \u00a0 \u00a0<\/span><\/p>\t\t\t\t\t\t\t\t<\/div>\n\t\t\t\t<\/div>\n\t\t\t\t\t<\/div>\n\t\t\t\t<\/div>\n\t\t<div class=\"elementor-element elementor-element-22d0123 e-flex e-con-boxed e-con e-parent\" data-id=\"22d0123\" data-element_type=\"container\" data-e-type=\"container\">\n\t\t\t\t\t<div class=\"e-con-inner\">\n\t\t\t\t<div class=\"elementor-element elementor-element-61f761f elementor-widget elementor-widget-heading\" data-id=\"61f761f\" data-element_type=\"widget\" data-e-type=\"widget\" data-settings=\"{&quot;ekit_we_effect_on&quot;:&quot;none&quot;}\" data-widget_type=\"heading.default\">\n\t\t\t\t<div class=\"elementor-widget-container\">\n\t\t\t\t\t<h3 class=\"elementor-heading-title elementor-size-default\">Sezione 4 - MOQ, tempi di consegna e flessibilit\u00e0<\/h3>\t\t\t\t<\/div>\n\t\t\t\t<\/div>\n\t\t\t\t<div class=\"elementor-element elementor-element-d2623d2 elementor-widget elementor-widget-text-editor\" data-id=\"d2623d2\" data-element_type=\"widget\" data-e-type=\"widget\" data-settings=\"{&quot;ekit_we_effect_on&quot;:&quot;none&quot;}\" data-widget_type=\"text-editor.default\">\n\t\t\t\t<div class=\"elementor-widget-container\">\n\t\t\t\t\t\t\t\t\t<p>Poich\u00e9 i diversi mercati e tipi di progetto hanno esigenze diverse, cerchiamo di mantenere flessibile la nostra collaborazione:<\/p><ul><li data-start=\"4325\" data-end=\"4592\"><p data-start=\"4327\" data-end=\"4336\"><strong data-start=\"4327\" data-end=\"4334\">MOQ<\/strong><\/p><ul data-start=\"4339\" data-end=\"4592\"><li data-start=\"4339\" data-end=\"4469\"><p data-start=\"4341\" data-end=\"4469\">Per gli OEM (logo + colore + lingua UI) basati sui nostri modelli standard, supportiamo MOQ relativamente bassi per aiutarvi a testare il mercato.<\/p><\/li><li data-start=\"4472\" data-end=\"4592\"><p data-start=\"4474\" data-end=\"4592\">Per i progetti ODM pi\u00f9 approfonditi, i MOQ saranno pi\u00f9 elevati e decisi in base alla complessit\u00e0 del design e alle parti personalizzate coinvolte.<\/p><\/li><\/ul><\/li><li data-start=\"4594\" data-end=\"4851\"><p data-start=\"4596\" data-end=\"4611\"><strong data-start=\"4596\" data-end=\"4609\">Tempi di consegna<\/strong><\/p><ul data-start=\"4614\" data-end=\"4851\"><li data-start=\"4614\" data-end=\"4707\"><p data-start=\"4616\" data-end=\"4707\">I progetti OEM standard hanno solitamente tempi di consegna pi\u00f9 brevi dopo la conferma dei dettagli di progettazione.<\/p><\/li><li data-start=\"4710\" data-end=\"4851\"><p data-start=\"4712\" data-end=\"4851\">Lo sviluppo di un nuovo ODM comprende il tempo necessario per la progettazione, la prototipazione, il collaudo e l'eventuale certificazione, pertanto pianifichiamo il programma con voi in anticipo.<\/p><\/li><\/ul><\/li><li data-start=\"4853\" data-end=\"5011\"><p data-start=\"4855\" data-end=\"5011\"><strong data-start=\"4855\" data-end=\"4872\">Ordini campione<\/strong><br data-start=\"4872\" data-end=\"4875\" \/>Possiamo fornire unit\u00e0 campione per i test e la formazione, soprattutto quando si sta preparando il lancio di un nuovo progetto o l'ingresso in un nuovo mercato.\u00a0 \u00a0 \u00a0 \u00a0\u00a0<\/p><\/li><\/ul><div>\u00a0<\/div><div>\u00a0<\/div>\t\t\t\t\t\t\t\t<\/div>\n\t\t\t\t<\/div>\n\t\t\t\t\t<\/div>\n\t\t\t\t<\/div>\n\t\t<div class=\"elementor-element elementor-element-f51aa64 e-flex e-con-boxed e-con e-parent\" data-id=\"f51aa64\" data-element_type=\"container\" data-e-type=\"container\">\n\t\t\t\t\t<div class=\"e-con-inner\">\n\t\t\t\t<div class=\"elementor-element elementor-element-70e6e30 elementor-widget elementor-widget-heading\" data-id=\"70e6e30\" data-element_type=\"widget\" data-e-type=\"widget\" data-settings=\"{&quot;ekit_we_effect_on&quot;:&quot;none&quot;}\" data-widget_type=\"heading.default\">\n\t\t\t\t<div class=\"elementor-widget-container\">\n\t\t\t\t\t<h3 class=\"elementor-heading-title elementor-size-default\">Sezione 5 - Perch\u00e9 scegliere Noveza come vostra fabbrica OEM e ODM<\/h3>\t\t\t\t<\/div>\n\t\t\t\t<\/div>\n\t\t\t\t<div class=\"elementor-element elementor-element-5456bfa elementor-widget elementor-widget-text-editor\" data-id=\"5456bfa\" data-element_type=\"widget\" data-e-type=\"widget\" data-settings=\"{&quot;ekit_we_effect_on&quot;:&quot;none&quot;}\" data-widget_type=\"text-editor.default\">\n\t\t\t\t<div class=\"elementor-widget-container\">\n\t\t\t\t\t\t\t\t\t<p data-start=\"5152\" data-end=\"5263\">Lavorare direttamente con una fabbrica di dispositivi di bellezza vi offre maggiore controllo e stabilit\u00e0 rispetto ai fornitori di soli prodotti commerciali.<\/p><p data-start=\"5265\" data-end=\"5286\">Con Noveza, avrete:<\/p><ul data-start=\"5288\" data-end=\"5713\"><li data-start=\"5288\" data-end=\"5362\"><p data-start=\"5290\" data-end=\"5362\"><strong data-start=\"5290\" data-end=\"5319\">Produzione diretta in fabbrica<\/strong> con un chiaro controllo di qualit\u00e0 in ogni fase<\/p><\/li><li data-start=\"5363\" data-end=\"5452\"><p data-start=\"5365\" data-end=\"5452\"><strong data-start=\"5365\" data-end=\"5397\">Team di ingegneri esperti<\/strong> familiarit\u00e0 con i dispositivi di bellezza professionali e domestici<\/p><\/li><li data-start=\"5453\" data-end=\"5534\"><p data-start=\"5455\" data-end=\"5534\"><strong data-start=\"5455\" data-end=\"5481\">Personalizzazione flessibile<\/strong> dal semplice logo OEM ai progetti ODM completi di tutte le funzionalit\u00e0<\/p><\/li><li data-start=\"5535\" data-end=\"5613\"><p data-start=\"5537\" data-end=\"5613\"><strong data-start=\"5537\" data-end=\"5577\">Qualit\u00e0 costante e fornitura stabile<\/strong>, sostenendo la cooperazione a lungo termine<\/p><\/li><li data-start=\"5614\" data-end=\"5713\"><p data-start=\"5616\" data-end=\"5713\"><strong data-start=\"5616\" data-end=\"5646\">Supporto ai mercati globali<\/strong>compresi i dati tecnici e i documenti di conformit\u00e0, se richiesti<\/p><\/li><\/ul><p data-start=\"5715\" data-end=\"5841\">Il nostro obiettivo non \u00e8 solo quello di vendervi macchine, ma di aiutarvi a costruire un'attivit\u00e0 di bellezza sostenibile e redditizia nel vostro mercato.\u00a0\u00a0<\/p><p data-start=\"5715\" data-end=\"5841\">\u00a0<\/p><p data-start=\"5715\" data-end=\"5841\">\u00a0<\/p>\t\t\t\t\t\t\t\t<\/div>\n\t\t\t\t<\/div>\n\t\t\t\t\t<\/div>\n\t\t\t\t<\/div>\n\t\t<div class=\"elementor-element elementor-element-1d498e3 e-flex e-con-boxed e-con e-parent\" data-id=\"1d498e3\" data-element_type=\"container\" data-e-type=\"container\">\n\t\t\t\t\t<div class=\"e-con-inner\">\n\t\t\t\t<div class=\"elementor-element elementor-element-4869ee0 elementor-widget elementor-widget-heading\" data-id=\"4869ee0\" data-element_type=\"widget\" data-e-type=\"widget\" data-settings=\"{&quot;ekit_we_effect_on&quot;:&quot;none&quot;}\" data-widget_type=\"heading.default\">\n\t\t\t\t<div class=\"elementor-widget-container\">\n\t\t\t\t\t<h3 class=\"elementor-heading-title elementor-size-default\">Sezione 6 - Avviare un progetto OEM e ODM<\/h3>\t\t\t\t<\/div>\n\t\t\t\t<\/div>\n\t\t\t\t<div class=\"elementor-element elementor-element-3efdecd elementor-widget elementor-widget-text-editor\" data-id=\"3efdecd\" data-element_type=\"widget\" data-e-type=\"widget\" data-settings=\"{&quot;ekit_we_effect_on&quot;:&quot;none&quot;}\" data-widget_type=\"text-editor.default\">\n\t\t\t\t<div class=\"elementor-widget-container\">\n\t\t\t\t\t\t\t\t\t<p data-start=\"5893\" data-end=\"5948\">Siete pronti a creare o aggiornare la vostra linea di dispositivi di bellezza?<\/p><p data-start=\"5950\" data-end=\"5997\">Quando ci contattate, \u00e8 utile che possiate condividerlo:<\/p><ul data-start=\"5999\" data-end=\"6223\"><li data-start=\"5999\" data-end=\"6069\"><p data-start=\"6001\" data-end=\"6069\">Trattamenti target e tipo di cliente (clinica, spa, salone, uso domestico)<\/p><\/li><li data-start=\"6070\" data-end=\"6114\"><p data-start=\"6072\" data-end=\"6114\">Paesi o regioni in cui si intende vendere<\/p><\/li><li data-start=\"6115\" data-end=\"6189\"><p data-start=\"6117\" data-end=\"6189\">Sia che preferiate l'OEM (basato sui nostri modelli) o uno sviluppo ODM pi\u00f9 approfondito<\/p><\/li><li data-start=\"6190\" data-end=\"6223\"><p data-start=\"6192\" data-end=\"6223\">Quantit\u00e0 e tempi stimati<\/p><\/li><\/ul><p data-start=\"6225\" data-end=\"6432\">Comunicate le vostre idee e richieste ai nostri ingegneri e noi prepareremo per voi una proposta OEM e ODM su misura, che comprender\u00e0 le macchine suggerite, le opzioni di personalizzazione, i tempi di consegna stimati e i suggerimenti per la cooperazione.<\/p><p data-start=\"6225\" data-end=\"6432\">\u00a0<\/p>\t\t\t\t\t\t\t\t<\/div>\n\t\t\t\t<\/div>\n\t\t\t\t\t<\/div>\n\t\t\t\t<\/div>\n\t\t\t\t<\/div>","protected":false},"excerpt":{"rendered":"<p>OEM &amp; ODM At Noveza, we are not just selling beauty devices \u2013 we are a factory-level partner that helps you build your own branded equipment from the inside out.Our OEM &amp; ODM service is designed for distributors, clinics, spa chains and brand owners who want stable quality, flexible customization and long-term cooperation with a&#8230;<\/p>","protected":false},"author":1,"featured_media":0,"parent":83,"menu_order":1,"comment_status":"closed","ping_status":"closed","template":"","meta":{"_kad_post_transparent":"","_kad_post_title":"hide","_kad_post_layout":"fullwidth","_kad_post_sidebar_id":"","_kad_post_content_style":"unboxed","_kad_post_vertical_padding":"hide","_kad_post_feature":"hide","_kad_post_feature_position":"","_kad_post_header":false,"_kad_post_footer":false,"_kad_post_classname":"","footnotes":""},"class_list":["post-85","page","type-page","status-publish","hentry"],"_links":{"self":[{"href":"https:\/\/novezabeauty.com\/it\/wp-json\/wp\/v2\/pages\/85","targetHints":{"allow":["GET"]}}],"collection":[{"href":"https:\/\/novezabeauty.com\/it\/wp-json\/wp\/v2\/pages"}],"about":[{"href":"https:\/\/novezabeauty.com\/it\/wp-json\/wp\/v2\/types\/page"}],"author":[{"embeddable":true,"href":"https:\/\/novezabeauty.com\/it\/wp-json\/wp\/v2\/users\/1"}],"replies":[{"embeddable":true,"href":"https:\/\/novezabeauty.com\/it\/wp-json\/wp\/v2\/comments?post=85"}],"version-history":[{"count":9,"href":"https:\/\/novezabeauty.com\/it\/wp-json\/wp\/v2\/pages\/85\/revisions"}],"predecessor-version":[{"id":1077,"href":"https:\/\/novezabeauty.com\/it\/wp-json\/wp\/v2\/pages\/85\/revisions\/1077"}],"up":[{"embeddable":true,"href":"https:\/\/novezabeauty.com\/it\/wp-json\/wp\/v2\/pages\/83"}],"wp:attachment":[{"href":"https:\/\/novezabeauty.com\/it\/wp-json\/wp\/v2\/media?parent=85"}],"curies":[{"name":"wp","href":"https:\/\/api.w.org\/{rel}","templated":true}]}}