 {"id":486,"date":"2025-07-03T06:59:27","date_gmt":"2025-07-03T06:59:27","guid":{"rendered":"https:\/\/novezabeauty.com\/?post_type=product&#038;p=486"},"modified":"2025-11-23T09:02:42","modified_gmt":"2025-11-23T09:02:42","slug":"professional-inner-ball-roller-fat-reduction-slimming-machine-muscle-pain-relief-face-body-massage-device","status":"publish","type":"product","link":"https:\/\/novezabeauty.com\/it\/professional-inner-ball-roller-fat-reduction-slimming-machine-muscle-pain-relief-face-body-massage-device\/","title":{"rendered":"Rullo a sfera interno professionale Riduzione del grasso che dimagrisce la macchina Dispositivo di massaggio del corpo del viso di sollievo dal dolore muscolare"},"content":{"rendered":"<p data-start=\"155\" data-end=\"243\">Macchina a rulli a sfera interna per il modellamento del corpo e del viso, terapia di compressione a microvibrazione<\/p>\n<p data-start=\"260\" data-end=\"339\">Macchina a rulli con sfere interne e terapia di compressione a microvibrazione per il corpo e il viso<\/p>\n<p data-start=\"362\" data-end=\"739\">Scoprite l'Inner Ball Roller Machine, una soluzione avanzata per modellare il corpo, ridurre la cellulite e rilassare i muscoli. Grazie all'innovativa terapia di micro-vibrazione a compressione, aumenta il drenaggio linfatico, migliora la circolazione sanguigna e ringiovanisce la pelle. Sicuro, non invasivo ed efficace sia per il corpo che per il viso. Risultati visibili con poche sedute!<\/p>\n<p data-start=\"766\" data-end=\"1114\">Il <strong data-start=\"770\" data-end=\"799\">Macchina a rulli a sfere interne<\/strong> \u00e8 un innovativo dispositivo per il trattamento del corpo e del viso che utilizza una tecnologia all'avanguardia di micro-vibrazione a compressione. Progettato per uso professionale e personale, questo apparecchio offre un metodo non invasivo e altamente efficace per migliorare il drenaggio linfatico, ridurre la cellulite, tonificare i muscoli e promuovere il ringiovanimento della pelle.<\/p>\n<p data-start=\"1116\" data-end=\"1133\"><strong data-start=\"1116\" data-end=\"1133\">Caratteristiche principali:<\/strong><\/p>\n<ul data-start=\"1134\" data-end=\"2191\">\n<li data-start=\"1134\" data-end=\"1353\">\n<p data-start=\"1136\" data-end=\"1353\"><strong data-start=\"1136\" data-end=\"1172\">Terapia avanzata con microvibrazioni<\/strong>: Le sfere in silicone che ruotano a 360\u00b0 generano una delicata compressione e microvibrazione, stimolando profondamente i tessuti e stimolando la circolazione senza causare disagi o danni.<\/p>\n<\/li>\n<li data-start=\"1354\" data-end=\"1562\">\n<p data-start=\"1356\" data-end=\"1562\"><strong data-start=\"1356\" data-end=\"1385\">Aree di trattamento versatili<\/strong>: Ideale per l'uso su varie parti del corpo, tra cui cosce, glutei, braccia e viso. Rimodella i contorni del corpo, riduce i segni dell'invecchiamento e favorisce un aspetto pi\u00f9 liscio e compatto.<\/p>\n<\/li>\n<li data-start=\"1563\" data-end=\"1847\">\n<p data-start=\"1565\" data-end=\"1847\"><strong data-start=\"1565\" data-end=\"1590\">Impostazioni personalizzabili<\/strong>: Con 10 livelli di velocit\u00e0 regolabili e tre modalit\u00e0 di luce a colori (rosso, blu e verde), il dispositivo pu\u00f2 essere adattato alle vostre esigenze specifiche. Include anche un touch screen da 5,6 pollici per un facile controllo e la possibilit\u00e0 di salvare fino a 5 set di parametri di trattamento.<\/p>\n<\/li>\n<li data-start=\"1848\" data-end=\"1986\">\n<p data-start=\"1850\" data-end=\"1986\"><strong data-start=\"1850\" data-end=\"1866\">Doppie maniglie<\/strong>: Il manico grande \u00e8 perfetto per i trattamenti del corpo, mentre il manico pi\u00f9 piccolo \u00e8 ideale per le zone delicate del viso e del collo.<\/p>\n<\/li>\n<li data-start=\"1987\" data-end=\"2191\">\n<p data-start=\"1989\" data-end=\"2191\"><strong data-start=\"1989\" data-end=\"2019\">Sfere in silicone sostituibili<\/strong>: Le sfere in silicone sono specificamente progettate per offrire una compressione e una vibrazione ottimali. Possono essere facilmente sostituite, garantendo l'efficienza e l'igiene della macchina.<\/p>\n<\/li>\n<\/ul>\n<p data-start=\"2193\" data-end=\"2641\"><strong data-start=\"2193\" data-end=\"2210\">Come funziona:<\/strong><br \/>\nUtilizzando sfere di silicone rotanti, il dispositivo applica pressione e vibrazioni sulla pelle, aiutando a ridurre i depositi di grasso, eliminare le tossine e attenuare le rughe. Stimola il flusso sanguigno, migliora l'apporto di ossigeno e favorisce la produzione di collagene, offrendo benefici sia estetici che terapeutici. \u00c8 adatto per il rilassamento muscolare, la disintossicazione e il modellamento del corpo, ottenendo risultati evidenti gi\u00e0 dopo poche sedute.<\/p>\n<p data-start=\"2643\" data-end=\"2656\"><strong data-start=\"2643\" data-end=\"2656\">Vantaggi:<\/strong><\/p>\n<ul data-start=\"2657\" data-end=\"3015\">\n<li data-start=\"2657\" data-end=\"2730\">\n<p data-start=\"2659\" data-end=\"2730\"><strong data-start=\"2659\" data-end=\"2675\">Modellamento del corpo<\/strong>: Riduce il grasso, rassoda la pelle e migliora il tono muscolare.<\/p>\n<\/li>\n<li data-start=\"2731\" data-end=\"2830\">\n<p data-start=\"2733\" data-end=\"2830\"><strong data-start=\"2733\" data-end=\"2756\">Riduzione della cellulite<\/strong>: Aiuta a disgregare i depositi di grasso e a ridurre l'aspetto della cellulite.<\/p>\n<\/li>\n<li data-start=\"2831\" data-end=\"2924\">\n<p data-start=\"2833\" data-end=\"2924\"><strong data-start=\"2833\" data-end=\"2856\">Ringiovanimento del viso<\/strong>: Rassoda la pelle, attenua le rughe e migliora la salute generale della pelle.<\/p>\n<\/li>\n<li data-start=\"2925\" data-end=\"3015\">\n<p data-start=\"2927\" data-end=\"3015\"><strong data-start=\"2927\" data-end=\"2946\">Recupero muscolare<\/strong>: Allevia la rigidit\u00e0 e l'indolenzimento muscolare e accelera il recupero.<\/p>\n<\/li>\n<\/ul>\n<p data-start=\"3017\" data-end=\"3210\"><strong data-start=\"3017\" data-end=\"3042\">Sicuro e non invasivo<\/strong>:<br \/>\nL'Inner Ball Roller Machine \u00e8 una terapia indolore, non invasiva e senza effetti collaterali noti. Dopo ogni seduta \u00e8 possibile tornare immediatamente alle proprie attivit\u00e0 quotidiane.<\/p>\n<p data-start=\"3212\" data-end=\"3239\"><strong data-start=\"3212\" data-end=\"3239\">Specifiche del prodotto:<\/strong><\/p>\n<ul data-start=\"3240\" data-end=\"3490\">\n<li data-start=\"3240\" data-end=\"3280\">\n<p data-start=\"3242\" data-end=\"3280\"><strong data-start=\"3242\" data-end=\"3252\">Schermo<\/strong>: Schermo LCD touch screen da 10,1 pollici<\/p>\n<\/li>\n<li data-start=\"3281\" data-end=\"3340\">\n<p data-start=\"3283\" data-end=\"3340\"><strong data-start=\"3283\" data-end=\"3292\">Velocit\u00e0<\/strong>: Impugnatura grande - 1450 giri\/min, Impugnatura piccola - 1450 giri\/min.<\/p>\n<\/li>\n<li data-start=\"3341\" data-end=\"3373\">\n<p data-start=\"3343\" data-end=\"3373\"><strong data-start=\"3343\" data-end=\"3363\">Frequenza di uscita<\/strong>: 40-254Hz<\/p>\n<\/li>\n<li data-start=\"3374\" data-end=\"3407\">\n<p data-start=\"3376\" data-end=\"3407\"><strong data-start=\"3376\" data-end=\"3393\">Tensione di ingresso<\/strong>: AC 110V\/220V<\/p>\n<\/li>\n<li data-start=\"3408\" data-end=\"3437\">\n<p data-start=\"3410\" data-end=\"3437\"><strong data-start=\"3410\" data-end=\"3426\">Potenza di uscita<\/strong>: 100-1000W<\/p>\n<\/li>\n<li data-start=\"3438\" data-end=\"3452\">\n<p data-start=\"3440\" data-end=\"3452\"><strong data-start=\"3440\" data-end=\"3448\">Fusibile<\/strong>: 5A<\/p>\n<\/li>\n<li data-start=\"3453\" data-end=\"3490\">\n<p data-start=\"3455\" data-end=\"3490\"><strong data-start=\"3455\" data-end=\"3480\">Temperatura di esercizio<\/strong>: 5\u00b0C~40\u00b0C<\/p>\n<\/li>\n<\/ul>\n<p data-start=\"3492\" data-end=\"3688\">Trasformate la vostra routine di cura della pelle con il <strong data-start=\"3533\" data-end=\"3562\">Macchina a rulli a sfere interne<\/strong>Una soluzione completa per il modellamento del corpo, il ringiovanimento della pelle e il rilassamento muscolare. Abbracciate una persona pi\u00f9 sana e radiosa.<\/p>","protected":false},"excerpt":{"rendered":"<p>Il <strong data-start=\"1016\" data-end=\"1067\">Rullo a sfera interno professionale che dimagrisce la macchina<\/strong> combina la tecnologia dei rulli magnetici con il massaggio dei tessuti profondi per ridurre il grasso, eliminare la cellulite, alleviare i dolori muscolari e rassodare la pelle.<\/p>","protected":false},"featured_media":848,"template":"","meta":{"_kad_post_transparent":"default","_kad_post_title":"","_kad_post_layout":"default","_kad_post_sidebar_id":"","_kad_post_content_style":"default","_kad_post_vertical_padding":"default","_kad_post_feature":"","_kad_post_feature_position":"","_kad_post_header":false,"_kad_post_footer":false,"_kad_post_classname":""},"product_brand":[],"product_cat":[18],"product_tag":[98,160,164,140,157,161,159,162,163,131,158],"class_list":{"0":"post-486","1":"product","2":"type-product","3":"status-publish","4":"has-post-thumbnail","6":"product_cat-endosphere","7":"product_tag-body-contouring","8":"product_tag-cellulite-elimination","9":"product_tag-face-and-body-slimming","10":"product_tag-fat-reduction-machine","11":"product_tag-inner-ball-roller","12":"product_tag-massage-therapy-device","13":"product_tag-muscle-pain-relief","14":"product_tag-non-invasive-beauty-equipment","15":"product_tag-professional-massage-machine","16":"product_tag-skin-tightening","17":"product_tag-slimming-device","19":"first","20":"instock","21":"shipping-taxable","22":"product-type-simple","23":"entry","24":"content-bg","25":"loop-entry"},"_links":{"self":[{"href":"https:\/\/novezabeauty.com\/it\/wp-json\/wp\/v2\/product\/486","targetHints":{"allow":["GET"]}}],"collection":[{"href":"https:\/\/novezabeauty.com\/it\/wp-json\/wp\/v2\/product"}],"about":[{"href":"https:\/\/novezabeauty.com\/it\/wp-json\/wp\/v2\/types\/product"}],"version-history":[{"count":2,"href":"https:\/\/novezabeauty.com\/it\/wp-json\/wp\/v2\/product\/486\/revisions"}],"predecessor-version":[{"id":1262,"href":"https:\/\/novezabeauty.com\/it\/wp-json\/wp\/v2\/product\/486\/revisions\/1262"}],"wp:featuredmedia":[{"embeddable":true,"href":"https:\/\/novezabeauty.com\/it\/wp-json\/wp\/v2\/media\/848"}],"wp:attachment":[{"href":"https:\/\/novezabeauty.com\/it\/wp-json\/wp\/v2\/media?parent=486"}],"wp:term":[{"taxonomy":"product_brand","embeddable":true,"href":"https:\/\/novezabeauty.com\/it\/wp-json\/wp\/v2\/product_brand?post=486"},{"taxonomy":"product_cat","embeddable":true,"href":"https:\/\/novezabeauty.com\/it\/wp-json\/wp\/v2\/product_cat?post=486"},{"taxonomy":"product_tag","embeddable":true,"href":"https:\/\/novezabeauty.com\/it\/wp-json\/wp\/v2\/product_tag?post=486"}],"curies":[{"name":"wp","href":"https:\/\/api.w.org\/{rel}","templated":true}]}}