 {"id":503,"date":"2025-07-03T12:34:33","date_gmt":"2025-07-03T12:34:33","guid":{"rendered":"https:\/\/novezabeauty.com\/?post_type=product&#038;p=503"},"modified":"2025-11-23T09:00:08","modified_gmt":"2025-11-23T09:00:08","slug":"vertical-magnetic-inner-ball-roller-slimming-and-beauty-device","status":"publish","type":"product","link":"https:\/\/novezabeauty.com\/it\/vertical-magnetic-inner-ball-roller-slimming-and-beauty-device\/","title":{"rendered":"Rullo interno magnetico verticale a sfera che dimagrisce e dispositivo di bellezza"},"content":{"rendered":"<p data-start=\"255\" data-end=\"353\"><strong data-start=\"255\" data-end=\"308\">Strumento muscolare di bellezza HIFEM con tecnologia RF<\/strong> - <strong data-start=\"311\" data-end=\"353\">Costruire muscoli e bruciare grassi in una sola sessione<\/strong><\/p>\n<p data-start=\"355\" data-end=\"751\">Liberate la potenza di <strong data-start=\"376\" data-end=\"432\">HIFEM (Campo elettromagnetico focalizzato ad alta intensit\u00e0)<\/strong> e <strong data-start=\"437\" data-end=\"461\">RF (radiofrequenza)<\/strong> tecnologie con le nostre <strong data-start=\"484\" data-end=\"518\">Strumento muscolare di bellezza HIFEM<\/strong>. Progettato per coloro che desiderano ottenere in modo rapido ed efficace <strong data-start=\"575\" data-end=\"591\">costruire muscoli<\/strong>, <strong data-start=\"593\" data-end=\"605\">bruciare i grassi<\/strong>, e <strong data-start=\"611\" data-end=\"622\">rimodellare<\/strong> Questo dispositivo all'avanguardia, non invasivo, porta con s\u00e9 un'esperienza di <strong data-start=\"687\" data-end=\"715\">tecnologia di livello medico<\/strong> direttamente nella vostra clinica o centro estetico.<\/p>\n<p data-start=\"753\" data-end=\"866\">Questo potente sistema combina <strong data-start=\"783\" data-end=\"802\">allenamento muscolare<\/strong> e <strong data-start=\"807\" data-end=\"824\">riduzione del grasso<\/strong> attraverso due tecnologie complementari:<\/p>\n<ul data-start=\"867\" data-end=\"1441\">\n<li data-start=\"867\" data-end=\"1149\">\n<p data-start=\"869\" data-end=\"1149\"><strong data-start=\"869\" data-end=\"889\">Tecnologia HIFEM<\/strong> stimola i motoneuroni dei muscoli per indurre <strong data-start=\"945\" data-end=\"983\">30.000 contrazioni muscolari estreme<\/strong> in soli 30 minuti. Questo livello di intensit\u00e0 supera quello che si pu\u00f2 raggiungere con il normale esercizio fisico, stimolando <strong data-start=\"1094\" data-end=\"1111\">crescita muscolare<\/strong> e <strong data-start=\"1116\" data-end=\"1133\">ripartizione dei grassi<\/strong> contemporaneamente.<\/p>\n<\/li>\n<li data-start=\"1150\" data-end=\"1441\">\n<p data-start=\"1152\" data-end=\"1441\"><strong data-start=\"1152\" data-end=\"1187\">Tecnologia a radiofrequenza (RF)<\/strong> penetra nella pelle ad una profondit\u00e0 di <strong data-start=\"1222\" data-end=\"1233\">43-45\u00b0C<\/strong>, facendo s\u00ec che le cellule di grasso <strong data-start=\"1260\" data-end=\"1272\">dissolversi<\/strong> e le fibre muscolari a <strong data-start=\"1298\" data-end=\"1310\">contratto<\/strong>. Questa duplice azione porta a <strong data-start=\"1338\" data-end=\"1363\">aumento della massa muscolare<\/strong> e <strong data-start=\"1368\" data-end=\"1385\">riduzione del grasso<\/strong>, rassodando la pelle e migliorando il tono muscolare generale.<\/p>\n<\/li>\n<\/ul>\n<p data-start=\"1443\" data-end=\"1648\">Grazie alla capacit\u00e0 di colpire pi\u00f9 gruppi muscolari contemporaneamente, questa macchina \u00e8 ideale per il modellamento del corpo, il rassodamento e la tonificazione di aree come la zona del ginocchio e della schiena. <strong data-start=\"1586\" data-end=\"1597\">addome<\/strong>, <strong data-start=\"1599\" data-end=\"1609\">cosce<\/strong>, <strong data-start=\"1611\" data-end=\"1623\">glutei<\/strong>, <strong data-start=\"1625\" data-end=\"1633\">armi<\/strong>, e <strong data-start=\"1639\" data-end=\"1647\">gambe<\/strong>.<\/p>\n<h4 data-start=\"1650\" data-end=\"1672\"><strong data-start=\"1655\" data-end=\"1672\">Caratteristiche principali:<\/strong><\/h4>\n<ul data-start=\"1673\" data-end=\"2633\">\n<li data-start=\"1673\" data-end=\"1784\">\n<p data-start=\"1675\" data-end=\"1784\"><strong data-start=\"1675\" data-end=\"1695\">Doppia tecnologia:<\/strong> Combinazioni <strong data-start=\"1705\" data-end=\"1719\">HIFEM + RF<\/strong> per un approccio completo al potenziamento muscolare e alla combustione dei grassi.<\/p>\n<\/li>\n<li data-start=\"1785\" data-end=\"1905\">\n<p data-start=\"1787\" data-end=\"1905\"><strong data-start=\"1787\" data-end=\"1832\">30.000 contrazioni muscolari in 30 minuti:<\/strong> Equivale a fare <strong data-start=\"1853\" data-end=\"1871\">30.000 addominali<\/strong> o <strong data-start=\"1875\" data-end=\"1885\">squat<\/strong> senza sforzo.<\/p>\n<\/li>\n<li data-start=\"1906\" data-end=\"2025\">\n<p data-start=\"1908\" data-end=\"2025\"><strong data-start=\"1908\" data-end=\"1929\">Penetrazione profonda:<\/strong> L'energia HIFEM raggiunge <strong data-start=\"1951\" data-end=\"1963\">8 cm di profondit\u00e0<\/strong>, mirando direttamente ai muscoli per aumentare la forza e il volume.<\/p>\n<\/li>\n<li data-start=\"2026\" data-end=\"2144\">\n<p data-start=\"2028\" data-end=\"2144\"><strong data-start=\"2028\" data-end=\"2064\">Riduzione del grasso e rafforzamento della pelle:<\/strong> La radiofrequenza riscalda le cellule di grasso, accelerandone la disgregazione e migliorando l'elasticit\u00e0 della pelle.<\/p>\n<\/li>\n<li data-start=\"2145\" data-end=\"2217\">\n<p data-start=\"2147\" data-end=\"2217\"><strong data-start=\"2147\" data-end=\"2170\">Certificato FDA e CE:<\/strong> La sicurezza e l'efficacia sono state dimostrate da studi clinici.<\/p>\n<\/li>\n<li data-start=\"2218\" data-end=\"2371\">\n<p data-start=\"2220\" data-end=\"2371\"><strong data-start=\"2220\" data-end=\"2251\">Maniglie per trattamenti multipli:<\/strong> Operare <strong data-start=\"2260\" data-end=\"2282\">fino a quattro maniglie<\/strong> simultaneamente, trattando pi\u00f9 aree contemporaneamente: l'ideale per i saloni di bellezza o le cliniche pi\u00f9 affollate.<\/p>\n<\/li>\n<li data-start=\"2372\" data-end=\"2510\">\n<p data-start=\"2374\" data-end=\"2510\"><strong data-start=\"2374\" data-end=\"2390\">Nessun tempo di inattivit\u00e0:<\/strong> Trattamento non invasivo e indolore con <strong data-start=\"2430\" data-end=\"2452\">nessun periodo di recupero<\/strong>-I clienti possono tornare immediatamente alle loro attivit\u00e0 quotidiane.<\/p>\n<\/li>\n<li data-start=\"2511\" data-end=\"2633\">\n<p data-start=\"2513\" data-end=\"2633\"><strong data-start=\"2513\" data-end=\"2539\">Impostazioni personalizzabili:<\/strong> Regolabile <strong data-start=\"2551\" data-end=\"2592\">Intensit\u00e0 delle vibrazioni RF e magnetiche<\/strong> per soddisfare il livello di comfort di ogni cliente.<\/p>\n<\/li>\n<\/ul>\n<h4 data-start=\"2635\" data-end=\"2660\"><strong data-start=\"2640\" data-end=\"2660\">Aree di trattamento:<\/strong><\/h4>\n<ul data-start=\"2661\" data-end=\"3187\">\n<li data-start=\"2661\" data-end=\"2782\">\n<p data-start=\"2663\" data-end=\"2782\"><strong data-start=\"2663\" data-end=\"2687\">Addome e girovita:<\/strong> Ottenete un aspetto tonico e scolpito mirando al grasso ostinato della pancia e rafforzando i muscoli centrali.<\/p>\n<\/li>\n<li data-start=\"2783\" data-end=\"2885\">\n<p data-start=\"2785\" data-end=\"2885\"><strong data-start=\"2785\" data-end=\"2798\">Natiche:<\/strong> Solleva e rassoda i glutei, riducendo i cedimenti e favorendo un aspetto giovane e tonico.<\/p>\n<\/li>\n<li data-start=\"2886\" data-end=\"3007\">\n<p data-start=\"2888\" data-end=\"3007\"><strong data-start=\"2888\" data-end=\"2904\">Braccia e gambe:<\/strong> Rassodare la pelle e tonificare i muscoli della parte superiore delle braccia, delle cosce e delle gambe, combattendo la cellulite e la pelle flaccida.<\/p>\n<\/li>\n<li data-start=\"3008\" data-end=\"3187\">\n<p data-start=\"3010\" data-end=\"3187\"><strong data-start=\"3010\" data-end=\"3040\">Scultura del corpo post-partum:<\/strong> Particolarmente indicato per le mamme che hanno subito il distacco del retto addominale (pancia post-partum) per aiutare a rassodare e tonificare i muscoli addominali.<\/p>\n<\/li>\n<\/ul>\n<h4 data-start=\"3189\" data-end=\"3207\"><strong data-start=\"3194\" data-end=\"3207\">Vantaggi:<\/strong><\/h4>\n<ul data-start=\"3208\" data-end=\"3751\">\n<li data-start=\"3208\" data-end=\"3305\">\n<p data-start=\"3210\" data-end=\"3305\"><strong data-start=\"3210\" data-end=\"3228\">Crescita muscolare:<\/strong> Aumenta la densit\u00e0 e il volume muscolare fino a <strong data-start=\"3273\" data-end=\"3280\">16%<\/strong> dopo pi\u00f9 sessioni.<\/p>\n<\/li>\n<li data-start=\"3306\" data-end=\"3384\">\n<p data-start=\"3308\" data-end=\"3384\"><strong data-start=\"3308\" data-end=\"3326\">Riduzione del grasso:<\/strong> Riduzione del grasso fino a <strong data-start=\"3347\" data-end=\"3354\">19%<\/strong> dopo un ciclo di trattamenti.<\/p>\n<\/li>\n<li data-start=\"3385\" data-end=\"3500\">\n<p data-start=\"3387\" data-end=\"3500\"><strong data-start=\"3387\" data-end=\"3411\">Miglioramento del metabolismo:<\/strong> L'aumento della massa muscolare contribuisce a <strong data-start=\"3443\" data-end=\"3463\">stimolare il metabolismo<\/strong>bruciando pi\u00f9 calorie anche a riposo.<\/p>\n<\/li>\n<li data-start=\"3501\" data-end=\"3630\">\n<p data-start=\"3503\" data-end=\"3630\"><strong data-start=\"3503\" data-end=\"3531\">Non invasivo e indolore:<\/strong> Non c'\u00e8 bisogno di interventi chirurgici, iniezioni o esercizio fisico intenso: basta <strong data-start=\"3590\" data-end=\"3602\">sdraiarsi<\/strong> e rilassarsi durante il trattamento.<\/p>\n<\/li>\n<li data-start=\"3631\" data-end=\"3751\">\n<p data-start=\"3633\" data-end=\"3751\"><strong data-start=\"3633\" data-end=\"3654\">Veloce ed efficiente:<\/strong> Una sessione completa richiede solo <strong data-start=\"3681\" data-end=\"3695\">30 minuti<\/strong>con risultati visibili in poco tempo <strong data-start=\"3734\" data-end=\"3750\">4 trattamenti<\/strong>.<\/p>\n<\/li>\n<\/ul>\n<p data-start=\"3753\" data-end=\"4010\">Che siate professionisti del settore estetico o consumatori alla ricerca di un efficace scolpimento del corpo, questa tecnologia offre una soluzione rapida e affidabile per ottenere un fisico tonico e in forma senza dover ricorrere a faticosi esercizi o a trattamenti invasivi.<\/p>","protected":false},"excerpt":{"rendered":"<p>Un dispositivo a rulli verticale di livello termale che utilizza la tecnologia della sfera interna magnetica e le microvibrazioni per snellire, levigare e rassodare i contorni di viso e corpo.<\/p>","protected":false},"featured_media":867,"template":"","meta":{"_kad_post_transparent":"default","_kad_post_title":"","_kad_post_layout":"default","_kad_post_sidebar_id":"","_kad_post_content_style":"default","_kad_post_vertical_padding":"default","_kad_post_feature":"","_kad_post_feature_position":"","_kad_post_header":false,"_kad_post_footer":false,"_kad_post_classname":""},"product_brand":[],"product_cat":[19],"product_tag":[151,148,149,150,156,152,147,155,153,141,142,154],"class_list":{"0":"post-503","1":"product","2":"type-product","3":"status-publish","4":"has-post-thumbnail","6":"product_cat-ems-endosphere","7":"product_tag-beauty-roller-machine","8":"product_tag-body-contouring-machine","9":"product_tag-cellulite-reduction-device","10":"product_tag-face-and-body-firming","11":"product_tag-facial-and-body-sculpting","12":"product_tag-lymphatic-drainage-machine","13":"product_tag-magnetic-roller-slimming-device","14":"product_tag-magnetic-therapy-beauty-device","15":"product_tag-non-invasive-slimming","16":"product_tag-professional-beauty-equipment","17":"product_tag-skin-tightening-device","18":"product_tag-spa-contouring-device","20":"first","21":"instock","22":"shipping-taxable","23":"product-type-simple","24":"entry","25":"content-bg","26":"loop-entry"},"_links":{"self":[{"href":"https:\/\/novezabeauty.com\/it\/wp-json\/wp\/v2\/product\/503","targetHints":{"allow":["GET"]}}],"collection":[{"href":"https:\/\/novezabeauty.com\/it\/wp-json\/wp\/v2\/product"}],"about":[{"href":"https:\/\/novezabeauty.com\/it\/wp-json\/wp\/v2\/types\/product"}],"version-history":[{"count":2,"href":"https:\/\/novezabeauty.com\/it\/wp-json\/wp\/v2\/product\/503\/revisions"}],"predecessor-version":[{"id":1261,"href":"https:\/\/novezabeauty.com\/it\/wp-json\/wp\/v2\/product\/503\/revisions\/1261"}],"wp:featuredmedia":[{"embeddable":true,"href":"https:\/\/novezabeauty.com\/it\/wp-json\/wp\/v2\/media\/867"}],"wp:attachment":[{"href":"https:\/\/novezabeauty.com\/it\/wp-json\/wp\/v2\/media?parent=503"}],"wp:term":[{"taxonomy":"product_brand","embeddable":true,"href":"https:\/\/novezabeauty.com\/it\/wp-json\/wp\/v2\/product_brand?post=503"},{"taxonomy":"product_cat","embeddable":true,"href":"https:\/\/novezabeauty.com\/it\/wp-json\/wp\/v2\/product_cat?post=503"},{"taxonomy":"product_tag","embeddable":true,"href":"https:\/\/novezabeauty.com\/it\/wp-json\/wp\/v2\/product_tag?post=503"}],"curies":[{"name":"wp","href":"https:\/\/api.w.org\/{rel}","templated":true}]}}