 {"id":739,"date":"2025-07-08T03:47:34","date_gmt":"2025-07-08T03:47:34","guid":{"rendered":"https:\/\/novezabeauty.com\/?post_type=product&#038;p=739"},"modified":"2025-11-23T08:40:00","modified_gmt":"2025-11-23T08:40:00","slug":"gold-radio-frequency-microcrystalline-skin-rejuvenation-device","status":"publish","type":"product","link":"https:\/\/novezabeauty.com\/it\/gold-radio-frequency-microcrystalline-skin-rejuvenation-device\/","title":{"rendered":"Dispositivo di ringiovanimento della pelle microcristallino di radiofrequenza dell'oro"},"content":{"rendered":"<p data-start=\"114\" data-end=\"251\"><strong data-start=\"114\" data-end=\"251\">Dispositivo di ringiovanimento cutaneo microcristallino a radiofrequenza d'oro - rimozione delle rughe, rafforzamento della pelle, trattamento delle cicatrici e delle smagliature dell'acne<\/strong><\/p>\n<p data-start=\"274\" data-end=\"613\"><strong data-start=\"274\" data-end=\"613\">Ottenete una pelle pi\u00f9 liscia e compatta con il dispositivo di ringiovanimento cutaneo Gold Radio Frequency Microcrystalline. Combinando la tecnologia microcristallina con l'energia della radiofrequenza, questo dispositivo agisce efficacemente su rughe, cicatrici da acne, smagliature e tono della pelle non uniforme. Perfetto per il ringiovanimento del viso, il rassodamento della pelle e il miglioramento generale della struttura cutanea.<\/strong><\/p>\n<p data-start=\"640\" data-end=\"1033\">Il nostro dispositivo di ringiovanimento cutaneo a radiofrequenza microcristallina Gold \u00e8 una soluzione di bellezza innovativa che combina la tecnologia microcristallina avanzata con l'energia a radiofrequenza (RF). Progettato per fornire una stimolazione profonda della pelle, promuove la produzione di collagene e migliora la compattezza della pelle, affrontando efficacemente vari problemi cutanei. Ecco le caratteristiche e i vantaggi principali di questo dispositivo:<\/p>\n<h4 data-start=\"1035\" data-end=\"1071\">1. <strong data-start=\"1043\" data-end=\"1071\">Riparazione precisa e profonda della pelle<\/strong><\/h4>\n<p data-start=\"1072\" data-end=\"1353\">Le punte microcristalline penetrano la barriera cutanea, stimolando la produzione di collagene ed elastina negli strati pi\u00f9 profondi della pelle. Il dispositivo consente di regolare la profondit\u00e0 di penetrazione e l'intensit\u00e0 dell'energia RF, assicurando trattamenti precisi che soddisfano le esigenze individuali.<\/p>\n<h4 data-start=\"1355\" data-end=\"1403\">2. <strong data-start=\"1363\" data-end=\"1403\">Efficace per diversi problemi della pelle<\/strong><\/h4>\n<p data-start=\"1404\" data-end=\"1690\">Se avete a che fare con rughe, zampe di gallina, pelle cadente, cicatrici da acne, smagliature o pori dilatati, questo dispositivo pu\u00f2 aiutarvi. Combinando i benefici dell'energia RF e della tecnologia microcristallina, rassoda la pelle, riduce l'aspetto delle rughe e migliora la texture della pelle.<\/p>\n<h4 data-start=\"1692\" data-end=\"1725\">3. <strong data-start=\"1700\" data-end=\"1725\">Sicuro e non invasivo<\/strong><\/h4>\n<p data-start=\"1726\" data-end=\"2082\">A differenza dei trattamenti tradizionali, il dispositivo Gold RF Microcrystalline utilizza una testa di microcristalli isolata appositamente progettata che evita di danneggiare l'epidermide. L'energia RF viene erogata alla giusta profondit\u00e0 di trattamento senza causare danni termici alla superficie della pelle. Ci\u00f2 garantisce che non si formino croste o scolorimenti dopo il trattamento e che i tempi di recupero siano minimi.<\/p>\n<h4 data-start=\"2084\" data-end=\"2116\">4. <strong data-start=\"2092\" data-end=\"2116\">Risultati duraturi<\/strong><\/h4>\n<p data-start=\"2117\" data-end=\"2353\">I risultati sono visibili gi\u00e0 dopo una sola seduta e, con l'uso continuato, i benefici durano da 3 a 6 anni. La texture della pelle migliora nel tempo e le rughe profonde e i cedimenti si riducono significativamente dopo diversi trattamenti.<\/p>\n<h4 data-start=\"2355\" data-end=\"2393\">5. <strong data-start=\"2363\" data-end=\"2393\">Personalizzabile e versatile<\/strong><\/h4>\n<p data-start=\"2394\" data-end=\"2735\">Questo dispositivo offre una variet\u00e0 di modalit\u00e0 per adattarsi a diverse aree di trattamento, tra cui viso, collo e addome. Che si tratti di trattamenti anti-aging, cicatrici da acne o smagliature, \u00e8 possibile personalizzare la profondit\u00e0 del trattamento e l'intensit\u00e0 della radiofrequenza in base alle proprie esigenze specifiche. L'interfaccia intuitiva ne facilita l'utilizzo, anche a casa.<\/p>\n<h4 data-start=\"2737\" data-end=\"2771\">6. <strong data-start=\"2745\" data-end=\"2771\">Specifiche del dispositivo:<\/strong><\/h4>\n<ul data-start=\"2772\" data-end=\"3128\">\n<li data-start=\"2772\" data-end=\"2803\">\n<p data-start=\"2774\" data-end=\"2803\"><strong data-start=\"2774\" data-end=\"2794\">Frequenza di uscita<\/strong>2-4 MHz<\/p>\n<\/li>\n<li data-start=\"2804\" data-end=\"2831\">\n<p data-start=\"2806\" data-end=\"2831\"><strong data-start=\"2806\" data-end=\"2822\">Potenza di uscita<\/strong>: 10-200W<\/p>\n<\/li>\n<li data-start=\"2832\" data-end=\"2913\">\n<p data-start=\"2834\" data-end=\"2913\"><strong data-start=\"2834\" data-end=\"2861\">Tipi di sonde terapeutiche<\/strong>: 10 pin, 25 pin, 64 pin, Nano pin (intercambiabili)<\/p>\n<\/li>\n<li data-start=\"2914\" data-end=\"2957\">\n<p data-start=\"2916\" data-end=\"2957\"><strong data-start=\"2916\" data-end=\"2933\">Tensione di ingresso<\/strong>: AC 110V~220V~50Hz\/60Hz<\/p>\n<\/li>\n<li data-start=\"2958\" data-end=\"3019\">\n<p data-start=\"2960\" data-end=\"3019\"><strong data-start=\"2960\" data-end=\"2988\">Aree di trattamento idonee<\/strong>: Viso, collo, addome e molto altro ancora.<\/p>\n<\/li>\n<li data-start=\"3020\" data-end=\"3128\">\n<p data-start=\"3022\" data-end=\"3128\"><strong data-start=\"3022\" data-end=\"3040\">Applicabile per<\/strong>: Utenti con cedimenti cutanei, rughe, cicatrici da acne, smagliature e altri problemi della pelle.<\/p>\n<\/li>\n<\/ul>\n<h4 data-start=\"3130\" data-end=\"3165\">7. <strong data-start=\"3138\" data-end=\"3165\">Problemi cutanei applicabili:<\/strong><\/h4>\n<ul data-start=\"3166\" data-end=\"3639\">\n<li data-start=\"3166\" data-end=\"3285\">\n<p data-start=\"3168\" data-end=\"3285\"><strong data-start=\"3168\" data-end=\"3196\">Rughe e zampe di gallina<\/strong>: Riduce efficacemente le rughe del viso e del collo, ripristinando una pelle liscia e compatta.<\/p>\n<\/li>\n<li data-start=\"3286\" data-end=\"3395\">\n<p data-start=\"3288\" data-end=\"3395\"><strong data-start=\"3288\" data-end=\"3305\">Smagliature<\/strong>: Riduce l'aspetto delle smagliature, soprattutto sull'addome, con un uso costante.<\/p>\n<\/li>\n<li data-start=\"3396\" data-end=\"3517\">\n<p data-start=\"3398\" data-end=\"3517\"><strong data-start=\"3398\" data-end=\"3425\">Cicatrici e cicatrici da acne<\/strong>: Migliora l'aspetto delle cicatrici da acne e di altri tipi di cicatrici, favorendo la guarigione della pelle.<\/p>\n<\/li>\n<li data-start=\"3518\" data-end=\"3639\">\n<p data-start=\"3520\" data-end=\"3639\"><strong data-start=\"3520\" data-end=\"3552\">Pori dilatati e pelle opaca<\/strong>: Restringe i pori, uniforma il tono della pelle e migliora la luminosit\u00e0 e la chiarezza generale della pelle.<\/p>\n<\/li>\n<\/ul>\n<h4 data-start=\"3641\" data-end=\"3681\">8. <strong data-start=\"3649\" data-end=\"3681\">Principio di funzionamento ed effetti:<\/strong><\/h4>\n<ul data-start=\"3682\" data-end=\"4186\">\n<li data-start=\"3682\" data-end=\"3851\">\n<p data-start=\"3684\" data-end=\"3851\"><strong data-start=\"3684\" data-end=\"3725\">Esfoliazione fisica microcristallina<\/strong>: Le punte microcristalline superano la barriera cutanea, pulendo i pori e consentendo alla pelle di assorbire meglio i trattamenti.<\/p>\n<\/li>\n<li data-start=\"3852\" data-end=\"4046\">\n<p data-start=\"3854\" data-end=\"4046\"><strong data-start=\"3854\" data-end=\"3872\">RF ad alta energia<\/strong>: L'energia della radiofrequenza penetra in profondit\u00e0 nel derma, stimolando la produzione di collagene, elastina e acido ialuronico, con il risultato di una pelle pi\u00f9 piena, idratata e senza rughe.<\/p>\n<\/li>\n<li data-start=\"4047\" data-end=\"4186\">\n<p data-start=\"4049\" data-end=\"4186\"><strong data-start=\"4049\" data-end=\"4073\">Consegna transdermica<\/strong>: I canali microcristallini favoriscono l'assorbimento dei trattamenti personalizzati, migliorando i risultati complessivi.<\/p>\n<\/li>\n<\/ul>\n<h4 data-start=\"4188\" data-end=\"4220\">9. <strong data-start=\"4196\" data-end=\"4220\">Cura post-trattamento:<\/strong><\/h4>\n<ul data-start=\"4221\" data-end=\"4663\">\n<li data-start=\"4221\" data-end=\"4381\">\n<p data-start=\"4223\" data-end=\"4381\"><strong data-start=\"4223\" data-end=\"4244\">Controindicazioni<\/strong>: Sconsigliato agli utenti con infezioni cutanee, malattie della pelle (eccetto l'acne), disturbi emorragici, gravidanza, pacemaker o cancro della pelle.<\/p>\n<\/li>\n<li data-start=\"4382\" data-end=\"4663\">\n<p data-start=\"4384\" data-end=\"4663\"><strong data-start=\"4384\" data-end=\"4397\">Assistenza post-vendita<\/strong>: Evitare il contatto con l'acqua per 24 ore dopo il trattamento. Applicare prodotti riparatori per favorire il recupero della pelle, evitare l'esposizione al sole e astenersi da attivit\u00e0 faticose per un breve periodo. Il consumo di alcolici deve essere evitato perch\u00e9 pu\u00f2 interferire con il processo di guarigione.<\/p>\n<\/li>\n<\/ul>\n<p data-start=\"4665\" data-end=\"5013\">Il dispositivo di ringiovanimento cutaneo a radiofrequenza microcristallina Gold offre una soluzione innovativa e sicura per il ringiovanimento cutaneo non invasivo. Che si tratti di affrontare i segni dell'invecchiamento, ridurre le cicatrici o semplicemente migliorare la texture della pelle, questo dispositivo offre risultati duraturi e visibili. Ideale per l'uso domestico o per le cliniche di bellezza professionali.<\/p>","protected":false},"excerpt":{"rendered":"<p>Ottenere una pelle pi\u00f9 soda e giovane con il <strong data-start=\"1071\" data-end=\"1120\">Macchina da tavolo SPA dell'attrezzatura di bellezza per uso domestico<\/strong>. Ideale per il rassodamento del viso, la riduzione delle rughe e il ringiovanimento della pelle, questa macchina offre risultati professionali a casa.<\/p>\n<p>&nbsp;<\/p>","protected":false},"featured_media":875,"template":"","meta":{"_kad_post_transparent":"default","_kad_post_title":"","_kad_post_layout":"default","_kad_post_sidebar_id":"","_kad_post_content_style":"default","_kad_post_vertical_padding":"default","_kad_post_feature":"","_kad_post_feature_position":"","_kad_post_header":false,"_kad_post_footer":false,"_kad_post_classname":""},"product_brand":[],"product_cat":[23],"product_tag":[113,118,112,119,111,117,116,115,103,114],"class_list":{"0":"post-739","1":"product","2":"type-product","3":"status-publish","4":"has-post-thumbnail","6":"product_cat-micro-needle","7":"product_tag-anti-aging-equipment","8":"product_tag-beauty-machine-for-face","9":"product_tag-facial-firming-machine","10":"product_tag-facial-treatment-device","11":"product_tag-home-beauty-device","12":"product_tag-home-spa-equipment","13":"product_tag-microcurrent-therapy","14":"product_tag-skin-rejuvenation","15":"product_tag-skin-tightening-machine","16":"product_tag-wrinkle-reduction","18":"first","19":"instock","20":"shipping-taxable","21":"product-type-simple","22":"entry","23":"content-bg","24":"loop-entry"},"_links":{"self":[{"href":"https:\/\/novezabeauty.com\/it\/wp-json\/wp\/v2\/product\/739","targetHints":{"allow":["GET"]}}],"collection":[{"href":"https:\/\/novezabeauty.com\/it\/wp-json\/wp\/v2\/product"}],"about":[{"href":"https:\/\/novezabeauty.com\/it\/wp-json\/wp\/v2\/types\/product"}],"version-history":[{"count":2,"href":"https:\/\/novezabeauty.com\/it\/wp-json\/wp\/v2\/product\/739\/revisions"}],"predecessor-version":[{"id":1257,"href":"https:\/\/novezabeauty.com\/it\/wp-json\/wp\/v2\/product\/739\/revisions\/1257"}],"wp:featuredmedia":[{"embeddable":true,"href":"https:\/\/novezabeauty.com\/it\/wp-json\/wp\/v2\/media\/875"}],"wp:attachment":[{"href":"https:\/\/novezabeauty.com\/it\/wp-json\/wp\/v2\/media?parent=739"}],"wp:term":[{"taxonomy":"product_brand","embeddable":true,"href":"https:\/\/novezabeauty.com\/it\/wp-json\/wp\/v2\/product_brand?post=739"},{"taxonomy":"product_cat","embeddable":true,"href":"https:\/\/novezabeauty.com\/it\/wp-json\/wp\/v2\/product_cat?post=739"},{"taxonomy":"product_tag","embeddable":true,"href":"https:\/\/novezabeauty.com\/it\/wp-json\/wp\/v2\/product_tag?post=739"}],"curies":[{"name":"wp","href":"https:\/\/api.w.org\/{rel}","templated":true}]}}