 {"id":721,"date":"2025-07-07T10:51:32","date_gmt":"2025-07-07T10:51:32","guid":{"rendered":"https:\/\/novezabeauty.com\/?post_type=product&#038;p=721"},"modified":"2025-11-23T08:53:16","modified_gmt":"2025-11-23T08:53:16","slug":"2-in-1-skin-face-care-acne-removal-eyelid-tightening-cool-jet-plasma-machine","status":"publish","type":"product","link":"https:\/\/novezabeauty.com\/nl\/2-in-1-skin-face-care-acne-removal-eyelid-tightening-cool-jet-plasma-machine\/","title":{"rendered":"2 in 1 huid gezicht zorg acne verwijdering ooglid aanscherping koele Jet plasma machine"},"content":{"rendered":"<p><strong>2-in-1 Plasma Schoonheidsapparaat<\/strong><\/p>\n<p>De Noveza 2-in-1 Plasma Beauty Machine integreert Flash Plasma en Ozon Plasma in \u00e9\u00e9n kliniek-klaar platform. Flash Plasma maakt gebruik van DC-microvonkelektroden voor precieze puntbehandeling om de gezichtscontouren te liften en te verstevigen en vlekjes en rimpels te behandelen, terwijl Ozon Plasma antibacteri\u00eble\/ontstekingsremmende zorg biedt om irritatie te verzachten, olie te reguleren, pori\u00ebn diep te reinigen en de absorptie van huidverzorging te verbeteren. Het systeem ondersteunt automatische\/handmatige modi en bevat 7 verwisselbare sondes voor professioneel gebruik op de gevoelige, acnegevoelige en reactieve huid.<\/p>\n<p>&nbsp;<\/p>\n<p>&nbsp;<\/p>\n<p><strong>Beschrijving<\/strong><\/p>\n<p>Twee technologie\u00ebn. Flash Plasma vormt een geleidende verbinding tussen de tip en de huid op ~4 mm, waarbij lucht wordt ge\u00efoniseerd tot plasma en zeer lokale DC-vonken worden gecre\u00eberd (\u22480,1 mm\u00b2 voetafdruk) die de warmte richten waar deze nodig is en de impact op het omringende weefsel minimaliseren. Typische referenties: lift 1-3, spikkels 3-5, rimpels 1-2; blijf niet langer dan 2 seconden op \u00e9\u00e9n punt staan.<\/p>\n<p>Verzorging met ozon. Hoogfrequente spanning elektrolyseert zuurstof om ozon te vormen, waardoor sterilisatie en verzachtende effecten ontstaan. De voordelen zijn onder andere een verbeterde hydrofiliciteit van de epidermis voor een betere penetratie van ingredi\u00ebnten, ondersteuning van elasticiteit\/anti-aging, vermindering van acne-inducerende bacteri\u00ebn en remming van overtollig talg.<\/p>\n<p>Modi &amp; tasters. Kies Automatisch (scherm\/handgreep gesynchroniseerd) of Handmatig (met pedaal) om de workflow aan te passen. Nr.4 &amp; Nr.6 tasters worden aanbevolen voor contactloos speckle werk; alle tasters zijn snel verwisselbaar voor effici\u00ebntie.<\/p>\n<p>&nbsp;<\/p>\n<p>&nbsp;<\/p>\n<p><strong>Toepassingen \/ Functies<\/strong><\/p>\n<ul>\n<li>Lifting &amp; versteviging; verzorging van vlekken en rimpels<\/li>\n<li>Sterilisatie, ontstekingsremmend, verzachtend\/anti-jeuk<\/li>\n<li>Oliecontrole &amp; dieptereiniging; verhelderend en textuurverfijnend<\/li>\n<li>Verbetert absorptie; minimaliseert pori\u00ebn<\/li>\n<\/ul>\n<p>&nbsp;<\/p>\n<p>&nbsp;<\/p>\n<p><strong>Belangrijkste kenmerken<\/strong><\/p>\n<ul>\n<li>Platform met twee modi: Flash + Ozon Plasma in \u00e9\u00e9n apparaat voor liftende en reinigende\/verzachtende workflows<\/li>\n<li>Nauwkeurige levering: DC-vonken met ~0,1 mm\u00b2 voetafdruk voor gelokaliseerde effecten<\/li>\n<li>7 snel verwisselbare sondes: bestrijken verschillende gezichtszones; Nr.4\/Nr.6 voor contactloze spikkels<\/li>\n<li>Twee bedrijfsmodi: Automatisch\/Handmatig (pedaal) voor kliniekeffici\u00ebntie<\/li>\n<li>Onderhoud en hygi\u00ebne: Schoonmaken van de sonde voor\/na elk gebruik helpt de ozonafgifte en levensduur te behouden<\/li>\n<\/ul>\n<p>&nbsp;<\/p>\n<p><strong>Specificaties<\/strong><\/p>\n<ul>\n<li>Ingangsspanning: AC 110-220 V (wereldwijd compatibel)<\/li>\n<li>Uitgangsfrequentie: 15-150 Hz (Flash Plasma Referentie)<\/li>\n<li>Uitgangsvermogen: 10-60 W (typisch bereik)<\/li>\n<li>Afmetingen verpakking: 41 \u00d7 38 \u00d7 51 cm (Exportdoos)<\/li>\n<li>Totaal gewicht: Ca. 11 kg (inclusief verpakking)<\/li>\n<li>Bedrijfsmodus: Automatisch\/Handmatig (voetbediening ondersteund)<\/li>\n<li>Sondes: 7 (snel verwisselbaar)<\/li>\n<\/ul>\n<p>&nbsp;<\/p>\n<p>&nbsp;<\/p>\n<p>Verpakking &amp; MOQ<br \/>\nStandaard exportkarton met schokbestendige inlay; OEM\/ODM voor behuizing, UI-taal, typeplaatje en verpakking. MOQ: monsters en kleine partijen zijn beschikbaar (neem contact op met verkoop).<\/p>\n<p>Doorlooptijd &amp; ondersteuning<br \/>\nTypisch 7-30 dagen, afhankelijk van configuratie\/aanpassing. We bieden installatietraining, diagnose op afstand, reserveonderdelen en garantie, en wereldwijde ondersteuning bij verzending\/douane.<\/p>\n<p>Kwaliteit en certificeringen<br \/>\nGeproduceerd onder ISO 9001 \/ ISO 13485 kwaliteitssystemen met eigen assemblagelijnen, PCB R&amp;D\/testen en betrouwbaarheidslaboratoria.<\/p>\n<p>Veiligheidsaanwijzingen<br \/>\nE\u00e9n punt \u22642 s; grotere of diepere pigmentatie kan 2-3 sessies vereisen; vermijd sterke blootstelling aan licht tijdens herstel. Contra-indicaties: pacemaker\/ernstige hartziekte, implanteerbare metalen apparaten, zwangerschap\/borstvoeding.<\/p>","protected":false},"excerpt":{"rendered":"<p>2-in-1 plasma beautyapparaat met twee modi: Flash-plasmamodus voor gericht liften en verstevigen van de oogleden; Ozon-\/koelplasmamodus voor effectieve acnebehandeling, huidverzachting en oliebeheersing. Bevat 7 sondes, ondersteunt automatische\/handmatige modi en biedt uitgebreide OEM\/ODM-ondersteuning. Vraag nu een offerte of OEM\/ODM-oplossing aan.<\/p>","protected":false},"featured_media":822,"template":"","meta":{"_kad_post_transparent":"default","_kad_post_title":"","_kad_post_layout":"default","_kad_post_sidebar_id":"","_kad_post_content_style":"default","_kad_post_vertical_padding":"default","_kad_post_feature":"","_kad_post_feature_position":"","_kad_post_header":false,"_kad_post_footer":false,"_kad_post_classname":""},"product_brand":[],"product_cat":[15],"product_tag":[81,97,132,82,130,84,106,83,129,80,133,115,131,114],"class_list":{"0":"post-721","1":"product","2":"type-product","3":"status-publish","4":"has-post-thumbnail","6":"product_cat-plasma","7":"product_tag-2-in-1-plasma-beauty-machine","8":"product_tag-anti-aging-device","9":"product_tag-collagen-booster","10":"product_tag-dual-mode-plasma-device","11":"product_tag-facial-care-machine","12":"product_tag-flash-plasma","13":"product_tag-non-invasive-beauty-treatment","14":"product_tag-ozone-plasma-cool-jet-plasma","15":"product_tag-plasma-beauty-device","16":"product_tag-plasma-beauty-devices","17":"product_tag-plasma-therapy","18":"product_tag-skin-rejuvenation","19":"product_tag-skin-tightening","20":"product_tag-wrinkle-reduction","22":"first","23":"instock","24":"shipping-taxable","25":"product-type-simple","26":"entry","27":"content-bg","28":"loop-entry"},"_links":{"self":[{"href":"https:\/\/novezabeauty.com\/nl\/wp-json\/wp\/v2\/product\/721","targetHints":{"allow":["GET"]}}],"collection":[{"href":"https:\/\/novezabeauty.com\/nl\/wp-json\/wp\/v2\/product"}],"about":[{"href":"https:\/\/novezabeauty.com\/nl\/wp-json\/wp\/v2\/types\/product"}],"version-history":[{"count":2,"href":"https:\/\/novezabeauty.com\/nl\/wp-json\/wp\/v2\/product\/721\/revisions"}],"predecessor-version":[{"id":1259,"href":"https:\/\/novezabeauty.com\/nl\/wp-json\/wp\/v2\/product\/721\/revisions\/1259"}],"wp:featuredmedia":[{"embeddable":true,"href":"https:\/\/novezabeauty.com\/nl\/wp-json\/wp\/v2\/media\/822"}],"wp:attachment":[{"href":"https:\/\/novezabeauty.com\/nl\/wp-json\/wp\/v2\/media?parent=721"}],"wp:term":[{"taxonomy":"product_brand","embeddable":true,"href":"https:\/\/novezabeauty.com\/nl\/wp-json\/wp\/v2\/product_brand?post=721"},{"taxonomy":"product_cat","embeddable":true,"href":"https:\/\/novezabeauty.com\/nl\/wp-json\/wp\/v2\/product_cat?post=721"},{"taxonomy":"product_tag","embeddable":true,"href":"https:\/\/novezabeauty.com\/nl\/wp-json\/wp\/v2\/product_tag?post=721"}],"curies":[{"name":"wp","href":"https:\/\/api.w.org\/{rel}","templated":true}]}}