 {"id":101,"date":"2025-06-30T08:41:50","date_gmt":"2025-06-30T08:41:50","guid":{"rendered":"https:\/\/novezabeauty.com\/?page_id=101"},"modified":"2025-11-14T07:54:23","modified_gmt":"2025-11-14T07:54:23","slug":"faqs","status":"publish","type":"page","link":"https:\/\/novezabeauty.com\/pt\/resources\/faqs\/","title":{"rendered":"Perguntas frequentes"},"content":{"rendered":"<div data-elementor-type=\"wp-page\" data-elementor-id=\"101\" class=\"elementor elementor-101\" data-elementor-post-type=\"page\">\n\t\t\t\t<div class=\"elementor-element elementor-element-92d6e44 e-flex e-con-boxed e-con e-parent\" data-id=\"92d6e44\" data-element_type=\"container\" data-e-type=\"container\">\n\t\t\t\t\t<div class=\"e-con-inner\">\n\t\t\t\t<div class=\"elementor-element elementor-element-9f2b16a elementor-widget elementor-widget-spacer\" data-id=\"9f2b16a\" data-element_type=\"widget\" data-e-type=\"widget\" data-settings=\"{&quot;ekit_we_effect_on&quot;:&quot;none&quot;}\" data-widget_type=\"spacer.default\">\n\t\t\t\t<div class=\"elementor-widget-container\">\n\t\t\t\t\t\t\t<div class=\"elementor-spacer\">\n\t\t\t<div class=\"elementor-spacer-inner\"><\/div>\n\t\t<\/div>\n\t\t\t\t\t\t<\/div>\n\t\t\t\t<\/div>\n\t\t\t\t<div class=\"elementor-element elementor-element-85cdca6 elementor-widget elementor-widget-heading\" data-id=\"85cdca6\" data-element_type=\"widget\" data-e-type=\"widget\" data-settings=\"{&quot;ekit_we_effect_on&quot;:&quot;none&quot;}\" data-widget_type=\"heading.default\">\n\t\t\t\t<div class=\"elementor-widget-container\">\n\t\t\t\t\t<h1 class=\"elementor-heading-title elementor-size-default\">Perguntas frequentes<\/h1>\t\t\t\t<\/div>\n\t\t\t\t<\/div>\n\t\t\t\t<div class=\"elementor-element elementor-element-1fc9936 elementor-widget elementor-widget-elementskit-accordion\" data-id=\"1fc9936\" data-element_type=\"widget\" data-e-type=\"widget\" data-settings=\"{&quot;ekit_we_effect_on&quot;:&quot;none&quot;}\" data-widget_type=\"elementskit-accordion.default\">\n\t\t\t\t<div class=\"elementor-widget-container\">\n\t\t\t\t\t<div class=\"ekit-wid-con\" >\n        <div class=\"elementskit-accordion accoedion-primary\" id=\"accordion-69f9662ad56e3\">\n\n            \n                <div class=\"elementskit-card active\">\n                    <div class=\"elementskit-card-header\" id=\"primaryHeading-0-1fc9936\">\n                        <a href=\"#collapse-7f7559769f9662ad56e3\" class=\"ekit-accordion--toggler elementskit-btn-link collapsed\" data-ekit-toggle=\"collapse\" data-target=\"#Collapse-7f7559769f9662ad56e3\" aria-expanded=\"true\" aria-controls=\"Collapse-7f7559769f9662ad56e3\">\n                            \n                            <span class=\"ekit-accordion-title\">Q1: Os dispositivos de beleza Noveza s\u00e3o seguros de utilizar?<\/span>\n\n                            \n                                <div class=\"ekit_accordion_icon_group\">\n                                    <div class=\"ekit_accordion_normal_icon\">\n                                        <!-- Normal Icon -->\n\t\t\t\t\t\t\t\t\t\t<svg class=\"ekit-svg-icon icon-down-arrow1\" viewbox=\"0 0 32 32\" xmlns=\"http:\/\/www.w3.org\/2000\/svg\"><path d=\"M31.582 8.495c-0.578-0.613-1.544-0.635-2.153-0.059l-13.43 12.723-13.428-12.723c-0.61-0.578-1.574-0.553-2.153 0.059-0.579 0.611-0.553 1.576 0.058 2.155l14.477 13.715c0.293 0.277 0.67 0.418 1.047 0.418s0.756-0.14 1.048-0.418l14.477-13.715c0.611-0.579 0.637-1.544 0.058-2.155z\"><\/path><\/svg>                                    <\/div>\n\n                                    <div class=\"ekit_accordion_active_icon\">\n                                        <!-- Active Icon -->\n\t\t\t\t\t\t\t\t\t\t<svg class=\"ekit-svg-icon icon-up-arrow\" viewbox=\"0 0 32 32\" xmlns=\"http:\/\/www.w3.org\/2000\/svg\"><path d=\"M26.915 10.844c0.451 0.451 0.451 1.162 0 1.613-0.436 0.436-1.162 0.436-1.597 0l-8.18-8.18v26.995c0 0.629-0.5 1.129-1.129 1.129s-1.146-0.5-1.146-1.129v-26.996l-8.164 8.18c-0.451 0.436-1.178 0.436-1.613 0-0.451-0.451-0.451-1.162 0-1.613l10.117-10.117c0.436-0.436 1.162-0.436 1.597 0l10.116 10.118z\"><\/path><\/svg>                                    <\/div>\n                                <\/div>\n\n                            \n                                                    <\/a>\n                    <\/div>\n\n                    <div id=\"Collapse-7f7559769f9662ad56e3\" class=\"show collapse\" aria-labelledby=\"primaryHeading-0-1fc9936\" data-parent=\"#accordion-69f9662ad56e3\">\n\n                        <div class=\"elementskit-card-body ekit-accordion--content\">\n                            <p>Os nossos aparelhos s\u00e3o concebidos para utiliza\u00e7\u00e3o profissional por operadores formados em cl\u00ednicas, spas ou sal\u00f5es de beleza. Cada modelo \u00e9 submetido a testes de funcionamento e de envelhecimento antes da expedi\u00e7\u00e3o. Quando utilizados de acordo com o manual do utilizador e as diretrizes de tratamento, s\u00e3o seguros e est\u00e1veis. Recomendamos sempre uma forma\u00e7\u00e3o adequada e o rastreio dos clientes antes de qualquer tratamento.<\/p>                        <\/div>\n\n                    <\/div>\n\n                <\/div><!-- .elementskit-card END -->\n\n                                        <\/div>\n    <\/div>\t\t\t\t<\/div>\n\t\t\t\t<\/div>\n\t\t\t\t\t<\/div>\n\t\t\t\t<\/div>\n\t\t<div class=\"elementor-element elementor-element-087f23b e-flex e-con-boxed e-con e-parent\" data-id=\"087f23b\" data-element_type=\"container\" data-e-type=\"container\">\n\t\t\t\t\t<div class=\"e-con-inner\">\n\t\t\t\t<div class=\"elementor-element elementor-element-943b0b1 elementor-widget elementor-widget-elementskit-accordion\" data-id=\"943b0b1\" data-element_type=\"widget\" data-e-type=\"widget\" data-settings=\"{&quot;ekit_we_effect_on&quot;:&quot;none&quot;}\" data-widget_type=\"elementskit-accordion.default\">\n\t\t\t\t<div class=\"elementor-widget-container\">\n\t\t\t\t\t<div class=\"ekit-wid-con\" >\n        <div class=\"elementskit-accordion accoedion-primary\" id=\"accordion-69f9662ad8170\">\n\n            \n                <div class=\"elementskit-card active\">\n                    <div class=\"elementskit-card-header\" id=\"primaryHeading-0-943b0b1\">\n                        <a href=\"#collapse-7f7559769f9662ad8170\" class=\"ekit-accordion--toggler elementskit-btn-link collapsed\" data-ekit-toggle=\"collapse\" data-target=\"#Collapse-7f7559769f9662ad8170\" aria-expanded=\"true\" aria-controls=\"Collapse-7f7559769f9662ad8170\">\n                            \n                            <span class=\"ekit-accordion-title\">Q2: Que tipos de tratamentos podem ser efectuados pelos vossos aparelhos?<\/span>\n\n                            \n                                <div class=\"ekit_accordion_icon_group\">\n                                    <div class=\"ekit_accordion_normal_icon\">\n                                        <!-- Normal Icon -->\n\t\t\t\t\t\t\t\t\t\t<svg class=\"ekit-svg-icon icon-down-arrow1\" viewbox=\"0 0 32 32\" xmlns=\"http:\/\/www.w3.org\/2000\/svg\"><path d=\"M31.582 8.495c-0.578-0.613-1.544-0.635-2.153-0.059l-13.43 12.723-13.428-12.723c-0.61-0.578-1.574-0.553-2.153 0.059-0.579 0.611-0.553 1.576 0.058 2.155l14.477 13.715c0.293 0.277 0.67 0.418 1.047 0.418s0.756-0.14 1.048-0.418l14.477-13.715c0.611-0.579 0.637-1.544 0.058-2.155z\"><\/path><\/svg>                                    <\/div>\n\n                                    <div class=\"ekit_accordion_active_icon\">\n                                        <!-- Active Icon -->\n\t\t\t\t\t\t\t\t\t\t<svg class=\"ekit-svg-icon icon-up-arrow\" viewbox=\"0 0 32 32\" xmlns=\"http:\/\/www.w3.org\/2000\/svg\"><path d=\"M26.915 10.844c0.451 0.451 0.451 1.162 0 1.613-0.436 0.436-1.162 0.436-1.597 0l-8.18-8.18v26.995c0 0.629-0.5 1.129-1.129 1.129s-1.146-0.5-1.146-1.129v-26.996l-8.164 8.18c-0.451 0.436-1.178 0.436-1.613 0-0.451-0.451-0.451-1.162 0-1.613l10.117-10.117c0.436-0.436 1.162-0.436 1.597 0l10.116 10.118z\"><\/path><\/svg>                                    <\/div>\n                                <\/div>\n\n                            \n                                                    <\/a>\n                    <\/div>\n\n                    <div id=\"Collapse-7f7559769f9662ad8170\" class=\"show collapse\" aria-labelledby=\"primaryHeading-0-943b0b1\" data-parent=\"#accordion-69f9662ad8170\">\n\n                        <div class=\"elementskit-card-body ekit-accordion--content\">\n                            <p>O nosso portf\u00f3lio abrange uma vasta gama de tratamentos faciais e corporais, incluindo lifting e endurecimento do rosto, rejuvenescimento da pele, limpeza dos poros, melhoria da acne e da textura, contorno e emagrecimento do corpo, redu\u00e7\u00e3o da celulite e depila\u00e7\u00e3o de longa dura\u00e7\u00e3o, dependendo do dispositivo e da tecnologia espec\u00edficos (tais como plasma, EMS, hidra facial, HIFU, terapia Endosphere, laser de d\u00edodo, cavita\u00e7\u00e3o e lipo laser, combina\u00e7\u00e3o EMS + Endosphere e RF com microagulhas).<\/p>                        <\/div>\n\n                    <\/div>\n\n                <\/div><!-- .elementskit-card END -->\n\n                                        <\/div>\n    <\/div>\t\t\t\t<\/div>\n\t\t\t\t<\/div>\n\t\t\t\t\t<\/div>\n\t\t\t\t<\/div>\n\t\t<div class=\"elementor-element elementor-element-a3d47aa e-flex e-con-boxed e-con e-parent\" data-id=\"a3d47aa\" data-element_type=\"container\" data-e-type=\"container\">\n\t\t\t\t\t<div class=\"e-con-inner\">\n\t\t\t\t<div class=\"elementor-element elementor-element-b0f864c elementor-widget elementor-widget-elementskit-accordion\" data-id=\"b0f864c\" data-element_type=\"widget\" data-e-type=\"widget\" data-settings=\"{&quot;ekit_we_effect_on&quot;:&quot;none&quot;}\" data-widget_type=\"elementskit-accordion.default\">\n\t\t\t\t<div class=\"elementor-widget-container\">\n\t\t\t\t\t<div class=\"ekit-wid-con\" >\n        <div class=\"elementskit-accordion accoedion-primary\" id=\"accordion-69f9662ada740\">\n\n            \n                <div class=\"elementskit-card active\">\n                    <div class=\"elementskit-card-header\" id=\"primaryHeading-0-b0f864c\">\n                        <a href=\"#collapse-7f7559769f9662ada740\" class=\"ekit-accordion--toggler elementskit-btn-link collapsed\" data-ekit-toggle=\"collapse\" data-target=\"#Collapse-7f7559769f9662ada740\" aria-expanded=\"true\" aria-controls=\"Collapse-7f7559769f9662ada740\">\n                            \n                            <span class=\"ekit-accordion-title\">Q3: Os vossos dispositivos s\u00e3o adequados para todos os tipos de pele?<\/span>\n\n                            \n                                <div class=\"ekit_accordion_icon_group\">\n                                    <div class=\"ekit_accordion_normal_icon\">\n                                        <!-- Normal Icon -->\n\t\t\t\t\t\t\t\t\t\t<svg class=\"ekit-svg-icon icon-down-arrow1\" viewbox=\"0 0 32 32\" xmlns=\"http:\/\/www.w3.org\/2000\/svg\"><path d=\"M31.582 8.495c-0.578-0.613-1.544-0.635-2.153-0.059l-13.43 12.723-13.428-12.723c-0.61-0.578-1.574-0.553-2.153 0.059-0.579 0.611-0.553 1.576 0.058 2.155l14.477 13.715c0.293 0.277 0.67 0.418 1.047 0.418s0.756-0.14 1.048-0.418l14.477-13.715c0.611-0.579 0.637-1.544 0.058-2.155z\"><\/path><\/svg>                                    <\/div>\n\n                                    <div class=\"ekit_accordion_active_icon\">\n                                        <!-- Active Icon -->\n\t\t\t\t\t\t\t\t\t\t<svg class=\"ekit-svg-icon icon-up-arrow\" viewbox=\"0 0 32 32\" xmlns=\"http:\/\/www.w3.org\/2000\/svg\"><path d=\"M26.915 10.844c0.451 0.451 0.451 1.162 0 1.613-0.436 0.436-1.162 0.436-1.597 0l-8.18-8.18v26.995c0 0.629-0.5 1.129-1.129 1.129s-1.146-0.5-1.146-1.129v-26.996l-8.164 8.18c-0.451 0.436-1.178 0.436-1.613 0-0.451-0.451-0.451-1.162 0-1.613l10.117-10.117c0.436-0.436 1.162-0.436 1.597 0l10.116 10.118z\"><\/path><\/svg>                                    <\/div>\n                                <\/div>\n\n                            \n                                                    <\/a>\n                    <\/div>\n\n                    <div id=\"Collapse-7f7559769f9662ada740\" class=\"show collapse\" aria-labelledby=\"primaryHeading-0-b0f864c\" data-parent=\"#accordion-69f9662ada740\">\n\n                        <div class=\"elementskit-card-body ekit-accordion--content\">\n                            <p>Muitos dos nossos aparelhos podem ser utilizados em diferentes tipos de pele, mas a indica\u00e7\u00e3o exacta e a gama de seguran\u00e7a dependem da tecnologia e do modelo espec\u00edficos. O operador deve seguir sempre o manual do utilizador, os protocolos de tratamento e os regulamentos locais, e ajustar os par\u00e2metros de acordo com o tipo de pele, a condi\u00e7\u00e3o e o historial m\u00e9dico do cliente.<\/p>                        <\/div>\n\n                    <\/div>\n\n                <\/div><!-- .elementskit-card END -->\n\n                                        <\/div>\n    <\/div>\t\t\t\t<\/div>\n\t\t\t\t<\/div>\n\t\t\t\t\t<\/div>\n\t\t\t\t<\/div>\n\t\t<div class=\"elementor-element elementor-element-3b5e32a e-flex e-con-boxed e-con e-parent\" data-id=\"3b5e32a\" data-element_type=\"container\" data-e-type=\"container\">\n\t\t\t\t\t<div class=\"e-con-inner\">\n\t\t\t\t<div class=\"elementor-element elementor-element-2fcb8da elementor-widget elementor-widget-elementskit-accordion\" data-id=\"2fcb8da\" data-element_type=\"widget\" data-e-type=\"widget\" data-settings=\"{&quot;ekit_we_effect_on&quot;:&quot;none&quot;}\" data-widget_type=\"elementskit-accordion.default\">\n\t\t\t\t<div class=\"elementor-widget-container\">\n\t\t\t\t\t<div class=\"ekit-wid-con\" >\n        <div class=\"elementskit-accordion accoedion-primary\" id=\"accordion-69f9662adcc36\">\n\n            \n                <div class=\"elementskit-card active\">\n                    <div class=\"elementskit-card-header\" id=\"primaryHeading-0-2fcb8da\">\n                        <a href=\"#collapse-7f7559769f9662adcc36\" class=\"ekit-accordion--toggler elementskit-btn-link collapsed\" data-ekit-toggle=\"collapse\" data-target=\"#Collapse-7f7559769f9662adcc36\" aria-expanded=\"true\" aria-controls=\"Collapse-7f7559769f9662adcc36\">\n                            \n                            <span class=\"ekit-accordion-title\">Q4: O que pode ser personalizado nos vossos dispositivos?<\/span>\n\n                            \n                                <div class=\"ekit_accordion_icon_group\">\n                                    <div class=\"ekit_accordion_normal_icon\">\n                                        <!-- Normal Icon -->\n\t\t\t\t\t\t\t\t\t\t<svg class=\"ekit-svg-icon icon-down-arrow1\" viewbox=\"0 0 32 32\" xmlns=\"http:\/\/www.w3.org\/2000\/svg\"><path d=\"M31.582 8.495c-0.578-0.613-1.544-0.635-2.153-0.059l-13.43 12.723-13.428-12.723c-0.61-0.578-1.574-0.553-2.153 0.059-0.579 0.611-0.553 1.576 0.058 2.155l14.477 13.715c0.293 0.277 0.67 0.418 1.047 0.418s0.756-0.14 1.048-0.418l14.477-13.715c0.611-0.579 0.637-1.544 0.058-2.155z\"><\/path><\/svg>                                    <\/div>\n\n                                    <div class=\"ekit_accordion_active_icon\">\n                                        <!-- Active Icon -->\n\t\t\t\t\t\t\t\t\t\t<svg class=\"ekit-svg-icon icon-up-arrow\" viewbox=\"0 0 32 32\" xmlns=\"http:\/\/www.w3.org\/2000\/svg\"><path d=\"M26.915 10.844c0.451 0.451 0.451 1.162 0 1.613-0.436 0.436-1.162 0.436-1.597 0l-8.18-8.18v26.995c0 0.629-0.5 1.129-1.129 1.129s-1.146-0.5-1.146-1.129v-26.996l-8.164 8.18c-0.451 0.436-1.178 0.436-1.613 0-0.451-0.451-0.451-1.162 0-1.613l10.117-10.117c0.436-0.436 1.162-0.436 1.597 0l10.116 10.118z\"><\/path><\/svg>                                    <\/div>\n                                <\/div>\n\n                            \n                                                    <\/a>\n                    <\/div>\n\n                    <div id=\"Collapse-7f7559769f9662adcc36\" class=\"show collapse\" aria-labelledby=\"primaryHeading-0-2fcb8da\" data-parent=\"#accordion-69f9662adcc36\">\n\n                        <div class=\"elementskit-card-body ekit-accordion--content\">\n                            <p>A personaliza\u00e7\u00e3o pode incluir o log\u00f3tipo e a marca, a cor e o design do inv\u00f3lucro, o idioma da interface e o estilo da IU, a embalagem e os manuais e, nos projectos ODM, at\u00e9 mesmo a configura\u00e7\u00e3o do hardware, as combina\u00e7\u00f5es de pe\u00e7as de m\u00e3o, as fun\u00e7\u00f5es de software e os protocolos. As op\u00e7\u00f5es reais dependem do tipo de dispositivo e da escala do projeto.<\/p>                        <\/div>\n\n                    <\/div>\n\n                <\/div><!-- .elementskit-card END -->\n\n                                        <\/div>\n    <\/div>\t\t\t\t<\/div>\n\t\t\t\t<\/div>\n\t\t\t\t\t<\/div>\n\t\t\t\t<\/div>\n\t\t<div class=\"elementor-element elementor-element-709a826 e-flex e-con-boxed e-con e-parent\" data-id=\"709a826\" data-element_type=\"container\" data-e-type=\"container\">\n\t\t\t\t\t<div class=\"e-con-inner\">\n\t\t\t\t<div class=\"elementor-element elementor-element-441b76b elementor-widget elementor-widget-elementskit-accordion\" data-id=\"441b76b\" data-element_type=\"widget\" data-e-type=\"widget\" data-settings=\"{&quot;ekit_we_effect_on&quot;:&quot;none&quot;}\" data-widget_type=\"elementskit-accordion.default\">\n\t\t\t\t<div class=\"elementor-widget-container\">\n\t\t\t\t\t<div class=\"ekit-wid-con\" >\n        <div class=\"elementskit-accordion accoedion-primary\" id=\"accordion-69f9662adf650\">\n\n            \n                <div class=\"elementskit-card active\">\n                    <div class=\"elementskit-card-header\" id=\"primaryHeading-0-441b76b\">\n                        <a href=\"#collapse-7f7559769f9662adf650\" class=\"ekit-accordion--toggler elementskit-btn-link collapsed\" data-ekit-toggle=\"collapse\" data-target=\"#Collapse-7f7559769f9662adf650\" aria-expanded=\"true\" aria-controls=\"Collapse-7f7559769f9662adf650\">\n                            \n                            <span class=\"ekit-accordion-title\">Q5: Como posso efetuar uma encomenda?<\/span>\n\n                            \n                                <div class=\"ekit_accordion_icon_group\">\n                                    <div class=\"ekit_accordion_normal_icon\">\n                                        <!-- Normal Icon -->\n\t\t\t\t\t\t\t\t\t\t<svg class=\"ekit-svg-icon icon-down-arrow1\" viewbox=\"0 0 32 32\" xmlns=\"http:\/\/www.w3.org\/2000\/svg\"><path d=\"M31.582 8.495c-0.578-0.613-1.544-0.635-2.153-0.059l-13.43 12.723-13.428-12.723c-0.61-0.578-1.574-0.553-2.153 0.059-0.579 0.611-0.553 1.576 0.058 2.155l14.477 13.715c0.293 0.277 0.67 0.418 1.047 0.418s0.756-0.14 1.048-0.418l14.477-13.715c0.611-0.579 0.637-1.544 0.058-2.155z\"><\/path><\/svg>                                    <\/div>\n\n                                    <div class=\"ekit_accordion_active_icon\">\n                                        <!-- Active Icon -->\n\t\t\t\t\t\t\t\t\t\t<svg class=\"ekit-svg-icon icon-up-arrow\" viewbox=\"0 0 32 32\" xmlns=\"http:\/\/www.w3.org\/2000\/svg\"><path d=\"M26.915 10.844c0.451 0.451 0.451 1.162 0 1.613-0.436 0.436-1.162 0.436-1.597 0l-8.18-8.18v26.995c0 0.629-0.5 1.129-1.129 1.129s-1.146-0.5-1.146-1.129v-26.996l-8.164 8.18c-0.451 0.436-1.178 0.436-1.613 0-0.451-0.451-0.451-1.162 0-1.613l10.117-10.117c0.436-0.436 1.162-0.436 1.597 0l10.116 10.118z\"><\/path><\/svg>                                    <\/div>\n                                <\/div>\n\n                            \n                                                    <\/a>\n                    <\/div>\n\n                    <div id=\"Collapse-7f7559769f9662adf650\" class=\"show collapse\" aria-labelledby=\"primaryHeading-0-441b76b\" data-parent=\"#accordion-69f9662adf650\">\n\n                        <div class=\"elementskit-card-body ekit-accordion--content\">\n                            <p>Pode contactar-nos atrav\u00e9s do s\u00edtio Web, do correio eletr\u00f3nico ou de aplica\u00e7\u00f5es de mensagens. A nossa equipa de vendas discutir\u00e1 as suas necessidades, recomendar\u00e1 os modelos adequados, confirmar\u00e1 as especifica\u00e7\u00f5es e a quantidade e, em seguida, emitir\u00e1 um or\u00e7amento e uma fatura pr\u00f3-forma (PI). Assim que recebermos o seu pagamento conforme acordado, tratamos da produ\u00e7\u00e3o e expedi\u00e7\u00e3o.<\/p>                        <\/div>\n\n                    <\/div>\n\n                <\/div><!-- .elementskit-card END -->\n\n                                        <\/div>\n    <\/div>\t\t\t\t<\/div>\n\t\t\t\t<\/div>\n\t\t\t\t\t<\/div>\n\t\t\t\t<\/div>\n\t\t\t\t<\/div>","protected":false},"excerpt":{"rendered":"<p>FAQs Q1: Are Noveza beauty devices safe to use? Our devices are designed for professional use by trained operators in clinics, spas or salons. Each model goes through functional testing and aging tests before shipment. When used according to the user manual and treatment guidelines, they are safe and stable. We always recommend proper training&#8230;<\/p>","protected":false},"author":1,"featured_media":0,"parent":83,"menu_order":5,"comment_status":"closed","ping_status":"closed","template":"","meta":{"_kad_post_transparent":"","_kad_post_title":"hide","_kad_post_layout":"fullwidth","_kad_post_sidebar_id":"","_kad_post_content_style":"unboxed","_kad_post_vertical_padding":"hide","_kad_post_feature":"hide","_kad_post_feature_position":"","_kad_post_header":false,"_kad_post_footer":false,"_kad_post_classname":"","footnotes":""},"class_list":["post-101","page","type-page","status-publish","hentry"],"_links":{"self":[{"href":"https:\/\/novezabeauty.com\/pt\/wp-json\/wp\/v2\/pages\/101","targetHints":{"allow":["GET"]}}],"collection":[{"href":"https:\/\/novezabeauty.com\/pt\/wp-json\/wp\/v2\/pages"}],"about":[{"href":"https:\/\/novezabeauty.com\/pt\/wp-json\/wp\/v2\/types\/page"}],"author":[{"embeddable":true,"href":"https:\/\/novezabeauty.com\/pt\/wp-json\/wp\/v2\/users\/1"}],"replies":[{"embeddable":true,"href":"https:\/\/novezabeauty.com\/pt\/wp-json\/wp\/v2\/comments?post=101"}],"version-history":[{"count":4,"href":"https:\/\/novezabeauty.com\/pt\/wp-json\/wp\/v2\/pages\/101\/revisions"}],"predecessor-version":[{"id":1094,"href":"https:\/\/novezabeauty.com\/pt\/wp-json\/wp\/v2\/pages\/101\/revisions\/1094"}],"up":[{"embeddable":true,"href":"https:\/\/novezabeauty.com\/pt\/wp-json\/wp\/v2\/pages\/83"}],"wp:attachment":[{"href":"https:\/\/novezabeauty.com\/pt\/wp-json\/wp\/v2\/media?parent=101"}],"curies":[{"name":"wp","href":"https:\/\/api.w.org\/{rel}","templated":true}]}}