 {"id":85,"date":"2025-06-30T08:32:59","date_gmt":"2025-06-30T08:32:59","guid":{"rendered":"https:\/\/novezabeauty.com\/?page_id=85"},"modified":"2025-11-14T03:22:29","modified_gmt":"2025-11-14T03:22:29","slug":"oem-odm","status":"publish","type":"page","link":"https:\/\/novezabeauty.com\/pt\/resources\/oem-odm\/","title":{"rendered":"OEM E ODM"},"content":{"rendered":"<div data-elementor-type=\"wp-page\" data-elementor-id=\"85\" class=\"elementor elementor-85\" data-elementor-post-type=\"page\">\n\t\t\t\t<div class=\"elementor-element elementor-element-108a93b e-flex e-con-boxed e-con e-parent\" data-id=\"108a93b\" data-element_type=\"container\" data-e-type=\"container\">\n\t\t\t\t\t<div class=\"e-con-inner\">\n\t\t\t\t<div class=\"elementor-element elementor-element-dab5566 elementor-widget elementor-widget-heading\" data-id=\"dab5566\" data-element_type=\"widget\" data-e-type=\"widget\" data-settings=\"{&quot;ekit_we_effect_on&quot;:&quot;none&quot;}\" data-widget_type=\"heading.default\">\n\t\t\t\t<div class=\"elementor-widget-container\">\n\t\t\t\t\t<h1 class=\"elementor-heading-title elementor-size-default\">OEM E ODM<\/h1>\t\t\t\t<\/div>\n\t\t\t\t<\/div>\n\t\t\t\t<div class=\"elementor-element elementor-element-3e9a37c elementor-widget elementor-widget-text-editor\" data-id=\"3e9a37c\" data-element_type=\"widget\" data-e-type=\"widget\" data-settings=\"{&quot;ekit_we_effect_on&quot;:&quot;none&quot;}\" data-widget_type=\"text-editor.default\">\n\t\t\t\t<div class=\"elementor-widget-container\">\n\t\t\t\t\t\t\t\t\t<p>Na Noveza, n\u00e3o nos limitamos a vender aparelhos de beleza - somos um parceiro a n\u00edvel de f\u00e1brica que o ajuda a construir o seu pr\u00f3prio equipamento de marca, de dentro para fora.<br data-start=\"258\" data-end=\"261\" \/>O nosso servi\u00e7o OEM e ODM foi concebido para distribuidores, cl\u00ednicas, cadeias de spa e propriet\u00e1rios de marcas que pretendem uma qualidade est\u00e1vel, uma personaliza\u00e7\u00e3o flex\u00edvel e uma coopera\u00e7\u00e3o a longo prazo com um fabricante fi\u00e1vel.\u00a0 \u00a0 \u00a0<\/p><p>\u00a0<\/p>\t\t\t\t\t\t\t\t<\/div>\n\t\t\t\t<\/div>\n\t\t\t\t\t<\/div>\n\t\t\t\t<\/div>\n\t\t<div class=\"elementor-element elementor-element-fd6835d e-flex e-con-boxed e-con e-parent\" data-id=\"fd6835d\" data-element_type=\"container\" data-e-type=\"container\">\n\t\t\t\t\t<div class=\"e-con-inner\">\n\t\t\t\t<div class=\"elementor-element elementor-element-90e9da5 elementor-widget elementor-widget-heading\" data-id=\"90e9da5\" data-element_type=\"widget\" data-e-type=\"widget\" data-settings=\"{&quot;ekit_we_effect_on&quot;:&quot;none&quot;}\" data-widget_type=\"heading.default\">\n\t\t\t\t<div class=\"elementor-widget-container\">\n\t\t\t\t\t<h3 class=\"elementor-heading-title elementor-size-default\">Sec\u00e7\u00e3o 1 - O que o nosso servi\u00e7o OEM e ODM cobre<\/h3>\t\t\t\t<\/div>\n\t\t\t\t<\/div>\n\t\t\t\t<div class=\"elementor-element elementor-element-c853b94 elementor-widget elementor-widget-text-editor\" data-id=\"c853b94\" data-element_type=\"widget\" data-e-type=\"widget\" data-settings=\"{&quot;ekit_we_effect_on&quot;:&quot;none&quot;}\" data-widget_type=\"text-editor.default\">\n\t\t\t\t<div class=\"elementor-widget-container\">\n\t\t\t\t\t\t\t\t\t<p data-start=\"510\" data-end=\"623\">\u00a0Fornecemos um servi\u00e7o de personaliza\u00e7\u00e3o de toda a cadeia, desde a ideia e o design at\u00e9 \u00e0s m\u00e1quinas acabadas e ao apoio p\u00f3s-venda.<\/p><p data-start=\"625\" data-end=\"667\"><strong data-start=\"625\" data-end=\"667\">Pode trabalhar connosco de duas formas principais:<\/strong><\/p><ul data-start=\"669\" data-end=\"1070\"><li data-start=\"669\" data-end=\"847\"><p data-start=\"671\" data-end=\"847\"><strong data-start=\"671\" data-end=\"716\">OEM (Marca pr\u00f3pria e personaliza\u00e7\u00e3o ligeira)<\/strong><br data-start=\"716\" data-end=\"719\" \/>Aplique o seu log\u00f3tipo, cores e identidade de marca aos nossos modelos maduros. Ideal se pretende lan\u00e7ar-se rapidamente com tecnologias comprovadas.<\/p><\/li><li data-start=\"849\" data-end=\"1070\"><p data-start=\"851\" data-end=\"1070\"><strong data-start=\"851\" data-end=\"897\">ODM (Personaliza\u00e7\u00e3o profunda e novo desenvolvimento)<\/strong><br data-start=\"897\" data-end=\"900\" \/>Co-desenvolver ou personalizar totalmente um novo dispositivo - incluindo fun\u00e7\u00f5es, aspeto, software e interface do utilizador - de acordo com o seu posicionamento no mercado e conceitos de tratamento.\u00a0 \u00a0 \u00a0\u00a0<\/p><\/li><\/ul><div>\u00a0<\/div><div>\u00a0<\/div>\t\t\t\t\t\t\t\t<\/div>\n\t\t\t\t<\/div>\n\t\t\t\t\t<\/div>\n\t\t\t\t<\/div>\n\t\t<div class=\"elementor-element elementor-element-e848e23 e-flex e-con-boxed e-con e-parent\" data-id=\"e848e23\" data-element_type=\"container\" data-e-type=\"container\">\n\t\t\t\t\t<div class=\"e-con-inner\">\n\t\t\t\t<div class=\"elementor-element elementor-element-889aaeb elementor-widget elementor-widget-heading\" data-id=\"889aaeb\" data-element_type=\"widget\" data-e-type=\"widget\" data-settings=\"{&quot;ekit_we_effect_on&quot;:&quot;none&quot;}\" data-widget_type=\"heading.default\">\n\t\t\t\t<div class=\"elementor-widget-container\">\n\t\t\t\t\t<h3 class=\"elementor-heading-title elementor-size-default\">Sec\u00e7\u00e3o 2 - O que pode personalizar<\/h3>\t\t\t\t<\/div>\n\t\t\t\t<\/div>\n\t\t\t\t<div class=\"elementor-element elementor-element-58c11c7 elementor-widget elementor-widget-text-editor\" data-id=\"58c11c7\" data-element_type=\"widget\" data-e-type=\"widget\" data-settings=\"{&quot;ekit_we_effect_on&quot;:&quot;none&quot;}\" data-widget_type=\"text-editor.default\">\n\t\t\t\t<div class=\"elementor-widget-container\">\n\t\t\t\t\t\t\t\t\t<p data-start=\"1116\" data-end=\"1218\">Compreendemos que cada mercado e cada marca s\u00e3o diferentes, pelo que o nosso menu OEM e ODM \u00e9 flex\u00edvel e modular.<\/p><p data-start=\"1220\" data-end=\"1244\"><strong data-start=\"1220\" data-end=\"1244\">Hardware e fun\u00e7\u00f5es<\/strong><\/p><ul data-start=\"1246\" data-end=\"1610\"><li data-start=\"1246\" data-end=\"1350\"><p data-start=\"1248\" data-end=\"1350\">Tipo de m\u00e1quina e fun\u00e7\u00f5es de tratamento (lifting facial, rejuvenescimento da pele, emagrecimento, depila\u00e7\u00e3o, etc.)<\/p><\/li><li data-start=\"1351\" data-end=\"1425\"><p data-start=\"1353\" data-end=\"1425\">Pe\u00e7as de m\u00e3o e cabe\u00e7as de tratamento (n\u00fameros, combina\u00e7\u00f5es, especifica\u00e7\u00f5es)<\/p><\/li><li data-start=\"1426\" data-end=\"1527\"><p data-start=\"1428\" data-end=\"1527\">Gamas de sa\u00edda de energia e modos de funcionamento (RF, HIFU, EMS, laser, cavita\u00e7\u00e3o, criolip\u00f3lise e mais)<\/p><\/li><li data-start=\"1528\" data-end=\"1610\"><p data-start=\"1530\" data-end=\"1610\">Tamanho do ecr\u00e3, disposi\u00e7\u00e3o e estilo de funcionamento (ecr\u00e3 t\u00e1til, bot\u00f5es, l\u00f3gica da interface)<\/p><\/li><\/ul><p data-start=\"1612\" data-end=\"1641\"><strong data-start=\"1612\" data-end=\"1641\">Software e interface do utilizador<\/strong><\/p><ul data-start=\"1643\" data-end=\"1868\"><li data-start=\"1643\" data-end=\"1695\"><p data-start=\"1645\" data-end=\"1695\">L\u00edngua(s) de interface e op\u00e7\u00f5es multilingues<\/p><\/li><li data-start=\"1696\" data-end=\"1749\"><p data-start=\"1698\" data-end=\"1749\">Predefini\u00e7\u00f5es de tratamento, protocolos e intervalos de par\u00e2metros<\/p><\/li><li data-start=\"1750\" data-end=\"1804\"><p data-start=\"1752\" data-end=\"1804\">Visuais da marca na IU (log\u00f3tipo, tema de cores, \u00edcones)<\/p><\/li><li data-start=\"1805\" data-end=\"1868\"><p data-start=\"1807\" data-end=\"1868\">Prote\u00e7\u00e3o por palavra-passe, n\u00edveis de utilizador e outras carater\u00edsticas pr\u00e1ticas<\/p><\/li><\/ul><p data-start=\"1870\" data-end=\"1905\"><strong data-start=\"1870\" data-end=\"1905\">Marcas, embalagens e documentos<\/strong><\/p><ul data-start=\"1907\" data-end=\"2164\"><li data-start=\"1907\" data-end=\"1977\"><p data-start=\"1909\" data-end=\"1977\">Impress\u00e3o de log\u00f3tipos (revestimento da m\u00e1quina, pe\u00e7as de m\u00e3o, etiquetas, ecr\u00e3 de arranque)<\/p><\/li><li data-start=\"1978\" data-end=\"2030\"><p data-start=\"1980\" data-end=\"2030\">Cor da m\u00e1quina, design do painel e estilo exterior<\/p><\/li><li data-start=\"2031\" data-end=\"2091\"><p data-start=\"2033\" data-end=\"2091\">Conce\u00e7\u00e3o da embalagem (caixa de cor, cart\u00e3o, tabuleiro interior, etiquetas)<\/p><\/li><li data-start=\"2092\" data-end=\"2164\"><p data-start=\"2094\" data-end=\"2164\">Manuais do utilizador, guias de tratamento e materiais de marketing com a sua marca<\/p><\/li><\/ul><p data-start=\"2166\" data-end=\"2204\"><strong data-start=\"2166\" data-end=\"2204\">Consum\u00edveis e acess\u00f3rios correspondentes<\/strong><\/p><ul data-start=\"2206\" data-end=\"2378\"><li data-start=\"2206\" data-end=\"2262\"><p data-start=\"2208\" data-end=\"2262\">G\u00e9is, soros e m\u00e1scaras concebidos para aparelhos espec\u00edficos<\/p><\/li><li data-start=\"2263\" data-end=\"2316\"><p data-start=\"2265\" data-end=\"2316\">\u00d3culos de prote\u00e7\u00e3o, pegas, pontas e outras pe\u00e7as consum\u00edveis<\/p><\/li><li data-start=\"2317\" data-end=\"2378\"><p data-start=\"2319\" data-end=\"2378\">Conjuntos de marketing e kits de exposi\u00e7\u00e3o para cl\u00ednicas e salas de exposi\u00e7\u00e3o\u00a0 \u00a0\u00a0<\/p><\/li><\/ul><div>\u00a0<\/div><div>\u00a0 \u00a0 \u00a0 \u00a0 \u00a0 \u00a0 \u00a0 \u00a0 \u00a0 \u00a0 \u00a0 \u00a0 \u00a0 \u00a0<\/div>\t\t\t\t\t\t\t\t<\/div>\n\t\t\t\t<\/div>\n\t\t\t\t\t<\/div>\n\t\t\t\t<\/div>\n\t\t<div class=\"elementor-element elementor-element-0334141 e-flex e-con-boxed e-con e-parent\" data-id=\"0334141\" data-element_type=\"container\" data-e-type=\"container\">\n\t\t\t\t\t<div class=\"e-con-inner\">\n\t\t\t\t<div class=\"elementor-element elementor-element-744c0e4 elementor-widget elementor-widget-heading\" data-id=\"744c0e4\" data-element_type=\"widget\" data-e-type=\"widget\" data-settings=\"{&quot;ekit_we_effect_on&quot;:&quot;none&quot;}\" data-widget_type=\"heading.default\">\n\t\t\t\t<div class=\"elementor-widget-container\">\n\t\t\t\t\t<h3 class=\"elementor-heading-title elementor-size-default\">Sec\u00e7\u00e3o 3 - O nosso fluxo de trabalho OEM e ODM<\/h3>\t\t\t\t<\/div>\n\t\t\t\t<\/div>\n\t\t\t\t<div class=\"elementor-element elementor-element-876161e elementor-widget elementor-widget-text-editor\" data-id=\"876161e\" data-element_type=\"widget\" data-e-type=\"widget\" data-settings=\"{&quot;ekit_we_effect_on&quot;:&quot;none&quot;}\" data-widget_type=\"text-editor.default\">\n\t\t\t\t<div class=\"elementor-widget-container\">\n\t\t\t\t\t\t\t\t\t<p>\u00a0 \u00a0 \u00a0 \u00a0 \u00a0 Para tornar os projectos claros e eficientes, seguimos um processo estruturado mas flex\u00edvel:<\/p><ol><li data-start=\"2508\" data-end=\"2716\"><p data-start=\"2511\" data-end=\"2716\"><strong data-start=\"2511\" data-end=\"2542\">Consulta e requisitos<\/strong><br data-start=\"2542\" data-end=\"2545\" \/>Partilha as suas ideias, o mercado-alvo, o or\u00e7amento e os tratamentos desejados.<br data-start=\"2615\" data-end=\"2618\" \/>Ouvimos, fazemos perguntas importantes e ajudamo-lo a refinar o conceito em requisitos t\u00e9cnicos claros.<\/p><\/li><li data-start=\"2718\" data-end=\"2933\"><p data-start=\"2721\" data-end=\"2933\"><strong data-start=\"2721\" data-end=\"2756\">Avalia\u00e7\u00e3o t\u00e9cnica e proposta<\/strong><br data-start=\"2756\" data-end=\"2759\" \/>Os nossos engenheiros avaliam a viabilidade, recomendam tecnologias adequadas\/plataformas existentes e preparam uma proposta com configura\u00e7\u00f5es sugeridas, calend\u00e1rio e quadro de custos.<\/p><\/li><li data-start=\"2935\" data-end=\"3209\"><p data-start=\"2938\" data-end=\"3209\"><strong data-start=\"2938\" data-end=\"2962\">Conce\u00e7\u00e3o e engenharia<\/strong><br data-start=\"2962\" data-end=\"2965\" \/>Para projectos OEM, finalizamos o log\u00f3tipo, as cores, a linguagem da interface do utilizador e a embalagem.<br data-start=\"3038\" data-end=\"3041\" \/>Para projectos ODM, trabalhamos no design industrial, PCB e estrutura, l\u00f3gica de software e layout de interface, mantendo-o atualizado com esbo\u00e7os visuais e sugest\u00f5es.<\/p><\/li><li data-start=\"3211\" data-end=\"3427\"><p data-start=\"3214\" data-end=\"3427\"><strong data-start=\"3214\" data-end=\"3237\">Prot\u00f3tipo e teste<\/strong><br data-start=\"3237\" data-end=\"3240\" \/>Constru\u00edmos unidades de amostra para testes internos e para a sua avalia\u00e7\u00e3o.<br data-start=\"3306\" data-end=\"3309\" \/>O desempenho, a seguran\u00e7a, a estabilidade e a experi\u00eancia do utilizador s\u00e3o verificados atrav\u00e9s de testes repetidos e das optimiza\u00e7\u00f5es necess\u00e1rias.<\/p><\/li><li data-start=\"3429\" data-end=\"3687\"><p data-start=\"3432\" data-end=\"3687\"><strong data-start=\"3432\" data-end=\"3470\">Apoio \u00e0 certifica\u00e7\u00e3o e conformidade<\/strong><br data-start=\"3470\" data-end=\"3473\" \/>Com base nos seus mercados-alvo, podemos apoiar testes e relat\u00f3rios relacionados (tais como CE, RoHS e outra documenta\u00e7\u00e3o de conformidade, quando aplic\u00e1vel) e fornecer dados t\u00e9cnicos para os seus registos locais, se necess\u00e1rio.<\/p><\/li><li data-start=\"3689\" data-end=\"3935\"><p data-start=\"3692\" data-end=\"3935\"><strong data-start=\"3692\" data-end=\"3729\">Produ\u00e7\u00e3o em massa e controlo de qualidade<\/strong><br data-start=\"3729\" data-end=\"3732\" \/>Ap\u00f3s a confirma\u00e7\u00e3o das amostras, iniciamos a produ\u00e7\u00e3o em lotes sob uma gest\u00e3o de qualidade rigorosa. Cada dispositivo \u00e9 submetido a uma inspe\u00e7\u00e3o do material recebido, a testes durante o processo e a testes de envelhecimento final antes da expedi\u00e7\u00e3o.<\/p><\/li><\/ol><p data-start=\"3940\" data-end=\"4165\"><strong data-start=\"3940\" data-end=\"3970\">Entrega e suporte cont\u00ednuo<\/strong><br data-start=\"3970\" data-end=\"3973\" \/>Organizamos solu\u00e7\u00f5es de envio adequadas de acordo com a sua regi\u00e3o e dimens\u00e3o da encomenda, e continuamos a fornecer apoio t\u00e9cnico, materiais de forma\u00e7\u00e3o e pe\u00e7as sobresselentes para um funcionamento est\u00e1vel a longo prazo.\u00a0\u00a0<\/p><p data-start=\"3940\" data-end=\"4165\">\u00a0<\/p><p data-start=\"3940\" data-end=\"4165\"><span style=\"background-color: rgba(0, 0, 0, 0);\">\u00a0 \u00a0 \u00a0 \u00a0 \u00a0 \u00a0 \u00a0 \u00a0 \u00a0 \u00a0<\/span><span style=\"background-color: rgba(0, 0, 0, 0);\">\u00a0 \u00a0\u00a0<\/span><span style=\"background-color: rgba(0, 0, 0, 0);\">\u00a0 \u00a0 \u00a0 \u00a0 \u00a0 \u00a0 \u00a0 \u00a0 \u00a0 \u00a0 \u00a0 \u00a0 \u00a0 \u00a0 \u00a0 \u00a0<\/span><\/p>\t\t\t\t\t\t\t\t<\/div>\n\t\t\t\t<\/div>\n\t\t\t\t\t<\/div>\n\t\t\t\t<\/div>\n\t\t<div class=\"elementor-element elementor-element-22d0123 e-flex e-con-boxed e-con e-parent\" data-id=\"22d0123\" data-element_type=\"container\" data-e-type=\"container\">\n\t\t\t\t\t<div class=\"e-con-inner\">\n\t\t\t\t<div class=\"elementor-element elementor-element-61f761f elementor-widget elementor-widget-heading\" data-id=\"61f761f\" data-element_type=\"widget\" data-e-type=\"widget\" data-settings=\"{&quot;ekit_we_effect_on&quot;:&quot;none&quot;}\" data-widget_type=\"heading.default\">\n\t\t\t\t<div class=\"elementor-widget-container\">\n\t\t\t\t\t<h3 class=\"elementor-heading-title elementor-size-default\">Sec\u00e7\u00e3o 4 - MOQ, prazos de entrega e flexibilidade<\/h3>\t\t\t\t<\/div>\n\t\t\t\t<\/div>\n\t\t\t\t<div class=\"elementor-element elementor-element-d2623d2 elementor-widget elementor-widget-text-editor\" data-id=\"d2623d2\" data-element_type=\"widget\" data-e-type=\"widget\" data-settings=\"{&quot;ekit_we_effect_on&quot;:&quot;none&quot;}\" data-widget_type=\"text-editor.default\">\n\t\t\t\t<div class=\"elementor-widget-container\">\n\t\t\t\t\t\t\t\t\t<p>Uma vez que os diferentes mercados e tipos de projectos t\u00eam necessidades diferentes, tentamos manter a nossa coopera\u00e7\u00e3o flex\u00edvel:<\/p><ul><li data-start=\"4325\" data-end=\"4592\"><p data-start=\"4327\" data-end=\"4336\"><strong data-start=\"4327\" data-end=\"4334\">MOQ<\/strong><\/p><ul data-start=\"4339\" data-end=\"4592\"><li data-start=\"4339\" data-end=\"4469\"><p data-start=\"4341\" data-end=\"4469\">Para OEM (log\u00f3tipo + cor + idioma da IU) com base nos nossos modelos padr\u00e3o, suportamos MOQs relativamente baixos para o ajudar a testar o mercado.<\/p><\/li><li data-start=\"4472\" data-end=\"4592\"><p data-start=\"4474\" data-end=\"4592\">Para projectos ODM mais aprofundados, os MOQs ser\u00e3o mais elevados e decididos em fun\u00e7\u00e3o da complexidade do design e das pe\u00e7as personalizadas envolvidas.<\/p><\/li><\/ul><\/li><li data-start=\"4594\" data-end=\"4851\"><p data-start=\"4596\" data-end=\"4611\"><strong data-start=\"4596\" data-end=\"4609\">Prazo de execu\u00e7\u00e3o<\/strong><\/p><ul data-start=\"4614\" data-end=\"4851\"><li data-start=\"4614\" data-end=\"4707\"><p data-start=\"4616\" data-end=\"4707\">Os projectos OEM padr\u00e3o t\u00eam normalmente prazos de entrega mais curtos ap\u00f3s a confirma\u00e7\u00e3o dos detalhes do design.<\/p><\/li><li data-start=\"4710\" data-end=\"4851\"><p data-start=\"4712\" data-end=\"4851\">O desenvolvimento de um novo ODM inclui tempo para a conce\u00e7\u00e3o, prototipagem, testes e eventual certifica\u00e7\u00e3o, pelo que planeamos o calend\u00e1rio consigo com anteced\u00eancia.<\/p><\/li><\/ul><\/li><li data-start=\"4853\" data-end=\"5011\"><p data-start=\"4855\" data-end=\"5011\"><strong data-start=\"4855\" data-end=\"4872\">Ordens de amostragem<\/strong><br data-start=\"4872\" data-end=\"4875\" \/>Podemos fornecer unidades de amostra para testes e forma\u00e7\u00e3o, especialmente quando se est\u00e1 a preparar para lan\u00e7ar um novo projeto ou entrar num novo mercado.\u00a0 \u00a0 \u00a0 \u00a0\u00a0<\/p><\/li><\/ul><div>\u00a0<\/div><div>\u00a0<\/div>\t\t\t\t\t\t\t\t<\/div>\n\t\t\t\t<\/div>\n\t\t\t\t\t<\/div>\n\t\t\t\t<\/div>\n\t\t<div class=\"elementor-element elementor-element-f51aa64 e-flex e-con-boxed e-con e-parent\" data-id=\"f51aa64\" data-element_type=\"container\" data-e-type=\"container\">\n\t\t\t\t\t<div class=\"e-con-inner\">\n\t\t\t\t<div class=\"elementor-element elementor-element-70e6e30 elementor-widget elementor-widget-heading\" data-id=\"70e6e30\" data-element_type=\"widget\" data-e-type=\"widget\" data-settings=\"{&quot;ekit_we_effect_on&quot;:&quot;none&quot;}\" data-widget_type=\"heading.default\">\n\t\t\t\t<div class=\"elementor-widget-container\">\n\t\t\t\t\t<h3 class=\"elementor-heading-title elementor-size-default\">Sec\u00e7\u00e3o 5 - Porqu\u00ea escolher Noveza como a sua f\u00e1brica OEM e ODM<\/h3>\t\t\t\t<\/div>\n\t\t\t\t<\/div>\n\t\t\t\t<div class=\"elementor-element elementor-element-5456bfa elementor-widget elementor-widget-text-editor\" data-id=\"5456bfa\" data-element_type=\"widget\" data-e-type=\"widget\" data-settings=\"{&quot;ekit_we_effect_on&quot;:&quot;none&quot;}\" data-widget_type=\"text-editor.default\">\n\t\t\t\t<div class=\"elementor-widget-container\">\n\t\t\t\t\t\t\t\t\t<p data-start=\"5152\" data-end=\"5263\">Trabalhar diretamente com uma f\u00e1brica de dispositivos de beleza d\u00e1-lhe mais controlo e estabilidade do que os fornecedores que apenas negociam.<\/p><p data-start=\"5265\" data-end=\"5286\">Com o Noveza, obt\u00e9m:<\/p><ul data-start=\"5288\" data-end=\"5713\"><li data-start=\"5288\" data-end=\"5362\"><p data-start=\"5290\" data-end=\"5362\"><strong data-start=\"5290\" data-end=\"5319\">Produ\u00e7\u00e3o direta da f\u00e1brica<\/strong> com um controlo de qualidade claro em cada etapa<\/p><\/li><li data-start=\"5363\" data-end=\"5452\"><p data-start=\"5365\" data-end=\"5452\"><strong data-start=\"5365\" data-end=\"5397\">Equipa de engenharia experiente<\/strong> familiarizado com aparelhos de beleza de uso profissional e dom\u00e9stico<\/p><\/li><li data-start=\"5453\" data-end=\"5534\"><p data-start=\"5455\" data-end=\"5534\"><strong data-start=\"5455\" data-end=\"5481\">Personaliza\u00e7\u00e3o flex\u00edvel<\/strong> desde o simples log\u00f3tipo OEM at\u00e9 projectos ODM completos<\/p><\/li><li data-start=\"5535\" data-end=\"5613\"><p data-start=\"5537\" data-end=\"5613\"><strong data-start=\"5537\" data-end=\"5577\">Qualidade consistente e fornecimento est\u00e1vel<\/strong>, apoiando a coopera\u00e7\u00e3o a longo prazo<\/p><\/li><li data-start=\"5614\" data-end=\"5713\"><p data-start=\"5616\" data-end=\"5713\"><strong data-start=\"5616\" data-end=\"5646\">Apoio aos mercados mundiais<\/strong>A Comiss\u00e3o Europeia deve elaborar, sempre que necess\u00e1rio, um relat\u00f3rio sobre os dados t\u00e9cnicos e os documentos de conformidade<\/p><\/li><\/ul><p data-start=\"5715\" data-end=\"5841\">O nosso objetivo n\u00e3o \u00e9 apenas vender-lhe m\u00e1quinas, mas ajud\u00e1-lo a construir um neg\u00f3cio de beleza sustent\u00e1vel e rent\u00e1vel no seu pr\u00f3prio mercado.\u00a0\u00a0<\/p><p data-start=\"5715\" data-end=\"5841\">\u00a0<\/p><p data-start=\"5715\" data-end=\"5841\">\u00a0<\/p>\t\t\t\t\t\t\t\t<\/div>\n\t\t\t\t<\/div>\n\t\t\t\t\t<\/div>\n\t\t\t\t<\/div>\n\t\t<div class=\"elementor-element elementor-element-1d498e3 e-flex e-con-boxed e-con e-parent\" data-id=\"1d498e3\" data-element_type=\"container\" data-e-type=\"container\">\n\t\t\t\t\t<div class=\"e-con-inner\">\n\t\t\t\t<div class=\"elementor-element elementor-element-4869ee0 elementor-widget elementor-widget-heading\" data-id=\"4869ee0\" data-element_type=\"widget\" data-e-type=\"widget\" data-settings=\"{&quot;ekit_we_effect_on&quot;:&quot;none&quot;}\" data-widget_type=\"heading.default\">\n\t\t\t\t<div class=\"elementor-widget-container\">\n\t\t\t\t\t<h3 class=\"elementor-heading-title elementor-size-default\">Sec\u00e7\u00e3o 6 - Iniciar o seu projeto OEM e ODM<\/h3>\t\t\t\t<\/div>\n\t\t\t\t<\/div>\n\t\t\t\t<div class=\"elementor-element elementor-element-3efdecd elementor-widget elementor-widget-text-editor\" data-id=\"3efdecd\" data-element_type=\"widget\" data-e-type=\"widget\" data-settings=\"{&quot;ekit_we_effect_on&quot;:&quot;none&quot;}\" data-widget_type=\"text-editor.default\">\n\t\t\t\t<div class=\"elementor-widget-container\">\n\t\t\t\t\t\t\t\t\t<p data-start=\"5893\" data-end=\"5948\">Pronto para criar ou atualizar a sua pr\u00f3pria linha de dispositivos de beleza?<\/p><p data-start=\"5950\" data-end=\"5997\">Quando nos contactar, ser\u00e1 \u00fatil se puder partilhar:<\/p><ul data-start=\"5999\" data-end=\"6223\"><li data-start=\"5999\" data-end=\"6069\"><p data-start=\"6001\" data-end=\"6069\">Tratamentos-alvo e tipo de cliente (cl\u00ednica, spa, sal\u00e3o de beleza, uso dom\u00e9stico)<\/p><\/li><li data-start=\"6070\" data-end=\"6114\"><p data-start=\"6072\" data-end=\"6114\">Pa\u00edses ou regi\u00f5es onde tenciona vender<\/p><\/li><li data-start=\"6115\" data-end=\"6189\"><p data-start=\"6117\" data-end=\"6189\">Quer prefira OEM (com base nos nossos modelos) ou um desenvolvimento ODM mais aprofundado<\/p><\/li><li data-start=\"6190\" data-end=\"6223\"><p data-start=\"6192\" data-end=\"6223\">Quantidade estimada e calend\u00e1rio<\/p><\/li><\/ul><p data-start=\"6225\" data-end=\"6432\">Diga as suas ideias e pedidos aos nossos engenheiros, e n\u00f3s prepararemos uma proposta personalizada de OEM e ODM para si, incluindo m\u00e1quinas sugeridas, op\u00e7\u00f5es de personaliza\u00e7\u00e3o, prazo de entrega estimado e sugest\u00f5es de coopera\u00e7\u00e3o.<\/p><p data-start=\"6225\" data-end=\"6432\">\u00a0<\/p>\t\t\t\t\t\t\t\t<\/div>\n\t\t\t\t<\/div>\n\t\t\t\t\t<\/div>\n\t\t\t\t<\/div>\n\t\t\t\t<\/div>","protected":false},"excerpt":{"rendered":"<p>OEM &amp; ODM At Noveza, we are not just selling beauty devices \u2013 we are a factory-level partner that helps you build your own branded equipment from the inside out.Our OEM &amp; ODM service is designed for distributors, clinics, spa chains and brand owners who want stable quality, flexible customization and long-term cooperation with a&#8230;<\/p>","protected":false},"author":1,"featured_media":0,"parent":83,"menu_order":1,"comment_status":"closed","ping_status":"closed","template":"","meta":{"_kad_post_transparent":"","_kad_post_title":"hide","_kad_post_layout":"fullwidth","_kad_post_sidebar_id":"","_kad_post_content_style":"unboxed","_kad_post_vertical_padding":"hide","_kad_post_feature":"hide","_kad_post_feature_position":"","_kad_post_header":false,"_kad_post_footer":false,"_kad_post_classname":"","footnotes":""},"class_list":["post-85","page","type-page","status-publish","hentry"],"_links":{"self":[{"href":"https:\/\/novezabeauty.com\/pt\/wp-json\/wp\/v2\/pages\/85","targetHints":{"allow":["GET"]}}],"collection":[{"href":"https:\/\/novezabeauty.com\/pt\/wp-json\/wp\/v2\/pages"}],"about":[{"href":"https:\/\/novezabeauty.com\/pt\/wp-json\/wp\/v2\/types\/page"}],"author":[{"embeddable":true,"href":"https:\/\/novezabeauty.com\/pt\/wp-json\/wp\/v2\/users\/1"}],"replies":[{"embeddable":true,"href":"https:\/\/novezabeauty.com\/pt\/wp-json\/wp\/v2\/comments?post=85"}],"version-history":[{"count":9,"href":"https:\/\/novezabeauty.com\/pt\/wp-json\/wp\/v2\/pages\/85\/revisions"}],"predecessor-version":[{"id":1077,"href":"https:\/\/novezabeauty.com\/pt\/wp-json\/wp\/v2\/pages\/85\/revisions\/1077"}],"up":[{"embeddable":true,"href":"https:\/\/novezabeauty.com\/pt\/wp-json\/wp\/v2\/pages\/83"}],"wp:attachment":[{"href":"https:\/\/novezabeauty.com\/pt\/wp-json\/wp\/v2\/media?parent=85"}],"curies":[{"name":"wp","href":"https:\/\/api.w.org\/{rel}","templated":true}]}}