 {"id":87,"date":"2025-06-30T08:33:54","date_gmt":"2025-06-30T08:33:54","guid":{"rendered":"https:\/\/novezabeauty.com\/?page_id=87"},"modified":"2025-11-14T06:22:28","modified_gmt":"2025-11-14T06:22:28","slug":"be-a-partner","status":"publish","type":"page","link":"https:\/\/novezabeauty.com\/pt\/resources\/be-a-partner\/","title":{"rendered":"Seja um parceiro"},"content":{"rendered":"<div data-elementor-type=\"wp-page\" data-elementor-id=\"87\" class=\"elementor elementor-87\" data-elementor-post-type=\"page\">\n\t\t\t\t<div class=\"elementor-element elementor-element-937422b e-flex e-con-boxed e-con e-parent\" data-id=\"937422b\" data-element_type=\"container\" data-e-type=\"container\">\n\t\t\t\t\t<div class=\"e-con-inner\">\n\t\t\t\t<div class=\"elementor-element elementor-element-5a1cb32 elementor-widget elementor-widget-heading\" data-id=\"5a1cb32\" data-element_type=\"widget\" data-e-type=\"widget\" data-settings=\"{&quot;ekit_we_effect_on&quot;:&quot;none&quot;}\" data-widget_type=\"heading.default\">\n\t\t\t\t<div class=\"elementor-widget-container\">\n\t\t\t\t\t<h1 class=\"elementor-heading-title elementor-size-default\">Seja um parceiro<\/h1>\t\t\t\t<\/div>\n\t\t\t\t<\/div>\n\t\t\t\t<div class=\"elementor-element elementor-element-8c30b30 elementor-widget elementor-widget-text-editor\" data-id=\"8c30b30\" data-element_type=\"widget\" data-e-type=\"widget\" data-settings=\"{&quot;ekit_we_effect_on&quot;:&quot;none&quot;}\" data-widget_type=\"text-editor.default\">\n\t\t\t\t<div class=\"elementor-widget-container\">\n\t\t\t\t\t\t\t\t\t<p>Fa\u00e7a crescer o seu neg\u00f3cio de beleza com um parceiro apoiado pela f\u00e1brica que compreende dispositivos, tratamentos e mercados globais.<br data-start=\"254\" data-end=\"257\" \/>A Noveza trabalha com distribuidores, cl\u00ednicas, grupos de spa e propriet\u00e1rios de marcas que pretendem um equipamento de beleza fi\u00e1vel, uma coopera\u00e7\u00e3o flex\u00edvel e um apoio a longo prazo - n\u00e3o apenas uma venda \u00fanica de m\u00e1quinas.<\/p><p>\u00a0<\/p>\t\t\t\t\t\t\t\t<\/div>\n\t\t\t\t<\/div>\n\t\t\t\t\t<\/div>\n\t\t\t\t<\/div>\n\t\t<div class=\"elementor-element elementor-element-73530e7 e-flex e-con-boxed e-con e-parent\" data-id=\"73530e7\" data-element_type=\"container\" data-e-type=\"container\">\n\t\t\t\t\t<div class=\"e-con-inner\">\n\t\t\t\t<div class=\"elementor-element elementor-element-2dfed1a elementor-widget elementor-widget-heading\" data-id=\"2dfed1a\" data-element_type=\"widget\" data-e-type=\"widget\" data-settings=\"{&quot;ekit_we_effect_on&quot;:&quot;none&quot;}\" data-widget_type=\"heading.default\">\n\t\t\t\t<div class=\"elementor-widget-container\">\n\t\t\t\t\t<h4 class=\"elementor-heading-title elementor-size-default\">Com quem trabalhamos<\/h4>\t\t\t\t<\/div>\n\t\t\t\t<\/div>\n\t\t\t\t<div class=\"elementor-element elementor-element-e7f6057 elementor-widget elementor-widget-text-editor\" data-id=\"e7f6057\" data-element_type=\"widget\" data-e-type=\"widget\" data-settings=\"{&quot;ekit_we_effect_on&quot;:&quot;none&quot;}\" data-widget_type=\"text-editor.default\">\n\t\t\t\t<div class=\"elementor-widget-container\">\n\t\t\t\t\t\t\t\t\t<p data-start=\"465\" data-end=\"554\">Acolhemos parceiros de diferentes sectores da ind\u00fastria da beleza e da est\u00e9tica, incluindo:<\/p><ul data-start=\"556\" data-end=\"1050\"><li data-start=\"556\" data-end=\"688\"><p data-start=\"558\" data-end=\"688\"><strong data-start=\"558\" data-end=\"603\">Distribuidores regionais e empresas comerciais<\/strong><br data-start=\"603\" data-end=\"606\" \/>Constru\u00e7\u00e3o de carteiras de aparelhos de beleza profissional para cl\u00ednicas, sal\u00f5es e spas.<\/p><\/li><li data-start=\"690\" data-end=\"826\"><p data-start=\"692\" data-end=\"826\"><strong data-start=\"692\" data-end=\"743\">Cl\u00ednicas, centros de est\u00e9tica m\u00e9dica e cadeias de spas<\/strong><br data-start=\"743\" data-end=\"746\" \/>Procura dispositivos est\u00e1veis e f\u00e1ceis de utilizar e uma f\u00e1brica de confian\u00e7a por detr\u00e1s deles.<\/p><\/li><li data-start=\"828\" data-end=\"944\"><p data-start=\"830\" data-end=\"944\"><strong data-start=\"830\" data-end=\"872\">Propriet\u00e1rios de marcas e empresas de marcas privadas<\/strong><br data-start=\"872\" data-end=\"875\" \/>Planear o lan\u00e7amento ou a expans\u00e3o das suas pr\u00f3prias linhas de dispositivos de beleza de marca.<\/p><\/li><li data-start=\"946\" data-end=\"1050\"><p data-start=\"948\" data-end=\"1050\"><strong data-start=\"948\" data-end=\"987\">Academias de forma\u00e7\u00e3o e escolas de beleza<\/strong><br data-start=\"987\" data-end=\"990\" \/>Necessidade de equipamento fi\u00e1vel para o ensino e a demonstra\u00e7\u00e3o.<\/p><\/li><\/ul><p data-start=\"1052\" data-end=\"1189\">Quer esteja a iniciar-se no sector dos equipamentos de beleza ou j\u00e1 tenha uma forte rede local, podemos adaptar a nossa coopera\u00e7\u00e3o \u00e0 sua situa\u00e7\u00e3o.<\/p><p data-start=\"1052\" data-end=\"1189\">\u00a0<\/p><p data-start=\"1052\" data-end=\"1189\">\u00a0<\/p>\t\t\t\t\t\t\t\t<\/div>\n\t\t\t\t<\/div>\n\t\t\t\t\t<\/div>\n\t\t\t\t<\/div>\n\t\t<div class=\"elementor-element elementor-element-ae0d821 e-flex e-con-boxed e-con e-parent\" data-id=\"ae0d821\" data-element_type=\"container\" data-e-type=\"container\">\n\t\t\t\t\t<div class=\"e-con-inner\">\n\t\t\t\t<div class=\"elementor-element elementor-element-5cb38f7 elementor-widget elementor-widget-heading\" data-id=\"5cb38f7\" data-element_type=\"widget\" data-e-type=\"widget\" data-settings=\"{&quot;ekit_we_effect_on&quot;:&quot;none&quot;}\" data-widget_type=\"heading.default\">\n\t\t\t\t<div class=\"elementor-widget-container\">\n\t\t\t\t\t<h4 class=\"elementor-heading-title elementor-size-default\">Porqu\u00ea ser parceiro da Noveza?<\/h4>\t\t\t\t<\/div>\n\t\t\t\t<\/div>\n\t\t\t\t<div class=\"elementor-element elementor-element-c70d466 elementor-widget elementor-widget-text-editor\" data-id=\"c70d466\" data-element_type=\"widget\" data-e-type=\"widget\" data-settings=\"{&quot;ekit_we_effect_on&quot;:&quot;none&quot;}\" data-widget_type=\"text-editor.default\">\n\t\t\t\t<div class=\"elementor-widget-container\">\n\t\t\t\t\t\t\t\t\t<p data-start=\"1225\" data-end=\"1345\">A escolha do parceiro de fabrico correto \u00e9 fundamental para a sua reputa\u00e7\u00e3o e para o seu neg\u00f3cio a longo prazo.<br data-start=\"1321\" data-end=\"1324\" \/>Com o Noveza, obt\u00e9m:<\/p><ul data-start=\"1347\" data-end=\"2324\"><li data-start=\"1347\" data-end=\"1502\"><p data-start=\"1349\" data-end=\"1502\"><strong data-start=\"1349\" data-end=\"1379\">Coopera\u00e7\u00e3o direta com a f\u00e1brica<\/strong><br data-start=\"1379\" data-end=\"1382\" \/>Somos uma f\u00e1brica profissional de aparelhos de beleza e n\u00e3o uma empresa exclusivamente comercial. O cliente trabalha diretamente com a fonte de produ\u00e7\u00e3o.<\/p><\/li><li data-start=\"1504\" data-end=\"1812\"><p data-start=\"1506\" data-end=\"1812\"><strong data-start=\"1506\" data-end=\"1540\">Vasta carteira de tecnologias<\/strong><br data-start=\"1540\" data-end=\"1543\" \/>Incluindo aparelhos de beleza de plasma, aparelhos EMS, aparelhos hidra faciais, aparelhos HIFU, aparelhos de terapia Endosphere, aparelhos de depila\u00e7\u00e3o a laser de d\u00edodo, aparelhos de cavita\u00e7\u00e3o e lipo laser, aparelhos combinados EMS + Endosphere, aparelhos RF com microagulhas e produtos de cuidados da pele correspondentes.<\/p><\/li><li data-start=\"1814\" data-end=\"1965\"><p data-start=\"1816\" data-end=\"1965\"><strong data-start=\"1816\" data-end=\"1840\">Capacidade de OEM e ODM<\/strong><br data-start=\"1840\" data-end=\"1843\" \/>Desde o log\u00f3tipo e cor OEM a projectos ODM completos, pode criar uma linha de produtos diferenciada com a sua pr\u00f3pria marca.<\/p><\/li><li data-start=\"1967\" data-end=\"2131\"><p data-start=\"1969\" data-end=\"2131\"><strong data-start=\"1969\" data-end=\"2007\">Qualidade est\u00e1vel e fornecimento consistente<\/strong><br data-start=\"2007\" data-end=\"2010\" \/>A produ\u00e7\u00e3o normalizada, os testes e os procedimentos de envelhecimento ajudam a reduzir os problemas p\u00f3s-venda e apoiam a coopera\u00e7\u00e3o a longo prazo.<\/p><\/li><li data-start=\"2133\" data-end=\"2324\"><p data-start=\"2135\" data-end=\"2324\"><strong data-start=\"2135\" data-end=\"2165\">Apoio aos mercados mundiais<\/strong><br data-start=\"2165\" data-end=\"2168\" \/>Experi\u00eancia de trabalho com parceiros de diferentes pa\u00edses e regi\u00f5es e capacidade para preparar dados t\u00e9cnicos e relat\u00f3rios de ensaios conexos, sempre que necess\u00e1rio.<\/p><\/li><\/ul><p data-start=\"2326\" data-end=\"2440\">O nosso objetivo \u00e9 ajud\u00e1-lo a construir um neg\u00f3cio local forte com dispositivos que sejam pr\u00e1ticos, rent\u00e1veis e sustent\u00e1veis.<\/p><p data-start=\"2326\" data-end=\"2440\">\u00a0<\/p>\t\t\t\t\t\t\t\t<\/div>\n\t\t\t\t<\/div>\n\t\t\t\t\t<\/div>\n\t\t\t\t<\/div>\n\t\t<div class=\"elementor-element elementor-element-8e07b81 e-flex e-con-boxed e-con e-parent\" data-id=\"8e07b81\" data-element_type=\"container\" data-e-type=\"container\">\n\t\t\t\t\t<div class=\"e-con-inner\">\n\t\t\t\t<div class=\"elementor-element elementor-element-b8cf848 elementor-widget elementor-widget-heading\" data-id=\"b8cf848\" data-element_type=\"widget\" data-e-type=\"widget\" data-settings=\"{&quot;ekit_we_effect_on&quot;:&quot;none&quot;}\" data-widget_type=\"heading.default\">\n\t\t\t\t<div class=\"elementor-widget-container\">\n\t\t\t\t\t<h4 class=\"elementor-heading-title elementor-size-default\">Modelos de parceria<\/h4>\t\t\t\t<\/div>\n\t\t\t\t<\/div>\n\t\t\t\t<div class=\"elementor-element elementor-element-e9baa7b elementor-widget elementor-widget-text-editor\" data-id=\"e9baa7b\" data-element_type=\"widget\" data-e-type=\"widget\" data-settings=\"{&quot;ekit_we_effect_on&quot;:&quot;none&quot;}\" data-widget_type=\"text-editor.default\">\n\t\t\t\t<div class=\"elementor-widget-container\">\n\t\t\t\t\t\t\t\t\t<p data-start=\"2470\" data-end=\"2552\">Oferecemos modelos de coopera\u00e7\u00e3o flex\u00edveis em fun\u00e7\u00e3o do seu mercado, escala e estrat\u00e9gia:<\/p><h3 data-start=\"2554\" data-end=\"2585\">1. Distribuidores e revendedores<\/h3><ul data-start=\"2587\" data-end=\"2771\"><li data-start=\"2587\" data-end=\"2638\"><p data-start=\"2589\" data-end=\"2638\">Adquirir m\u00e1quinas com a marca Noveza ou com o r\u00f3tulo OEM<\/p><\/li><li data-start=\"2639\" data-end=\"2697\"><p data-start=\"2641\" data-end=\"2697\">Vender a cl\u00ednicas, sal\u00f5es, spas e centros de est\u00e9tica locais<\/p><\/li><li data-start=\"2698\" data-end=\"2771\"><p data-start=\"2700\" data-end=\"2771\">Obter acesso a pre\u00e7os de parceiros, materiais de forma\u00e7\u00e3o e apoio t\u00e9cnico<\/p><\/li><\/ul><h3 data-start=\"2773\" data-end=\"2808\">2. Parceiros OEM \/ de marca pr\u00f3pria<\/h3><ul data-start=\"2810\" data-end=\"2986\"><li data-start=\"2810\" data-end=\"2848\"><p data-start=\"2812\" data-end=\"2848\">Utilize os nossos modelos maduros como base<\/p><\/li><li data-start=\"2849\" data-end=\"2909\"><p data-start=\"2851\" data-end=\"2909\">Personalizar o log\u00f3tipo, as cores, o idioma da interface e a embalagem<\/p><\/li><li data-start=\"2910\" data-end=\"2986\"><p data-start=\"2912\" data-end=\"2986\">Construa a sua pr\u00f3pria marca de dispositivos com um tempo de coloca\u00e7\u00e3o no mercado mais curto e menor risco de I&amp;D<\/p><\/li><\/ul><h3 data-start=\"2988\" data-end=\"3023\">3. ODM e parceiros baseados em projectos<\/h3><ul data-start=\"3025\" data-end=\"3236\"><li data-start=\"3025\" data-end=\"3102\"><p data-start=\"3027\" data-end=\"3102\">Co-desenvolver dispositivos para os seus conceitos de tratamento espec\u00edficos ou clientes-alvo<\/p><\/li><li data-start=\"3103\" data-end=\"3164\"><p data-start=\"3105\" data-end=\"3164\">Personalizar fun\u00e7\u00f5es, aspeto, software e IU em profundidade<\/p><\/li><li data-start=\"3165\" data-end=\"3236\"><p data-start=\"3167\" data-end=\"3236\">Adequado para marcas e cadeias estabelecidas com planos claros a longo prazo<\/p><\/li><\/ul><h3 data-start=\"3238\" data-end=\"3290\">4. Contas-chave: Cl\u00ednicas, grupos de spas e academias<\/h3><ul data-start=\"3292\" data-end=\"3490\"><li data-start=\"3292\" data-end=\"3361\"><p data-start=\"3294\" data-end=\"3361\">Portf\u00f3lios de dispositivos personalizados para as suas sucursais e centros de forma\u00e7\u00e3o<\/p><\/li><li data-start=\"3362\" data-end=\"3418\"><p data-start=\"3364\" data-end=\"3418\">Especifica\u00e7\u00f5es e marca unificadas em todos os locais<\/p><\/li><li data-start=\"3419\" data-end=\"3490\"><p data-start=\"3421\" data-end=\"3490\">Forma\u00e7\u00e3o e apoio cont\u00ednuos para manter as suas equipas confiantes e actualizadas<\/p><\/li><\/ul><p>\u00a0<\/p>\t\t\t\t\t\t\t\t<\/div>\n\t\t\t\t<\/div>\n\t\t\t\t\t<\/div>\n\t\t\t\t<\/div>\n\t\t<div class=\"elementor-element elementor-element-dd20871 e-flex e-con-boxed e-con e-parent\" data-id=\"dd20871\" data-element_type=\"container\" data-e-type=\"container\">\n\t\t\t\t\t<div class=\"e-con-inner\">\n\t\t\t\t<div class=\"elementor-element elementor-element-e1d767b elementor-widget elementor-widget-heading\" data-id=\"e1d767b\" data-element_type=\"widget\" data-e-type=\"widget\" data-settings=\"{&quot;ekit_we_effect_on&quot;:&quot;none&quot;}\" data-widget_type=\"heading.default\">\n\t\t\t\t<div class=\"elementor-widget-container\">\n\t\t\t\t\t<h4 class=\"elementor-heading-title elementor-size-default\">Pronto para falar de parceria?<\/h4>\t\t\t\t<\/div>\n\t\t\t\t<\/div>\n\t\t\t\t<div class=\"elementor-element elementor-element-5a1d24c elementor-widget elementor-widget-text-editor\" data-id=\"5a1d24c\" data-element_type=\"widget\" data-e-type=\"widget\" data-settings=\"{&quot;ekit_we_effect_on&quot;:&quot;none&quot;}\" data-widget_type=\"text-editor.default\">\n\t\t\t\t<div class=\"elementor-widget-container\">\n\t\t\t\t\t\t\t\t\t<p data-start=\"5982\" data-end=\"6047\">Se estiver interessado em tornar-se um parceiro Noveza, partilhe:<\/p><ul data-start=\"6049\" data-end=\"6317\"><li data-start=\"6049\" data-end=\"6089\"><p data-start=\"6051\" data-end=\"6089\">Nome da sua empresa e pa\u00eds\/regi\u00e3o<\/p><\/li><li data-start=\"6090\" data-end=\"6172\"><p data-start=\"6092\" data-end=\"6172\">O seu principal tipo de atividade (distribuidor, cl\u00ednica, spa, propriet\u00e1rio de marca, academia, etc.)<\/p><\/li><li data-start=\"6173\" data-end=\"6234\"><p data-start=\"6175\" data-end=\"6234\">Os tratamentos ou tipos de dispositivos em que est\u00e1 mais interessado<\/p><\/li><li data-start=\"6235\" data-end=\"6317\"><p data-start=\"6237\" data-end=\"6317\">O seu plano de compra estimado (por exemplo, encomenda inicial e perspetiva de 6-12 meses)<\/p><\/li><\/ul><p data-start=\"6319\" data-end=\"6404\">Comunique as suas ideias e pedidos \u00e0 nossa equipa e n\u00f3s responderemos com uma proposta clara:<\/p><ul data-start=\"6406\" data-end=\"6531\"><li data-start=\"6406\" data-end=\"6451\"><p data-start=\"6408\" data-end=\"6451\">Dispositivos recomendados e modelo de coopera\u00e7\u00e3o<\/p><\/li><li data-start=\"6452\" data-end=\"6502\"><p data-start=\"6454\" data-end=\"6502\">Orienta\u00e7\u00e3o b\u00e1sica de pre\u00e7os e sugest\u00f5es de amostras<\/p><\/li><li data-start=\"6503\" data-end=\"6531\"><p data-start=\"6505\" data-end=\"6531\">Pr\u00f3ximas etapas para avan\u00e7ar<\/p><\/li><\/ul><p data-start=\"6533\" data-end=\"6580\"><strong data-start=\"6533\" data-end=\"6580\">[Candidatar-se a parceiro] [Contactar a nossa equipa]<\/strong><\/p>\t\t\t\t\t\t\t\t<\/div>\n\t\t\t\t<\/div>\n\t\t\t\t\t<\/div>\n\t\t\t\t<\/div>\n\t\t\t\t<\/div>","protected":false},"excerpt":{"rendered":"<p>Be A Partner Grow your beauty business with a factory-backed partner who understands devices, treatments and global markets.Noveza works with distributors, clinics, spa groups and brand owners who want reliable beauty equipment, flexible cooperation and long-term support\u2014not just one-time machine sales. \u00a0 Who We Work With We welcome partners from different parts of the beauty&#8230;<\/p>","protected":false},"author":1,"featured_media":0,"parent":83,"menu_order":2,"comment_status":"closed","ping_status":"closed","template":"","meta":{"_kad_post_transparent":"","_kad_post_title":"hide","_kad_post_layout":"fullwidth","_kad_post_sidebar_id":"","_kad_post_content_style":"unboxed","_kad_post_vertical_padding":"hide","_kad_post_feature":"hide","_kad_post_feature_position":"","_kad_post_header":false,"_kad_post_footer":false,"_kad_post_classname":"","footnotes":""},"class_list":["post-87","page","type-page","status-publish","hentry"],"_links":{"self":[{"href":"https:\/\/novezabeauty.com\/pt\/wp-json\/wp\/v2\/pages\/87","targetHints":{"allow":["GET"]}}],"collection":[{"href":"https:\/\/novezabeauty.com\/pt\/wp-json\/wp\/v2\/pages"}],"about":[{"href":"https:\/\/novezabeauty.com\/pt\/wp-json\/wp\/v2\/types\/page"}],"author":[{"embeddable":true,"href":"https:\/\/novezabeauty.com\/pt\/wp-json\/wp\/v2\/users\/1"}],"replies":[{"embeddable":true,"href":"https:\/\/novezabeauty.com\/pt\/wp-json\/wp\/v2\/comments?post=87"}],"version-history":[{"count":5,"href":"https:\/\/novezabeauty.com\/pt\/wp-json\/wp\/v2\/pages\/87\/revisions"}],"predecessor-version":[{"id":1086,"href":"https:\/\/novezabeauty.com\/pt\/wp-json\/wp\/v2\/pages\/87\/revisions\/1086"}],"up":[{"embeddable":true,"href":"https:\/\/novezabeauty.com\/pt\/wp-json\/wp\/v2\/pages\/83"}],"wp:attachment":[{"href":"https:\/\/novezabeauty.com\/pt\/wp-json\/wp\/v2\/media?parent=87"}],"curies":[{"name":"wp","href":"https:\/\/api.w.org\/{rel}","templated":true}]}}