 {"id":89,"date":"2025-06-30T08:35:54","date_gmt":"2025-06-30T08:35:54","guid":{"rendered":"https:\/\/novezabeauty.com\/?page_id=89"},"modified":"2025-11-14T07:06:47","modified_gmt":"2025-11-14T07:06:47","slug":"supports","status":"publish","type":"page","link":"https:\/\/novezabeauty.com\/pt\/resources\/supports\/","title":{"rendered":"Apoios"},"content":{"rendered":"<div data-elementor-type=\"wp-page\" data-elementor-id=\"89\" class=\"elementor elementor-89\" data-elementor-post-type=\"page\">\n\t\t\t\t<div class=\"elementor-element elementor-element-2e65b5f e-flex e-con-boxed e-con e-parent\" data-id=\"2e65b5f\" data-element_type=\"container\" data-e-type=\"container\">\n\t\t\t\t\t<div class=\"e-con-inner\">\n\t\t\t\t<div class=\"elementor-element elementor-element-7e1080c elementor-widget elementor-widget-heading\" data-id=\"7e1080c\" data-element_type=\"widget\" data-e-type=\"widget\" data-settings=\"{&quot;ekit_we_effect_on&quot;:&quot;none&quot;}\" data-widget_type=\"heading.default\">\n\t\t\t\t<div class=\"elementor-widget-container\">\n\t\t\t\t\t<h1 class=\"elementor-heading-title elementor-size-default\">Apoios<\/h1>\t\t\t\t<\/div>\n\t\t\t\t<\/div>\n\t\t\t\t<div class=\"elementor-element elementor-element-fcaf23f elementor-widget elementor-widget-text-editor\" data-id=\"fcaf23f\" data-element_type=\"widget\" data-e-type=\"widget\" data-settings=\"{&quot;ekit_we_effect_on&quot;:&quot;none&quot;}\" data-widget_type=\"text-editor.default\">\n\t\t\t\t<div class=\"elementor-widget-container\">\n\t\t\t\t\t\t\t\t\t<p data-start=\"110\" data-end=\"371\">Quando escolhe os dispositivos Noveza, n\u00e3o est\u00e1 apenas a comprar uma m\u00e1quina - est\u00e1 a trabalhar com a f\u00e1brica que est\u00e1 por detr\u00e1s dela.<br data-start=\"219\" data-end=\"222\" \/>O nosso apoio foi concebido para ajudar as cl\u00ednicas, spas, distribuidores e propriet\u00e1rios de marcas a utilizar o nosso equipamento de forma segura, confiante e eficiente na pr\u00e1tica di\u00e1ria.<\/p><p data-start=\"373\" data-end=\"489\">Nesta p\u00e1gina, encontrar\u00e1 uma vis\u00e3o geral da ajuda t\u00e9cnica, da forma\u00e7\u00e3o, dos materiais e do servi\u00e7o p\u00f3s-venda que prestamos.<\/p><p data-start=\"373\" data-end=\"489\">\u00a0<\/p>\t\t\t\t\t\t\t\t<\/div>\n\t\t\t\t<\/div>\n\t\t\t\t\t<\/div>\n\t\t\t\t<\/div>\n\t\t<div class=\"elementor-element elementor-element-a4f7ca7 e-flex e-con-boxed e-con e-parent\" data-id=\"a4f7ca7\" data-element_type=\"container\" data-e-type=\"container\">\n\t\t\t\t\t<div class=\"e-con-inner\">\n\t\t\t\t<div class=\"elementor-element elementor-element-7908e0a elementor-widget elementor-widget-heading\" data-id=\"7908e0a\" data-element_type=\"widget\" data-e-type=\"widget\" data-settings=\"{&quot;ekit_we_effect_on&quot;:&quot;none&quot;}\" data-widget_type=\"heading.default\">\n\t\t\t\t<div class=\"elementor-widget-container\">\n\t\t\t\t\t<h4 class=\"elementor-heading-title elementor-size-default\">Vis\u00e3o geral do suporte<\/h4>\t\t\t\t<\/div>\n\t\t\t\t<\/div>\n\t\t\t\t<div class=\"elementor-element elementor-element-33f439d elementor-widget elementor-widget-text-editor\" data-id=\"33f439d\" data-element_type=\"widget\" data-e-type=\"widget\" data-settings=\"{&quot;ekit_we_effect_on&quot;:&quot;none&quot;}\" data-widget_type=\"text-editor.default\">\n\t\t\t\t<div class=\"elementor-widget-container\">\n\t\t\t\t\t\t\t\t\t<p data-start=\"529\" data-end=\"579\">Oferecemos apoio completo em quatro \u00e1reas principais:<\/p><ul data-start=\"581\" data-end=\"875\"><li data-start=\"581\" data-end=\"656\"><p data-start=\"583\" data-end=\"656\"><strong data-start=\"583\" data-end=\"604\">Apoio t\u00e9cnico<\/strong> - para instala\u00e7\u00e3o, funcionamento e resolu\u00e7\u00e3o de problemas<\/p><\/li><li data-start=\"657\" data-end=\"734\"><p data-start=\"659\" data-end=\"734\"><strong data-start=\"659\" data-end=\"679\">Apoio \u00e0 forma\u00e7\u00e3o<\/strong> - para utiliza\u00e7\u00e3o do tratamento, defini\u00e7\u00e3o de par\u00e2metros e protocolos<\/p><\/li><li data-start=\"735\" data-end=\"806\"><p data-start=\"737\" data-end=\"806\"><strong data-start=\"737\" data-end=\"763\">Garantia e pe\u00e7as sobresselentes<\/strong> - para manter os seus dispositivos a funcionar durante muito tempo<\/p><\/li><li data-start=\"807\" data-end=\"875\"><p data-start=\"809\" data-end=\"875\"><strong data-start=\"809\" data-end=\"834\">Recursos e descarregamentos<\/strong> - manuais, v\u00eddeos e no\u00e7\u00f5es b\u00e1sicas de marketing<\/p><\/li><\/ul><p data-start=\"877\" data-end=\"1016\">Quer esteja a configurar o seu primeiro dispositivo ou a gerir v\u00e1rias localiza\u00e7\u00f5es, o nosso objetivo \u00e9 ser um parceiro fi\u00e1vel de backend para o seu neg\u00f3cio.<\/p><p data-start=\"877\" data-end=\"1016\">\u00a0<\/p>\t\t\t\t\t\t\t\t<\/div>\n\t\t\t\t<\/div>\n\t\t\t\t\t<\/div>\n\t\t\t\t<\/div>\n\t\t<div class=\"elementor-element elementor-element-1920362 e-flex e-con-boxed e-con e-parent\" data-id=\"1920362\" data-element_type=\"container\" data-e-type=\"container\">\n\t\t\t\t\t<div class=\"e-con-inner\">\n\t\t\t\t<div class=\"elementor-element elementor-element-e0ec945 elementor-widget elementor-widget-heading\" data-id=\"e0ec945\" data-element_type=\"widget\" data-e-type=\"widget\" data-settings=\"{&quot;ekit_we_effect_on&quot;:&quot;none&quot;}\" data-widget_type=\"heading.default\">\n\t\t\t\t<div class=\"elementor-widget-container\">\n\t\t\t\t\t<h4 class=\"elementor-heading-title elementor-size-default\">Como obter apoio<\/h4>\t\t\t\t<\/div>\n\t\t\t\t<\/div>\n\t\t\t\t<div class=\"elementor-element elementor-element-118857d elementor-widget elementor-widget-text-editor\" data-id=\"118857d\" data-element_type=\"widget\" data-e-type=\"widget\" data-settings=\"{&quot;ekit_we_effect_on&quot;:&quot;none&quot;}\" data-widget_type=\"text-editor.default\">\n\t\t\t\t<div class=\"elementor-widget-container\">\n\t\t\t\t\t\t\t\t\t<p data-start=\"4683\" data-end=\"4743\">Se precisar de ajuda, recomendamos que siga estes passos simples:<\/p><p data-start=\"4901\" data-end=\"4945\">Fotografias ou v\u00eddeos se se tratar de um problema t\u00e9cnico<\/p><ol data-start=\"4745\" data-end=\"5298\"><li data-start=\"4947\" data-end=\"5096\"><p data-start=\"4950\" data-end=\"4983\"><strong data-start=\"4950\" data-end=\"4981\">Escolha o seu canal de contacto<\/strong><\/p><ul data-start=\"4987\" data-end=\"5096\"><li data-start=\"4987\" data-end=\"5030\"><p data-start=\"4989\" data-end=\"5030\">Contacte diretamente o seu gestor de vendas, ou<\/p><\/li><li data-start=\"5034\" data-end=\"5096\"><p data-start=\"5036\" data-end=\"5096\">Utilizar o e-mail oficial de apoio \/ formul\u00e1rio de contacto no nosso s\u00edtio Web<\/p><\/li><\/ul><\/li><li data-start=\"5098\" data-end=\"5298\"><p data-start=\"5101\" data-end=\"5134\"><strong data-start=\"5101\" data-end=\"5132\">Receber resposta e solu\u00e7\u00e3o<\/strong><\/p><ul data-start=\"5138\" data-end=\"5298\"><li data-start=\"5138\" data-end=\"5199\"><p data-start=\"5140\" data-end=\"5199\">Para problemas comuns, podemos frequentemente fornecer solu\u00e7\u00f5es r\u00e1pidas<\/p><\/li><li data-start=\"5203\" data-end=\"5298\"><p data-start=\"5205\" data-end=\"5298\">Para casos mais complexos, a nossa equipa t\u00e9cnica pode pedir mais detalhes ou agendar uma videochamada<\/p><\/li><\/ul><\/li><\/ol><p>\u00a0<\/p>\t\t\t\t\t\t\t\t<\/div>\n\t\t\t\t<\/div>\n\t\t\t\t\t<\/div>\n\t\t\t\t<\/div>\n\t\t<div class=\"elementor-element elementor-element-444cc40 e-flex e-con-boxed e-con e-parent\" data-id=\"444cc40\" data-element_type=\"container\" data-e-type=\"container\">\n\t\t\t\t\t<div class=\"e-con-inner\">\n\t\t\t\t<div class=\"elementor-element elementor-element-7953e1c elementor-widget elementor-widget-heading\" data-id=\"7953e1c\" data-element_type=\"widget\" data-e-type=\"widget\" data-settings=\"{&quot;ekit_we_effect_on&quot;:&quot;none&quot;}\" data-widget_type=\"heading.default\">\n\t\t\t\t<div class=\"elementor-widget-container\">\n\t\t\t\t\t<h4 class=\"elementor-heading-title elementor-size-default\">CTA final - Precisa de apoio agora?<\/h4>\t\t\t\t<\/div>\n\t\t\t\t<\/div>\n\t\t\t\t<div class=\"elementor-element elementor-element-2be49a2 elementor-widget elementor-widget-text-editor\" data-id=\"2be49a2\" data-element_type=\"widget\" data-e-type=\"widget\" data-settings=\"{&quot;ekit_we_effect_on&quot;:&quot;none&quot;}\" data-widget_type=\"text-editor.default\">\n\t\t\t\t<div class=\"elementor-widget-container\">\n\t\t\t\t\t\t\t\t\t<p data-start=\"5339\" data-end=\"5466\">Se estiver a enfrentar um problema urgente, a planear um novo programa de tratamento ou a formar uma nova equipa, a nossa equipa de apoio est\u00e1 pronta a ajudar.<\/p><p data-start=\"5468\" data-end=\"5476\">Diz-nos:<\/p><ul data-start=\"5478\" data-end=\"5655\"><li data-start=\"5478\" data-end=\"5508\"><p data-start=\"5480\" data-end=\"5508\">Que dispositivo est\u00e1 a utilizar<\/p><\/li><li data-start=\"5509\" data-end=\"5585\"><p data-start=\"5511\" data-end=\"5585\">O que pretende resolver (instala\u00e7\u00e3o, funcionamento, tratamento, p\u00f3s-venda)<\/p><\/li><li data-start=\"5586\" data-end=\"5655\"><p data-start=\"5588\" data-end=\"5655\">A sua forma preferida de receber apoio (mensagem, correio eletr\u00f3nico, chamada, v\u00eddeo)<\/p><\/li><\/ul><p>\u00a0<\/p>\t\t\t\t\t\t\t\t<\/div>\n\t\t\t\t<\/div>\n\t\t\t\t\t<\/div>\n\t\t\t\t<\/div>\n\t\t\t\t<\/div>","protected":false},"excerpt":{"rendered":"<p>Supports When you choose Noveza devices, you are not only buying a machine\u2014you are working with the factory behind it.Our support is designed to help clinics, spas, distributors and brand owners use our equipment safely, confidently and efficiently in daily practice. On this page, you\u2019ll find an overview of the technical help, training, materials and&#8230;<\/p>","protected":false},"author":1,"featured_media":0,"parent":83,"menu_order":4,"comment_status":"closed","ping_status":"closed","template":"","meta":{"_kad_post_transparent":"","_kad_post_title":"hide","_kad_post_layout":"fullwidth","_kad_post_sidebar_id":"","_kad_post_content_style":"unboxed","_kad_post_vertical_padding":"hide","_kad_post_feature":"hide","_kad_post_feature_position":"","_kad_post_header":false,"_kad_post_footer":false,"_kad_post_classname":"","footnotes":""},"class_list":["post-89","page","type-page","status-publish","hentry"],"_links":{"self":[{"href":"https:\/\/novezabeauty.com\/pt\/wp-json\/wp\/v2\/pages\/89","targetHints":{"allow":["GET"]}}],"collection":[{"href":"https:\/\/novezabeauty.com\/pt\/wp-json\/wp\/v2\/pages"}],"about":[{"href":"https:\/\/novezabeauty.com\/pt\/wp-json\/wp\/v2\/types\/page"}],"author":[{"embeddable":true,"href":"https:\/\/novezabeauty.com\/pt\/wp-json\/wp\/v2\/users\/1"}],"replies":[{"embeddable":true,"href":"https:\/\/novezabeauty.com\/pt\/wp-json\/wp\/v2\/comments?post=89"}],"version-history":[{"count":5,"href":"https:\/\/novezabeauty.com\/pt\/wp-json\/wp\/v2\/pages\/89\/revisions"}],"predecessor-version":[{"id":1090,"href":"https:\/\/novezabeauty.com\/pt\/wp-json\/wp\/v2\/pages\/89\/revisions\/1090"}],"up":[{"embeddable":true,"href":"https:\/\/novezabeauty.com\/pt\/wp-json\/wp\/v2\/pages\/83"}],"wp:attachment":[{"href":"https:\/\/novezabeauty.com\/pt\/wp-json\/wp\/v2\/media?parent=89"}],"curies":[{"name":"wp","href":"https:\/\/api.w.org\/{rel}","templated":true}]}}