 {"id":439,"date":"2025-07-01T13:01:12","date_gmt":"2025-07-01T13:01:12","guid":{"rendered":"https:\/\/novezabeauty.com\/?post_type=product&#038;p=439"},"modified":"2025-11-23T09:08:18","modified_gmt":"2025-11-23T09:08:18","slug":"4-handles-butt-lifting-increase-muscle-fat-reduction-slimming-ball-rolling-slimming-beauty-machine","status":"publish","type":"product","link":"https:\/\/novezabeauty.com\/pt\/4-handles-butt-lifting-increase-muscle-fat-reduction-slimming-ball-rolling-slimming-beauty-machine\/","title":{"rendered":"4 pegas para levantar o rabo, aumentar os m\u00fasculos, reduzir a gordura, bola de emagrecimento, rolo de emagrecimento, m\u00e1quina de beleza"},"content":{"rendered":"<p data-start=\"25\" data-end=\"75\">Instrumento de beleza muscular HIFM+RF<\/p>\n<p data-start=\"25\" data-end=\"75\">O <strong data-start=\"106\" data-end=\"142\">Instrumento de beleza muscular HIFM+RF<\/strong> \u00e9 um dispositivo avan\u00e7ado, n\u00e3o invasivo, concebido para moldar e tonificar o corpo, criando m\u00fasculo e queimando gordura. Combinando a tecnologia de vibra\u00e7\u00e3o magn\u00e9tica focalizada de alta intensidade (HIFM) com energia de radiofrequ\u00eancia focalizada, esta potente m\u00e1quina visa as camadas de m\u00fasculo e gordura para melhorar os contornos do corpo, aumentar a densidade muscular e acelerar o metabolismo da gordura.<\/p>\n<p data-start=\"480\" data-end=\"889\">O dispositivo utiliza impulsos electromagn\u00e9ticos para induzir contrac\u00e7\u00f5es musculares, simulando exerc\u00edcios intensos que normalmente demorariam horas. Em apenas 30 minutos, pode estimular at\u00e9 30.000 contrac\u00e7\u00f5es musculares, ajudando os utilizadores a obter um f\u00edsico tonificado e magro. O dispositivo \u00e9 perfeito para quem procura construir m\u00fasculo, reduzir gordura e aumentar a elasticidade da pele sem necessidade de cirurgia, injec\u00e7\u00f5es ou exerc\u00edcio extenuante.<\/p>\n<p data-start=\"891\" data-end=\"908\"><strong data-start=\"891\" data-end=\"907\">Carater\u00edsticas principais<\/strong>:<\/p>\n<ul data-start=\"909\" data-end=\"1886\">\n<li data-start=\"909\" data-end=\"1180\">\n<p data-start=\"911\" data-end=\"1180\"><strong data-start=\"911\" data-end=\"936\">Pegas de dupla fun\u00e7\u00e3o<\/strong>: O aparelho possui duas pegas, o que permite um funcionamento sincronizado ou independente em diferentes partes do corpo em simult\u00e2neo. Isto proporciona flexibilidade para tratar v\u00e1rias \u00e1reas ao mesmo tempo, como o abd\u00f3men, coxas, bra\u00e7os e n\u00e1degas.<\/p>\n<\/li>\n<li data-start=\"1181\" data-end=\"1337\">\n<p data-start=\"1183\" data-end=\"1337\"><strong data-start=\"1183\" data-end=\"1210\">Tecnologia n\u00e3o-invasiva<\/strong>: Sem agulhas, sem cirurgia e sem tempo de inatividade. \u00c9 completamente seguro, indolor e eficaz para o desenvolvimento muscular e a redu\u00e7\u00e3o de gordura.<\/p>\n<\/li>\n<li data-start=\"1338\" data-end=\"1553\">\n<p data-start=\"1340\" data-end=\"1553\"><strong data-start=\"1340\" data-end=\"1387\">Tecnologia avan\u00e7ada de vibra\u00e7\u00e3o magn\u00e9tica e RF<\/strong>: Tem como alvo as camadas musculares at\u00e9 8 cm de profundidade, fornecendo calor concentrado para estimular o crescimento muscular e a perda de gordura. A tecnologia RF tamb\u00e9m ajuda a apertar a pele enquanto reduz a gordura.<\/p>\n<\/li>\n<li data-start=\"1554\" data-end=\"1730\">\n<p data-start=\"1556\" data-end=\"1730\"><strong data-start=\"1556\" data-end=\"1588\">Modos de tratamento personaliz\u00e1veis<\/strong>: Oferece uma variedade de defini\u00e7\u00f5es, incluindo diferentes n\u00edveis de intensidade e frequ\u00eancias de tratamento, para satisfazer tanto os principiantes como os utilizadores avan\u00e7ados.<\/p>\n<\/li>\n<li data-start=\"1731\" data-end=\"1886\">\n<p data-start=\"1733\" data-end=\"1886\"><strong data-start=\"1733\" data-end=\"1763\">Resultados r\u00e1pidos e eficazes<\/strong>: Estudos cl\u00ednicos demonstraram uma redu\u00e7\u00e3o significativa da gordura (at\u00e9 30%) e um crescimento muscular (at\u00e9 25%) em apenas alguns tratamentos.<\/p>\n<\/li>\n<\/ul>\n<p data-start=\"1888\" data-end=\"1901\"><strong data-start=\"1888\" data-end=\"1900\">Benef\u00edcios<\/strong>:<\/p>\n<ul data-start=\"1902\" data-end=\"2142\">\n<li data-start=\"1902\" data-end=\"1930\">\n<p data-start=\"1904\" data-end=\"1930\">Aperta e tonifica os m\u00fasculos<\/p>\n<\/li>\n<li data-start=\"1931\" data-end=\"1975\">\n<p data-start=\"1933\" data-end=\"1975\">Reduz a gordura e melhora a defini\u00e7\u00e3o muscular<\/p>\n<\/li>\n<li data-start=\"1976\" data-end=\"2028\">\n<p data-start=\"1978\" data-end=\"2028\">Melhora o metabolismo e aumenta a circula\u00e7\u00e3o sangu\u00ednea<\/p>\n<\/li>\n<li data-start=\"2029\" data-end=\"2056\">\n<p data-start=\"2031\" data-end=\"2056\">N\u00e3o \u00e9 necess\u00e1rio tempo de recupera\u00e7\u00e3o<\/p>\n<\/li>\n<li data-start=\"2057\" data-end=\"2090\">\n<p data-start=\"2059\" data-end=\"2090\">Adequado para homens e mulheres<\/p>\n<\/li>\n<li data-start=\"2091\" data-end=\"2142\">\n<p data-start=\"2093\" data-end=\"2142\">Certifica\u00e7\u00e3o FDA e CE para seguran\u00e7a e efic\u00e1cia<\/p>\n<\/li>\n<\/ul>\n<p data-start=\"2144\" data-end=\"2317\">Quer pretenda obter um corpo esculpido, um t\u00f3nus muscular definido ou reduzir a gordura teimosa, o <strong data-start=\"2246\" data-end=\"2282\">Instrumento de beleza muscular HIFM+RF<\/strong> oferece uma solu\u00e7\u00e3o revolucion\u00e1ria.<\/p>","protected":false},"excerpt":{"rendered":"<p>Um potente aparelho com 4 pegas que combina o rolar das bolas e a estimula\u00e7\u00e3o muscular para levantar o rabo, reduzir a gordura e emagrecer o corpo.<\/p>","protected":false},"featured_media":831,"template":"","meta":{"_kad_post_transparent":"default","_kad_post_title":"","_kad_post_layout":"default","_kad_post_sidebar_id":"","_kad_post_content_style":"default","_kad_post_vertical_padding":"default","_kad_post_feature":"","_kad_post_feature_position":"","_kad_post_header":false,"_kad_post_footer":false,"_kad_post_classname":""},"product_brand":[],"product_cat":[17],"product_tag":[168,148,172,165,170,174,167,173,166,169,171,141,145],"class_list":{"0":"post-439","1":"product","2":"type-product","3":"status-publish","4":"has-post-thumbnail","6":"product_cat-ems","7":"product_tag-ball-rolling-beauty-device","8":"product_tag-body-contouring-machine","9":"product_tag-body-sculpting-device","10":"product_tag-butt-lifting-machine","11":"product_tag-buttocks-slimming","12":"product_tag-fat-burning-machine","13":"product_tag-fat-reduction-slimming","14":"product_tag-multi-handle-slimming-machine","15":"product_tag-muscle-building-device","16":"product_tag-muscle-toning-machine","17":"product_tag-non-invasive-fat-removal","18":"product_tag-professional-beauty-equipment","19":"product_tag-spa-equipment","21":"first","22":"instock","23":"shipping-taxable","24":"product-type-simple","25":"entry","26":"content-bg","27":"loop-entry"},"_links":{"self":[{"href":"https:\/\/novezabeauty.com\/pt\/wp-json\/wp\/v2\/product\/439","targetHints":{"allow":["GET"]}}],"collection":[{"href":"https:\/\/novezabeauty.com\/pt\/wp-json\/wp\/v2\/product"}],"about":[{"href":"https:\/\/novezabeauty.com\/pt\/wp-json\/wp\/v2\/types\/product"}],"version-history":[{"count":2,"href":"https:\/\/novezabeauty.com\/pt\/wp-json\/wp\/v2\/product\/439\/revisions"}],"predecessor-version":[{"id":1264,"href":"https:\/\/novezabeauty.com\/pt\/wp-json\/wp\/v2\/product\/439\/revisions\/1264"}],"wp:featuredmedia":[{"embeddable":true,"href":"https:\/\/novezabeauty.com\/pt\/wp-json\/wp\/v2\/media\/831"}],"wp:attachment":[{"href":"https:\/\/novezabeauty.com\/pt\/wp-json\/wp\/v2\/media?parent=439"}],"wp:term":[{"taxonomy":"product_brand","embeddable":true,"href":"https:\/\/novezabeauty.com\/pt\/wp-json\/wp\/v2\/product_brand?post=439"},{"taxonomy":"product_cat","embeddable":true,"href":"https:\/\/novezabeauty.com\/pt\/wp-json\/wp\/v2\/product_cat?post=439"},{"taxonomy":"product_tag","embeddable":true,"href":"https:\/\/novezabeauty.com\/pt\/wp-json\/wp\/v2\/product_tag?post=439"}],"curies":[{"name":"wp","href":"https:\/\/api.w.org\/{rel}","templated":true}]}}