 {"id":486,"date":"2025-07-03T06:59:27","date_gmt":"2025-07-03T06:59:27","guid":{"rendered":"https:\/\/novezabeauty.com\/?post_type=product&#038;p=486"},"modified":"2025-11-23T09:02:42","modified_gmt":"2025-11-23T09:02:42","slug":"professional-inner-ball-roller-fat-reduction-slimming-machine-muscle-pain-relief-face-body-massage-device","status":"publish","type":"product","link":"https:\/\/novezabeauty.com\/pt\/professional-inner-ball-roller-fat-reduction-slimming-machine-muscle-pain-relief-face-body-massage-device\/","title":{"rendered":"Rolo de esferas interior profissional M\u00e1quina de emagrecimento para redu\u00e7\u00e3o de gordura Dispositivo de massagem facial e corporal para al\u00edvio das dores musculares"},"content":{"rendered":"<p data-start=\"155\" data-end=\"243\">M\u00e1quina de rolos com esferas interiores para modelar o corpo e o rosto, terapia de compress\u00e3o por microvibra\u00e7\u00e3o<\/p>\n<p data-start=\"260\" data-end=\"339\">M\u00e1quina de rolos de esferas interiores | Terapia de compress\u00e3o por micro-vibra\u00e7\u00e3o para corpo e rosto<\/p>\n<p data-start=\"362\" data-end=\"739\">Descubra a Inner Ball Roller Machine, uma solu\u00e7\u00e3o avan\u00e7ada para modelar o corpo, reduzir a celulite e relaxar os m\u00fasculos. Utilizando uma inovadora terapia de micro-vibra\u00e7\u00e3o de compress\u00e3o, melhora a drenagem linf\u00e1tica, melhora a circula\u00e7\u00e3o sangu\u00ednea e rejuvenesce a pele. Seguro, n\u00e3o invasivo e eficaz para tratamentos corporais e faciais. Obtenha resultados vis\u00edveis em apenas algumas sess\u00f5es!<\/p>\n<p data-start=\"766\" data-end=\"1114\">O <strong data-start=\"770\" data-end=\"799\">M\u00e1quina de rolos de esferas interiores<\/strong> \u00e9 um dispositivo inovador de tratamento do corpo e do rosto que utiliza tecnologia de ponta de micro-vibra\u00e7\u00e3o de compress\u00e3o. Concebida tanto para uso profissional como pessoal, esta m\u00e1quina oferece uma forma n\u00e3o invasiva e altamente eficaz de melhorar a drenagem linf\u00e1tica, reduzir a celulite, tonificar os m\u00fasculos e promover o rejuvenescimento da pele.<\/p>\n<p data-start=\"1116\" data-end=\"1133\"><strong data-start=\"1116\" data-end=\"1133\">Carater\u00edsticas principais:<\/strong><\/p>\n<ul data-start=\"1134\" data-end=\"2191\">\n<li data-start=\"1134\" data-end=\"1353\">\n<p data-start=\"1136\" data-end=\"1353\"><strong data-start=\"1136\" data-end=\"1172\">Terapia avan\u00e7ada de micro-vibra\u00e7\u00e3o<\/strong>: As bolas de silicone rotativas a 360\u00b0 da m\u00e1quina geram uma suave compress\u00e3o e micro-vibra\u00e7\u00e3o, estimulando profundamente os tecidos e aumentando a circula\u00e7\u00e3o sem causar desconforto ou danos.<\/p>\n<\/li>\n<li data-start=\"1354\" data-end=\"1562\">\n<p data-start=\"1356\" data-end=\"1562\"><strong data-start=\"1356\" data-end=\"1385\">\u00c1reas de tratamento vers\u00e1teis<\/strong>: Ideal para utilizar em v\u00e1rias partes do corpo, incluindo coxas, n\u00e1degas, bra\u00e7os e rosto. Remodela os contornos do corpo, reduz os sinais de envelhecimento e promove uma apar\u00eancia mais suave e firme.<\/p>\n<\/li>\n<li data-start=\"1563\" data-end=\"1847\">\n<p data-start=\"1565\" data-end=\"1847\"><strong data-start=\"1565\" data-end=\"1590\">Defini\u00e7\u00f5es personaliz\u00e1veis<\/strong>: Com 10 n\u00edveis de velocidade ajust\u00e1veis e tr\u00eas modos de luz colorida (vermelho, azul e verde), o aparelho pode ser adaptado \u00e0s suas necessidades espec\u00edficas. Inclui tamb\u00e9m um ecr\u00e3 t\u00e1til de 5,6 polegadas para um controlo f\u00e1cil e a possibilidade de guardar at\u00e9 5 conjuntos de par\u00e2metros de tratamento.<\/p>\n<\/li>\n<li data-start=\"1848\" data-end=\"1986\">\n<p data-start=\"1850\" data-end=\"1986\"><strong data-start=\"1850\" data-end=\"1866\">Pegas duplas<\/strong>: A pega grande \u00e9 perfeita para os tratamentos corporais, enquanto a pega mais pequena \u00e9 ideal para as zonas delicadas do rosto e do pesco\u00e7o.<\/p>\n<\/li>\n<li data-start=\"1987\" data-end=\"2191\">\n<p data-start=\"1989\" data-end=\"2191\"><strong data-start=\"1989\" data-end=\"2019\">Esferas de silicone substitu\u00edveis<\/strong>: As bolas de silicone foram especificamente concebidas para proporcionar uma compress\u00e3o e vibra\u00e7\u00e3o \u00f3ptimas. Podem ser facilmente substitu\u00eddas, garantindo a efic\u00e1cia e a higiene da m\u00e1quina.<\/p>\n<\/li>\n<\/ul>\n<p data-start=\"2193\" data-end=\"2641\"><strong data-start=\"2193\" data-end=\"2210\">Como funciona:<\/strong><br \/>\nUtilizando bolas de silicone rotativas, o dispositivo aplica press\u00e3o e vibra\u00e7\u00e3o na pele, ajudando a quebrar os dep\u00f3sitos de gordura, a eliminar toxinas e a suavizar as rugas. Estimula o fluxo sangu\u00edneo, melhora o fornecimento de oxig\u00e9nio e incentiva a produ\u00e7\u00e3o de colag\u00e9nio, proporcionando benef\u00edcios est\u00e9ticos e terap\u00eauticos. \u00c9 adequado para relaxamento muscular, desintoxica\u00e7\u00e3o e contorno corporal, obtendo resultados vis\u00edveis ap\u00f3s apenas algumas sess\u00f5es.<\/p>\n<p data-start=\"2643\" data-end=\"2656\"><strong data-start=\"2643\" data-end=\"2656\">Benef\u00edcios:<\/strong><\/p>\n<ul data-start=\"2657\" data-end=\"3015\">\n<li data-start=\"2657\" data-end=\"2730\">\n<p data-start=\"2659\" data-end=\"2730\"><strong data-start=\"2659\" data-end=\"2675\">Modela\u00e7\u00e3o do corpo<\/strong>: Reduz a gordura, torna a pele mais firme e melhora o t\u00f3nus muscular.<\/p>\n<\/li>\n<li data-start=\"2731\" data-end=\"2830\">\n<p data-start=\"2733\" data-end=\"2830\"><strong data-start=\"2733\" data-end=\"2756\">Redu\u00e7\u00e3o da celulite<\/strong>: Ajuda a quebrar os dep\u00f3sitos de gordura e a reduzir a apar\u00eancia da celulite.<\/p>\n<\/li>\n<li data-start=\"2831\" data-end=\"2924\">\n<p data-start=\"2833\" data-end=\"2924\"><strong data-start=\"2833\" data-end=\"2856\">Rejuvenescimento facial<\/strong>: Aperta a pele, suaviza as rugas e melhora a sa\u00fade geral da pele.<\/p>\n<\/li>\n<li data-start=\"2925\" data-end=\"3015\">\n<p data-start=\"2927\" data-end=\"3015\"><strong data-start=\"2927\" data-end=\"2946\">Recupera\u00e7\u00e3o muscular<\/strong>: Alivia a rigidez e a dor muscular, acelerando a recupera\u00e7\u00e3o.<\/p>\n<\/li>\n<\/ul>\n<p data-start=\"3017\" data-end=\"3210\"><strong data-start=\"3017\" data-end=\"3042\">Seguro e n\u00e3o invasivo<\/strong>:<br \/>\nA Inner Ball Roller Machine \u00e9 uma terapia n\u00e3o invasiva e sem dor, sem efeitos secund\u00e1rios conhecidos. Pode regressar imediatamente \u00e0s suas actividades di\u00e1rias ap\u00f3s cada sess\u00e3o.<\/p>\n<p data-start=\"3212\" data-end=\"3239\"><strong data-start=\"3212\" data-end=\"3239\">Especifica\u00e7\u00f5es do produto:<\/strong><\/p>\n<ul data-start=\"3240\" data-end=\"3490\">\n<li data-start=\"3240\" data-end=\"3280\">\n<p data-start=\"3242\" data-end=\"3280\"><strong data-start=\"3242\" data-end=\"3252\">Ecr\u00e3<\/strong>: Ecr\u00e3 t\u00e1til LCD de 10,1 polegadas<\/p>\n<\/li>\n<li data-start=\"3281\" data-end=\"3340\">\n<p data-start=\"3283\" data-end=\"3340\"><strong data-start=\"3283\" data-end=\"3292\">Velocidade<\/strong>: Pega grande - 1450rpm, Pega pequena - 1450rpm<\/p>\n<\/li>\n<li data-start=\"3341\" data-end=\"3373\">\n<p data-start=\"3343\" data-end=\"3373\"><strong data-start=\"3343\" data-end=\"3363\">Frequ\u00eancia de sa\u00edda<\/strong>: 40-254Hz<\/p>\n<\/li>\n<li data-start=\"3374\" data-end=\"3407\">\n<p data-start=\"3376\" data-end=\"3407\"><strong data-start=\"3376\" data-end=\"3393\">Tens\u00e3o de entrada<\/strong>: AC 110V\/220V<\/p>\n<\/li>\n<li data-start=\"3408\" data-end=\"3437\">\n<p data-start=\"3410\" data-end=\"3437\"><strong data-start=\"3410\" data-end=\"3426\">Pot\u00eancia de sa\u00edda<\/strong>: 100-1000W<\/p>\n<\/li>\n<li data-start=\"3438\" data-end=\"3452\">\n<p data-start=\"3440\" data-end=\"3452\"><strong data-start=\"3440\" data-end=\"3448\">Fus\u00edvel<\/strong>: 5A<\/p>\n<\/li>\n<li data-start=\"3453\" data-end=\"3490\">\n<p data-start=\"3455\" data-end=\"3490\"><strong data-start=\"3455\" data-end=\"3480\">Temperatura de funcionamento<\/strong>: 5\u00b0C~40\u00b0C<\/p>\n<\/li>\n<\/ul>\n<p data-start=\"3492\" data-end=\"3688\">Transforme a sua rotina de cuidados da pele com o <strong data-start=\"3533\" data-end=\"3562\">M\u00e1quina de rolos de esferas interiores<\/strong>A linha de produtos da marca SOS, uma solu\u00e7\u00e3o tudo-em-um para o contorno corporal, rejuvenescimento da pele e relaxamento muscular. Abrace uma pessoa mais saud\u00e1vel e radiante.<\/p>","protected":false},"excerpt":{"rendered":"<p>O <strong data-start=\"1016\" data-end=\"1067\">M\u00e1quina de emagrecimento profissional com rolo de esferas interiores<\/strong> combina a tecnologia do rolo magn\u00e9tico com a massagem de tecidos profundos para reduzir a gordura, eliminar a celulite, aliviar as dores musculares e tornar a pele mais firme.<\/p>","protected":false},"featured_media":848,"template":"","meta":{"_kad_post_transparent":"default","_kad_post_title":"","_kad_post_layout":"default","_kad_post_sidebar_id":"","_kad_post_content_style":"default","_kad_post_vertical_padding":"default","_kad_post_feature":"","_kad_post_feature_position":"","_kad_post_header":false,"_kad_post_footer":false,"_kad_post_classname":""},"product_brand":[],"product_cat":[18],"product_tag":[98,160,164,140,157,161,159,162,163,131,158],"class_list":{"0":"post-486","1":"product","2":"type-product","3":"status-publish","4":"has-post-thumbnail","6":"product_cat-endosphere","7":"product_tag-body-contouring","8":"product_tag-cellulite-elimination","9":"product_tag-face-and-body-slimming","10":"product_tag-fat-reduction-machine","11":"product_tag-inner-ball-roller","12":"product_tag-massage-therapy-device","13":"product_tag-muscle-pain-relief","14":"product_tag-non-invasive-beauty-equipment","15":"product_tag-professional-massage-machine","16":"product_tag-skin-tightening","17":"product_tag-slimming-device","19":"first","20":"instock","21":"shipping-taxable","22":"product-type-simple","23":"entry","24":"content-bg","25":"loop-entry"},"_links":{"self":[{"href":"https:\/\/novezabeauty.com\/pt\/wp-json\/wp\/v2\/product\/486","targetHints":{"allow":["GET"]}}],"collection":[{"href":"https:\/\/novezabeauty.com\/pt\/wp-json\/wp\/v2\/product"}],"about":[{"href":"https:\/\/novezabeauty.com\/pt\/wp-json\/wp\/v2\/types\/product"}],"version-history":[{"count":2,"href":"https:\/\/novezabeauty.com\/pt\/wp-json\/wp\/v2\/product\/486\/revisions"}],"predecessor-version":[{"id":1262,"href":"https:\/\/novezabeauty.com\/pt\/wp-json\/wp\/v2\/product\/486\/revisions\/1262"}],"wp:featuredmedia":[{"embeddable":true,"href":"https:\/\/novezabeauty.com\/pt\/wp-json\/wp\/v2\/media\/848"}],"wp:attachment":[{"href":"https:\/\/novezabeauty.com\/pt\/wp-json\/wp\/v2\/media?parent=486"}],"wp:term":[{"taxonomy":"product_brand","embeddable":true,"href":"https:\/\/novezabeauty.com\/pt\/wp-json\/wp\/v2\/product_brand?post=486"},{"taxonomy":"product_cat","embeddable":true,"href":"https:\/\/novezabeauty.com\/pt\/wp-json\/wp\/v2\/product_cat?post=486"},{"taxonomy":"product_tag","embeddable":true,"href":"https:\/\/novezabeauty.com\/pt\/wp-json\/wp\/v2\/product_tag?post=486"}],"curies":[{"name":"wp","href":"https:\/\/api.w.org\/{rel}","templated":true}]}}