 {"id":497,"date":"2025-07-03T09:28:13","date_gmt":"2025-07-03T09:28:13","guid":{"rendered":"https:\/\/novezabeauty.com\/?post_type=product&#038;p=497"},"modified":"2025-11-23T09:17:47","modified_gmt":"2025-11-23T09:17:47","slug":"latest-skincare-and-beauty-devices-fat-reduction-and-body-shaping-machines-skin-tightening-devices","status":"publish","type":"product","link":"https:\/\/novezabeauty.com\/pt\/latest-skincare-and-beauty-devices-fat-reduction-and-body-shaping-machines-skin-tightening-devices\/","title":{"rendered":"Dispositivos de beleza e cuidados com a pele mais recentes: m\u00e1quinas de redu\u00e7\u00e3o de gordura e de modela\u00e7\u00e3o do corpo, dispositivos de aperto da pele"},"content":{"rendered":"<p data-start=\"541\" data-end=\"1002\">Revolucione os seus tratamentos de beleza com este aparelho de \u00faltima gera\u00e7\u00e3o para redu\u00e7\u00e3o de gordura e modela\u00e7\u00e3o corporal. Concebido para utiliza\u00e7\u00e3o profissional, este equipamento de vanguarda oferece uma solu\u00e7\u00e3o n\u00e3o invasiva para o contorno do corpo, o endurecimento da pele e a redu\u00e7\u00e3o de gordura, tornando-o ideal para spas, cl\u00ednicas e centros de bem-estar. Equipado com tecnologia avan\u00e7ada e funcionalidades f\u00e1ceis de utilizar, proporciona resultados eficazes e duradouros para todos os tipos de pele.<\/p>\n<p data-start=\"1004\" data-end=\"1023\"><strong data-start=\"1004\" data-end=\"1021\">Carater\u00edsticas principais:<\/strong><\/p>\n<ul data-start=\"1024\" data-end=\"1733\">\n<li data-start=\"1024\" data-end=\"1184\">\n<p data-start=\"1026\" data-end=\"1184\"><strong data-start=\"1026\" data-end=\"1050\">Tecnologia avan\u00e7ada:<\/strong> Utiliza [inserir tecnologia, por exemplo, criolip\u00f3lise, radiofrequ\u00eancia, terapia laser, etc.] para uma redu\u00e7\u00e3o eficaz da gordura e modela\u00e7\u00e3o do corpo.<\/p>\n<\/li>\n<li data-start=\"1185\" data-end=\"1298\">\n<p data-start=\"1187\" data-end=\"1298\"><strong data-start=\"1187\" data-end=\"1214\">Tratamento n\u00e3o-invasivo:<\/strong> Obtenha uma pele mais lisa e firme e reduza a gordura teimosa sem cirurgia ou tempo de inatividade.<\/p>\n<\/li>\n<li data-start=\"1299\" data-end=\"1419\">\n<p data-start=\"1301\" data-end=\"1419\"><strong data-start=\"1301\" data-end=\"1329\">Interface de f\u00e1cil utiliza\u00e7\u00e3o:<\/strong> O elegante ecr\u00e3 t\u00e1til permite um f\u00e1cil ajuste das defini\u00e7\u00f5es para tratamentos personalizados.<\/p>\n<\/li>\n<li data-start=\"1420\" data-end=\"1517\">\n<p data-start=\"1422\" data-end=\"1517\"><strong data-start=\"1422\" data-end=\"1437\">Durabilidade:<\/strong> Constru\u00eddo com materiais de alta qualidade e concebido para uma utiliza\u00e7\u00e3o profissional cont\u00ednua.<\/p>\n<\/li>\n<li data-start=\"1518\" data-end=\"1623\">\n<p data-start=\"1520\" data-end=\"1623\"><strong data-start=\"1520\" data-end=\"1540\">Design port\u00e1til:<\/strong> Leve e montado sobre rodas, o que facilita a desloca\u00e7\u00e3o entre salas de tratamento.<\/p>\n<\/li>\n<li data-start=\"1624\" data-end=\"1733\">\n<p data-start=\"1626\" data-end=\"1733\"><strong data-start=\"1626\" data-end=\"1646\">Carater\u00edsticas de seguran\u00e7a:<\/strong> Inclui refrigera\u00e7\u00e3o incorporada e controlo de temperatura para tratamentos seguros e confort\u00e1veis.<\/p>\n<\/li>\n<\/ul>\n<p data-start=\"1977\" data-end=\"1992\"><strong data-start=\"1977\" data-end=\"1990\">Benef\u00edcios:<\/strong><\/p>\n<ul data-start=\"1993\" data-end=\"2330\">\n<li data-start=\"1993\" data-end=\"2073\">\n<p data-start=\"1995\" data-end=\"2073\"><strong data-start=\"1995\" data-end=\"2013\">Redu\u00e7\u00e3o de gordura:<\/strong> Atinge e elimina eficazmente os dep\u00f3sitos de gordura mais dif\u00edceis.<\/p>\n<\/li>\n<li data-start=\"2074\" data-end=\"2156\">\n<p data-start=\"2076\" data-end=\"2156\"><strong data-start=\"2076\" data-end=\"2093\">Modela\u00e7\u00e3o do corpo:<\/strong> Contorna o corpo, proporcionando um aspeto mais tonificado e esculpido.<\/p>\n<\/li>\n<li data-start=\"2157\" data-end=\"2245\">\n<p data-start=\"2159\" data-end=\"2245\"><strong data-start=\"2159\" data-end=\"2179\">Aperto de pele:<\/strong> Firma e rejuvenesce a pele para um aspeto mais suave e jovem.<\/p>\n<\/li>\n<li data-start=\"2246\" data-end=\"2330\">\n<p data-start=\"2248\" data-end=\"2330\"><strong data-start=\"2248\" data-end=\"2264\">Sem tempo de inatividade:<\/strong> Os clientes podem retomar as suas actividades normais imediatamente ap\u00f3s o tratamento.<\/p>\n<\/li>\n<\/ul>","protected":false},"excerpt":{"rendered":"<p>Este dispositivo avan\u00e7ado de redu\u00e7\u00e3o de gordura e modela\u00e7\u00e3o corporal utiliza tecnologia de ponta, concebido para utiliza\u00e7\u00e3o profissional em sal\u00f5es de beleza, spas e centros de bem-estar. Oferecendo tratamentos n\u00e3o invasivos, reduz eficazmente a gordura, modela o corpo e aperta a pele. Com uma funcionalidade f\u00e1cil de utilizar e resultados duradouros, \u00e9 a solu\u00e7\u00e3o ideal para melhorar a experi\u00eancia do cliente e a efic\u00e1cia do tratamento.<\/p>","protected":false},"featured_media":853,"template":"","meta":{"_kad_post_transparent":"default","_kad_post_title":"","_kad_post_layout":"default","_kad_post_sidebar_id":"","_kad_post_content_style":"default","_kad_post_vertical_padding":"default","_kad_post_feature":"","_kad_post_feature_position":"","_kad_post_header":false,"_kad_post_footer":false,"_kad_post_classname":""},"product_brand":[],"product_cat":[22],"product_tag":[185,179,180,190,181,175,177,186,187,182,176,189,141,188,178,183,115,142,145,184],"class_list":{"0":"post-497","1":"product","2":"type-product","3":"status-publish","4":"has-post-thumbnail","6":"product_cat-diode-laser","7":"product_tag-advanced-beauty-devices","8":"product_tag-anti-aging-technology","9":"product_tag-beauty-clinic-equipment","10":"product_tag-beauty-tech-for-spas","11":"product_tag-body-contouring-treatment","12":"product_tag-body-shaping-machine","13":"product_tag-cryolipolysis-machine","14":"product_tag-fat-freezing-technology","15":"product_tag-laser-body-shaping-machine","16":"product_tag-laser-fat-reduction","17":"product_tag-non-invasive-fat-loss","18":"product_tag-non-surgical-fat-reduction","19":"product_tag-professional-beauty-equipment","20":"product_tag-professional-skin-care-devices","21":"product_tag-radio-frequency-treatment","22":"product_tag-skin-lifting","23":"product_tag-skin-rejuvenation","24":"product_tag-skin-tightening-device","25":"product_tag-spa-equipment","26":"product_tag-wellness-equipment","28":"first","29":"instock","30":"shipping-taxable","31":"product-type-simple","32":"entry","33":"content-bg","34":"loop-entry"},"_links":{"self":[{"href":"https:\/\/novezabeauty.com\/pt\/wp-json\/wp\/v2\/product\/497","targetHints":{"allow":["GET"]}}],"collection":[{"href":"https:\/\/novezabeauty.com\/pt\/wp-json\/wp\/v2\/product"}],"about":[{"href":"https:\/\/novezabeauty.com\/pt\/wp-json\/wp\/v2\/types\/product"}],"version-history":[{"count":2,"href":"https:\/\/novezabeauty.com\/pt\/wp-json\/wp\/v2\/product\/497\/revisions"}],"predecessor-version":[{"id":1265,"href":"https:\/\/novezabeauty.com\/pt\/wp-json\/wp\/v2\/product\/497\/revisions\/1265"}],"wp:featuredmedia":[{"embeddable":true,"href":"https:\/\/novezabeauty.com\/pt\/wp-json\/wp\/v2\/media\/853"}],"wp:attachment":[{"href":"https:\/\/novezabeauty.com\/pt\/wp-json\/wp\/v2\/media?parent=497"}],"wp:term":[{"taxonomy":"product_brand","embeddable":true,"href":"https:\/\/novezabeauty.com\/pt\/wp-json\/wp\/v2\/product_brand?post=497"},{"taxonomy":"product_cat","embeddable":true,"href":"https:\/\/novezabeauty.com\/pt\/wp-json\/wp\/v2\/product_cat?post=497"},{"taxonomy":"product_tag","embeddable":true,"href":"https:\/\/novezabeauty.com\/pt\/wp-json\/wp\/v2\/product_tag?post=497"}],"curies":[{"name":"wp","href":"https:\/\/api.w.org\/{rel}","templated":true}]}}