 {"id":503,"date":"2025-07-03T12:34:33","date_gmt":"2025-07-03T12:34:33","guid":{"rendered":"https:\/\/novezabeauty.com\/?post_type=product&#038;p=503"},"modified":"2025-11-23T09:00:08","modified_gmt":"2025-11-23T09:00:08","slug":"vertical-magnetic-inner-ball-roller-slimming-and-beauty-device","status":"publish","type":"product","link":"https:\/\/novezabeauty.com\/pt\/vertical-magnetic-inner-ball-roller-slimming-and-beauty-device\/","title":{"rendered":"Dispositivo de emagrecimento e beleza com rolo interior magn\u00e9tico vertical"},"content":{"rendered":"<p data-start=\"255\" data-end=\"353\"><strong data-start=\"255\" data-end=\"308\">Instrumento para m\u00fasculos de beleza HIFEM com tecnologia RF<\/strong> - <strong data-start=\"311\" data-end=\"353\">Construir m\u00fasculos e queimar gordura numa s\u00f3 sess\u00e3o<\/strong><\/p>\n<p data-start=\"355\" data-end=\"751\">Liberte o poder do <strong data-start=\"376\" data-end=\"432\">HIFEM (High-Intensity Focused Electromagnetic Field)<\/strong> e <strong data-start=\"437\" data-end=\"461\">RF (radiofrequ\u00eancia)<\/strong> tecnologias com os nossos <strong data-start=\"484\" data-end=\"518\">Instrumento HIFEM Beauty Muscle<\/strong>. Concebido para aqueles que pretendem r\u00e1pida e eficazmente <strong data-start=\"575\" data-end=\"591\">construir m\u00fasculo<\/strong>, <strong data-start=\"593\" data-end=\"605\">queimar gordura<\/strong>e <strong data-start=\"611\" data-end=\"622\">remodelar<\/strong> os seus corpos, este dispositivo n\u00e3o invasivo e de \u00faltima gera\u00e7\u00e3o traz <strong data-start=\"687\" data-end=\"715\">tecnologia de n\u00edvel m\u00e9dico<\/strong> diretamente para a sua cl\u00ednica ou spa de beleza.<\/p>\n<p data-start=\"753\" data-end=\"866\">Este poderoso sistema combina <strong data-start=\"783\" data-end=\"802\">treino muscular<\/strong> e <strong data-start=\"807\" data-end=\"824\">redu\u00e7\u00e3o de gordura<\/strong> atrav\u00e9s de duas tecnologias complementares:<\/p>\n<ul data-start=\"867\" data-end=\"1441\">\n<li data-start=\"867\" data-end=\"1149\">\n<p data-start=\"869\" data-end=\"1149\"><strong data-start=\"869\" data-end=\"889\">Tecnologia HIFEM<\/strong> estimula os neur\u00f3nios motores dos m\u00fasculos para induzir <strong data-start=\"945\" data-end=\"983\">30.000 contrac\u00e7\u00f5es musculares extremas<\/strong> em apenas 30 minutos. Este n\u00edvel de intensidade excede o que pode ser alcan\u00e7ado atrav\u00e9s do exerc\u00edcio normal, estimulando <strong data-start=\"1094\" data-end=\"1111\">crescimento muscular<\/strong> e <strong data-start=\"1116\" data-end=\"1133\">decomposi\u00e7\u00e3o da gordura<\/strong> simultaneamente.<\/p>\n<\/li>\n<li data-start=\"1150\" data-end=\"1441\">\n<p data-start=\"1152\" data-end=\"1441\"><strong data-start=\"1152\" data-end=\"1187\">Tecnologia de radiofrequ\u00eancia (RF)<\/strong> penetra na pele at\u00e9 uma profundidade de <strong data-start=\"1222\" data-end=\"1233\">43-45\u00b0C<\/strong>, fazendo com que as c\u00e9lulas adiposas <strong data-start=\"1260\" data-end=\"1272\">dissolver<\/strong> e as fibras musculares para <strong data-start=\"1298\" data-end=\"1310\">contrato<\/strong>. Esta dupla a\u00e7\u00e3o conduz a <strong data-start=\"1338\" data-end=\"1363\">aumento da massa muscular<\/strong> e <strong data-start=\"1368\" data-end=\"1385\">redu\u00e7\u00e3o de gordura<\/strong>, enrijecendo a pele e melhorando o t\u00f3nus muscular geral.<\/p>\n<\/li>\n<\/ul>\n<p data-start=\"1443\" data-end=\"1648\">Com a capacidade de atingir v\u00e1rios grupos musculares de uma s\u00f3 vez, esta m\u00e1quina \u00e9 ideal para o contorno do corpo, para apertar e tonificar \u00e1reas como os <strong data-start=\"1586\" data-end=\"1597\">abd\u00f3men<\/strong>, <strong data-start=\"1599\" data-end=\"1609\">coxas<\/strong>, <strong data-start=\"1611\" data-end=\"1623\">n\u00e1degas<\/strong>, <strong data-start=\"1625\" data-end=\"1633\">armas<\/strong>e <strong data-start=\"1639\" data-end=\"1647\">pernas<\/strong>.<\/p>\n<h4 data-start=\"1650\" data-end=\"1672\"><strong data-start=\"1655\" data-end=\"1672\">Carater\u00edsticas principais:<\/strong><\/h4>\n<ul data-start=\"1673\" data-end=\"2633\">\n<li data-start=\"1673\" data-end=\"1784\">\n<p data-start=\"1675\" data-end=\"1784\"><strong data-start=\"1675\" data-end=\"1695\">Tecnologia dupla:<\/strong> Combina\u00e7\u00f5es <strong data-start=\"1705\" data-end=\"1719\">HIFEM + RF<\/strong> para uma abordagem completa da constru\u00e7\u00e3o muscular e da queima de gordura.<\/p>\n<\/li>\n<li data-start=\"1785\" data-end=\"1905\">\n<p data-start=\"1787\" data-end=\"1905\"><strong data-start=\"1787\" data-end=\"1832\">30.000 contrac\u00e7\u00f5es musculares em 30 minutos:<\/strong> Equivalente a fazer <strong data-start=\"1853\" data-end=\"1871\">30.000 abdominais<\/strong> ou <strong data-start=\"1875\" data-end=\"1885\">agachamentos<\/strong> sem esfor\u00e7o.<\/p>\n<\/li>\n<li data-start=\"1906\" data-end=\"2025\">\n<p data-start=\"1908\" data-end=\"2025\"><strong data-start=\"1908\" data-end=\"1929\">Penetra\u00e7\u00e3o profunda:<\/strong> A energia HIFEM atinge <strong data-start=\"1951\" data-end=\"1963\">8 cm de profundidade<\/strong>, visando diretamente os m\u00fasculos para aumentar a for\u00e7a e o volume.<\/p>\n<\/li>\n<li data-start=\"2026\" data-end=\"2144\">\n<p data-start=\"2028\" data-end=\"2144\"><strong data-start=\"2028\" data-end=\"2064\">Redu\u00e7\u00e3o de gorduras e aperto de pele:<\/strong> A radiofrequ\u00eancia aquece as c\u00e9lulas adiposas, acelerando a sua decomposi\u00e7\u00e3o e melhorando a elasticidade da pele.<\/p>\n<\/li>\n<li data-start=\"2145\" data-end=\"2217\">\n<p data-start=\"2147\" data-end=\"2217\"><strong data-start=\"2147\" data-end=\"2170\">Certificado pela FDA e CE:<\/strong> Seguran\u00e7a e efic\u00e1cia comprovadas em estudos cl\u00ednicos.<\/p>\n<\/li>\n<li data-start=\"2218\" data-end=\"2371\">\n<p data-start=\"2220\" data-end=\"2371\"><strong data-start=\"2220\" data-end=\"2251\">Pegas de tratamento m\u00faltiplas:<\/strong> Operar <strong data-start=\"2260\" data-end=\"2282\">at\u00e9 quatro pegas<\/strong> simultaneamente, tratando v\u00e1rias \u00e1reas de uma s\u00f3 vez - ideal para sal\u00f5es de beleza ou cl\u00ednicas movimentadas.<\/p>\n<\/li>\n<li data-start=\"2372\" data-end=\"2510\">\n<p data-start=\"2374\" data-end=\"2510\"><strong data-start=\"2374\" data-end=\"2390\">Sem tempo de inatividade:<\/strong> Tratamento n\u00e3o invasivo e sem dor com <strong data-start=\"2430\" data-end=\"2452\">sem per\u00edodo de recupera\u00e7\u00e3o<\/strong>-Os clientes podem regressar imediatamente \u00e0s suas actividades di\u00e1rias.<\/p>\n<\/li>\n<li data-start=\"2511\" data-end=\"2633\">\n<p data-start=\"2513\" data-end=\"2633\"><strong data-start=\"2513\" data-end=\"2539\">Defini\u00e7\u00f5es personaliz\u00e1veis:<\/strong> Ajust\u00e1vel <strong data-start=\"2551\" data-end=\"2592\">Intensidades de vibra\u00e7\u00e3o RF e magn\u00e9tica<\/strong> para atender ao n\u00edvel de conforto de cada cliente.<\/p>\n<\/li>\n<\/ul>\n<h4 data-start=\"2635\" data-end=\"2660\"><strong data-start=\"2640\" data-end=\"2660\">\u00c1reas de tratamento:<\/strong><\/h4>\n<ul data-start=\"2661\" data-end=\"3187\">\n<li data-start=\"2661\" data-end=\"2782\">\n<p data-start=\"2663\" data-end=\"2782\"><strong data-start=\"2663\" data-end=\"2687\">Abd\u00f3men e cintura:<\/strong> Obtenha um aspeto tonificado e esculpido, combatendo a gordura teimosa da barriga e fortalecendo os m\u00fasculos do n\u00facleo.<\/p>\n<\/li>\n<li data-start=\"2783\" data-end=\"2885\">\n<p data-start=\"2785\" data-end=\"2885\"><strong data-start=\"2785\" data-end=\"2798\">N\u00e1degas:<\/strong> Levanta e firma os gl\u00fateos, reduzindo a flacidez e promovendo um aspeto jovem e tonificado.<\/p>\n<\/li>\n<li data-start=\"2886\" data-end=\"3007\">\n<p data-start=\"2888\" data-end=\"3007\"><strong data-start=\"2888\" data-end=\"2904\">Bra\u00e7os e pernas:<\/strong> Aperta a pele e tonifica os m\u00fasculos da parte superior dos bra\u00e7os, coxas e pernas, combatendo a celulite e a pele solta.<\/p>\n<\/li>\n<li data-start=\"3008\" data-end=\"3187\">\n<p data-start=\"3010\" data-end=\"3187\"><strong data-start=\"3010\" data-end=\"3040\">Escultura corporal p\u00f3s-parto:<\/strong> Especialmente ben\u00e9fico para as m\u00e3es que sofreram uma separa\u00e7\u00e3o dos rectos abdominais (barriga p\u00f3s-parto) para ajudar a firmar e tonificar os m\u00fasculos abdominais.<\/p>\n<\/li>\n<\/ul>\n<h4 data-start=\"3189\" data-end=\"3207\"><strong data-start=\"3194\" data-end=\"3207\">Benef\u00edcios:<\/strong><\/h4>\n<ul data-start=\"3208\" data-end=\"3751\">\n<li data-start=\"3208\" data-end=\"3305\">\n<p data-start=\"3210\" data-end=\"3305\"><strong data-start=\"3210\" data-end=\"3228\">Crescimento muscular:<\/strong> Aumenta a densidade e o volume muscular at\u00e9 <strong data-start=\"3273\" data-end=\"3280\">16%<\/strong> ap\u00f3s v\u00e1rias sess\u00f5es.<\/p>\n<\/li>\n<li data-start=\"3306\" data-end=\"3384\">\n<p data-start=\"3308\" data-end=\"3384\"><strong data-start=\"3308\" data-end=\"3326\">Redu\u00e7\u00e3o de gordura:<\/strong> Reduzir a gordura at\u00e9 <strong data-start=\"3347\" data-end=\"3354\">19%<\/strong> ap\u00f3s um curso de tratamentos.<\/p>\n<\/li>\n<li data-start=\"3385\" data-end=\"3500\">\n<p data-start=\"3387\" data-end=\"3500\"><strong data-start=\"3387\" data-end=\"3411\">Melhoria do metabolismo:<\/strong> O aumento da massa muscular ajuda a <strong data-start=\"3443\" data-end=\"3463\">estimular o metabolismo<\/strong>queima mais calorias, mesmo em repouso.<\/p>\n<\/li>\n<li data-start=\"3501\" data-end=\"3630\">\n<p data-start=\"3503\" data-end=\"3630\"><strong data-start=\"3503\" data-end=\"3531\">N\u00e3o invasivo e indolor:<\/strong> N\u00e3o h\u00e1 necessidade de cirurgia, injec\u00e7\u00f5es ou exerc\u00edcio intenso - apenas <strong data-start=\"3590\" data-end=\"3602\">deitar-se<\/strong> e relaxar durante o tratamento.<\/p>\n<\/li>\n<li data-start=\"3631\" data-end=\"3751\">\n<p data-start=\"3633\" data-end=\"3751\"><strong data-start=\"3633\" data-end=\"3654\">R\u00e1pido e eficiente:<\/strong> Uma sess\u00e3o completa demora apenas <strong data-start=\"3681\" data-end=\"3695\">30 minutos<\/strong>com resultados vis\u00edveis em apenas <strong data-start=\"3734\" data-end=\"3750\">4 tratamentos<\/strong>.<\/p>\n<\/li>\n<\/ul>\n<p data-start=\"3753\" data-end=\"4010\">Quer seja um profissional da ind\u00fastria da beleza ou um consumidor que procura uma escultura corporal eficaz, esta tecnologia oferece uma solu\u00e7\u00e3o r\u00e1pida e fi\u00e1vel para obter um f\u00edsico em forma e tonificado sem a necessidade de exerc\u00edcios extenuantes ou tratamentos invasivos.<\/p>","protected":false},"excerpt":{"rendered":"<p>Um dispositivo de rolos verticais de qualidade de spa que utiliza a tecnologia de esfera interna magn\u00e9tica e micro-vibra\u00e7\u00e3o para adelga\u00e7ar, suavizar e firmar os contornos do rosto e do corpo.<\/p>","protected":false},"featured_media":867,"template":"","meta":{"_kad_post_transparent":"default","_kad_post_title":"","_kad_post_layout":"default","_kad_post_sidebar_id":"","_kad_post_content_style":"default","_kad_post_vertical_padding":"default","_kad_post_feature":"","_kad_post_feature_position":"","_kad_post_header":false,"_kad_post_footer":false,"_kad_post_classname":""},"product_brand":[],"product_cat":[19],"product_tag":[151,148,149,150,156,152,147,155,153,141,142,154],"class_list":{"0":"post-503","1":"product","2":"type-product","3":"status-publish","4":"has-post-thumbnail","6":"product_cat-ems-endosphere","7":"product_tag-beauty-roller-machine","8":"product_tag-body-contouring-machine","9":"product_tag-cellulite-reduction-device","10":"product_tag-face-and-body-firming","11":"product_tag-facial-and-body-sculpting","12":"product_tag-lymphatic-drainage-machine","13":"product_tag-magnetic-roller-slimming-device","14":"product_tag-magnetic-therapy-beauty-device","15":"product_tag-non-invasive-slimming","16":"product_tag-professional-beauty-equipment","17":"product_tag-skin-tightening-device","18":"product_tag-spa-contouring-device","20":"first","21":"instock","22":"shipping-taxable","23":"product-type-simple","24":"entry","25":"content-bg","26":"loop-entry"},"_links":{"self":[{"href":"https:\/\/novezabeauty.com\/pt\/wp-json\/wp\/v2\/product\/503","targetHints":{"allow":["GET"]}}],"collection":[{"href":"https:\/\/novezabeauty.com\/pt\/wp-json\/wp\/v2\/product"}],"about":[{"href":"https:\/\/novezabeauty.com\/pt\/wp-json\/wp\/v2\/types\/product"}],"version-history":[{"count":2,"href":"https:\/\/novezabeauty.com\/pt\/wp-json\/wp\/v2\/product\/503\/revisions"}],"predecessor-version":[{"id":1261,"href":"https:\/\/novezabeauty.com\/pt\/wp-json\/wp\/v2\/product\/503\/revisions\/1261"}],"wp:featuredmedia":[{"embeddable":true,"href":"https:\/\/novezabeauty.com\/pt\/wp-json\/wp\/v2\/media\/867"}],"wp:attachment":[{"href":"https:\/\/novezabeauty.com\/pt\/wp-json\/wp\/v2\/media?parent=503"}],"wp:term":[{"taxonomy":"product_brand","embeddable":true,"href":"https:\/\/novezabeauty.com\/pt\/wp-json\/wp\/v2\/product_brand?post=503"},{"taxonomy":"product_cat","embeddable":true,"href":"https:\/\/novezabeauty.com\/pt\/wp-json\/wp\/v2\/product_cat?post=503"},{"taxonomy":"product_tag","embeddable":true,"href":"https:\/\/novezabeauty.com\/pt\/wp-json\/wp\/v2\/product_tag?post=503"}],"curies":[{"name":"wp","href":"https:\/\/api.w.org\/{rel}","templated":true}]}}