 {"id":710,"date":"2025-07-07T09:30:09","date_gmt":"2025-07-07T09:30:09","guid":{"rendered":"https:\/\/novezabeauty.com\/?post_type=product&#038;p=710"},"modified":"2025-11-23T08:56:41","modified_gmt":"2025-11-23T08:56:41","slug":"9-in-1-cavitation-slimming-machine-multifunctional-rf-laser-lipolysis-ems-face-body-contouring-device","status":"publish","type":"product","link":"https:\/\/novezabeauty.com\/pt\/9-in-1-cavitation-slimming-machine-multifunctional-rf-laser-lipolysis-ems-face-body-contouring-device\/","title":{"rendered":"M\u00e1quina de emagrecimento por cavita\u00e7\u00e3o 9 em 1 - RF multifuncional, lip\u00f3lise a laser, EMS, dispositivo de contorno facial e corporal"},"content":{"rendered":"<p data-start=\"185\" data-end=\"293\">M\u00e1quina de emagrecimento por cavita\u00e7\u00e3o 9 em 1 - RF multifuncional, lip\u00f3lise a laser, EMS, dispositivo de contorno facial e corporal<\/p>\n<p data-start=\"320\" data-end=\"806\">A derradeira m\u00e1quina de emagrecimento por cavita\u00e7\u00e3o 9 em 1, concebida para o contorno do corpo, o endurecimento da pele e a redu\u00e7\u00e3o da gordura. Com tecnologias avan\u00e7adas como RF (radiofrequ\u00eancia), lip\u00f3lise a laser, EMS e terapia fotoel\u00e9ctrica a cores, esta m\u00e1quina destina-se a tratamentos faciais e corporais. Segura, n\u00e3o invasiva e eficaz, ajuda a reduzir a celulite, a diminuir os poros e a rejuvenescer a pele. Perfeita para sal\u00f5es de beleza e cl\u00ednicas que pretendam oferecer servi\u00e7os abrangentes de cuidados corporais e faciais.<\/p>\n<hr data-start=\"808\" data-end=\"811\" \/>\n<h3 data-start=\"813\" data-end=\"841\"><strong data-start=\"817\" data-end=\"841\">Descri\u00e7\u00e3o do produto:<\/strong><\/h3>\n<p data-start=\"842\" data-end=\"1219\">Transforme o seu corpo e a sua pele com o nosso <strong data-start=\"880\" data-end=\"918\">M\u00e1quina de emagrecimento por cavita\u00e7\u00e3o 9 em 1<\/strong>um dispositivo de \u00faltima gera\u00e7\u00e3o concebido para reduzir a gordura, tornar a pele mais firme e rejuvenescer o rosto, tudo num s\u00f3 tratamento. Ideal para profissionais de beleza, esta m\u00e1quina multifuncional combina as mais recentes tecnologias n\u00e3o invasivas para proporcionar aos clientes resultados vis\u00edveis numa fra\u00e7\u00e3o de tempo.<\/p>\n<p data-start=\"1221\" data-end=\"1238\"><strong data-start=\"1221\" data-end=\"1238\">Carater\u00edsticas principais:<\/strong><\/p>\n<ul data-start=\"1239\" data-end=\"2081\">\n<li data-start=\"1239\" data-end=\"1363\">\n<p data-start=\"1241\" data-end=\"1363\"><strong data-start=\"1241\" data-end=\"1263\">Cavita\u00e7\u00e3o (40KHz)<\/strong>: Utiliza ondas sonoras fortes para quebrar as c\u00e9lulas adiposas, promovendo uma redu\u00e7\u00e3o eficaz da gordura e do contorno.<\/p>\n<\/li>\n<li data-start=\"1364\" data-end=\"1495\">\n<p data-start=\"1366\" data-end=\"1495\"><strong data-start=\"1366\" data-end=\"1390\">RF (radiofrequ\u00eancia)<\/strong>: Aumenta a elasticidade da pele e promove a produ\u00e7\u00e3o de colag\u00e9nio, perfeito para o endurecimento da pele do rosto e do corpo.<\/p>\n<\/li>\n<li data-start=\"1496\" data-end=\"1624\">\n<p data-start=\"1498\" data-end=\"1624\"><strong data-start=\"1498\" data-end=\"1517\">Lip\u00f3lise a laser<\/strong>: Terapia laser de baixo n\u00edvel para estimular as c\u00e9lulas adiposas, decompondo os triglic\u00e9ridos e melhorando o metabolismo das gorduras.<\/p>\n<\/li>\n<li data-start=\"1625\" data-end=\"1744\">\n<p data-start=\"1627\" data-end=\"1744\"><strong data-start=\"1627\" data-end=\"1666\">EMS (Estimula\u00e7\u00e3o Muscular El\u00e9ctrica)<\/strong>: Estimula a firmeza e a tonifica\u00e7\u00e3o dos m\u00fasculos, criando uma apar\u00eancia suave e tonificada.<\/p>\n<\/li>\n<li data-start=\"1745\" data-end=\"1854\">\n<p data-start=\"1747\" data-end=\"1854\"><strong data-start=\"1747\" data-end=\"1771\">Press\u00e3o negativa RF<\/strong>: Proporciona uma redu\u00e7\u00e3o espec\u00edfica da gordura e uma drenagem linf\u00e1tica para uma pele mais lisa e firme.<\/p>\n<\/li>\n<li data-start=\"1855\" data-end=\"1977\">\n<p data-start=\"1857\" data-end=\"1977\"><strong data-start=\"1857\" data-end=\"1892\">Perfura\u00e7\u00e3o fotoel\u00e9ctrica a cores<\/strong>: Promove o rejuvenescimento da pele, ajudando a reduzir as r\u00eddulas e a restaurar a vitalidade da pele.<\/p>\n<\/li>\n<li data-start=\"1978\" data-end=\"2081\">\n<p data-start=\"1980\" data-end=\"2081\"><strong data-start=\"1980\" data-end=\"1997\">Reduz os poros<\/strong>: Melhora a textura da pele, fechando os poros e reduzindo o aparecimento de rugas.<\/p>\n<\/li>\n<\/ul>\n<p data-start=\"2083\" data-end=\"2096\"><strong data-start=\"2083\" data-end=\"2096\">Benef\u00edcios:<\/strong><\/p>\n<ul data-start=\"2097\" data-end=\"2656\">\n<li data-start=\"2097\" data-end=\"2238\">\n<p data-start=\"2099\" data-end=\"2238\"><strong data-start=\"2099\" data-end=\"2122\">Tratamento de corpo inteiro<\/strong>: Desde o lifting facial at\u00e9 ao emagrecimento do corpo, tratar uma variedade de \u00e1reas incluindo os bra\u00e7os, pernas, cintura, barriga e n\u00e1degas.<\/p>\n<\/li>\n<li data-start=\"2239\" data-end=\"2356\">\n<p data-start=\"2241\" data-end=\"2356\"><strong data-start=\"2241\" data-end=\"2271\">N\u00e3o cir\u00fargico e sem dor<\/strong>: Proporciona uma experi\u00eancia n\u00e3o invasiva e confort\u00e1vel, sem necessidade de tempo de recupera\u00e7\u00e3o.<\/p>\n<\/li>\n<li data-start=\"2357\" data-end=\"2493\">\n<p data-start=\"2359\" data-end=\"2493\"><strong data-start=\"2359\" data-end=\"2374\">F\u00e1cil de utilizar<\/strong>: Com uma interface de f\u00e1cil utiliza\u00e7\u00e3o e defini\u00e7\u00f5es ajust\u00e1veis, \u00e9 simples personalizar cada tratamento de acordo com as necessidades do cliente.<\/p>\n<\/li>\n<li data-start=\"2494\" data-end=\"2656\">\n<p data-start=\"2496\" data-end=\"2656\"><strong data-start=\"2496\" data-end=\"2526\">Resultados eficazes e r\u00e1pidos<\/strong>: Os clientes ir\u00e3o sentir resultados vis\u00edveis ap\u00f3s apenas algumas sess\u00f5es, com redu\u00e7\u00e3o de gordura, pele mais firme e um f\u00edsico mais esculpido.<\/p>\n<\/li>\n<\/ul>\n<p data-start=\"2658\" data-end=\"2960\">Esta m\u00e1quina 9 em 1 \u00e9 a solu\u00e7\u00e3o perfeita para sal\u00f5es de beleza e cl\u00ednicas que procuram oferecer tratamentos de pele abrangentes e de vanguarda. As suas capacidades multifuncionais garantem que pode oferecer aos seus clientes um servi\u00e7o tudo-em-um que combina emagrecimento, rejuvenescimento da pele e tonifica\u00e7\u00e3o muscular.<\/p>","protected":false},"excerpt":{"rendered":"<p>Um sistema profissional de emagrecimento e contorno 9 em 1 que combina cavita\u00e7\u00e3o, radiofrequ\u00eancia, lip\u00f3lise a laser e EMS para esculpir o corpo e firmar o rosto num \u00fanico aparelho.<\/p>","protected":false},"featured_media":860,"template":"","meta":{"_kad_post_transparent":"default","_kad_post_title":"","_kad_post_layout":"default","_kad_post_sidebar_id":"","_kad_post_content_style":"default","_kad_post_vertical_padding":"default","_kad_post_feature":"","_kad_post_feature_position":"","_kad_post_header":false,"_kad_post_footer":false,"_kad_post_classname":""},"product_brand":[],"product_cat":[21],"product_tag":[98,134,138,135,146,140,137,144,143,141,136,142,145,139],"class_list":{"0":"post-710","1":"product","2":"type-product","3":"status-publish","4":"has-post-thumbnail","6":"product_cat-cavitation-lipo-laser","7":"product_tag-body-contouring","8":"product_tag-cavitation-slimming-machine","9":"product_tag-ems-muscle-toning","10":"product_tag-face-contouring","11":"product_tag-facial-firming-device","12":"product_tag-fat-reduction-machine","13":"product_tag-laser-lipolysis","14":"product_tag-multi-functional-beauty-machine","15":"product_tag-non-invasive-slimming-device","16":"product_tag-professional-beauty-equipment","17":"product_tag-rf-body-sculpting","18":"product_tag-skin-tightening-device","19":"product_tag-spa-equipment","20":"product_tag-ultrasonic-cavitation","22":"first","23":"instock","24":"shipping-taxable","25":"product-type-simple","26":"entry","27":"content-bg","28":"loop-entry"},"_links":{"self":[{"href":"https:\/\/novezabeauty.com\/pt\/wp-json\/wp\/v2\/product\/710","targetHints":{"allow":["GET"]}}],"collection":[{"href":"https:\/\/novezabeauty.com\/pt\/wp-json\/wp\/v2\/product"}],"about":[{"href":"https:\/\/novezabeauty.com\/pt\/wp-json\/wp\/v2\/types\/product"}],"version-history":[{"count":2,"href":"https:\/\/novezabeauty.com\/pt\/wp-json\/wp\/v2\/product\/710\/revisions"}],"predecessor-version":[{"id":1260,"href":"https:\/\/novezabeauty.com\/pt\/wp-json\/wp\/v2\/product\/710\/revisions\/1260"}],"wp:featuredmedia":[{"embeddable":true,"href":"https:\/\/novezabeauty.com\/pt\/wp-json\/wp\/v2\/media\/860"}],"wp:attachment":[{"href":"https:\/\/novezabeauty.com\/pt\/wp-json\/wp\/v2\/media?parent=710"}],"wp:term":[{"taxonomy":"product_brand","embeddable":true,"href":"https:\/\/novezabeauty.com\/pt\/wp-json\/wp\/v2\/product_brand?post=710"},{"taxonomy":"product_cat","embeddable":true,"href":"https:\/\/novezabeauty.com\/pt\/wp-json\/wp\/v2\/product_cat?post=710"},{"taxonomy":"product_tag","embeddable":true,"href":"https:\/\/novezabeauty.com\/pt\/wp-json\/wp\/v2\/product_tag?post=710"}],"curies":[{"name":"wp","href":"https:\/\/api.w.org\/{rel}","templated":true}]}}