 {"id":728,"date":"2025-07-07T13:05:52","date_gmt":"2025-07-07T13:05:52","guid":{"rendered":"https:\/\/novezabeauty.com\/?post_type=product&#038;p=728"},"modified":"2025-11-23T08:30:50","modified_gmt":"2025-11-23T08:30:50","slug":"high-quality-22d-anti-aging-face-tightening-firming-body-fat-removal-machine-for-wrinkle-remove","status":"publish","type":"product","link":"https:\/\/novezabeauty.com\/pt\/high-quality-22d-anti-aging-face-tightening-firming-body-fat-removal-machine-for-wrinkle-remove\/","title":{"rendered":"22D M\u00e1quina de remo\u00e7\u00e3o de gordura corporal para remo\u00e7\u00e3o de rugas, reafirmante e anti-envelhecimento para o rosto"},"content":{"rendered":"<p>O <strong data-start=\"147\" data-end=\"214\">22D M\u00e1quina de remo\u00e7\u00e3o de gordura corporal antienvelhecimento para apertar o rosto e reafirmar o corpo<\/strong> foi concebido para a remo\u00e7\u00e3o eficaz de rugas, o endurecimento da pele e o contorno corporal. Equipado com tecnologia avan\u00e7ada, utiliza um controlo de precis\u00e3o para remo\u00e7\u00e3o de gordura e firmeza. O design elegante inclui um ecr\u00e3 digital intuitivo, que permite ajustar facilmente a pot\u00eancia e as defini\u00e7\u00f5es para tratamentos personalizados. Esta m\u00e1quina oferece uma funcionalidade vers\u00e1til com cabe\u00e7as intermut\u00e1veis para v\u00e1rias \u00e1reas, tornando-a ideal para aplica\u00e7\u00f5es faciais e corporais. Obtenha uma pele suave e jovem com este aparelho de alto desempenho de n\u00edvel profissional.<\/p>\n<p data-start=\"576\" data-end=\"597\"><strong data-start=\"576\" data-end=\"597\">Carater\u00edsticas do produto:<\/strong><\/p>\n<ol data-start=\"599\" data-end=\"2140\">\n<li data-start=\"599\" data-end=\"888\">\n<p data-start=\"602\" data-end=\"888\"><strong data-start=\"602\" data-end=\"641\">Tecnologia RF e tratamento com plasma:<\/strong><br \/>\nEsta m\u00e1quina combina a energia RF e a tecnologia de plasma, estimulando profundamente a pele para promover a produ\u00e7\u00e3o de colag\u00e9nio, apertando a pele solta e melhorando a circula\u00e7\u00e3o sangu\u00ednea. Tamb\u00e9m ajuda a reduzir a gordura \u00e0 superf\u00edcie, melhorando a textura e a elasticidade da pele.<\/p>\n<\/li>\n<li data-start=\"890\" data-end=\"1161\">\n<p data-start=\"893\" data-end=\"1161\"><strong data-start=\"893\" data-end=\"924\">Tratamento multifuncional:<\/strong><br \/>\nAdequado para diferentes \u00e1reas do rosto e do corpo, incluindo o rosto, o queixo, o abd\u00f3men, as coxas e as n\u00e1degas. Com defini\u00e7\u00f5es ajust\u00e1veis, os utilizadores podem selecionar o modo de tratamento mais adequado com base no seu tipo de pele e necessidades individuais.<\/p>\n<\/li>\n<li data-start=\"1163\" data-end=\"1438\">\n<p data-start=\"1166\" data-end=\"1438\"><strong data-start=\"1166\" data-end=\"1192\">Ecr\u00e3 digital inteligente:<\/strong><br \/>\nEquipado com um ecr\u00e3 t\u00e1til inteligente de alta defini\u00e7\u00e3o de 13,3 polegadas, os utilizadores podem ajustar intuitivamente a intensidade do tratamento, a pot\u00eancia, a frequ\u00eancia de energia e o tempo de tratamento. A interface simples garante uma utiliza\u00e7\u00e3o f\u00e1cil, com feedback em tempo real para resultados \u00f3ptimos.<\/p>\n<\/li>\n<li data-start=\"1440\" data-end=\"1673\">\n<p data-start=\"1443\" data-end=\"1673\"><strong data-start=\"1443\" data-end=\"1472\">Cabe\u00e7as de tratamento m\u00faltiplas:<\/strong><br \/>\nO dispositivo inclui v\u00e1rias cabe\u00e7as de tratamento intercambi\u00e1veis, cada uma concebida para tratar \u00e1reas espec\u00edficas. Estas cabe\u00e7as foram concebidas para tratamentos eficientes e confort\u00e1veis, garantindo resultados efectivos.<\/p>\n<\/li>\n<li data-start=\"1675\" data-end=\"1894\">\n<p data-start=\"1678\" data-end=\"1894\"><strong data-start=\"1678\" data-end=\"1704\">N\u00e3o invasivo e seguro:<\/strong><br \/>\nO tratamento n\u00e3o \u00e9 invasivo, n\u00e3o requer cirurgia ou injec\u00e7\u00f5es. Utiliza uma energia RF e plasma suave para ajudar a enrijecer e reduzir a gordura, garantindo conforto e seguran\u00e7a durante todo o processo.<\/p>\n<\/li>\n<li data-start=\"1896\" data-end=\"2140\">\n<p data-start=\"1899\" data-end=\"2140\"><strong data-start=\"1899\" data-end=\"1944\">Alta efici\u00eancia e efeitos duradouros:<\/strong><br \/>\nCada tratamento proporciona resultados vis\u00edveis num curto espa\u00e7o de tempo, com a utiliza\u00e7\u00e3o cont\u00ednua a melhorar a firmeza, a textura e a luminosidade da pele. Os tratamentos cont\u00ednuos ajudam a restaurar uma apar\u00eancia jovem e saud\u00e1vel.<\/p>\n<\/li>\n<\/ol>\n<p data-start=\"2142\" data-end=\"2159\"><strong data-start=\"2142\" data-end=\"2159\">Aplica\u00e7\u00f5es:<\/strong><\/p>\n<ul data-start=\"2160\" data-end=\"2354\">\n<li data-start=\"2160\" data-end=\"2194\">\n<p data-start=\"2162\" data-end=\"2194\">Aperto e contorno do rosto<\/p>\n<\/li>\n<li data-start=\"2195\" data-end=\"2227\">\n<p data-start=\"2197\" data-end=\"2227\">Remo\u00e7\u00e3o de rugas e anti-envelhecimento<\/p>\n<\/li>\n<li data-start=\"2228\" data-end=\"2260\">\n<p data-start=\"2230\" data-end=\"2260\">Redu\u00e7\u00e3o e modela\u00e7\u00e3o da gordura corporal<\/p>\n<\/li>\n<li data-start=\"2261\" data-end=\"2311\">\n<p data-start=\"2263\" data-end=\"2311\">Aperto de pele nas coxas, abd\u00f3men e n\u00e1degas<\/p>\n<\/li>\n<li data-start=\"2312\" data-end=\"2354\">\n<p data-start=\"2314\" data-end=\"2354\">Melhorar a elasticidade e a suavidade da pele<\/p>\n<\/li>\n<\/ul>\n<p data-start=\"2356\" data-end=\"2555\"><strong data-start=\"2356\" data-end=\"2373\">Adequado para:<\/strong><br \/>\nEste aparelho \u00e9 perfeito para sal\u00f5es de beleza, spas e uso dom\u00e9stico. Oferece cuidados de pele de n\u00edvel profissional para o rosto e o corpo, adequados a v\u00e1rios tipos de pele e necessidades de tratamento.<\/p>\n<p data-start=\"2557\" data-end=\"2848\">O <strong data-start=\"2577\" data-end=\"2640\">M\u00e1quina 22D Anti-envelhecimento para Apertar o Rosto e Remover a Gordura Corporal<\/strong> oferece uma solu\u00e7\u00e3o eficaz para obter uma pele mais firme e suave e uma apar\u00eancia rejuvenescida. Com a sua tecnologia inovadora e design multifuncional, \u00e9 a escolha ideal para a ind\u00fastria da beleza atual.<\/p>","protected":false},"excerpt":{"rendered":"<p>O <strong data-start=\"48\" data-end=\"115\" data-is-only-node=\"\">22D M\u00e1quina de remo\u00e7\u00e3o de gordura corporal antienvelhecimento para apertar o rosto e reafirmar o corpo<\/strong> O aparelho elimina as rugas, aperta a pele e remove a gordura corporal. Com um design elegante e defini\u00e7\u00f5es personaliz\u00e1veis, utiliza tecnologia avan\u00e7ada para tratamentos faciais e corporais eficazes, deixando a pele mais suave, mais firme e rejuvenescida.<\/p>","protected":false},"featured_media":887,"template":"","meta":{"_kad_post_transparent":"default","_kad_post_title":"","_kad_post_layout":"default","_kad_post_sidebar_id":"","_kad_post_content_style":"default","_kad_post_vertical_padding":"default","_kad_post_feature":"","_kad_post_feature_position":"","_kad_post_header":false,"_kad_post_footer":false,"_kad_post_classname":""},"product_brand":[],"product_cat":[24],"product_tag":[94,102,97,110,98,95,108,105,101,106,107,100,109,99,103,104,96],"class_list":{"0":"post-728","1":"product","2":"type-product","3":"status-publish","4":"has-post-thumbnail","6":"product_cat-hifu","7":"product_tag-anti-aging","8":"product_tag-anti-aging-beauty-device","9":"product_tag-anti-aging-device","10":"product_tag-beauty-machine-for-face-and-body","11":"product_tag-body-contouring","12":"product_tag-body-fat-removal","13":"product_tag-collagen-boosting-machine","14":"product_tag-facial-rejuvenation","15":"product_tag-microcurrent-facial-machine","16":"product_tag-non-invasive-beauty-treatment","17":"product_tag-plasma-microcurrent-device","18":"product_tag-plasma-skin-therapy","19":"product_tag-skin-firming","20":"product_tag-skin-firming-machine","21":"product_tag-skin-tightening-machine","22":"product_tag-wrinkle-removal","23":"product_tag-wrinkle-treatment","25":"first","26":"instock","27":"shipping-taxable","28":"product-type-simple","29":"entry","30":"content-bg","31":"loop-entry"},"_links":{"self":[{"href":"https:\/\/novezabeauty.com\/pt\/wp-json\/wp\/v2\/product\/728","targetHints":{"allow":["GET"]}}],"collection":[{"href":"https:\/\/novezabeauty.com\/pt\/wp-json\/wp\/v2\/product"}],"about":[{"href":"https:\/\/novezabeauty.com\/pt\/wp-json\/wp\/v2\/types\/product"}],"version-history":[{"count":3,"href":"https:\/\/novezabeauty.com\/pt\/wp-json\/wp\/v2\/product\/728\/revisions"}],"predecessor-version":[{"id":1256,"href":"https:\/\/novezabeauty.com\/pt\/wp-json\/wp\/v2\/product\/728\/revisions\/1256"}],"wp:featuredmedia":[{"embeddable":true,"href":"https:\/\/novezabeauty.com\/pt\/wp-json\/wp\/v2\/media\/887"}],"wp:attachment":[{"href":"https:\/\/novezabeauty.com\/pt\/wp-json\/wp\/v2\/media?parent=728"}],"wp:term":[{"taxonomy":"product_brand","embeddable":true,"href":"https:\/\/novezabeauty.com\/pt\/wp-json\/wp\/v2\/product_brand?post=728"},{"taxonomy":"product_cat","embeddable":true,"href":"https:\/\/novezabeauty.com\/pt\/wp-json\/wp\/v2\/product_cat?post=728"},{"taxonomy":"product_tag","embeddable":true,"href":"https:\/\/novezabeauty.com\/pt\/wp-json\/wp\/v2\/product_tag?post=728"}],"curies":[{"name":"wp","href":"https:\/\/api.w.org\/{rel}","templated":true}]}}