 {"id":733,"date":"2025-07-07T13:20:48","date_gmt":"2025-07-07T13:20:48","guid":{"rendered":"https:\/\/novezabeauty.com\/?post_type=product&#038;p=733"},"modified":"2025-11-23T08:47:23","modified_gmt":"2025-11-23T08:47:23","slug":"hydrodermabrasion-hydro-aqua-facial-machine-for-clean-skin-rejuvenation-spa-equipment","status":"publish","type":"product","link":"https:\/\/novezabeauty.com\/pt\/hydrodermabrasion-hydro-aqua-facial-machine-for-clean-skin-rejuvenation-spa-equipment\/","title":{"rendered":"M\u00e1quina de hidrodermoabras\u00e3o e hidromassagem facial para rejuvenescimento da pele limpa Equipamento de spa"},"content":{"rendered":"<p data-start=\"221\" data-end=\"772\">O <strong data-start=\"244\" data-end=\"293\">M\u00e1quina multifuncional de tratamento da pele HydraFacial<\/strong> \u00e9 um sistema de cuidados da pele avan\u00e7ado e n\u00e3o invasivo, concebido para oferecer tratamentos faciais de n\u00edvel profissional em casa ou num spa. Combinando os benef\u00edcios da hidradermoabras\u00e3o, oxigenoterapia, ultra-sons, microcorrentes e terapia de luz LED, esta m\u00e1quina de beleza vers\u00e1til ajuda a limpar, esfoliar, hidratar e rejuvenescer a pele. \u00c9 a solu\u00e7\u00e3o perfeita para tratar uma s\u00e9rie de problemas de pele, incluindo r\u00eddulas, rugas, acne, pontos negros, tom de pele irregular e poros dilatados.<\/p>\n<h4 data-start=\"774\" data-end=\"796\"><strong data-start=\"779\" data-end=\"795\">Carater\u00edsticas principais<\/strong>:<\/h4>\n<ul data-start=\"797\" data-end=\"2787\">\n<li data-start=\"797\" data-end=\"1028\">\n<p data-start=\"799\" data-end=\"1028\"><strong data-start=\"799\" data-end=\"831\">Tecnologia de hidradermabras\u00e3o<\/strong>: Utiliza um processo de esfolia\u00e7\u00e3o suave \u00e0 base de \u00e1gua para remover as c\u00e9lulas mortas da pele e as impurezas, ao mesmo tempo que hidrata a pele. Limpa em profundidade sem abrasivos agressivos, o que o torna adequado para peles sens\u00edveis.<\/p>\n<\/li>\n<li data-start=\"1032\" data-end=\"1264\">\n<p data-start=\"1034\" data-end=\"1264\"><strong data-start=\"1034\" data-end=\"1058\">Dermoabras\u00e3o de diamante<\/strong>: Esta fun\u00e7\u00e3o utiliza pontas de diamante para remover as c\u00e9lulas mortas da pele, pontos negros e impurezas, deixando a sua pele suave e rejuvenescida. Tamb\u00e9m estimula a produ\u00e7\u00e3o de colag\u00e9nio para melhorar a elasticidade da pele ao longo do tempo.<\/p>\n<\/li>\n<li data-start=\"1268\" data-end=\"1447\">\n<p data-start=\"1270\" data-end=\"1447\"><strong data-start=\"1270\" data-end=\"1288\">Aspira\u00e7\u00e3o por v\u00e1cuo<\/strong>: Ajuda a eliminar os pontos negros, o excesso de oleosidade e as impurezas dos poros, ao mesmo tempo que promove uma melhor circula\u00e7\u00e3o sangu\u00ednea, o que melhora a sa\u00fade e o tom geral da pele.<\/p>\n<\/li>\n<li data-start=\"1449\" data-end=\"1669\">\n<p data-start=\"1451\" data-end=\"1669\"><strong data-start=\"1451\" data-end=\"1467\">Spray de oxig\u00e9nio<\/strong>: Infunde oxig\u00e9nio e s\u00e9runs nutritivos profundamente nas camadas da pele para melhorar a elasticidade da pele, reduzir as rugas e aumentar a hidrata\u00e7\u00e3o. Este passo ajuda a pele a recuperar e a brilhar com um aspeto jovem.<\/p>\n<\/li>\n<li data-start=\"1671\" data-end=\"1858\">\n<p data-start=\"1673\" data-end=\"1858\"><strong data-start=\"1673\" data-end=\"1687\">Ultrassom<\/strong>: Utiliza ondas sonoras de alta frequ\u00eancia para promover a absor\u00e7\u00e3o de s\u00e9runs e nutrientes, aumentando o metabolismo da pele e ajudando a reduzir as rugas, as r\u00eddulas e a flacidez da pele.<\/p>\n<\/li>\n<li data-start=\"1860\" data-end=\"2091\">\n<p data-start=\"1862\" data-end=\"2091\"><strong data-start=\"1862\" data-end=\"1886\">Terapia por microcorrentes<\/strong>: Estimula os m\u00fasculos faciais com correntes el\u00e9ctricas fracas, promovendo a tonifica\u00e7\u00e3o dos m\u00fasculos e o enrijecimento da pele. Esta carater\u00edstica reduz a apar\u00eancia de flacidez e encoraja uma textura de pele mais firme e suave.<\/p>\n<\/li>\n<li data-start=\"2093\" data-end=\"2433\">\n<p data-start=\"2095\" data-end=\"2207\"><strong data-start=\"2095\" data-end=\"2116\">Terapia de luz LED<\/strong>: Oferece tr\u00eas modos de luz diferentes (vermelho, azul e verde) para tratar v\u00e1rios problemas de pele:<\/p>\n<ul data-start=\"2210\" data-end=\"2433\">\n<li data-start=\"2210\" data-end=\"2290\">\n<p data-start=\"2212\" data-end=\"2290\"><strong data-start=\"2212\" data-end=\"2225\">Luz vermelha<\/strong>: Reduz as r\u00eddulas e as rugas e favorece a produ\u00e7\u00e3o de colag\u00e9nio.<\/p>\n<\/li>\n<li data-start=\"2293\" data-end=\"2366\">\n<p data-start=\"2295\" data-end=\"2366\"><strong data-start=\"2295\" data-end=\"2309\">Luz azul<\/strong>: Combate as bact\u00e9rias causadoras do acne e reduz a inflama\u00e7\u00e3o.<\/p>\n<\/li>\n<li data-start=\"2369\" data-end=\"2433\">\n<p data-start=\"2371\" data-end=\"2433\"><strong data-start=\"2371\" data-end=\"2386\">Luz verde<\/strong>: Uniformiza o tom da pele e reduz a pigmenta\u00e7\u00e3o.<\/p>\n<\/li>\n<\/ul>\n<\/li>\n<li data-start=\"2435\" data-end=\"2622\">\n<p data-start=\"2437\" data-end=\"2622\"><strong data-start=\"2437\" data-end=\"2463\">Interface de ecr\u00e3 t\u00e1til<\/strong>: A interface de ecr\u00e3 t\u00e1til personaliz\u00e1vel e f\u00e1cil de utilizar permite-lhe ajustar as defini\u00e7\u00f5es de cada fun\u00e7\u00e3o, assegurando um tratamento adaptado \u00e0s suas necessidades individuais.<\/p>\n<\/li>\n<li data-start=\"2624\" data-end=\"2787\">\n<p data-start=\"2626\" data-end=\"2787\"><strong data-start=\"2626\" data-end=\"2656\">Design compacto e elegante<\/strong>: O design elegante garante que o dispositivo se adapta perfeitamente a qualquer espa\u00e7o de tratamento de beleza, quer se trate de um sal\u00e3o, spa ou utiliza\u00e7\u00e3o em casa.<\/p>\n<\/li>\n<\/ul>\n<h4 data-start=\"2789\" data-end=\"2807\"><strong data-start=\"2794\" data-end=\"2806\">Benef\u00edcios<\/strong>:<\/h4>\n<ul data-start=\"2808\" data-end=\"3433\">\n<li data-start=\"2808\" data-end=\"2950\">\n<p data-start=\"2810\" data-end=\"2950\"><strong data-start=\"2810\" data-end=\"2839\">Cuidados faciais abrangentes<\/strong>: A m\u00e1quina oferece um tratamento facial completo que limpa, esfolia, hidrata e rejuvenesce a pele.<\/p>\n<\/li>\n<li data-start=\"2951\" data-end=\"3064\">\n<p data-start=\"2953\" data-end=\"3064\"><strong data-start=\"2953\" data-end=\"2979\">Tratamento n\u00e3o invasivo<\/strong>: Proporciona uma abordagem indolor e n\u00e3o cir\u00fargica ao rejuvenescimento facial e aos cuidados da pele.<\/p>\n<\/li>\n<li data-start=\"3065\" data-end=\"3162\">\n<p data-start=\"3067\" data-end=\"3162\"><strong data-start=\"3067\" data-end=\"3086\">Resultados vis\u00edveis<\/strong>: Reduz as r\u00eddulas, o acne, os pontos negros e promove uma pele jovem e luminosa.<\/p>\n<\/li>\n<li data-start=\"3163\" data-end=\"3319\">\n<p data-start=\"3165\" data-end=\"3319\"><strong data-start=\"3165\" data-end=\"3196\">Adequado para todos os tipos de pele<\/strong>: Quer tenha uma pele oleosa, seca, mista ou sens\u00edvel, esta m\u00e1quina proporciona um cuidado suave mas eficaz para todos.<\/p>\n<\/li>\n<li data-start=\"3320\" data-end=\"3433\">\n<p data-start=\"3322\" data-end=\"3433\"><strong data-start=\"3322\" data-end=\"3356\">Melhora a textura e o tom da pele<\/strong>: A combina\u00e7\u00e3o de tratamentos promove um tom de pele suave, claro e uniforme.<\/p>\n<\/li>\n<\/ul>\n<h4 data-start=\"3435\" data-end=\"3457\"><strong data-start=\"3440\" data-end=\"3456\">Aplica\u00e7\u00f5es<\/strong>:<\/h4>\n<ul data-start=\"3458\" data-end=\"4063\">\n<li data-start=\"3458\" data-end=\"3603\">\n<p data-start=\"3460\" data-end=\"3603\"><strong data-start=\"3460\" data-end=\"3483\">Rejuvenescimento facial<\/strong>: Estimula a produ\u00e7\u00e3o de colag\u00e9nio e elastina, ajudando a reduzir os sinais de envelhecimento e deixando a pele mais firme e suave.<\/p>\n<\/li>\n<li data-start=\"3604\" data-end=\"3737\">\n<p data-start=\"3606\" data-end=\"3737\"><strong data-start=\"3606\" data-end=\"3636\">Tratamento da acne e dos pontos negros<\/strong>: A suc\u00e7\u00e3o a v\u00e1cuo, a microcorrente e o spray de oxig\u00e9nio ajudam a desobstruir os poros e a reduzir a acne e os pontos negros.<\/p>\n<\/li>\n<li data-start=\"3738\" data-end=\"3840\">\n<p data-start=\"3740\" data-end=\"3840\"><strong data-start=\"3740\" data-end=\"3754\">Anti-envelhecimento<\/strong>: Com uma utiliza\u00e7\u00e3o regular, o aparelho reduz visivelmente as rugas, as r\u00eddulas e a flacidez da pele.<\/p>\n<\/li>\n<li data-start=\"3841\" data-end=\"3934\">\n<p data-start=\"3843\" data-end=\"3934\"><strong data-start=\"3843\" data-end=\"3861\">Hidrata\u00e7\u00e3o da pele<\/strong>: Rep\u00f5e e hidrata a pele, tornando-a macia, suave e luminosa.<\/p>\n<\/li>\n<li data-start=\"3935\" data-end=\"4063\">\n<p data-start=\"3937\" data-end=\"4063\"><strong data-start=\"3937\" data-end=\"3960\">Cuidados com a pele sens\u00edvel<\/strong>: A tecnologia de hidradermoabras\u00e3o suave e n\u00e3o abrasiva \u00e9 segura mesmo para os tipos de pele mais sens\u00edveis.<\/p>\n<\/li>\n<\/ul>","protected":false},"excerpt":{"rendered":"<p>O <strong>M\u00e1quina de tratamento da pele HydraFacial<\/strong> oferece tratamentos faciais de n\u00edvel profissional em casa. Com hidradermoabras\u00e3o, terapia por microcorrentes, ultra-sons e luz LED, limpa, esfolia, hidrata e rejuvenesce a pele, reduzindo as rugas e o acne e promovendo uma tez jovem e luminosa.<\/p>","protected":false},"featured_media":880,"template":"","meta":{"_kad_post_transparent":"default","_kad_post_title":"","_kad_post_layout":"default","_kad_post_sidebar_id":"","_kad_post_content_style":"default","_kad_post_vertical_padding":"default","_kad_post_feature":"","_kad_post_feature_position":"","_kad_post_header":false,"_kad_post_footer":false,"_kad_post_classname":""},"product_brand":[],"product_cat":[20],"product_tag":[124,123,125,111,120,127,121,128,122,126],"class_list":{"0":"post-733","1":"product","2":"type-product","3":"status-publish","4":"has-post-thumbnail","6":"product_cat-hydra-facial","7":"product_tag-acne-treatment-machine","8":"product_tag-anti-aging-skincare","9":"product_tag-facial-hydration-device","10":"product_tag-home-beauty-device","11":"product_tag-hydrafacial","12":"product_tag-led-light-therapy","13":"product_tag-microcurrent-skin-therapy","14":"product_tag-pore-cleansing-device","15":"product_tag-skin-rejuvenation-machine","16":"product_tag-spa-treatment-equipment","18":"first","19":"instock","20":"shipping-taxable","21":"product-type-simple","22":"entry","23":"content-bg","24":"loop-entry"},"_links":{"self":[{"href":"https:\/\/novezabeauty.com\/pt\/wp-json\/wp\/v2\/product\/733","targetHints":{"allow":["GET"]}}],"collection":[{"href":"https:\/\/novezabeauty.com\/pt\/wp-json\/wp\/v2\/product"}],"about":[{"href":"https:\/\/novezabeauty.com\/pt\/wp-json\/wp\/v2\/types\/product"}],"version-history":[{"count":2,"href":"https:\/\/novezabeauty.com\/pt\/wp-json\/wp\/v2\/product\/733\/revisions"}],"predecessor-version":[{"id":1258,"href":"https:\/\/novezabeauty.com\/pt\/wp-json\/wp\/v2\/product\/733\/revisions\/1258"}],"wp:featuredmedia":[{"embeddable":true,"href":"https:\/\/novezabeauty.com\/pt\/wp-json\/wp\/v2\/media\/880"}],"wp:attachment":[{"href":"https:\/\/novezabeauty.com\/pt\/wp-json\/wp\/v2\/media?parent=733"}],"wp:term":[{"taxonomy":"product_brand","embeddable":true,"href":"https:\/\/novezabeauty.com\/pt\/wp-json\/wp\/v2\/product_brand?post=733"},{"taxonomy":"product_cat","embeddable":true,"href":"https:\/\/novezabeauty.com\/pt\/wp-json\/wp\/v2\/product_cat?post=733"},{"taxonomy":"product_tag","embeddable":true,"href":"https:\/\/novezabeauty.com\/pt\/wp-json\/wp\/v2\/product_tag?post=733"}],"curies":[{"name":"wp","href":"https:\/\/api.w.org\/{rel}","templated":true}]}}