 {"id":739,"date":"2025-07-08T03:47:34","date_gmt":"2025-07-08T03:47:34","guid":{"rendered":"https:\/\/novezabeauty.com\/?post_type=product&#038;p=739"},"modified":"2025-11-23T08:40:00","modified_gmt":"2025-11-23T08:40:00","slug":"gold-radio-frequency-microcrystalline-skin-rejuvenation-device","status":"publish","type":"product","link":"https:\/\/novezabeauty.com\/pt\/gold-radio-frequency-microcrystalline-skin-rejuvenation-device\/","title":{"rendered":"Dispositivo de rejuvenescimento da pele microcristalino de radiofrequ\u00eancia de ouro"},"content":{"rendered":"<p data-start=\"114\" data-end=\"251\"><strong data-start=\"114\" data-end=\"251\">Dispositivo de rejuvenescimento da pele microcristalino de radiofrequ\u00eancia de ouro - Remo\u00e7\u00e3o de rugas, endurecimento da pele, tratamento de cicatrizes de acne e estrias<\/strong><\/p>\n<p data-start=\"274\" data-end=\"613\"><strong data-start=\"274\" data-end=\"613\">Obtenha uma pele mais suave e firme com o aparelho de rejuvenescimento da pele Gold Radio Frequency Microcrystalline. Combinando a tecnologia microcristalina com a energia de radiofrequ\u00eancia, este dispositivo visa eficazmente as rugas, cicatrizes de acne, estrias e tom de pele irregular. Perfeito para o rejuvenescimento facial, o endurecimento da pele e a melhoria geral da textura da pele.<\/strong><\/p>\n<p data-start=\"640\" data-end=\"1033\">O nosso aparelho de rejuvenescimento da pele Gold Radio Frequency Microcrystalline \u00e9 uma solu\u00e7\u00e3o de beleza inovadora que combina tecnologia microcristalina avan\u00e7ada com energia de radiofrequ\u00eancia (RF). Concebido para proporcionar uma estimula\u00e7\u00e3o profunda da pele, promove a produ\u00e7\u00e3o de colag\u00e9nio e melhora a firmeza da pele, ao mesmo tempo que trata eficazmente v\u00e1rios problemas de pele. Eis as principais carater\u00edsticas e vantagens deste dispositivo:<\/p>\n<h4 data-start=\"1035\" data-end=\"1071\">1. <strong data-start=\"1043\" data-end=\"1071\">Repara\u00e7\u00e3o profunda e precisa da pele<\/strong><\/h4>\n<p data-start=\"1072\" data-end=\"1353\">As pontas microcristalinas penetram na barreira cut\u00e2nea, estimulando a produ\u00e7\u00e3o de colag\u00e9nio e elastina nas camadas mais profundas da pele. O aparelho permite ajustar a profundidade de penetra\u00e7\u00e3o e a intensidade da energia RF, garantindo tratamentos precisos que satisfazem as suas necessidades individuais.<\/p>\n<h4 data-start=\"1355\" data-end=\"1403\">2. <strong data-start=\"1363\" data-end=\"1403\">Eficaz para v\u00e1rios problemas de pele<\/strong><\/h4>\n<p data-start=\"1404\" data-end=\"1690\">Quer esteja a lidar com rugas, p\u00e9s de galinha, pele fl\u00e1cida, cicatrizes de acne, estrias ou poros dilatados, este dispositivo pode ajudar. Combinando os benef\u00edcios da energia de radiofrequ\u00eancia e da tecnologia microcristalina, torna a pele mais firme, reduz o aparecimento de rugas e melhora a textura da pele.<\/p>\n<h4 data-start=\"1692\" data-end=\"1725\">3. <strong data-start=\"1700\" data-end=\"1725\">Seguro e n\u00e3o invasivo<\/strong><\/h4>\n<p data-start=\"1726\" data-end=\"2082\">Ao contr\u00e1rio dos tratamentos tradicionais, o dispositivo Gold RF Microcrystalline utiliza uma cabe\u00e7a de microcristais isolada especialmente concebida para evitar danificar a epiderme. A energia RF \u00e9 fornecida na profundidade de tratamento correta sem causar danos t\u00e9rmicos na superf\u00edcie da pele. Isto garante a aus\u00eancia de crostas ou descolora\u00e7\u00e3o ap\u00f3s o tratamento, e o tempo de recupera\u00e7\u00e3o \u00e9 m\u00ednimo.<\/p>\n<h4 data-start=\"2084\" data-end=\"2116\">4. <strong data-start=\"2092\" data-end=\"2116\">Resultados duradouros<\/strong><\/h4>\n<p data-start=\"2117\" data-end=\"2353\">Os resultados vis\u00edveis podem ser observados ap\u00f3s apenas uma sess\u00e3o e, com a utiliza\u00e7\u00e3o continuada, os benef\u00edcios duram entre 3 a 6 anos. A textura da pele melhora ao longo do tempo, com as rugas profundas e a flacidez a serem significativamente reduzidas ap\u00f3s v\u00e1rios tratamentos.<\/p>\n<h4 data-start=\"2355\" data-end=\"2393\">5. <strong data-start=\"2363\" data-end=\"2393\">Personaliz\u00e1vel e vers\u00e1til<\/strong><\/h4>\n<p data-start=\"2394\" data-end=\"2735\">Este dispositivo oferece uma variedade de modos para se adequar a diferentes \u00e1reas de tratamento, incluindo o rosto, o pesco\u00e7o e o abd\u00f3men. Quer se trate de anti-envelhecimento, cicatrizes de acne ou estrias, pode personalizar a profundidade do tratamento e a intensidade de RF de acordo com as suas necessidades espec\u00edficas. A interface intuitiva facilita a utiliza\u00e7\u00e3o pelos utilizadores, mesmo em casa.<\/p>\n<h4 data-start=\"2737\" data-end=\"2771\">6. <strong data-start=\"2745\" data-end=\"2771\">Especifica\u00e7\u00f5es do dispositivo:<\/strong><\/h4>\n<ul data-start=\"2772\" data-end=\"3128\">\n<li data-start=\"2772\" data-end=\"2803\">\n<p data-start=\"2774\" data-end=\"2803\"><strong data-start=\"2774\" data-end=\"2794\">Frequ\u00eancia de sa\u00edda<\/strong>: 2-4 MHz<\/p>\n<\/li>\n<li data-start=\"2804\" data-end=\"2831\">\n<p data-start=\"2806\" data-end=\"2831\"><strong data-start=\"2806\" data-end=\"2822\">Pot\u00eancia de sa\u00edda<\/strong>: 10-200W<\/p>\n<\/li>\n<li data-start=\"2832\" data-end=\"2913\">\n<p data-start=\"2834\" data-end=\"2913\"><strong data-start=\"2834\" data-end=\"2861\">Tipos de sondas terap\u00eauticas<\/strong>: 10 pinos, 25 pinos, 64 pinos, Nano pinos (intercambi\u00e1veis)<\/p>\n<\/li>\n<li data-start=\"2914\" data-end=\"2957\">\n<p data-start=\"2916\" data-end=\"2957\"><strong data-start=\"2916\" data-end=\"2933\">Tens\u00e3o de entrada<\/strong>: AC 110V~220V~50Hz\/60Hz<\/p>\n<\/li>\n<li data-start=\"2958\" data-end=\"3019\">\n<p data-start=\"2960\" data-end=\"3019\"><strong data-start=\"2960\" data-end=\"2988\">Zonas de tratamento adequadas<\/strong>: Rosto, pesco\u00e7o, abd\u00f3men e muito mais<\/p>\n<\/li>\n<li data-start=\"3020\" data-end=\"3128\">\n<p data-start=\"3022\" data-end=\"3128\"><strong data-start=\"3022\" data-end=\"3040\">Aplic\u00e1vel a<\/strong>: Utilizadores com flacidez da pele, rugas, cicatrizes de acne, estrias e outros problemas de pele.<\/p>\n<\/li>\n<\/ul>\n<h4 data-start=\"3130\" data-end=\"3165\">7. <strong data-start=\"3138\" data-end=\"3165\">Problemas de pele aplic\u00e1veis:<\/strong><\/h4>\n<ul data-start=\"3166\" data-end=\"3639\">\n<li data-start=\"3166\" data-end=\"3285\">\n<p data-start=\"3168\" data-end=\"3285\"><strong data-start=\"3168\" data-end=\"3196\">Rugas e p\u00e9s de galinha<\/strong>: Reduz eficazmente as rugas do rosto e do pesco\u00e7o, devolvendo \u00e0 pele uma textura suave e firme.<\/p>\n<\/li>\n<li data-start=\"3286\" data-end=\"3395\">\n<p data-start=\"3288\" data-end=\"3395\"><strong data-start=\"3288\" data-end=\"3305\">Estrias<\/strong>: Reduz o aparecimento de estrias, especialmente no abd\u00f3men, com uma utiliza\u00e7\u00e3o consistente.<\/p>\n<\/li>\n<li data-start=\"3396\" data-end=\"3517\">\n<p data-start=\"3398\" data-end=\"3517\"><strong data-start=\"3398\" data-end=\"3425\">Cicatrizes de acne e cicatrizes<\/strong>: Melhora o aspeto das cicatrizes de acne e de outros tipos de cicatrizes, promovendo a cicatriza\u00e7\u00e3o da pele.<\/p>\n<\/li>\n<li data-start=\"3518\" data-end=\"3639\">\n<p data-start=\"3520\" data-end=\"3639\"><strong data-start=\"3520\" data-end=\"3552\">Poros dilatados e pele ba\u00e7a<\/strong>: Diminui os poros, uniformiza o tom da pele e melhora a luminosidade e a clareza da pele em geral.<\/p>\n<\/li>\n<\/ul>\n<h4 data-start=\"3641\" data-end=\"3681\">8. <strong data-start=\"3649\" data-end=\"3681\">Princ\u00edpio de funcionamento e efeitos:<\/strong><\/h4>\n<ul data-start=\"3682\" data-end=\"4186\">\n<li data-start=\"3682\" data-end=\"3851\">\n<p data-start=\"3684\" data-end=\"3851\"><strong data-start=\"3684\" data-end=\"3725\">Esfolia\u00e7\u00e3o f\u00edsica microcristalina<\/strong>: As pontas microcristalinas rompem a barreira cut\u00e2nea, limpando os poros e permitindo que a pele absorva melhor os tratamentos.<\/p>\n<\/li>\n<li data-start=\"3852\" data-end=\"4046\">\n<p data-start=\"3854\" data-end=\"4046\"><strong data-start=\"3854\" data-end=\"3872\">RF de alta energia<\/strong>: A energia de radiofrequ\u00eancia penetra profundamente na derme, estimulando a produ\u00e7\u00e3o de colag\u00e9nio, elastina e \u00e1cido hialur\u00f3nico, o que conduz a uma pele mais preenchida, hidratada e sem rugas.<\/p>\n<\/li>\n<li data-start=\"4047\" data-end=\"4186\">\n<p data-start=\"4049\" data-end=\"4186\"><strong data-start=\"4049\" data-end=\"4073\">Administra\u00e7\u00e3o transd\u00e9rmica<\/strong>: Os canais microcristalinos melhoram a absor\u00e7\u00e3o dos tratamentos personalizados, melhorando os resultados globais.<\/p>\n<\/li>\n<\/ul>\n<h4 data-start=\"4188\" data-end=\"4220\">9. <strong data-start=\"4196\" data-end=\"4220\">Cuidados p\u00f3s-tratamento:<\/strong><\/h4>\n<ul data-start=\"4221\" data-end=\"4663\">\n<li data-start=\"4221\" data-end=\"4381\">\n<p data-start=\"4223\" data-end=\"4381\"><strong data-start=\"4223\" data-end=\"4244\">Contra-indica\u00e7\u00f5es<\/strong>: N\u00e3o recomendado para utilizadores com infec\u00e7\u00f5es cut\u00e2neas, doen\u00e7as de pele (exceto acne), dist\u00farbios hemorr\u00e1gicos, gravidez, pacemakers ou cancro de pele.<\/p>\n<\/li>\n<li data-start=\"4382\" data-end=\"4663\">\n<p data-start=\"4384\" data-end=\"4663\"><strong data-start=\"4384\" data-end=\"4397\">Cuidados posteriores<\/strong>: Evitar o contacto com a \u00e1gua durante 24 horas ap\u00f3s o tratamento. Aplicar produtos reparadores para promover a recupera\u00e7\u00e3o da pele, evitar a exposi\u00e7\u00e3o solar e abster-se de actividades extenuantes durante um curto per\u00edodo de tempo. O consumo de \u00e1lcool deve ser evitado, uma vez que pode interferir com o processo de cicatriza\u00e7\u00e3o.<\/p>\n<\/li>\n<\/ul>\n<p data-start=\"4665\" data-end=\"5013\">O aparelho de rejuvenescimento da pele Gold Radio Frequency Microcrystalline oferece uma solu\u00e7\u00e3o inovadora e segura para o rejuvenescimento n\u00e3o invasivo da pele. Quer pretenda combater os sinais de envelhecimento, reduzir cicatrizes ou simplesmente melhorar a textura da pele, este aparelho proporciona resultados duradouros e vis\u00edveis. Ideal para utiliza\u00e7\u00e3o em casa ou em cl\u00ednicas de est\u00e9tica profissionais.<\/p>","protected":false},"excerpt":{"rendered":"<p>Obtenha uma pele mais firme e jovem com o <strong data-start=\"1071\" data-end=\"1120\">Equipamento de beleza para uso dom\u00e9stico M\u00e1quina de secret\u00e1ria SPA<\/strong>. Ideal para reafirmar o rosto, reduzir as rugas e rejuvenescer a pele, esta m\u00e1quina oferece resultados profissionais em casa.<\/p>\n<p>&nbsp;<\/p>","protected":false},"featured_media":875,"template":"","meta":{"_kad_post_transparent":"default","_kad_post_title":"","_kad_post_layout":"default","_kad_post_sidebar_id":"","_kad_post_content_style":"default","_kad_post_vertical_padding":"default","_kad_post_feature":"","_kad_post_feature_position":"","_kad_post_header":false,"_kad_post_footer":false,"_kad_post_classname":""},"product_brand":[],"product_cat":[23],"product_tag":[113,118,112,119,111,117,116,115,103,114],"class_list":{"0":"post-739","1":"product","2":"type-product","3":"status-publish","4":"has-post-thumbnail","6":"product_cat-micro-needle","7":"product_tag-anti-aging-equipment","8":"product_tag-beauty-machine-for-face","9":"product_tag-facial-firming-machine","10":"product_tag-facial-treatment-device","11":"product_tag-home-beauty-device","12":"product_tag-home-spa-equipment","13":"product_tag-microcurrent-therapy","14":"product_tag-skin-rejuvenation","15":"product_tag-skin-tightening-machine","16":"product_tag-wrinkle-reduction","18":"first","19":"instock","20":"shipping-taxable","21":"product-type-simple","22":"entry","23":"content-bg","24":"loop-entry"},"_links":{"self":[{"href":"https:\/\/novezabeauty.com\/pt\/wp-json\/wp\/v2\/product\/739","targetHints":{"allow":["GET"]}}],"collection":[{"href":"https:\/\/novezabeauty.com\/pt\/wp-json\/wp\/v2\/product"}],"about":[{"href":"https:\/\/novezabeauty.com\/pt\/wp-json\/wp\/v2\/types\/product"}],"version-history":[{"count":2,"href":"https:\/\/novezabeauty.com\/pt\/wp-json\/wp\/v2\/product\/739\/revisions"}],"predecessor-version":[{"id":1257,"href":"https:\/\/novezabeauty.com\/pt\/wp-json\/wp\/v2\/product\/739\/revisions\/1257"}],"wp:featuredmedia":[{"embeddable":true,"href":"https:\/\/novezabeauty.com\/pt\/wp-json\/wp\/v2\/media\/875"}],"wp:attachment":[{"href":"https:\/\/novezabeauty.com\/pt\/wp-json\/wp\/v2\/media?parent=739"}],"wp:term":[{"taxonomy":"product_brand","embeddable":true,"href":"https:\/\/novezabeauty.com\/pt\/wp-json\/wp\/v2\/product_brand?post=739"},{"taxonomy":"product_cat","embeddable":true,"href":"https:\/\/novezabeauty.com\/pt\/wp-json\/wp\/v2\/product_cat?post=739"},{"taxonomy":"product_tag","embeddable":true,"href":"https:\/\/novezabeauty.com\/pt\/wp-json\/wp\/v2\/product_tag?post=739"}],"curies":[{"name":"wp","href":"https:\/\/api.w.org\/{rel}","templated":true}]}}